{"id":19485,"date":"2018-07-10T06:54:42","date_gmt":"2018-07-10T06:54:42","guid":{"rendered":"http:\/\/testwordpress.nirmalnagari.org\/smnd\/index.php\/holistic-health\/"},"modified":"2026-04-11T11:28:24","modified_gmt":"2026-04-11T11:28:24","slug":"holistic-health","status":"publish","type":"page","link":"https:\/\/shrimataji.org\/test\/hu\/holistic-health\/","title":{"rendered":"Holisztikus eg\u00e9szs\u00e9g"},"content":{"rendered":"\n\n\t<h1>Holisztikus eg\u00e9szs\u00e9g<\/h1>\n<h2>A bels\u0151 gy\u00f3gyul\u00e1s finom tudom\u00e1nya<\/h2>\n\t<h4>B\u00e1r sok szempontb\u00f3l el\u0151ny\u00f6s, a hagyom\u00e1nyos nyugati orvosl\u00e1s gyakran kudarcot vall a pszichoszomatikus \u00e9s pszichi\u00e1triai rendelleness\u00e9gek m\u00e9lyrehat\u00f3 \u00e9s hossz\u00fa t\u00e1v\u00fa kezel\u00e9s\u00e9ben, mivel a t\u00fcneteket kezeli az okok helyett, \u00e9s ezeket k\u00fcl\u00f6n-k\u00fcl\u00f6n kezeli, ahelyett, hogy az eg\u00e9sz szervezet \u00f6sszef\u00fcgg\u00e9seiben vizsg\u00e1ln\u00e1.<\/h4>\n\t<p>Shri Mataji \u00e9vekig tanult orvosl\u00e1st, m\u00edgnem India feloszt\u00e1sa ut\u00e1ni politikai esem\u00e9nyek arra k\u00e9nyszer\u00edtett\u00e9k, hogy felhagyjon a tanulm\u00e1nyaival. Holisztikus hagyom\u00e1nyaib\u00f3l fakad\u00f3an, amely elismerte a spiritualit\u00e1s \u00e9s az eg\u00e9szs\u00e9g k\u00f6z\u00f6tti kapcsolatot, Shri Mataji id\u0151t szentelt a medit\u00e1ci\u00f3nak, \u00e9s annak a testre \u00e9s az elm\u00e9re gyakorolt \u200b\u200bhat\u00e1s\u00e1inak megfigyel\u00e9s\u00e9re.<\/p>\n\t<p>Shri Mataji e folyamat sor\u00e1n nemcsak \u00fajra felfedezte az emberi testet ir\u00e1ny\u00edt\u00f3 csatorn\u00e1kb\u00f3l \u00e9s idegfonatokb\u00f3l \u00e1ll\u00f3 finom energetikai rendszert, hanem felismerte a rendszer kulcs\u00e1t is: egy t\u00e1pl\u00e1l\u00f3, n\u0151i energi\u00e1t, amelyre az \u0151si indiai szent\u00edr\u00e1sok Kundalinik\u00e9nt utalnak. Shri Mataji az emberi viselked\u00e9st \u00e9s annak hat\u00e1s\u00e1t vizsg\u00e1lta erre az energi\u00e1ra \u00e9s a finomrendszerre. Megfigyelte, hogyan vezet az egyens\u00faly\u00e1t vesztett viselked\u00e9s fizikai, ment\u00e1lis vagy \u00e9rzelmi sz\u00e9ls\u0151s\u00e9gekhez, ami eg\u00e9szs\u00e9g\u00fcgyi probl\u00e9m\u00e1khoz okozhat.<\/p>\n<p>Shri Mataji hangs\u00falyozta, hogy b\u00e1r gy\u00f3gy\u00edt\u00f3 ereje van, a Sahaja J\u00f3ga c\u00e9lja nem a gy\u00f3gy\u00edt\u00e1s, hanem az emberekben az \u00f6nmegval\u00f3sul\u00e1son kereszt\u00fcl fel\u00e9breszteni ezt az energi\u00e1t \u00e9s tudatoss\u00e1got.<\/p>\n\t<div class=\"su-quote su-quote-style-default\"><div class=\"su-quote-inner su-u-clearfix su-u-trim\">&#8230;Ez a Kundalini, amikor \u00e1thalad ezen a hat k\u00f6zponton, megvil\u00e1gos\u00edtja ezeket a k\u00f6zpontokat, t\u00e1pl\u00e1lja ezeket a k\u00f6zpontokat \u00e9s integr\u00e1lja \u0151ket &#8211; \u00edgy \u00f6sszess\u00e9g\u00e9ben minden rendben lesz. Nem \u00fagy van, hogy a test egyik r\u00e9sz\u00e9t kezelik, a m\u00e1sikat pedig elhanyagolj\u00e1k &#8211; \u00f6sszess\u00e9g\u00e9ben, a teljes egyens\u00falyban. \u00c9s az egyens\u00faly k\u00f6zponti \u00fatj\u00e1ra helyez benneteket.<\/div><\/div>\n\t\t<iframe loading=\"lazy\" title=\"Holistic Health\" width=\"1920\" height=\"1080\" src=\"https:\/\/www.youtube.com\/embed\/7g9itxwuKiU?feature=oembed\" frameborder=\"0\" allow=\"accelerometer; autoplay; clipboard-write; encrypted-media; gyroscope; picture-in-picture; web-share\" allowfullscreen><\/iframe>\t\n\t<p>Konferenci\u00e1in Shri Mataji hipot\u00e9zisk\u00e9nt mutatta be ezt a bels\u0151 energiarendszert, arra \u00f6szt\u00f6n\u00f6zve a nyilv\u00e1noss\u00e1got, hogy ne vakon fogadj\u00e1k el, hanem nyitott elm\u00e9vel tesztelj\u00e9k. Ennek eredm\u00e9nyek\u00e9nt egyre t\u00f6bb orvos \u00e9s tud\u00f3s, akik a Sahaja J\u00f3g\u00e1t gyakorolj\u00e1k \u00e9s jelent\u0151s javul\u00e1st tapasztalnak szem\u00e9lyes eg\u00e9szs\u00e9gi \u00e1llapotukban, tudom\u00e1nyos tanulm\u00e1nyokat v\u00e9geztek k\u00fcl\u00f6nb\u00f6z\u0151 orsz\u00e1gokban. Eredm\u00e9nyeiket lektor\u00e1lt orvosi foly\u00f3iratokban publik\u00e1lt\u00e1k.<\/p>\n\t<p>Dr. Ramesh Manocha, ausztr\u00e1l h\u00e1ziorvos \u00e9s kutat\u00f3 a sydney-i Royal Hospital for Women Term\u00e9szetgy\u00f3gy\u00e1szati \u200b\u200bOszt\u00e1ly\u00e1n, <a href=\"https:\/\/researchingmeditation.org\/meditation-research-summary\/\">meggy\u0151z\u0151 eredm\u00e9nyekr\u0151l sz\u00e1molt be a Sahaja J\u00f3ga medit\u00e1ci\u00f3 hat\u00e1sair\u00f3l<\/a>\u00a0olyan rendelleness\u00e9gek kezel\u00e9s\u00e9ben \u00e9s megel\u0151z\u00e9s\u00e9ben, mint a magas v\u00e9rnyom\u00e1s, a menopauz\u00e1val \u00f6sszef\u00fcgg\u0151 rendelleness\u00e9gek <a href=\"#citstion-note-1\">[1]<\/a>, a stresszel \u00f6sszef\u00fcgg\u0151 t\u00fcnetek <a href=\"#citation-note-2\">[2]<\/a>, az ADHD <a href=\"#citation-note-3\">[3]<\/a> \u00e9s az asztma <a href=\"#citation-note-4\">[4]<\/a>. A Sahaja J\u00f3ga medit\u00e1ci\u00f3 sor\u00e1n kialakul\u00f3 ment\u00e1lis csend Dr. Manocha szerint \u201eegyedi fiziol\u00f3giai aktivit\u00e1si mint\u00e1zattal f\u00fcgg \u00f6ssze&#8221;.<\/p>\n<p>Dr Ramocha le\u00edrta, hogy a sz\u00e1mos medit\u00e1ci\u00f3s m\u00f3dszer \u00e9s relax\u00e1ci\u00f3s technika k\u00f6z\u00fcl csak a Sahaja J\u00f3ga medit\u00e1ci\u00f3 bizonyult hat\u00e9konynak ter\u00e1pi\u00e1s hat\u00e1sok tekintet\u00e9ben.<\/p>\n\t<div class=\"epyt-video-wrapper\"><div  data-ep-a=\"fadeIn\"  style=\"display: block; margin: 0px auto;\"  id=\"_ytid_87883\"  width=\"3840\" height=\"2160\"  data-origwidth=\"3840\" data-origheight=\"2160\" data-facadesrc=\"https:\/\/www.youtube.com\/embed\/itvKZ5WxrFs?enablejsapi=1&autoplay=0&cc_load_policy=0&cc_lang_pref=&iv_load_policy=1&loop=0&rel=0&fs=1&playsinline=1&autohide=2&theme=dark&color=red&controls=1&disablekb=0&\" class=\"__youtube_prefs__ epyt-facade  no-lazyload\" data-epautoplay=\"1\" ><img decoding=\"async\" data-spai-excluded=\"true\" class=\"epyt-facade-poster skip-lazy\" loading=\"lazy\"  alt=\"YouTube player\"  src=\"https:\/\/i.ytimg.com\/vi\/itvKZ5WxrFs\/maxresdefault.jpg\"  \/><button class=\"epyt-facade-play\" aria-label=\"Play\"><svg data-no-lazy=\"1\" height=\"100%\" version=\"1.1\" viewBox=\"0 0 68 48\" width=\"100%\"><path class=\"ytp-large-play-button-bg\" d=\"M66.52,7.74c-0.78-2.93-2.49-5.41-5.42-6.19C55.79,.13,34,0,34,0S12.21,.13,6.9,1.55 C3.97,2.33,2.27,4.81,1.48,7.74C0.06,13.05,0,24,0,24s0.06,10.95,1.48,16.26c0.78,2.93,2.49,5.41,5.42,6.19 C12.21,47.87,34,48,34,48s21.79-0.13,27.1-1.55c2.93-0.78,4.64-3.26,5.42-6.19C67.94,34.95,68,24,68,24S67.94,13.05,66.52,7.74z\" fill=\"#f00\"><\/path><path d=\"M 45,24 27,14 27,34\" fill=\"#fff\"><\/path><\/svg><\/button><\/div><\/div><span itemprop=\"video\" itemscope itemtype=\"http:\/\/schema.org\/VideoObject\"><meta itemprop=\"embedUrl\" content=\"https:\/\/www.youtube.com\/embed\/itvKZ5WxrFs\"><meta itemprop=\"name\" content=\"Meditation Study Finds Improvement\"><meta itemprop=\"description\" content=\"In an Australian television news report, a quality-of-life study finds that short periods of daily meditation can significantly improve a person&#039;s mental health. Meditation appears to give people a protective effect. Those who have been meditating for two years are more than ten percent better off than non-meditators. Those who do not drink or smoke had even better mental health. More videos at: http:\/\/ShriMataji.org ~ A Life Dedicated to Humanity ~\"><meta itemprop=\"thumbnailUrl\" content=\"https:\/\/i.ytimg.com\/vi\/itvKZ5WxrFs\/0.jpg\"><meta itemprop=\"duration\" content=\"PT1M43S\"><meta itemprop=\"uploadDate\" content=\"2020-07-20T00:07:33Z\"><\/span>\n\t<p>1996-ban Shri Mataji megalap\u00edtotta a Nemzetk\u00f6zi Sahaja J\u00f3ga Kutat\u00f3- \u00e9s Eg\u00e9szs\u00e9g\u00fcgyi K\u00f6zpontot Belapurban, Mumbai k\u00f6zel\u00e9ben, Indi\u00e1ban. A klinika az\u00f3ta is helyi \u00e9s nemzetk\u00f6zi betegeket l\u00e1t el, akiket Sahaja J\u00f3ga technik\u00e1kkal diagnosztiz\u00e1lnak \u00e9s kezelnek a hagyom\u00e1nyos ajurv\u00e9dikus \u00e9s allop\u00e1ti\u00e1s orvosi ell\u00e1t\u00e1s mellett. Az Eg\u00e9szs\u00e9g\u00fcgyi K\u00f6zpontban v\u00e9gzett medit\u00e1ci\u00f3s kezel\u00e9s jelent\u0151s javul\u00e1st hozott az \u00e9letmin\u0151s\u00e9gben, a szorong\u00e1s cs\u00f6kken\u00e9s\u00e9ben \u00e9s a v\u00e9rnyom\u00e1s szab\u00e1lyoz\u00e1s\u00e1ban a hagyom\u00e1nyos nyugati orvosl\u00e1shoz k\u00e9pest. <a href=\"#citation-note-5\" data-cp-link=\"1\">[5]<\/a><\/p>\n\t<p>Shri Mataji az emberi finom idegrendszert egy ford\u00edtott f\u00e1nak \u00edrta le, amelynek gy\u00f6kerei az agyban, \u00e1gai \u00e9s gy\u00fcm\u00f6lcsei pedig a testben tal\u00e1lhat\u00f3k. A test energiarendszer\u00e9nek gy\u00f6kerei az agyban vannak, \u00e9s besz\u00edvj\u00e1k a kozmikus spiritu\u00e1lis energi\u00e1t, hogy t\u00e1pl\u00e1lj\u00e1k a fa \u00e1gait. A medit\u00e1ci\u00f3 sor\u00e1n ezek az \u00e1lland\u00f3 visszacsatol\u00e1si folyamatok az agy finom rendszere \u00e9s a test energiak\u00f6zpontjai k\u00f6z\u00f6tt, a test \u00e9s az elme fokozatos egyens\u00faly\u00e1hoz \u00e9s integr\u00e1ci\u00f3j\u00e1hoz vezetnek. Ahhoz, hogy ez a fa eg\u00e9szs\u00e9ges \u00e9s er\u0151s maradjon, a figyelm\u00fcnket a gy\u00f6kerekre kell ford\u00edtanunk, amelyek az agyban vannak, \u00e9s ezt a Sahaja J\u00f3ga medit\u00e1ci\u00f3s gyakorlat\u00e1n kereszt\u00fcl \u00e9rhetj\u00fck el.<\/p>\n\t<div class=\"su-quote su-quote-style-default\"><div class=\"su-quote-inner su-u-clearfix su-u-trim\">Ha egy f\u00e1t kell kezelni, \u00e9s elkezded a gy\u00f3gyszert a leveleire kenni, az soha nem fog meggy\u00f3gyulni. A gy\u00f6kerekre kell hatni.<\/div><\/div>\n\t<hr \/>\n<h3>1. ^ Dr Ramesh Manocha, Dr. Semmar B. Black, K\u00eds\u00e9rleti tanulm\u00e1ny a ment\u00e1lis csend medit\u00e1ci\u00f3s form\u00e1j\u00e1r\u00f3l perimenopauz\u00e1ban l\u00e9v\u0151 n\u0151k sz\u00e1m\u00e1ra. Journal of Clinical Psychology in Medical Settings. 2007. szeptember; 14(3):266-273; e-k\u00f6nyv: <a href=\"https:\/\/www.beyondthemind.com\" target=\"_blank\" rel=\"noopener\" data-cp-link=\"1\">\u201eSilence Your Mind&#8221;<\/a>\u00a0(Csendes\u00edtsd el az elm\u00e9d), kiad\u00f3: Hachette Australia, 2013.<br \/>\n2. <a href=\"#citation-ref-1-4\" data-cp-link=\"1\">^<\/a> Dr Ramesh Manocha, Black D, Sarris J, Stough C. Randomiz\u00e1lt, kontroll\u00e1lt vizsg\u00e1lat a medit\u00e1ci\u00f3 hat\u00e1s\u00e1r\u00f3l munkahelyi stressz, szorong\u00e1s \u00e9s depresszi\u00f3s hangulat eset\u00e9n teljes munkaid\u0151ben foglalkoztatottakn\u00e1l. Evid Based Complement Alternat Med. 2011;2011:960583. Epub 2011. j\u00fanius 7.<br \/>\n3. <a href=\"#citation-ref-1-4\" data-cp-link=\"1\">^<\/a> Dr Ramesh Manocha, Marks GB, Kenchington P, Peters D \u00e9s m\u00e1sok. Sahaja j\u00f3ga a k\u00f6zepesen s\u00falyos \u00e9s s\u00falyos asztma kezel\u00e9s\u00e9ben: randomiz\u00e1lt, kontroll\u00e1lt vizsg\u00e1lat. Thorax. 2002. febru\u00e1r; 57(2): 110-5.<br \/>\n4. <a href=\"#citation-ref-1-4\" data-cp-link=\"1\">^<\/a>Dr Ramesh Manocha, Marks GB, Kenchington P, Peters D, et al. Sahaja yoga in the management of moderate to severe asthma: a randomised controlled trial. Thorax. 2002 Feb; 57(2): 110-5.<br \/>\n5. <a href=\"#citation-ref-5\" data-cp-link=\"1\">^<\/a> Sheng-Chia Chung PhD, Maria M. Brooks PhD, Madhur Rai MD, Judith L. Balk MD MPH, Sandeep Rai MD: \u201eA Sahaja J\u00f3ga medit\u00e1ci\u00f3 hat\u00e1sa az \u00e9letmin\u0151s\u00e9gre, a szorong\u00e1sra \u00e9s a v\u00e9rnyom\u00e1s szab\u00e1lyoz\u00e1s\u00e1ra&#8221; (THE JOURNAL OF ALTERNATIVE AND COMPLEMARY MEDICINE 18. k\u00f6tet, 6. sz\u00e1m, 2012)<\/h3>\n\n","protected":false},"excerpt":{"rendered":"<p>Holisztikus eg\u00e9szs\u00e9g A bels\u0151 gy\u00f3gyul\u00e1s finom tudom\u00e1nya B\u00e1r sok szempontb\u00f3l el\u0151ny\u00f6s, a hagyom\u00e1nyos nyugati orvosl\u00e1s gyakran kudarcot vall a pszichoszomatikus \u00e9s pszichi\u00e1triai rendelleness\u00e9gek m\u00e9lyrehat\u00f3 \u00e9s hossz\u00fa t\u00e1v\u00fa kezel\u00e9s\u00e9ben, mivel a t\u00fcneteket kezeli az okok helyett, \u00e9s ezeket k\u00fcl\u00f6n-k\u00fcl\u00f6n kezeli, ahelyett, hogy az eg\u00e9sz szervezet \u00f6sszef\u00fcgg\u00e9seiben vizsg\u00e1ln\u00e1. Shri Mataji \u00e9vekig tanult orvosl\u00e1st, m\u00edgnem India feloszt\u00e1sa ut\u00e1ni&hellip; <br \/> <a class=\"read-more\" href=\"https:\/\/shrimataji.org\/test\/hu\/holistic-health\/\">Read more<\/a><\/p>\n","protected":false},"author":1,"featured_media":19230,"parent":0,"menu_order":0,"comment_status":"closed","ping_status":"closed","template":"pro\/page-templates\/full-width-page.php","meta":{"inline_featured_image":false,"footnotes":""},"class_list":["post-19485","page","type-page","status-publish","has-post-thumbnail","hentry"],"yoast_head":"<!-- This site is optimized with the Yoast SEO plugin v27.4 - https:\/\/yoast.com\/product\/yoast-seo-wordpress\/ -->\n<title>Holisztikus eg\u00e9szs\u00e9g - TEST - SMND<\/title>\n<meta name=\"robots\" content=\"noindex, follow, max-snippet:-1, max-image-preview:large, max-video-preview:-1\" \/>\n<meta property=\"og:locale\" content=\"en_US\" \/>\n<meta property=\"og:type\" content=\"article\" \/>\n<meta property=\"og:title\" content=\"Holisztikus eg\u00e9szs\u00e9g - TEST - SMND\" \/>\n<meta property=\"og:description\" content=\"Holisztikus eg\u00e9szs\u00e9g A bels\u0151 gy\u00f3gyul\u00e1s finom tudom\u00e1nya B\u00e1r sok szempontb\u00f3l el\u0151ny\u00f6s, a hagyom\u00e1nyos nyugati orvosl\u00e1s gyakran kudarcot vall a pszichoszomatikus \u00e9s pszichi\u00e1triai rendelleness\u00e9gek m\u00e9lyrehat\u00f3 \u00e9s hossz\u00fa t\u00e1v\u00fa kezel\u00e9s\u00e9ben, mivel a t\u00fcneteket kezeli az okok helyett, \u00e9s ezeket k\u00fcl\u00f6n-k\u00fcl\u00f6n kezeli, ahelyett, hogy az eg\u00e9sz szervezet \u00f6sszef\u00fcgg\u00e9seiben vizsg\u00e1ln\u00e1. Shri Mataji \u00e9vekig tanult orvosl\u00e1st, m\u00edgnem India feloszt\u00e1sa ut\u00e1ni&hellip; Read more\" \/>\n<meta property=\"og:url\" content=\"https:\/\/shrimataji.org\/test\/hu\/holistic-health\/\" \/>\n<meta property=\"og:site_name\" content=\"TEST - SMND\" \/>\n<meta property=\"article:publisher\" content=\"https:\/\/www.facebook.com\/shrimataji\" \/>\n<meta property=\"article:modified_time\" content=\"2026-04-11T11:28:24+00:00\" \/>\n<meta property=\"og:image\" content=\"https:\/\/shrimataji.org\/test\/wp-content\/uploads\/2018\/07\/media_originals\/images\/headers-general\/holistic-health-foot-soaking-in-the-ocean.jpg\" \/>\n\t<meta property=\"og:image:width\" content=\"990\" \/>\n\t<meta property=\"og:image:height\" content=\"350\" \/>\n\t<meta property=\"og:image:type\" content=\"image\/jpeg\" \/>\n<meta name=\"twitter:card\" content=\"summary_large_image\" \/>\n<meta name=\"twitter:site\" content=\"@shrimataji\" \/>\n<meta name=\"twitter:label1\" content=\"Est. reading time\" \/>\n\t<meta name=\"twitter:data1\" content=\"4 minutes\" \/>\n<script type=\"application\/ld+json\" class=\"yoast-schema-graph\">{\"@context\":\"https:\\\/\\\/schema.org\",\"@graph\":[{\"@type\":\"WebPage\",\"@id\":\"https:\\\/\\\/shrimataji.org\\\/test\\\/hu\\\/holistic-health\\\/\",\"url\":\"https:\\\/\\\/shrimataji.org\\\/test\\\/hu\\\/holistic-health\\\/\",\"name\":\"Holisztikus eg\u00e9szs\u00e9g - TEST - SMND\",\"isPartOf\":{\"@id\":\"https:\\\/\\\/shrimataji.org\\\/test\\\/#website\"},\"primaryImageOfPage\":{\"@id\":\"https:\\\/\\\/shrimataji.org\\\/test\\\/hu\\\/holistic-health\\\/#primaryimage\"},\"image\":{\"@id\":\"https:\\\/\\\/shrimataji.org\\\/test\\\/hu\\\/holistic-health\\\/#primaryimage\"},\"thumbnailUrl\":\"https:\\\/\\\/shrimataji.org\\\/test\\\/wp-content\\\/uploads\\\/2018\\\/07\\\/media_originals\\\/images\\\/headers-general\\\/holistic-health-foot-soaking-in-the-ocean.jpg\",\"datePublished\":\"2018-07-10T06:54:42+00:00\",\"dateModified\":\"2026-04-11T11:28:24+00:00\",\"breadcrumb\":{\"@id\":\"https:\\\/\\\/shrimataji.org\\\/test\\\/hu\\\/holistic-health\\\/#breadcrumb\"},\"inLanguage\":\"en-US\",\"potentialAction\":[{\"@type\":\"ReadAction\",\"target\":[\"https:\\\/\\\/shrimataji.org\\\/test\\\/hu\\\/holistic-health\\\/\"]}]},{\"@type\":\"ImageObject\",\"inLanguage\":\"en-US\",\"@id\":\"https:\\\/\\\/shrimataji.org\\\/test\\\/hu\\\/holistic-health\\\/#primaryimage\",\"url\":\"https:\\\/\\\/shrimataji.org\\\/test\\\/wp-content\\\/uploads\\\/2018\\\/07\\\/media_originals\\\/images\\\/headers-general\\\/holistic-health-foot-soaking-in-the-ocean.jpg\",\"contentUrl\":\"https:\\\/\\\/shrimataji.org\\\/test\\\/wp-content\\\/uploads\\\/2018\\\/07\\\/media_originals\\\/images\\\/headers-general\\\/holistic-health-foot-soaking-in-the-ocean.jpg\",\"width\":990,\"height\":350},{\"@type\":\"BreadcrumbList\",\"@id\":\"https:\\\/\\\/shrimataji.org\\\/test\\\/hu\\\/holistic-health\\\/#breadcrumb\",\"itemListElement\":[{\"@type\":\"ListItem\",\"position\":1,\"name\":\"Home\",\"item\":\"https:\\\/\\\/shrimataji.org\\\/test\\\/uk\\\/home-en\\\/\"},{\"@type\":\"ListItem\",\"position\":2,\"name\":\"Holisztikus eg\u00e9szs\u00e9g\"}]},{\"@type\":\"WebSite\",\"@id\":\"https:\\\/\\\/shrimataji.org\\\/test\\\/#website\",\"url\":\"https:\\\/\\\/shrimataji.org\\\/test\\\/\",\"name\":\"Shri Mataji Nirmala Devi\",\"description\":\"A Life Dedicated to Humanity\",\"publisher\":{\"@id\":\"https:\\\/\\\/shrimataji.org\\\/test\\\/#\\\/schema\\\/person\\\/a1b3419c6585f164aa96da1ff85715d1\"},\"potentialAction\":[{\"@type\":\"SearchAction\",\"target\":{\"@type\":\"EntryPoint\",\"urlTemplate\":\"https:\\\/\\\/shrimataji.org\\\/test\\\/?s={search_term_string}\"},\"query-input\":{\"@type\":\"PropertyValueSpecification\",\"valueRequired\":true,\"valueName\":\"search_term_string\"}}],\"inLanguage\":\"en-US\"},{\"@type\":[\"Person\",\"Organization\"],\"@id\":\"https:\\\/\\\/shrimataji.org\\\/test\\\/#\\\/schema\\\/person\\\/a1b3419c6585f164aa96da1ff85715d1\",\"name\":\"Nirmala Shrivastava\",\"image\":{\"@type\":\"ImageObject\",\"inLanguage\":\"en-US\",\"@id\":\"https:\\\/\\\/shrimataji.org\\\/test\\\/wp-content\\\/uploads\\\/2023\\\/02\\\/SMO_LOGO-03.svg\",\"url\":\"https:\\\/\\\/shrimataji.org\\\/test\\\/wp-content\\\/uploads\\\/2023\\\/02\\\/SMO_LOGO-03.svg\",\"contentUrl\":\"https:\\\/\\\/shrimataji.org\\\/test\\\/wp-content\\\/uploads\\\/2023\\\/02\\\/SMO_LOGO-03.svg\",\"width\":\"1024\",\"height\":\"1024\",\"caption\":\"Nirmala Shrivastava\"},\"logo\":{\"@id\":\"https:\\\/\\\/shrimataji.org\\\/test\\\/wp-content\\\/uploads\\\/2023\\\/02\\\/SMO_LOGO-03.svg\"},\"sameAs\":[\"https:\\\/\\\/shrimataji.org\\\/test\",\"https:\\\/\\\/www.facebook.com\\\/shrimataji\",\"https:\\\/\\\/x.com\\\/shrimataji\",\"https:\\\/\\\/www.youtube.com\\\/@Shri_Mataji_Nirmala_Devi\\\/featured\"]}]}<\/script>\n<!-- \/ Yoast SEO plugin. -->","yoast_head_json":{"title":"Holisztikus eg\u00e9szs\u00e9g - TEST - SMND","robots":{"index":"noindex","follow":"follow","max-snippet":"max-snippet:-1","max-image-preview":"max-image-preview:large","max-video-preview":"max-video-preview:-1"},"og_locale":"en_US","og_type":"article","og_title":"Holisztikus eg\u00e9szs\u00e9g - TEST - SMND","og_description":"Holisztikus eg\u00e9szs\u00e9g A bels\u0151 gy\u00f3gyul\u00e1s finom tudom\u00e1nya B\u00e1r sok szempontb\u00f3l el\u0151ny\u00f6s, a hagyom\u00e1nyos nyugati orvosl\u00e1s gyakran kudarcot vall a pszichoszomatikus \u00e9s pszichi\u00e1triai rendelleness\u00e9gek m\u00e9lyrehat\u00f3 \u00e9s hossz\u00fa t\u00e1v\u00fa kezel\u00e9s\u00e9ben, mivel a t\u00fcneteket kezeli az okok helyett, \u00e9s ezeket k\u00fcl\u00f6n-k\u00fcl\u00f6n kezeli, ahelyett, hogy az eg\u00e9sz szervezet \u00f6sszef\u00fcgg\u00e9seiben vizsg\u00e1ln\u00e1. Shri Mataji \u00e9vekig tanult orvosl\u00e1st, m\u00edgnem India feloszt\u00e1sa ut\u00e1ni&hellip; Read more","og_url":"https:\/\/shrimataji.org\/test\/hu\/holistic-health\/","og_site_name":"TEST - SMND","article_publisher":"https:\/\/www.facebook.com\/shrimataji","article_modified_time":"2026-04-11T11:28:24+00:00","og_image":[{"width":990,"height":350,"url":"https:\/\/shrimataji.org\/test\/wp-content\/uploads\/2018\/07\/media_originals\/images\/headers-general\/holistic-health-foot-soaking-in-the-ocean.jpg","type":"image\/jpeg"}],"twitter_card":"summary_large_image","twitter_site":"@shrimataji","twitter_misc":{"Est. reading time":"4 minutes"},"schema":{"@context":"https:\/\/schema.org","@graph":[{"@type":"WebPage","@id":"https:\/\/shrimataji.org\/test\/hu\/holistic-health\/","url":"https:\/\/shrimataji.org\/test\/hu\/holistic-health\/","name":"Holisztikus eg\u00e9szs\u00e9g - TEST - SMND","isPartOf":{"@id":"https:\/\/shrimataji.org\/test\/#website"},"primaryImageOfPage":{"@id":"https:\/\/shrimataji.org\/test\/hu\/holistic-health\/#primaryimage"},"image":{"@id":"https:\/\/shrimataji.org\/test\/hu\/holistic-health\/#primaryimage"},"thumbnailUrl":"https:\/\/shrimataji.org\/test\/wp-content\/uploads\/2018\/07\/media_originals\/images\/headers-general\/holistic-health-foot-soaking-in-the-ocean.jpg","datePublished":"2018-07-10T06:54:42+00:00","dateModified":"2026-04-11T11:28:24+00:00","breadcrumb":{"@id":"https:\/\/shrimataji.org\/test\/hu\/holistic-health\/#breadcrumb"},"inLanguage":"en-US","potentialAction":[{"@type":"ReadAction","target":["https:\/\/shrimataji.org\/test\/hu\/holistic-health\/"]}]},{"@type":"ImageObject","inLanguage":"en-US","@id":"https:\/\/shrimataji.org\/test\/hu\/holistic-health\/#primaryimage","url":"https:\/\/shrimataji.org\/test\/wp-content\/uploads\/2018\/07\/media_originals\/images\/headers-general\/holistic-health-foot-soaking-in-the-ocean.jpg","contentUrl":"https:\/\/shrimataji.org\/test\/wp-content\/uploads\/2018\/07\/media_originals\/images\/headers-general\/holistic-health-foot-soaking-in-the-ocean.jpg","width":990,"height":350},{"@type":"BreadcrumbList","@id":"https:\/\/shrimataji.org\/test\/hu\/holistic-health\/#breadcrumb","itemListElement":[{"@type":"ListItem","position":1,"name":"Home","item":"https:\/\/shrimataji.org\/test\/uk\/home-en\/"},{"@type":"ListItem","position":2,"name":"Holisztikus eg\u00e9szs\u00e9g"}]},{"@type":"WebSite","@id":"https:\/\/shrimataji.org\/test\/#website","url":"https:\/\/shrimataji.org\/test\/","name":"Shri Mataji Nirmala Devi","description":"A Life Dedicated to Humanity","publisher":{"@id":"https:\/\/shrimataji.org\/test\/#\/schema\/person\/a1b3419c6585f164aa96da1ff85715d1"},"potentialAction":[{"@type":"SearchAction","target":{"@type":"EntryPoint","urlTemplate":"https:\/\/shrimataji.org\/test\/?s={search_term_string}"},"query-input":{"@type":"PropertyValueSpecification","valueRequired":true,"valueName":"search_term_string"}}],"inLanguage":"en-US"},{"@type":["Person","Organization"],"@id":"https:\/\/shrimataji.org\/test\/#\/schema\/person\/a1b3419c6585f164aa96da1ff85715d1","name":"Nirmala Shrivastava","image":{"@type":"ImageObject","inLanguage":"en-US","@id":"https:\/\/shrimataji.org\/test\/wp-content\/uploads\/2023\/02\/SMO_LOGO-03.svg","url":"https:\/\/shrimataji.org\/test\/wp-content\/uploads\/2023\/02\/SMO_LOGO-03.svg","contentUrl":"https:\/\/shrimataji.org\/test\/wp-content\/uploads\/2023\/02\/SMO_LOGO-03.svg","width":"1024","height":"1024","caption":"Nirmala Shrivastava"},"logo":{"@id":"https:\/\/shrimataji.org\/test\/wp-content\/uploads\/2023\/02\/SMO_LOGO-03.svg"},"sameAs":["https:\/\/shrimataji.org\/test","https:\/\/www.facebook.com\/shrimataji","https:\/\/x.com\/shrimataji","https:\/\/www.youtube.com\/@Shri_Mataji_Nirmala_Devi\/featured"]}]}},"lang":"hu","translations":{"hu":19485,"ur":37436,"en":403,"am":18008,"th":19955,"sq":18409,"zh":17306,"hi":8491,"tr":10165,"pt":10377,"de":10651,"fr":10749,"it":10847,"es":10944,"ja":11241,"ru":11429,"bn":11621,"te":11729,"sw":11852,"he":12000,"el":12291,"sk":12389,"fa":12487,"fi":12585,"bg":13478,"ro":14550,"cs":14743,"nl":16569,"ku":16729,"ar":16905,"be":18616,"kn":18890,"mr":20319,"uk":20611,"ml":20908,"ta":22724,"sv":22997,"gu":28843,"pa":29001,"fil":29443,"da":37748,"pl":37963,"nn":38300},"pll_sync_post":[],"_links":{"self":[{"href":"https:\/\/shrimataji.org\/test\/wp-json\/wp\/v2\/pages\/19485","targetHints":{"allow":["GET"]}}],"collection":[{"href":"https:\/\/shrimataji.org\/test\/wp-json\/wp\/v2\/pages"}],"about":[{"href":"https:\/\/shrimataji.org\/test\/wp-json\/wp\/v2\/types\/page"}],"author":[{"embeddable":true,"href":"https:\/\/shrimataji.org\/test\/wp-json\/wp\/v2\/users\/1"}],"replies":[{"embeddable":true,"href":"https:\/\/shrimataji.org\/test\/wp-json\/wp\/v2\/comments?post=19485"}],"version-history":[{"count":0,"href":"https:\/\/shrimataji.org\/test\/wp-json\/wp\/v2\/pages\/19485\/revisions"}],"wp:featuredmedia":[{"embeddable":true,"href":"https:\/\/shrimataji.org\/test\/wp-json\/wp\/v2\/media\/19230"}],"wp:attachment":[{"href":"https:\/\/shrimataji.org\/test\/wp-json\/wp\/v2\/media?parent=19485"}],"curies":[{"name":"wp","href":"https:\/\/api.w.org\/{rel}","templated":true}]}}