{"id":19488,"date":"2018-07-06T01:24:02","date_gmt":"2018-07-06T01:24:02","guid":{"rendered":"http:\/\/testwordpress.nirmalnagari.org\/smnd\/index.php\/mesmerize\/"},"modified":"2026-04-11T19:59:32","modified_gmt":"2026-04-11T19:59:32","slug":"home-en","status":"publish","type":"page","link":"https:\/\/shrimataji.org\/test\/hu\/home-en\/","title":{"rendered":"Home HU"},"content":{"rendered":"\n\n\t<h1>Shri Mataji Nirmala Devi<\/h1>\n<h3>Az emberis\u00e9gnek szentelt \u00e9let<\/h3>\n\t<p>Shri Mataji Nirmala Devi csendben megv\u00e1ltoztatta az emberek \u00e9let\u00e9t. T\u00f6bb mint negyven \u00e9ven \u00e1t utazott a vil\u00e1gban, ingyenes nyilv\u00e1nos el\u0151ad\u00e1sokat tartva \u00e9s az \u00f6nmegval\u00f3sul\u00e1s \u00e9lm\u00e9ny\u00e9t k\u00edn\u00e1lva mindenkinek, faji, vall\u00e1si vagy egy\u00e9b k\u00f6r\u00fclm\u00e9nyekt\u0151l f\u00fcggetlen\u00fcl. Nemcsak lehet\u0151v\u00e9 tette az emberek sz\u00e1m\u00e1ra, hogy ezt az \u00e9rt\u00e9kes tapasztalatot tov\u00e1bbadj\u00e1k m\u00e1soknak, hanem megtan\u00edtotta nekik a fenntart\u00e1s\u00e1hoz sz\u00fcks\u00e9ges medit\u00e1ci\u00f3s technik\u00e1t, amelyet Sahaja J\u00f3g\u00e1nak neveznek.<\/p>\n\t<div id=\"attachment_282\" style=\"width: 310px\" class=\"wp-caption aligncenter\"><img loading=\"lazy\" decoding=\"async\" aria-describedby=\"caption-attachment-282\" src=\"https:\/\/shrimataji.org\/test\/wp-content\/uploads\/2018\/07\/media_originals\/images\/shri-mataji-teaching-sahaja-yoga\/shri-mataji-teching-sahaja-yoga-meditation-and-self-realization-300x201.jpg\" alt=\"\" width=\"300\" height=\"201\" \/><p id=\"caption-attachment-282\" class=\"wp-caption-text\"><a href=\"https:\/\/www.youtube.com\/user\/ShriMatajiVideos\" target=\"_blank\" rel=\"noopener\">VIDEO ARCHIVE<\/a><\/p><\/div>\n\t<p>Shri Mataji azt \u00e1ll\u00edtotta, hogy minden emberben ott rejlik egy velesz\u00fcletett spiritu\u00e1lis er\u0151, amely spont\u00e1n m\u00f3don fel\u00e9breszthet\u0151. Hangs\u00falyozta, hogy ezt az <a href=\"\/self-realization\/\" target=\"_blank\" rel=\"noopener\">\u00f6nmegval\u00f3sul\u00e1sk\u00e9nt<\/a> le\u00edrt fel\u00e9bred\u00e9st nem lehet megv\u00e1s\u00e1rolni. Az \u00f6nmegval\u00f3sul\u00e1s megtapasztal\u00e1s\u00e1\u00e9rt vagy a <a href=\"\/meditation\/\" target=\"_blank\" rel=\"noopener\">Sahaja J\u00f3ga medit\u00e1ci\u00f3<\/a>\u00a0tan\u00edt\u00e1s\u00e1\u00e9rt soha nem k\u00e9rtek p\u00e9nzt, \u00e9s nem is fognak<\/p>\n<p>A Sahaja J\u00f3ga medit\u00e1ci\u00f3 gyakorl\u00e1s\u00e1val j\u00e1r\u00f3 bels\u0151 egyens\u00faly \u00e9s a stressz cs\u00f6kken\u00e9se m\u00e1r vil\u00e1gszerte t\u00f6bb sz\u00e1zezer embernek adott seg\u00edts\u00e9get. A Sahaja J\u00f3g\u00e1t az k\u00fcl\u00f6nb\u00f6zteti meg a medit\u00e1ci\u00f3 m\u00e1s form\u00e1it\u00f3l, hogy k\u00e9pes a velesz\u00fcletett, spiritu\u00e1lis energi\u00e1nk gyors \u00e9s egyszer\u0171 aktiv\u00e1l\u00e1s\u00e1ra, \u00e9s biztos\u00edtva annak el\u0151ny\u00f6s hat\u00e1sait. A rendszeres gyakorl\u00e1ssal az egy\u00e9nek k\u00e9pesek ir\u00e1ny\u00edtani saj\u00e1t energi\u00e1jukat, \u00e9s helyre\u00e1ll\u00edtani a ment\u00e1lis, fizikai \u00e9s \u00e9rzelmi egyens\u00falyzavarokat, hogy el\u00e9rj\u00e9k a j\u00f3l\u00e9t, a nyugalom \u00e9s a beteljes\u00fcl\u00e9s \u00e1llapot\u00e1t.<\/p>\n<p>A m\u00e1ra t\u00f6bb mint 100 orsz\u00e1gban jelen l\u00e9v\u0151 Sahaja J\u00f3ga mellett Shri Mataji l\u00e9trehozott egy nem korm\u00e1nyzati szervezetet a szeg\u00e9ny sors\u00fa n\u0151k \u00e9s gyermekek sz\u00e1m\u00e1ra, sz\u00e1mos holisztikus tantervet oktat\u00f3 nemzetk\u00f6zi iskol\u00e1t, Sahaja J\u00f3ga medit\u00e1ci\u00f3s technik\u00e1kkal t\u00f6rt\u00e9n\u0151 kezel\u00e9st k\u00edn\u00e1l\u00f3 eg\u00e9szs\u00e9g\u00fcgyi klinik\u00e1kat, valamint egy m\u0171v\u00e9szeti akad\u00e9mi\u00e1t a t\u00e1nc, a zene \u00e9s a fest\u00e9szet klasszikus k\u00e9szs\u00e9geinek \u00fajj\u00e1\u00e9leszt\u00e9s\u00e9re.<\/p>\n<figure itemscope itemtype=\"https:\/\/schema.org\/ImageObject\">\n\t\t\t\t<img decoding=\"async\" src=\"https:\/\/shrimataji.org\/test\/wp-content\/uploads\/2018\/07\/media_originals\/images\/shri-mataji-portraits\/shri-mataji-explaining-742x1024.jpg\" alt=\"shri-mataji-explaining\" height=\"1024\" width=\"742\" title=\"shri-mataji-explaining\" onerror=\"this.style.display='none'\" loading=\"lazy\" \/>\n\t<\/figure>\n\t<div class=\"su-quote su-quote-style-default\"><div class=\"su-quote-inner su-u-clearfix su-u-trim\"> MY FATHER FELT THAT I WOULD DO SOMETHING GREAT\u00a0IN THIS LIFE. I DON&#8217;T KNOW IF HE DREAMED IT OR SIMPLY UNDERSTOOD IT, BUT ALL THE TIME HE USED TO SAY, &#8220;YOU HAVE TO FIND OUT THE WAY OF GIVING EN MASSE REALIZATION.&#8221; BY REALIZATION HE WAS MEANING THE NEED FOR A DEEP, SPIRITUAL AWAKENING IN PEOPLE.<\/p>\n<p>HE GAVE ME A GOOD EDUCATION IN DIFFERENT RELIGIONS AND ALSO A GOOD EDUCATION ABOUT HUMAN BEINGS: WHAT ARE THEIR PROBLEMS, WHY DO THEY ACT THE WAY THEY DO, WHY DON&#8217;T THEY TAKE TO GOD, WHY ARE THEY HYPOCRITICAL. HE TOLD ME ALL KINDS OF THINGS&#8230;<\/div><\/div>\n\t<h2>Feature<\/h2>\n\t<p><img decoding=\"async\" title=\"shri-mataji-nirmala-devi-clearing-technique-in-england-2\" src=\"https:\/\/shrimataji.org\/test\/wp-content\/uploads\/2018\/11\/shri-mataji-nirmala-devi-clearing-technique-in-england-2.jpg\" alt=\"\" \/><\/p>\n<h4>Work<\/h4>\nOften personal and hands-on, Shri Mataji&#8217;s programs were events conducted on both a global and local level. She taught universal truths,<br \/>\nbut also took the time to discuss individual needs. She spoke of creation and seeking and the purpose of life, as well as taking the time to answer everyone wanting to discuss their own obstacles on the road of life. Her programs were a town hall for the world where everyone could speak to her.\n<a href=\"\/work\/\" target=\"_blank\" rel=\"noopener noreferrer\" data-cp-link=\"1\">learn more<\/a>\n\t<p><img decoding=\"async\" title=\"shri-mataji-greeting-the-queen-2\" src=\"https:\/\/shrimataji.org\/test\/wp-content\/uploads\/2018\/11\/shri-mataji-greeting-the-queen-2.jpg\" alt=\"\" \/><\/p>\n<h4>Life<\/h4>\n<p>Throughout her life, Shri Mataji found herself face to face with a wide range of people from different countries, circumstances and cultures, and she related to them all with genuine regard. Whether discussing matters of state with world leaders or family issues with a taxi driver, Shri Mataji was sensitive to what is essential to human beings and her concern was always for their benevolence.<\/p>\n<a href=\"\/life\/\" target=\"_blank\" rel=\"noopener noreferrer\" data-cp-link=\"1\">learn more<\/a>\n\t<p><img decoding=\"async\" title=\"shri-mataji-meeting-with-village-people-in-india-2\" src=\"https:\/\/shrimataji.org\/test\/wp-content\/uploads\/2018\/11\/shri-mataji-meeting-with-village-people-in-india-2.jpg\" alt=\"\" \/><\/p>\n<h4>Sahaja Yoga<\/h4>\n<p>&#8220;It was then I realized that there was no harm in starting the work. The confusion was over. At last the time had come. There was nothing to fear. This ultimately had to be done. I had come to this world for this purpose only, to awaken the collective consciousness in human beings.&#8221;<\/p>\n<a href=\"\/people\/\" target=\"_blank\" rel=\"noopener noreferrer\" data-cp-link=\"1\">learn more<\/a>\n\n","protected":false},"excerpt":{"rendered":"<p>Shri Mataji Nirmala Devi Az emberis\u00e9gnek szentelt \u00e9let Shri Mataji Nirmala Devi csendben megv\u00e1ltoztatta az emberek \u00e9let\u00e9t. T\u00f6bb mint negyven \u00e9ven \u00e1t utazott a vil\u00e1gban, ingyenes nyilv\u00e1nos el\u0151ad\u00e1sokat tartva \u00e9s az \u00f6nmegval\u00f3sul\u00e1s \u00e9lm\u00e9ny\u00e9t k\u00edn\u00e1lva mindenkinek, faji, vall\u00e1si vagy egy\u00e9b k\u00f6r\u00fclm\u00e9nyekt\u0151l f\u00fcggetlen\u00fcl. Nemcsak lehet\u0151v\u00e9 tette az emberek sz\u00e1m\u00e1ra, hogy ezt az \u00e9rt\u00e9kes tapasztalatot tov\u00e1bbadj\u00e1k m\u00e1soknak, hanem&hellip; <br \/> <a class=\"read-more\" href=\"https:\/\/shrimataji.org\/test\/hu\/home-en\/\">Read more<\/a><\/p>\n","protected":false},"author":1,"featured_media":19233,"parent":0,"menu_order":0,"comment_status":"closed","ping_status":"closed","template":"page-templates\/homepage.php","meta":{"inline_featured_image":false,"footnotes":""},"class_list":["post-19488","page","type-page","status-publish","has-post-thumbnail","hentry"],"yoast_head":"<!-- This site is optimized with the Yoast SEO plugin v27.4 - https:\/\/yoast.com\/product\/yoast-seo-wordpress\/ -->\n<title>TEST - SMND<\/title>\n<meta name=\"description\" content=\"A Life Dedicated to Humanity\" \/>\n<meta name=\"robots\" content=\"noindex, follow, max-snippet:-1, max-image-preview:large, max-video-preview:-1\" \/>\n<meta property=\"og:locale\" content=\"en_US\" \/>\n<meta property=\"og:type\" content=\"article\" \/>\n<meta property=\"og:title\" content=\"Shri Mataji Nirmala Devi\" \/>\n<meta property=\"og:description\" content=\"A Life Dedicated to Humanity\" \/>\n<meta property=\"og:url\" content=\"https:\/\/shrimataji.org\/test\/hu\/home-en\/\" \/>\n<meta property=\"og:site_name\" content=\"TEST - SMND\" \/>\n<meta property=\"article:publisher\" content=\"https:\/\/www.facebook.com\/shrimataji\" \/>\n<meta property=\"article:modified_time\" content=\"2026-04-11T19:59:32+00:00\" \/>\n<meta property=\"og:image\" content=\"https:\/\/shrimataji.org\/test\/wp-content\/uploads\/2018\/07\/fp11-e1588597806347.jpg\" \/>\n\t<meta property=\"og:image:width\" content=\"707\" \/>\n\t<meta property=\"og:image:height\" content=\"700\" \/>\n\t<meta property=\"og:image:type\" content=\"image\/jpeg\" \/>\n<meta name=\"twitter:card\" content=\"summary_large_image\" \/>\n<meta name=\"twitter:title\" content=\"Shri Mataji Nirmala Devi\" \/>\n<meta name=\"twitter:description\" content=\"A Life Dedicated to Humanity\" \/>\n<meta name=\"twitter:image\" content=\"https:\/\/shrimataji.org\/test\/wp-content\/uploads\/2018\/07\/fp11-e1588597806347.jpg\" \/>\n<meta name=\"twitter:site\" content=\"@shrimataji\" \/>\n<meta name=\"twitter:label1\" content=\"Est. reading time\" \/>\n\t<meta name=\"twitter:data1\" content=\"3 minutes\" \/>\n<script type=\"application\/ld+json\" class=\"yoast-schema-graph\">{\"@context\":\"https:\\\/\\\/schema.org\",\"@graph\":[{\"@type\":\"WebPage\",\"@id\":\"https:\\\/\\\/shrimataji.org\\\/test\\\/hu\\\/home-en\\\/\",\"url\":\"https:\\\/\\\/shrimataji.org\\\/test\\\/hu\\\/home-en\\\/\",\"name\":\"TEST - SMND\",\"isPartOf\":{\"@id\":\"https:\\\/\\\/shrimataji.org\\\/test\\\/#website\"},\"primaryImageOfPage\":{\"@id\":\"https:\\\/\\\/shrimataji.org\\\/test\\\/hu\\\/home-en\\\/#primaryimage\"},\"image\":{\"@id\":\"https:\\\/\\\/shrimataji.org\\\/test\\\/hu\\\/home-en\\\/#primaryimage\"},\"thumbnailUrl\":\"https:\\\/\\\/shrimataji.org\\\/test\\\/wp-content\\\/uploads\\\/2018\\\/07\\\/media_originals\\\/images\\\/shri-mataji-portraits\\\/shri-mataji-in-belgium-1984.jpg\",\"datePublished\":\"2018-07-06T01:24:02+00:00\",\"dateModified\":\"2026-04-11T19:59:32+00:00\",\"description\":\"A Life Dedicated to Humanity\",\"breadcrumb\":{\"@id\":\"https:\\\/\\\/shrimataji.org\\\/test\\\/hu\\\/home-en\\\/#breadcrumb\"},\"inLanguage\":\"en-US\",\"potentialAction\":[{\"@type\":\"ReadAction\",\"target\":[\"https:\\\/\\\/shrimataji.org\\\/test\\\/hu\\\/home-en\\\/\"]}]},{\"@type\":\"ImageObject\",\"inLanguage\":\"en-US\",\"@id\":\"https:\\\/\\\/shrimataji.org\\\/test\\\/hu\\\/home-en\\\/#primaryimage\",\"url\":\"https:\\\/\\\/shrimataji.org\\\/test\\\/wp-content\\\/uploads\\\/2018\\\/07\\\/media_originals\\\/images\\\/shri-mataji-portraits\\\/shri-mataji-in-belgium-1984.jpg\",\"contentUrl\":\"https:\\\/\\\/shrimataji.org\\\/test\\\/wp-content\\\/uploads\\\/2018\\\/07\\\/media_originals\\\/images\\\/shri-mataji-portraits\\\/shri-mataji-in-belgium-1984.jpg\",\"width\":1500,\"height\":975},{\"@type\":\"BreadcrumbList\",\"@id\":\"https:\\\/\\\/shrimataji.org\\\/test\\\/hu\\\/home-en\\\/#breadcrumb\",\"itemListElement\":[{\"@type\":\"ListItem\",\"position\":1,\"name\":\"Home\",\"item\":\"https:\\\/\\\/shrimataji.org\\\/test\\\/uk\\\/home-en\\\/\"},{\"@type\":\"ListItem\",\"position\":2,\"name\":\"Home HU\"}]},{\"@type\":\"WebSite\",\"@id\":\"https:\\\/\\\/shrimataji.org\\\/test\\\/#website\",\"url\":\"https:\\\/\\\/shrimataji.org\\\/test\\\/\",\"name\":\"Shri Mataji Nirmala Devi\",\"description\":\"A Life Dedicated to Humanity\",\"publisher\":{\"@id\":\"https:\\\/\\\/shrimataji.org\\\/test\\\/#\\\/schema\\\/person\\\/a1b3419c6585f164aa96da1ff85715d1\"},\"potentialAction\":[{\"@type\":\"SearchAction\",\"target\":{\"@type\":\"EntryPoint\",\"urlTemplate\":\"https:\\\/\\\/shrimataji.org\\\/test\\\/?s={search_term_string}\"},\"query-input\":{\"@type\":\"PropertyValueSpecification\",\"valueRequired\":true,\"valueName\":\"search_term_string\"}}],\"inLanguage\":\"en-US\"},{\"@type\":[\"Person\",\"Organization\"],\"@id\":\"https:\\\/\\\/shrimataji.org\\\/test\\\/#\\\/schema\\\/person\\\/a1b3419c6585f164aa96da1ff85715d1\",\"name\":\"Nirmala Shrivastava\",\"image\":{\"@type\":\"ImageObject\",\"inLanguage\":\"en-US\",\"@id\":\"https:\\\/\\\/shrimataji.org\\\/test\\\/wp-content\\\/uploads\\\/2023\\\/02\\\/SMO_LOGO-03.svg\",\"url\":\"https:\\\/\\\/shrimataji.org\\\/test\\\/wp-content\\\/uploads\\\/2023\\\/02\\\/SMO_LOGO-03.svg\",\"contentUrl\":\"https:\\\/\\\/shrimataji.org\\\/test\\\/wp-content\\\/uploads\\\/2023\\\/02\\\/SMO_LOGO-03.svg\",\"width\":\"1024\",\"height\":\"1024\",\"caption\":\"Nirmala Shrivastava\"},\"logo\":{\"@id\":\"https:\\\/\\\/shrimataji.org\\\/test\\\/wp-content\\\/uploads\\\/2023\\\/02\\\/SMO_LOGO-03.svg\"},\"sameAs\":[\"https:\\\/\\\/shrimataji.org\\\/test\",\"https:\\\/\\\/www.facebook.com\\\/shrimataji\",\"https:\\\/\\\/x.com\\\/shrimataji\",\"https:\\\/\\\/www.youtube.com\\\/@Shri_Mataji_Nirmala_Devi\\\/featured\"]}]}<\/script>\n<!-- \/ Yoast SEO plugin. -->","yoast_head_json":{"title":"TEST - SMND","description":"A Life Dedicated to Humanity","robots":{"index":"noindex","follow":"follow","max-snippet":"max-snippet:-1","max-image-preview":"max-image-preview:large","max-video-preview":"max-video-preview:-1"},"og_locale":"en_US","og_type":"article","og_title":"Shri Mataji Nirmala Devi","og_description":"A Life Dedicated to Humanity","og_url":"https:\/\/shrimataji.org\/test\/hu\/home-en\/","og_site_name":"TEST - SMND","article_publisher":"https:\/\/www.facebook.com\/shrimataji","article_modified_time":"2026-04-11T19:59:32+00:00","og_image":[{"width":707,"height":700,"url":"https:\/\/shrimataji.org\/test\/wp-content\/uploads\/2018\/07\/fp11-e1588597806347.jpg","type":"image\/jpeg"}],"twitter_card":"summary_large_image","twitter_title":"Shri Mataji Nirmala Devi","twitter_description":"A Life Dedicated to Humanity","twitter_image":"https:\/\/shrimataji.org\/test\/wp-content\/uploads\/2018\/07\/fp11-e1588597806347.jpg","twitter_site":"@shrimataji","twitter_misc":{"Est. reading time":"3 minutes"},"schema":{"@context":"https:\/\/schema.org","@graph":[{"@type":"WebPage","@id":"https:\/\/shrimataji.org\/test\/hu\/home-en\/","url":"https:\/\/shrimataji.org\/test\/hu\/home-en\/","name":"TEST - SMND","isPartOf":{"@id":"https:\/\/shrimataji.org\/test\/#website"},"primaryImageOfPage":{"@id":"https:\/\/shrimataji.org\/test\/hu\/home-en\/#primaryimage"},"image":{"@id":"https:\/\/shrimataji.org\/test\/hu\/home-en\/#primaryimage"},"thumbnailUrl":"https:\/\/shrimataji.org\/test\/wp-content\/uploads\/2018\/07\/media_originals\/images\/shri-mataji-portraits\/shri-mataji-in-belgium-1984.jpg","datePublished":"2018-07-06T01:24:02+00:00","dateModified":"2026-04-11T19:59:32+00:00","description":"A Life Dedicated to Humanity","breadcrumb":{"@id":"https:\/\/shrimataji.org\/test\/hu\/home-en\/#breadcrumb"},"inLanguage":"en-US","potentialAction":[{"@type":"ReadAction","target":["https:\/\/shrimataji.org\/test\/hu\/home-en\/"]}]},{"@type":"ImageObject","inLanguage":"en-US","@id":"https:\/\/shrimataji.org\/test\/hu\/home-en\/#primaryimage","url":"https:\/\/shrimataji.org\/test\/wp-content\/uploads\/2018\/07\/media_originals\/images\/shri-mataji-portraits\/shri-mataji-in-belgium-1984.jpg","contentUrl":"https:\/\/shrimataji.org\/test\/wp-content\/uploads\/2018\/07\/media_originals\/images\/shri-mataji-portraits\/shri-mataji-in-belgium-1984.jpg","width":1500,"height":975},{"@type":"BreadcrumbList","@id":"https:\/\/shrimataji.org\/test\/hu\/home-en\/#breadcrumb","itemListElement":[{"@type":"ListItem","position":1,"name":"Home","item":"https:\/\/shrimataji.org\/test\/uk\/home-en\/"},{"@type":"ListItem","position":2,"name":"Home HU"}]},{"@type":"WebSite","@id":"https:\/\/shrimataji.org\/test\/#website","url":"https:\/\/shrimataji.org\/test\/","name":"Shri Mataji Nirmala Devi","description":"A Life Dedicated to Humanity","publisher":{"@id":"https:\/\/shrimataji.org\/test\/#\/schema\/person\/a1b3419c6585f164aa96da1ff85715d1"},"potentialAction":[{"@type":"SearchAction","target":{"@type":"EntryPoint","urlTemplate":"https:\/\/shrimataji.org\/test\/?s={search_term_string}"},"query-input":{"@type":"PropertyValueSpecification","valueRequired":true,"valueName":"search_term_string"}}],"inLanguage":"en-US"},{"@type":["Person","Organization"],"@id":"https:\/\/shrimataji.org\/test\/#\/schema\/person\/a1b3419c6585f164aa96da1ff85715d1","name":"Nirmala Shrivastava","image":{"@type":"ImageObject","inLanguage":"en-US","@id":"https:\/\/shrimataji.org\/test\/wp-content\/uploads\/2023\/02\/SMO_LOGO-03.svg","url":"https:\/\/shrimataji.org\/test\/wp-content\/uploads\/2023\/02\/SMO_LOGO-03.svg","contentUrl":"https:\/\/shrimataji.org\/test\/wp-content\/uploads\/2023\/02\/SMO_LOGO-03.svg","width":"1024","height":"1024","caption":"Nirmala Shrivastava"},"logo":{"@id":"https:\/\/shrimataji.org\/test\/wp-content\/uploads\/2023\/02\/SMO_LOGO-03.svg"},"sameAs":["https:\/\/shrimataji.org\/test","https:\/\/www.facebook.com\/shrimataji","https:\/\/x.com\/shrimataji","https:\/\/www.youtube.com\/@Shri_Mataji_Nirmala_Devi\/featured"]}]}},"lang":"hu","translations":{"hu":19488,"ur":28779,"en":5,"am":18011,"th":19959,"sq":18412,"zh":17309,"hi":8573,"tr":10167,"pl":10244,"pt":10379,"fr":10751,"it":10849,"es":10946,"ru":11431,"bn":11623,"te":11731,"sw":11854,"he":12002,"el":12293,"sk":12391,"fa":12489,"bg":13483,"ro":14558,"cs":14751,"de":15376,"ja":16420,"nl":16572,"ku":16732,"ar":16908,"be":18619,"kn":18893,"mr":20323,"uk":20615,"ml":20912,"ta":22727,"sv":23000,"bs":27286,"fi":28770,"gu":28935,"pa":29004,"fil":29446,"sd":31000,"da":37751,"nn":38303},"pll_sync_post":[],"_links":{"self":[{"href":"https:\/\/shrimataji.org\/test\/wp-json\/wp\/v2\/pages\/19488","targetHints":{"allow":["GET"]}}],"collection":[{"href":"https:\/\/shrimataji.org\/test\/wp-json\/wp\/v2\/pages"}],"about":[{"href":"https:\/\/shrimataji.org\/test\/wp-json\/wp\/v2\/types\/page"}],"author":[{"embeddable":true,"href":"https:\/\/shrimataji.org\/test\/wp-json\/wp\/v2\/users\/1"}],"replies":[{"embeddable":true,"href":"https:\/\/shrimataji.org\/test\/wp-json\/wp\/v2\/comments?post=19488"}],"version-history":[{"count":0,"href":"https:\/\/shrimataji.org\/test\/wp-json\/wp\/v2\/pages\/19488\/revisions"}],"wp:featuredmedia":[{"embeddable":true,"href":"https:\/\/shrimataji.org\/test\/wp-json\/wp\/v2\/media\/19233"}],"wp:attachment":[{"href":"https:\/\/shrimataji.org\/test\/wp-json\/wp\/v2\/media?parent=19488"}],"curies":[{"name":"wp","href":"https:\/\/api.w.org\/{rel}","templated":true}]}}