{"id":19490,"date":"2018-07-10T06:54:50","date_gmt":"2018-07-10T06:54:50","guid":{"rendered":"http:\/\/testwordpress.nirmalnagari.org\/smnd\/index.php\/house-and-home\/"},"modified":"2026-04-11T11:44:32","modified_gmt":"2026-04-11T11:44:32","slug":"house-and-home","status":"publish","type":"page","link":"https:\/\/shrimataji.org\/test\/hu\/house-and-home\/","title":{"rendered":"H\u00e1z \u00e9s otthon"},"content":{"rendered":"\n\n\t<h1>H\u00e1z \u00e9s otthon<\/h1>\n<h2>Ahol az eg\u00e9sz vil\u00e1g egy csal\u00e1d<\/h2>\n<figure itemscope itemtype=\"https:\/\/schema.org\/ImageObject\">\n\t\t\t\t<img decoding=\"async\" src=\"https:\/\/shrimataji.org\/test\/wp-content\/uploads\/2018\/07\/media_originals\/images\/shri-mataji-with-people\/shri-mataji-in-england.jpg\" alt=\"\u0160ri Matad\u017ei s hudobn\u00edkmi v Anglicku.\" height=\"1044\" width=\"1500\" title=\"shri-mataji-in-england\" onerror=\"this.style.display='none'\" loading=\"lazy\" \/>\n\t\t<figcaption>Shri Mataji zen\u00e9szekkel Angli\u00e1ban<\/figcaption>\n\t<\/figure>\n\t<p>Shri Mataji \u00f6ccse, Hemant Prasad Rao (&#8220;H.P.&#8221;) Salve gyakran vend\u00e9geskedett n\u00e1la, mik\u00f6zben a k\u00f6nyvel\u0151i vizsg\u00e1ira k\u00e9sz\u00fclt. Mr. Salve felid\u00e9zte, milyen gondoskod\u00e1ssal \u00e9s figyelemmel fordult fel\u00e9 akkoriban a n\u0151v\u00e9re, s\u0151t, k\u00e9s\u0151 estig fennmaradt, hogy elk\u00e9sz\u00edtse neki a szok\u00e1sos \u00e9jf\u00e9li te\u00e1j\u00e1t. El\u0151sz\u00f6r elaltatta a l\u00e1nyait, majd \u201e&#8230;miut\u00e1n k\u00f6r\u00fclbel\u00fcl egy \u00f3r\u00e1n \u00e1t massz\u00edrozta a fejemet, azt\u00e1n ment, k\u00e9sz\u00edtett egy cs\u00e9sze forr\u00f3 te\u00e1t, \u00e9s odaadta nekem.&#8221; <a href=\"#citation-note-1\" target=\"_blank\" rel=\"noopener\">[1]<\/a><\/p>\n<p>Vizsg\u00e1i ut\u00e1n Shri Mataji elvitte testv\u00e9r\u00e9t neves zen\u00e9szek koncertjeire. Korai aleln\u00f6ke volt a Sur Singar Samsadnak, egy zenei el\u0151ad\u00e1sokat t\u00e1mogat\u00f3 kultur\u00e1lis szervezetnek (most m\u00e1r megtal\u00e1lhat\u00f3k a Facebookon), valamint tagja volt a Bombayi Zenei Klubnak, \u00e9s gyakran h\u00edvt\u00e1k meg k\u00fcl\u00f6nf\u00e9le koncertekre. Mr. Salve eml\u00e9kezett arra a hatalmas kiv\u00e1lts\u00e1gra, hogy olyan nagyszer\u0171 m\u0171v\u00e9szeket hallgathatott, mint Bismillah Khan, Amir Khan, Bhinsen Joshi, Shivkumar Sharma \u00e9s Vilayat Khan. \u00c9vekkel k\u00e9s\u0151bb sz\u00e1mos neves zen\u00e9sz j\u00e1tszott szem\u00e9lyesen is Shri Matajinak, mint p\u00e9ld\u00e1ul Amjad Ali Khan, Hariprasad Chaurasia \u00e9s Debu Chaudhari.<\/p>\n<figure itemscope itemtype=\"https:\/\/schema.org\/ImageObject\">\n\t\t\t\t<img decoding=\"async\" src=\"https:\/\/shrimataji.org\/test\/wp-content\/uploads\/2018\/07\/media_originals\/images\/shri-mataji-and-family\/shri-mataji-with-her-brother-hp-salve-babamama.jpg\" alt=\"\u9521\u5415\u00b7\u739b\u5854\u5409\u4e0e\u5f1f\u5f1f Babamama- HP Salve\" height=\"422\" width=\"640\" title=\"shri-mataji-with-her-brother-hp-salve-babamama\" onerror=\"this.style.display='none'\" loading=\"lazy\" \/>\n\t\t<figcaption>Shri Mataji Babamama-HP Salve-val<\/figcaption>\n\t<\/figure>\n\t<p>1961-ben Shri Mataji megalap\u00edtotta az \u201eIfj\u00fas\u00e1gi Filmt\u00e1rsas\u00e1got&#8221;, hogy \u00f6szt\u00f6n\u00f6zze a fiatalok nemzeti, t\u00e1rsadalmi \u00e9s erk\u00f6lcsi \u00e9rt\u00e9keit. Tagja volt a mumbai filmcenz\u00fara bizotts\u00e1gnak is.<\/p>\n<figure itemscope itemtype=\"https:\/\/schema.org\/ImageObject\">\n\t\t\t\t<img decoding=\"async\" src=\"https:\/\/shrimataji.org\/test\/wp-content\/uploads\/2018\/07\/media_originals\/images\/shri-mataji-ceremonies-awards\/shri-mataji-attending-the-film-fare-award-ceremony-in-bombay.jpg\" alt=\"\u0160ri Matad\u017ei na ude\u013eovan\u00ed cien FilmFare v Bombaji, 70. roky\" height=\"446\" width=\"663\" title=\"shri-mataji-attending-the-film-fare-award-ceremony-in-bombay\" onerror=\"this.style.display='none'\" loading=\"lazy\" \/>\n\t\t<figcaption>Shri Mataji a FilmFare Awards d\u00edj\u00e1tad\u00f3n Mumbaiban, 1970-es \u00e9vekben<\/figcaption>\n\t<\/figure>\n<figure itemscope itemtype=\"https:\/\/schema.org\/ImageObject\">\n\t\t\t\t<img decoding=\"async\" src=\"https:\/\/shrimataji.org\/test\/wp-content\/uploads\/2018\/07\/media_originals\/images\/shri-mataji-with-people\/shri-mataji-nirmala-devi-with-indian-film-board-members-in-mumbai.jpg\" alt=\"\u0160ri Matad\u017ei s \u010dlenmi poroty Film award - filmov\u00fdch cien v Bombaji.\" height=\"512\" width=\"648\" title=\"shri-mataji-nirmala-devi-with-indian-film-board-members-in-mumbai\" onerror=\"this.style.display='none'\" loading=\"lazy\" \/>\n\t\t<figcaption>Shri Mataji a filmd\u00edj bizotts\u00e1g tagjaival Mumbaiban<\/figcaption>\n\t<\/figure>\n\t<p>\u201e&#8230; Shri Mataji elkezdett egy h\u00e1z\u00e1t \u00e9p\u00edteni Lucknow-ban&#8221; &#8211; eml\u00e9kezett vissza H.P. Salve. Amikor Shri Mataji Jabalpurba utazott, hogy nagy t\u00e9telben m\u00e1rv\u00e1nyt v\u00e1s\u00e1roljon, \u00f6ccse, aki gyakran elk\u00eds\u00e9rte, felfigyelt arra, hogy a gyakorlatias Shri Mataji nagyon j\u00f3 \u00e1ron k\u00e9pes kiv\u00e1l\u00f3 min\u0151s\u00e9g\u0171, eszt\u00e9tikus anyagokat beszerezni az eredeti forr\u00e1sukt\u00f3l. Ez a k\u00e9szs\u00e9g az \u00e9vek sor\u00e1n is hasznos maradt, mivel Shri Mataji sz\u00e1mos h\u00e1z \u00e9p\u00edt\u00e9s\u00e9t \u00e9s fel\u00faj\u00edt\u00e1s\u00e1t fel\u00fcgyelte. A romos ingatlanok \u00e1tv\u00e9tele \u00e9s jav\u00edt\u00e1sa Shri Mataji k\u00e9s\u0151bbi \u00e9let\u00e9nek jellemz\u0151j\u00e9v\u00e9 v\u00e1lt, hasonl\u00f3an ahhoz a k\u00e9pess\u00e9g\u00e9hez, hogy s\u00e9r\u00fclt embereket fogadjon otthon\u00e1ba, \u00e9s seg\u00edtsen nekik visszanyerni egyens\u00falyukat \u00e9s eg\u00e9szs\u00e9g\u00fcket.<\/p>\n<figure itemscope itemtype=\"https:\/\/schema.org\/ImageObject\">\n\t\t\t\t<img decoding=\"async\" src=\"https:\/\/shrimataji.org\/test\/wp-content\/uploads\/2023\/03\/Prasthisthan_Outside.webp\" alt=\"Dom \u0160ri Matad\u017ei v Prati\u0161t\u00e1ne, Pune\" height=\"1333\" width=\"2000\" title=\"Prasthisthan_Outside\" onerror=\"this.style.display='none'\" loading=\"lazy\" \/>\n\t\t<figcaption>Shri Mataji h\u00e1za Prathisthanban, Pune-ban<\/figcaption>\n\t<\/figure>\n<figure itemscope itemtype=\"https:\/\/schema.org\/ImageObject\">\n\t\t\t\t<img decoding=\"async\" src=\"https:\/\/shrimataji.org\/test\/wp-content\/uploads\/2023\/03\/Prasthisthan_Inside1.jpg\" alt=\"Interi\u00e9r domu v Prati\u0161thane\" height=\"800\" width=\"1200\" title=\"Prasthisthan_Inside1\" onerror=\"this.style.display='none'\" loading=\"lazy\" \/>\n\t\t<figcaption>Shri Mataji h\u00e1za Prathisthanban, Pune-ban<\/figcaption>\n\t<\/figure>\n\t<p>Mr. Salve ezt \u00edrta eml\u00e9kirataiban: \u201eMiut\u00e1n megrendelt\u00fck a m\u00e1rv\u00e1nyt, elment\u00fcnk tal\u00e1lkozni egy unokatestv\u00e9r\u00fcnkkel. A l\u00e1nya a helyi Robertson College egyik professzor\u00e1nak a di\u00e1kja volt, aki spiritu\u00e1lis el\u0151ad\u00e1sokat tartott. Ismerve Shri Mataji spiritualit\u00e1s ir\u00e1nti hajlam\u00e1t, unokatestv\u00e9rem tal\u00e1lkoz\u00f3t szervezett Shri Mataji \u00e9s a professzor k\u00f6z\u00f6tt. Nirmal\u00e1t megl\u00e1tva felemelt karokkal odafutott hozz\u00e1, \u00e9s \u00edgy ki\u00e1ltott: \u00bb\u00d3, Any\u00e1m, &#8230; m\u00e1r olyan r\u00e9g\u00f3ta v\u00e1rom, hogy tal\u00e1lkozzunk! \u00c9s ma teljes\u00fclt az \u00e1lmom!\u00ab Ezt mondva, Shri Mataji l\u00e1baihoz borult. \u00c9n szem\u00e9lyes tan\u00faja voltam mindezeknek, ak\u00e1rcsak az unokatestv\u00e9rem \u00e9s a l\u00e1nya.&#8221;<\/p>\n<p>Ez 1961-ben t\u00f6rt\u00e9nt, ekkor Nirmala m\u00e9g nem kezdte el spiritu\u00e1lis munk\u00e1j\u00e1t. Szeret\u0151 \u00e9s odaad\u00f3 feles\u00e9gk\u00e9nt \u00e9s anyak\u00e9nt megv\u00e1rta, am\u00edg k\u00e9t l\u00e1nya feln\u0151tt \u00e9s f\u00e9rjhez ment.<\/p>\n\t<h5>\u201eAhhoz, hogy rendet tegy\u00fcnk a vil\u00e1gban, el\u0151sz\u00f6r rendet kell tenn\u00fcnk a nemzetben; ahhoz, hogy rendet tegy\u00fcnk a nemzetben, rendet kell tenn\u00fcnk a csal\u00e1dban; ahhoz, hogy rendet tegy\u00fcnk a csal\u00e1dban, \u00e1polnunk kell a szem\u00e9lyes \u00e9let\u00fcnket; \u00e9s ahhoz, hogy rendet tegy\u00fcnk a szem\u00e9lyes \u00e9let\u00fcnkben, el\u0151sz\u00f6r a sz\u00edv\u00fcnket kell helyretenn\u00fcnk.&#8221;<\/h5>\n<h5>Konfuciusz<\/h5>\n\t<hr \/>\n<h3>1. <a href=\"#citation-ref-1\">^<\/a>\u00a0 H. P. Salve, \u201eEml\u00e9kirataim&#8221;, \u00dajdelhi: Life Eternal Trust, 2000.<\/h3>\n\n","protected":false},"excerpt":{"rendered":"<p>H\u00e1z \u00e9s otthon Ahol az eg\u00e9sz vil\u00e1g egy csal\u00e1d Shri Mataji zen\u00e9szekkel Angli\u00e1ban Shri Mataji \u00f6ccse, Hemant Prasad Rao (&#8220;H.P.&#8221;) Salve gyakran vend\u00e9geskedett n\u00e1la, mik\u00f6zben a k\u00f6nyvel\u0151i vizsg\u00e1ira k\u00e9sz\u00fclt. Mr. Salve felid\u00e9zte, milyen gondoskod\u00e1ssal \u00e9s figyelemmel fordult fel\u00e9 akkoriban a n\u0151v\u00e9re, s\u0151t, k\u00e9s\u0151 estig fennmaradt, hogy elk\u00e9sz\u00edtse neki a szok\u00e1sos \u00e9jf\u00e9li te\u00e1j\u00e1t. El\u0151sz\u00f6r elaltatta a&hellip; <br \/> <a class=\"read-more\" href=\"https:\/\/shrimataji.org\/test\/hu\/house-and-home\/\">Read more<\/a><\/p>\n","protected":false},"author":1,"featured_media":19236,"parent":0,"menu_order":0,"comment_status":"closed","ping_status":"closed","template":"","meta":{"inline_featured_image":false,"footnotes":""},"class_list":["post-19490","page","type-page","status-publish","has-post-thumbnail","hentry"],"yoast_head":"<!-- This site is optimized with the Yoast SEO plugin v27.4 - https:\/\/yoast.com\/product\/yoast-seo-wordpress\/ -->\n<title>H\u00e1z \u00e9s otthon - TEST - SMND<\/title>\n<meta name=\"robots\" content=\"noindex, follow, max-snippet:-1, max-image-preview:large, max-video-preview:-1\" \/>\n<meta property=\"og:locale\" content=\"en_US\" \/>\n<meta property=\"og:type\" content=\"article\" \/>\n<meta property=\"og:title\" content=\"H\u00e1z \u00e9s otthon - TEST - SMND\" \/>\n<meta property=\"og:description\" content=\"H\u00e1z \u00e9s otthon Ahol az eg\u00e9sz vil\u00e1g egy csal\u00e1d Shri Mataji zen\u00e9szekkel Angli\u00e1ban Shri Mataji \u00f6ccse, Hemant Prasad Rao (&#8220;H.P.&#8221;) Salve gyakran vend\u00e9geskedett n\u00e1la, mik\u00f6zben a k\u00f6nyvel\u0151i vizsg\u00e1ira k\u00e9sz\u00fclt. Mr. Salve felid\u00e9zte, milyen gondoskod\u00e1ssal \u00e9s figyelemmel fordult fel\u00e9 akkoriban a n\u0151v\u00e9re, s\u0151t, k\u00e9s\u0151 estig fennmaradt, hogy elk\u00e9sz\u00edtse neki a szok\u00e1sos \u00e9jf\u00e9li te\u00e1j\u00e1t. El\u0151sz\u00f6r elaltatta a&hellip; Read more\" \/>\n<meta property=\"og:url\" content=\"https:\/\/shrimataji.org\/test\/hu\/house-and-home\/\" \/>\n<meta property=\"og:site_name\" content=\"TEST - SMND\" \/>\n<meta property=\"article:publisher\" content=\"https:\/\/www.facebook.com\/shrimataji\" \/>\n<meta property=\"article:modified_time\" content=\"2026-04-11T11:44:32+00:00\" \/>\n<meta property=\"og:image\" content=\"https:\/\/shrimataji.org\/test\/wp-content\/uploads\/2023\/03\/3_Banner_EarlyLife-House-scaled.jpg\" \/>\n\t<meta property=\"og:image:width\" content=\"2560\" \/>\n\t<meta property=\"og:image:height\" content=\"905\" \/>\n\t<meta property=\"og:image:type\" content=\"image\/jpeg\" \/>\n<meta name=\"twitter:card\" content=\"summary_large_image\" \/>\n<meta name=\"twitter:site\" content=\"@shrimataji\" \/>\n<meta name=\"twitter:label1\" content=\"Est. reading time\" \/>\n\t<meta name=\"twitter:data1\" content=\"4 minutes\" \/>\n<script type=\"application\/ld+json\" class=\"yoast-schema-graph\">{\"@context\":\"https:\\\/\\\/schema.org\",\"@graph\":[{\"@type\":\"WebPage\",\"@id\":\"https:\\\/\\\/shrimataji.org\\\/test\\\/hu\\\/house-and-home\\\/\",\"url\":\"https:\\\/\\\/shrimataji.org\\\/test\\\/hu\\\/house-and-home\\\/\",\"name\":\"H\u00e1z \u00e9s otthon - TEST - SMND\",\"isPartOf\":{\"@id\":\"https:\\\/\\\/shrimataji.org\\\/test\\\/#website\"},\"primaryImageOfPage\":{\"@id\":\"https:\\\/\\\/shrimataji.org\\\/test\\\/hu\\\/house-and-home\\\/#primaryimage\"},\"image\":{\"@id\":\"https:\\\/\\\/shrimataji.org\\\/test\\\/hu\\\/house-and-home\\\/#primaryimage\"},\"thumbnailUrl\":\"https:\\\/\\\/shrimataji.org\\\/test\\\/wp-content\\\/uploads\\\/2023\\\/03\\\/3_Banner_EarlyLife-House-scaled.jpg\",\"datePublished\":\"2018-07-10T06:54:50+00:00\",\"dateModified\":\"2026-04-11T11:44:32+00:00\",\"breadcrumb\":{\"@id\":\"https:\\\/\\\/shrimataji.org\\\/test\\\/hu\\\/house-and-home\\\/#breadcrumb\"},\"inLanguage\":\"en-US\",\"potentialAction\":[{\"@type\":\"ReadAction\",\"target\":[\"https:\\\/\\\/shrimataji.org\\\/test\\\/hu\\\/house-and-home\\\/\"]}]},{\"@type\":\"ImageObject\",\"inLanguage\":\"en-US\",\"@id\":\"https:\\\/\\\/shrimataji.org\\\/test\\\/hu\\\/house-and-home\\\/#primaryimage\",\"url\":\"https:\\\/\\\/shrimataji.org\\\/test\\\/wp-content\\\/uploads\\\/2023\\\/03\\\/3_Banner_EarlyLife-House-scaled.jpg\",\"contentUrl\":\"https:\\\/\\\/shrimataji.org\\\/test\\\/wp-content\\\/uploads\\\/2023\\\/03\\\/3_Banner_EarlyLife-House-scaled.jpg\",\"width\":2560,\"height\":905},{\"@type\":\"BreadcrumbList\",\"@id\":\"https:\\\/\\\/shrimataji.org\\\/test\\\/hu\\\/house-and-home\\\/#breadcrumb\",\"itemListElement\":[{\"@type\":\"ListItem\",\"position\":1,\"name\":\"Home\",\"item\":\"https:\\\/\\\/shrimataji.org\\\/test\\\/uk\\\/home-en\\\/\"},{\"@type\":\"ListItem\",\"position\":2,\"name\":\"H\u00e1z \u00e9s otthon\"}]},{\"@type\":\"WebSite\",\"@id\":\"https:\\\/\\\/shrimataji.org\\\/test\\\/#website\",\"url\":\"https:\\\/\\\/shrimataji.org\\\/test\\\/\",\"name\":\"Shri Mataji Nirmala Devi\",\"description\":\"A Life Dedicated to Humanity\",\"publisher\":{\"@id\":\"https:\\\/\\\/shrimataji.org\\\/test\\\/#\\\/schema\\\/person\\\/a1b3419c6585f164aa96da1ff85715d1\"},\"potentialAction\":[{\"@type\":\"SearchAction\",\"target\":{\"@type\":\"EntryPoint\",\"urlTemplate\":\"https:\\\/\\\/shrimataji.org\\\/test\\\/?s={search_term_string}\"},\"query-input\":{\"@type\":\"PropertyValueSpecification\",\"valueRequired\":true,\"valueName\":\"search_term_string\"}}],\"inLanguage\":\"en-US\"},{\"@type\":[\"Person\",\"Organization\"],\"@id\":\"https:\\\/\\\/shrimataji.org\\\/test\\\/#\\\/schema\\\/person\\\/a1b3419c6585f164aa96da1ff85715d1\",\"name\":\"Nirmala Shrivastava\",\"image\":{\"@type\":\"ImageObject\",\"inLanguage\":\"en-US\",\"@id\":\"https:\\\/\\\/shrimataji.org\\\/test\\\/wp-content\\\/uploads\\\/2023\\\/02\\\/SMO_LOGO-03.svg\",\"url\":\"https:\\\/\\\/shrimataji.org\\\/test\\\/wp-content\\\/uploads\\\/2023\\\/02\\\/SMO_LOGO-03.svg\",\"contentUrl\":\"https:\\\/\\\/shrimataji.org\\\/test\\\/wp-content\\\/uploads\\\/2023\\\/02\\\/SMO_LOGO-03.svg\",\"width\":\"1024\",\"height\":\"1024\",\"caption\":\"Nirmala Shrivastava\"},\"logo\":{\"@id\":\"https:\\\/\\\/shrimataji.org\\\/test\\\/wp-content\\\/uploads\\\/2023\\\/02\\\/SMO_LOGO-03.svg\"},\"sameAs\":[\"https:\\\/\\\/shrimataji.org\\\/test\",\"https:\\\/\\\/www.facebook.com\\\/shrimataji\",\"https:\\\/\\\/x.com\\\/shrimataji\",\"https:\\\/\\\/www.youtube.com\\\/@Shri_Mataji_Nirmala_Devi\\\/featured\"]}]}<\/script>\n<!-- \/ Yoast SEO plugin. -->","yoast_head_json":{"title":"H\u00e1z \u00e9s otthon - TEST - SMND","robots":{"index":"noindex","follow":"follow","max-snippet":"max-snippet:-1","max-image-preview":"max-image-preview:large","max-video-preview":"max-video-preview:-1"},"og_locale":"en_US","og_type":"article","og_title":"H\u00e1z \u00e9s otthon - TEST - SMND","og_description":"H\u00e1z \u00e9s otthon Ahol az eg\u00e9sz vil\u00e1g egy csal\u00e1d Shri Mataji zen\u00e9szekkel Angli\u00e1ban Shri Mataji \u00f6ccse, Hemant Prasad Rao (&#8220;H.P.&#8221;) Salve gyakran vend\u00e9geskedett n\u00e1la, mik\u00f6zben a k\u00f6nyvel\u0151i vizsg\u00e1ira k\u00e9sz\u00fclt. Mr. Salve felid\u00e9zte, milyen gondoskod\u00e1ssal \u00e9s figyelemmel fordult fel\u00e9 akkoriban a n\u0151v\u00e9re, s\u0151t, k\u00e9s\u0151 estig fennmaradt, hogy elk\u00e9sz\u00edtse neki a szok\u00e1sos \u00e9jf\u00e9li te\u00e1j\u00e1t. El\u0151sz\u00f6r elaltatta a&hellip; Read more","og_url":"https:\/\/shrimataji.org\/test\/hu\/house-and-home\/","og_site_name":"TEST - SMND","article_publisher":"https:\/\/www.facebook.com\/shrimataji","article_modified_time":"2026-04-11T11:44:32+00:00","og_image":[{"width":2560,"height":905,"url":"https:\/\/shrimataji.org\/test\/wp-content\/uploads\/2023\/03\/3_Banner_EarlyLife-House-scaled.jpg","type":"image\/jpeg"}],"twitter_card":"summary_large_image","twitter_site":"@shrimataji","twitter_misc":{"Est. reading time":"4 minutes"},"schema":{"@context":"https:\/\/schema.org","@graph":[{"@type":"WebPage","@id":"https:\/\/shrimataji.org\/test\/hu\/house-and-home\/","url":"https:\/\/shrimataji.org\/test\/hu\/house-and-home\/","name":"H\u00e1z \u00e9s otthon - TEST - SMND","isPartOf":{"@id":"https:\/\/shrimataji.org\/test\/#website"},"primaryImageOfPage":{"@id":"https:\/\/shrimataji.org\/test\/hu\/house-and-home\/#primaryimage"},"image":{"@id":"https:\/\/shrimataji.org\/test\/hu\/house-and-home\/#primaryimage"},"thumbnailUrl":"https:\/\/shrimataji.org\/test\/wp-content\/uploads\/2023\/03\/3_Banner_EarlyLife-House-scaled.jpg","datePublished":"2018-07-10T06:54:50+00:00","dateModified":"2026-04-11T11:44:32+00:00","breadcrumb":{"@id":"https:\/\/shrimataji.org\/test\/hu\/house-and-home\/#breadcrumb"},"inLanguage":"en-US","potentialAction":[{"@type":"ReadAction","target":["https:\/\/shrimataji.org\/test\/hu\/house-and-home\/"]}]},{"@type":"ImageObject","inLanguage":"en-US","@id":"https:\/\/shrimataji.org\/test\/hu\/house-and-home\/#primaryimage","url":"https:\/\/shrimataji.org\/test\/wp-content\/uploads\/2023\/03\/3_Banner_EarlyLife-House-scaled.jpg","contentUrl":"https:\/\/shrimataji.org\/test\/wp-content\/uploads\/2023\/03\/3_Banner_EarlyLife-House-scaled.jpg","width":2560,"height":905},{"@type":"BreadcrumbList","@id":"https:\/\/shrimataji.org\/test\/hu\/house-and-home\/#breadcrumb","itemListElement":[{"@type":"ListItem","position":1,"name":"Home","item":"https:\/\/shrimataji.org\/test\/uk\/home-en\/"},{"@type":"ListItem","position":2,"name":"H\u00e1z \u00e9s otthon"}]},{"@type":"WebSite","@id":"https:\/\/shrimataji.org\/test\/#website","url":"https:\/\/shrimataji.org\/test\/","name":"Shri Mataji Nirmala Devi","description":"A Life Dedicated to Humanity","publisher":{"@id":"https:\/\/shrimataji.org\/test\/#\/schema\/person\/a1b3419c6585f164aa96da1ff85715d1"},"potentialAction":[{"@type":"SearchAction","target":{"@type":"EntryPoint","urlTemplate":"https:\/\/shrimataji.org\/test\/?s={search_term_string}"},"query-input":{"@type":"PropertyValueSpecification","valueRequired":true,"valueName":"search_term_string"}}],"inLanguage":"en-US"},{"@type":["Person","Organization"],"@id":"https:\/\/shrimataji.org\/test\/#\/schema\/person\/a1b3419c6585f164aa96da1ff85715d1","name":"Nirmala Shrivastava","image":{"@type":"ImageObject","inLanguage":"en-US","@id":"https:\/\/shrimataji.org\/test\/wp-content\/uploads\/2023\/02\/SMO_LOGO-03.svg","url":"https:\/\/shrimataji.org\/test\/wp-content\/uploads\/2023\/02\/SMO_LOGO-03.svg","contentUrl":"https:\/\/shrimataji.org\/test\/wp-content\/uploads\/2023\/02\/SMO_LOGO-03.svg","width":"1024","height":"1024","caption":"Nirmala Shrivastava"},"logo":{"@id":"https:\/\/shrimataji.org\/test\/wp-content\/uploads\/2023\/02\/SMO_LOGO-03.svg"},"sameAs":["https:\/\/shrimataji.org\/test","https:\/\/www.facebook.com\/shrimataji","https:\/\/x.com\/shrimataji","https:\/\/www.youtube.com\/@Shri_Mataji_Nirmala_Devi\/featured"]}]}},"lang":"hu","translations":{"hu":19490,"ur":37439,"en":440,"am":18013,"th":19962,"sq":18414,"zh":17311,"tr":10168,"pt":10380,"de":10654,"fr":10752,"es":10947,"ja":11244,"ru":11432,"bn":11624,"te":11732,"sw":11855,"he":12003,"el":12294,"sk":12392,"fa":12490,"fi":12588,"bg":13445,"it":13527,"ro":14519,"cs":14712,"nl":16574,"ku":16734,"ar":16910,"be":18621,"kn":18895,"mr":20326,"uk":20618,"ml":20915,"ta":22729,"sv":23002,"gu":28846,"pa":29006,"fil":29448,"da":37753,"pl":37966,"nn":38305},"pll_sync_post":[],"_links":{"self":[{"href":"https:\/\/shrimataji.org\/test\/wp-json\/wp\/v2\/pages\/19490","targetHints":{"allow":["GET"]}}],"collection":[{"href":"https:\/\/shrimataji.org\/test\/wp-json\/wp\/v2\/pages"}],"about":[{"href":"https:\/\/shrimataji.org\/test\/wp-json\/wp\/v2\/types\/page"}],"author":[{"embeddable":true,"href":"https:\/\/shrimataji.org\/test\/wp-json\/wp\/v2\/users\/1"}],"replies":[{"embeddable":true,"href":"https:\/\/shrimataji.org\/test\/wp-json\/wp\/v2\/comments?post=19490"}],"version-history":[{"count":0,"href":"https:\/\/shrimataji.org\/test\/wp-json\/wp\/v2\/pages\/19490\/revisions"}],"wp:featuredmedia":[{"embeddable":true,"href":"https:\/\/shrimataji.org\/test\/wp-json\/wp\/v2\/media\/19236"}],"wp:attachment":[{"href":"https:\/\/shrimataji.org\/test\/wp-json\/wp\/v2\/media?parent=19490"}],"curies":[{"name":"wp","href":"https:\/\/api.w.org\/{rel}","templated":true}]}}