{"id":19492,"date":"2022-01-23T03:18:48","date_gmt":"2022-01-23T03:18:48","guid":{"rendered":"https:\/\/test.shrimataji.org\/?page_id=6279"},"modified":"2026-04-21T18:43:42","modified_gmt":"2026-04-21T18:43:42","slug":"how-to-meditate","status":"publish","type":"page","link":"https:\/\/shrimataji.org\/test\/hu\/how-to-meditate\/","title":{"rendered":"Hogyan medit\u00e1ljunk"},"content":{"rendered":"\n\n\t<h1>Hogyan medit\u00e1ljunk<\/h1>\n<h2>Napi rutin kialak\u00edt\u00e1sa<\/h2>\n<div class=\"su-quote su-quote-style-default\"><div class=\"su-quote-inner su-u-clearfix su-u-trim\"> A Sahaja J\u00f3g\u00e1ban a medit\u00e1ci\u00f3 nem egy cselekv\u00e9s. Medit\u00e1ci\u00f3ban vagy. Meditat\u00edvv\u00e1 v\u00e1lsz. <\/div><\/div>\n<h4>Miut\u00e1n fel\u00e9bredt benned a\u00a0<a href=\"https:\/\/shrimataji.org\/test\/kundalini\/\" target=\"_blank\" rel=\"noopener\">Kundalini<\/a>\u00a0ereje el\u00e9rted az <a href=\"https:\/\/shrimataji.org\/test\/experience-your-self-realization\/\" target=\"_blank\" rel=\"noopener\">\u00f6nmegval\u00f3sul\u00e1st<\/a>, gondoskodnod kell r\u00f3la, hogy fenntartsd \u00e9s elm\u00e9ly\u00edtsd, ahogyan egy cs\u00edr\u00e1z\u00f3 magot is gondozn\u00e1l a napf\u00e9ny \u00e9s a v\u00edz seg\u00edts\u00e9g\u00e9vel. Ennek egyetlen legfontosabb m\u00f3dja a rendszeres medit\u00e1ci\u00f3. A medit\u00e1ci\u00f3 ink\u00e1bb egy \u00e1llapot, mint egy tev\u00e9kenys\u00e9g, de van n\u00e9h\u00e1ny egyszer\u0171 l\u00e9p\u00e9s, amit megtehet\u00fcnk egy olyan k\u00f6rnyezet \u00e9s rutin kialak\u00edt\u00e1s\u00e1hoz, amely el\u0151seg\u00edti a meditat\u00edv \u00e1llapot elm\u00e9ly\u00fcl\u00e9s\u00e9t.<\/h4>\n<p>El\u0151sz\u00f6r is, keress egy helyet, ahol k\u00e9nyelmesen \u00e9rzed magad \u00e9s nincsenek zavar\u00f3 k\u00f6r\u00fclm\u00e9nyek. \u00dclhetsz a padl\u00f3n vagy egy sz\u00e9ken, att\u00f3l f\u00fcgg\u0151en, hogy mi a legk\u00e9nyelmesebb a sz\u00e1modra. Helyezd a kezeidet az \u00f6ledbe teny\u00e9rrel felfel\u00e9. Nyugodj meg, laz\u00edts, \u00e9s ir\u00e1ny\u00edtsd a figyelmedet befel\u00e9, pr\u00f3b\u00e1ld megfigyelni, mi t\u00f6rt\u00e9nik benned. Figyeld a gondolataidat, \u00e9s hagyd, hogy lelassuljanak. Ezut\u00e1n v\u00e1gyj arra a csendre \u00e9s boldogs\u00e1g \u00e1llapot\u00e1ra, amelyet a medit\u00e1ci\u00f3 hozhat, \u00e9s amelyet az \u00f6nmegval\u00f3sul\u00e1skor, az els\u0151 medit\u00e1ci\u00f3s gyakorlat sor\u00e1n tapasztalt\u00e1l. A tiszta v\u00e1gy a\u00a0<a href=\"https:\/\/shrimataji.org\/test\/sahaja-yoga-meditation-2\/\" target=\"_blank\" rel=\"noopener\">Sahaja J\u00f3ga medit\u00e1ci\u00f3<\/a> els\u0151 technik\u00e1ja, \u00e9s ez az, ami minden alkalommal, amikor befel\u00e9 ir\u00e1ny\u00edtod a figyelmedet, egy l\u00e9p\u00e9ssel m\u00e9lyebbre visz a meditat\u00edv \u00e1llapotodban.<\/p>\n\t<p>Egy m\u00e1sodik m\u00f3dszer az, hogy miut\u00e1n megnyugodt\u00e1l, gyeng\u00e9den a fejed tetej\u00e9re, a kutacsok ter\u00fclet\u00e9re ir\u00e1ny\u00edtod a figyelmedet. Ez a\u00a0<a href=\"https:\/\/shrimataji.org\/test\/sahasrara-chakra\/\" target=\"_blank\" rel=\"noopener\">Sahasrara csakra<\/a>, ahol a Kundalini kil\u00e9p a fejb\u0151l a limbikus rendszer megvil\u00e1gosod\u00e1sa ut\u00e1n. Ez az a birodalom, amely a gondolkod\u00e1si folyamatunk felett \u00e1ll, \u00e9s ahol kapcsolatban \u00e1llunk a kollekt\u00edv tudattalannal. A tenyered k\u00f6zep\u00e9t a kutacs ter\u00fclet\u00e9re helyezheted, h\u00e1trafesz\u00edtve az ujjaidat, \u00e9s k\u00f6rk\u00f6r\u00f6s mozdulatokkal kiss\u00e9 megmozgathatod a fejb\u0151r\u00f6det. Ez hasonl\u00f3 ahhoz az utols\u00f3 l\u00e9p\u00e9shez, amelyet az \u00f6nmegval\u00f3sul\u00e1shoz vezet\u0151 gyakorlat sor\u00e1n tett\u00e9l. Ez seg\u00edt a figyelmedet a legfels\u0151 csakr\u00e1ra ir\u00e1ny\u00edtani, \u00e9s megteremteni a kapcsolatot<\/p>\n<p>Most adj magadnak egy kis id\u0151t, hogy a meditat\u00edv \u00e1llapot kialakuljon. Figyeld meg magad, a Kundalini mozg\u00e1s\u00e1t, a figyelmed elm\u00e9ly\u00fcl\u00e9s\u00e9t, a gondolatok cs\u00f6kken\u00e9s\u00e9vel bek\u00f6sz\u00f6nt\u0151 b\u00e9k\u00e9t \u00e9s nyugalmat, \u00e9s az \u00f6r\u00f6m \u00e9rz\u00e9s\u00e9nek n\u00f6veked\u00e9s\u00e9t. \u00c9l\u0151 folyamatk\u00e9nt a medit\u00e1ci\u00f3 a saj\u00e1t \u00fatj\u00e1t j\u00e1rja, \u00e9s a Kundalini \u00faj \u00e9s gy\u00f6ny\u00f6r\u0171 jellemvon\u00e1saidat vil\u00e1g\u00edtja meg. B\u00e1r a <a href=\"https:\/\/shrimataji.org\/test\/chakras-qualities\/\" target=\"_blank\" rel=\"noopener\"><u>Csakr\u00e1k<\/u><\/a> \u00e9s a <a href=\"https:\/\/shrimataji.org\/test\/nadis-the-three-moods\/\" target=\"_blank\" rel=\"noopener\"><u>N\u00e1dik<\/u><\/a> finom rendszere mindannyiunkban egyforma, m\u00e9gis mindenkinek megvan a saj\u00e1t szem\u00e9lyes tapasztalata \u00e9s spiritu\u00e1lis \u00fatja &#8211; k\u00f6vesd ezt az utat, mint \u00f6nmagad felfedez\u00e9s\u00e9t.<\/p>\n<p>A medit\u00e1ci\u00f3 v\u00e9ge fel\u00e9 emeld a kezed n\u00e9h\u00e1ny centim\u00e9terrel a fejed f\u00f6l\u00e9, hogy l\u00e1sd, \u00e9rzel-e h\u0171v\u00f6s vagy meleg szell\u0151t. Ha m\u00e1r gyakorlottab vagy, b\u00e1rmikor a nap sor\u00e1n is a Sahasrara csakr\u00e1dra emelheted a figyelmedet. Az er\u0151, ami fel\u00e9breszti a Kundalinit Shri Matajib\u00f3l \u00e1ramlik, ez\u00e9rt ha medit\u00e1ci\u00f3 k\u00f6zben magad el\u00e9 teszel egy k\u00e9pet Shri Matajir\u00f3l, az seg\u00edti a Kundalini felemelked\u00e9s\u00e9t \u00e9s elm\u00e9ly\u00edteni a medit\u00e1ci\u00f3dat. Ha szeretn\u00e9d, let\u00f6ltheted \u00e9s kinyomtathatod a k\u00e9pet ezen a\u00a0<a href=\"https:\/\/shrimataji.org\/test\/experience-your-self-realization\/\"><u>linken<\/u><\/a>.<\/p>\n<p>Az elemek haszn\u00e1lata is seg\u00edt: Helyezz egy gyerty\u00e1t Shri Mataji k\u00e9pe el\u00e9, amely a t\u0171z \u00e9s a f\u00e9ny elem\u00e9t jelk\u00e9pezi. A f\u00fcst\u00f6l\u0151 illata a f\u00f6ld elem esszenci\u00e1j\u00e1t jelk\u00e9pezi. A kiegyens\u00falyozott \u00e9s nyugtat\u00f3 zene (a klasszikus zene legt\u00f6bb form\u00e1ja, mind a keleti, mind a nyugati) seg\u00edthet megnyugodni, de mindenk\u00e9ppen t\u00f6lts egy kis id\u0151t csendben is, befel\u00e9 ir\u00e1nyul\u00f3 figyelemmel.<\/p>\n<div class=\"su-quote su-quote-style-default\"><div class=\"su-quote-inner su-u-clearfix su-u-trim\"> Medit\u00e1ci\u00f3 k\u00f6zben gondolatmentesen tudatoss\u00e1 v\u00e1lsz. A gondolatmentes tudatoss\u00e1gban kezdesz el fejl\u0151dni. Ez az az \u00e1llapot, amelyet el kell \u00e9rni. <\/div><\/div>\n<p>Mivel a Sahaja J\u00f3ga gyakorl\u00e1sa sor\u00e1n egy \u00e9l\u0151 folyamat zajlik le benn\u00fcnk, a medit\u00e1ci\u00f3s \u00e9lm\u00e9ny is term\u00e9szetes m\u00f3don t\u00f6rt\u00e9nik. Az itt le\u00edrt rutin megteremti a felt\u00e9teleket ehhez a folyamathoz. A rendszeres medit\u00e1ci\u00f3 seg\u00edt meger\u0151s\u00edteni a Kundalinidet, elm\u00e9ly\u00edteni a meditat\u00edv \u00e1llapotodat \u00e9s megtapasztalni a bels\u0151 \u00e9ned \u00f6r\u00f6m\u00e9t.<\/p>\n<p>Ide\u00e1lis esetben reggel \u00e9s este sz\u00e1nj id\u0151t a medit\u00e1ci\u00f3ra. N\u00e9h\u00e1ny h\u00e9t m\u00falva \u00e9rezned kell az eredm\u00e9nyeket \u00e9s a j\u00f3t\u00e9kony hat\u00e1sokat. Nincs egy\u00e9rtelm\u0171 szab\u00e1ly arra vonatkoz\u00f3an, hogy mennyi ideig kell medit\u00e1lnod &#8211; egyes gyakorl\u00f3k 10 percig medit\u00e1lnak, m\u00e1sok t\u00f6bb mint egy \u00f3r\u00e1n \u00e1t, \u00e9s ez napr\u00f3l napra v\u00e1ltozhat. A l\u00e9nyeg, hogy megtapasztald a meditat\u00edv \u00e1llapotot. J\u00f3 kiindul\u00f3pontk\u00e9nt legal\u00e1bb 10-15 percet javasolunk, hogy a Kundalini meger\u0151s\u00edtse a finomrendszeredet, \u00e9s a meditat\u00edv \u00e1llapot kialakuljon.<\/p>\n<p>Haszn\u00e1lhatod a <a href=\"https:\/\/shrimataji.org\/test\/wp-content\/uploads\/2024\/04\/Meditation-and-Balancing-Guide_2024.pdf\" target=\"_blank\" rel=\"noopener\"><strong>Medit\u00e1ci\u00f3s \u00e9s Egyens\u00falyoz\u00e1si \u00datmutat\u00f3 lapo<\/strong><strong>t<\/strong><\/a>, hogy kialak\u00edts egy napi medit\u00e1ci\u00f3s rutint.<\/p>\n<p>Az \u00f6nmegval\u00f3sul\u00e1s az els\u0151 l\u00e9p\u00e9s egy spiritu\u00e1lis utaz\u00e1son, \u00e9s minden medit\u00e1ci\u00f3 egy l\u00e9p\u00e9s ezen az \u00faton &#8211; sok sikert k\u00edv\u00e1nunk neked \u00f6nmagad felfedez\u00e9s\u00e9nek \u00fatj\u00e1n.<\/p>\n\n","protected":false},"excerpt":{"rendered":"<p>Hogyan medit\u00e1ljunk Napi rutin kialak\u00edt\u00e1sa Miut\u00e1n fel\u00e9bredt benned a\u00a0Kundalini\u00a0ereje el\u00e9rted az \u00f6nmegval\u00f3sul\u00e1st, gondoskodnod kell r\u00f3la, hogy fenntartsd \u00e9s elm\u00e9ly\u00edtsd, ahogyan egy cs\u00edr\u00e1z\u00f3 magot is gondozn\u00e1l a napf\u00e9ny \u00e9s a v\u00edz seg\u00edts\u00e9g\u00e9vel. Ennek egyetlen legfontosabb m\u00f3dja a rendszeres medit\u00e1ci\u00f3. A medit\u00e1ci\u00f3 ink\u00e1bb egy \u00e1llapot, mint egy tev\u00e9kenys\u00e9g, de van n\u00e9h\u00e1ny egyszer\u0171 l\u00e9p\u00e9s, amit megtehet\u00fcnk egy olyan&hellip; <br \/> <a class=\"read-more\" href=\"https:\/\/shrimataji.org\/test\/hu\/how-to-meditate\/\">Read more<\/a><\/p>\n","protected":false},"author":1,"featured_media":19239,"parent":0,"menu_order":0,"comment_status":"closed","ping_status":"closed","template":"","meta":{"inline_featured_image":false,"footnotes":""},"class_list":["post-19492","page","type-page","status-publish","has-post-thumbnail","hentry"],"yoast_head":"<!-- This site is optimized with the Yoast SEO plugin v27.4 - https:\/\/yoast.com\/product\/yoast-seo-wordpress\/ -->\n<title>Hogyan medit\u00e1ljunk - TEST - SMND<\/title>\n<meta name=\"robots\" content=\"noindex, follow, max-snippet:-1, max-image-preview:large, max-video-preview:-1\" \/>\n<meta property=\"og:locale\" content=\"en_US\" \/>\n<meta property=\"og:type\" content=\"article\" \/>\n<meta property=\"og:title\" content=\"Hogyan medit\u00e1ljunk - TEST - SMND\" \/>\n<meta property=\"og:description\" content=\"Hogyan medit\u00e1ljunk Napi rutin kialak\u00edt\u00e1sa Miut\u00e1n fel\u00e9bredt benned a\u00a0Kundalini\u00a0ereje el\u00e9rted az \u00f6nmegval\u00f3sul\u00e1st, gondoskodnod kell r\u00f3la, hogy fenntartsd \u00e9s elm\u00e9ly\u00edtsd, ahogyan egy cs\u00edr\u00e1z\u00f3 magot is gondozn\u00e1l a napf\u00e9ny \u00e9s a v\u00edz seg\u00edts\u00e9g\u00e9vel. Ennek egyetlen legfontosabb m\u00f3dja a rendszeres medit\u00e1ci\u00f3. A medit\u00e1ci\u00f3 ink\u00e1bb egy \u00e1llapot, mint egy tev\u00e9kenys\u00e9g, de van n\u00e9h\u00e1ny egyszer\u0171 l\u00e9p\u00e9s, amit megtehet\u00fcnk egy olyan&hellip; Read more\" \/>\n<meta property=\"og:url\" content=\"https:\/\/shrimataji.org\/test\/hu\/how-to-meditate\/\" \/>\n<meta property=\"og:site_name\" content=\"TEST - SMND\" \/>\n<meta property=\"article:publisher\" content=\"https:\/\/www.facebook.com\/shrimataji\" \/>\n<meta property=\"article:modified_time\" content=\"2026-04-21T18:43:42+00:00\" \/>\n<meta property=\"og:image\" content=\"https:\/\/shrimataji.org\/test\/wp-content\/uploads\/2023\/03\/5_Banner-SY-HowtoMeditate-scaled.jpg\" \/>\n\t<meta property=\"og:image:width\" content=\"2560\" \/>\n\t<meta property=\"og:image:height\" content=\"905\" \/>\n\t<meta property=\"og:image:type\" content=\"image\/jpeg\" \/>\n<meta name=\"twitter:card\" content=\"summary_large_image\" \/>\n<meta name=\"twitter:site\" content=\"@shrimataji\" \/>\n<meta name=\"twitter:label1\" content=\"Est. reading time\" \/>\n\t<meta name=\"twitter:data1\" content=\"4 minutes\" \/>\n<script type=\"application\/ld+json\" class=\"yoast-schema-graph\">{\"@context\":\"https:\\\/\\\/schema.org\",\"@graph\":[{\"@type\":\"WebPage\",\"@id\":\"https:\\\/\\\/shrimataji.org\\\/test\\\/hu\\\/how-to-meditate\\\/\",\"url\":\"https:\\\/\\\/shrimataji.org\\\/test\\\/hu\\\/how-to-meditate\\\/\",\"name\":\"Hogyan medit\u00e1ljunk - TEST - SMND\",\"isPartOf\":{\"@id\":\"https:\\\/\\\/shrimataji.org\\\/test\\\/#website\"},\"primaryImageOfPage\":{\"@id\":\"https:\\\/\\\/shrimataji.org\\\/test\\\/hu\\\/how-to-meditate\\\/#primaryimage\"},\"image\":{\"@id\":\"https:\\\/\\\/shrimataji.org\\\/test\\\/hu\\\/how-to-meditate\\\/#primaryimage\"},\"thumbnailUrl\":\"https:\\\/\\\/shrimataji.org\\\/test\\\/wp-content\\\/uploads\\\/2023\\\/03\\\/5_Banner-SY-HowtoMeditate-scaled.jpg\",\"datePublished\":\"2022-01-23T03:18:48+00:00\",\"dateModified\":\"2026-04-21T18:43:42+00:00\",\"breadcrumb\":{\"@id\":\"https:\\\/\\\/shrimataji.org\\\/test\\\/hu\\\/how-to-meditate\\\/#breadcrumb\"},\"inLanguage\":\"en-US\",\"potentialAction\":[{\"@type\":\"ReadAction\",\"target\":[\"https:\\\/\\\/shrimataji.org\\\/test\\\/hu\\\/how-to-meditate\\\/\"]}]},{\"@type\":\"ImageObject\",\"inLanguage\":\"en-US\",\"@id\":\"https:\\\/\\\/shrimataji.org\\\/test\\\/hu\\\/how-to-meditate\\\/#primaryimage\",\"url\":\"https:\\\/\\\/shrimataji.org\\\/test\\\/wp-content\\\/uploads\\\/2023\\\/03\\\/5_Banner-SY-HowtoMeditate-scaled.jpg\",\"contentUrl\":\"https:\\\/\\\/shrimataji.org\\\/test\\\/wp-content\\\/uploads\\\/2023\\\/03\\\/5_Banner-SY-HowtoMeditate-scaled.jpg\",\"width\":2560,\"height\":905},{\"@type\":\"BreadcrumbList\",\"@id\":\"https:\\\/\\\/shrimataji.org\\\/test\\\/hu\\\/how-to-meditate\\\/#breadcrumb\",\"itemListElement\":[{\"@type\":\"ListItem\",\"position\":1,\"name\":\"Home\",\"item\":\"https:\\\/\\\/shrimataji.org\\\/test\\\/uk\\\/home-en\\\/\"},{\"@type\":\"ListItem\",\"position\":2,\"name\":\"Hogyan medit\u00e1ljunk\"}]},{\"@type\":\"WebSite\",\"@id\":\"https:\\\/\\\/shrimataji.org\\\/test\\\/#website\",\"url\":\"https:\\\/\\\/shrimataji.org\\\/test\\\/\",\"name\":\"Shri Mataji Nirmala Devi\",\"description\":\"A Life Dedicated to Humanity\",\"publisher\":{\"@id\":\"https:\\\/\\\/shrimataji.org\\\/test\\\/#\\\/schema\\\/person\\\/a1b3419c6585f164aa96da1ff85715d1\"},\"potentialAction\":[{\"@type\":\"SearchAction\",\"target\":{\"@type\":\"EntryPoint\",\"urlTemplate\":\"https:\\\/\\\/shrimataji.org\\\/test\\\/?s={search_term_string}\"},\"query-input\":{\"@type\":\"PropertyValueSpecification\",\"valueRequired\":true,\"valueName\":\"search_term_string\"}}],\"inLanguage\":\"en-US\"},{\"@type\":[\"Person\",\"Organization\"],\"@id\":\"https:\\\/\\\/shrimataji.org\\\/test\\\/#\\\/schema\\\/person\\\/a1b3419c6585f164aa96da1ff85715d1\",\"name\":\"Nirmala Shrivastava\",\"image\":{\"@type\":\"ImageObject\",\"inLanguage\":\"en-US\",\"@id\":\"https:\\\/\\\/shrimataji.org\\\/test\\\/wp-content\\\/uploads\\\/2023\\\/02\\\/SMO_LOGO-03.svg\",\"url\":\"https:\\\/\\\/shrimataji.org\\\/test\\\/wp-content\\\/uploads\\\/2023\\\/02\\\/SMO_LOGO-03.svg\",\"contentUrl\":\"https:\\\/\\\/shrimataji.org\\\/test\\\/wp-content\\\/uploads\\\/2023\\\/02\\\/SMO_LOGO-03.svg\",\"width\":\"1024\",\"height\":\"1024\",\"caption\":\"Nirmala Shrivastava\"},\"logo\":{\"@id\":\"https:\\\/\\\/shrimataji.org\\\/test\\\/wp-content\\\/uploads\\\/2023\\\/02\\\/SMO_LOGO-03.svg\"},\"sameAs\":[\"https:\\\/\\\/shrimataji.org\\\/test\",\"https:\\\/\\\/www.facebook.com\\\/shrimataji\",\"https:\\\/\\\/x.com\\\/shrimataji\",\"https:\\\/\\\/www.youtube.com\\\/@Shri_Mataji_Nirmala_Devi\\\/featured\"]}]}<\/script>\n<!-- \/ Yoast SEO plugin. -->","yoast_head_json":{"title":"Hogyan medit\u00e1ljunk - TEST - SMND","robots":{"index":"noindex","follow":"follow","max-snippet":"max-snippet:-1","max-image-preview":"max-image-preview:large","max-video-preview":"max-video-preview:-1"},"og_locale":"en_US","og_type":"article","og_title":"Hogyan medit\u00e1ljunk - TEST - SMND","og_description":"Hogyan medit\u00e1ljunk Napi rutin kialak\u00edt\u00e1sa Miut\u00e1n fel\u00e9bredt benned a\u00a0Kundalini\u00a0ereje el\u00e9rted az \u00f6nmegval\u00f3sul\u00e1st, gondoskodnod kell r\u00f3la, hogy fenntartsd \u00e9s elm\u00e9ly\u00edtsd, ahogyan egy cs\u00edr\u00e1z\u00f3 magot is gondozn\u00e1l a napf\u00e9ny \u00e9s a v\u00edz seg\u00edts\u00e9g\u00e9vel. Ennek egyetlen legfontosabb m\u00f3dja a rendszeres medit\u00e1ci\u00f3. A medit\u00e1ci\u00f3 ink\u00e1bb egy \u00e1llapot, mint egy tev\u00e9kenys\u00e9g, de van n\u00e9h\u00e1ny egyszer\u0171 l\u00e9p\u00e9s, amit megtehet\u00fcnk egy olyan&hellip; Read more","og_url":"https:\/\/shrimataji.org\/test\/hu\/how-to-meditate\/","og_site_name":"TEST - SMND","article_publisher":"https:\/\/www.facebook.com\/shrimataji","article_modified_time":"2026-04-21T18:43:42+00:00","og_image":[{"width":2560,"height":905,"url":"https:\/\/shrimataji.org\/test\/wp-content\/uploads\/2023\/03\/5_Banner-SY-HowtoMeditate-scaled.jpg","type":"image\/jpeg"}],"twitter_card":"summary_large_image","twitter_site":"@shrimataji","twitter_misc":{"Est. reading time":"4 minutes"},"schema":{"@context":"https:\/\/schema.org","@graph":[{"@type":"WebPage","@id":"https:\/\/shrimataji.org\/test\/hu\/how-to-meditate\/","url":"https:\/\/shrimataji.org\/test\/hu\/how-to-meditate\/","name":"Hogyan medit\u00e1ljunk - TEST - SMND","isPartOf":{"@id":"https:\/\/shrimataji.org\/test\/#website"},"primaryImageOfPage":{"@id":"https:\/\/shrimataji.org\/test\/hu\/how-to-meditate\/#primaryimage"},"image":{"@id":"https:\/\/shrimataji.org\/test\/hu\/how-to-meditate\/#primaryimage"},"thumbnailUrl":"https:\/\/shrimataji.org\/test\/wp-content\/uploads\/2023\/03\/5_Banner-SY-HowtoMeditate-scaled.jpg","datePublished":"2022-01-23T03:18:48+00:00","dateModified":"2026-04-21T18:43:42+00:00","breadcrumb":{"@id":"https:\/\/shrimataji.org\/test\/hu\/how-to-meditate\/#breadcrumb"},"inLanguage":"en-US","potentialAction":[{"@type":"ReadAction","target":["https:\/\/shrimataji.org\/test\/hu\/how-to-meditate\/"]}]},{"@type":"ImageObject","inLanguage":"en-US","@id":"https:\/\/shrimataji.org\/test\/hu\/how-to-meditate\/#primaryimage","url":"https:\/\/shrimataji.org\/test\/wp-content\/uploads\/2023\/03\/5_Banner-SY-HowtoMeditate-scaled.jpg","contentUrl":"https:\/\/shrimataji.org\/test\/wp-content\/uploads\/2023\/03\/5_Banner-SY-HowtoMeditate-scaled.jpg","width":2560,"height":905},{"@type":"BreadcrumbList","@id":"https:\/\/shrimataji.org\/test\/hu\/how-to-meditate\/#breadcrumb","itemListElement":[{"@type":"ListItem","position":1,"name":"Home","item":"https:\/\/shrimataji.org\/test\/uk\/home-en\/"},{"@type":"ListItem","position":2,"name":"Hogyan medit\u00e1ljunk"}]},{"@type":"WebSite","@id":"https:\/\/shrimataji.org\/test\/#website","url":"https:\/\/shrimataji.org\/test\/","name":"Shri Mataji Nirmala Devi","description":"A Life Dedicated to Humanity","publisher":{"@id":"https:\/\/shrimataji.org\/test\/#\/schema\/person\/a1b3419c6585f164aa96da1ff85715d1"},"potentialAction":[{"@type":"SearchAction","target":{"@type":"EntryPoint","urlTemplate":"https:\/\/shrimataji.org\/test\/?s={search_term_string}"},"query-input":{"@type":"PropertyValueSpecification","valueRequired":true,"valueName":"search_term_string"}}],"inLanguage":"en-US"},{"@type":["Person","Organization"],"@id":"https:\/\/shrimataji.org\/test\/#\/schema\/person\/a1b3419c6585f164aa96da1ff85715d1","name":"Nirmala Shrivastava","image":{"@type":"ImageObject","inLanguage":"en-US","@id":"https:\/\/shrimataji.org\/test\/wp-content\/uploads\/2023\/02\/SMO_LOGO-03.svg","url":"https:\/\/shrimataji.org\/test\/wp-content\/uploads\/2023\/02\/SMO_LOGO-03.svg","contentUrl":"https:\/\/shrimataji.org\/test\/wp-content\/uploads\/2023\/02\/SMO_LOGO-03.svg","width":"1024","height":"1024","caption":"Nirmala Shrivastava"},"logo":{"@id":"https:\/\/shrimataji.org\/test\/wp-content\/uploads\/2023\/02\/SMO_LOGO-03.svg"},"sameAs":["https:\/\/shrimataji.org\/test","https:\/\/www.facebook.com\/shrimataji","https:\/\/x.com\/shrimataji","https:\/\/www.youtube.com\/@Shri_Mataji_Nirmala_Devi\/featured"]}]}},"lang":"hu","translations":{"hu":19492,"ur":37441,"en":7045,"am":18015,"th":19965,"sq":18416,"zh":17313,"hi":8283,"tr":10169,"pt":10381,"de":10655,"fr":10753,"it":10851,"es":10948,"ja":11245,"ru":11433,"bn":11625,"te":11733,"sw":11856,"he":12004,"el":12295,"sk":12393,"fa":12491,"fi":12589,"bg":13409,"ro":14483,"cs":14676,"nl":16576,"ku":16736,"ar":16912,"be":18623,"kn":18897,"mr":20329,"uk":20621,"ml":20918,"ta":22731,"sv":23004,"gu":28848,"pa":29008,"fil":29450,"da":37755,"pl":37968,"nn":38307},"pll_sync_post":[],"_links":{"self":[{"href":"https:\/\/shrimataji.org\/test\/wp-json\/wp\/v2\/pages\/19492","targetHints":{"allow":["GET"]}}],"collection":[{"href":"https:\/\/shrimataji.org\/test\/wp-json\/wp\/v2\/pages"}],"about":[{"href":"https:\/\/shrimataji.org\/test\/wp-json\/wp\/v2\/types\/page"}],"author":[{"embeddable":true,"href":"https:\/\/shrimataji.org\/test\/wp-json\/wp\/v2\/users\/1"}],"replies":[{"embeddable":true,"href":"https:\/\/shrimataji.org\/test\/wp-json\/wp\/v2\/comments?post=19492"}],"version-history":[{"count":0,"href":"https:\/\/shrimataji.org\/test\/wp-json\/wp\/v2\/pages\/19492\/revisions"}],"wp:featuredmedia":[{"embeddable":true,"href":"https:\/\/shrimataji.org\/test\/wp-json\/wp\/v2\/media\/19239"}],"wp:attachment":[{"href":"https:\/\/shrimataji.org\/test\/wp-json\/wp\/v2\/media?parent=19492"}],"curies":[{"name":"wp","href":"https:\/\/api.w.org\/{rel}","templated":true}]}}