{"id":19494,"date":"2022-01-29T10:31:30","date_gmt":"2022-01-29T10:31:30","guid":{"rendered":"https:\/\/test.shrimataji.org\/?page_id=6410"},"modified":"2026-04-21T18:45:04","modified_gmt":"2026-04-21T18:45:04","slug":"ida-nadi","status":"publish","type":"page","link":"https:\/\/shrimataji.org\/test\/hu\/ida-nadi\/","title":{"rendered":"Ida n\u00e1di"},"content":{"rendered":"\n\n\t<h1>Ida n\u00e1di<\/h1>\n<h2>V\u00e1gyak \u00e9s \u00e9rzelmek<\/h2>\n\t<h4>A bal oldali energiacsatorn\u00e1nk (szanszkrit\u00fcl Ida Nadi), m\u00e1s n\u00e9ven Holdcsatorna, az els\u0151 k\u00f6zpontb\u00f3l, a Muladhara csakr\u00e1b\u00f3l ered, \u00e9s test\u00fcnk bal oldal\u00e1n felfel\u00e9 halad, majd az agyunk jobb oldal\u00e1n v\u00e9gz\u0151dik felf\u00faj\u00f3dva, mint egy lufi.<\/h4>\n<p>Shri Mataji ezt a lufit a szupereg\u00f3k\u00e9nt \u00edrja le, amely minden eml\u00e9k\u00fcnk, szok\u00e1sunk \u00e9s kondicion\u00e1lts\u00e1gunk t\u00e1rh\u00e1zak\u00e9nt m\u0171k\u00f6dik. Ez ir\u00e1ny\u00edtja erk\u00f6lcsi viselked\u00e9s\u00fcnket is, amelyet kultur\u00e1lis hagyom\u00e1nyainkon, sz\u00fcl\u0151i nevel\u00e9s\u00fcnk\u00f6n \u00e9s kort\u00e1rsainkon kereszt\u00fcl saj\u00e1t\u00edtunk el.<\/p>\n<p>Az \u00f6nmegval\u00f3sul\u00e1s el\u0151tt a szupereg\u00f3nk \u00e1ltal kiv\u00e1ltott g\u00e1tl\u00e1sokat az egoista, \u00e9lvezethajh\u00e1sz k\u00e9sztet\u00e9seink elleni k\u00fczdelemk\u00e9nt \u00e9lj\u00fck meg.<\/p>\n<figure itemscope itemtype=\"https:\/\/schema.org\/ImageObject\">\n\t\t\t\t<a href=\"https:\/\/shrimataji.org\/test\/wp-content\/uploads\/2023\/02\/2_Ida-Nadi-01.png\"  target=\"_blank\" rel=\"noopener\"  itemprop=\"url\">\n\t\t\t\t<img decoding=\"async\" src=\"https:\/\/shrimataji.org\/test\/wp-content\/uploads\/2026\/04\/hu-Ida-Nadi-01-scaled.png\" alt=\"hu-Ida Nadi-01\" height=\"2560\" width=\"2414\" title=\"hu-Ida Nadi-01\" onerror=\"this.style.display='none'\" loading=\"lazy\" \/>\n\t\t\t\t<\/a>\n\t<\/figure>\n\t\t<iframe loading=\"lazy\" title=\"Ida Nadi\" width=\"1920\" height=\"1080\" src=\"https:\/\/www.youtube.com\/embed\/8xQf2bxSHIk?feature=oembed\" frameborder=\"0\" allow=\"accelerometer; autoplay; clipboard-write; encrypted-media; gyroscope; picture-in-picture; web-share\" allowfullscreen><\/iframe>\t\n\t<p>Az \u00f6r\u00f6m egy l\u00e9nyeges tulajdons\u00e1g, amely a bal energiacsatorn\u00e1hoz kapcsol\u00f3dik. Ez az \u00f6r\u00f6m azonban nem abban az \u00e9rtelemben jelentkezik, hogy boldogok vagyunk vagy izgatottak vagyunk valami miatt; mert az \u00e1ltal\u00e1ban muland\u00f3 term\u00e9szet\u0171, \u00e9s azzal a h\u00e1tul\u00fct\u0151vel j\u00e1r, hogy boldogtalans\u00e1got vagy csal\u00f3d\u00e1st \u00e9rz\u00fcnk, amikor a dolgok nem a v\u00e1rt m\u00f3don alakulnak. Itt egy tiszt\u00e1bb min\u0151s\u00e9g\u0171 \u00f6r\u00f6mr\u0151l van sz\u00f3. Shri Mataji a Lelk\u00fcnk tiszta \u00f6r\u00f6m\u00e9nek tulajdons\u00e1g\u00e1t \u00fagy \u00edrja le, mint valami olyasmit, ami term\u00e9szetes, spont\u00e1n \u00e9rz\u00e9sk\u00e9nt fejez\u0151dik ki, \u00e9s nem kapcsol\u00f3dik az \u00e9rz\u00e9kel\u00e9s\u00fcnkh\u00f6z vagy elv\u00e1r\u00e1sainkhoz. \u00d6r\u00f6k term\u00e9szet\u0171, \u00e9s semmi sem adhat hozz\u00e1 vagy veheti el ezt a tiszta \u00f6r\u00f6m\u00e9rzetet. Ez a tiszta \u00f6r\u00f6m, Lelk\u00fcnk tulajdons\u00e1ga, spont\u00e1n m\u00f3don ker\u00fcl a tudatunkba az \u00f6nmegval\u00f3sul\u00e1s ut\u00e1n, \u00e9s k\u00f6nnyen fenntarthat\u00f3 rendszeres medit\u00e1ci\u00f3val.<\/p>\n<p>Shri Mataji sz\u00e1mos probl\u00e9m\u00e1t azonos\u00edtott, amelyek akkor jelentkeznek az \u00e9let\u00fcnkben, amikor a bal oldali energiacsatorn\u00e1nk blokkolva van. Az ilyen szem\u00e9ly \u00e9rzelmi sz\u00e9ls\u0151s\u00e9geket tapasztalhat. Ide tartoznak azok a hangulatok, amelyek gyorsan v\u00e1ltoznak az euf\u00f3ria \u00e9s a depresszi\u00f3 k\u00f6z\u00f6tt. Letargi\u00e1t \u00e9s sz\u00e9ls\u0151s\u00e9ges passzivit\u00e1st is tapasztalhatunk, amelyek gyakran az \u201eotthon\u00fcl\u0151&#8221; szindr\u00f3m\u00e1hoz kapcsol\u00f3dnak.<\/p>\n<p>\u00d6sszefoglalva, a bal energiacsatorna \u00e1llapota befoly\u00e1solja \u00e9rzelmeinket, \u00e9rz\u00e9seinket \u00e9s v\u00e1gyainkat. Kapcsolatban \u00e1ll eml\u00e9keinkkel \u00e9s m\u00faltbeli tapasztalatainkkal is. Am\u00edg \u00e9rzelmeink norm\u00e1lis szinten maradnak, eg\u00e9szs\u00e9ges \u00e9s kiegyens\u00falyozott \u00e9letet \u00e9l\u00fcnk. Amikor azonban sz\u00e9ls\u0151s\u00e9ges \u00e9rzelmeket tapasztalunk, mint p\u00e9ld\u00e1ul depresszi\u00f3t, komors\u00e1got \u00e9s bor\u00fal\u00e1t\u00e1st, megfelel\u0151 l\u00e9p\u00e9seket kell tenn\u00fcnk. Ebben a Sahaja J\u00f3ga medit\u00e1ci\u00f3 j\u00f3 eredm\u00e9nyeket mutatott, amelyek k\u00f6z\u00fcl sokat sikeresen vizsg\u00e1ltak klinikai tanulm\u00e1nyokban.<\/p>\n<p>Shri Mataji nagyon egyszer\u0171, k\u00f6nny\u0171, biztons\u00e1gos technik\u00e1kat aj\u00e1nlott, amelyekkel egyens\u00falyba hozhatjuk a bal oldalunkat, \u00e9s korrig\u00e1lhatjuk az \u00e9rzelmi \u00e9s ment\u00e1lis l\u00e9ny\u00fcnkre gyakorolt \u200b\u200bnegat\u00edv hat\u00e1sokat. A rendszeres medit\u00e1ci\u00f3, a vibr\u00e1ci\u00f3s tudatoss\u00e1gunk \u00e1llapot\u00e1nak \u00f6nvizsg\u00e1lata, valamint a Shri Mataji \u00e1ltal tan\u00edtott technik\u00e1k alkalmaz\u00e1sa a bal oldalunk megtiszt\u00edt\u00e1s\u00e1ra, \u00faj \u00f6r\u00f6m\u00e9rzetet ad, \u00e9s \u00e9l\u00e9nk, pozit\u00edv \u00e9letszeml\u00e9letet v\u00e1lt ki.<\/p>\n\n","protected":false},"excerpt":{"rendered":"<p>Ida n\u00e1di V\u00e1gyak \u00e9s \u00e9rzelmek A bal oldali energiacsatorn\u00e1nk (szanszkrit\u00fcl Ida Nadi), m\u00e1s n\u00e9ven Holdcsatorna, az els\u0151 k\u00f6zpontb\u00f3l, a Muladhara csakr\u00e1b\u00f3l ered, \u00e9s test\u00fcnk bal oldal\u00e1n felfel\u00e9 halad, majd az agyunk jobb oldal\u00e1n v\u00e9gz\u0151dik felf\u00faj\u00f3dva, mint egy lufi. Shri Mataji ezt a lufit a szupereg\u00f3k\u00e9nt \u00edrja le, amely minden eml\u00e9k\u00fcnk, szok\u00e1sunk \u00e9s kondicion\u00e1lts\u00e1gunk t\u00e1rh\u00e1zak\u00e9nt m\u0171k\u00f6dik.&hellip; <br \/> <a class=\"read-more\" href=\"https:\/\/shrimataji.org\/test\/hu\/ida-nadi\/\">Read more<\/a><\/p>\n","protected":false},"author":1,"featured_media":19242,"parent":0,"menu_order":0,"comment_status":"closed","ping_status":"closed","template":"","meta":{"inline_featured_image":false,"footnotes":""},"class_list":["post-19494","page","type-page","status-publish","has-post-thumbnail","hentry"],"yoast_head":"<!-- This site is optimized with the Yoast SEO plugin v27.4 - https:\/\/yoast.com\/product\/yoast-seo-wordpress\/ -->\n<title>Ida n\u00e1di - TEST - SMND<\/title>\n<meta name=\"robots\" content=\"noindex, follow, max-snippet:-1, max-image-preview:large, max-video-preview:-1\" \/>\n<meta property=\"og:locale\" content=\"en_US\" \/>\n<meta property=\"og:type\" content=\"article\" \/>\n<meta property=\"og:title\" content=\"Ida n\u00e1di - TEST - SMND\" \/>\n<meta property=\"og:description\" content=\"Ida n\u00e1di V\u00e1gyak \u00e9s \u00e9rzelmek A bal oldali energiacsatorn\u00e1nk (szanszkrit\u00fcl Ida Nadi), m\u00e1s n\u00e9ven Holdcsatorna, az els\u0151 k\u00f6zpontb\u00f3l, a Muladhara csakr\u00e1b\u00f3l ered, \u00e9s test\u00fcnk bal oldal\u00e1n felfel\u00e9 halad, majd az agyunk jobb oldal\u00e1n v\u00e9gz\u0151dik felf\u00faj\u00f3dva, mint egy lufi. Shri Mataji ezt a lufit a szupereg\u00f3k\u00e9nt \u00edrja le, amely minden eml\u00e9k\u00fcnk, szok\u00e1sunk \u00e9s kondicion\u00e1lts\u00e1gunk t\u00e1rh\u00e1zak\u00e9nt m\u0171k\u00f6dik.&hellip; Read more\" \/>\n<meta property=\"og:url\" content=\"https:\/\/shrimataji.org\/test\/hu\/ida-nadi\/\" \/>\n<meta property=\"og:site_name\" content=\"TEST - SMND\" \/>\n<meta property=\"article:publisher\" content=\"https:\/\/www.facebook.com\/shrimataji\" \/>\n<meta property=\"article:modified_time\" content=\"2026-04-21T18:45:04+00:00\" \/>\n<meta property=\"og:image\" content=\"https:\/\/shrimataji.org\/test\/wp-content\/uploads\/2023\/03\/12_Banner-SY-Ida-scaled.jpg\" \/>\n\t<meta property=\"og:image:width\" content=\"2560\" \/>\n\t<meta property=\"og:image:height\" content=\"905\" \/>\n\t<meta property=\"og:image:type\" content=\"image\/jpeg\" \/>\n<meta name=\"twitter:card\" content=\"summary_large_image\" \/>\n<meta name=\"twitter:site\" content=\"@shrimataji\" \/>\n<meta name=\"twitter:label1\" content=\"Est. reading time\" \/>\n\t<meta name=\"twitter:data1\" content=\"3 minutes\" \/>\n<script type=\"application\/ld+json\" class=\"yoast-schema-graph\">{\"@context\":\"https:\\\/\\\/schema.org\",\"@graph\":[{\"@type\":\"WebPage\",\"@id\":\"https:\\\/\\\/shrimataji.org\\\/test\\\/hu\\\/ida-nadi\\\/\",\"url\":\"https:\\\/\\\/shrimataji.org\\\/test\\\/hu\\\/ida-nadi\\\/\",\"name\":\"Ida n\u00e1di - TEST - SMND\",\"isPartOf\":{\"@id\":\"https:\\\/\\\/shrimataji.org\\\/test\\\/#website\"},\"primaryImageOfPage\":{\"@id\":\"https:\\\/\\\/shrimataji.org\\\/test\\\/hu\\\/ida-nadi\\\/#primaryimage\"},\"image\":{\"@id\":\"https:\\\/\\\/shrimataji.org\\\/test\\\/hu\\\/ida-nadi\\\/#primaryimage\"},\"thumbnailUrl\":\"https:\\\/\\\/shrimataji.org\\\/test\\\/wp-content\\\/uploads\\\/2023\\\/03\\\/12_Banner-SY-Ida-scaled.jpg\",\"datePublished\":\"2022-01-29T10:31:30+00:00\",\"dateModified\":\"2026-04-21T18:45:04+00:00\",\"breadcrumb\":{\"@id\":\"https:\\\/\\\/shrimataji.org\\\/test\\\/hu\\\/ida-nadi\\\/#breadcrumb\"},\"inLanguage\":\"en-US\",\"potentialAction\":[{\"@type\":\"ReadAction\",\"target\":[\"https:\\\/\\\/shrimataji.org\\\/test\\\/hu\\\/ida-nadi\\\/\"]}]},{\"@type\":\"ImageObject\",\"inLanguage\":\"en-US\",\"@id\":\"https:\\\/\\\/shrimataji.org\\\/test\\\/hu\\\/ida-nadi\\\/#primaryimage\",\"url\":\"https:\\\/\\\/shrimataji.org\\\/test\\\/wp-content\\\/uploads\\\/2023\\\/03\\\/12_Banner-SY-Ida-scaled.jpg\",\"contentUrl\":\"https:\\\/\\\/shrimataji.org\\\/test\\\/wp-content\\\/uploads\\\/2023\\\/03\\\/12_Banner-SY-Ida-scaled.jpg\",\"width\":2560,\"height\":905},{\"@type\":\"BreadcrumbList\",\"@id\":\"https:\\\/\\\/shrimataji.org\\\/test\\\/hu\\\/ida-nadi\\\/#breadcrumb\",\"itemListElement\":[{\"@type\":\"ListItem\",\"position\":1,\"name\":\"Home\",\"item\":\"https:\\\/\\\/shrimataji.org\\\/test\\\/uk\\\/home-en\\\/\"},{\"@type\":\"ListItem\",\"position\":2,\"name\":\"Ida n\u00e1di\"}]},{\"@type\":\"WebSite\",\"@id\":\"https:\\\/\\\/shrimataji.org\\\/test\\\/#website\",\"url\":\"https:\\\/\\\/shrimataji.org\\\/test\\\/\",\"name\":\"Shri Mataji Nirmala Devi\",\"description\":\"A Life Dedicated to Humanity\",\"publisher\":{\"@id\":\"https:\\\/\\\/shrimataji.org\\\/test\\\/#\\\/schema\\\/person\\\/a1b3419c6585f164aa96da1ff85715d1\"},\"potentialAction\":[{\"@type\":\"SearchAction\",\"target\":{\"@type\":\"EntryPoint\",\"urlTemplate\":\"https:\\\/\\\/shrimataji.org\\\/test\\\/?s={search_term_string}\"},\"query-input\":{\"@type\":\"PropertyValueSpecification\",\"valueRequired\":true,\"valueName\":\"search_term_string\"}}],\"inLanguage\":\"en-US\"},{\"@type\":[\"Person\",\"Organization\"],\"@id\":\"https:\\\/\\\/shrimataji.org\\\/test\\\/#\\\/schema\\\/person\\\/a1b3419c6585f164aa96da1ff85715d1\",\"name\":\"Nirmala Shrivastava\",\"image\":{\"@type\":\"ImageObject\",\"inLanguage\":\"en-US\",\"@id\":\"https:\\\/\\\/shrimataji.org\\\/test\\\/wp-content\\\/uploads\\\/2023\\\/02\\\/SMO_LOGO-03.svg\",\"url\":\"https:\\\/\\\/shrimataji.org\\\/test\\\/wp-content\\\/uploads\\\/2023\\\/02\\\/SMO_LOGO-03.svg\",\"contentUrl\":\"https:\\\/\\\/shrimataji.org\\\/test\\\/wp-content\\\/uploads\\\/2023\\\/02\\\/SMO_LOGO-03.svg\",\"width\":\"1024\",\"height\":\"1024\",\"caption\":\"Nirmala Shrivastava\"},\"logo\":{\"@id\":\"https:\\\/\\\/shrimataji.org\\\/test\\\/wp-content\\\/uploads\\\/2023\\\/02\\\/SMO_LOGO-03.svg\"},\"sameAs\":[\"https:\\\/\\\/shrimataji.org\\\/test\",\"https:\\\/\\\/www.facebook.com\\\/shrimataji\",\"https:\\\/\\\/x.com\\\/shrimataji\",\"https:\\\/\\\/www.youtube.com\\\/@Shri_Mataji_Nirmala_Devi\\\/featured\"]}]}<\/script>\n<!-- \/ Yoast SEO plugin. -->","yoast_head_json":{"title":"Ida n\u00e1di - TEST - SMND","robots":{"index":"noindex","follow":"follow","max-snippet":"max-snippet:-1","max-image-preview":"max-image-preview:large","max-video-preview":"max-video-preview:-1"},"og_locale":"en_US","og_type":"article","og_title":"Ida n\u00e1di - TEST - SMND","og_description":"Ida n\u00e1di V\u00e1gyak \u00e9s \u00e9rzelmek A bal oldali energiacsatorn\u00e1nk (szanszkrit\u00fcl Ida Nadi), m\u00e1s n\u00e9ven Holdcsatorna, az els\u0151 k\u00f6zpontb\u00f3l, a Muladhara csakr\u00e1b\u00f3l ered, \u00e9s test\u00fcnk bal oldal\u00e1n felfel\u00e9 halad, majd az agyunk jobb oldal\u00e1n v\u00e9gz\u0151dik felf\u00faj\u00f3dva, mint egy lufi. Shri Mataji ezt a lufit a szupereg\u00f3k\u00e9nt \u00edrja le, amely minden eml\u00e9k\u00fcnk, szok\u00e1sunk \u00e9s kondicion\u00e1lts\u00e1gunk t\u00e1rh\u00e1zak\u00e9nt m\u0171k\u00f6dik.&hellip; Read more","og_url":"https:\/\/shrimataji.org\/test\/hu\/ida-nadi\/","og_site_name":"TEST - SMND","article_publisher":"https:\/\/www.facebook.com\/shrimataji","article_modified_time":"2026-04-21T18:45:04+00:00","og_image":[{"width":2560,"height":905,"url":"https:\/\/shrimataji.org\/test\/wp-content\/uploads\/2023\/03\/12_Banner-SY-Ida-scaled.jpg","type":"image\/jpeg"}],"twitter_card":"summary_large_image","twitter_site":"@shrimataji","twitter_misc":{"Est. reading time":"3 minutes"},"schema":{"@context":"https:\/\/schema.org","@graph":[{"@type":"WebPage","@id":"https:\/\/shrimataji.org\/test\/hu\/ida-nadi\/","url":"https:\/\/shrimataji.org\/test\/hu\/ida-nadi\/","name":"Ida n\u00e1di - TEST - SMND","isPartOf":{"@id":"https:\/\/shrimataji.org\/test\/#website"},"primaryImageOfPage":{"@id":"https:\/\/shrimataji.org\/test\/hu\/ida-nadi\/#primaryimage"},"image":{"@id":"https:\/\/shrimataji.org\/test\/hu\/ida-nadi\/#primaryimage"},"thumbnailUrl":"https:\/\/shrimataji.org\/test\/wp-content\/uploads\/2023\/03\/12_Banner-SY-Ida-scaled.jpg","datePublished":"2022-01-29T10:31:30+00:00","dateModified":"2026-04-21T18:45:04+00:00","breadcrumb":{"@id":"https:\/\/shrimataji.org\/test\/hu\/ida-nadi\/#breadcrumb"},"inLanguage":"en-US","potentialAction":[{"@type":"ReadAction","target":["https:\/\/shrimataji.org\/test\/hu\/ida-nadi\/"]}]},{"@type":"ImageObject","inLanguage":"en-US","@id":"https:\/\/shrimataji.org\/test\/hu\/ida-nadi\/#primaryimage","url":"https:\/\/shrimataji.org\/test\/wp-content\/uploads\/2023\/03\/12_Banner-SY-Ida-scaled.jpg","contentUrl":"https:\/\/shrimataji.org\/test\/wp-content\/uploads\/2023\/03\/12_Banner-SY-Ida-scaled.jpg","width":2560,"height":905},{"@type":"BreadcrumbList","@id":"https:\/\/shrimataji.org\/test\/hu\/ida-nadi\/#breadcrumb","itemListElement":[{"@type":"ListItem","position":1,"name":"Home","item":"https:\/\/shrimataji.org\/test\/uk\/home-en\/"},{"@type":"ListItem","position":2,"name":"Ida n\u00e1di"}]},{"@type":"WebSite","@id":"https:\/\/shrimataji.org\/test\/#website","url":"https:\/\/shrimataji.org\/test\/","name":"Shri Mataji Nirmala Devi","description":"A Life Dedicated to Humanity","publisher":{"@id":"https:\/\/shrimataji.org\/test\/#\/schema\/person\/a1b3419c6585f164aa96da1ff85715d1"},"potentialAction":[{"@type":"SearchAction","target":{"@type":"EntryPoint","urlTemplate":"https:\/\/shrimataji.org\/test\/?s={search_term_string}"},"query-input":{"@type":"PropertyValueSpecification","valueRequired":true,"valueName":"search_term_string"}}],"inLanguage":"en-US"},{"@type":["Person","Organization"],"@id":"https:\/\/shrimataji.org\/test\/#\/schema\/person\/a1b3419c6585f164aa96da1ff85715d1","name":"Nirmala Shrivastava","image":{"@type":"ImageObject","inLanguage":"en-US","@id":"https:\/\/shrimataji.org\/test\/wp-content\/uploads\/2023\/02\/SMO_LOGO-03.svg","url":"https:\/\/shrimataji.org\/test\/wp-content\/uploads\/2023\/02\/SMO_LOGO-03.svg","contentUrl":"https:\/\/shrimataji.org\/test\/wp-content\/uploads\/2023\/02\/SMO_LOGO-03.svg","width":"1024","height":"1024","caption":"Nirmala Shrivastava"},"logo":{"@id":"https:\/\/shrimataji.org\/test\/wp-content\/uploads\/2023\/02\/SMO_LOGO-03.svg"},"sameAs":["https:\/\/shrimataji.org\/test","https:\/\/www.facebook.com\/shrimataji","https:\/\/x.com\/shrimataji","https:\/\/www.youtube.com\/@Shri_Mataji_Nirmala_Devi\/featured"]}]}},"lang":"hu","translations":{"hu":19494,"ur":37443,"en":6410,"am":18017,"th":19968,"sq":18418,"zh":17315,"hi":8307,"tr":10170,"pt":10382,"de":10656,"fr":10754,"it":10852,"es":10949,"ja":11246,"ru":11434,"bn":11626,"te":11734,"sw":11857,"he":12005,"el":12296,"sk":12394,"fa":12492,"fi":12590,"bg":13384,"ro":14458,"cs":14651,"nl":16578,"ku":16738,"ar":16914,"be":18625,"kn":18899,"mr":20332,"uk":20624,"ml":20921,"ta":22733,"sv":23006,"gu":28850,"pa":29010,"fil":29452,"da":37757,"pl":37970,"nn":38309},"pll_sync_post":[],"_links":{"self":[{"href":"https:\/\/shrimataji.org\/test\/wp-json\/wp\/v2\/pages\/19494","targetHints":{"allow":["GET"]}}],"collection":[{"href":"https:\/\/shrimataji.org\/test\/wp-json\/wp\/v2\/pages"}],"about":[{"href":"https:\/\/shrimataji.org\/test\/wp-json\/wp\/v2\/types\/page"}],"author":[{"embeddable":true,"href":"https:\/\/shrimataji.org\/test\/wp-json\/wp\/v2\/users\/1"}],"replies":[{"embeddable":true,"href":"https:\/\/shrimataji.org\/test\/wp-json\/wp\/v2\/comments?post=19494"}],"version-history":[{"count":0,"href":"https:\/\/shrimataji.org\/test\/wp-json\/wp\/v2\/pages\/19494\/revisions"}],"wp:featuredmedia":[{"embeddable":true,"href":"https:\/\/shrimataji.org\/test\/wp-json\/wp\/v2\/media\/19242"}],"wp:attachment":[{"href":"https:\/\/shrimataji.org\/test\/wp-json\/wp\/v2\/media?parent=19494"}],"curies":[{"name":"wp","href":"https:\/\/api.w.org\/{rel}","templated":true}]}}