{"id":19503,"date":"2022-01-29T10:02:47","date_gmt":"2022-01-29T10:02:47","guid":{"rendered":"https:\/\/test.shrimataji.org\/?page_id=6394"},"modified":"2026-04-21T13:15:25","modified_gmt":"2026-04-21T13:15:25","slug":"knowledge-of-the-roots-subtle-system","status":"publish","type":"page","link":"https:\/\/shrimataji.org\/test\/hu\/knowledge-of-the-roots-subtle-system\/","title":{"rendered":"A gy\u00f6kerek ismerete \u2013 Finomrendszer"},"content":{"rendered":"\n\n\t<h1>A gy\u00f6kerek ismerete &#8211; Finomrendszer<\/h1>\n<h2>Bels\u0151 l\u00e9ny\u00fcnk \u0151si tudom\u00e1nya<\/h2>\n<h4>A Sahaja J\u00f3ga elsaj\u00e1t\u00edt\u00e1s\u00e1nak fontos aspektusa a finomrendszer teljes ismerete, amely \u00fatmutat\u00f3k\u00e9nt szolg\u00e1l tudatunk bels\u0151 evol\u00faci\u00f3j\u00e1nak megtapasztal\u00e1s\u00e1hoz.<\/h4>\n\t<p>Az \u0151si indiai v\u00e9dikus \u00edr\u00e1sok le\u00edr\u00e1sa alapj\u00e1n a finomrendszer <a href=\"https:\/\/shrimataji.org\/test\/nadis-the-three-moods\/\" target=\"_blank\" rel=\"noopener\">N\u00e1dikb\u00f3l<\/a> (szanszkrit\u00fcl csatorn\u00e1t jelent) \u00e1ll. A foly\u00f3kon \u00e1tfoly\u00f3 v\u00edzhez hasonl\u00f3an a n\u00e1dik is el\u0151seg\u00edtik a finom energi\u00e1k \u00e1raml\u00e1s\u00e1t l\u00e9ny\u00fcnkben. A rendszer <a href=\"https:\/\/shrimataji.org\/test\/chakras-qualities\/\" target=\"_blank\" rel=\"noopener\">Csakr\u00e1kat<\/a> (szanszkrit\u00fcl kerekekhez hasonl\u00f3an forg\u00f3 finomenergia-k\u00f6zpontot jelent) \u00e9s a <a href=\"https:\/\/shrimataji.org\/test\/kundalini\/\" target=\"_blank\" rel=\"noopener\">Kundalinit<\/a> (az evol\u00faci\u00f3 maradv\u00e1nyerej\u00e9t, amely a keresztcsontunkban t\u00fckr\u00f6z\u0151dik) is tartalmaz. Finomtest\u00fcnk t\u00f6bb ezer n\u00e1dib\u00f3l \u00e9s csakr\u00e1b\u00f3l \u00e1ll, amelyekb\u0151l a h\u00e1rom f\u0151 n\u00e1di, az Ida, a Pingala \u00e9s a Sushumna, valamint a h\u00e9t csakra, a <a href=\"https:\/\/shrimataji.org\/test\/mooladhara-chakra\/\" target=\"_blank\" rel=\"noopener\">Muladhara<\/a>, a <a href=\"https:\/\/shrimataji.org\/test\/swadhisthan-chakra\/\" target=\"_blank\" rel=\"noopener\">Swadhisthana<\/a>, a <a href=\"https:\/\/shrimataji.org\/test\/nabhi-chakra\/\" target=\"_blank\" rel=\"noopener\">Nabhi<\/a>, az <a href=\"https:\/\/shrimataji.org\/test\/anahata-chakra\/\" target=\"_blank\" rel=\"noopener\">Anahata<\/a>, a <a href=\"https:\/\/shrimataji.org\/test\/vishuddhi-chakra\/\" target=\"_blank\" rel=\"noopener\">Vishuddhi<\/a>, az <a href=\"https:\/\/shrimataji.org\/test\/agnya-chakra\/\" target=\"_blank\" rel=\"noopener\">Agnya <\/a>\u00e9s a <a href=\"https:\/\/shrimataji.org\/test\/sahasrara-chakra\/\" target=\"_blank\" rel=\"noopener\">Sahasrara<\/a>.<\/p>\n<p>Az <a href=\"https:\/\/shrimataji.org\/test\/atma\/\" target=\"_blank\" rel=\"noopener\">Atma<\/a>,\u00a0az \u00f6r\u00f6k L\u00e9lek, a sz\u00edv\u00fcnkben t\u00fckr\u00f6z\u0151dik.<\/p>\n<figure itemscope itemtype=\"https:\/\/schema.org\/ImageObject\">\n\t\t\t\t<a href=\"https:\/\/shrimataji.org\/test\/wp-content\/uploads\/2023\/02\/01_Nadis-_-Chakras-01.png\"  target=\"_blank\" rel=\"noopener\"  itemprop=\"url\">\n\t\t\t\t<img decoding=\"async\" src=\"https:\/\/shrimataji.org\/test\/wp-content\/uploads\/2026\/04\/hu-Nadis_Chakras-01-scaled.png\" alt=\"hu-Nadis_Chakras-01\" height=\"2560\" width=\"2095\" title=\"hu-Nadis_Chakras-01\" onerror=\"this.style.display='none'\" loading=\"lazy\" \/>\n\t\t\t\t<\/a>\n\t<\/figure>\n\t<p>Ahogyan \u00e9rz\u00e9kszerveinket \u00e9s motoros v\u00e1laszainkat egy nagyon bonyolult ideg- \u00e9s idegfonat-h\u00e1l\u00f3zat ir\u00e1ny\u00edtja \u00e9s kontroll\u00e1lja, \u00fagy minden embernek van egy velesz\u00fcletett finomrendszere is, ami a fizikai szinten megfelel a szimpatikus \u00e9s paraszimpatikus idegrendszernek. A csatorn\u00e1kb\u00f3l (n\u00e1dik) \u00e9s energiak\u00f6zpontokb\u00f3l (csakr\u00e1kb\u00f3l) \u00e1ll\u00f3 finomrendszer\u00fcnk bonyolult k\u00f6lcs\u00f6nhat\u00e1sban van a test\u00fcnkben \u00e9s az agyunkban tal\u00e1lhat\u00f3 idegh\u00e1l\u00f3zattal, gondoskodva fizikai, intellektu\u00e1lis, \u00e9rzelmi \u00e9s spiritu\u00e1lis l\u00e9ny\u00fcnkr\u0151l. A finomrendszert egy sz\u00e1m\u00edt\u00f3g\u00e9p szoftver\u00e9hez hasonl\u00edthatjuk.<\/p>\n\t<p>Az emberi finomrendszer ismerete m\u00e1r \u00e9vezredekkel ezel\u0151tt ismert volt. Az indiai szent\u00edr\u00e1sok felfedik, hogy Shiva isten volt az els\u0151 Adiyogi (\u0151si j\u00f3gi), aki ezt a tud\u00e1st a Saptha Rishiknek (a h\u00e9t b\u00f6lcsnek) elhozta. Ez a h\u00e9t b\u00f6lcs vitte el a j\u00f3ga e tudom\u00e1ny\u00e1t a vil\u00e1g k\u00fcl\u00f6nb\u00f6z\u0151 r\u00e9szeire. A j\u00f3ga rendszere azonban Indi\u00e1ban tal\u00e1lta meg a legteljesebb kifejez\u0151d\u00e9s\u00e9t.<\/p>\n<p>B\u00e1r a finomrendszer\u00fcnket j\u00f3l ismert\u00e9k az indiai j\u00f3ga hagyom\u00e1nyokban, Shri Mataji volt az els\u0151, aki szeml\u00e9ltette a teljes finomrendszer komplex mechanizmus\u00e1t, \u00e9s azt, hogyan l\u00e9tezik az \u00e9l\u0151 testben m\u00e1r a magzat m\u00e9hen bel\u00fcli fejl\u0151d\u00e9s\u00e9nek korai szakasz\u00e1t\u00f3l kezdve.<\/p>\n<div class=\"su-quote su-quote-style-default\"><div class=\"su-quote-inner su-u-clearfix su-u-trim\"> Teh\u00e1t, amikor a baba k\u00e9t h\u00f3napos az anyam\u00e9hben, ez az \u00e9leter\u0151 bel\u00e9p a testbe. Itt jut be. Lefel\u00e9 (bel\u00fclre) halad a fejben sz\u00e1jpadl\u00e1st\u00f3l, le az agy k\u00f6zep\u00e9n kereszt\u00fcl, a csigoly\u00e1k ment\u00e9n- az \u00fagynevezett gerincvel\u0151n &#8211; kereszt\u00fcl, \u00e9s le a h\u00e1romsz\u00f6g alak\u00fa r\u00e9szhez (keresztcsont). Amikor ez a Kundalini er\u0151 lesz\u00e1ll, id\u0151nk\u00e9nt meg\u00e1ll, csakr\u00e1kat hoz l\u00e9tre. \u00c9s ezek a csakr\u00e1k bel\u00fcl k\u00f6zpontokk\u00e9nt l\u00e9teznek, k\u00edv\u00fcl pedig az orvosok plexusoknak, azaz paraszimpatikus idegrendszernek nevezik \u0151ket. <\/div><\/div>\n<p>A prizm\u00e1ban megt\u00f6r\u0151 f\u00e9ny egyszer\u0171 anal\u00f3gi\u00e1j\u00e1t haszn\u00e1lva Shri Mataji elmagyar\u00e1zta, hogyan fejl\u0151d\u00f6tt \u00e9vmilli\u00f3k alatt az emberi agy lapos strukt\u00far\u00e1ja prizm\u00e1s alak\u00fav\u00e1-, \u00e9s azt, hogy ez hogyan teszi lehet\u0151v\u00e9 a finom energi\u00e1k komplex architekt\u00far\u00e1j\u00e1t, amelyek visszaver\u0151dnek \u00e9s \u00f6sszekeverednek az \u00f6sszetett emberi idegrendszerben.<\/p>\n<p>Egy \u00f6nmegval\u00f3sult ember gyakran \u00e9rzi az \u00fajsz\u00fcl\u00f6tt csecsem\u0151k kutacsainak ter\u00fclet\u00e9r\u0151l ki\u00e1raml\u00f3 h\u0171v\u00f6s szell\u0151t. Shri Mataji ezt a jelens\u00e9get \u00fagy \u00edrta le, mint Isten mindent \u00e1that\u00f3 szeretetenergi\u00e1j\u00e1nak megtapasztal\u00e1sa, amit \u0151 <a href=\"https:\/\/shrimataji.org\/test\/paramchaitanya\/\" target=\"_blank\" rel=\"noopener\">Paramchaitany\u00e1nak<\/a>\u00a0nevezett, ami a n\u00f6veked\u00e9s\u00fcnk korai szakasz\u00e1ban akt\u00edv. Gyakran l\u00e1tni, hogy a csecsem\u0151k egy adott ujjat szopnak, amelyet az \u00f6nmegval\u00f3sult lelkek k\u00f6nnyen megfejtenek, mert egy adott csakra blokkj\u00e1ra utal. K\u00e9s\u0151bb, a koponyacsontok elmeszesed\u00e9se, az emberi ego \u00e9s szuperego fejl\u0151d\u00e9se r\u00e9v\u00e9n ez a finomtudatoss\u00e1g visszah\u00faz\u00f3dik, \u00e9s tudatunkban el\u0151t\u00e9rbe ker\u00fcl a k\u00f6r\u00fcl\u00f6tt\u00fcnk l\u00e9v\u0151 durva szint\u0171 vil\u00e1g, amivel elkezd\u00fcnk azonosulni.<\/p>\n<p>Az \u00f6nmegval\u00f3sul\u00e1s \u00e9s a medit\u00e1ci\u00f3 folyamat\u00e1n kereszt\u00fcl k\u00e9pesek vagyunk helyre\u00e1ll\u00edtani finoml\u00e9ny\u00fcnk eme \u0151si kapcsolat\u00e1t.<\/p>\n\t\t<img decoding=\"async\" data-spai-excluded=\"true\" loading=\"lazy\"  alt=\"YouTube player\"  src=\"https:\/\/i.ytimg.com\/vi\/PrwmhC45nVc\/maxresdefault.jpg\"  \/><button aria-label=\"Play\"><\/button><meta itemprop=\"embedUrl\" content=\"https:\/\/www.youtube.com\/embed\/PrwmhC45nVc\"\/><meta itemprop=\"name\" content=\"Knowledge of the roots\"\/><meta itemprop=\"description\" content=\"YouTube video\"\/><meta itemprop=\"thumbnailUrl\" content=\"https:\/\/i.ytimg.com\/vi\/PrwmhC45nVc\/0.jpg\"\/><meta itemprop=\"duration\" content=\"PT1M35S\"\/><meta itemprop=\"uploadDate\" content=\"2022-11-12T03:23:30Z\"\/>\t\n\n","protected":false},"excerpt":{"rendered":"<p>A gy\u00f6kerek ismerete &#8211; Finomrendszer Bels\u0151 l\u00e9ny\u00fcnk \u0151si tudom\u00e1nya A Sahaja J\u00f3ga elsaj\u00e1t\u00edt\u00e1s\u00e1nak fontos aspektusa a finomrendszer teljes ismerete, amely \u00fatmutat\u00f3k\u00e9nt szolg\u00e1l tudatunk bels\u0151 evol\u00faci\u00f3j\u00e1nak megtapasztal\u00e1s\u00e1hoz. Az \u0151si indiai v\u00e9dikus \u00edr\u00e1sok le\u00edr\u00e1sa alapj\u00e1n a finomrendszer N\u00e1dikb\u00f3l (szanszkrit\u00fcl csatorn\u00e1t jelent) \u00e1ll. A foly\u00f3kon \u00e1tfoly\u00f3 v\u00edzhez hasonl\u00f3an a n\u00e1dik is el\u0151seg\u00edtik a finom energi\u00e1k \u00e1raml\u00e1s\u00e1t l\u00e9ny\u00fcnkben. A&hellip; <br \/> <a class=\"read-more\" href=\"https:\/\/shrimataji.org\/test\/hu\/knowledge-of-the-roots-subtle-system\/\">Read more<\/a><\/p>\n","protected":false},"author":1,"featured_media":19252,"parent":0,"menu_order":0,"comment_status":"closed","ping_status":"closed","template":"","meta":{"inline_featured_image":false,"footnotes":""},"class_list":["post-19503","page","type-page","status-publish","has-post-thumbnail","hentry"],"yoast_head":"<!-- This site is optimized with the Yoast SEO plugin v27.4 - https:\/\/yoast.com\/product\/yoast-seo-wordpress\/ -->\n<title>A gy\u00f6kerek ismerete \u2013 Finomrendszer - TEST - SMND<\/title>\n<meta name=\"robots\" content=\"noindex, follow, max-snippet:-1, max-image-preview:large, max-video-preview:-1\" \/>\n<meta property=\"og:locale\" content=\"en_US\" \/>\n<meta property=\"og:type\" content=\"article\" \/>\n<meta property=\"og:title\" content=\"A gy\u00f6kerek ismerete \u2013 Finomrendszer - TEST - SMND\" \/>\n<meta property=\"og:description\" content=\"A gy\u00f6kerek ismerete &#8211; Finomrendszer Bels\u0151 l\u00e9ny\u00fcnk \u0151si tudom\u00e1nya A Sahaja J\u00f3ga elsaj\u00e1t\u00edt\u00e1s\u00e1nak fontos aspektusa a finomrendszer teljes ismerete, amely \u00fatmutat\u00f3k\u00e9nt szolg\u00e1l tudatunk bels\u0151 evol\u00faci\u00f3j\u00e1nak megtapasztal\u00e1s\u00e1hoz. Az \u0151si indiai v\u00e9dikus \u00edr\u00e1sok le\u00edr\u00e1sa alapj\u00e1n a finomrendszer N\u00e1dikb\u00f3l (szanszkrit\u00fcl csatorn\u00e1t jelent) \u00e1ll. A foly\u00f3kon \u00e1tfoly\u00f3 v\u00edzhez hasonl\u00f3an a n\u00e1dik is el\u0151seg\u00edtik a finom energi\u00e1k \u00e1raml\u00e1s\u00e1t l\u00e9ny\u00fcnkben. A&hellip; Read more\" \/>\n<meta property=\"og:url\" content=\"https:\/\/shrimataji.org\/test\/hu\/knowledge-of-the-roots-subtle-system\/\" \/>\n<meta property=\"og:site_name\" content=\"TEST - SMND\" \/>\n<meta property=\"article:publisher\" content=\"https:\/\/www.facebook.com\/shrimataji\" \/>\n<meta property=\"article:modified_time\" content=\"2026-04-21T13:15:25+00:00\" \/>\n<meta property=\"og:image\" content=\"https:\/\/shrimataji.org\/test\/wp-content\/uploads\/2023\/03\/7_Banner-SY-Roots-2-scaled.jpg\" \/>\n\t<meta property=\"og:image:width\" content=\"2560\" \/>\n\t<meta property=\"og:image:height\" content=\"905\" \/>\n\t<meta property=\"og:image:type\" content=\"image\/jpeg\" \/>\n<meta name=\"twitter:card\" content=\"summary_large_image\" \/>\n<meta name=\"twitter:site\" content=\"@shrimataji\" \/>\n<meta name=\"twitter:label1\" content=\"Est. reading time\" \/>\n\t<meta name=\"twitter:data1\" content=\"3 minutes\" \/>\n<script type=\"application\/ld+json\" class=\"yoast-schema-graph\">{\"@context\":\"https:\\\/\\\/schema.org\",\"@graph\":[{\"@type\":\"WebPage\",\"@id\":\"https:\\\/\\\/shrimataji.org\\\/test\\\/hu\\\/knowledge-of-the-roots-subtle-system\\\/\",\"url\":\"https:\\\/\\\/shrimataji.org\\\/test\\\/hu\\\/knowledge-of-the-roots-subtle-system\\\/\",\"name\":\"A gy\u00f6kerek ismerete \u2013 Finomrendszer - TEST - SMND\",\"isPartOf\":{\"@id\":\"https:\\\/\\\/shrimataji.org\\\/test\\\/#website\"},\"primaryImageOfPage\":{\"@id\":\"https:\\\/\\\/shrimataji.org\\\/test\\\/hu\\\/knowledge-of-the-roots-subtle-system\\\/#primaryimage\"},\"image\":{\"@id\":\"https:\\\/\\\/shrimataji.org\\\/test\\\/hu\\\/knowledge-of-the-roots-subtle-system\\\/#primaryimage\"},\"thumbnailUrl\":\"https:\\\/\\\/shrimataji.org\\\/test\\\/wp-content\\\/uploads\\\/2023\\\/03\\\/7_Banner-SY-Roots-2-scaled.jpg\",\"datePublished\":\"2022-01-29T10:02:47+00:00\",\"dateModified\":\"2026-04-21T13:15:25+00:00\",\"breadcrumb\":{\"@id\":\"https:\\\/\\\/shrimataji.org\\\/test\\\/hu\\\/knowledge-of-the-roots-subtle-system\\\/#breadcrumb\"},\"inLanguage\":\"en-US\",\"potentialAction\":[{\"@type\":\"ReadAction\",\"target\":[\"https:\\\/\\\/shrimataji.org\\\/test\\\/hu\\\/knowledge-of-the-roots-subtle-system\\\/\"]}]},{\"@type\":\"ImageObject\",\"inLanguage\":\"en-US\",\"@id\":\"https:\\\/\\\/shrimataji.org\\\/test\\\/hu\\\/knowledge-of-the-roots-subtle-system\\\/#primaryimage\",\"url\":\"https:\\\/\\\/shrimataji.org\\\/test\\\/wp-content\\\/uploads\\\/2023\\\/03\\\/7_Banner-SY-Roots-2-scaled.jpg\",\"contentUrl\":\"https:\\\/\\\/shrimataji.org\\\/test\\\/wp-content\\\/uploads\\\/2023\\\/03\\\/7_Banner-SY-Roots-2-scaled.jpg\",\"width\":2560,\"height\":905},{\"@type\":\"BreadcrumbList\",\"@id\":\"https:\\\/\\\/shrimataji.org\\\/test\\\/hu\\\/knowledge-of-the-roots-subtle-system\\\/#breadcrumb\",\"itemListElement\":[{\"@type\":\"ListItem\",\"position\":1,\"name\":\"Home\",\"item\":\"https:\\\/\\\/shrimataji.org\\\/test\\\/uk\\\/home-en\\\/\"},{\"@type\":\"ListItem\",\"position\":2,\"name\":\"A gy\u00f6kerek ismerete \u2013 Finomrendszer\"}]},{\"@type\":\"WebSite\",\"@id\":\"https:\\\/\\\/shrimataji.org\\\/test\\\/#website\",\"url\":\"https:\\\/\\\/shrimataji.org\\\/test\\\/\",\"name\":\"Shri Mataji Nirmala Devi\",\"description\":\"A Life Dedicated to Humanity\",\"publisher\":{\"@id\":\"https:\\\/\\\/shrimataji.org\\\/test\\\/#\\\/schema\\\/person\\\/a1b3419c6585f164aa96da1ff85715d1\"},\"potentialAction\":[{\"@type\":\"SearchAction\",\"target\":{\"@type\":\"EntryPoint\",\"urlTemplate\":\"https:\\\/\\\/shrimataji.org\\\/test\\\/?s={search_term_string}\"},\"query-input\":{\"@type\":\"PropertyValueSpecification\",\"valueRequired\":true,\"valueName\":\"search_term_string\"}}],\"inLanguage\":\"en-US\"},{\"@type\":[\"Person\",\"Organization\"],\"@id\":\"https:\\\/\\\/shrimataji.org\\\/test\\\/#\\\/schema\\\/person\\\/a1b3419c6585f164aa96da1ff85715d1\",\"name\":\"Nirmala Shrivastava\",\"image\":{\"@type\":\"ImageObject\",\"inLanguage\":\"en-US\",\"@id\":\"https:\\\/\\\/shrimataji.org\\\/test\\\/wp-content\\\/uploads\\\/2023\\\/02\\\/SMO_LOGO-03.svg\",\"url\":\"https:\\\/\\\/shrimataji.org\\\/test\\\/wp-content\\\/uploads\\\/2023\\\/02\\\/SMO_LOGO-03.svg\",\"contentUrl\":\"https:\\\/\\\/shrimataji.org\\\/test\\\/wp-content\\\/uploads\\\/2023\\\/02\\\/SMO_LOGO-03.svg\",\"width\":\"1024\",\"height\":\"1024\",\"caption\":\"Nirmala Shrivastava\"},\"logo\":{\"@id\":\"https:\\\/\\\/shrimataji.org\\\/test\\\/wp-content\\\/uploads\\\/2023\\\/02\\\/SMO_LOGO-03.svg\"},\"sameAs\":[\"https:\\\/\\\/shrimataji.org\\\/test\",\"https:\\\/\\\/www.facebook.com\\\/shrimataji\",\"https:\\\/\\\/x.com\\\/shrimataji\",\"https:\\\/\\\/www.youtube.com\\\/@Shri_Mataji_Nirmala_Devi\\\/featured\"]}]}<\/script>\n<!-- \/ Yoast SEO plugin. -->","yoast_head_json":{"title":"A gy\u00f6kerek ismerete \u2013 Finomrendszer - TEST - SMND","robots":{"index":"noindex","follow":"follow","max-snippet":"max-snippet:-1","max-image-preview":"max-image-preview:large","max-video-preview":"max-video-preview:-1"},"og_locale":"en_US","og_type":"article","og_title":"A gy\u00f6kerek ismerete \u2013 Finomrendszer - TEST - SMND","og_description":"A gy\u00f6kerek ismerete &#8211; Finomrendszer Bels\u0151 l\u00e9ny\u00fcnk \u0151si tudom\u00e1nya A Sahaja J\u00f3ga elsaj\u00e1t\u00edt\u00e1s\u00e1nak fontos aspektusa a finomrendszer teljes ismerete, amely \u00fatmutat\u00f3k\u00e9nt szolg\u00e1l tudatunk bels\u0151 evol\u00faci\u00f3j\u00e1nak megtapasztal\u00e1s\u00e1hoz. Az \u0151si indiai v\u00e9dikus \u00edr\u00e1sok le\u00edr\u00e1sa alapj\u00e1n a finomrendszer N\u00e1dikb\u00f3l (szanszkrit\u00fcl csatorn\u00e1t jelent) \u00e1ll. A foly\u00f3kon \u00e1tfoly\u00f3 v\u00edzhez hasonl\u00f3an a n\u00e1dik is el\u0151seg\u00edtik a finom energi\u00e1k \u00e1raml\u00e1s\u00e1t l\u00e9ny\u00fcnkben. A&hellip; Read more","og_url":"https:\/\/shrimataji.org\/test\/hu\/knowledge-of-the-roots-subtle-system\/","og_site_name":"TEST - SMND","article_publisher":"https:\/\/www.facebook.com\/shrimataji","article_modified_time":"2026-04-21T13:15:25+00:00","og_image":[{"width":2560,"height":905,"url":"https:\/\/shrimataji.org\/test\/wp-content\/uploads\/2023\/03\/7_Banner-SY-Roots-2-scaled.jpg","type":"image\/jpeg"}],"twitter_card":"summary_large_image","twitter_site":"@shrimataji","twitter_misc":{"Est. reading time":"3 minutes"},"schema":{"@context":"https:\/\/schema.org","@graph":[{"@type":"WebPage","@id":"https:\/\/shrimataji.org\/test\/hu\/knowledge-of-the-roots-subtle-system\/","url":"https:\/\/shrimataji.org\/test\/hu\/knowledge-of-the-roots-subtle-system\/","name":"A gy\u00f6kerek ismerete \u2013 Finomrendszer - TEST - SMND","isPartOf":{"@id":"https:\/\/shrimataji.org\/test\/#website"},"primaryImageOfPage":{"@id":"https:\/\/shrimataji.org\/test\/hu\/knowledge-of-the-roots-subtle-system\/#primaryimage"},"image":{"@id":"https:\/\/shrimataji.org\/test\/hu\/knowledge-of-the-roots-subtle-system\/#primaryimage"},"thumbnailUrl":"https:\/\/shrimataji.org\/test\/wp-content\/uploads\/2023\/03\/7_Banner-SY-Roots-2-scaled.jpg","datePublished":"2022-01-29T10:02:47+00:00","dateModified":"2026-04-21T13:15:25+00:00","breadcrumb":{"@id":"https:\/\/shrimataji.org\/test\/hu\/knowledge-of-the-roots-subtle-system\/#breadcrumb"},"inLanguage":"en-US","potentialAction":[{"@type":"ReadAction","target":["https:\/\/shrimataji.org\/test\/hu\/knowledge-of-the-roots-subtle-system\/"]}]},{"@type":"ImageObject","inLanguage":"en-US","@id":"https:\/\/shrimataji.org\/test\/hu\/knowledge-of-the-roots-subtle-system\/#primaryimage","url":"https:\/\/shrimataji.org\/test\/wp-content\/uploads\/2023\/03\/7_Banner-SY-Roots-2-scaled.jpg","contentUrl":"https:\/\/shrimataji.org\/test\/wp-content\/uploads\/2023\/03\/7_Banner-SY-Roots-2-scaled.jpg","width":2560,"height":905},{"@type":"BreadcrumbList","@id":"https:\/\/shrimataji.org\/test\/hu\/knowledge-of-the-roots-subtle-system\/#breadcrumb","itemListElement":[{"@type":"ListItem","position":1,"name":"Home","item":"https:\/\/shrimataji.org\/test\/uk\/home-en\/"},{"@type":"ListItem","position":2,"name":"A gy\u00f6kerek ismerete \u2013 Finomrendszer"}]},{"@type":"WebSite","@id":"https:\/\/shrimataji.org\/test\/#website","url":"https:\/\/shrimataji.org\/test\/","name":"Shri Mataji Nirmala Devi","description":"A Life Dedicated to Humanity","publisher":{"@id":"https:\/\/shrimataji.org\/test\/#\/schema\/person\/a1b3419c6585f164aa96da1ff85715d1"},"potentialAction":[{"@type":"SearchAction","target":{"@type":"EntryPoint","urlTemplate":"https:\/\/shrimataji.org\/test\/?s={search_term_string}"},"query-input":{"@type":"PropertyValueSpecification","valueRequired":true,"valueName":"search_term_string"}}],"inLanguage":"en-US"},{"@type":["Person","Organization"],"@id":"https:\/\/shrimataji.org\/test\/#\/schema\/person\/a1b3419c6585f164aa96da1ff85715d1","name":"Nirmala Shrivastava","image":{"@type":"ImageObject","inLanguage":"en-US","@id":"https:\/\/shrimataji.org\/test\/wp-content\/uploads\/2023\/02\/SMO_LOGO-03.svg","url":"https:\/\/shrimataji.org\/test\/wp-content\/uploads\/2023\/02\/SMO_LOGO-03.svg","contentUrl":"https:\/\/shrimataji.org\/test\/wp-content\/uploads\/2023\/02\/SMO_LOGO-03.svg","width":"1024","height":"1024","caption":"Nirmala Shrivastava"},"logo":{"@id":"https:\/\/shrimataji.org\/test\/wp-content\/uploads\/2023\/02\/SMO_LOGO-03.svg"},"sameAs":["https:\/\/shrimataji.org\/test","https:\/\/www.facebook.com\/shrimataji","https:\/\/x.com\/shrimataji","https:\/\/www.youtube.com\/@Shri_Mataji_Nirmala_Devi\/featured"]}]}},"lang":"hu","translations":{"hu":19503,"ur":37451,"en":6394,"am":18023,"th":19978,"sq":18424,"zh":17321,"hi":8288,"tr":10174,"pt":10386,"de":10660,"fr":10758,"it":10856,"es":10953,"ja":11250,"ru":11438,"bn":11630,"te":11738,"sw":11861,"he":12009,"el":12301,"sk":12399,"fa":12497,"fi":12595,"bg":13395,"ro":14469,"cs":14662,"nl":16584,"ku":16744,"ar":16920,"be":18631,"kn":18905,"mr":20342,"uk":20634,"ml":20929,"ta":22742,"sv":23014,"gu":28856,"pa":29016,"fil":29460,"da":37764,"pl":37976,"nn":38316},"pll_sync_post":[],"_links":{"self":[{"href":"https:\/\/shrimataji.org\/test\/wp-json\/wp\/v2\/pages\/19503","targetHints":{"allow":["GET"]}}],"collection":[{"href":"https:\/\/shrimataji.org\/test\/wp-json\/wp\/v2\/pages"}],"about":[{"href":"https:\/\/shrimataji.org\/test\/wp-json\/wp\/v2\/types\/page"}],"author":[{"embeddable":true,"href":"https:\/\/shrimataji.org\/test\/wp-json\/wp\/v2\/users\/1"}],"replies":[{"embeddable":true,"href":"https:\/\/shrimataji.org\/test\/wp-json\/wp\/v2\/comments?post=19503"}],"version-history":[{"count":0,"href":"https:\/\/shrimataji.org\/test\/wp-json\/wp\/v2\/pages\/19503\/revisions"}],"wp:featuredmedia":[{"embeddable":true,"href":"https:\/\/shrimataji.org\/test\/wp-json\/wp\/v2\/media\/19252"}],"wp:attachment":[{"href":"https:\/\/shrimataji.org\/test\/wp-json\/wp\/v2\/media?parent=19503"}],"curies":[{"name":"wp","href":"https:\/\/api.w.org\/{rel}","templated":true}]}}