{"id":19511,"date":"2017-08-11T05:00:00","date_gmt":"2017-08-11T05:00:00","guid":{"rendered":"http:\/\/testwordpress.nirmalnagari.org\/smnd\/index.php\/legacy\/"},"modified":"2026-04-11T19:46:57","modified_gmt":"2026-04-11T19:46:57","slug":"legacy","status":"publish","type":"page","link":"https:\/\/shrimataji.org\/test\/hu\/legacy\/","title":{"rendered":"\u00d6r\u00f6ks\u00e9g"},"content":{"rendered":"\n\n\t<h1>\u00d6r\u00f6ks\u00e9g<\/h1>\n<h2>\u00c1talakul\u00e1s &#8211; egy\u00e9ni \u00e9s t\u00e1rsadalmi.<\/h2>\n\t<h4>A k\u00f6nyvek \u00e9s iskol\u00e1k, a tanfolyamok \u00e9s eg\u00e9szs\u00e9g\u00fcgyi k\u00f6zpontok, a m\u0171v\u00e9szeti \u00e9s zenei akad\u00e9mia, s\u0151t, m\u00e9g egy otthon a r\u00e1szorul\u00f3k sz\u00e1m\u00e1ra, mind csak r\u00e9szei Shri Mataji \u00f6r\u00f6ks\u00e9g\u00e9nek, amely enn\u00e9l sokkal t\u00f6bbet jelent.<\/h4>\n<p>Egyetlen eml\u00e9km\u0171 vagy nem korm\u00e1nyzati szervezet sem tudja bemutatni Shri Mataji Nirmala Devi igazi \u00f6r\u00f6ks\u00e9g\u00e9t, ami mindezek felett \u00e1ll.<\/p>\n<p>Amit Shri Mataji adott a vil\u00e1gnak, az nem egy filoz\u00f3fia, egy doktr\u00edna vagy ak\u00e1r egy hitrendszer, hanem egy rendk\u00edv\u00fcli dolog: az \u00f6nmegval\u00f3sul\u00e1s. Ez az \u0151si spiritu\u00e1lis \u00e9bred\u00e9s sz\u00f3 szerint k\u00e9pes megv\u00e1ltoztatni a vil\u00e1got.<\/p>\n<p>A legt\u00f6bb v\u00e1ltoz\u00e1sra vonatkoz\u00f3 recepttel ellent\u00e9tben, a Sahaja J\u00f3ga az egy\u00e9n bels\u0151 \u00e9s fokozatosan n\u00f6vekv\u0151 \u00f6nismeret\u00e9vel kezd\u0151dik. A spiritu\u00e1lis felismer\u00e9s szikr\u00e1ja Shri Mataji \u00f6r\u00f6ks\u00e9ge a vil\u00e1g sz\u00e1m\u00e1ra.<\/p>\n<p>Munk\u00e1ss\u00e1ga r\u00e9v\u00e9n t\u00f6bb mint 100 orsz\u00e1gban l\u00e9trehozott egy a Sahaja J\u00f3ga gyakorl\u00f3ib\u00f3l \u00e1ll\u00f3 glob\u00e1lis k\u00f6z\u00f6ss\u00e9get, akiket egyes\u00edt az \u00f6nmaguk \u00e1talak\u00edt\u00e1s\u00e1nak v\u00e1gya, \u00e9s ezzel egy sz\u00e9lesebb k\u00f6r\u0171 \u00e1talakul\u00e1s lehet\u0151s\u00e9g\u00e9nek megteremt\u00e9se.<\/p>\n<figure itemscope itemtype=\"https:\/\/schema.org\/ImageObject\">\n\t\t\t\t<img decoding=\"async\" src=\"https:\/\/shrimataji.org\/test\/wp-content\/uploads\/2018\/07\/media_originals\/images\/shri-mataji-portraits\/shri-mataji-nirmala-devi-in-daglio-italy-7th-july-2007-683x1024.jpg\" alt=\"Shri Mataji is at Daglio (North Italy, 2007)\" height=\"1024\" width=\"683\" title=\"shri-mataji-nirmala-devi-in-daglio-italy-7th-july-2007\" onerror=\"this.style.display='none'\" loading=\"lazy\" \/>\n\t\t<figcaption>Shri Mataji Dagli\u00f3ban (\u00c9szak-Olaszorsz\u00e1g, 2007)<\/figcaption>\n\t<\/figure>\n\t<p>V\u00edzi\u00f3ja nem int\u00e9zm\u00e9nyek vagy mozgalmak l\u00e9trehoz\u00e1s\u00e1ban rejlett, \u00fczenete az egy\u00e9nre, az \u00c9nre \u00f6sszpontos\u00edtott. Azt tan\u00edtotta a vil\u00e1gnak, hogy csak az igazi egy\u00e9ni \u00e9s kollekt\u00edv spiritualit\u00e1shoz val\u00f3 ragaszkod\u00e1s oldhatja meg a glob\u00e1lis bajokat. Kitartott az egy\u00e9n szabads\u00e1ga mellet is &#8211; a Sahaja J\u00f3g\u00e1ban nincsenek dogm\u00e1k vagy doktr\u00edn\u00e1k, csak a megvil\u00e1gosodott tudatoss\u00e1g arr\u00f3l, hogy mi a megfelel\u0151 az egy\u00e9n spiritu\u00e1lis fejl\u0151d\u00e9s\u00e9hez.<\/p>\n\t<p>\u201eHogy felk\u00e9sz\u00edtsem \u0151ket arra, hogy k\u00e9pesek legyenek megoldani a saj\u00e1t probl\u00e9m\u00e1ikat, ezt kell tennem&#8230; A saj\u00e1t orvosodnak kell lenned. A saj\u00e1t gurudnak kell lenned.&#8221;<\/p>\n<p>Azzal, hogy a Kundalini fel\u00e9breszt\u00e9se \u00e9s az azt k\u00f6vet\u0151 medit\u00e1ci\u00f3 r\u00e9v\u00e9n k\u00e9zzelfoghat\u00f3 v\u00e1ltoz\u00e1st id\u00e9zett el\u0151 az egy\u00e9nben, megtan\u00edtotta a vil\u00e1gnak, hogyan \u00e9rhet el magasabb rend\u0171 c\u00e9lokat, mint puszt\u00e1n az anyagi siker vagy a hatalom. \u201eEl kell \u00e9rn\u00fcnk a bels\u0151 b\u00e9k\u00e9t&#8221; &#8211; tan\u00e1csolta. \u201ePr\u00f3b\u00e1lj meg medit\u00e1lni. Medit\u00e1lj, hogy el\u00e9rd a bels\u0151 l\u00e9nyedet. Ez a bels\u0151 l\u00e9ny a boldogs\u00e1g hatalmas \u00f3ce\u00e1nja!&#8221;<\/p>\n\t<div class=\"su-quote su-quote-style-default\"><div class=\"su-quote-inner su-u-clearfix su-u-trim\">Meg kell mutatnunk a Kundalini fel\u00e9bred\u00e9s\u00e9nek eredm\u00e9nyeit&#8230; Az eg\u00e9sz vil\u00e1gnak sz\u00f3l. Ez az \u00e9n v\u00edzi\u00f3m.<\/div><\/div>\n\t<p>\u00d6r\u00f6ks\u00e9ge, az \u00f6nmegval\u00f3sul\u00e1s r\u00e9v\u00e9n el\u00e9rt \u00e1talakul\u00e1s, tov\u00e1bbra is emberek milli\u00f3inak \u00e9let\u00e9re van hat\u00e1ssal, akik a Sahaja J\u00f3ga medit\u00e1ci\u00f3 gyakorl\u00e1s\u00e1n kereszt\u00fcl val\u00f3di bels\u0151 b\u00e9k\u00e9t \u00e9s abszol\u00fat szabads\u00e1got \u00e9rnek el, hogy harm\u00f3ni\u00e1ban \u00e9lhessenek egym\u00e1ssal \u00e9s az Anyaterm\u00e9szettel.<\/p>\n\n","protected":false},"excerpt":{"rendered":"<p>\u00d6r\u00f6ks\u00e9g \u00c1talakul\u00e1s &#8211; egy\u00e9ni \u00e9s t\u00e1rsadalmi. A k\u00f6nyvek \u00e9s iskol\u00e1k, a tanfolyamok \u00e9s eg\u00e9szs\u00e9g\u00fcgyi k\u00f6zpontok, a m\u0171v\u00e9szeti \u00e9s zenei akad\u00e9mia, s\u0151t, m\u00e9g egy otthon a r\u00e1szorul\u00f3k sz\u00e1m\u00e1ra, mind csak r\u00e9szei Shri Mataji \u00f6r\u00f6ks\u00e9g\u00e9nek, amely enn\u00e9l sokkal t\u00f6bbet jelent. Egyetlen eml\u00e9km\u0171 vagy nem korm\u00e1nyzati szervezet sem tudja bemutatni Shri Mataji Nirmala Devi igazi \u00f6r\u00f6ks\u00e9g\u00e9t, ami mindezek&hellip; <br \/> <a class=\"read-more\" href=\"https:\/\/shrimataji.org\/test\/hu\/legacy\/\">Read more<\/a><\/p>\n","protected":false},"author":1,"featured_media":19262,"parent":0,"menu_order":0,"comment_status":"closed","ping_status":"closed","template":"","meta":{"inline_featured_image":false,"footnotes":""},"class_list":["post-19511","page","type-page","status-publish","has-post-thumbnail","hentry"],"yoast_head":"<!-- This site is optimized with the Yoast SEO plugin v27.4 - https:\/\/yoast.com\/product\/yoast-seo-wordpress\/ -->\n<title>\u00d6r\u00f6ks\u00e9g - TEST - SMND<\/title>\n<meta name=\"robots\" content=\"noindex, follow, max-snippet:-1, max-image-preview:large, max-video-preview:-1\" \/>\n<meta property=\"og:locale\" content=\"en_US\" \/>\n<meta property=\"og:type\" content=\"article\" \/>\n<meta property=\"og:title\" content=\"\u00d6r\u00f6ks\u00e9g - TEST - SMND\" \/>\n<meta property=\"og:description\" content=\"\u00d6r\u00f6ks\u00e9g \u00c1talakul\u00e1s &#8211; egy\u00e9ni \u00e9s t\u00e1rsadalmi. A k\u00f6nyvek \u00e9s iskol\u00e1k, a tanfolyamok \u00e9s eg\u00e9szs\u00e9g\u00fcgyi k\u00f6zpontok, a m\u0171v\u00e9szeti \u00e9s zenei akad\u00e9mia, s\u0151t, m\u00e9g egy otthon a r\u00e1szorul\u00f3k sz\u00e1m\u00e1ra, mind csak r\u00e9szei Shri Mataji \u00f6r\u00f6ks\u00e9g\u00e9nek, amely enn\u00e9l sokkal t\u00f6bbet jelent. Egyetlen eml\u00e9km\u0171 vagy nem korm\u00e1nyzati szervezet sem tudja bemutatni Shri Mataji Nirmala Devi igazi \u00f6r\u00f6ks\u00e9g\u00e9t, ami mindezek&hellip; Read more\" \/>\n<meta property=\"og:url\" content=\"https:\/\/shrimataji.org\/test\/hu\/legacy\/\" \/>\n<meta property=\"og:site_name\" content=\"TEST - SMND\" \/>\n<meta property=\"article:publisher\" content=\"https:\/\/www.facebook.com\/shrimataji\" \/>\n<meta property=\"article:modified_time\" content=\"2026-04-11T19:46:57+00:00\" \/>\n<meta property=\"og:image\" content=\"https:\/\/shrimataji.org\/test\/wp-content\/uploads\/2024\/05\/teaching.jpg\" \/>\n\t<meta property=\"og:image:width\" content=\"1021\" \/>\n\t<meta property=\"og:image:height\" content=\"360\" \/>\n\t<meta property=\"og:image:type\" content=\"image\/jpeg\" \/>\n<meta name=\"twitter:card\" content=\"summary_large_image\" \/>\n<meta name=\"twitter:site\" content=\"@shrimataji\" \/>\n<meta name=\"twitter:label1\" content=\"Est. reading time\" \/>\n\t<meta name=\"twitter:data1\" content=\"2 minutes\" \/>\n<script type=\"application\/ld+json\" class=\"yoast-schema-graph\">{\"@context\":\"https:\\\/\\\/schema.org\",\"@graph\":[{\"@type\":\"WebPage\",\"@id\":\"https:\\\/\\\/shrimataji.org\\\/test\\\/hu\\\/legacy\\\/\",\"url\":\"https:\\\/\\\/shrimataji.org\\\/test\\\/hu\\\/legacy\\\/\",\"name\":\"\u00d6r\u00f6ks\u00e9g - TEST - SMND\",\"isPartOf\":{\"@id\":\"https:\\\/\\\/shrimataji.org\\\/test\\\/#website\"},\"primaryImageOfPage\":{\"@id\":\"https:\\\/\\\/shrimataji.org\\\/test\\\/hu\\\/legacy\\\/#primaryimage\"},\"image\":{\"@id\":\"https:\\\/\\\/shrimataji.org\\\/test\\\/hu\\\/legacy\\\/#primaryimage\"},\"thumbnailUrl\":\"https:\\\/\\\/shrimataji.org\\\/test\\\/wp-content\\\/uploads\\\/2024\\\/05\\\/teaching.jpg\",\"datePublished\":\"2017-08-11T05:00:00+00:00\",\"dateModified\":\"2026-04-11T19:46:57+00:00\",\"breadcrumb\":{\"@id\":\"https:\\\/\\\/shrimataji.org\\\/test\\\/hu\\\/legacy\\\/#breadcrumb\"},\"inLanguage\":\"en-US\",\"potentialAction\":[{\"@type\":\"ReadAction\",\"target\":[\"https:\\\/\\\/shrimataji.org\\\/test\\\/hu\\\/legacy\\\/\"]}]},{\"@type\":\"ImageObject\",\"inLanguage\":\"en-US\",\"@id\":\"https:\\\/\\\/shrimataji.org\\\/test\\\/hu\\\/legacy\\\/#primaryimage\",\"url\":\"https:\\\/\\\/shrimataji.org\\\/test\\\/wp-content\\\/uploads\\\/2024\\\/05\\\/teaching.jpg\",\"contentUrl\":\"https:\\\/\\\/shrimataji.org\\\/test\\\/wp-content\\\/uploads\\\/2024\\\/05\\\/teaching.jpg\",\"width\":1021,\"height\":360},{\"@type\":\"BreadcrumbList\",\"@id\":\"https:\\\/\\\/shrimataji.org\\\/test\\\/hu\\\/legacy\\\/#breadcrumb\",\"itemListElement\":[{\"@type\":\"ListItem\",\"position\":1,\"name\":\"Home\",\"item\":\"https:\\\/\\\/shrimataji.org\\\/test\\\/uk\\\/home-en\\\/\"},{\"@type\":\"ListItem\",\"position\":2,\"name\":\"\u00d6r\u00f6ks\u00e9g\"}]},{\"@type\":\"WebSite\",\"@id\":\"https:\\\/\\\/shrimataji.org\\\/test\\\/#website\",\"url\":\"https:\\\/\\\/shrimataji.org\\\/test\\\/\",\"name\":\"Shri Mataji Nirmala Devi\",\"description\":\"A Life Dedicated to Humanity\",\"publisher\":{\"@id\":\"https:\\\/\\\/shrimataji.org\\\/test\\\/#\\\/schema\\\/person\\\/a1b3419c6585f164aa96da1ff85715d1\"},\"potentialAction\":[{\"@type\":\"SearchAction\",\"target\":{\"@type\":\"EntryPoint\",\"urlTemplate\":\"https:\\\/\\\/shrimataji.org\\\/test\\\/?s={search_term_string}\"},\"query-input\":{\"@type\":\"PropertyValueSpecification\",\"valueRequired\":true,\"valueName\":\"search_term_string\"}}],\"inLanguage\":\"en-US\"},{\"@type\":[\"Person\",\"Organization\"],\"@id\":\"https:\\\/\\\/shrimataji.org\\\/test\\\/#\\\/schema\\\/person\\\/a1b3419c6585f164aa96da1ff85715d1\",\"name\":\"Nirmala Shrivastava\",\"image\":{\"@type\":\"ImageObject\",\"inLanguage\":\"en-US\",\"@id\":\"https:\\\/\\\/shrimataji.org\\\/test\\\/wp-content\\\/uploads\\\/2023\\\/02\\\/SMO_LOGO-03.svg\",\"url\":\"https:\\\/\\\/shrimataji.org\\\/test\\\/wp-content\\\/uploads\\\/2023\\\/02\\\/SMO_LOGO-03.svg\",\"contentUrl\":\"https:\\\/\\\/shrimataji.org\\\/test\\\/wp-content\\\/uploads\\\/2023\\\/02\\\/SMO_LOGO-03.svg\",\"width\":\"1024\",\"height\":\"1024\",\"caption\":\"Nirmala Shrivastava\"},\"logo\":{\"@id\":\"https:\\\/\\\/shrimataji.org\\\/test\\\/wp-content\\\/uploads\\\/2023\\\/02\\\/SMO_LOGO-03.svg\"},\"sameAs\":[\"https:\\\/\\\/shrimataji.org\\\/test\",\"https:\\\/\\\/www.facebook.com\\\/shrimataji\",\"https:\\\/\\\/x.com\\\/shrimataji\",\"https:\\\/\\\/www.youtube.com\\\/@Shri_Mataji_Nirmala_Devi\\\/featured\"]}]}<\/script>\n<!-- \/ Yoast SEO plugin. -->","yoast_head_json":{"title":"\u00d6r\u00f6ks\u00e9g - TEST - SMND","robots":{"index":"noindex","follow":"follow","max-snippet":"max-snippet:-1","max-image-preview":"max-image-preview:large","max-video-preview":"max-video-preview:-1"},"og_locale":"en_US","og_type":"article","og_title":"\u00d6r\u00f6ks\u00e9g - TEST - SMND","og_description":"\u00d6r\u00f6ks\u00e9g \u00c1talakul\u00e1s &#8211; egy\u00e9ni \u00e9s t\u00e1rsadalmi. A k\u00f6nyvek \u00e9s iskol\u00e1k, a tanfolyamok \u00e9s eg\u00e9szs\u00e9g\u00fcgyi k\u00f6zpontok, a m\u0171v\u00e9szeti \u00e9s zenei akad\u00e9mia, s\u0151t, m\u00e9g egy otthon a r\u00e1szorul\u00f3k sz\u00e1m\u00e1ra, mind csak r\u00e9szei Shri Mataji \u00f6r\u00f6ks\u00e9g\u00e9nek, amely enn\u00e9l sokkal t\u00f6bbet jelent. Egyetlen eml\u00e9km\u0171 vagy nem korm\u00e1nyzati szervezet sem tudja bemutatni Shri Mataji Nirmala Devi igazi \u00f6r\u00f6ks\u00e9g\u00e9t, ami mindezek&hellip; Read more","og_url":"https:\/\/shrimataji.org\/test\/hu\/legacy\/","og_site_name":"TEST - SMND","article_publisher":"https:\/\/www.facebook.com\/shrimataji","article_modified_time":"2026-04-11T19:46:57+00:00","og_image":[{"width":1021,"height":360,"url":"https:\/\/shrimataji.org\/test\/wp-content\/uploads\/2024\/05\/teaching.jpg","type":"image\/jpeg"}],"twitter_card":"summary_large_image","twitter_site":"@shrimataji","twitter_misc":{"Est. reading time":"2 minutes"},"schema":{"@context":"https:\/\/schema.org","@graph":[{"@type":"WebPage","@id":"https:\/\/shrimataji.org\/test\/hu\/legacy\/","url":"https:\/\/shrimataji.org\/test\/hu\/legacy\/","name":"\u00d6r\u00f6ks\u00e9g - TEST - SMND","isPartOf":{"@id":"https:\/\/shrimataji.org\/test\/#website"},"primaryImageOfPage":{"@id":"https:\/\/shrimataji.org\/test\/hu\/legacy\/#primaryimage"},"image":{"@id":"https:\/\/shrimataji.org\/test\/hu\/legacy\/#primaryimage"},"thumbnailUrl":"https:\/\/shrimataji.org\/test\/wp-content\/uploads\/2024\/05\/teaching.jpg","datePublished":"2017-08-11T05:00:00+00:00","dateModified":"2026-04-11T19:46:57+00:00","breadcrumb":{"@id":"https:\/\/shrimataji.org\/test\/hu\/legacy\/#breadcrumb"},"inLanguage":"en-US","potentialAction":[{"@type":"ReadAction","target":["https:\/\/shrimataji.org\/test\/hu\/legacy\/"]}]},{"@type":"ImageObject","inLanguage":"en-US","@id":"https:\/\/shrimataji.org\/test\/hu\/legacy\/#primaryimage","url":"https:\/\/shrimataji.org\/test\/wp-content\/uploads\/2024\/05\/teaching.jpg","contentUrl":"https:\/\/shrimataji.org\/test\/wp-content\/uploads\/2024\/05\/teaching.jpg","width":1021,"height":360},{"@type":"BreadcrumbList","@id":"https:\/\/shrimataji.org\/test\/hu\/legacy\/#breadcrumb","itemListElement":[{"@type":"ListItem","position":1,"name":"Home","item":"https:\/\/shrimataji.org\/test\/uk\/home-en\/"},{"@type":"ListItem","position":2,"name":"\u00d6r\u00f6ks\u00e9g"}]},{"@type":"WebSite","@id":"https:\/\/shrimataji.org\/test\/#website","url":"https:\/\/shrimataji.org\/test\/","name":"Shri Mataji Nirmala Devi","description":"A Life Dedicated to Humanity","publisher":{"@id":"https:\/\/shrimataji.org\/test\/#\/schema\/person\/a1b3419c6585f164aa96da1ff85715d1"},"potentialAction":[{"@type":"SearchAction","target":{"@type":"EntryPoint","urlTemplate":"https:\/\/shrimataji.org\/test\/?s={search_term_string}"},"query-input":{"@type":"PropertyValueSpecification","valueRequired":true,"valueName":"search_term_string"}}],"inLanguage":"en-US"},{"@type":["Person","Organization"],"@id":"https:\/\/shrimataji.org\/test\/#\/schema\/person\/a1b3419c6585f164aa96da1ff85715d1","name":"Nirmala Shrivastava","image":{"@type":"ImageObject","inLanguage":"en-US","@id":"https:\/\/shrimataji.org\/test\/wp-content\/uploads\/2023\/02\/SMO_LOGO-03.svg","url":"https:\/\/shrimataji.org\/test\/wp-content\/uploads\/2023\/02\/SMO_LOGO-03.svg","contentUrl":"https:\/\/shrimataji.org\/test\/wp-content\/uploads\/2023\/02\/SMO_LOGO-03.svg","width":"1024","height":"1024","caption":"Nirmala Shrivastava"},"logo":{"@id":"https:\/\/shrimataji.org\/test\/wp-content\/uploads\/2023\/02\/SMO_LOGO-03.svg"},"sameAs":["https:\/\/shrimataji.org\/test","https:\/\/www.facebook.com\/shrimataji","https:\/\/x.com\/shrimataji","https:\/\/www.youtube.com\/@Shri_Mataji_Nirmala_Devi\/featured"]}]}},"lang":"hu","translations":{"hu":19511,"ur":37458,"en":409,"am":18030,"th":19988,"sq":18431,"zh":17328,"tr":10179,"pt":10391,"de":10665,"fr":10763,"it":10861,"es":10958,"ja":11255,"ru":11443,"bn":11635,"te":11743,"sw":11866,"he":12014,"el":12306,"sk":12404,"fa":12502,"fi":12600,"bg":13486,"ro":14561,"cs":14754,"nl":16591,"ku":16751,"ar":16927,"be":18638,"kn":18912,"mr":20352,"uk":20646,"ml":20941,"ta":22749,"sv":23020,"gu":28863,"pa":29023,"fil":29468,"da":37771,"pl":37983,"nn":38323},"pll_sync_post":[],"_links":{"self":[{"href":"https:\/\/shrimataji.org\/test\/wp-json\/wp\/v2\/pages\/19511","targetHints":{"allow":["GET"]}}],"collection":[{"href":"https:\/\/shrimataji.org\/test\/wp-json\/wp\/v2\/pages"}],"about":[{"href":"https:\/\/shrimataji.org\/test\/wp-json\/wp\/v2\/types\/page"}],"author":[{"embeddable":true,"href":"https:\/\/shrimataji.org\/test\/wp-json\/wp\/v2\/users\/1"}],"replies":[{"embeddable":true,"href":"https:\/\/shrimataji.org\/test\/wp-json\/wp\/v2\/comments?post=19511"}],"version-history":[{"count":0,"href":"https:\/\/shrimataji.org\/test\/wp-json\/wp\/v2\/pages\/19511\/revisions"}],"wp:featuredmedia":[{"embeddable":true,"href":"https:\/\/shrimataji.org\/test\/wp-json\/wp\/v2\/media\/19262"}],"wp:attachment":[{"href":"https:\/\/shrimataji.org\/test\/wp-json\/wp\/v2\/media?parent=19511"}],"curies":[{"name":"wp","href":"https:\/\/api.w.org\/{rel}","templated":true}]}}