{"id":19513,"date":"2018-07-10T06:54:42","date_gmt":"2018-07-10T06:54:42","guid":{"rendered":"http:\/\/testwordpress.nirmalnagari.org\/smnd\/index.php\/in-her-words\/"},"modified":"2026-04-11T19:30:29","modified_gmt":"2026-04-11T19:30:29","slug":"library","status":"publish","type":"page","link":"https:\/\/shrimataji.org\/test\/hu\/library\/","title":{"rendered":"K\u00f6nyvt\u00e1r"},"content":{"rendered":"\n\n\t<h1>K\u00f6nyvt\u00e1r<\/h1>\n<h2>Shri Mataji szavai<\/h2>\n\t<h4>Shri Mataji vil\u00e1gra hagyott \u00f6r\u00f6ks\u00e9ge t\u00f6bb mint 3000 vide\u00f3- \u200b\u200b\u00e9s hanganyagot tartalmaz\u00f3 gy\u0171jtem\u00e9nyt foglal mag\u00e1ban. Ezek az el\u0151ad\u00e1sok a spiritualit\u00e1ssal \u00e9s az emberi l\u00e9ttel kapcsolatos t\u00e9m\u00e1k sz\u00e9les sk\u00e1l\u00e1j\u00e1t \u00f6lelik fel.<\/h4>\n<figure itemscope itemtype=\"https:\/\/schema.org\/ImageObject\">\n\t\t\t\t<img decoding=\"async\" src=\"https:\/\/shrimataji.org\/test\/wp-content\/uploads\/2018\/07\/media_originals\/images\/shri-mataji-portraits\/shri-mataji-speaking-near-rahuri-in-india-02-02-1982.jpg.jpg\" alt=\"shri-mataji-speaking-near-rahuri-in-india-02-02-1982\" height=\"995\" width=\"1500\" title=\"shri-mataji-speaking-near-rahuri-in-india-02-02-1982\" onerror=\"this.style.display='none'\" loading=\"lazy\" \/>\n\t\t\n\t<\/figure>\n\t<p>Elismert szerz\u0151k\u00e9nt legn\u00e9pszer\u0171bb m\u0171ve, a <em>Meta Modern Era<\/em> \u0151szinte le\u00edr\u00e1st ad a mai vil\u00e1g probl\u00e9m\u00e1ir\u00f3l, valamint r\u00e9szletes megold\u00e1sokat k\u00edn\u00e1l azok lek\u00fczd\u00e9s\u00e9re.<\/p>\n<p>Shri Mataji v\u00edzi\u00f3j\u00e1r\u00f3l \u00e9s tapasztalatair\u00f3l a legjobb benyom\u00e1st \u00fagy kaphatjuk meg, ha megn\u00e9zz\u00fck vagy meghallgatjuk egyik el\u0151ad\u00e1s\u00e1t. Ezeket a besz\u00e9deket &#8211; legyenek azok hossz\u00faak vagy r\u00f6videk, hivatalosak vagy inform\u00e1lisak, nyilv\u00e1nosak vagy szem\u00e9lyesek &#8211; mindet h\u00edres humor\u00e1val \u00e9s b\u00f6lcsess\u00e9g\u00e9vel adta el\u0151. St\u00edlusa egyenes, \u00e9s mindegyik tan\u00edt\u00e1sainak k\u00f6z\u00e9ppontj\u00e1ban \u00e1ll\u00f3 k\u00e9t alapelv k\u00f6r\u00e9 \u00e9p\u00fcl: az \u00f6nismeret \u00e9s a vel\u00fcnk sz\u00fcletett spiritu\u00e1lis term\u00e9szet\u00fcnk \u0151si igazs\u00e1ga.<\/p>\n\t<div class=\"su-quote su-quote-style-default\"><div class=\"su-quote-inner su-u-clearfix su-u-trim\">Minden m\u00faland\u00f3, ami nem \u00f6r\u00f6k. A jelenben az \u00f6r\u00f6kk\u00e9val\u00f3 megmarad, a t\u00f6bbi kihullik. Olyan ez, mint egy mozg\u00f3 foly\u00f3, amely sehol sem \u00e1ll meg, de a mozg\u00f3 foly\u00f3 maga \u00f6r\u00f6k, a t\u00f6bbi dolog mind v\u00e1ltozik. Ha az \u00f6r\u00f6kk\u00e9val\u00f3s\u00e1g elv\u00e9n \u00e9lsz, minden, ami nem \u00f6r\u00f6kk\u00e9val\u00f3, megv\u00e1ltozik \u00e9s kihullik, felold\u00f3dik \u00e9s megsz\u0171nik l\u00e9tezni. \u00c9lvezned kell az \u00f6r\u00f6kk\u00e9val\u00f3s\u00e1g erej\u00e9t, az isteni szeretet erej\u00e9t, ennek az univerz\u00e1lis l\u00e9nynek az erej\u00e9t, aki vagy.<\/div><\/div>\n\n","protected":false},"excerpt":{"rendered":"<p>K\u00f6nyvt\u00e1r Shri Mataji szavai Shri Mataji vil\u00e1gra hagyott \u00f6r\u00f6ks\u00e9ge t\u00f6bb mint 3000 vide\u00f3- \u200b\u200b\u00e9s hanganyagot tartalmaz\u00f3 gy\u0171jtem\u00e9nyt foglal mag\u00e1ban. Ezek az el\u0151ad\u00e1sok a spiritualit\u00e1ssal \u00e9s az emberi l\u00e9ttel kapcsolatos t\u00e9m\u00e1k sz\u00e9les sk\u00e1l\u00e1j\u00e1t \u00f6lelik fel. Elismert szerz\u0151k\u00e9nt legn\u00e9pszer\u0171bb m\u0171ve, a Meta Modern Era \u0151szinte le\u00edr\u00e1st ad a mai vil\u00e1g probl\u00e9m\u00e1ir\u00f3l, valamint r\u00e9szletes megold\u00e1sokat k\u00edn\u00e1l azok lek\u00fczd\u00e9s\u00e9re.&hellip; <br \/> <a class=\"read-more\" href=\"https:\/\/shrimataji.org\/test\/hu\/library\/\">Read more<\/a><\/p>\n","protected":false},"author":1,"featured_media":19265,"parent":0,"menu_order":0,"comment_status":"closed","ping_status":"closed","template":"","meta":{"inline_featured_image":false,"footnotes":""},"class_list":["post-19513","page","type-page","status-publish","has-post-thumbnail","hentry"],"yoast_head":"<!-- This site is optimized with the Yoast SEO plugin v27.4 - https:\/\/yoast.com\/product\/yoast-seo-wordpress\/ -->\n<title>K\u00f6nyvt\u00e1r - TEST - SMND<\/title>\n<meta name=\"robots\" content=\"noindex, follow, max-snippet:-1, max-image-preview:large, max-video-preview:-1\" \/>\n<meta property=\"og:locale\" content=\"en_US\" \/>\n<meta property=\"og:type\" content=\"article\" \/>\n<meta property=\"og:title\" content=\"K\u00f6nyvt\u00e1r - TEST - SMND\" \/>\n<meta property=\"og:description\" content=\"K\u00f6nyvt\u00e1r Shri Mataji szavai Shri Mataji vil\u00e1gra hagyott \u00f6r\u00f6ks\u00e9ge t\u00f6bb mint 3000 vide\u00f3- \u200b\u200b\u00e9s hanganyagot tartalmaz\u00f3 gy\u0171jtem\u00e9nyt foglal mag\u00e1ban. Ezek az el\u0151ad\u00e1sok a spiritualit\u00e1ssal \u00e9s az emberi l\u00e9ttel kapcsolatos t\u00e9m\u00e1k sz\u00e9les sk\u00e1l\u00e1j\u00e1t \u00f6lelik fel. Elismert szerz\u0151k\u00e9nt legn\u00e9pszer\u0171bb m\u0171ve, a Meta Modern Era \u0151szinte le\u00edr\u00e1st ad a mai vil\u00e1g probl\u00e9m\u00e1ir\u00f3l, valamint r\u00e9szletes megold\u00e1sokat k\u00edn\u00e1l azok lek\u00fczd\u00e9s\u00e9re.&hellip; Read more\" \/>\n<meta property=\"og:url\" content=\"https:\/\/shrimataji.org\/test\/hu\/library\/\" \/>\n<meta property=\"og:site_name\" content=\"TEST - SMND\" \/>\n<meta property=\"article:publisher\" content=\"https:\/\/www.facebook.com\/shrimataji\" \/>\n<meta property=\"article:modified_time\" content=\"2026-04-11T19:30:29+00:00\" \/>\n<meta property=\"og:image\" content=\"https:\/\/shrimataji.org\/test\/wp-content\/uploads\/2018\/07\/media_originals\/images\/headers-general\/shri-mataji-speaking-at-the-sydney-town-hall-feb-2006.jpg\" \/>\n\t<meta property=\"og:image:width\" content=\"990\" \/>\n\t<meta property=\"og:image:height\" content=\"350\" \/>\n\t<meta property=\"og:image:type\" content=\"image\/jpeg\" \/>\n<meta name=\"twitter:card\" content=\"summary_large_image\" \/>\n<meta name=\"twitter:site\" content=\"@shrimataji\" \/>\n<meta name=\"twitter:label1\" content=\"Est. reading time\" \/>\n\t<meta name=\"twitter:data1\" content=\"2 minutes\" \/>\n<script type=\"application\/ld+json\" class=\"yoast-schema-graph\">{\"@context\":\"https:\\\/\\\/schema.org\",\"@graph\":[{\"@type\":\"WebPage\",\"@id\":\"https:\\\/\\\/shrimataji.org\\\/test\\\/hu\\\/library\\\/\",\"url\":\"https:\\\/\\\/shrimataji.org\\\/test\\\/hu\\\/library\\\/\",\"name\":\"K\u00f6nyvt\u00e1r - TEST - SMND\",\"isPartOf\":{\"@id\":\"https:\\\/\\\/shrimataji.org\\\/test\\\/#website\"},\"primaryImageOfPage\":{\"@id\":\"https:\\\/\\\/shrimataji.org\\\/test\\\/hu\\\/library\\\/#primaryimage\"},\"image\":{\"@id\":\"https:\\\/\\\/shrimataji.org\\\/test\\\/hu\\\/library\\\/#primaryimage\"},\"thumbnailUrl\":\"https:\\\/\\\/shrimataji.org\\\/test\\\/wp-content\\\/uploads\\\/2018\\\/07\\\/media_originals\\\/images\\\/headers-general\\\/shri-mataji-speaking-at-the-sydney-town-hall-feb-2006.jpg\",\"datePublished\":\"2018-07-10T06:54:42+00:00\",\"dateModified\":\"2026-04-11T19:30:29+00:00\",\"breadcrumb\":{\"@id\":\"https:\\\/\\\/shrimataji.org\\\/test\\\/hu\\\/library\\\/#breadcrumb\"},\"inLanguage\":\"en-US\",\"potentialAction\":[{\"@type\":\"ReadAction\",\"target\":[\"https:\\\/\\\/shrimataji.org\\\/test\\\/hu\\\/library\\\/\"]}]},{\"@type\":\"ImageObject\",\"inLanguage\":\"en-US\",\"@id\":\"https:\\\/\\\/shrimataji.org\\\/test\\\/hu\\\/library\\\/#primaryimage\",\"url\":\"https:\\\/\\\/shrimataji.org\\\/test\\\/wp-content\\\/uploads\\\/2018\\\/07\\\/media_originals\\\/images\\\/headers-general\\\/shri-mataji-speaking-at-the-sydney-town-hall-feb-2006.jpg\",\"contentUrl\":\"https:\\\/\\\/shrimataji.org\\\/test\\\/wp-content\\\/uploads\\\/2018\\\/07\\\/media_originals\\\/images\\\/headers-general\\\/shri-mataji-speaking-at-the-sydney-town-hall-feb-2006.jpg\",\"width\":990,\"height\":350},{\"@type\":\"BreadcrumbList\",\"@id\":\"https:\\\/\\\/shrimataji.org\\\/test\\\/hu\\\/library\\\/#breadcrumb\",\"itemListElement\":[{\"@type\":\"ListItem\",\"position\":1,\"name\":\"Home\",\"item\":\"https:\\\/\\\/shrimataji.org\\\/test\\\/uk\\\/home-en\\\/\"},{\"@type\":\"ListItem\",\"position\":2,\"name\":\"K\u00f6nyvt\u00e1r\"}]},{\"@type\":\"WebSite\",\"@id\":\"https:\\\/\\\/shrimataji.org\\\/test\\\/#website\",\"url\":\"https:\\\/\\\/shrimataji.org\\\/test\\\/\",\"name\":\"Shri Mataji Nirmala Devi\",\"description\":\"A Life Dedicated to Humanity\",\"publisher\":{\"@id\":\"https:\\\/\\\/shrimataji.org\\\/test\\\/#\\\/schema\\\/person\\\/a1b3419c6585f164aa96da1ff85715d1\"},\"potentialAction\":[{\"@type\":\"SearchAction\",\"target\":{\"@type\":\"EntryPoint\",\"urlTemplate\":\"https:\\\/\\\/shrimataji.org\\\/test\\\/?s={search_term_string}\"},\"query-input\":{\"@type\":\"PropertyValueSpecification\",\"valueRequired\":true,\"valueName\":\"search_term_string\"}}],\"inLanguage\":\"en-US\"},{\"@type\":[\"Person\",\"Organization\"],\"@id\":\"https:\\\/\\\/shrimataji.org\\\/test\\\/#\\\/schema\\\/person\\\/a1b3419c6585f164aa96da1ff85715d1\",\"name\":\"Nirmala Shrivastava\",\"image\":{\"@type\":\"ImageObject\",\"inLanguage\":\"en-US\",\"@id\":\"https:\\\/\\\/shrimataji.org\\\/test\\\/wp-content\\\/uploads\\\/2023\\\/02\\\/SMO_LOGO-03.svg\",\"url\":\"https:\\\/\\\/shrimataji.org\\\/test\\\/wp-content\\\/uploads\\\/2023\\\/02\\\/SMO_LOGO-03.svg\",\"contentUrl\":\"https:\\\/\\\/shrimataji.org\\\/test\\\/wp-content\\\/uploads\\\/2023\\\/02\\\/SMO_LOGO-03.svg\",\"width\":\"1024\",\"height\":\"1024\",\"caption\":\"Nirmala Shrivastava\"},\"logo\":{\"@id\":\"https:\\\/\\\/shrimataji.org\\\/test\\\/wp-content\\\/uploads\\\/2023\\\/02\\\/SMO_LOGO-03.svg\"},\"sameAs\":[\"https:\\\/\\\/shrimataji.org\\\/test\",\"https:\\\/\\\/www.facebook.com\\\/shrimataji\",\"https:\\\/\\\/x.com\\\/shrimataji\",\"https:\\\/\\\/www.youtube.com\\\/@Shri_Mataji_Nirmala_Devi\\\/featured\"]}]}<\/script>\n<!-- \/ Yoast SEO plugin. -->","yoast_head_json":{"title":"K\u00f6nyvt\u00e1r - TEST - SMND","robots":{"index":"noindex","follow":"follow","max-snippet":"max-snippet:-1","max-image-preview":"max-image-preview:large","max-video-preview":"max-video-preview:-1"},"og_locale":"en_US","og_type":"article","og_title":"K\u00f6nyvt\u00e1r - TEST - SMND","og_description":"K\u00f6nyvt\u00e1r Shri Mataji szavai Shri Mataji vil\u00e1gra hagyott \u00f6r\u00f6ks\u00e9ge t\u00f6bb mint 3000 vide\u00f3- \u200b\u200b\u00e9s hanganyagot tartalmaz\u00f3 gy\u0171jtem\u00e9nyt foglal mag\u00e1ban. Ezek az el\u0151ad\u00e1sok a spiritualit\u00e1ssal \u00e9s az emberi l\u00e9ttel kapcsolatos t\u00e9m\u00e1k sz\u00e9les sk\u00e1l\u00e1j\u00e1t \u00f6lelik fel. Elismert szerz\u0151k\u00e9nt legn\u00e9pszer\u0171bb m\u0171ve, a Meta Modern Era \u0151szinte le\u00edr\u00e1st ad a mai vil\u00e1g probl\u00e9m\u00e1ir\u00f3l, valamint r\u00e9szletes megold\u00e1sokat k\u00edn\u00e1l azok lek\u00fczd\u00e9s\u00e9re.&hellip; Read more","og_url":"https:\/\/shrimataji.org\/test\/hu\/library\/","og_site_name":"TEST - SMND","article_publisher":"https:\/\/www.facebook.com\/shrimataji","article_modified_time":"2026-04-11T19:30:29+00:00","og_image":[{"width":990,"height":350,"url":"https:\/\/shrimataji.org\/test\/wp-content\/uploads\/2018\/07\/media_originals\/images\/headers-general\/shri-mataji-speaking-at-the-sydney-town-hall-feb-2006.jpg","type":"image\/jpeg"}],"twitter_card":"summary_large_image","twitter_site":"@shrimataji","twitter_misc":{"Est. reading time":"2 minutes"},"schema":{"@context":"https:\/\/schema.org","@graph":[{"@type":"WebPage","@id":"https:\/\/shrimataji.org\/test\/hu\/library\/","url":"https:\/\/shrimataji.org\/test\/hu\/library\/","name":"K\u00f6nyvt\u00e1r - TEST - SMND","isPartOf":{"@id":"https:\/\/shrimataji.org\/test\/#website"},"primaryImageOfPage":{"@id":"https:\/\/shrimataji.org\/test\/hu\/library\/#primaryimage"},"image":{"@id":"https:\/\/shrimataji.org\/test\/hu\/library\/#primaryimage"},"thumbnailUrl":"https:\/\/shrimataji.org\/test\/wp-content\/uploads\/2018\/07\/media_originals\/images\/headers-general\/shri-mataji-speaking-at-the-sydney-town-hall-feb-2006.jpg","datePublished":"2018-07-10T06:54:42+00:00","dateModified":"2026-04-11T19:30:29+00:00","breadcrumb":{"@id":"https:\/\/shrimataji.org\/test\/hu\/library\/#breadcrumb"},"inLanguage":"en-US","potentialAction":[{"@type":"ReadAction","target":["https:\/\/shrimataji.org\/test\/hu\/library\/"]}]},{"@type":"ImageObject","inLanguage":"en-US","@id":"https:\/\/shrimataji.org\/test\/hu\/library\/#primaryimage","url":"https:\/\/shrimataji.org\/test\/wp-content\/uploads\/2018\/07\/media_originals\/images\/headers-general\/shri-mataji-speaking-at-the-sydney-town-hall-feb-2006.jpg","contentUrl":"https:\/\/shrimataji.org\/test\/wp-content\/uploads\/2018\/07\/media_originals\/images\/headers-general\/shri-mataji-speaking-at-the-sydney-town-hall-feb-2006.jpg","width":990,"height":350},{"@type":"BreadcrumbList","@id":"https:\/\/shrimataji.org\/test\/hu\/library\/#breadcrumb","itemListElement":[{"@type":"ListItem","position":1,"name":"Home","item":"https:\/\/shrimataji.org\/test\/uk\/home-en\/"},{"@type":"ListItem","position":2,"name":"K\u00f6nyvt\u00e1r"}]},{"@type":"WebSite","@id":"https:\/\/shrimataji.org\/test\/#website","url":"https:\/\/shrimataji.org\/test\/","name":"Shri Mataji Nirmala Devi","description":"A Life Dedicated to Humanity","publisher":{"@id":"https:\/\/shrimataji.org\/test\/#\/schema\/person\/a1b3419c6585f164aa96da1ff85715d1"},"potentialAction":[{"@type":"SearchAction","target":{"@type":"EntryPoint","urlTemplate":"https:\/\/shrimataji.org\/test\/?s={search_term_string}"},"query-input":{"@type":"PropertyValueSpecification","valueRequired":true,"valueName":"search_term_string"}}],"inLanguage":"en-US"},{"@type":["Person","Organization"],"@id":"https:\/\/shrimataji.org\/test\/#\/schema\/person\/a1b3419c6585f164aa96da1ff85715d1","name":"Nirmala Shrivastava","image":{"@type":"ImageObject","inLanguage":"en-US","@id":"https:\/\/shrimataji.org\/test\/wp-content\/uploads\/2023\/02\/SMO_LOGO-03.svg","url":"https:\/\/shrimataji.org\/test\/wp-content\/uploads\/2023\/02\/SMO_LOGO-03.svg","contentUrl":"https:\/\/shrimataji.org\/test\/wp-content\/uploads\/2023\/02\/SMO_LOGO-03.svg","width":"1024","height":"1024","caption":"Nirmala Shrivastava"},"logo":{"@id":"https:\/\/shrimataji.org\/test\/wp-content\/uploads\/2023\/02\/SMO_LOGO-03.svg"},"sameAs":["https:\/\/shrimataji.org\/test","https:\/\/www.facebook.com\/shrimataji","https:\/\/x.com\/shrimataji","https:\/\/www.youtube.com\/@Shri_Mataji_Nirmala_Devi\/featured"]}]}},"lang":"hu","translations":{"hu":19513,"ur":37460,"en":395,"am":18032,"th":19991,"sq":18433,"zh":17330,"tr":10180,"pt":10392,"de":10666,"fr":10764,"it":10862,"es":10959,"ja":11256,"ru":11444,"bn":11636,"te":11744,"sw":11867,"he":12015,"el":12307,"sk":12405,"fa":12503,"fi":12601,"bg":13469,"ro":14541,"cs":14734,"nl":16593,"ku":16753,"ar":16929,"be":18640,"kn":18914,"mr":20355,"uk":20649,"ml":20944,"ta":22751,"sv":23022,"bs":27288,"gu":28865,"pa":29025,"fil":29470,"da":37773,"pl":37985,"nn":38325},"pll_sync_post":[],"_links":{"self":[{"href":"https:\/\/shrimataji.org\/test\/wp-json\/wp\/v2\/pages\/19513","targetHints":{"allow":["GET"]}}],"collection":[{"href":"https:\/\/shrimataji.org\/test\/wp-json\/wp\/v2\/pages"}],"about":[{"href":"https:\/\/shrimataji.org\/test\/wp-json\/wp\/v2\/types\/page"}],"author":[{"embeddable":true,"href":"https:\/\/shrimataji.org\/test\/wp-json\/wp\/v2\/users\/1"}],"replies":[{"embeddable":true,"href":"https:\/\/shrimataji.org\/test\/wp-json\/wp\/v2\/comments?post=19513"}],"version-history":[{"count":0,"href":"https:\/\/shrimataji.org\/test\/wp-json\/wp\/v2\/pages\/19513\/revisions"}],"wp:featuredmedia":[{"embeddable":true,"href":"https:\/\/shrimataji.org\/test\/wp-json\/wp\/v2\/media\/19265"}],"wp:attachment":[{"href":"https:\/\/shrimataji.org\/test\/wp-json\/wp\/v2\/media?parent=19513"}],"curies":[{"name":"wp","href":"https:\/\/api.w.org\/{rel}","templated":true}]}}