{"id":19518,"date":"2013-03-05T14:00:00","date_gmt":"2013-03-05T14:00:00","guid":{"rendered":"http:\/\/testwordpress.nirmalnagari.org\/smnd\/index.php\/may-5th-world-realization-day\/"},"modified":"2026-04-21T19:05:24","modified_gmt":"2026-04-21T19:05:24","slug":"may-5th-world-realization-day","status":"publish","type":"page","link":"https:\/\/shrimataji.org\/test\/hu\/may-5th-world-realization-day\/","title":{"rendered":"M\u00e1jus 5-e, az \u00d6nmegval\u00f3sul\u00e1s Vil\u00e1gnapja"},"content":{"rendered":"\n\n\t<h1>M\u00e1jus 5-e, az \u00d6nmegval\u00f3sul\u00e1s Vil\u00e1gnapja<\/h1>\n<h4>M\u00e1jus 5-\u00e9t nyilv\u00e1n\u00edtott\u00e1k az \u00d6nmegval\u00f3sul\u00e1s Vil\u00e1gnapj\u00e1v\u00e1 Shri Mataji Nirmala Devi, a Sahaja J\u00f3ga medit\u00e1ci\u00f3 alap\u00edt\u00f3j\u00e1nak tisztelet\u00e9re.<\/h4>\n<p>A Shri Mataji Nirmala Devi Sahaja J\u00f3ga Vil\u00e1galap\u00edtv\u00e1ny \u00f6r\u00f6mmel jelenti be, hogy m\u00e1jus 5-\u00e9t az \u00d6nmegval\u00f3sul\u00e1s Vil\u00e1gnapj\u00e1v\u00e1 nyilv\u00e1n\u00edtott\u00e1k a <a href=\"\/people\/\" target=\"_blank\" rel=\"noopener\">Sahaja J\u00f3ga<\/a>\u00a0alap\u00edt\u00f3ja, Shri Mataji Nirmala Devi munk\u00e1ss\u00e1g\u00e1nak \u00e9s v\u00edzi\u00f3j\u00e1nak tisztelet\u00e9re. \u00c9vekig tart\u00f3 medit\u00e1ci\u00f3 \u00e9s az emberek tanulm\u00e1nyoz\u00e1sa ut\u00e1n Shri Mataji 1970. m\u00e1jus 5-\u00e9n az indiai Nargolban megnyitotta az utols\u00f3 finomenergia-k\u00f6zpontot &#8211; szanszkrit\u00fcl a \u201e<a href=\"\/glossary\/#Sahasrara\">Sahasrara csakr\u00e1t<\/a>&#8221; -, amely az agy limbikus ter\u00fclet\u00e9n tal\u00e1lhat\u00f3.<\/p>\n<p>Ez a p\u00e9ld\u00e1tlan \u00e1tt\u00f6r\u00e9s megnyitotta az utat az emancip\u00e1ci\u00f3 egy \u00faj korszaka el\u0151tt, amely a bels\u0151 \u00e1talakul\u00e1son alapul. Shri Mataji felfedezett egy m\u00f3dszert, amely spiritu\u00e1lis \u00e9bred\u00e9st v\u00e1lthat ki emberek t\u00f6megeiben. Ez az \u00e9bred\u00e9s, amit \u00f6nmegval\u00f3sul\u00e1snak neveznek, a minden emberben jelen l\u00e9v\u0151 l\u00e9tfontoss\u00e1g\u00fa Kundalini energia aktiv\u00e1l\u00e1sa. Ahelyett, hogy visszavonuln\u00e1nk egy hegycs\u00facsra, \u00e9s szigor\u00faan lemond\u00f3 \u00e9letm\u00f3dot folytatn\u00e1nk, egyszer\u0171en megkaphatjuk ezt a gyeng\u00e9d \u00e9bred\u00e9st spont\u00e1n m\u00f3don is \u00fagy, hogy csak k\u00e9rj\u00fck.<\/p>\n<p>Shri Mataji az \u00f6nmegval\u00f3sul\u00e1st tette a Sahaja J\u00f3g\u00e1nak nevezett medit\u00e1ci\u00f3 alapj\u00e1v\u00e1. Ennek a gyakorlatnak a kulcsa, valamint megk\u00fcl\u00f6nb\u00f6ztet\u0151 jegye, a \u201e<a href=\"\/thoughtless-awareness\/\" target=\"_blank\" rel=\"noopener\">gondolatmentes tudatoss\u00e1g<\/a>&#8220;, melyet az elme csendje hoz l\u00e9tre, nem pedig a vizualiz\u00e1ci\u00f3 vagy m\u00e1sfajta ment\u00e1lis f\u00f3kusz haszn\u00e1lata. A Sahaja J\u00f3ga medit\u00e1ci\u00f3 az elm\u00falt 40 \u00e9vben \u00f3ri\u00e1si m\u00e9rt\u00e9kben fejl\u0151d\u00f6tt, \u00e9s ma m\u00e1r t\u00f6bb mint 100 orsz\u00e1gban gyakorolj\u00e1k. A gyakorl\u00f3k sokf\u00e9le h\u00e1tt\u00e9rrel rendelkeznek, hogy b\u00e9k\u00e9t, megel\u00e9gedetts\u00e9get \u00e9s j\u00f3l\u00e9tet \u00e9rjenek el ezen az egyed\u00fcl\u00e1ll\u00f3 medit\u00e1ci\u00f3n kereszt\u00fcl.<\/p>\n<p>Shri Mataji di\u00e1kk\u00e9nt <a href=\"\/college-years\/\" target=\"_blank\" rel=\"noopener\">Mahatma Gandhival<\/a> egy\u00fctt r\u00e9szt vett az India f\u00fcggetlens\u00e9g\u00e9\u00e9rt folytatott er\u0151szakmentes k\u00fczdelemben, k\u00e9tszer jel\u00f6lt\u00e9k Nobel-b\u00e9ked\u00edjra, \u00e9s 1989-ben megkapta az ENSZ B\u00e9ke\u00e9rm\u00e9t. T\u00f6bb mint 40 \u00e9vet t\u00f6lt\u00f6tt azzal, hogy bej\u00e1rta a vil\u00e1got, \u00e9s a Sahaja J\u00f3ga medit\u00e1ci\u00f3j\u00e1n kereszt\u00fcl terjesztette a b\u00e9ke \u00e9s az egys\u00e9g \u00fczenet\u00e9t. Kor\u00e1nak \u00fagynevezett gurui k\u00f6z\u00f6tt egyed\u00fcl\u00e1ll\u00f3 m\u00f3don, f\u0151 \u00fczenete az volt, hogy minden ember mag\u00e1ban hordozza saj\u00e1t mesteri mivolt\u00e1nak magj\u00e1t. Saj\u00e1t guruv\u00e1 v\u00e1lhat an\u00e9lk\u00fcl, hogy dogm\u00e1khoz vagy ritu\u00e1l\u00e9khoz folyamodna.<\/p>\n<p>Shri Mataji 2011-ben hunyt el, de <a href=\"\/in-her-words\/\" target=\"_blank\" rel=\"noopener\">\u00f6r\u00f6ks\u00e9ge<\/a> tov\u00e1bb \u00e9l k\u00f6vet\u0151i \u00e9let\u00e9ben \u00e9s k\u00f6z\u00f6ss\u00e9gi munk\u00e1j\u00e1ban szerte a vil\u00e1gon. T\u00f6bbsz\u00f6r is hangs\u00falyozta, hogy mindenkinek joga van ingyenesen el\u00e9rni az <a href=\"\/self-realization\/\" target=\"_blank\" rel=\"noopener\">\u00f6nmegval\u00f3sul\u00e1st<\/a>, melynek folyamata b\u00e1rki sz\u00e1m\u00e1ra ma is ugyan\u00fagy el\u00e9rhet\u0151, mint amikor sz\u00e1mtalan nyilv\u00e1nos programon szem\u00e9lyesen k\u00edn\u00e1lta fel ezt az \u00e9lm\u00e9nyt.<\/p>\n<p>M\u00e1jus 5-\u00e9t egy napon az emberis\u00e9g t\u00f6rt\u00e9net\u00e9nek legfontosabb \u00e9vfordul\u00f3jak\u00e9nt ismerhetik el. Addig is egyetemes \u00e9s szeretetteljes eml\u00e9kk\u00e9nt szolg\u00e1l a guruk guruj\u00e1nak \u00e9s a tan\u00e1rok tan\u00edt\u00f3j\u00e1nak, aki k\u00e9zzelfoghat\u00f3, jelent\u0151s\u00e9gteljes spiritualit\u00e1st hozott a modern vil\u00e1gba.<\/p>\n<p>Ez a cikk el\u0151sz\u00f6r 2013. m\u00e1jus 3-\u00e1n jelent meg.<\/p>\n<p>&nbsp;<\/p>\n\n","protected":false},"excerpt":{"rendered":"<p>M\u00e1jus 5-e, az \u00d6nmegval\u00f3sul\u00e1s Vil\u00e1gnapja M\u00e1jus 5-\u00e9t nyilv\u00e1n\u00edtott\u00e1k az \u00d6nmegval\u00f3sul\u00e1s Vil\u00e1gnapj\u00e1v\u00e1 Shri Mataji Nirmala Devi, a Sahaja J\u00f3ga medit\u00e1ci\u00f3 alap\u00edt\u00f3j\u00e1nak tisztelet\u00e9re. A Shri Mataji Nirmala Devi Sahaja J\u00f3ga Vil\u00e1galap\u00edtv\u00e1ny \u00f6r\u00f6mmel jelenti be, hogy m\u00e1jus 5-\u00e9t az \u00d6nmegval\u00f3sul\u00e1s Vil\u00e1gnapj\u00e1v\u00e1 nyilv\u00e1n\u00edtott\u00e1k a Sahaja J\u00f3ga\u00a0alap\u00edt\u00f3ja, Shri Mataji Nirmala Devi munk\u00e1ss\u00e1g\u00e1nak \u00e9s v\u00edzi\u00f3j\u00e1nak tisztelet\u00e9re. \u00c9vekig tart\u00f3 medit\u00e1ci\u00f3 \u00e9s az&hellip; <br \/> <a class=\"read-more\" href=\"https:\/\/shrimataji.org\/test\/hu\/may-5th-world-realization-day\/\">Read more<\/a><\/p>\n","protected":false},"author":1,"featured_media":0,"parent":0,"menu_order":0,"comment_status":"closed","ping_status":"closed","template":"","meta":{"inline_featured_image":false,"footnotes":""},"class_list":["post-19518","page","type-page","status-publish","hentry"],"yoast_head":"<!-- This site is optimized with the Yoast SEO plugin v27.4 - https:\/\/yoast.com\/product\/yoast-seo-wordpress\/ -->\n<title>M\u00e1jus 5-e, az \u00d6nmegval\u00f3sul\u00e1s Vil\u00e1gnapja - TEST - SMND<\/title>\n<meta name=\"robots\" content=\"noindex, follow, max-snippet:-1, max-image-preview:large, max-video-preview:-1\" \/>\n<meta property=\"og:locale\" content=\"en_US\" \/>\n<meta property=\"og:type\" content=\"article\" \/>\n<meta property=\"og:title\" content=\"M\u00e1jus 5-e, az \u00d6nmegval\u00f3sul\u00e1s Vil\u00e1gnapja - TEST - SMND\" \/>\n<meta property=\"og:description\" content=\"M\u00e1jus 5-e, az \u00d6nmegval\u00f3sul\u00e1s Vil\u00e1gnapja M\u00e1jus 5-\u00e9t nyilv\u00e1n\u00edtott\u00e1k az \u00d6nmegval\u00f3sul\u00e1s Vil\u00e1gnapj\u00e1v\u00e1 Shri Mataji Nirmala Devi, a Sahaja J\u00f3ga medit\u00e1ci\u00f3 alap\u00edt\u00f3j\u00e1nak tisztelet\u00e9re. A Shri Mataji Nirmala Devi Sahaja J\u00f3ga Vil\u00e1galap\u00edtv\u00e1ny \u00f6r\u00f6mmel jelenti be, hogy m\u00e1jus 5-\u00e9t az \u00d6nmegval\u00f3sul\u00e1s Vil\u00e1gnapj\u00e1v\u00e1 nyilv\u00e1n\u00edtott\u00e1k a Sahaja J\u00f3ga\u00a0alap\u00edt\u00f3ja, Shri Mataji Nirmala Devi munk\u00e1ss\u00e1g\u00e1nak \u00e9s v\u00edzi\u00f3j\u00e1nak tisztelet\u00e9re. \u00c9vekig tart\u00f3 medit\u00e1ci\u00f3 \u00e9s az&hellip; Read more\" \/>\n<meta property=\"og:url\" content=\"https:\/\/shrimataji.org\/test\/hu\/may-5th-world-realization-day\/\" \/>\n<meta property=\"og:site_name\" content=\"TEST - SMND\" \/>\n<meta property=\"article:publisher\" content=\"https:\/\/www.facebook.com\/shrimataji\" \/>\n<meta property=\"article:modified_time\" content=\"2026-04-21T19:05:24+00:00\" \/>\n<meta property=\"og:image\" content=\"https:\/\/shrimataji.org\/test\/wp-content\/uploads\/2018\/07\/fp11-e1588597806347.jpg\" \/>\n\t<meta property=\"og:image:width\" content=\"707\" \/>\n\t<meta property=\"og:image:height\" content=\"700\" \/>\n\t<meta property=\"og:image:type\" content=\"image\/jpeg\" \/>\n<meta name=\"twitter:card\" content=\"summary_large_image\" \/>\n<meta name=\"twitter:site\" content=\"@shrimataji\" \/>\n<meta name=\"twitter:label1\" content=\"Est. reading time\" \/>\n\t<meta name=\"twitter:data1\" content=\"2 minutes\" \/>\n<script type=\"application\/ld+json\" class=\"yoast-schema-graph\">{\"@context\":\"https:\\\/\\\/schema.org\",\"@graph\":[{\"@type\":\"WebPage\",\"@id\":\"https:\\\/\\\/shrimataji.org\\\/test\\\/hu\\\/may-5th-world-realization-day\\\/\",\"url\":\"https:\\\/\\\/shrimataji.org\\\/test\\\/hu\\\/may-5th-world-realization-day\\\/\",\"name\":\"M\u00e1jus 5-e, az \u00d6nmegval\u00f3sul\u00e1s Vil\u00e1gnapja - TEST - SMND\",\"isPartOf\":{\"@id\":\"https:\\\/\\\/shrimataji.org\\\/test\\\/#website\"},\"datePublished\":\"2013-03-05T14:00:00+00:00\",\"dateModified\":\"2026-04-21T19:05:24+00:00\",\"breadcrumb\":{\"@id\":\"https:\\\/\\\/shrimataji.org\\\/test\\\/hu\\\/may-5th-world-realization-day\\\/#breadcrumb\"},\"inLanguage\":\"en-US\",\"potentialAction\":[{\"@type\":\"ReadAction\",\"target\":[\"https:\\\/\\\/shrimataji.org\\\/test\\\/hu\\\/may-5th-world-realization-day\\\/\"]}]},{\"@type\":\"BreadcrumbList\",\"@id\":\"https:\\\/\\\/shrimataji.org\\\/test\\\/hu\\\/may-5th-world-realization-day\\\/#breadcrumb\",\"itemListElement\":[{\"@type\":\"ListItem\",\"position\":1,\"name\":\"Home\",\"item\":\"https:\\\/\\\/shrimataji.org\\\/test\\\/uk\\\/home-en\\\/\"},{\"@type\":\"ListItem\",\"position\":2,\"name\":\"M\u00e1jus 5-e, az \u00d6nmegval\u00f3sul\u00e1s Vil\u00e1gnapja\"}]},{\"@type\":\"WebSite\",\"@id\":\"https:\\\/\\\/shrimataji.org\\\/test\\\/#website\",\"url\":\"https:\\\/\\\/shrimataji.org\\\/test\\\/\",\"name\":\"Shri Mataji Nirmala Devi\",\"description\":\"A Life Dedicated to Humanity\",\"publisher\":{\"@id\":\"https:\\\/\\\/shrimataji.org\\\/test\\\/#\\\/schema\\\/person\\\/a1b3419c6585f164aa96da1ff85715d1\"},\"potentialAction\":[{\"@type\":\"SearchAction\",\"target\":{\"@type\":\"EntryPoint\",\"urlTemplate\":\"https:\\\/\\\/shrimataji.org\\\/test\\\/?s={search_term_string}\"},\"query-input\":{\"@type\":\"PropertyValueSpecification\",\"valueRequired\":true,\"valueName\":\"search_term_string\"}}],\"inLanguage\":\"en-US\"},{\"@type\":[\"Person\",\"Organization\"],\"@id\":\"https:\\\/\\\/shrimataji.org\\\/test\\\/#\\\/schema\\\/person\\\/a1b3419c6585f164aa96da1ff85715d1\",\"name\":\"Nirmala Shrivastava\",\"image\":{\"@type\":\"ImageObject\",\"inLanguage\":\"en-US\",\"@id\":\"https:\\\/\\\/shrimataji.org\\\/test\\\/wp-content\\\/uploads\\\/2023\\\/02\\\/SMO_LOGO-03.svg\",\"url\":\"https:\\\/\\\/shrimataji.org\\\/test\\\/wp-content\\\/uploads\\\/2023\\\/02\\\/SMO_LOGO-03.svg\",\"contentUrl\":\"https:\\\/\\\/shrimataji.org\\\/test\\\/wp-content\\\/uploads\\\/2023\\\/02\\\/SMO_LOGO-03.svg\",\"width\":\"1024\",\"height\":\"1024\",\"caption\":\"Nirmala Shrivastava\"},\"logo\":{\"@id\":\"https:\\\/\\\/shrimataji.org\\\/test\\\/wp-content\\\/uploads\\\/2023\\\/02\\\/SMO_LOGO-03.svg\"},\"sameAs\":[\"https:\\\/\\\/shrimataji.org\\\/test\",\"https:\\\/\\\/www.facebook.com\\\/shrimataji\",\"https:\\\/\\\/x.com\\\/shrimataji\",\"https:\\\/\\\/www.youtube.com\\\/@Shri_Mataji_Nirmala_Devi\\\/featured\"]}]}<\/script>\n<!-- \/ Yoast SEO plugin. -->","yoast_head_json":{"title":"M\u00e1jus 5-e, az \u00d6nmegval\u00f3sul\u00e1s Vil\u00e1gnapja - TEST - SMND","robots":{"index":"noindex","follow":"follow","max-snippet":"max-snippet:-1","max-image-preview":"max-image-preview:large","max-video-preview":"max-video-preview:-1"},"og_locale":"en_US","og_type":"article","og_title":"M\u00e1jus 5-e, az \u00d6nmegval\u00f3sul\u00e1s Vil\u00e1gnapja - TEST - SMND","og_description":"M\u00e1jus 5-e, az \u00d6nmegval\u00f3sul\u00e1s Vil\u00e1gnapja M\u00e1jus 5-\u00e9t nyilv\u00e1n\u00edtott\u00e1k az \u00d6nmegval\u00f3sul\u00e1s Vil\u00e1gnapj\u00e1v\u00e1 Shri Mataji Nirmala Devi, a Sahaja J\u00f3ga medit\u00e1ci\u00f3 alap\u00edt\u00f3j\u00e1nak tisztelet\u00e9re. A Shri Mataji Nirmala Devi Sahaja J\u00f3ga Vil\u00e1galap\u00edtv\u00e1ny \u00f6r\u00f6mmel jelenti be, hogy m\u00e1jus 5-\u00e9t az \u00d6nmegval\u00f3sul\u00e1s Vil\u00e1gnapj\u00e1v\u00e1 nyilv\u00e1n\u00edtott\u00e1k a Sahaja J\u00f3ga\u00a0alap\u00edt\u00f3ja, Shri Mataji Nirmala Devi munk\u00e1ss\u00e1g\u00e1nak \u00e9s v\u00edzi\u00f3j\u00e1nak tisztelet\u00e9re. \u00c9vekig tart\u00f3 medit\u00e1ci\u00f3 \u00e9s az&hellip; Read more","og_url":"https:\/\/shrimataji.org\/test\/hu\/may-5th-world-realization-day\/","og_site_name":"TEST - SMND","article_publisher":"https:\/\/www.facebook.com\/shrimataji","article_modified_time":"2026-04-21T19:05:24+00:00","og_image":[{"width":707,"height":700,"url":"https:\/\/shrimataji.org\/test\/wp-content\/uploads\/2018\/07\/fp11-e1588597806347.jpg","type":"image\/jpeg"}],"twitter_card":"summary_large_image","twitter_site":"@shrimataji","twitter_misc":{"Est. reading time":"2 minutes"},"schema":{"@context":"https:\/\/schema.org","@graph":[{"@type":"WebPage","@id":"https:\/\/shrimataji.org\/test\/hu\/may-5th-world-realization-day\/","url":"https:\/\/shrimataji.org\/test\/hu\/may-5th-world-realization-day\/","name":"M\u00e1jus 5-e, az \u00d6nmegval\u00f3sul\u00e1s Vil\u00e1gnapja - TEST - SMND","isPartOf":{"@id":"https:\/\/shrimataji.org\/test\/#website"},"datePublished":"2013-03-05T14:00:00+00:00","dateModified":"2026-04-21T19:05:24+00:00","breadcrumb":{"@id":"https:\/\/shrimataji.org\/test\/hu\/may-5th-world-realization-day\/#breadcrumb"},"inLanguage":"en-US","potentialAction":[{"@type":"ReadAction","target":["https:\/\/shrimataji.org\/test\/hu\/may-5th-world-realization-day\/"]}]},{"@type":"BreadcrumbList","@id":"https:\/\/shrimataji.org\/test\/hu\/may-5th-world-realization-day\/#breadcrumb","itemListElement":[{"@type":"ListItem","position":1,"name":"Home","item":"https:\/\/shrimataji.org\/test\/uk\/home-en\/"},{"@type":"ListItem","position":2,"name":"M\u00e1jus 5-e, az \u00d6nmegval\u00f3sul\u00e1s Vil\u00e1gnapja"}]},{"@type":"WebSite","@id":"https:\/\/shrimataji.org\/test\/#website","url":"https:\/\/shrimataji.org\/test\/","name":"Shri Mataji Nirmala Devi","description":"A Life Dedicated to Humanity","publisher":{"@id":"https:\/\/shrimataji.org\/test\/#\/schema\/person\/a1b3419c6585f164aa96da1ff85715d1"},"potentialAction":[{"@type":"SearchAction","target":{"@type":"EntryPoint","urlTemplate":"https:\/\/shrimataji.org\/test\/?s={search_term_string}"},"query-input":{"@type":"PropertyValueSpecification","valueRequired":true,"valueName":"search_term_string"}}],"inLanguage":"en-US"},{"@type":["Person","Organization"],"@id":"https:\/\/shrimataji.org\/test\/#\/schema\/person\/a1b3419c6585f164aa96da1ff85715d1","name":"Nirmala Shrivastava","image":{"@type":"ImageObject","inLanguage":"en-US","@id":"https:\/\/shrimataji.org\/test\/wp-content\/uploads\/2023\/02\/SMO_LOGO-03.svg","url":"https:\/\/shrimataji.org\/test\/wp-content\/uploads\/2023\/02\/SMO_LOGO-03.svg","contentUrl":"https:\/\/shrimataji.org\/test\/wp-content\/uploads\/2023\/02\/SMO_LOGO-03.svg","width":"1024","height":"1024","caption":"Nirmala Shrivastava"},"logo":{"@id":"https:\/\/shrimataji.org\/test\/wp-content\/uploads\/2023\/02\/SMO_LOGO-03.svg"},"sameAs":["https:\/\/shrimataji.org\/test","https:\/\/www.facebook.com\/shrimataji","https:\/\/x.com\/shrimataji","https:\/\/www.youtube.com\/@Shri_Mataji_Nirmala_Devi\/featured"]}]}},"lang":"hu","translations":{"hu":19518,"en":453,"am":18037,"th":19998,"sq":18438,"zh":17335,"tr":10183,"pt":10395,"de":10669,"fr":10767,"it":10865,"es":10962,"ja":11259,"ru":11447,"bn":11639,"te":11747,"sw":11870,"he":12018,"el":12310,"sk":12408,"fa":12506,"fi":12604,"bg":13491,"ro":14566,"cs":14759,"nl":16598,"ku":16758,"ar":16934,"be":18645,"kn":18919,"mr":20362,"uk":20656,"ml":20951,"ta":22756,"sv":23027,"gu":28870,"pa":29030,"fil":29475},"pll_sync_post":[],"_links":{"self":[{"href":"https:\/\/shrimataji.org\/test\/wp-json\/wp\/v2\/pages\/19518","targetHints":{"allow":["GET"]}}],"collection":[{"href":"https:\/\/shrimataji.org\/test\/wp-json\/wp\/v2\/pages"}],"about":[{"href":"https:\/\/shrimataji.org\/test\/wp-json\/wp\/v2\/types\/page"}],"author":[{"embeddable":true,"href":"https:\/\/shrimataji.org\/test\/wp-json\/wp\/v2\/users\/1"}],"replies":[{"embeddable":true,"href":"https:\/\/shrimataji.org\/test\/wp-json\/wp\/v2\/comments?post=19518"}],"version-history":[{"count":0,"href":"https:\/\/shrimataji.org\/test\/wp-json\/wp\/v2\/pages\/19518\/revisions"}],"wp:attachment":[{"href":"https:\/\/shrimataji.org\/test\/wp-json\/wp\/v2\/media?parent=19518"}],"curies":[{"name":"wp","href":"https:\/\/api.w.org\/{rel}","templated":true}]}}