{"id":19524,"date":"2022-01-29T10:25:21","date_gmt":"2022-01-29T10:25:21","guid":{"rendered":"https:\/\/test.shrimataji.org\/?page_id=6406"},"modified":"2026-04-18T14:33:54","modified_gmt":"2026-04-18T14:33:54","slug":"nadis-the-three-moods","status":"publish","type":"page","link":"https:\/\/shrimataji.org\/test\/hu\/nadis-the-three-moods\/","title":{"rendered":"A n\u00e1dik \u00e9s a h\u00e1rom hangulat"},"content":{"rendered":"\n\n\t<h1>A n\u00e1dik \u00e9s a h\u00e1rom hangulat<\/h1>\n<h2>Az egyens\u00faly el\u00e9r\u00e9se<\/h2>\n<div class=\"su-quote su-quote-style-default\"><div class=\"su-quote-inner su-u-clearfix su-u-trim\"> Ezek a finom n\u00e1dik nem l\u00e1that\u00f3ak. A Sahaja J\u00f3ga gyakorl\u00e1sa r\u00e9v\u00e9n v\u00e1lik \u00e9rz\u00e9kel\u00e9s\u00fck lehets\u00e9gess\u00e9. <\/div><\/div>\n<h4>Az emberi finomrendszer rendk\u00edv\u00fcl bonyolult \u00e9s \u00f6sszetett, t\u00f6bb ezer csatorn\u00e1b\u00f3l \u00e1ll, amelyek lehet\u0151v\u00e9 teszik a finomenergia \u00e1raml\u00e1s\u00e1t az eg\u00e9sz testben. A finomenergi\u00e1nak a finomrendszer meghat\u00e1rozott helyein t\u00f6rt\u00e9n\u0151 megnyilv\u00e1nul\u00e1sait \u201e<a href=\"https:\/\/shrimataji.org\/test\/chakras-qualities\/\" target=\"_blank\" rel=\"noopener\">csakr\u00e1knak<\/a>&#8221; nevezz\u00fck (szanszkrit\u00fcl kerekeket jelent). A teljes finomrendszer\u00fcnket h\u00e1rom f\u00fcgg\u0151legesen elhelyezked\u0151 f\u0151 energiacsatorna ir\u00e1ny\u00edtja, melyeket szanszkrit\u00fcl \u201enadi&#8221;-nak neveznek. Ezek a n\u00e1dik a h\u00e9t f\u0151 csakr\u00e1n kereszt\u00fcl hatnak egym\u00e1sra.<\/h4>\n<p>Csak az \u00f6nmegval\u00f3sul\u00e1s r\u00e9v\u00e9n aktiv\u00e1l\u00f3dik teljesen a finomrendszer\u00fcnk, amikor a <a href=\"https:\/\/shrimataji.org\/test\/kundalini\/\" target=\"_blank\" rel=\"noopener\">Kundalini<\/a>\u00a0fel\u00e9bred, amely ezut\u00e1n megtiszt\u00edtja \u00e9s kiegyens\u00falyozza az eg\u00e9sz finomrendszert, \u00e9s megvil\u00e1gos\u00edtja a benn\u00fcnk l\u00e9v\u0151 csakr\u00e1k tiszta tulajdons\u00e1gait.<\/p>\n<figure itemscope itemtype=\"https:\/\/schema.org\/ImageObject\">\n\t\t\t\t<a href=\"https:\/\/shrimataji.org\/test\/wp-content\/uploads\/2023\/02\/1_All-Nadis-01.png\"  target=\"_blank\" rel=\"noopener\"  itemprop=\"url\">\n\t\t\t\t<img decoding=\"async\" src=\"https:\/\/shrimataji.org\/test\/wp-content\/uploads\/2026\/04\/hu-All-Nadis-01-scaled.png\" alt=\"hu-All Nadis-01\" height=\"2560\" width=\"2390\" title=\"hu-All Nadis-01\" onerror=\"this.style.display='none'\" loading=\"lazy\" \/>\n\t\t\t\t<\/a>\n\t<\/figure>\n\t<p>Az energiacsatorn\u00e1k mindegyike bizonyos hangulatoknak vagy tulajdons\u00e1goknak felel meg a pszich\u00e9nkben, \u00e9s t\u00e1mogatja az \u00e9rett szem\u00e9lyis\u00e9g teljes fejl\u0151d\u00e9s\u00e9t. Mindennapi \u00e9let\u00fcnk sor\u00e1n hajlamosak vagyunk vagy a bal csatorn\u00e1t (szanszkrit\u00fcl Ida Nadi) haszn\u00e1lni, amely v\u00e1gyainkat \u00e9s \u00e9rz\u00e9seinket ir\u00e1ny\u00edtja, vagy a jobb csatorn\u00e1t (szankszrit\u00fcl Pingala Nadi), amely gondolatainkat \u00e9s cselekedeteinket vezeti. \u00c9letm\u00f3dunkban tapasztalhat\u00f3 t\u00falzott tendenci\u00e1k gyakran felbor\u00edtj\u00e1k csatorn\u00e1ink term\u00e9szetes egyens\u00faly\u00e1t, ez\u00e9rt fizikai, ment\u00e1lis \u00e9s \u00e9rzelmi probl\u00e9m\u00e1kat tapasztalunk. A harmadik energiacsatorna, a Sushumna, amely a bal \u00e9s a jobb csatorna k\u00f6z\u00f6tt k\u00f6z\u00e9pen helyezkedik el. A Sushumna n\u00e1di csak az \u00f6nmegval\u00f3sul\u00e1sunk \u00e1ltal aktiv\u00e1l\u00f3dik, amikor a Kundalini felemelkedik \u00e9s megvil\u00e1gos\u00edtja az \u00f6sszes csatorn\u00e1nkat \u00e9s csakr\u00e1nkat, bels\u0151 egyens\u00falyi \u00e1llapotba vezetve minket.<\/p>\n<p>Ezek a finom csatorn\u00e1k azont\u00fal, hogy a gerincvel\u0151nkben futnak, \u00e9s a fizikai szinten a szimpatikus \u00e9s paraszimpatikus idegrendszerk\u00e9nt jelennek meg a test\u00fcnk bizonyos r\u00e9sz\u00e9n, pl.: a kez\u00fcnk \u00e9s a l\u00e1bunk meghat\u00e1rozott pontjainak is megfelelnek.<\/p>\n<figure itemscope itemtype=\"https:\/\/schema.org\/ImageObject\">\n\t\t\t\t<img decoding=\"async\" src=\"https:\/\/shrimataji.org\/test\/wp-content\/uploads\/2023\/03\/Nadi_Handsketch.jpg\" alt=\"Origin\u00e1lna kresba od \u0160r\u00ed Matad\u017e\u00ed\" height=\"511\" width=\"1246\" title=\"Nadi_Handsketch\" onerror=\"this.style.display='none'\" loading=\"lazy\" \/>\n\t\t<figcaption>Shri Mataji eredeti rajza<\/figcaption>\n\t<\/figure>\n\t<p>Az \u00f6nmegval\u00f3sul\u00e1s ut\u00e1n vil\u00e1gosan tudat\u00e1ra \u00e9bred\u00fcnk a n\u00e1dikban \u00e9s a csakr\u00e1kban l\u00e9v\u0151 egyens\u00falyhi\u00e1nyoknak, amelyeket h\u0151k\u00e9nt, sz\u00e9ls\u0151s\u00e9ges hidegk\u00e9nt vagy zsibbad\u00e1sk\u00e9nt \u00e9rz\u00fcnk, a gerincvel\u0151ben vagy a v\u00e9gtagjaink megfelel\u0151 pontjain.<\/p>\n<p>Shri Mataji r\u00e9szletesen le\u00edrta a k\u00fcl\u00f6nf\u00e9le tiszt\u00edt\u00e1si technik\u00e1kat, gyakran haszn\u00e1lva egyik vagy m\u00e1sik elemet, p\u00e9ld\u00e1ul a f\u00f6ldet, a vizet, a t\u00fczet, a leveg\u0151t \u00e9s az \u00e9tert, hogy megtiszt\u00edtsa a n\u00e1dik \u00e9s a csakr\u00e1k bizonyos elz\u00e1r\u00f3d\u00e1sait, ez\u00e1ltal vissza\u00e1ll\u00edtsa azok term\u00e9szetes egyens\u00faly\u00e1t.<\/p>\n\t\t<img decoding=\"async\" data-spai-excluded=\"true\" loading=\"lazy\"  alt=\"YouTube player\"  src=\"https:\/\/i.ytimg.com\/vi\/9phkP0MMMEI\/maxresdefault.jpg\"  \/><button aria-label=\"Play\"><\/button><meta itemprop=\"embedUrl\" content=\"https:\/\/www.youtube.com\/embed\/9phkP0MMMEI\"\/><meta itemprop=\"name\" content=\"The importance of a balanced life\"\/><meta itemprop=\"description\" content=\"YouTube video\"\/><meta itemprop=\"thumbnailUrl\" content=\"https:\/\/i.ytimg.com\/vi\/9phkP0MMMEI\/0.jpg\"\/><meta itemprop=\"duration\" content=\"PT2M5S\"\/><meta itemprop=\"uploadDate\" content=\"2022-11-12T03:31:03Z\"\/>\t\n\n","protected":false},"excerpt":{"rendered":"<p>A n\u00e1dik \u00e9s a h\u00e1rom hangulat Az egyens\u00faly el\u00e9r\u00e9se Az emberi finomrendszer rendk\u00edv\u00fcl bonyolult \u00e9s \u00f6sszetett, t\u00f6bb ezer csatorn\u00e1b\u00f3l \u00e1ll, amelyek lehet\u0151v\u00e9 teszik a finomenergia \u00e1raml\u00e1s\u00e1t az eg\u00e9sz testben. A finomenergi\u00e1nak a finomrendszer meghat\u00e1rozott helyein t\u00f6rt\u00e9n\u0151 megnyilv\u00e1nul\u00e1sait \u201ecsakr\u00e1knak&#8221; nevezz\u00fck (szanszkrit\u00fcl kerekeket jelent). A teljes finomrendszer\u00fcnket h\u00e1rom f\u00fcgg\u0151legesen elhelyezked\u0151 f\u0151 energiacsatorna ir\u00e1ny\u00edtja, melyeket szanszkrit\u00fcl \u201enadi&#8221;-nak neveznek.&hellip; <br \/> <a class=\"read-more\" href=\"https:\/\/shrimataji.org\/test\/hu\/nadis-the-three-moods\/\">Read more<\/a><\/p>\n","protected":false},"author":1,"featured_media":19280,"parent":0,"menu_order":0,"comment_status":"closed","ping_status":"closed","template":"","meta":{"inline_featured_image":false,"footnotes":""},"class_list":["post-19524","page","type-page","status-publish","has-post-thumbnail","hentry"],"yoast_head":"<!-- This site is optimized with the Yoast SEO plugin v27.4 - https:\/\/yoast.com\/product\/yoast-seo-wordpress\/ -->\n<title>A n\u00e1dik \u00e9s a h\u00e1rom hangulat - TEST - SMND<\/title>\n<meta name=\"robots\" content=\"noindex, follow, max-snippet:-1, max-image-preview:large, max-video-preview:-1\" \/>\n<meta property=\"og:locale\" content=\"en_US\" \/>\n<meta property=\"og:type\" content=\"article\" \/>\n<meta property=\"og:title\" content=\"A n\u00e1dik \u00e9s a h\u00e1rom hangulat - TEST - SMND\" \/>\n<meta property=\"og:description\" content=\"A n\u00e1dik \u00e9s a h\u00e1rom hangulat Az egyens\u00faly el\u00e9r\u00e9se Az emberi finomrendszer rendk\u00edv\u00fcl bonyolult \u00e9s \u00f6sszetett, t\u00f6bb ezer csatorn\u00e1b\u00f3l \u00e1ll, amelyek lehet\u0151v\u00e9 teszik a finomenergia \u00e1raml\u00e1s\u00e1t az eg\u00e9sz testben. A finomenergi\u00e1nak a finomrendszer meghat\u00e1rozott helyein t\u00f6rt\u00e9n\u0151 megnyilv\u00e1nul\u00e1sait \u201ecsakr\u00e1knak&#8221; nevezz\u00fck (szanszkrit\u00fcl kerekeket jelent). A teljes finomrendszer\u00fcnket h\u00e1rom f\u00fcgg\u0151legesen elhelyezked\u0151 f\u0151 energiacsatorna ir\u00e1ny\u00edtja, melyeket szanszkrit\u00fcl \u201enadi&#8221;-nak neveznek.&hellip; Read more\" \/>\n<meta property=\"og:url\" content=\"https:\/\/shrimataji.org\/test\/hu\/nadis-the-three-moods\/\" \/>\n<meta property=\"og:site_name\" content=\"TEST - SMND\" \/>\n<meta property=\"article:publisher\" content=\"https:\/\/www.facebook.com\/shrimataji\" \/>\n<meta property=\"article:modified_time\" content=\"2026-04-18T14:33:54+00:00\" \/>\n<meta property=\"og:image\" content=\"https:\/\/shrimataji.org\/test\/wp-content\/uploads\/2023\/03\/11_Banner-SY-Nadis-2-scaled.jpg\" \/>\n\t<meta property=\"og:image:width\" content=\"2560\" \/>\n\t<meta property=\"og:image:height\" content=\"905\" \/>\n\t<meta property=\"og:image:type\" content=\"image\/jpeg\" \/>\n<meta name=\"twitter:card\" content=\"summary_large_image\" \/>\n<meta name=\"twitter:site\" content=\"@shrimataji\" \/>\n<meta name=\"twitter:label1\" content=\"Est. reading time\" \/>\n\t<meta name=\"twitter:data1\" content=\"3 minutes\" \/>\n<script type=\"application\/ld+json\" class=\"yoast-schema-graph\">{\"@context\":\"https:\\\/\\\/schema.org\",\"@graph\":[{\"@type\":\"WebPage\",\"@id\":\"https:\\\/\\\/shrimataji.org\\\/test\\\/hu\\\/nadis-the-three-moods\\\/\",\"url\":\"https:\\\/\\\/shrimataji.org\\\/test\\\/hu\\\/nadis-the-three-moods\\\/\",\"name\":\"A n\u00e1dik \u00e9s a h\u00e1rom hangulat - TEST - SMND\",\"isPartOf\":{\"@id\":\"https:\\\/\\\/shrimataji.org\\\/test\\\/#website\"},\"primaryImageOfPage\":{\"@id\":\"https:\\\/\\\/shrimataji.org\\\/test\\\/hu\\\/nadis-the-three-moods\\\/#primaryimage\"},\"image\":{\"@id\":\"https:\\\/\\\/shrimataji.org\\\/test\\\/hu\\\/nadis-the-three-moods\\\/#primaryimage\"},\"thumbnailUrl\":\"https:\\\/\\\/shrimataji.org\\\/test\\\/wp-content\\\/uploads\\\/2023\\\/03\\\/11_Banner-SY-Nadis-2-scaled.jpg\",\"datePublished\":\"2022-01-29T10:25:21+00:00\",\"dateModified\":\"2026-04-18T14:33:54+00:00\",\"breadcrumb\":{\"@id\":\"https:\\\/\\\/shrimataji.org\\\/test\\\/hu\\\/nadis-the-three-moods\\\/#breadcrumb\"},\"inLanguage\":\"en-US\",\"potentialAction\":[{\"@type\":\"ReadAction\",\"target\":[\"https:\\\/\\\/shrimataji.org\\\/test\\\/hu\\\/nadis-the-three-moods\\\/\"]}]},{\"@type\":\"ImageObject\",\"inLanguage\":\"en-US\",\"@id\":\"https:\\\/\\\/shrimataji.org\\\/test\\\/hu\\\/nadis-the-three-moods\\\/#primaryimage\",\"url\":\"https:\\\/\\\/shrimataji.org\\\/test\\\/wp-content\\\/uploads\\\/2023\\\/03\\\/11_Banner-SY-Nadis-2-scaled.jpg\",\"contentUrl\":\"https:\\\/\\\/shrimataji.org\\\/test\\\/wp-content\\\/uploads\\\/2023\\\/03\\\/11_Banner-SY-Nadis-2-scaled.jpg\",\"width\":2560,\"height\":905},{\"@type\":\"BreadcrumbList\",\"@id\":\"https:\\\/\\\/shrimataji.org\\\/test\\\/hu\\\/nadis-the-three-moods\\\/#breadcrumb\",\"itemListElement\":[{\"@type\":\"ListItem\",\"position\":1,\"name\":\"Home\",\"item\":\"https:\\\/\\\/shrimataji.org\\\/test\\\/uk\\\/home-en\\\/\"},{\"@type\":\"ListItem\",\"position\":2,\"name\":\"A n\u00e1dik \u00e9s a h\u00e1rom hangulat\"}]},{\"@type\":\"WebSite\",\"@id\":\"https:\\\/\\\/shrimataji.org\\\/test\\\/#website\",\"url\":\"https:\\\/\\\/shrimataji.org\\\/test\\\/\",\"name\":\"Shri Mataji Nirmala Devi\",\"description\":\"A Life Dedicated to Humanity\",\"publisher\":{\"@id\":\"https:\\\/\\\/shrimataji.org\\\/test\\\/#\\\/schema\\\/person\\\/a1b3419c6585f164aa96da1ff85715d1\"},\"potentialAction\":[{\"@type\":\"SearchAction\",\"target\":{\"@type\":\"EntryPoint\",\"urlTemplate\":\"https:\\\/\\\/shrimataji.org\\\/test\\\/?s={search_term_string}\"},\"query-input\":{\"@type\":\"PropertyValueSpecification\",\"valueRequired\":true,\"valueName\":\"search_term_string\"}}],\"inLanguage\":\"en-US\"},{\"@type\":[\"Person\",\"Organization\"],\"@id\":\"https:\\\/\\\/shrimataji.org\\\/test\\\/#\\\/schema\\\/person\\\/a1b3419c6585f164aa96da1ff85715d1\",\"name\":\"Nirmala Shrivastava\",\"image\":{\"@type\":\"ImageObject\",\"inLanguage\":\"en-US\",\"@id\":\"https:\\\/\\\/shrimataji.org\\\/test\\\/wp-content\\\/uploads\\\/2023\\\/02\\\/SMO_LOGO-03.svg\",\"url\":\"https:\\\/\\\/shrimataji.org\\\/test\\\/wp-content\\\/uploads\\\/2023\\\/02\\\/SMO_LOGO-03.svg\",\"contentUrl\":\"https:\\\/\\\/shrimataji.org\\\/test\\\/wp-content\\\/uploads\\\/2023\\\/02\\\/SMO_LOGO-03.svg\",\"width\":\"1024\",\"height\":\"1024\",\"caption\":\"Nirmala Shrivastava\"},\"logo\":{\"@id\":\"https:\\\/\\\/shrimataji.org\\\/test\\\/wp-content\\\/uploads\\\/2023\\\/02\\\/SMO_LOGO-03.svg\"},\"sameAs\":[\"https:\\\/\\\/shrimataji.org\\\/test\",\"https:\\\/\\\/www.facebook.com\\\/shrimataji\",\"https:\\\/\\\/x.com\\\/shrimataji\",\"https:\\\/\\\/www.youtube.com\\\/@Shri_Mataji_Nirmala_Devi\\\/featured\"]}]}<\/script>\n<!-- \/ Yoast SEO plugin. -->","yoast_head_json":{"title":"A n\u00e1dik \u00e9s a h\u00e1rom hangulat - TEST - SMND","robots":{"index":"noindex","follow":"follow","max-snippet":"max-snippet:-1","max-image-preview":"max-image-preview:large","max-video-preview":"max-video-preview:-1"},"og_locale":"en_US","og_type":"article","og_title":"A n\u00e1dik \u00e9s a h\u00e1rom hangulat - TEST - SMND","og_description":"A n\u00e1dik \u00e9s a h\u00e1rom hangulat Az egyens\u00faly el\u00e9r\u00e9se Az emberi finomrendszer rendk\u00edv\u00fcl bonyolult \u00e9s \u00f6sszetett, t\u00f6bb ezer csatorn\u00e1b\u00f3l \u00e1ll, amelyek lehet\u0151v\u00e9 teszik a finomenergia \u00e1raml\u00e1s\u00e1t az eg\u00e9sz testben. A finomenergi\u00e1nak a finomrendszer meghat\u00e1rozott helyein t\u00f6rt\u00e9n\u0151 megnyilv\u00e1nul\u00e1sait \u201ecsakr\u00e1knak&#8221; nevezz\u00fck (szanszkrit\u00fcl kerekeket jelent). A teljes finomrendszer\u00fcnket h\u00e1rom f\u00fcgg\u0151legesen elhelyezked\u0151 f\u0151 energiacsatorna ir\u00e1ny\u00edtja, melyeket szanszkrit\u00fcl \u201enadi&#8221;-nak neveznek.&hellip; Read more","og_url":"https:\/\/shrimataji.org\/test\/hu\/nadis-the-three-moods\/","og_site_name":"TEST - SMND","article_publisher":"https:\/\/www.facebook.com\/shrimataji","article_modified_time":"2026-04-18T14:33:54+00:00","og_image":[{"width":2560,"height":905,"url":"https:\/\/shrimataji.org\/test\/wp-content\/uploads\/2023\/03\/11_Banner-SY-Nadis-2-scaled.jpg","type":"image\/jpeg"}],"twitter_card":"summary_large_image","twitter_site":"@shrimataji","twitter_misc":{"Est. reading time":"3 minutes"},"schema":{"@context":"https:\/\/schema.org","@graph":[{"@type":"WebPage","@id":"https:\/\/shrimataji.org\/test\/hu\/nadis-the-three-moods\/","url":"https:\/\/shrimataji.org\/test\/hu\/nadis-the-three-moods\/","name":"A n\u00e1dik \u00e9s a h\u00e1rom hangulat - TEST - SMND","isPartOf":{"@id":"https:\/\/shrimataji.org\/test\/#website"},"primaryImageOfPage":{"@id":"https:\/\/shrimataji.org\/test\/hu\/nadis-the-three-moods\/#primaryimage"},"image":{"@id":"https:\/\/shrimataji.org\/test\/hu\/nadis-the-three-moods\/#primaryimage"},"thumbnailUrl":"https:\/\/shrimataji.org\/test\/wp-content\/uploads\/2023\/03\/11_Banner-SY-Nadis-2-scaled.jpg","datePublished":"2022-01-29T10:25:21+00:00","dateModified":"2026-04-18T14:33:54+00:00","breadcrumb":{"@id":"https:\/\/shrimataji.org\/test\/hu\/nadis-the-three-moods\/#breadcrumb"},"inLanguage":"en-US","potentialAction":[{"@type":"ReadAction","target":["https:\/\/shrimataji.org\/test\/hu\/nadis-the-three-moods\/"]}]},{"@type":"ImageObject","inLanguage":"en-US","@id":"https:\/\/shrimataji.org\/test\/hu\/nadis-the-three-moods\/#primaryimage","url":"https:\/\/shrimataji.org\/test\/wp-content\/uploads\/2023\/03\/11_Banner-SY-Nadis-2-scaled.jpg","contentUrl":"https:\/\/shrimataji.org\/test\/wp-content\/uploads\/2023\/03\/11_Banner-SY-Nadis-2-scaled.jpg","width":2560,"height":905},{"@type":"BreadcrumbList","@id":"https:\/\/shrimataji.org\/test\/hu\/nadis-the-three-moods\/#breadcrumb","itemListElement":[{"@type":"ListItem","position":1,"name":"Home","item":"https:\/\/shrimataji.org\/test\/uk\/home-en\/"},{"@type":"ListItem","position":2,"name":"A n\u00e1dik \u00e9s a h\u00e1rom hangulat"}]},{"@type":"WebSite","@id":"https:\/\/shrimataji.org\/test\/#website","url":"https:\/\/shrimataji.org\/test\/","name":"Shri Mataji Nirmala Devi","description":"A Life Dedicated to Humanity","publisher":{"@id":"https:\/\/shrimataji.org\/test\/#\/schema\/person\/a1b3419c6585f164aa96da1ff85715d1"},"potentialAction":[{"@type":"SearchAction","target":{"@type":"EntryPoint","urlTemplate":"https:\/\/shrimataji.org\/test\/?s={search_term_string}"},"query-input":{"@type":"PropertyValueSpecification","valueRequired":true,"valueName":"search_term_string"}}],"inLanguage":"en-US"},{"@type":["Person","Organization"],"@id":"https:\/\/shrimataji.org\/test\/#\/schema\/person\/a1b3419c6585f164aa96da1ff85715d1","name":"Nirmala Shrivastava","image":{"@type":"ImageObject","inLanguage":"en-US","@id":"https:\/\/shrimataji.org\/test\/wp-content\/uploads\/2023\/02\/SMO_LOGO-03.svg","url":"https:\/\/shrimataji.org\/test\/wp-content\/uploads\/2023\/02\/SMO_LOGO-03.svg","contentUrl":"https:\/\/shrimataji.org\/test\/wp-content\/uploads\/2023\/02\/SMO_LOGO-03.svg","width":"1024","height":"1024","caption":"Nirmala Shrivastava"},"logo":{"@id":"https:\/\/shrimataji.org\/test\/wp-content\/uploads\/2023\/02\/SMO_LOGO-03.svg"},"sameAs":["https:\/\/shrimataji.org\/test","https:\/\/www.facebook.com\/shrimataji","https:\/\/x.com\/shrimataji","https:\/\/www.youtube.com\/@Shri_Mataji_Nirmala_Devi\/featured"]}]}},"lang":"hu","translations":{"hu":19524,"ur":37470,"en":6406,"am":18042,"th":20006,"sq":18443,"zh":17340,"hi":8302,"tr":10188,"pt":10398,"de":10672,"fr":10770,"it":10868,"es":10965,"ja":11262,"ru":11450,"bn":11642,"te":11750,"sw":11873,"he":12021,"el":12313,"sk":12411,"fa":12509,"fi":12607,"bg":13386,"ro":14460,"cs":14653,"nl":16603,"ku":16763,"ar":16939,"be":18650,"kn":18924,"mr":20370,"uk":20664,"ml":20959,"ta":22761,"sv":23032,"gu":28875,"pa":29035,"fil":29480,"da":37782,"pl":37994,"nn":38334},"pll_sync_post":[],"_links":{"self":[{"href":"https:\/\/shrimataji.org\/test\/wp-json\/wp\/v2\/pages\/19524","targetHints":{"allow":["GET"]}}],"collection":[{"href":"https:\/\/shrimataji.org\/test\/wp-json\/wp\/v2\/pages"}],"about":[{"href":"https:\/\/shrimataji.org\/test\/wp-json\/wp\/v2\/types\/page"}],"author":[{"embeddable":true,"href":"https:\/\/shrimataji.org\/test\/wp-json\/wp\/v2\/users\/1"}],"replies":[{"embeddable":true,"href":"https:\/\/shrimataji.org\/test\/wp-json\/wp\/v2\/comments?post=19524"}],"version-history":[{"count":0,"href":"https:\/\/shrimataji.org\/test\/wp-json\/wp\/v2\/pages\/19524\/revisions"}],"wp:featuredmedia":[{"embeddable":true,"href":"https:\/\/shrimataji.org\/test\/wp-json\/wp\/v2\/media\/19280"}],"wp:attachment":[{"href":"https:\/\/shrimataji.org\/test\/wp-json\/wp\/v2\/media?parent=19524"}],"curies":[{"name":"wp","href":"https:\/\/api.w.org\/{rel}","templated":true}]}}