{"id":19526,"date":"2018-07-10T06:54:54","date_gmt":"2018-07-10T06:54:54","guid":{"rendered":"http:\/\/testwordpress.nirmalnagari.org\/smnd\/index.php\/obituary-for-sir-c-p-srivastava\/"},"modified":"2026-04-12T13:53:08","modified_gmt":"2026-04-12T13:53:08","slug":"obituary-for-sir-c-p-srivastava","status":"publish","type":"page","link":"https:\/\/shrimataji.org\/test\/hu\/obituary-for-sir-c-p-srivastava\/","title":{"rendered":"Sir C.P. Srivastava gy\u00e1szjelent\u00e9se"},"content":{"rendered":"\n\n\t<h1>Sir C.P. Srivastava gy\u00e1szjelent\u00e9se <\/h1>\n<h4>A &#8216;The Hindu&#8217; c\u00edm\u0171 foly\u00f3irat k\u00f6zl\u00e9se, 2013. j\u00falius 24-\u00e9n, Indi\u00e1ban:<\/h4>\n<h4>\u201eA tenger\u00e9szeti vil\u00e1g Midasz-\u00e9rint\u00e9s\u0171 alakja meghalt&#8221; &#8211; \u00edrta S. Anandan<\/h4>\n<p>H\u00e9tf\u0151n, Genov\u00e1ban, Olaszorsz\u00e1gban a tenger\u00e9szeti vil\u00e1g egy \u00fatt\u00f6r\u0151 vezet\u0151t \u00e9s l\u00e1tnokot vesz\u00edtett el C.P. Srivastava hal\u00e1l\u00e1val, aki Padma Vibhushan kit\u00fcntetett \u00e9s a Nemzetk\u00f6zi Tenger\u00e9szeti Szervezet (IMO) nyugalmazott f\u0151titk\u00e1ra volt. 93 \u00e9vesen \u00e9rte a hal\u00e1l. Dr. Srivastav\u00e1t k\u00e9t l\u00e1nya gy\u00e1szolja. Feles\u00e9ge, Nirmala Devi, a Sahaja J\u00f3ga megalap\u00edt\u00f3ja, aki m\u00e9ly hat\u00e1st gyakorolt \u200b\u200b\u00e9lete ide\u00e1ljaira, megel\u0151zte \u0151t.<\/p>\n<p>Dr. Srivastava int\u00e9zm\u00e9ny\u00e9p\u00edt\u0151 \u00e9s nemzetk\u00f6zi vezet\u0151 volt, Midasz-i \u00e9rint\u00e9ssel. Az, hogy n\u00e9gy egym\u00e1st k\u00f6vet\u0151 ciklusban &#8211; 1974-t\u0151l 1989. december 31-i \u00f6nk\u00e9ntes lemond\u00e1s\u00e1ig &#8211; egyhangulag v\u00e1lasztott\u00e1k meg az IMO f\u0151titk\u00e1r\u00e1v\u00e1, \u00e1rulkodik kedvess\u00e9g\u00e9r\u0151l \u00e9s elismerts\u00e9g\u00e9r\u0151l, mint elfogulatlan, befoly\u00e1sos vezet\u0151. \u0150 volt a leghosszabb ideig hivatalban l\u00e9v\u0151 f\u0151titk\u00e1r. Ez a rekord m\u00e1ig megd\u00f6ntetlen..<\/p>\n\t<p>Miel\u0151tt nemzetk\u00f6zi h\u00edrnevet szerzett volna, Dr. Srivastava az Uttar Pradesh \u00e1llambeli IAS tisztvisel\u0151je volt (1949-es \u00e9vfolyam), aki szorosan egy\u00fcttm\u0171k\u00f6d\u00f6tt Lal Bahadur Shastri akkori uni\u00f3s k\u00f6zleked\u00e9si miniszterrel.<\/p>\n<p>Amikor Shastri-t v\u00e1lasztott\u00e1k az Egyes\u00fclt Kabinet \u00e9l\u00e9re, Dr. Srivastava k\u00f6vette \u0151t a Minisztereln\u00f6ki Hivatal titk\u00e1rs\u00e1g\u00e1ra. Tagja volt a minisztereln\u00f6k 1966-os taskenti k\u00eds\u00e9ret\u00e9nek, ahol Shastri al\u00e1\u00edrta a h\u00edres h\u00e1bor\u00famentess\u00e9gi szerz\u0151d\u00e9st Pakiszt\u00e1nnal, \u00e9s m\u00e1snap rejt\u00e9lyes m\u00f3don meghalt. \u00c9vtizedekkel k\u00e9s\u0151bb Dr. Srivastava meg\u00edrta a \u201eLal Bahadur Shastri: Az igazs\u00e1g \u00e9lete a politik\u00e1ban&#8221; c\u00edm\u0171 \u00e9letrajzot. A vil\u00e1g azonban Dr. Srivastav\u00e1t kiemelked\u0151 vezet\u0151k\u00e9nt ismeri, aki kulcsszerepet j\u00e1tszott olyan \u00fatt\u00f6r\u0151 tenger\u00e9szeti k\u00e9pz\u00e9si int\u00e9zm\u00e9nyek l\u00e9trehoz\u00e1s\u00e1ban, mint a sv\u00e9dorsz\u00e1gi Vil\u00e1g Tenger\u00e9szeti Egyetem \u00e9s a m\u00e1ltai Nemzetk\u00f6zi Tenger\u00e9szeti Jogi Int\u00e9zet.<\/p>\n\t<div class=\"su-quote su-quote-style-default\"><div class=\"su-quote-inner su-u-clearfix su-u-trim\">&#8220;Egy j\u00f3indulat\u00fa er\u0151 \u00e1ramlik \u00e1t az eg\u00e9sz val\u00f3s\u00e1gon. Amikor \u00f6sszhangban vagy ezzel az er\u0151vel, hatalmas er\u0151vel haladsz el\u0151re.&#8221;<br \/>\n\u00a0 \u00a0 \u00a0 \u00a0 \u00a0 &#8211; Lao Ce\u00a0<\/div><\/div>\n\t<p>\u0150 volt a kulcsfontoss\u00e1g\u00fa tenger\u00e9szeti egyezm\u00e9nyek \u00e9s szab\u00e1lyzatok m\u00f6g\u00f6tt \u00e1ll\u00f3 er\u0151, amelyek nagyban hozz\u00e1j\u00e1rultak a leg\u00e9nys\u00e9g biztons\u00e1g\u00e1nak jav\u00edt\u00e1s\u00e1hoz, a magas k\u00e9pz\u00e9si sz\u00ednvonalhoz \u00e9s a ny\u00edlt tengeri biztons\u00e1ghoz, valamint a tiszt\u00e1bb, kev\u00e9sb\u00e9 szennyezett \u00f3ce\u00e1nok filoz\u00f3fi\u00e1j\u00e1nak terjeszt\u00e9s\u00e9hez.<\/p>\n<p>R\u00e9szt vett abban, amikor az IMO kidolgozta \u00e9s j\u00f3v\u00e1hagyta a m\u00e9rf\u00f6ldk\u0151nek sz\u00e1m\u00edt\u00f3 egyezm\u00e9nyeket, bele\u00e9rtve a tenger\u00e9szek k\u00e9pz\u00e9s\u00e9re, k\u00e9pes\u00edt\u00e9s\u00e9re \u00e9s \u0151rszolg\u00e1lat\u00e1ra vonatkoz\u00f3 szabv\u00e1nyokat; a tengeri kutat\u00e1s \u00e9s ment\u00e9s; a tengeri haj\u00f3z\u00e1s biztons\u00e1ga elleni jogellenes cselekm\u00e9nyek visszaszor\u00edt\u00e1sa; valamint a kontinent\u00e1lis talapzaton tal\u00e1lhat\u00f3 r\u00f6gz\u00edtett platformok biztons\u00e1ga elleni jogellenes cselekm\u00e9nyek visszaszor\u00edt\u00e1s\u00e1r\u00f3l sz\u00f3l\u00f3 jegyz\u0151k\u00f6nyveket.<\/p>\n<p>Az 1970-es \u00e9vek elej\u00e9n t\u00f6rt\u00e9nt balesetek sorozata arra k\u00e9sztette, hogy d\u00f6nt\u0151 konferenci\u00e1t szervezzen a tart\u00e1lyhaj\u00f3k biztons\u00e1g\u00e1r\u00f3l \u00e9s a szennyez\u00e9s megel\u0151z\u00e9s\u00e9r\u0151l, amelyet k\u00f6vet\u0151en a tart\u00e1lyhaj\u00f3k tervez\u00e9s\u00e9t \u00e9s \u00fczemeltet\u00e9s\u00e9t \u00e9rint\u0151 int\u00e9zked\u00e9seket be\u00e9p\u00edtett\u00e9k az IMO 1978. \u00e9vi jegyz\u0151k\u00f6nyv\u00e9be, amely az \u00c9letbiztons\u00e1gr\u00f3l a Tengeren Egyezm\u00e9nyhez \u00e9s a Haj\u00f3kr\u00f3l t\u00f6rt\u00e9n\u0151 Szennyez\u00e9s Megel\u0151z\u00e9s\u00e9r\u0151l Sz\u00f3l\u00f3 Nemzetk\u00f6zi Egyezm\u00e9nyhez kapcsol\u00f3dik. Miut\u00e1n az Indiai Haj\u00f3z\u00e1si T\u00e1rsas\u00e1gn\u00e1l (IMO) alap\u00edt\u00f3 vez\u00e9rigazgat\u00f3k\u00e9nt tev\u00e9kenykedett, ahol a leg\u00e9nys\u00e9g j\u00f3l\u00e9t\u00e9vel \u00e9s biztons\u00e1g\u00e1val kapcsolatos k\u00e9rd\u00e9sekkel foglalkozott, valamint a fiatal v\u00e1llalatot t\u00f6meges sz\u00e1ll\u00edt\u00e1sra is kiterjesztette, Dr. Srivastava k\u00f6nnyed\u00e9n tudta ir\u00e1ny\u00edtani az IMO-t, hogy az nagyobb felel\u0151ss\u00e9get \u00e9s szerepeket v\u00e1llaljon.<\/p>\n<p>Ir\u00e1ny\u00edt\u00e1sa alatt az \u00fcgyn\u00f6ks\u00e9g tags\u00e1ga \u00e9s m\u00e9retei n\u00f6vekedtek, megszabadulva annak v\u00e9lt elitizmus\u00e1t\u00f3l, hogy el\u00e9rje a fejl\u0151d\u0151 orsz\u00e1gokat, amelyek ma a szervezet tags\u00e1g\u00e1nak t\u00f6bbs\u00e9g\u00e9t alkotj\u00e1k.&#8221;<\/p>\n<p>Bj\u00f6rn Kjerfve, a Vil\u00e1g Tenger\u00e9szeti Egyetem jelenlegi eln\u00f6ke, Dr. Srivastav\u00e1t \u00e9rdemes vezet\u0151k\u00e9nt jellemzi, aki rendk\u00edv\u00fcli meggy\u0151z\u0151 k\u00e9pess\u00e9ggel rendelkezett. \u201eNagy szomor\u00fas\u00e1ggal \u00e9rtes\u00fclt\u00fcnk a hal\u00e1l\u00e1r\u00f3l. K\u00f6r\u00fclbel\u00fcl k\u00e9t \u00e9vvel ezel\u0151tt megl\u00e1togattam, \u00e9s a h\u00f3nap elej\u00e9n megh\u00edvtam a diplomaoszt\u00f3 \u00fcnneps\u00e9g\u00fcnkre az egyetem 30. \u00e9vfordul\u00f3ja alkalm\u00e1b\u00f3l&#8230; Az alap\u00edt\u00e1s soha nem volt k\u00f6nny\u0171. Az \u0151 \u00e9rdeme, hogy siker\u00fclt meggy\u0151znie az IMO tan\u00e1cs\u00e1nak tagjait \u00e9s az UNDP-t, hogy gy\u0171jtsenek forr\u00e1sokat a l\u00e9trehoz\u00e1s\u00e1ra&#8221; &#8211; mondta Mr. Kjerfve telefonon a sv\u00e9dorsz\u00e1gi Malm\u00f6b\u0151l a The Hindunak.<\/p>\n<p>P.M. Abraham, a felsz\u00edni sz\u00e1ll\u00edt\u00e1s\u00e9rt felel\u0151s kor\u00e1bbi sz\u00f6vets\u00e9gi titk\u00e1r Dr. Srivastav\u00e1ra \u00fagy eml\u00e9kszik vissza, mint egy elb\u0171v\u00f6l\u0151, j\u00f6v\u0151k\u00e9ppel rendelkez\u0151 vezet\u0151re. \u201eEl\u0151sz\u00f6r akkor tal\u00e1lkoztam vele, amikor Indi\u00e1t k\u00e9pviseltem egy IMO tan\u00e1cs\u00fcl\u00e9sen. F\u0151titk\u00e1rk\u00e9nt p\u00e1rtatlanul vezette a m\u0171szaki test\u00fclet \u00fcl\u00e9seit. Eml\u00e9kszem egy alkalomra, amikor egy tag fel\u00e1llt \u00e9s morgol\u00f3dott amiatt, hogy nem kapt\u00e1k meg az \u00fcl\u00e9s napirendj\u00e9t. Mindenkit meglepett, amikor a f\u0151titk\u00e1r lesz\u00e1llt az emelv\u00e9nyr\u0151l, hogy bocs\u00e1natot k\u00e9rjen a mulaszt\u00e1s\u00e9rt, \u00e9s \u00e1tadjon neki egy p\u00e9ld\u00e1nyt. Annyira lefegyverz\u0151 volt.&#8221;<\/p>\n<p>Dr. Srivastava kedves humor\u00e9rz\u00e9kkel rendelkezett. \u201eSok orsz\u00e1gban Nirmala f\u00e9rjek\u00e9nt ismernek, nem pedig az IMO f\u0151titk\u00e1rak\u00e9nt&#8221; &#8211; viccel\u0151d\u00f6tt h\u00edresebb feles\u00e9g\u00e9r\u0151l.<\/p>\n<p>Ritka kever\u00e9ke volt az al\u00e1zatnak, az el\u0151rel\u00e1t\u00e1snak, a j\u00f3zan \u00edt\u00e9l\u0151k\u00e9pess\u00e9gnek \u00e9s az elsz\u00e1nts\u00e1gnak, a vezet\u0151i k\u00e9pess\u00e9g pedig term\u00e9szetes er\u0151ss\u00e9ge volt. \u201eRitkas\u00e1g, hogy valaki ilyen gyorsan ilyen nemzetk\u00f6zi elfogadotts\u00e1got szerezzen. Az \u0151 ir\u00e1ny\u00edt\u00e1sa alatt, a tenger\u00e9szek biztons\u00e1ga \u00e9rdek\u00e9ben kidolgozott \u00e9s l\u00e9trehozott, v\u00edzv\u00e1laszt\u00f3 tenger\u00e9szeti egyezm\u00e9nyekr\u0151l fognak r\u00e1 eml\u00e9kezni&#8221; &#8211; mondja K. Mohandas, az Uni\u00f3 kor\u00e1bbi haj\u00f3z\u00e1si titk\u00e1ra. K\u00f6zel 70 orsz\u00e1g adom\u00e1nyozta neki a legmagasabb kit\u00fcntet\u00e9seket.<\/p>\n<p>A sz\u00e1mos elismer\u00e9s k\u00f6z\u00f6tt szerepelt a Szent Mih\u00e1ly \u00e9s Szent Gy\u00f6rgy Rend tiszteletbeli lovagparancsnoka c\u00edm, amelyet II. Erzs\u00e9bet kir\u00e1lyn\u0151 adom\u00e1nyozott neki.<\/p>\n\n","protected":false},"excerpt":{"rendered":"<p>Sir C.P. Srivastava gy\u00e1szjelent\u00e9se A &#8216;The Hindu&#8217; c\u00edm\u0171 foly\u00f3irat k\u00f6zl\u00e9se, 2013. j\u00falius 24-\u00e9n, Indi\u00e1ban: \u201eA tenger\u00e9szeti vil\u00e1g Midasz-\u00e9rint\u00e9s\u0171 alakja meghalt&#8221; &#8211; \u00edrta S. Anandan H\u00e9tf\u0151n, Genov\u00e1ban, Olaszorsz\u00e1gban a tenger\u00e9szeti vil\u00e1g egy \u00fatt\u00f6r\u0151 vezet\u0151t \u00e9s l\u00e1tnokot vesz\u00edtett el C.P. Srivastava hal\u00e1l\u00e1val, aki Padma Vibhushan kit\u00fcntetett \u00e9s a Nemzetk\u00f6zi Tenger\u00e9szeti Szervezet (IMO) nyugalmazott f\u0151titk\u00e1ra volt. 93 \u00e9vesen&hellip; <br \/> <a class=\"read-more\" href=\"https:\/\/shrimataji.org\/test\/hu\/obituary-for-sir-c-p-srivastava\/\">Read more<\/a><\/p>\n","protected":false},"author":1,"featured_media":0,"parent":0,"menu_order":0,"comment_status":"closed","ping_status":"closed","template":"","meta":{"inline_featured_image":false,"footnotes":""},"class_list":["post-19526","page","type-page","status-publish","hentry"],"yoast_head":"<!-- This site is optimized with the Yoast SEO plugin v27.4 - https:\/\/yoast.com\/product\/yoast-seo-wordpress\/ -->\n<title>Sir C.P. Srivastava gy\u00e1szjelent\u00e9se - TEST - SMND<\/title>\n<meta name=\"robots\" content=\"noindex, follow, max-snippet:-1, max-image-preview:large, max-video-preview:-1\" \/>\n<meta property=\"og:locale\" content=\"en_US\" \/>\n<meta property=\"og:type\" content=\"article\" \/>\n<meta property=\"og:title\" content=\"Sir C.P. Srivastava gy\u00e1szjelent\u00e9se - TEST - SMND\" \/>\n<meta property=\"og:description\" content=\"Sir C.P. Srivastava gy\u00e1szjelent\u00e9se A &#8216;The Hindu&#8217; c\u00edm\u0171 foly\u00f3irat k\u00f6zl\u00e9se, 2013. j\u00falius 24-\u00e9n, Indi\u00e1ban: \u201eA tenger\u00e9szeti vil\u00e1g Midasz-\u00e9rint\u00e9s\u0171 alakja meghalt&#8221; &#8211; \u00edrta S. Anandan H\u00e9tf\u0151n, Genov\u00e1ban, Olaszorsz\u00e1gban a tenger\u00e9szeti vil\u00e1g egy \u00fatt\u00f6r\u0151 vezet\u0151t \u00e9s l\u00e1tnokot vesz\u00edtett el C.P. Srivastava hal\u00e1l\u00e1val, aki Padma Vibhushan kit\u00fcntetett \u00e9s a Nemzetk\u00f6zi Tenger\u00e9szeti Szervezet (IMO) nyugalmazott f\u0151titk\u00e1ra volt. 93 \u00e9vesen&hellip; Read more\" \/>\n<meta property=\"og:url\" content=\"https:\/\/shrimataji.org\/test\/hu\/obituary-for-sir-c-p-srivastava\/\" \/>\n<meta property=\"og:site_name\" content=\"TEST - SMND\" \/>\n<meta property=\"article:publisher\" content=\"https:\/\/www.facebook.com\/shrimataji\" \/>\n<meta property=\"article:modified_time\" content=\"2026-04-12T13:53:08+00:00\" \/>\n<meta property=\"og:image\" content=\"https:\/\/shrimataji.org\/test\/wp-content\/uploads\/2018\/07\/fp11-e1588597806347.jpg\" \/>\n\t<meta property=\"og:image:width\" content=\"707\" \/>\n\t<meta property=\"og:image:height\" content=\"700\" \/>\n\t<meta property=\"og:image:type\" content=\"image\/jpeg\" \/>\n<meta name=\"twitter:card\" content=\"summary_large_image\" \/>\n<meta name=\"twitter:site\" content=\"@shrimataji\" \/>\n<meta name=\"twitter:label1\" content=\"Est. reading time\" \/>\n\t<meta name=\"twitter:data1\" content=\"4 minutes\" \/>\n<script type=\"application\/ld+json\" class=\"yoast-schema-graph\">{\"@context\":\"https:\\\/\\\/schema.org\",\"@graph\":[{\"@type\":\"WebPage\",\"@id\":\"https:\\\/\\\/shrimataji.org\\\/test\\\/hu\\\/obituary-for-sir-c-p-srivastava\\\/\",\"url\":\"https:\\\/\\\/shrimataji.org\\\/test\\\/hu\\\/obituary-for-sir-c-p-srivastava\\\/\",\"name\":\"Sir C.P. Srivastava gy\u00e1szjelent\u00e9se - TEST - SMND\",\"isPartOf\":{\"@id\":\"https:\\\/\\\/shrimataji.org\\\/test\\\/#website\"},\"datePublished\":\"2018-07-10T06:54:54+00:00\",\"dateModified\":\"2026-04-12T13:53:08+00:00\",\"breadcrumb\":{\"@id\":\"https:\\\/\\\/shrimataji.org\\\/test\\\/hu\\\/obituary-for-sir-c-p-srivastava\\\/#breadcrumb\"},\"inLanguage\":\"en-US\",\"potentialAction\":[{\"@type\":\"ReadAction\",\"target\":[\"https:\\\/\\\/shrimataji.org\\\/test\\\/hu\\\/obituary-for-sir-c-p-srivastava\\\/\"]}]},{\"@type\":\"BreadcrumbList\",\"@id\":\"https:\\\/\\\/shrimataji.org\\\/test\\\/hu\\\/obituary-for-sir-c-p-srivastava\\\/#breadcrumb\",\"itemListElement\":[{\"@type\":\"ListItem\",\"position\":1,\"name\":\"Home\",\"item\":\"https:\\\/\\\/shrimataji.org\\\/test\\\/uk\\\/home-en\\\/\"},{\"@type\":\"ListItem\",\"position\":2,\"name\":\"Sir C.P. Srivastava gy\u00e1szjelent\u00e9se\"}]},{\"@type\":\"WebSite\",\"@id\":\"https:\\\/\\\/shrimataji.org\\\/test\\\/#website\",\"url\":\"https:\\\/\\\/shrimataji.org\\\/test\\\/\",\"name\":\"Shri Mataji Nirmala Devi\",\"description\":\"A Life Dedicated to Humanity\",\"publisher\":{\"@id\":\"https:\\\/\\\/shrimataji.org\\\/test\\\/#\\\/schema\\\/person\\\/a1b3419c6585f164aa96da1ff85715d1\"},\"potentialAction\":[{\"@type\":\"SearchAction\",\"target\":{\"@type\":\"EntryPoint\",\"urlTemplate\":\"https:\\\/\\\/shrimataji.org\\\/test\\\/?s={search_term_string}\"},\"query-input\":{\"@type\":\"PropertyValueSpecification\",\"valueRequired\":true,\"valueName\":\"search_term_string\"}}],\"inLanguage\":\"en-US\"},{\"@type\":[\"Person\",\"Organization\"],\"@id\":\"https:\\\/\\\/shrimataji.org\\\/test\\\/#\\\/schema\\\/person\\\/a1b3419c6585f164aa96da1ff85715d1\",\"name\":\"Nirmala Shrivastava\",\"image\":{\"@type\":\"ImageObject\",\"inLanguage\":\"en-US\",\"@id\":\"https:\\\/\\\/shrimataji.org\\\/test\\\/wp-content\\\/uploads\\\/2023\\\/02\\\/SMO_LOGO-03.svg\",\"url\":\"https:\\\/\\\/shrimataji.org\\\/test\\\/wp-content\\\/uploads\\\/2023\\\/02\\\/SMO_LOGO-03.svg\",\"contentUrl\":\"https:\\\/\\\/shrimataji.org\\\/test\\\/wp-content\\\/uploads\\\/2023\\\/02\\\/SMO_LOGO-03.svg\",\"width\":\"1024\",\"height\":\"1024\",\"caption\":\"Nirmala Shrivastava\"},\"logo\":{\"@id\":\"https:\\\/\\\/shrimataji.org\\\/test\\\/wp-content\\\/uploads\\\/2023\\\/02\\\/SMO_LOGO-03.svg\"},\"sameAs\":[\"https:\\\/\\\/shrimataji.org\\\/test\",\"https:\\\/\\\/www.facebook.com\\\/shrimataji\",\"https:\\\/\\\/x.com\\\/shrimataji\",\"https:\\\/\\\/www.youtube.com\\\/@Shri_Mataji_Nirmala_Devi\\\/featured\"]}]}<\/script>\n<!-- \/ Yoast SEO plugin. -->","yoast_head_json":{"title":"Sir C.P. Srivastava gy\u00e1szjelent\u00e9se - TEST - SMND","robots":{"index":"noindex","follow":"follow","max-snippet":"max-snippet:-1","max-image-preview":"max-image-preview:large","max-video-preview":"max-video-preview:-1"},"og_locale":"en_US","og_type":"article","og_title":"Sir C.P. Srivastava gy\u00e1szjelent\u00e9se - TEST - SMND","og_description":"Sir C.P. Srivastava gy\u00e1szjelent\u00e9se A &#8216;The Hindu&#8217; c\u00edm\u0171 foly\u00f3irat k\u00f6zl\u00e9se, 2013. j\u00falius 24-\u00e9n, Indi\u00e1ban: \u201eA tenger\u00e9szeti vil\u00e1g Midasz-\u00e9rint\u00e9s\u0171 alakja meghalt&#8221; &#8211; \u00edrta S. Anandan H\u00e9tf\u0151n, Genov\u00e1ban, Olaszorsz\u00e1gban a tenger\u00e9szeti vil\u00e1g egy \u00fatt\u00f6r\u0151 vezet\u0151t \u00e9s l\u00e1tnokot vesz\u00edtett el C.P. Srivastava hal\u00e1l\u00e1val, aki Padma Vibhushan kit\u00fcntetett \u00e9s a Nemzetk\u00f6zi Tenger\u00e9szeti Szervezet (IMO) nyugalmazott f\u0151titk\u00e1ra volt. 93 \u00e9vesen&hellip; Read more","og_url":"https:\/\/shrimataji.org\/test\/hu\/obituary-for-sir-c-p-srivastava\/","og_site_name":"TEST - SMND","article_publisher":"https:\/\/www.facebook.com\/shrimataji","article_modified_time":"2026-04-12T13:53:08+00:00","og_image":[{"width":707,"height":700,"url":"https:\/\/shrimataji.org\/test\/wp-content\/uploads\/2018\/07\/fp11-e1588597806347.jpg","type":"image\/jpeg"}],"twitter_card":"summary_large_image","twitter_site":"@shrimataji","twitter_misc":{"Est. reading time":"4 minutes"},"schema":{"@context":"https:\/\/schema.org","@graph":[{"@type":"WebPage","@id":"https:\/\/shrimataji.org\/test\/hu\/obituary-for-sir-c-p-srivastava\/","url":"https:\/\/shrimataji.org\/test\/hu\/obituary-for-sir-c-p-srivastava\/","name":"Sir C.P. Srivastava gy\u00e1szjelent\u00e9se - TEST - SMND","isPartOf":{"@id":"https:\/\/shrimataji.org\/test\/#website"},"datePublished":"2018-07-10T06:54:54+00:00","dateModified":"2026-04-12T13:53:08+00:00","breadcrumb":{"@id":"https:\/\/shrimataji.org\/test\/hu\/obituary-for-sir-c-p-srivastava\/#breadcrumb"},"inLanguage":"en-US","potentialAction":[{"@type":"ReadAction","target":["https:\/\/shrimataji.org\/test\/hu\/obituary-for-sir-c-p-srivastava\/"]}]},{"@type":"BreadcrumbList","@id":"https:\/\/shrimataji.org\/test\/hu\/obituary-for-sir-c-p-srivastava\/#breadcrumb","itemListElement":[{"@type":"ListItem","position":1,"name":"Home","item":"https:\/\/shrimataji.org\/test\/uk\/home-en\/"},{"@type":"ListItem","position":2,"name":"Sir C.P. Srivastava gy\u00e1szjelent\u00e9se"}]},{"@type":"WebSite","@id":"https:\/\/shrimataji.org\/test\/#website","url":"https:\/\/shrimataji.org\/test\/","name":"Shri Mataji Nirmala Devi","description":"A Life Dedicated to Humanity","publisher":{"@id":"https:\/\/shrimataji.org\/test\/#\/schema\/person\/a1b3419c6585f164aa96da1ff85715d1"},"potentialAction":[{"@type":"SearchAction","target":{"@type":"EntryPoint","urlTemplate":"https:\/\/shrimataji.org\/test\/?s={search_term_string}"},"query-input":{"@type":"PropertyValueSpecification","valueRequired":true,"valueName":"search_term_string"}}],"inLanguage":"en-US"},{"@type":["Person","Organization"],"@id":"https:\/\/shrimataji.org\/test\/#\/schema\/person\/a1b3419c6585f164aa96da1ff85715d1","name":"Nirmala Shrivastava","image":{"@type":"ImageObject","inLanguage":"en-US","@id":"https:\/\/shrimataji.org\/test\/wp-content\/uploads\/2023\/02\/SMO_LOGO-03.svg","url":"https:\/\/shrimataji.org\/test\/wp-content\/uploads\/2023\/02\/SMO_LOGO-03.svg","contentUrl":"https:\/\/shrimataji.org\/test\/wp-content\/uploads\/2023\/02\/SMO_LOGO-03.svg","width":"1024","height":"1024","caption":"Nirmala Shrivastava"},"logo":{"@id":"https:\/\/shrimataji.org\/test\/wp-content\/uploads\/2023\/02\/SMO_LOGO-03.svg"},"sameAs":["https:\/\/shrimataji.org\/test","https:\/\/www.facebook.com\/shrimataji","https:\/\/x.com\/shrimataji","https:\/\/www.youtube.com\/@Shri_Mataji_Nirmala_Devi\/featured"]}]}},"lang":"hu","translations":{"hu":19526,"en":459,"am":18044,"th":20009,"sq":18445,"zh":17342,"tr":10189,"pt":10399,"de":10673,"fr":10771,"it":10869,"es":10966,"ja":11263,"ru":11451,"bn":11643,"te":11751,"sw":11874,"he":12022,"el":12314,"sk":12412,"fa":12510,"fi":12608,"bg":13437,"ro":14511,"cs":14704,"nl":16605,"ku":16765,"ar":16941,"be":18652,"kn":18926,"uk":20667,"ml":20962,"ta":22763,"sv":23034,"gu":28877,"pa":29037,"fil":29482},"pll_sync_post":[],"_links":{"self":[{"href":"https:\/\/shrimataji.org\/test\/wp-json\/wp\/v2\/pages\/19526","targetHints":{"allow":["GET"]}}],"collection":[{"href":"https:\/\/shrimataji.org\/test\/wp-json\/wp\/v2\/pages"}],"about":[{"href":"https:\/\/shrimataji.org\/test\/wp-json\/wp\/v2\/types\/page"}],"author":[{"embeddable":true,"href":"https:\/\/shrimataji.org\/test\/wp-json\/wp\/v2\/users\/1"}],"replies":[{"embeddable":true,"href":"https:\/\/shrimataji.org\/test\/wp-json\/wp\/v2\/comments?post=19526"}],"version-history":[{"count":0,"href":"https:\/\/shrimataji.org\/test\/wp-json\/wp\/v2\/pages\/19526\/revisions"}],"wp:attachment":[{"href":"https:\/\/shrimataji.org\/test\/wp-json\/wp\/v2\/media?parent=19526"}],"curies":[{"name":"wp","href":"https:\/\/api.w.org\/{rel}","templated":true}]}}