{"id":19532,"date":"2022-01-29T10:23:24","date_gmt":"2022-01-29T10:23:24","guid":{"rendered":"https:\/\/test.shrimataji.org\/?page_id=6404"},"modified":"2026-04-11T14:14:17","modified_gmt":"2026-04-11T14:14:17","slug":"paramchaitanya","status":"publish","type":"page","link":"https:\/\/shrimataji.org\/test\/hu\/paramchaitanya\/","title":{"rendered":"Paramchaitanya"},"content":{"rendered":"\n\n\t<h1>Paramchaitanya<\/h1>\n<h2>Az Egyetemes Isteni H\u0171v\u00f6s Szell\u0151je<\/h2>\n<div class=\"su-quote su-quote-style-default\"><div class=\"su-quote-inner su-u-clearfix su-u-trim\">Minden nap tapasztaljuk, ahogy a magvak kikelnek, a vir\u00e1gok kiny\u00edlnak, a gy\u00fcm\u00f6lcs\u00f6k meg\u00e9rnek, de nem akarunk belegondolni, hogyan t\u00f6rt\u00e9nik mindez. Van egy er\u0151, ami ezt a munk\u00e1t v\u00e9gzi, az Isteni Szeretet mindent \u00e1that\u00f3 ereje. Elj\u00f6tt az ideje, hogy meg\u00e9rezz\u00fck ezt az er\u0151t a benn\u00fcnk l\u00e9v\u0151 rendszeren kereszt\u00fcl. Ez a rendszer csak akkor v\u00e1lik a hasznunkra, ha kapcsol\u00f3dik ehhez az er\u0151h\u00f6z. Nem ismerj\u00fck a lehet\u0151s\u00e9geinket, a sz\u00e9ps\u00e9g\u00fcnket, de ha ez a kapcsolat l\u00e9trej\u00f6n, meglep\u0151dve tapasztaljuk majd annak dinamikus eredm\u00e9nyeit.<\/div><\/div>\n<h4>Isten szeretet\u00e9nek ezt az egyetemes erej\u00e9t sokf\u00e9le n\u00e9ven ismerik a k\u00fcl\u00f6nb\u00f6z\u0151 kult\u00far\u00e1kban: Phneuma, Ruah, Assas, Tao, a Szentl\u00e9lek szele, az \u00e9let vize. Azonban mindegyik ugyanazt jelenti: a szeret\u0151, intelligens, mindent \u00e1that\u00f3 teremt\u0151 energi\u00e1t. A tudat \u00e9s az energia az els\u0151dleges t\u00e9nyez\u0151k. Minden m\u00e1s m\u00e1sodlagos. Ez az oks\u00e1gi er\u0151 \u00e1thatja az eg\u00e9sz univerzumot. Shri Mataji ezt a mindent \u00e1that\u00f3 energi\u00e1t \u201eParamchaitany\u00e1nak&#8221; nevezi.<\/h4>\n<p>Ez a mindent \u00e1that\u00f3 energia h\u0171v\u00f6s szell\u0151k\u00e9nt vagy \u201evibr\u00e1ci\u00f3kk\u00e9nt&#8221; \u00e9rz\u00e9kelhet\u0151 az \u00f6nmegval\u00f3sul\u00e1s ut\u00e1n, k\u00fcl\u00f6n\u00f6sen a fejtet\u0151 felett \u00e9s a teny\u00e9rben. Medit\u00e1ci\u00f3 sor\u00e1n, ahogy a <a href=\"https:\/\/shrimataji.org\/kundalini\/\" target=\"_blank\" rel=\"noopener\"><u>Kundalin<\/u>i<\/a> energi\u00e1nk a k\u00fcl\u00f6nb\u00f6z\u0151 csakr\u00e1kon \u00e1t felemelkedik, a gerinc\u00fcnkben, az egyes <a href=\"https:\/\/shrimataji.org\/chakras-qualities\/\" target=\"_blank\" rel=\"noopener\"><u>csakr\u00e1k<\/u><\/a>\u00a0k\u00fcl\u00f6nb\u00f6z\u0151 helyein, \u00e9s n\u00e9ha a csakr\u00e1knak megfelel\u0151 ujjakon is \u00e9rezhetj\u00fck azt. Ezek a vibr\u00e1ci\u00f3k nemcsak a val\u00f3s\u00e1g teljes k\u00e9p\u00e9t adj\u00e1k, hanem kidolgozz\u00e1k azt az eg\u00e9sz helyzetet is, amely j\u00f3t\u00e9kony hat\u00e1ssal van r\u00e1nk, embert\u00e1rsainkra \u00e9s a minket k\u00f6r\u00fclvev\u0151 term\u00e9szetre.<\/p>\n<p>Sok gyakorl\u00f3 Sahaja j\u00f3gi leny\u0171g\u00f6zve figyelte az isteni szeretet ezen vibr\u00e1ci\u00f3inak pontoss\u00e1g\u00e1t \u00e9s hat\u00e9konys\u00e1g\u00e1t, amelyek teljesen k\u00f6r\u00fcl\u00f6lelnek \u00e9s vezetnek minket a mindennapi \u00e9let\u00fcnkben an\u00e9lk\u00fcl, hogy beavatkozn\u00e1nak a szabad akaratunkba. Egy egyszer\u0171 hasonlat a minden\u00fctt el\u00e9rhet\u0151 internet, amely lehet\u0151v\u00e9 teszi sz\u00e1munkra, hogy a mindennapi \u00e9let\u00fcnkben felmer\u00fcl\u0151 sz\u00e1mos probl\u00e9m\u00e1t megoldjunk an\u00e9lk\u00fcl, hogy az \u00e9let b\u00e1rmely ter\u00fclet\u00e9n szak\u00e9rt\u0151i ismeretekkel kellene rendelkezn\u00fcnk. Csak\u00fagy, mint az internet eset\u00e9ben, nek\u00fcnk is csak megfelel\u0151en kell kapcsol\u00f3dnunk ehhez a mindent \u00e1that\u00f3 er\u0151h\u00f6z, amelyet k\u00f6nnyen el\u00e9rhet\u00fcnk a napi medit\u00e1ci\u00f3nk sor\u00e1n.<\/p>\n<div class=\"su-quote su-quote-style-default\"><div class=\"su-quote-inner su-u-clearfix su-u-trim\">A Sahaja j\u00f3gik sz\u00e1m\u00e1ra ma m\u00e1r nagyon k\u00f6nny\u0171 meg\u00e1llap\u00edtani, hogy valami val\u00f3s\u00e1gos vagy val\u00f3tlan, igazs\u00e1g vagy hazugs\u00e1g, szeretet vagy gy\u0171l\u00f6let. Csak a vibr\u00e1ci\u00f3kon kereszt\u00fcl lehet ezt megtudni. De ezen t\u00fal, tudnunk kell, hogy mik ezek a vibr\u00e1ci\u00f3k, \u00e9s mib\u0151l \u00e1llnak. Mi az a finom er\u0151, ami a vibr\u00e1ci\u00f3k m\u00f6g\u00f6tt \u00e1ll? Paramchaitany\u00e1nak nevezz\u00fck.<\/div><\/div>\n\t\t<iframe loading=\"lazy\" title=\"Paramchaitanya\" width=\"1920\" height=\"1080\" src=\"https:\/\/www.youtube.com\/embed\/Er_H-whvfWQ?feature=oembed\" frameborder=\"0\" allow=\"accelerometer; autoplay; clipboard-write; encrypted-media; gyroscope; picture-in-picture; web-share\" allowfullscreen><\/iframe>\t\n\n","protected":false},"excerpt":{"rendered":"<p>Paramchaitanya Az Egyetemes Isteni H\u0171v\u00f6s Szell\u0151je Isten szeretet\u00e9nek ezt az egyetemes erej\u00e9t sokf\u00e9le n\u00e9ven ismerik a k\u00fcl\u00f6nb\u00f6z\u0151 kult\u00far\u00e1kban: Phneuma, Ruah, Assas, Tao, a Szentl\u00e9lek szele, az \u00e9let vize. Azonban mindegyik ugyanazt jelenti: a szeret\u0151, intelligens, mindent \u00e1that\u00f3 teremt\u0151 energi\u00e1t. A tudat \u00e9s az energia az els\u0151dleges t\u00e9nyez\u0151k. Minden m\u00e1s m\u00e1sodlagos. Ez az oks\u00e1gi er\u0151 \u00e1thatja&hellip; <br \/> <a class=\"read-more\" href=\"https:\/\/shrimataji.org\/test\/hu\/paramchaitanya\/\">Read more<\/a><\/p>\n","protected":false},"author":1,"featured_media":19290,"parent":0,"menu_order":0,"comment_status":"closed","ping_status":"closed","template":"","meta":{"inline_featured_image":false,"footnotes":""},"class_list":["post-19532","page","type-page","status-publish","has-post-thumbnail","hentry"],"yoast_head":"<!-- This site is optimized with the Yoast SEO plugin v27.4 - https:\/\/yoast.com\/product\/yoast-seo-wordpress\/ -->\n<title>Paramchaitanya - TEST - SMND<\/title>\n<meta name=\"robots\" content=\"noindex, follow, max-snippet:-1, max-image-preview:large, max-video-preview:-1\" \/>\n<meta property=\"og:locale\" content=\"en_US\" \/>\n<meta property=\"og:type\" content=\"article\" \/>\n<meta property=\"og:title\" content=\"Paramchaitanya - TEST - SMND\" \/>\n<meta property=\"og:description\" content=\"Paramchaitanya Az Egyetemes Isteni H\u0171v\u00f6s Szell\u0151je Isten szeretet\u00e9nek ezt az egyetemes erej\u00e9t sokf\u00e9le n\u00e9ven ismerik a k\u00fcl\u00f6nb\u00f6z\u0151 kult\u00far\u00e1kban: Phneuma, Ruah, Assas, Tao, a Szentl\u00e9lek szele, az \u00e9let vize. Azonban mindegyik ugyanazt jelenti: a szeret\u0151, intelligens, mindent \u00e1that\u00f3 teremt\u0151 energi\u00e1t. A tudat \u00e9s az energia az els\u0151dleges t\u00e9nyez\u0151k. Minden m\u00e1s m\u00e1sodlagos. Ez az oks\u00e1gi er\u0151 \u00e1thatja&hellip; Read more\" \/>\n<meta property=\"og:url\" content=\"https:\/\/shrimataji.org\/test\/hu\/paramchaitanya\/\" \/>\n<meta property=\"og:site_name\" content=\"TEST - SMND\" \/>\n<meta property=\"article:publisher\" content=\"https:\/\/www.facebook.com\/shrimataji\" \/>\n<meta property=\"article:modified_time\" content=\"2026-04-11T14:14:17+00:00\" \/>\n<meta property=\"og:image\" content=\"https:\/\/shrimataji.org\/test\/wp-content\/uploads\/2023\/03\/10_Banner-SY-Paramchaitanya-scaled.jpg\" \/>\n\t<meta property=\"og:image:width\" content=\"2560\" \/>\n\t<meta property=\"og:image:height\" content=\"905\" \/>\n\t<meta property=\"og:image:type\" content=\"image\/jpeg\" \/>\n<meta name=\"twitter:card\" content=\"summary_large_image\" \/>\n<meta name=\"twitter:site\" content=\"@shrimataji\" \/>\n<meta name=\"twitter:label1\" content=\"Est. reading time\" \/>\n\t<meta name=\"twitter:data1\" content=\"2 minutes\" \/>\n<script type=\"application\/ld+json\" class=\"yoast-schema-graph\">{\"@context\":\"https:\\\/\\\/schema.org\",\"@graph\":[{\"@type\":\"WebPage\",\"@id\":\"https:\\\/\\\/shrimataji.org\\\/test\\\/hu\\\/paramchaitanya\\\/\",\"url\":\"https:\\\/\\\/shrimataji.org\\\/test\\\/hu\\\/paramchaitanya\\\/\",\"name\":\"Paramchaitanya - TEST - SMND\",\"isPartOf\":{\"@id\":\"https:\\\/\\\/shrimataji.org\\\/test\\\/#website\"},\"primaryImageOfPage\":{\"@id\":\"https:\\\/\\\/shrimataji.org\\\/test\\\/hu\\\/paramchaitanya\\\/#primaryimage\"},\"image\":{\"@id\":\"https:\\\/\\\/shrimataji.org\\\/test\\\/hu\\\/paramchaitanya\\\/#primaryimage\"},\"thumbnailUrl\":\"https:\\\/\\\/shrimataji.org\\\/test\\\/wp-content\\\/uploads\\\/2023\\\/03\\\/10_Banner-SY-Paramchaitanya-scaled.jpg\",\"datePublished\":\"2022-01-29T10:23:24+00:00\",\"dateModified\":\"2026-04-11T14:14:17+00:00\",\"breadcrumb\":{\"@id\":\"https:\\\/\\\/shrimataji.org\\\/test\\\/hu\\\/paramchaitanya\\\/#breadcrumb\"},\"inLanguage\":\"en-US\",\"potentialAction\":[{\"@type\":\"ReadAction\",\"target\":[\"https:\\\/\\\/shrimataji.org\\\/test\\\/hu\\\/paramchaitanya\\\/\"]}]},{\"@type\":\"ImageObject\",\"inLanguage\":\"en-US\",\"@id\":\"https:\\\/\\\/shrimataji.org\\\/test\\\/hu\\\/paramchaitanya\\\/#primaryimage\",\"url\":\"https:\\\/\\\/shrimataji.org\\\/test\\\/wp-content\\\/uploads\\\/2023\\\/03\\\/10_Banner-SY-Paramchaitanya-scaled.jpg\",\"contentUrl\":\"https:\\\/\\\/shrimataji.org\\\/test\\\/wp-content\\\/uploads\\\/2023\\\/03\\\/10_Banner-SY-Paramchaitanya-scaled.jpg\",\"width\":2560,\"height\":905},{\"@type\":\"BreadcrumbList\",\"@id\":\"https:\\\/\\\/shrimataji.org\\\/test\\\/hu\\\/paramchaitanya\\\/#breadcrumb\",\"itemListElement\":[{\"@type\":\"ListItem\",\"position\":1,\"name\":\"Home\",\"item\":\"https:\\\/\\\/shrimataji.org\\\/test\\\/uk\\\/home-en\\\/\"},{\"@type\":\"ListItem\",\"position\":2,\"name\":\"Paramchaitanya\"}]},{\"@type\":\"WebSite\",\"@id\":\"https:\\\/\\\/shrimataji.org\\\/test\\\/#website\",\"url\":\"https:\\\/\\\/shrimataji.org\\\/test\\\/\",\"name\":\"Shri Mataji Nirmala Devi\",\"description\":\"A Life Dedicated to Humanity\",\"publisher\":{\"@id\":\"https:\\\/\\\/shrimataji.org\\\/test\\\/#\\\/schema\\\/person\\\/a1b3419c6585f164aa96da1ff85715d1\"},\"potentialAction\":[{\"@type\":\"SearchAction\",\"target\":{\"@type\":\"EntryPoint\",\"urlTemplate\":\"https:\\\/\\\/shrimataji.org\\\/test\\\/?s={search_term_string}\"},\"query-input\":{\"@type\":\"PropertyValueSpecification\",\"valueRequired\":true,\"valueName\":\"search_term_string\"}}],\"inLanguage\":\"en-US\"},{\"@type\":[\"Person\",\"Organization\"],\"@id\":\"https:\\\/\\\/shrimataji.org\\\/test\\\/#\\\/schema\\\/person\\\/a1b3419c6585f164aa96da1ff85715d1\",\"name\":\"Nirmala Shrivastava\",\"image\":{\"@type\":\"ImageObject\",\"inLanguage\":\"en-US\",\"@id\":\"https:\\\/\\\/shrimataji.org\\\/test\\\/wp-content\\\/uploads\\\/2023\\\/02\\\/SMO_LOGO-03.svg\",\"url\":\"https:\\\/\\\/shrimataji.org\\\/test\\\/wp-content\\\/uploads\\\/2023\\\/02\\\/SMO_LOGO-03.svg\",\"contentUrl\":\"https:\\\/\\\/shrimataji.org\\\/test\\\/wp-content\\\/uploads\\\/2023\\\/02\\\/SMO_LOGO-03.svg\",\"width\":\"1024\",\"height\":\"1024\",\"caption\":\"Nirmala Shrivastava\"},\"logo\":{\"@id\":\"https:\\\/\\\/shrimataji.org\\\/test\\\/wp-content\\\/uploads\\\/2023\\\/02\\\/SMO_LOGO-03.svg\"},\"sameAs\":[\"https:\\\/\\\/shrimataji.org\\\/test\",\"https:\\\/\\\/www.facebook.com\\\/shrimataji\",\"https:\\\/\\\/x.com\\\/shrimataji\",\"https:\\\/\\\/www.youtube.com\\\/@Shri_Mataji_Nirmala_Devi\\\/featured\"]}]}<\/script>\n<!-- \/ Yoast SEO plugin. -->","yoast_head_json":{"title":"Paramchaitanya - TEST - SMND","robots":{"index":"noindex","follow":"follow","max-snippet":"max-snippet:-1","max-image-preview":"max-image-preview:large","max-video-preview":"max-video-preview:-1"},"og_locale":"en_US","og_type":"article","og_title":"Paramchaitanya - TEST - SMND","og_description":"Paramchaitanya Az Egyetemes Isteni H\u0171v\u00f6s Szell\u0151je Isten szeretet\u00e9nek ezt az egyetemes erej\u00e9t sokf\u00e9le n\u00e9ven ismerik a k\u00fcl\u00f6nb\u00f6z\u0151 kult\u00far\u00e1kban: Phneuma, Ruah, Assas, Tao, a Szentl\u00e9lek szele, az \u00e9let vize. Azonban mindegyik ugyanazt jelenti: a szeret\u0151, intelligens, mindent \u00e1that\u00f3 teremt\u0151 energi\u00e1t. A tudat \u00e9s az energia az els\u0151dleges t\u00e9nyez\u0151k. Minden m\u00e1s m\u00e1sodlagos. Ez az oks\u00e1gi er\u0151 \u00e1thatja&hellip; Read more","og_url":"https:\/\/shrimataji.org\/test\/hu\/paramchaitanya\/","og_site_name":"TEST - SMND","article_publisher":"https:\/\/www.facebook.com\/shrimataji","article_modified_time":"2026-04-11T14:14:17+00:00","og_image":[{"width":2560,"height":905,"url":"https:\/\/shrimataji.org\/test\/wp-content\/uploads\/2023\/03\/10_Banner-SY-Paramchaitanya-scaled.jpg","type":"image\/jpeg"}],"twitter_card":"summary_large_image","twitter_site":"@shrimataji","twitter_misc":{"Est. reading time":"2 minutes"},"schema":{"@context":"https:\/\/schema.org","@graph":[{"@type":"WebPage","@id":"https:\/\/shrimataji.org\/test\/hu\/paramchaitanya\/","url":"https:\/\/shrimataji.org\/test\/hu\/paramchaitanya\/","name":"Paramchaitanya - TEST - SMND","isPartOf":{"@id":"https:\/\/shrimataji.org\/test\/#website"},"primaryImageOfPage":{"@id":"https:\/\/shrimataji.org\/test\/hu\/paramchaitanya\/#primaryimage"},"image":{"@id":"https:\/\/shrimataji.org\/test\/hu\/paramchaitanya\/#primaryimage"},"thumbnailUrl":"https:\/\/shrimataji.org\/test\/wp-content\/uploads\/2023\/03\/10_Banner-SY-Paramchaitanya-scaled.jpg","datePublished":"2022-01-29T10:23:24+00:00","dateModified":"2026-04-11T14:14:17+00:00","breadcrumb":{"@id":"https:\/\/shrimataji.org\/test\/hu\/paramchaitanya\/#breadcrumb"},"inLanguage":"en-US","potentialAction":[{"@type":"ReadAction","target":["https:\/\/shrimataji.org\/test\/hu\/paramchaitanya\/"]}]},{"@type":"ImageObject","inLanguage":"en-US","@id":"https:\/\/shrimataji.org\/test\/hu\/paramchaitanya\/#primaryimage","url":"https:\/\/shrimataji.org\/test\/wp-content\/uploads\/2023\/03\/10_Banner-SY-Paramchaitanya-scaled.jpg","contentUrl":"https:\/\/shrimataji.org\/test\/wp-content\/uploads\/2023\/03\/10_Banner-SY-Paramchaitanya-scaled.jpg","width":2560,"height":905},{"@type":"BreadcrumbList","@id":"https:\/\/shrimataji.org\/test\/hu\/paramchaitanya\/#breadcrumb","itemListElement":[{"@type":"ListItem","position":1,"name":"Home","item":"https:\/\/shrimataji.org\/test\/uk\/home-en\/"},{"@type":"ListItem","position":2,"name":"Paramchaitanya"}]},{"@type":"WebSite","@id":"https:\/\/shrimataji.org\/test\/#website","url":"https:\/\/shrimataji.org\/test\/","name":"Shri Mataji Nirmala Devi","description":"A Life Dedicated to Humanity","publisher":{"@id":"https:\/\/shrimataji.org\/test\/#\/schema\/person\/a1b3419c6585f164aa96da1ff85715d1"},"potentialAction":[{"@type":"SearchAction","target":{"@type":"EntryPoint","urlTemplate":"https:\/\/shrimataji.org\/test\/?s={search_term_string}"},"query-input":{"@type":"PropertyValueSpecification","valueRequired":true,"valueName":"search_term_string"}}],"inLanguage":"en-US"},{"@type":["Person","Organization"],"@id":"https:\/\/shrimataji.org\/test\/#\/schema\/person\/a1b3419c6585f164aa96da1ff85715d1","name":"Nirmala Shrivastava","image":{"@type":"ImageObject","inLanguage":"en-US","@id":"https:\/\/shrimataji.org\/test\/wp-content\/uploads\/2023\/02\/SMO_LOGO-03.svg","url":"https:\/\/shrimataji.org\/test\/wp-content\/uploads\/2023\/02\/SMO_LOGO-03.svg","contentUrl":"https:\/\/shrimataji.org\/test\/wp-content\/uploads\/2023\/02\/SMO_LOGO-03.svg","width":"1024","height":"1024","caption":"Nirmala Shrivastava"},"logo":{"@id":"https:\/\/shrimataji.org\/test\/wp-content\/uploads\/2023\/02\/SMO_LOGO-03.svg"},"sameAs":["https:\/\/shrimataji.org\/test","https:\/\/www.facebook.com\/shrimataji","https:\/\/x.com\/shrimataji","https:\/\/www.youtube.com\/@Shri_Mataji_Nirmala_Devi\/featured"]}]}},"lang":"hu","translations":{"hu":19532,"ur":37475,"en":6404,"am":18048,"th":20016,"sq":18449,"zh":17346,"hi":8298,"tr":10192,"pt":10402,"de":10676,"fr":10774,"it":10872,"es":10969,"ja":11266,"ru":11454,"bn":11646,"te":11754,"sw":11877,"he":12025,"el":12317,"sk":12415,"fa":12513,"fi":12611,"bg":13388,"ro":14462,"cs":14655,"nl":16609,"ku":16769,"ar":16945,"be":18656,"kn":18930,"mr":20380,"uk":20674,"ml":20969,"ta":22767,"sv":23037,"gu":28881,"pa":29041,"fil":29485,"da":37786,"pl":37998,"nn":38338},"pll_sync_post":[],"_links":{"self":[{"href":"https:\/\/shrimataji.org\/test\/wp-json\/wp\/v2\/pages\/19532","targetHints":{"allow":["GET"]}}],"collection":[{"href":"https:\/\/shrimataji.org\/test\/wp-json\/wp\/v2\/pages"}],"about":[{"href":"https:\/\/shrimataji.org\/test\/wp-json\/wp\/v2\/types\/page"}],"author":[{"embeddable":true,"href":"https:\/\/shrimataji.org\/test\/wp-json\/wp\/v2\/users\/1"}],"replies":[{"embeddable":true,"href":"https:\/\/shrimataji.org\/test\/wp-json\/wp\/v2\/comments?post=19532"}],"version-history":[{"count":0,"href":"https:\/\/shrimataji.org\/test\/wp-json\/wp\/v2\/pages\/19532\/revisions"}],"wp:featuredmedia":[{"embeddable":true,"href":"https:\/\/shrimataji.org\/test\/wp-json\/wp\/v2\/media\/19290"}],"wp:attachment":[{"href":"https:\/\/shrimataji.org\/test\/wp-json\/wp\/v2\/media?parent=19532"}],"curies":[{"name":"wp","href":"https:\/\/api.w.org\/{rel}","templated":true}]}}