{"id":19534,"date":"2022-01-29T10:34:53","date_gmt":"2022-01-29T10:34:53","guid":{"rendered":"https:\/\/test.shrimataji.org\/?page_id=6414"},"modified":"2026-04-18T15:11:25","modified_gmt":"2026-04-18T15:11:25","slug":"pingala-nadi","status":"publish","type":"page","link":"https:\/\/shrimataji.org\/test\/hu\/pingala-nadi\/","title":{"rendered":"Pingala n\u00e1di"},"content":{"rendered":"\n\n\t<h1>Pingala n\u00e1di<\/h1>\n<h2>Cselekv\u00e9s &amp; Intelligencia<\/h2>\n\t<h4>A jobb energiacsatorn\u00e1nk (szanszkrit\u00fcl Pingala Nadi), m\u00e1s n\u00e9ven Napcsatorna, a m\u00e1sodik energiak\u00f6zpontn\u00e1l (Swadhisthana csakra) kezd\u0151dik, \u00e9s spir\u00e1lisan felfel\u00e9 kanyarog a gerincoszlopban, majd lufik\u00e9nt \u00e9r v\u00e9get agyunk bal f\u00e9ltek\u00e9j\u00e9ben.<\/h4>\n<p>Shri Mataji ezt a lufit az ego pszichikai kifejez\u0151d\u00e9sek\u00e9nt \u00edrja le. Az ego individualizmust \u00e9s \u00e9n\u00e9rzetet ad nek\u00fcnk, megk\u00fcl\u00f6nb\u00f6ztetve minket m\u00e1sokt\u00f3l. Az ego teszi lehet\u0151v\u00e9 sz\u00e1munkra, hogy \u201e\u00e9nk\u00e9nt&#8221; vagy \u201eengemk\u00e9nt&#8221; viszonyuljunk \u00f6nmagunkhoz.<\/p>\n<figure itemscope itemtype=\"https:\/\/schema.org\/ImageObject\">\n\t\t\t\t<a href=\"https:\/\/shrimataji.org\/test\/wp-content\/uploads\/2023\/02\/3_Pingala-01.png\"  target=\"_blank\" rel=\"noopener\"  itemprop=\"url\">\n\t\t\t\t<img decoding=\"async\" src=\"https:\/\/shrimataji.org\/test\/wp-content\/uploads\/2026\/04\/hu-Pingala-01-scaled.png\" alt=\"hu-Pingala-01\" height=\"2560\" width=\"2415\" title=\"hu-Pingala-01\" onerror=\"this.style.display='none'\" loading=\"lazy\" \/>\n\t\t\t\t<\/a>\n\t<\/figure>\n\t<div class=\"su-quote su-quote-style-default\"><div class=\"su-quote-inner su-u-clearfix su-u-trim\">&#8230;ez a fesz\u00fclts\u00e9g az\u00e9rt keletkezik benn\u00fcnk, mert t\u00fal sokat dolgozunk a jobb oldalon, ahogy ott l\u00e1tj\u00e1tok, ez a s\u00e1rga vonal&#8230;ami egy m\u00e1sik sz\u00f6rny\u0171 dologhoz vezet, amit eg\u00f3nak h\u00edvnak: \u00fagy \u00e9rezz\u00fck, hogy csin\u00e1ljuk. Nincs semmi baj, semmi baj, mert a tudatlans\u00e1g azt az elk\u00e9pzel\u00e9st kelti bennetek, hogy \u201e\u00e9n v\u00e9gzem ezt a munk\u00e1t&#8221;.<\/div><\/div>\n\t\t<iframe loading=\"lazy\" title=\"Pingala Nadi\" width=\"1920\" height=\"1080\" src=\"https:\/\/www.youtube.com\/embed\/lV4Sh2Mgp2Y?feature=oembed\" frameborder=\"0\" allow=\"accelerometer; autoplay; clipboard-write; encrypted-media; gyroscope; picture-in-picture; web-share\" allowfullscreen><\/iframe>\t\n\t<p>A cselekv\u00e9s \u00e9s a tervez\u00e9s alapvet\u0151 tulajdons\u00e1gok, amelyek a jobb oldali energiacsatorn\u00e1hoz kapcsol\u00f3dnak. Ezek az aspektusok idegi kapcsolatokk\u00e9nt is megnyilv\u00e1nulnak az agy bal f\u00e9ltek\u00e9j\u00e9ben. Ezek vez\u00e9rlik ment\u00e1lis \u00e9s fizikai tev\u00e9kenys\u00e9geinket. Azonban a jobb oldal energiaig\u00e9nye n\u00e9ha olyan nagy lehet, hogy a bal oldal gyeng\u00fcl. Amikor ez megt\u00f6rt\u00e9nik, az \u00f6r\u00f6m ut\u00e1ni v\u00e1gyunk elp\u00e1rologhat, \u00e9s ny\u0171g\u00f6snek \u00e9s ingerl\u00e9kenynek tal\u00e1lhatjuk magunkat. Ak\u00e1r arra is v\u00e1gyhatunk, hogy mindenkivel kiab\u00e1ljunk, vagy \u201ekiboruljunk&#8221;, ha a legkisebb dolog is rosszul s\u00fcl el. Ennek eredm\u00e9nyek\u00e9nt a negat\u00edv energi\u00e1k, a stressz \u00e9s az agresszi\u00f3 tov\u00e1bb halmoz\u00f3dik. Gyakran tal\u00e1lkozunk stresszes k\u00f6rnyezettel a munkahely\u00fcnk\u00f6n, az iskol\u00e1kban \u00e9s m\u00e1s nyilv\u00e1nos helyeken. N\u00e9ha neh\u00e9z fenntartani egy b\u00e9k\u00e9s, gondoskod\u00f3 otthont, ahol az ilyen stresszes helyzetek hossz\u00fa id\u0151n kereszt\u00fcl kr\u00f3nikusan fennmaradnak.<\/p>\n<p>Szerencs\u00e9re a tudatoss\u00e1g az els\u0151 l\u00e9p\u00e9s a jobb oldalunkban l\u00e9v\u0151 ilyen egyens\u00falytalans\u00e1g korrig\u00e1l\u00e1s\u00e1hoz. A medit\u00e1ci\u00f3 \u00e9s a\u00a0<a href=\"https:\/\/shrimataji.org\/test\/kundalini\/\" target=\"_blank\" rel=\"noopener\">Kundalini <\/a>energi\u00e1hoz val\u00f3 hozz\u00e1f\u00e9r\u00e9s a harm\u00f3nia, a b\u00e9ke \u00e9s az \u00f6r\u00f6m helyre\u00e1ll\u00edt\u00e1sa \u00e9rdek\u00e9ben lehet\u0151v\u00e9 teszi sz\u00e1munkra, hogy nagyon k\u00f6nnyen megtal\u00e1ljuk a term\u00e9szetes egyens\u00falyi \u00e1llapotot.<\/p>\n<p>\u00d6sszefoglalva, a jobb energiacsatorn\u00e1nk befoly\u00e1solja a j\u00f6v\u0151re vonatkoz\u00f3 tervez\u00e9si \u00e9s cselekv\u00e9si k\u00e9pess\u00e9g\u00fcnket. Szerepet j\u00e1tszik olyan negat\u00edv \u00e9rzelmekben is, mint p\u00e9ld\u00e1ul a harag, az ingerl\u00e9kenys\u00e9g \u00e9s a stressz. A jobb energiacsatorn\u00e1nk k\u00e9pess\u00e9 tesz minket arra, hogy \u201e\u00e9n&#8221;, \u201eeny\u00e9m&#8221; \u00e9s \u201enekem&#8221; kateg\u00f3ri\u00e1kban gondolkodjunk. Amikor t\u00falz\u00e1sba vissz\u00fck ezeket a fogalmakat, kellemetlen t\u00e1rsas\u00e1g lesz\u00fcnk m\u00e1sok sz\u00e1m\u00e1ra. A medit\u00e1ci\u00f3 seg\u00edts\u00e9g\u00e9vel azonban felismerhetj\u00fck, hogy mikor haszn\u00e1ljuk t\u00fal a jobb csatorn\u00e1nkat, \u00e9s mikor van itt az ideje leh\u0171lni \u00e9s visszat\u00e9rni az egyens\u00falyba.<\/p>\n<p>Shri Mataji nagyon egyszer\u0171 technik\u00e1kat aj\u00e1nlott, amelyek k\u00f6nny\u0171ek, biztons\u00e1gosak, \u00e9s amelyekkel egyens\u00falyba hozhatjuk a jobb oldalunkat.<\/p>\n\n","protected":false},"excerpt":{"rendered":"<p>Pingala n\u00e1di Cselekv\u00e9s &amp; Intelligencia A jobb energiacsatorn\u00e1nk (szanszkrit\u00fcl Pingala Nadi), m\u00e1s n\u00e9ven Napcsatorna, a m\u00e1sodik energiak\u00f6zpontn\u00e1l (Swadhisthana csakra) kezd\u0151dik, \u00e9s spir\u00e1lisan felfel\u00e9 kanyarog a gerincoszlopban, majd lufik\u00e9nt \u00e9r v\u00e9get agyunk bal f\u00e9ltek\u00e9j\u00e9ben. Shri Mataji ezt a lufit az ego pszichikai kifejez\u0151d\u00e9sek\u00e9nt \u00edrja le. Az ego individualizmust \u00e9s \u00e9n\u00e9rzetet ad nek\u00fcnk, megk\u00fcl\u00f6nb\u00f6ztetve minket m\u00e1sokt\u00f3l. Az&hellip; <br \/> <a class=\"read-more\" href=\"https:\/\/shrimataji.org\/test\/hu\/pingala-nadi\/\">Read more<\/a><\/p>\n","protected":false},"author":1,"featured_media":19293,"parent":0,"menu_order":0,"comment_status":"closed","ping_status":"closed","template":"","meta":{"inline_featured_image":false,"footnotes":""},"class_list":["post-19534","page","type-page","status-publish","has-post-thumbnail","hentry"],"yoast_head":"<!-- This site is optimized with the Yoast SEO plugin v27.4 - https:\/\/yoast.com\/product\/yoast-seo-wordpress\/ -->\n<title>Pingala n\u00e1di - TEST - SMND<\/title>\n<meta name=\"robots\" content=\"noindex, follow, max-snippet:-1, max-image-preview:large, max-video-preview:-1\" \/>\n<meta property=\"og:locale\" content=\"en_US\" \/>\n<meta property=\"og:type\" content=\"article\" \/>\n<meta property=\"og:title\" content=\"Pingala n\u00e1di - TEST - SMND\" \/>\n<meta property=\"og:description\" content=\"Pingala n\u00e1di Cselekv\u00e9s &amp; Intelligencia A jobb energiacsatorn\u00e1nk (szanszkrit\u00fcl Pingala Nadi), m\u00e1s n\u00e9ven Napcsatorna, a m\u00e1sodik energiak\u00f6zpontn\u00e1l (Swadhisthana csakra) kezd\u0151dik, \u00e9s spir\u00e1lisan felfel\u00e9 kanyarog a gerincoszlopban, majd lufik\u00e9nt \u00e9r v\u00e9get agyunk bal f\u00e9ltek\u00e9j\u00e9ben. Shri Mataji ezt a lufit az ego pszichikai kifejez\u0151d\u00e9sek\u00e9nt \u00edrja le. Az ego individualizmust \u00e9s \u00e9n\u00e9rzetet ad nek\u00fcnk, megk\u00fcl\u00f6nb\u00f6ztetve minket m\u00e1sokt\u00f3l. Az&hellip; Read more\" \/>\n<meta property=\"og:url\" content=\"https:\/\/shrimataji.org\/test\/hu\/pingala-nadi\/\" \/>\n<meta property=\"og:site_name\" content=\"TEST - SMND\" \/>\n<meta property=\"article:publisher\" content=\"https:\/\/www.facebook.com\/shrimataji\" \/>\n<meta property=\"article:modified_time\" content=\"2026-04-18T15:11:25+00:00\" \/>\n<meta property=\"og:image\" content=\"https:\/\/shrimataji.org\/test\/wp-content\/uploads\/2023\/03\/13_Banner-SY-Pingala-scaled.jpg\" \/>\n\t<meta property=\"og:image:width\" content=\"2560\" \/>\n\t<meta property=\"og:image:height\" content=\"905\" \/>\n\t<meta property=\"og:image:type\" content=\"image\/jpeg\" \/>\n<meta name=\"twitter:card\" content=\"summary_large_image\" \/>\n<meta name=\"twitter:site\" content=\"@shrimataji\" \/>\n<meta name=\"twitter:label1\" content=\"Est. reading time\" \/>\n\t<meta name=\"twitter:data1\" content=\"3 minutes\" \/>\n<script type=\"application\/ld+json\" class=\"yoast-schema-graph\">{\"@context\":\"https:\\\/\\\/schema.org\",\"@graph\":[{\"@type\":\"WebPage\",\"@id\":\"https:\\\/\\\/shrimataji.org\\\/test\\\/hu\\\/pingala-nadi\\\/\",\"url\":\"https:\\\/\\\/shrimataji.org\\\/test\\\/hu\\\/pingala-nadi\\\/\",\"name\":\"Pingala n\u00e1di - TEST - SMND\",\"isPartOf\":{\"@id\":\"https:\\\/\\\/shrimataji.org\\\/test\\\/#website\"},\"primaryImageOfPage\":{\"@id\":\"https:\\\/\\\/shrimataji.org\\\/test\\\/hu\\\/pingala-nadi\\\/#primaryimage\"},\"image\":{\"@id\":\"https:\\\/\\\/shrimataji.org\\\/test\\\/hu\\\/pingala-nadi\\\/#primaryimage\"},\"thumbnailUrl\":\"https:\\\/\\\/shrimataji.org\\\/test\\\/wp-content\\\/uploads\\\/2023\\\/03\\\/13_Banner-SY-Pingala-scaled.jpg\",\"datePublished\":\"2022-01-29T10:34:53+00:00\",\"dateModified\":\"2026-04-18T15:11:25+00:00\",\"breadcrumb\":{\"@id\":\"https:\\\/\\\/shrimataji.org\\\/test\\\/hu\\\/pingala-nadi\\\/#breadcrumb\"},\"inLanguage\":\"en-US\",\"potentialAction\":[{\"@type\":\"ReadAction\",\"target\":[\"https:\\\/\\\/shrimataji.org\\\/test\\\/hu\\\/pingala-nadi\\\/\"]}]},{\"@type\":\"ImageObject\",\"inLanguage\":\"en-US\",\"@id\":\"https:\\\/\\\/shrimataji.org\\\/test\\\/hu\\\/pingala-nadi\\\/#primaryimage\",\"url\":\"https:\\\/\\\/shrimataji.org\\\/test\\\/wp-content\\\/uploads\\\/2023\\\/03\\\/13_Banner-SY-Pingala-scaled.jpg\",\"contentUrl\":\"https:\\\/\\\/shrimataji.org\\\/test\\\/wp-content\\\/uploads\\\/2023\\\/03\\\/13_Banner-SY-Pingala-scaled.jpg\",\"width\":2560,\"height\":905},{\"@type\":\"BreadcrumbList\",\"@id\":\"https:\\\/\\\/shrimataji.org\\\/test\\\/hu\\\/pingala-nadi\\\/#breadcrumb\",\"itemListElement\":[{\"@type\":\"ListItem\",\"position\":1,\"name\":\"Home\",\"item\":\"https:\\\/\\\/shrimataji.org\\\/test\\\/uk\\\/home-en\\\/\"},{\"@type\":\"ListItem\",\"position\":2,\"name\":\"Pingala n\u00e1di\"}]},{\"@type\":\"WebSite\",\"@id\":\"https:\\\/\\\/shrimataji.org\\\/test\\\/#website\",\"url\":\"https:\\\/\\\/shrimataji.org\\\/test\\\/\",\"name\":\"Shri Mataji Nirmala Devi\",\"description\":\"A Life Dedicated to Humanity\",\"publisher\":{\"@id\":\"https:\\\/\\\/shrimataji.org\\\/test\\\/#\\\/schema\\\/person\\\/a1b3419c6585f164aa96da1ff85715d1\"},\"potentialAction\":[{\"@type\":\"SearchAction\",\"target\":{\"@type\":\"EntryPoint\",\"urlTemplate\":\"https:\\\/\\\/shrimataji.org\\\/test\\\/?s={search_term_string}\"},\"query-input\":{\"@type\":\"PropertyValueSpecification\",\"valueRequired\":true,\"valueName\":\"search_term_string\"}}],\"inLanguage\":\"en-US\"},{\"@type\":[\"Person\",\"Organization\"],\"@id\":\"https:\\\/\\\/shrimataji.org\\\/test\\\/#\\\/schema\\\/person\\\/a1b3419c6585f164aa96da1ff85715d1\",\"name\":\"Nirmala Shrivastava\",\"image\":{\"@type\":\"ImageObject\",\"inLanguage\":\"en-US\",\"@id\":\"https:\\\/\\\/shrimataji.org\\\/test\\\/wp-content\\\/uploads\\\/2023\\\/02\\\/SMO_LOGO-03.svg\",\"url\":\"https:\\\/\\\/shrimataji.org\\\/test\\\/wp-content\\\/uploads\\\/2023\\\/02\\\/SMO_LOGO-03.svg\",\"contentUrl\":\"https:\\\/\\\/shrimataji.org\\\/test\\\/wp-content\\\/uploads\\\/2023\\\/02\\\/SMO_LOGO-03.svg\",\"width\":\"1024\",\"height\":\"1024\",\"caption\":\"Nirmala Shrivastava\"},\"logo\":{\"@id\":\"https:\\\/\\\/shrimataji.org\\\/test\\\/wp-content\\\/uploads\\\/2023\\\/02\\\/SMO_LOGO-03.svg\"},\"sameAs\":[\"https:\\\/\\\/shrimataji.org\\\/test\",\"https:\\\/\\\/www.facebook.com\\\/shrimataji\",\"https:\\\/\\\/x.com\\\/shrimataji\",\"https:\\\/\\\/www.youtube.com\\\/@Shri_Mataji_Nirmala_Devi\\\/featured\"]}]}<\/script>\n<!-- \/ Yoast SEO plugin. -->","yoast_head_json":{"title":"Pingala n\u00e1di - TEST - SMND","robots":{"index":"noindex","follow":"follow","max-snippet":"max-snippet:-1","max-image-preview":"max-image-preview:large","max-video-preview":"max-video-preview:-1"},"og_locale":"en_US","og_type":"article","og_title":"Pingala n\u00e1di - TEST - SMND","og_description":"Pingala n\u00e1di Cselekv\u00e9s &amp; Intelligencia A jobb energiacsatorn\u00e1nk (szanszkrit\u00fcl Pingala Nadi), m\u00e1s n\u00e9ven Napcsatorna, a m\u00e1sodik energiak\u00f6zpontn\u00e1l (Swadhisthana csakra) kezd\u0151dik, \u00e9s spir\u00e1lisan felfel\u00e9 kanyarog a gerincoszlopban, majd lufik\u00e9nt \u00e9r v\u00e9get agyunk bal f\u00e9ltek\u00e9j\u00e9ben. Shri Mataji ezt a lufit az ego pszichikai kifejez\u0151d\u00e9sek\u00e9nt \u00edrja le. Az ego individualizmust \u00e9s \u00e9n\u00e9rzetet ad nek\u00fcnk, megk\u00fcl\u00f6nb\u00f6ztetve minket m\u00e1sokt\u00f3l. Az&hellip; Read more","og_url":"https:\/\/shrimataji.org\/test\/hu\/pingala-nadi\/","og_site_name":"TEST - SMND","article_publisher":"https:\/\/www.facebook.com\/shrimataji","article_modified_time":"2026-04-18T15:11:25+00:00","og_image":[{"width":2560,"height":905,"url":"https:\/\/shrimataji.org\/test\/wp-content\/uploads\/2023\/03\/13_Banner-SY-Pingala-scaled.jpg","type":"image\/jpeg"}],"twitter_card":"summary_large_image","twitter_site":"@shrimataji","twitter_misc":{"Est. reading time":"3 minutes"},"schema":{"@context":"https:\/\/schema.org","@graph":[{"@type":"WebPage","@id":"https:\/\/shrimataji.org\/test\/hu\/pingala-nadi\/","url":"https:\/\/shrimataji.org\/test\/hu\/pingala-nadi\/","name":"Pingala n\u00e1di - TEST - SMND","isPartOf":{"@id":"https:\/\/shrimataji.org\/test\/#website"},"primaryImageOfPage":{"@id":"https:\/\/shrimataji.org\/test\/hu\/pingala-nadi\/#primaryimage"},"image":{"@id":"https:\/\/shrimataji.org\/test\/hu\/pingala-nadi\/#primaryimage"},"thumbnailUrl":"https:\/\/shrimataji.org\/test\/wp-content\/uploads\/2023\/03\/13_Banner-SY-Pingala-scaled.jpg","datePublished":"2022-01-29T10:34:53+00:00","dateModified":"2026-04-18T15:11:25+00:00","breadcrumb":{"@id":"https:\/\/shrimataji.org\/test\/hu\/pingala-nadi\/#breadcrumb"},"inLanguage":"en-US","potentialAction":[{"@type":"ReadAction","target":["https:\/\/shrimataji.org\/test\/hu\/pingala-nadi\/"]}]},{"@type":"ImageObject","inLanguage":"en-US","@id":"https:\/\/shrimataji.org\/test\/hu\/pingala-nadi\/#primaryimage","url":"https:\/\/shrimataji.org\/test\/wp-content\/uploads\/2023\/03\/13_Banner-SY-Pingala-scaled.jpg","contentUrl":"https:\/\/shrimataji.org\/test\/wp-content\/uploads\/2023\/03\/13_Banner-SY-Pingala-scaled.jpg","width":2560,"height":905},{"@type":"BreadcrumbList","@id":"https:\/\/shrimataji.org\/test\/hu\/pingala-nadi\/#breadcrumb","itemListElement":[{"@type":"ListItem","position":1,"name":"Home","item":"https:\/\/shrimataji.org\/test\/uk\/home-en\/"},{"@type":"ListItem","position":2,"name":"Pingala n\u00e1di"}]},{"@type":"WebSite","@id":"https:\/\/shrimataji.org\/test\/#website","url":"https:\/\/shrimataji.org\/test\/","name":"Shri Mataji Nirmala Devi","description":"A Life Dedicated to Humanity","publisher":{"@id":"https:\/\/shrimataji.org\/test\/#\/schema\/person\/a1b3419c6585f164aa96da1ff85715d1"},"potentialAction":[{"@type":"SearchAction","target":{"@type":"EntryPoint","urlTemplate":"https:\/\/shrimataji.org\/test\/?s={search_term_string}"},"query-input":{"@type":"PropertyValueSpecification","valueRequired":true,"valueName":"search_term_string"}}],"inLanguage":"en-US"},{"@type":["Person","Organization"],"@id":"https:\/\/shrimataji.org\/test\/#\/schema\/person\/a1b3419c6585f164aa96da1ff85715d1","name":"Nirmala Shrivastava","image":{"@type":"ImageObject","inLanguage":"en-US","@id":"https:\/\/shrimataji.org\/test\/wp-content\/uploads\/2023\/02\/SMO_LOGO-03.svg","url":"https:\/\/shrimataji.org\/test\/wp-content\/uploads\/2023\/02\/SMO_LOGO-03.svg","contentUrl":"https:\/\/shrimataji.org\/test\/wp-content\/uploads\/2023\/02\/SMO_LOGO-03.svg","width":"1024","height":"1024","caption":"Nirmala Shrivastava"},"logo":{"@id":"https:\/\/shrimataji.org\/test\/wp-content\/uploads\/2023\/02\/SMO_LOGO-03.svg"},"sameAs":["https:\/\/shrimataji.org\/test","https:\/\/www.facebook.com\/shrimataji","https:\/\/x.com\/shrimataji","https:\/\/www.youtube.com\/@Shri_Mataji_Nirmala_Devi\/featured"]}]}},"lang":"hu","translations":{"hu":19534,"ur":37477,"en":6414,"am":18050,"th":20019,"sq":18451,"zh":17348,"hi":8311,"tr":10193,"pt":10403,"de":10677,"fr":10775,"it":10873,"es":10970,"ja":11267,"ru":11455,"bn":11647,"te":11755,"sw":11878,"he":12026,"el":12318,"sk":12416,"fa":12514,"fi":12612,"bg":13382,"ro":14456,"cs":14649,"nl":16611,"ku":16771,"ar":16947,"be":18658,"kn":18932,"mr":20383,"uk":20677,"ml":20972,"ta":22769,"sv":23039,"gu":28883,"pa":29043,"fil":29487,"da":37788,"pl":38000,"nn":38340},"pll_sync_post":[],"_links":{"self":[{"href":"https:\/\/shrimataji.org\/test\/wp-json\/wp\/v2\/pages\/19534","targetHints":{"allow":["GET"]}}],"collection":[{"href":"https:\/\/shrimataji.org\/test\/wp-json\/wp\/v2\/pages"}],"about":[{"href":"https:\/\/shrimataji.org\/test\/wp-json\/wp\/v2\/types\/page"}],"author":[{"embeddable":true,"href":"https:\/\/shrimataji.org\/test\/wp-json\/wp\/v2\/users\/1"}],"replies":[{"embeddable":true,"href":"https:\/\/shrimataji.org\/test\/wp-json\/wp\/v2\/comments?post=19534"}],"version-history":[{"count":0,"href":"https:\/\/shrimataji.org\/test\/wp-json\/wp\/v2\/pages\/19534\/revisions"}],"wp:featuredmedia":[{"embeddable":true,"href":"https:\/\/shrimataji.org\/test\/wp-json\/wp\/v2\/media\/19293"}],"wp:attachment":[{"href":"https:\/\/shrimataji.org\/test\/wp-json\/wp\/v2\/media?parent=19534"}],"curies":[{"name":"wp","href":"https:\/\/api.w.org\/{rel}","templated":true}]}}