{"id":19536,"date":"2015-02-02T03:00:00","date_gmt":"2015-02-02T03:00:00","guid":{"rendered":"http:\/\/testwordpress.nirmalnagari.org\/smnd\/index.php\/poems-by-shri-mataji\/"},"modified":"2026-04-11T14:30:02","modified_gmt":"2026-04-11T14:30:02","slug":"poems-by-shri-mataji","status":"publish","type":"page","link":"https:\/\/shrimataji.org\/test\/hu\/poems-by-shri-mataji\/","title":{"rendered":"Shri Mataji versei"},"content":{"rendered":"\n\n\t<h1>Porszem<\/h1>\nOlyan akarok lenni,<br \/>\nAk\u00e1rcsak egy porszem,<br \/>\nAmi a sz\u00e9llel sz\u00e1ll,<br \/>\nMindenhova eljut,<br \/>\nMegteheti,<br \/>\nR\u00e1sz\u00e1llhat egy kir\u00e1ly fej\u00e9re,<br \/>\nVagy rep\u00fclhet<br \/>\n\u00c9s valakinek a l\u00e1ba el\u00e9 hullik,<br \/>\nMindenhov\u00e1 eljuthat,<br \/>\n\u00c9s mindenhol megpihenhet.<br \/>\n\u00c9n azonban olyan porszem akarok lenni,<br \/>\nAmi illatozik,<br \/>\nAmi t\u00e1pl\u00e1l\u00f3,<br \/>\nAmi f\u00e9nyt ad\u00f3.\n<h4>Shri Mataji Nirmala Devi, h\u00e9t \u00e9vesen \u00edrta ezt a verset, ahogy azt \u0151 maga mes\u00e9lte el Dhuli\u00e1ban, Indi\u00e1ban, 1983. janu\u00e1r 14-\u00e9n.<\/h4>\n<p>&nbsp;<\/p>\n<p>&nbsp;<\/p>\n<h1>Vir\u00e1ggyermekeimnek<\/h1>\nHaragusztok az \u00e9letre,<br \/>\nMint a kisgyerekek,<br \/>\nKik elvesztett\u00e9k \u00e9desanyjukat a s\u00f6t\u00e9tben.<br \/>\nDurc\u00e1ss\u00e1gotok k\u00e9ts\u00e9gbees\u00e9st mutat<br \/>\nEredm\u00e9nytelen utaz\u00e1sotok v\u00e9g\u00e9n.\nA Cs\u00fafs\u00e1got viselitek magatokon, hogy felfedezz\u00e9tek a Sz\u00e9ps\u00e9get<br \/>\nMindennek hamis nevet adtok az Igazs\u00e1g nev\u00e9ben.<br \/>\nKimer\u00edtitek az \u00e9rzelmeket, hogy megt\u00f6lts\u00e9tek a Szeretet kelyh\u00e9t.<br \/>\n\u00c9n \u00e9des gyermekeim, kedveseim,<br \/>\nHogyan nyerhetitek el a b\u00e9k\u00e9t, ha h\u00e1bor\u00fat viseltek<br \/>\nMagatokkal, l\u00e9tez\u00e9setekkel, az \u00f6r\u00f6mmel mag\u00e1val.\nEl\u00e9g volt a lemond\u00e1s er\u0151fesz\u00edt\u00e9s\u00e9b\u0151l,<br \/>\nA vigasztal\u00e1s hamis maszkj\u00e1b\u00f3l.<br \/>\nMost m\u00e1r pihenjetek meg a l\u00f3tuszvir\u00e1g szirmain<br \/>\nKegyes \u00c9desany\u00e1tok \u00f6l\u00e9ben.<br \/>\nGy\u00f6ny\u00f6r\u0171 vir\u00e1gokkal \u00e9kes\u00edtem fel \u00e9leteteket,<br \/>\n\u00d6r\u00f6mteli illattal t\u00f6lt\u00f6m ki perceiteket<br \/>\n\u00c9s felkenlek benneteket Isteni Szeretettel.\nMost m\u00e1r nem b\u00edrom tov\u00e1bb a k\u00ednjaitokat!<br \/>\nEngedj\u00e9tek, hogy befogadjalak benneteket az \u00f6r\u00f6m \u00f3ce\u00e1nj\u00e1ba,<br \/>\nHogy elvegy\u00fclj\u00f6n l\u00e9tetek a Hatalmasabban,\nAki Val\u00f3tok vir\u00e1gkelyh\u00e9ben mosolyog<br \/>\n\u00c9s Aki titokzatosan rejt\u0151zk\u00f6dve ugrat benneteket eg\u00e9sz id\u0151 alatt<br \/>\nLegyetek tudatosak \u00e9s r\u00e1tal\u00e1ltok, Ki<br \/>\nMinden idegsz\u00e1latokat \u00fcdv\u00f6z\u00edt\u0151 \u00f6r\u00f6mmel remegteti meg,<br \/>\n\u00c9s f\u00e9nnyel bor\u00edtja be az eg\u00e9sz Vil\u00e1gmindens\u00e9get.\n<h4>Shri Mataji Nirmala Devi a keres\u0151inek \u00edrt verse els\u0151 \u00fatj\u00e1n az USA-ban, 1972-ben.<\/h4>\n<p>&nbsp;<\/p>\n<p>&nbsp;<\/p>\n<h1>L\u00e1tok egy hegyet<\/h1>\n<p>Egy hegyet l\u00e1tok az ablakomb\u00f3l<\/p>\n<p>Mint egy \u0151si b\u00f6lcs,<\/p>\n<p>V\u00e1gyak n\u00e9lk\u00fcl, tele Szeretettel.<\/p>\n<p>Annyi fa \u00e9s annyi vir\u00e1g<\/p>\n<p>Folyamatosan \u00e9lnek a hegyen.<\/p>\n<p>A figyelm\u00e9t nem zavarja<\/p>\n<p>\u00c9s amikor \u00f6mlik az es\u0151<\/p>\n<p>A felh\u0151, mint sok kors\u00f3, amely sz\u00e9tpattan<\/p>\n<p>\u00c9s bet\u00f6lti a hegyet z\u00f6ld n\u00f6v\u00e9nyzettel,<\/p>\n<p>A vihar sz\u00e1rnyalhat,<\/p>\n<p>Megt\u00f6ltve a tavat egy\u00fctt\u00e9rz\u00e9ssel<\/p>\n<p>\u00c9s a foly\u00f3k elfolynak<\/p>\n<p>A h\u00edvogat\u00f3 tenger fel\u00e9.<\/p>\n<p>A Nap felh\u0151ket teremt, \u00e9s<\/p>\n<p>A sz\u00e9l tollas sz\u00e1rnyain<\/p>\n<p>Az es\u0151t a hegyre viszi.<\/p>\n<p>Ez az \u00f6r\u00f6k j\u00e1t\u00e9k,<\/p>\n<p>Melyet a hegy l\u00e1t<\/p>\n<p>V\u00e1gyak n\u00e9lk\u00fcl.<\/p>\n<h4>Shri Mataji Nirmala Devi, 2002.<\/h4>\n\n","protected":false},"excerpt":{"rendered":"<p>Porszem Olyan akarok lenni, Ak\u00e1rcsak egy porszem, Ami a sz\u00e9llel sz\u00e1ll, Mindenhova eljut, Megteheti, R\u00e1sz\u00e1llhat egy kir\u00e1ly fej\u00e9re, Vagy rep\u00fclhet \u00c9s valakinek a l\u00e1ba el\u00e9 hullik, Mindenhov\u00e1 eljuthat, \u00c9s mindenhol megpihenhet. \u00c9n azonban olyan porszem akarok lenni, Ami illatozik, Ami t\u00e1pl\u00e1l\u00f3, Ami f\u00e9nyt ad\u00f3. Shri Mataji Nirmala Devi, h\u00e9t \u00e9vesen \u00edrta ezt a verset, ahogy&hellip; <br \/> <a class=\"read-more\" href=\"https:\/\/shrimataji.org\/test\/hu\/poems-by-shri-mataji\/\">Read more<\/a><\/p>\n","protected":false},"author":1,"featured_media":19296,"parent":0,"menu_order":0,"comment_status":"closed","ping_status":"closed","template":"","meta":{"inline_featured_image":false,"footnotes":""},"class_list":["post-19536","page","type-page","status-publish","has-post-thumbnail","hentry"],"yoast_head":"<!-- This site is optimized with the Yoast SEO plugin v27.4 - https:\/\/yoast.com\/product\/yoast-seo-wordpress\/ -->\n<title>Shri Mataji versei - TEST - SMND<\/title>\n<meta name=\"robots\" content=\"noindex, follow, max-snippet:-1, max-image-preview:large, max-video-preview:-1\" \/>\n<meta property=\"og:locale\" content=\"en_US\" \/>\n<meta property=\"og:type\" content=\"article\" \/>\n<meta property=\"og:title\" content=\"Shri Mataji versei - TEST - SMND\" \/>\n<meta property=\"og:description\" content=\"Porszem Olyan akarok lenni, Ak\u00e1rcsak egy porszem, Ami a sz\u00e9llel sz\u00e1ll, Mindenhova eljut, Megteheti, R\u00e1sz\u00e1llhat egy kir\u00e1ly fej\u00e9re, Vagy rep\u00fclhet \u00c9s valakinek a l\u00e1ba el\u00e9 hullik, Mindenhov\u00e1 eljuthat, \u00c9s mindenhol megpihenhet. \u00c9n azonban olyan porszem akarok lenni, Ami illatozik, Ami t\u00e1pl\u00e1l\u00f3, Ami f\u00e9nyt ad\u00f3. Shri Mataji Nirmala Devi, h\u00e9t \u00e9vesen \u00edrta ezt a verset, ahogy&hellip; Read more\" \/>\n<meta property=\"og:url\" content=\"https:\/\/shrimataji.org\/test\/hu\/poems-by-shri-mataji\/\" \/>\n<meta property=\"og:site_name\" content=\"TEST - SMND\" \/>\n<meta property=\"article:publisher\" content=\"https:\/\/www.facebook.com\/shrimataji\" \/>\n<meta property=\"article:modified_time\" content=\"2026-04-11T14:30:02+00:00\" \/>\n<meta property=\"og:image\" content=\"https:\/\/shrimataji.org\/test\/wp-content\/uploads\/2018\/07\/media_originals\/images\/headers-general\/artwork-by-meredith-cooper-australia.jpg\" \/>\n\t<meta property=\"og:image:width\" content=\"990\" \/>\n\t<meta property=\"og:image:height\" content=\"350\" \/>\n\t<meta property=\"og:image:type\" content=\"image\/jpeg\" \/>\n<meta name=\"twitter:card\" content=\"summary_large_image\" \/>\n<meta name=\"twitter:site\" content=\"@shrimataji\" \/>\n<meta name=\"twitter:label1\" content=\"Est. reading time\" \/>\n\t<meta name=\"twitter:data1\" content=\"2 minutes\" \/>\n<script type=\"application\/ld+json\" class=\"yoast-schema-graph\">{\"@context\":\"https:\\\/\\\/schema.org\",\"@graph\":[{\"@type\":\"WebPage\",\"@id\":\"https:\\\/\\\/shrimataji.org\\\/test\\\/hu\\\/poems-by-shri-mataji\\\/\",\"url\":\"https:\\\/\\\/shrimataji.org\\\/test\\\/hu\\\/poems-by-shri-mataji\\\/\",\"name\":\"Shri Mataji versei - TEST - SMND\",\"isPartOf\":{\"@id\":\"https:\\\/\\\/shrimataji.org\\\/test\\\/#website\"},\"primaryImageOfPage\":{\"@id\":\"https:\\\/\\\/shrimataji.org\\\/test\\\/hu\\\/poems-by-shri-mataji\\\/#primaryimage\"},\"image\":{\"@id\":\"https:\\\/\\\/shrimataji.org\\\/test\\\/hu\\\/poems-by-shri-mataji\\\/#primaryimage\"},\"thumbnailUrl\":\"https:\\\/\\\/shrimataji.org\\\/test\\\/wp-content\\\/uploads\\\/2018\\\/07\\\/media_originals\\\/images\\\/headers-general\\\/artwork-by-meredith-cooper-australia.jpg\",\"datePublished\":\"2015-02-02T03:00:00+00:00\",\"dateModified\":\"2026-04-11T14:30:02+00:00\",\"breadcrumb\":{\"@id\":\"https:\\\/\\\/shrimataji.org\\\/test\\\/hu\\\/poems-by-shri-mataji\\\/#breadcrumb\"},\"inLanguage\":\"en-US\",\"potentialAction\":[{\"@type\":\"ReadAction\",\"target\":[\"https:\\\/\\\/shrimataji.org\\\/test\\\/hu\\\/poems-by-shri-mataji\\\/\"]}]},{\"@type\":\"ImageObject\",\"inLanguage\":\"en-US\",\"@id\":\"https:\\\/\\\/shrimataji.org\\\/test\\\/hu\\\/poems-by-shri-mataji\\\/#primaryimage\",\"url\":\"https:\\\/\\\/shrimataji.org\\\/test\\\/wp-content\\\/uploads\\\/2018\\\/07\\\/media_originals\\\/images\\\/headers-general\\\/artwork-by-meredith-cooper-australia.jpg\",\"contentUrl\":\"https:\\\/\\\/shrimataji.org\\\/test\\\/wp-content\\\/uploads\\\/2018\\\/07\\\/media_originals\\\/images\\\/headers-general\\\/artwork-by-meredith-cooper-australia.jpg\",\"width\":990,\"height\":350},{\"@type\":\"BreadcrumbList\",\"@id\":\"https:\\\/\\\/shrimataji.org\\\/test\\\/hu\\\/poems-by-shri-mataji\\\/#breadcrumb\",\"itemListElement\":[{\"@type\":\"ListItem\",\"position\":1,\"name\":\"Home\",\"item\":\"https:\\\/\\\/shrimataji.org\\\/test\\\/uk\\\/home-en\\\/\"},{\"@type\":\"ListItem\",\"position\":2,\"name\":\"Shri Mataji versei\"}]},{\"@type\":\"WebSite\",\"@id\":\"https:\\\/\\\/shrimataji.org\\\/test\\\/#website\",\"url\":\"https:\\\/\\\/shrimataji.org\\\/test\\\/\",\"name\":\"Shri Mataji Nirmala Devi\",\"description\":\"A Life Dedicated to Humanity\",\"publisher\":{\"@id\":\"https:\\\/\\\/shrimataji.org\\\/test\\\/#\\\/schema\\\/person\\\/a1b3419c6585f164aa96da1ff85715d1\"},\"potentialAction\":[{\"@type\":\"SearchAction\",\"target\":{\"@type\":\"EntryPoint\",\"urlTemplate\":\"https:\\\/\\\/shrimataji.org\\\/test\\\/?s={search_term_string}\"},\"query-input\":{\"@type\":\"PropertyValueSpecification\",\"valueRequired\":true,\"valueName\":\"search_term_string\"}}],\"inLanguage\":\"en-US\"},{\"@type\":[\"Person\",\"Organization\"],\"@id\":\"https:\\\/\\\/shrimataji.org\\\/test\\\/#\\\/schema\\\/person\\\/a1b3419c6585f164aa96da1ff85715d1\",\"name\":\"Nirmala Shrivastava\",\"image\":{\"@type\":\"ImageObject\",\"inLanguage\":\"en-US\",\"@id\":\"https:\\\/\\\/shrimataji.org\\\/test\\\/wp-content\\\/uploads\\\/2023\\\/02\\\/SMO_LOGO-03.svg\",\"url\":\"https:\\\/\\\/shrimataji.org\\\/test\\\/wp-content\\\/uploads\\\/2023\\\/02\\\/SMO_LOGO-03.svg\",\"contentUrl\":\"https:\\\/\\\/shrimataji.org\\\/test\\\/wp-content\\\/uploads\\\/2023\\\/02\\\/SMO_LOGO-03.svg\",\"width\":\"1024\",\"height\":\"1024\",\"caption\":\"Nirmala Shrivastava\"},\"logo\":{\"@id\":\"https:\\\/\\\/shrimataji.org\\\/test\\\/wp-content\\\/uploads\\\/2023\\\/02\\\/SMO_LOGO-03.svg\"},\"sameAs\":[\"https:\\\/\\\/shrimataji.org\\\/test\",\"https:\\\/\\\/www.facebook.com\\\/shrimataji\",\"https:\\\/\\\/x.com\\\/shrimataji\",\"https:\\\/\\\/www.youtube.com\\\/@Shri_Mataji_Nirmala_Devi\\\/featured\"]}]}<\/script>\n<!-- \/ Yoast SEO plugin. -->","yoast_head_json":{"title":"Shri Mataji versei - TEST - SMND","robots":{"index":"noindex","follow":"follow","max-snippet":"max-snippet:-1","max-image-preview":"max-image-preview:large","max-video-preview":"max-video-preview:-1"},"og_locale":"en_US","og_type":"article","og_title":"Shri Mataji versei - TEST - SMND","og_description":"Porszem Olyan akarok lenni, Ak\u00e1rcsak egy porszem, Ami a sz\u00e9llel sz\u00e1ll, Mindenhova eljut, Megteheti, R\u00e1sz\u00e1llhat egy kir\u00e1ly fej\u00e9re, Vagy rep\u00fclhet \u00c9s valakinek a l\u00e1ba el\u00e9 hullik, Mindenhov\u00e1 eljuthat, \u00c9s mindenhol megpihenhet. \u00c9n azonban olyan porszem akarok lenni, Ami illatozik, Ami t\u00e1pl\u00e1l\u00f3, Ami f\u00e9nyt ad\u00f3. Shri Mataji Nirmala Devi, h\u00e9t \u00e9vesen \u00edrta ezt a verset, ahogy&hellip; Read more","og_url":"https:\/\/shrimataji.org\/test\/hu\/poems-by-shri-mataji\/","og_site_name":"TEST - SMND","article_publisher":"https:\/\/www.facebook.com\/shrimataji","article_modified_time":"2026-04-11T14:30:02+00:00","og_image":[{"width":990,"height":350,"url":"https:\/\/shrimataji.org\/test\/wp-content\/uploads\/2018\/07\/media_originals\/images\/headers-general\/artwork-by-meredith-cooper-australia.jpg","type":"image\/jpeg"}],"twitter_card":"summary_large_image","twitter_site":"@shrimataji","twitter_misc":{"Est. reading time":"2 minutes"},"schema":{"@context":"https:\/\/schema.org","@graph":[{"@type":"WebPage","@id":"https:\/\/shrimataji.org\/test\/hu\/poems-by-shri-mataji\/","url":"https:\/\/shrimataji.org\/test\/hu\/poems-by-shri-mataji\/","name":"Shri Mataji versei - TEST - SMND","isPartOf":{"@id":"https:\/\/shrimataji.org\/test\/#website"},"primaryImageOfPage":{"@id":"https:\/\/shrimataji.org\/test\/hu\/poems-by-shri-mataji\/#primaryimage"},"image":{"@id":"https:\/\/shrimataji.org\/test\/hu\/poems-by-shri-mataji\/#primaryimage"},"thumbnailUrl":"https:\/\/shrimataji.org\/test\/wp-content\/uploads\/2018\/07\/media_originals\/images\/headers-general\/artwork-by-meredith-cooper-australia.jpg","datePublished":"2015-02-02T03:00:00+00:00","dateModified":"2026-04-11T14:30:02+00:00","breadcrumb":{"@id":"https:\/\/shrimataji.org\/test\/hu\/poems-by-shri-mataji\/#breadcrumb"},"inLanguage":"en-US","potentialAction":[{"@type":"ReadAction","target":["https:\/\/shrimataji.org\/test\/hu\/poems-by-shri-mataji\/"]}]},{"@type":"ImageObject","inLanguage":"en-US","@id":"https:\/\/shrimataji.org\/test\/hu\/poems-by-shri-mataji\/#primaryimage","url":"https:\/\/shrimataji.org\/test\/wp-content\/uploads\/2018\/07\/media_originals\/images\/headers-general\/artwork-by-meredith-cooper-australia.jpg","contentUrl":"https:\/\/shrimataji.org\/test\/wp-content\/uploads\/2018\/07\/media_originals\/images\/headers-general\/artwork-by-meredith-cooper-australia.jpg","width":990,"height":350},{"@type":"BreadcrumbList","@id":"https:\/\/shrimataji.org\/test\/hu\/poems-by-shri-mataji\/#breadcrumb","itemListElement":[{"@type":"ListItem","position":1,"name":"Home","item":"https:\/\/shrimataji.org\/test\/uk\/home-en\/"},{"@type":"ListItem","position":2,"name":"Shri Mataji versei"}]},{"@type":"WebSite","@id":"https:\/\/shrimataji.org\/test\/#website","url":"https:\/\/shrimataji.org\/test\/","name":"Shri Mataji Nirmala Devi","description":"A Life Dedicated to Humanity","publisher":{"@id":"https:\/\/shrimataji.org\/test\/#\/schema\/person\/a1b3419c6585f164aa96da1ff85715d1"},"potentialAction":[{"@type":"SearchAction","target":{"@type":"EntryPoint","urlTemplate":"https:\/\/shrimataji.org\/test\/?s={search_term_string}"},"query-input":{"@type":"PropertyValueSpecification","valueRequired":true,"valueName":"search_term_string"}}],"inLanguage":"en-US"},{"@type":["Person","Organization"],"@id":"https:\/\/shrimataji.org\/test\/#\/schema\/person\/a1b3419c6585f164aa96da1ff85715d1","name":"Nirmala Shrivastava","image":{"@type":"ImageObject","inLanguage":"en-US","@id":"https:\/\/shrimataji.org\/test\/wp-content\/uploads\/2023\/02\/SMO_LOGO-03.svg","url":"https:\/\/shrimataji.org\/test\/wp-content\/uploads\/2023\/02\/SMO_LOGO-03.svg","contentUrl":"https:\/\/shrimataji.org\/test\/wp-content\/uploads\/2023\/02\/SMO_LOGO-03.svg","width":"1024","height":"1024","caption":"Nirmala Shrivastava"},"logo":{"@id":"https:\/\/shrimataji.org\/test\/wp-content\/uploads\/2023\/02\/SMO_LOGO-03.svg"},"sameAs":["https:\/\/shrimataji.org\/test","https:\/\/www.facebook.com\/shrimataji","https:\/\/x.com\/shrimataji","https:\/\/www.youtube.com\/@Shri_Mataji_Nirmala_Devi\/featured"]}]}},"lang":"hu","translations":{"hu":19536,"ur":37479,"en":428,"am":18052,"th":20022,"sq":18453,"zh":17350,"hi":7608,"tr":10194,"pt":10404,"de":10678,"fr":10776,"it":10874,"es":10971,"ja":11268,"ru":11456,"bn":11648,"te":11756,"sw":11879,"he":12027,"el":12319,"sk":12417,"fa":12515,"fi":12613,"bg":13489,"ro":14564,"cs":14757,"nl":16613,"ku":16773,"ar":16949,"be":18660,"kn":18934,"mr":20386,"uk":20680,"ml":20975,"ta":22771,"sv":23041,"gu":28885,"pa":29045,"fil":29489,"da":37790,"pl":38002,"nn":38342},"pll_sync_post":[],"_links":{"self":[{"href":"https:\/\/shrimataji.org\/test\/wp-json\/wp\/v2\/pages\/19536","targetHints":{"allow":["GET"]}}],"collection":[{"href":"https:\/\/shrimataji.org\/test\/wp-json\/wp\/v2\/pages"}],"about":[{"href":"https:\/\/shrimataji.org\/test\/wp-json\/wp\/v2\/types\/page"}],"author":[{"embeddable":true,"href":"https:\/\/shrimataji.org\/test\/wp-json\/wp\/v2\/users\/1"}],"replies":[{"embeddable":true,"href":"https:\/\/shrimataji.org\/test\/wp-json\/wp\/v2\/comments?post=19536"}],"version-history":[{"count":0,"href":"https:\/\/shrimataji.org\/test\/wp-json\/wp\/v2\/pages\/19536\/revisions"}],"wp:featuredmedia":[{"embeddable":true,"href":"https:\/\/shrimataji.org\/test\/wp-json\/wp\/v2\/media\/19296"}],"wp:attachment":[{"href":"https:\/\/shrimataji.org\/test\/wp-json\/wp\/v2\/media?parent=19536"}],"curies":[{"name":"wp","href":"https:\/\/api.w.org\/{rel}","templated":true}]}}