{"id":19538,"date":"2015-11-02T21:00:00","date_gmt":"2015-11-02T21:00:00","guid":{"rendered":"http:\/\/testwordpress.nirmalnagari.org\/smnd\/index.php\/press\/"},"modified":"2026-04-12T11:33:30","modified_gmt":"2026-04-12T11:33:30","slug":"press","status":"publish","type":"page","link":"https:\/\/shrimataji.org\/test\/hu\/press\/","title":{"rendered":"Sajt\u00f3 \u00e9s m\u00e9dia"},"content":{"rendered":"\n\n\t<h1>Sajt\u00f3 \u00e9s m\u00e9dia<\/h1>\n\t<h2>Dokumentumok<\/h2>\n<p>V\u00e1lassz ki egy let\u00f6ltend\u0151 dokumentumot:<\/p>\n<ul>\n<li><a href=\"https:\/\/shrimataji.org\/test\/wp-content\/uploads\/2018\/07\/media\/documents\/press-downloads\/shri-mataji-nirmala-devi-short-biography-and-awards.pdf\" target=\"_blank\" rel=\"noopener\">Shri Mataji Nirmala Devi: R\u00f6vid \u00e9letrajz \u00e9s d\u00edjlista<\/a><\/li>\n<li><a href=\"https:\/\/shrimataji.org\/test\/wp-content\/uploads\/2018\/07\/media\/documents\/press-downloads\/sahaja-yoga-meditation-the-enduring-legacy-of-shri-mataji-nirmala-devi.pdf\" target=\"_blank\" rel=\"noopener\">Sahaja j\u00f3ga medit\u00e1ci\u00f3: \u00c1ttekint\u00e9s<\/a><\/li>\n<li><a href=\"https:\/\/shrimataji.org\/test\/wp-content\/uploads\/2020\/06\/A-Brochure-on-H-H-Shri-Mataji-Nirmala-Devi.pdf\" target=\"_blank\" rel=\"noopener\">Bros\u00fara H H Shri Mataji Nirmala Devir\u0151l<\/a><\/li>\n<\/ul>\n\t<h2>Cikkek:<\/h2>\n<ul>\n<li><a href=\"https:\/\/shrimataji.org\/test\/wp-content\/uploads\/2023\/03\/Shri-Mataji-100-Anniversary-Press-Release.pdf\" target=\"_blank\" rel=\"noopener\">Shri Mataji Nirmala Devi sz\u00fclet\u00e9s\u00e9nek 100. \u00e9vfordul\u00f3ja<\/a><\/li>\n<li><a href=\"https:\/\/shrimataji.org\/test\/wp-content\/uploads\/2020\/05\/5th-May_50-years-Sahaja-Yoga_press-release.pdf\" target=\"_blank\" rel=\"noopener\">A Sahaja J\u00f3ga 50. \u00e9vfordul\u00f3ja<\/a><\/li>\n<li><a href=\"\/the-international-day-of-yoga\/\" target=\"_blank\" rel=\"noopener\">Nemzetk\u00f6zi J\u00f3ganap, 2015. j\u00fanius 21-ike<br \/>\n<\/a><\/li>\n<li><a href=\"\/may-5th-world-realization-day\/\" target=\"_blank\" rel=\"noopener\">M\u00e1jus 5-e, az \u00d6nmegval\u00f3sul\u00e1s Vil\u00e1gnapja Shri Mataji Nirmala Devi tisztelet\u00e9re<\/a><\/li>\n<li><a href=\"\/obituary-for-sir-c-p-srivastava\/\" target=\"_blank\" rel=\"noopener\">Sir C.P. Srivastava gy\u00e1szjelent\u00e9se<\/a><\/li>\n<\/ul>\n\t<h2>Fot\u00f3k<\/h2>\n<p>K\u00e9rj\u00fck, a lenti sajt\u00f3fot\u00f3k let\u00f6lt\u00e9se el\u0151tt olvassa el a felhaszn\u00e1l\u00e1si felt\u00e9teleket. A fot\u00f3k tiff form\u00e1tumban \u00e9s zip t\u00f6m\u00f6r\u00edt\u00e9ssel \u00e9rhet\u0151k el a let\u00f6lt\u00e9shez.<\/p>\n<figure itemscope itemtype=\"https:\/\/schema.org\/ImageObject\">\n\t\t\t\t<img decoding=\"async\" src=\"https:\/\/shrimataji.org\/test\/wp-content\/uploads\/2023\/03\/Home_1440x775_100_2-scaled.jpg\" alt=\"Home_1440x775_100_2\" height=\"1378\" width=\"2560\" title=\"Home_1440x775_100_2\" onerror=\"this.style.display='none'\" loading=\"lazy\" \/>\n\t<\/figure>\n<figure itemscope itemtype=\"https:\/\/schema.org\/ImageObject\">\n\t\t\t\t<img decoding=\"async\" src=\"https:\/\/shrimataji.org\/test\/wp-content\/uploads\/2020\/04\/Image-50-years-1920x1080-1.jpg\" alt=\"Image-50-years-1920x1080\" height=\"1080\" width=\"1920\" title=\"Image-50-years-1920x1080\" onerror=\"this.style.display='none'\" loading=\"lazy\" \/>\n\t<\/figure>\n\t<p><img loading=\"lazy\" decoding=\"async\" src=\"https:\/\/shrimataji.org\/test\/wp-content\/uploads\/2018\/07\/media_originals\/images\/shri-mataji-portraits\/shri-mataji-nirmala-devi-lane-cove-sydney-australia-722x1024.jpg\" alt=\"\" width=\"722\" height=\"1024\" \/><\/p>\n\t<p><img loading=\"lazy\" decoding=\"async\" src=\"https:\/\/shrimataji.org\/test\/wp-content\/uploads\/2018\/07\/media_originals\/images\/press\/shri-mataji-nirmala-devi-press-portrait-2-1024x681.jpg\" alt=\"\" width=\"1024\" height=\"681\" \/><\/p>\n<p>&nbsp;<\/p>\n<p><img loading=\"lazy\" decoding=\"async\" src=\"https:\/\/shrimataji.org\/test\/wp-content\/uploads\/2018\/07\/media_originals\/images\/press\/shri-mataji-nirmala-devi-press-portrait-3-1024x726.jpg\" alt=\"\" width=\"1024\" height=\"726\" \/><\/p>\n\t<h4>Felhaszn\u00e1l\u00e1si felt\u00e9telek<\/h4>\nFontos inform\u00e1ci\u00f3k a dokumentumok, log\u00f3k \u00e9s f\u00e9nyk\u00e9pek felhaszn\u00e1l\u00e1s\u00e1r\u00f3l:<br \/>\nA fenti f\u00e9nyk\u00e9pek m\u00e1sol\u00e1s\u00e1val vagy b\u00e1rmilyen felhaszn\u00e1l\u00e1s\u00e1val \u00d6n tudom\u00e1sul veszi, hogy elolvasta \u00e9s elfogadja az al\u00e1bbi k\u00e9pfelhaszn\u00e1l\u00e1si meg\u00e1llapod\u00e1st, amely szab\u00e1lyozza a weboldalr\u00f3l sz\u00e1rmaz\u00f3 f\u00e9nyk\u00e9pek felhaszn\u00e1l\u00e1s\u00e1t.\n<p>Ha nem \u00e9rt egyet a Szerz\u0151d\u00e9s felt\u00e9teleivel, ne m\u00e1solja \u00e9s ne haszn\u00e1lja fel a f\u00e9nyk\u00e9pet semmilyen m\u00f3don. Ha b\u00e1rmilyen k\u00e9rd\u00e9se van, k\u00e9rj\u00fck, \u00edrjon nek\u00fcnk a\u00a0<a href=\"mailto:press@shrimataji.org?subject=Contact%20from%20ShriMataji.org%20Press%20Page\">press@shrimataji.org<\/a>\u00a0c\u00edmre.<\/p>\n<h4>Felhaszn\u00e1l\u00e1si szerz\u0151d\u00e9s<\/h4>\n<p>A jelen Szerz\u0151d\u00e9s felt\u00e9teleinek megfelel\u0151en a k\u00e9pet kiz\u00e1r\u00f3lag teljes eg\u00e9sz\u00e9ben felhaszn\u00e1lhatja sajt\u00f3 \u00e9s m\u00e9dia szerkeszt\u0151i c\u00e9lra. Ez a felhaszn\u00e1l\u00e1si jog \u00d6nt illeti, \u00e9s nem ruh\u00e1zhatja \u00e1t harmadik f\u00e9lre. A f\u00e9nyk\u00e9p nem haszn\u00e1lhat\u00f3 fel semmilyen term\u00e9k vagy technol\u00f3gia prom\u00f3ci\u00f3j\u00e1ra vagy \u00e9rt\u00e9kes\u00edt\u00e9s\u00e9re (p\u00e9ld\u00e1ul hirdet\u00e9sekben, bros\u00far\u00e1kban, k\u00f6nyvbor\u00edt\u00f3kon, stock fot\u00f3kon, p\u00f3l\u00f3kon vagy egy\u00e9b prom\u00f3ci\u00f3s \u00e1rukban). A k\u00e9pet semmilyen okb\u00f3l nem v\u00e1ltoztathatja meg vagy m\u00f3dos\u00edthatja, sem eg\u00e9szben, sem r\u00e9szben.<\/p>\n<p>\u00d6n \u00e9s a Shri Mataji Nirmala Devi Vil\u00e1galap\u00edtv\u00e1ny k\u00f6z\u00f6tt &#8211; amely a f\u00e9nyk\u00e9p egyed\u00fcli \u00e9s kiz\u00e1r\u00f3lagos tulajdonosa, \u00e9s az is marad -, kiv\u00e9ve n\u00e9h\u00e1ny kiv\u00e1lasztott esetet, amikor a tulajdonjogot harmadik f\u00e9l tartja meg. \u00d6n nem t\u00f6r\u00f6lheti, nem m\u00f3dos\u00edthatja \u00e9s nem hom\u00e1lyos\u00edthatja el a f\u00e9nyk\u00e9phez kapcsol\u00f3d\u00f3 tulajdonosi feliratokat, \u00e9s minden felhaszn\u00e1l\u00e1sn\u00e1l a k\u00e9p mellett fel kell t\u00fcntetni a megfelel\u0151 tulajdonosi hivatkoz\u00e1st.<\/p>\n<p>Az ezen az oldalon tal\u00e1lhat\u00f3 \u00f6sszes f\u00e9nyk\u00e9p, sz\u00f6veges dokumentum \u00e9s log\u00f3 a Shri Mataji Nirmala Devi World Foundation vagy kiv\u00e1lasztott harmadik felek szerz\u0151i jogv\u00e9delme alatt \u00e1ll.<\/p>\n\t<hr \/>\n<h3>\u00a9 Shri Mataji Nirmala Devi Sahaja Yoga World Foundation, egy non-profit szervezet, amely szerepel a Piemont region\u00e1lis igazs\u00e1g\u00fcgyi nyilv\u00e1ntart\u00e1s\u00e1ban (oltalom alatt \u00e1ll\u00f3 sz\u00e1m: 747)<\/h3>\n\n","protected":false},"excerpt":{"rendered":"<p>Sajt\u00f3 \u00e9s m\u00e9dia Dokumentumok V\u00e1lassz ki egy let\u00f6ltend\u0151 dokumentumot: Shri Mataji Nirmala Devi: R\u00f6vid \u00e9letrajz \u00e9s d\u00edjlista Sahaja j\u00f3ga medit\u00e1ci\u00f3: \u00c1ttekint\u00e9s Bros\u00fara H H Shri Mataji Nirmala Devir\u0151l Cikkek: Shri Mataji Nirmala Devi sz\u00fclet\u00e9s\u00e9nek 100. \u00e9vfordul\u00f3ja A Sahaja J\u00f3ga 50. \u00e9vfordul\u00f3ja Nemzetk\u00f6zi J\u00f3ganap, 2015. j\u00fanius 21-ike M\u00e1jus 5-e, az \u00d6nmegval\u00f3sul\u00e1s Vil\u00e1gnapja Shri Mataji Nirmala Devi&hellip; <br \/> <a class=\"read-more\" href=\"https:\/\/shrimataji.org\/test\/hu\/press\/\">Read more<\/a><\/p>\n","protected":false},"author":1,"featured_media":19221,"parent":0,"menu_order":0,"comment_status":"closed","ping_status":"closed","template":"","meta":{"inline_featured_image":false,"footnotes":""},"class_list":["post-19538","page","type-page","status-publish","has-post-thumbnail","hentry"],"yoast_head":"<!-- This site is optimized with the Yoast SEO plugin v27.4 - https:\/\/yoast.com\/product\/yoast-seo-wordpress\/ -->\n<title>Sajt\u00f3 \u00e9s m\u00e9dia - TEST - SMND<\/title>\n<meta name=\"robots\" content=\"noindex, follow, max-snippet:-1, max-image-preview:large, max-video-preview:-1\" \/>\n<meta property=\"og:locale\" content=\"en_US\" \/>\n<meta property=\"og:type\" content=\"article\" \/>\n<meta property=\"og:title\" content=\"Sajt\u00f3 \u00e9s m\u00e9dia - TEST - SMND\" \/>\n<meta property=\"og:description\" content=\"Sajt\u00f3 \u00e9s m\u00e9dia Dokumentumok V\u00e1lassz ki egy let\u00f6ltend\u0151 dokumentumot: Shri Mataji Nirmala Devi: R\u00f6vid \u00e9letrajz \u00e9s d\u00edjlista Sahaja j\u00f3ga medit\u00e1ci\u00f3: \u00c1ttekint\u00e9s Bros\u00fara H H Shri Mataji Nirmala Devir\u0151l Cikkek: Shri Mataji Nirmala Devi sz\u00fclet\u00e9s\u00e9nek 100. \u00e9vfordul\u00f3ja A Sahaja J\u00f3ga 50. \u00e9vfordul\u00f3ja Nemzetk\u00f6zi J\u00f3ganap, 2015. j\u00fanius 21-ike M\u00e1jus 5-e, az \u00d6nmegval\u00f3sul\u00e1s Vil\u00e1gnapja Shri Mataji Nirmala Devi&hellip; Read more\" \/>\n<meta property=\"og:url\" content=\"https:\/\/shrimataji.org\/test\/hu\/press\/\" \/>\n<meta property=\"og:site_name\" content=\"TEST - SMND\" \/>\n<meta property=\"article:publisher\" content=\"https:\/\/www.facebook.com\/shrimataji\" \/>\n<meta property=\"article:modified_time\" content=\"2026-04-12T11:33:30+00:00\" \/>\n<meta property=\"og:image\" content=\"https:\/\/shrimataji.org\/test\/wp-content\/uploads\/2023\/03\/Banner-Footer-Castle-1-scaled.jpg\" \/>\n\t<meta property=\"og:image:width\" content=\"2560\" \/>\n\t<meta property=\"og:image:height\" content=\"905\" \/>\n\t<meta property=\"og:image:type\" content=\"image\/jpeg\" \/>\n<meta name=\"twitter:card\" content=\"summary_large_image\" \/>\n<meta name=\"twitter:site\" content=\"@shrimataji\" \/>\n<meta name=\"twitter:label1\" content=\"Est. reading time\" \/>\n\t<meta name=\"twitter:data1\" content=\"3 minutes\" \/>\n<script type=\"application\/ld+json\" class=\"yoast-schema-graph\">{\"@context\":\"https:\\\/\\\/schema.org\",\"@graph\":[{\"@type\":\"WebPage\",\"@id\":\"https:\\\/\\\/shrimataji.org\\\/test\\\/hu\\\/press\\\/\",\"url\":\"https:\\\/\\\/shrimataji.org\\\/test\\\/hu\\\/press\\\/\",\"name\":\"Sajt\u00f3 \u00e9s m\u00e9dia - TEST - SMND\",\"isPartOf\":{\"@id\":\"https:\\\/\\\/shrimataji.org\\\/test\\\/#website\"},\"primaryImageOfPage\":{\"@id\":\"https:\\\/\\\/shrimataji.org\\\/test\\\/hu\\\/press\\\/#primaryimage\"},\"image\":{\"@id\":\"https:\\\/\\\/shrimataji.org\\\/test\\\/hu\\\/press\\\/#primaryimage\"},\"thumbnailUrl\":\"https:\\\/\\\/shrimataji.org\\\/test\\\/wp-content\\\/uploads\\\/2023\\\/03\\\/Banner-Footer-Castle-1-scaled.jpg\",\"datePublished\":\"2015-11-02T21:00:00+00:00\",\"dateModified\":\"2026-04-12T11:33:30+00:00\",\"breadcrumb\":{\"@id\":\"https:\\\/\\\/shrimataji.org\\\/test\\\/hu\\\/press\\\/#breadcrumb\"},\"inLanguage\":\"en-US\",\"potentialAction\":[{\"@type\":\"ReadAction\",\"target\":[\"https:\\\/\\\/shrimataji.org\\\/test\\\/hu\\\/press\\\/\"]}]},{\"@type\":\"ImageObject\",\"inLanguage\":\"en-US\",\"@id\":\"https:\\\/\\\/shrimataji.org\\\/test\\\/hu\\\/press\\\/#primaryimage\",\"url\":\"https:\\\/\\\/shrimataji.org\\\/test\\\/wp-content\\\/uploads\\\/2023\\\/03\\\/Banner-Footer-Castle-1-scaled.jpg\",\"contentUrl\":\"https:\\\/\\\/shrimataji.org\\\/test\\\/wp-content\\\/uploads\\\/2023\\\/03\\\/Banner-Footer-Castle-1-scaled.jpg\",\"width\":2560,\"height\":905},{\"@type\":\"BreadcrumbList\",\"@id\":\"https:\\\/\\\/shrimataji.org\\\/test\\\/hu\\\/press\\\/#breadcrumb\",\"itemListElement\":[{\"@type\":\"ListItem\",\"position\":1,\"name\":\"Home\",\"item\":\"https:\\\/\\\/shrimataji.org\\\/test\\\/uk\\\/home-en\\\/\"},{\"@type\":\"ListItem\",\"position\":2,\"name\":\"Sajt\u00f3 \u00e9s m\u00e9dia\"}]},{\"@type\":\"WebSite\",\"@id\":\"https:\\\/\\\/shrimataji.org\\\/test\\\/#website\",\"url\":\"https:\\\/\\\/shrimataji.org\\\/test\\\/\",\"name\":\"Shri Mataji Nirmala Devi\",\"description\":\"A Life Dedicated to Humanity\",\"publisher\":{\"@id\":\"https:\\\/\\\/shrimataji.org\\\/test\\\/#\\\/schema\\\/person\\\/a1b3419c6585f164aa96da1ff85715d1\"},\"potentialAction\":[{\"@type\":\"SearchAction\",\"target\":{\"@type\":\"EntryPoint\",\"urlTemplate\":\"https:\\\/\\\/shrimataji.org\\\/test\\\/?s={search_term_string}\"},\"query-input\":{\"@type\":\"PropertyValueSpecification\",\"valueRequired\":true,\"valueName\":\"search_term_string\"}}],\"inLanguage\":\"en-US\"},{\"@type\":[\"Person\",\"Organization\"],\"@id\":\"https:\\\/\\\/shrimataji.org\\\/test\\\/#\\\/schema\\\/person\\\/a1b3419c6585f164aa96da1ff85715d1\",\"name\":\"Nirmala Shrivastava\",\"image\":{\"@type\":\"ImageObject\",\"inLanguage\":\"en-US\",\"@id\":\"https:\\\/\\\/shrimataji.org\\\/test\\\/wp-content\\\/uploads\\\/2023\\\/02\\\/SMO_LOGO-03.svg\",\"url\":\"https:\\\/\\\/shrimataji.org\\\/test\\\/wp-content\\\/uploads\\\/2023\\\/02\\\/SMO_LOGO-03.svg\",\"contentUrl\":\"https:\\\/\\\/shrimataji.org\\\/test\\\/wp-content\\\/uploads\\\/2023\\\/02\\\/SMO_LOGO-03.svg\",\"width\":\"1024\",\"height\":\"1024\",\"caption\":\"Nirmala Shrivastava\"},\"logo\":{\"@id\":\"https:\\\/\\\/shrimataji.org\\\/test\\\/wp-content\\\/uploads\\\/2023\\\/02\\\/SMO_LOGO-03.svg\"},\"sameAs\":[\"https:\\\/\\\/shrimataji.org\\\/test\",\"https:\\\/\\\/www.facebook.com\\\/shrimataji\",\"https:\\\/\\\/x.com\\\/shrimataji\",\"https:\\\/\\\/www.youtube.com\\\/@Shri_Mataji_Nirmala_Devi\\\/featured\"]}]}<\/script>\n<!-- \/ Yoast SEO plugin. -->","yoast_head_json":{"title":"Sajt\u00f3 \u00e9s m\u00e9dia - TEST - SMND","robots":{"index":"noindex","follow":"follow","max-snippet":"max-snippet:-1","max-image-preview":"max-image-preview:large","max-video-preview":"max-video-preview:-1"},"og_locale":"en_US","og_type":"article","og_title":"Sajt\u00f3 \u00e9s m\u00e9dia - TEST - SMND","og_description":"Sajt\u00f3 \u00e9s m\u00e9dia Dokumentumok V\u00e1lassz ki egy let\u00f6ltend\u0151 dokumentumot: Shri Mataji Nirmala Devi: R\u00f6vid \u00e9letrajz \u00e9s d\u00edjlista Sahaja j\u00f3ga medit\u00e1ci\u00f3: \u00c1ttekint\u00e9s Bros\u00fara H H Shri Mataji Nirmala Devir\u0151l Cikkek: Shri Mataji Nirmala Devi sz\u00fclet\u00e9s\u00e9nek 100. \u00e9vfordul\u00f3ja A Sahaja J\u00f3ga 50. \u00e9vfordul\u00f3ja Nemzetk\u00f6zi J\u00f3ganap, 2015. j\u00fanius 21-ike M\u00e1jus 5-e, az \u00d6nmegval\u00f3sul\u00e1s Vil\u00e1gnapja Shri Mataji Nirmala Devi&hellip; Read more","og_url":"https:\/\/shrimataji.org\/test\/hu\/press\/","og_site_name":"TEST - SMND","article_publisher":"https:\/\/www.facebook.com\/shrimataji","article_modified_time":"2026-04-12T11:33:30+00:00","og_image":[{"width":2560,"height":905,"url":"https:\/\/shrimataji.org\/test\/wp-content\/uploads\/2023\/03\/Banner-Footer-Castle-1-scaled.jpg","type":"image\/jpeg"}],"twitter_card":"summary_large_image","twitter_site":"@shrimataji","twitter_misc":{"Est. reading time":"3 minutes"},"schema":{"@context":"https:\/\/schema.org","@graph":[{"@type":"WebPage","@id":"https:\/\/shrimataji.org\/test\/hu\/press\/","url":"https:\/\/shrimataji.org\/test\/hu\/press\/","name":"Sajt\u00f3 \u00e9s m\u00e9dia - TEST - SMND","isPartOf":{"@id":"https:\/\/shrimataji.org\/test\/#website"},"primaryImageOfPage":{"@id":"https:\/\/shrimataji.org\/test\/hu\/press\/#primaryimage"},"image":{"@id":"https:\/\/shrimataji.org\/test\/hu\/press\/#primaryimage"},"thumbnailUrl":"https:\/\/shrimataji.org\/test\/wp-content\/uploads\/2023\/03\/Banner-Footer-Castle-1-scaled.jpg","datePublished":"2015-11-02T21:00:00+00:00","dateModified":"2026-04-12T11:33:30+00:00","breadcrumb":{"@id":"https:\/\/shrimataji.org\/test\/hu\/press\/#breadcrumb"},"inLanguage":"en-US","potentialAction":[{"@type":"ReadAction","target":["https:\/\/shrimataji.org\/test\/hu\/press\/"]}]},{"@type":"ImageObject","inLanguage":"en-US","@id":"https:\/\/shrimataji.org\/test\/hu\/press\/#primaryimage","url":"https:\/\/shrimataji.org\/test\/wp-content\/uploads\/2023\/03\/Banner-Footer-Castle-1-scaled.jpg","contentUrl":"https:\/\/shrimataji.org\/test\/wp-content\/uploads\/2023\/03\/Banner-Footer-Castle-1-scaled.jpg","width":2560,"height":905},{"@type":"BreadcrumbList","@id":"https:\/\/shrimataji.org\/test\/hu\/press\/#breadcrumb","itemListElement":[{"@type":"ListItem","position":1,"name":"Home","item":"https:\/\/shrimataji.org\/test\/uk\/home-en\/"},{"@type":"ListItem","position":2,"name":"Sajt\u00f3 \u00e9s m\u00e9dia"}]},{"@type":"WebSite","@id":"https:\/\/shrimataji.org\/test\/#website","url":"https:\/\/shrimataji.org\/test\/","name":"Shri Mataji Nirmala Devi","description":"A Life Dedicated to Humanity","publisher":{"@id":"https:\/\/shrimataji.org\/test\/#\/schema\/person\/a1b3419c6585f164aa96da1ff85715d1"},"potentialAction":[{"@type":"SearchAction","target":{"@type":"EntryPoint","urlTemplate":"https:\/\/shrimataji.org\/test\/?s={search_term_string}"},"query-input":{"@type":"PropertyValueSpecification","valueRequired":true,"valueName":"search_term_string"}}],"inLanguage":"en-US"},{"@type":["Person","Organization"],"@id":"https:\/\/shrimataji.org\/test\/#\/schema\/person\/a1b3419c6585f164aa96da1ff85715d1","name":"Nirmala Shrivastava","image":{"@type":"ImageObject","inLanguage":"en-US","@id":"https:\/\/shrimataji.org\/test\/wp-content\/uploads\/2023\/02\/SMO_LOGO-03.svg","url":"https:\/\/shrimataji.org\/test\/wp-content\/uploads\/2023\/02\/SMO_LOGO-03.svg","contentUrl":"https:\/\/shrimataji.org\/test\/wp-content\/uploads\/2023\/02\/SMO_LOGO-03.svg","width":"1024","height":"1024","caption":"Nirmala Shrivastava"},"logo":{"@id":"https:\/\/shrimataji.org\/test\/wp-content\/uploads\/2023\/02\/SMO_LOGO-03.svg"},"sameAs":["https:\/\/shrimataji.org\/test","https:\/\/www.facebook.com\/shrimataji","https:\/\/x.com\/shrimataji","https:\/\/www.youtube.com\/@Shri_Mataji_Nirmala_Devi\/featured"]}]}},"lang":"hu","translations":{"hu":19538,"en":426,"am":18054,"th":20025,"sq":18455,"zh":17352,"hi":8501,"tr":10195,"pt":10405,"de":10679,"fr":10777,"it":10875,"es":10972,"ja":11269,"ru":11457,"bn":11649,"te":11757,"sw":11880,"he":12028,"el":12320,"fa":12516,"fi":12614,"bg":13488,"ro":14563,"cs":14756,"nl":16615,"ku":16775,"ar":16951,"be":18662,"kn":18936,"mr":20389,"uk":20683,"ml":20978,"ta":22773,"sv":23043,"pa":29047,"fil":29491},"pll_sync_post":[],"_links":{"self":[{"href":"https:\/\/shrimataji.org\/test\/wp-json\/wp\/v2\/pages\/19538","targetHints":{"allow":["GET"]}}],"collection":[{"href":"https:\/\/shrimataji.org\/test\/wp-json\/wp\/v2\/pages"}],"about":[{"href":"https:\/\/shrimataji.org\/test\/wp-json\/wp\/v2\/types\/page"}],"author":[{"embeddable":true,"href":"https:\/\/shrimataji.org\/test\/wp-json\/wp\/v2\/users\/1"}],"replies":[{"embeddable":true,"href":"https:\/\/shrimataji.org\/test\/wp-json\/wp\/v2\/comments?post=19538"}],"version-history":[{"count":0,"href":"https:\/\/shrimataji.org\/test\/wp-json\/wp\/v2\/pages\/19538\/revisions"}],"wp:featuredmedia":[{"embeddable":true,"href":"https:\/\/shrimataji.org\/test\/wp-json\/wp\/v2\/media\/19221"}],"wp:attachment":[{"href":"https:\/\/shrimataji.org\/test\/wp-json\/wp\/v2\/media?parent=19538"}],"curies":[{"name":"wp","href":"https:\/\/api.w.org\/{rel}","templated":true}]}}