{"id":19542,"date":"2018-07-10T06:54:50","date_gmt":"2018-07-10T06:54:50","guid":{"rendered":"http:\/\/testwordpress.nirmalnagari.org\/smnd\/index.php\/public-life\/"},"modified":"2026-04-21T18:46:11","modified_gmt":"2026-04-21T18:46:11","slug":"public-life","status":"publish","type":"page","link":"https:\/\/shrimataji.org\/test\/hu\/public-life\/","title":{"rendered":"K\u00f6z\u00e9let"},"content":{"rendered":"\n\n\t<h1>K\u00f6z\u00e9let<\/h1>\n<h2>A vil\u00e1g minden t\u00e1j\u00e1ra elvitte<\/h2>\n\t<h4>Miut\u00e1n gyermekei feln\u0151ttek \u00e9s letelepedtek, Nirmala Srivastava t\u00f6bb figyelmet \u00e9s id\u00f6t tudott ford\u00edtani a k\u00f6z\u00e9letre. M\u00edg f\u00e9rje az ENSZ Nemzetk\u00f6zi Tenger\u00e9szeti Szervezet\u00e9t vezette Londonban, addig \u0151 egy kis csoporttal megkezdte spiritu\u00e1lis munk\u00e1j\u00e1t. Emellett elkezdte az orsz\u00e1got j\u00e1rni, el\u0151ad\u00e1sokat tartani, \u00e9s az \u00f6nmegval\u00f3sul\u00e1s \u00e9lm\u00e9ny\u00e9t is megadta. Nirmala hamarosan a Shri Mataji tiszteletbeli c\u00edmet kapta, ami \u201eTisztelt Anya&#8221;-t jelent, mivel a k\u00f6r\u00fcl\u00f6tte l\u00e9v\u0151k felismert\u00e9k kiv\u00e9teles spiritu\u00e1lis \u00e9s anyai tulajdons\u00e1gait.<\/h4>\n\t<p>Soha nem k\u00e9rt p\u00e9nzt ezek\u00e9rt az el\u0151ad\u00e1sok\u00e9rt, sem az \u00f6nmegval\u00f3sul\u00e1s\u00e9rt, ragaszkodva ahhoz, hogy a minden emberben szunnyad\u00f3 spiritu\u00e1lis energia fel\u00e9breszt\u00e9se sz\u00fclet\u00e9si jog, ez\u00e9rt nem lehet fizetni \u00e9rte. A Shri Mataji \u00e1ltal kifejlesztett \u00f6nmegval\u00f3sul\u00e1s r\u00e9v\u00e9n el\u00e9rhet\u0151 medit\u00e1ci\u00f3s \u00e1llapot m\u00f3dszer\u00e9t <a href=\"\/site\/sahaja-yoga.html\" target=\"_blank\" rel=\"noopener\">Sahaja J\u00f3g\u00e1nak<\/a>\u00a0nevezt\u00e9k. Er\u0151fesz\u00edt\u00e9seit el\u0151sz\u00f6r az Egyes\u00fclt Kir\u00e1lys\u00e1gra \u00f6sszpontos\u00edtotta, \u00fczenet\u00e9t kis- \u00e9s nagyv\u00e1rosok k\u00f6z\u00f6ns\u00e9g\u00e9hez vitte el. Az eg\u00e9sz orsz\u00e1gban utazott, r\u00e1di\u00f3- \u00e9s telev\u00edzi\u00f3interj\u00fakat adott, el\u0151ad\u00e1sokat tartott nyilv\u00e1nos termekben, melyek ut\u00e1n \u00f3r\u00e1kig maradt a k\u00f6z\u00f6ns\u00e9g soraib\u00f3l sz\u00e1rmaz\u00f3 egy\u00e9nekkel tal\u00e1lkozva, t\u00fcrelmesen meghallgatva t\u00f6rt\u00e9neteiket \u00e9s probl\u00e9m\u00e1ikat, \u00e9s tan\u00e1csokat adva.<\/p>\n\t\t<iframe loading=\"lazy\" title=\"The Time For Realization Is Now\" width=\"1920\" height=\"1080\" src=\"https:\/\/www.youtube.com\/embed\/4X6QxLepxT0?feature=oembed\" frameborder=\"0\" allow=\"accelerometer; autoplay; clipboard-write; encrypted-media; gyroscope; picture-in-picture; web-share\" allowfullscreen><\/iframe>\t\n\t<p>Ez v\u00e1lt 1980-as \u00e9vekben mint\u00e1v\u00e1, amikor Shri Mataji elkezdett Eur\u00f3p\u00e1ban, Ausztr\u00e1li\u00e1ban \u00e9s \u00c9szak-Amerik\u00e1ban utazni. Ingyenesen oktatta a Sahaja J\u00f3g\u00e1t minden \u00e9rdekl\u0151d\u0151nek, valamint \u00e9l\u00e9nk vit\u00e1kban \u00e9s k\u00e9rd\u00e9s-felelek tal\u00e1lkoz\u00f3kon vett r\u00e9szt, amelyeken a spiritualit\u00e1s modern kori szerepe volt a t\u00e9ma.<\/p>\n<p>Az 1990-es \u00e9vekben utaz\u00e1sai kiterjedtek D\u00e9l-Amerik\u00e1ra, Kelet-Eur\u00f3p\u00e1ra, \u00c1zsi\u00e1ra \u00e9s a Csendes-\u00f3ce\u00e1n t\u00e9rs\u00e9g\u00e9re.<\/p>\n<p>Sz\u00e1mos <a href=\"\/awards\/\" target=\"_blank\" rel=\"noopener\">tiszteletbeli d\u00edjat \u00e9s doktori c\u00edmet<\/a> adom\u00e1nyozott neki sz\u00e1mos int\u00e9zm\u00e9ny a vil\u00e1g minden t\u00e1j\u00e1r\u00f3l. 1995-ben besz\u00e9det mondott a <a href=\"\/un-womens-conference\/\" target=\"_blank\" rel=\"noopener\">N\u0151k Negyedik Vil\u00e1gkonferenci\u00e1j\u00e1n Pekingben<\/a>. Az Egyes\u00fclt Nemzetek Szervezet\u00e9ben a vil\u00e1gb\u00e9k\u00e9r\u0151l is besz\u00e9lt.<\/p>\n<figure itemscope itemtype=\"https:\/\/schema.org\/ImageObject\">\n\t\t\t\t<img decoding=\"async\" src=\"https:\/\/shrimataji.org\/test\/wp-content\/uploads\/2018\/11\/shri-mataji-greeting-the-queen-2.jpg\" alt=\"\u0160ri Matad\u017ei s kr\u00e1\u013eovnou Al\u017ebetou II\" height=\"320\" width=\"460\" title=\"shri-mataji-greeting-the-queen-2\" onerror=\"this.style.display='none'\" loading=\"lazy\" \/>\n\t\t<figcaption>Shri Mataji II. Erzs\u00e9bet kir\u00e1lyn\u0151vel<\/figcaption>\n\t<\/figure>\n\t<p>1997-ben Claes Nobel csod\u00e1lat\u00e1t fejezte ki Shri Mataji \u00e9s a Sahaja J\u00f3ga ir\u00e1nt, amelyeket &#8220;a j\u00f3 \u00e9s a rossz megk\u00fcl\u00f6nb\u00f6ztet\u00e9s\u00e9nek hivatkoz\u00e1si pontjak\u00e9nt&#8221;, valamint &#8220;az emberis\u00e9g rem\u00e9nyforr\u00e1sak\u00e9nt&#8221; nevezett.<\/p>\n\t<div class=\"su-quote su-quote-style-default\"><div class=\"su-quote-inner su-u-clearfix su-u-trim\">A nyeres\u00e9g a b\u00e9ke, amit el\u00e9rt\u00e9l, a szeretet, amit kifejlesztett\u00e9l, az egy\u00fctt\u00e9rz\u00e9s, amit \u00e1rasztani tudsz, a kapcsolatok mennyis\u00e9ge \u00e9s az \u00f6sszhang, amit m\u00e1sokkal ki tudsz alak\u00edtani.<\/div><\/div>\n\n","protected":false},"excerpt":{"rendered":"<p>K\u00f6z\u00e9let A vil\u00e1g minden t\u00e1j\u00e1ra elvitte Miut\u00e1n gyermekei feln\u0151ttek \u00e9s letelepedtek, Nirmala Srivastava t\u00f6bb figyelmet \u00e9s id\u00f6t tudott ford\u00edtani a k\u00f6z\u00e9letre. M\u00edg f\u00e9rje az ENSZ Nemzetk\u00f6zi Tenger\u00e9szeti Szervezet\u00e9t vezette Londonban, addig \u0151 egy kis csoporttal megkezdte spiritu\u00e1lis munk\u00e1j\u00e1t. Emellett elkezdte az orsz\u00e1got j\u00e1rni, el\u0151ad\u00e1sokat tartani, \u00e9s az \u00f6nmegval\u00f3sul\u00e1s \u00e9lm\u00e9ny\u00e9t is megadta. Nirmala hamarosan a Shri&hellip; <br \/> <a class=\"read-more\" href=\"https:\/\/shrimataji.org\/test\/hu\/public-life\/\">Read more<\/a><\/p>\n","protected":false},"author":1,"featured_media":19303,"parent":0,"menu_order":0,"comment_status":"closed","ping_status":"closed","template":"","meta":{"inline_featured_image":false,"footnotes":""},"class_list":["post-19542","page","type-page","status-publish","has-post-thumbnail","hentry"],"yoast_head":"<!-- This site is optimized with the Yoast SEO plugin v27.4 - https:\/\/yoast.com\/product\/yoast-seo-wordpress\/ -->\n<title>K\u00f6z\u00e9let - TEST - SMND<\/title>\n<meta name=\"robots\" content=\"noindex, follow, max-snippet:-1, max-image-preview:large, max-video-preview:-1\" \/>\n<meta property=\"og:locale\" content=\"en_US\" \/>\n<meta property=\"og:type\" content=\"article\" \/>\n<meta property=\"og:title\" content=\"K\u00f6z\u00e9let - TEST - SMND\" \/>\n<meta property=\"og:description\" content=\"K\u00f6z\u00e9let A vil\u00e1g minden t\u00e1j\u00e1ra elvitte Miut\u00e1n gyermekei feln\u0151ttek \u00e9s letelepedtek, Nirmala Srivastava t\u00f6bb figyelmet \u00e9s id\u00f6t tudott ford\u00edtani a k\u00f6z\u00e9letre. M\u00edg f\u00e9rje az ENSZ Nemzetk\u00f6zi Tenger\u00e9szeti Szervezet\u00e9t vezette Londonban, addig \u0151 egy kis csoporttal megkezdte spiritu\u00e1lis munk\u00e1j\u00e1t. Emellett elkezdte az orsz\u00e1got j\u00e1rni, el\u0151ad\u00e1sokat tartani, \u00e9s az \u00f6nmegval\u00f3sul\u00e1s \u00e9lm\u00e9ny\u00e9t is megadta. Nirmala hamarosan a Shri&hellip; Read more\" \/>\n<meta property=\"og:url\" content=\"https:\/\/shrimataji.org\/test\/hu\/public-life\/\" \/>\n<meta property=\"og:site_name\" content=\"TEST - SMND\" \/>\n<meta property=\"article:publisher\" content=\"https:\/\/www.facebook.com\/shrimataji\" \/>\n<meta property=\"article:modified_time\" content=\"2026-04-21T18:46:11+00:00\" \/>\n<meta property=\"og:image\" content=\"https:\/\/shrimataji.org\/test\/wp-content\/uploads\/2023\/03\/9_Banner-PublicLife-2-scaled.jpg\" \/>\n\t<meta property=\"og:image:width\" content=\"2560\" \/>\n\t<meta property=\"og:image:height\" content=\"905\" \/>\n\t<meta property=\"og:image:type\" content=\"image\/jpeg\" \/>\n<meta name=\"twitter:card\" content=\"summary_large_image\" \/>\n<meta name=\"twitter:site\" content=\"@shrimataji\" \/>\n<meta name=\"twitter:label1\" content=\"Est. reading time\" \/>\n\t<meta name=\"twitter:data1\" content=\"2 minutes\" \/>\n<script type=\"application\/ld+json\" class=\"yoast-schema-graph\">{\"@context\":\"https:\\\/\\\/schema.org\",\"@graph\":[{\"@type\":\"WebPage\",\"@id\":\"https:\\\/\\\/shrimataji.org\\\/test\\\/hu\\\/public-life\\\/\",\"url\":\"https:\\\/\\\/shrimataji.org\\\/test\\\/hu\\\/public-life\\\/\",\"name\":\"K\u00f6z\u00e9let - TEST - SMND\",\"isPartOf\":{\"@id\":\"https:\\\/\\\/shrimataji.org\\\/test\\\/#website\"},\"primaryImageOfPage\":{\"@id\":\"https:\\\/\\\/shrimataji.org\\\/test\\\/hu\\\/public-life\\\/#primaryimage\"},\"image\":{\"@id\":\"https:\\\/\\\/shrimataji.org\\\/test\\\/hu\\\/public-life\\\/#primaryimage\"},\"thumbnailUrl\":\"https:\\\/\\\/shrimataji.org\\\/test\\\/wp-content\\\/uploads\\\/2023\\\/03\\\/9_Banner-PublicLife-2-scaled.jpg\",\"datePublished\":\"2018-07-10T06:54:50+00:00\",\"dateModified\":\"2026-04-21T18:46:11+00:00\",\"breadcrumb\":{\"@id\":\"https:\\\/\\\/shrimataji.org\\\/test\\\/hu\\\/public-life\\\/#breadcrumb\"},\"inLanguage\":\"en-US\",\"potentialAction\":[{\"@type\":\"ReadAction\",\"target\":[\"https:\\\/\\\/shrimataji.org\\\/test\\\/hu\\\/public-life\\\/\"]}]},{\"@type\":\"ImageObject\",\"inLanguage\":\"en-US\",\"@id\":\"https:\\\/\\\/shrimataji.org\\\/test\\\/hu\\\/public-life\\\/#primaryimage\",\"url\":\"https:\\\/\\\/shrimataji.org\\\/test\\\/wp-content\\\/uploads\\\/2023\\\/03\\\/9_Banner-PublicLife-2-scaled.jpg\",\"contentUrl\":\"https:\\\/\\\/shrimataji.org\\\/test\\\/wp-content\\\/uploads\\\/2023\\\/03\\\/9_Banner-PublicLife-2-scaled.jpg\",\"width\":2560,\"height\":905},{\"@type\":\"BreadcrumbList\",\"@id\":\"https:\\\/\\\/shrimataji.org\\\/test\\\/hu\\\/public-life\\\/#breadcrumb\",\"itemListElement\":[{\"@type\":\"ListItem\",\"position\":1,\"name\":\"Home\",\"item\":\"https:\\\/\\\/shrimataji.org\\\/test\\\/uk\\\/home-en\\\/\"},{\"@type\":\"ListItem\",\"position\":2,\"name\":\"K\u00f6z\u00e9let\"}]},{\"@type\":\"WebSite\",\"@id\":\"https:\\\/\\\/shrimataji.org\\\/test\\\/#website\",\"url\":\"https:\\\/\\\/shrimataji.org\\\/test\\\/\",\"name\":\"Shri Mataji Nirmala Devi\",\"description\":\"A Life Dedicated to Humanity\",\"publisher\":{\"@id\":\"https:\\\/\\\/shrimataji.org\\\/test\\\/#\\\/schema\\\/person\\\/a1b3419c6585f164aa96da1ff85715d1\"},\"potentialAction\":[{\"@type\":\"SearchAction\",\"target\":{\"@type\":\"EntryPoint\",\"urlTemplate\":\"https:\\\/\\\/shrimataji.org\\\/test\\\/?s={search_term_string}\"},\"query-input\":{\"@type\":\"PropertyValueSpecification\",\"valueRequired\":true,\"valueName\":\"search_term_string\"}}],\"inLanguage\":\"en-US\"},{\"@type\":[\"Person\",\"Organization\"],\"@id\":\"https:\\\/\\\/shrimataji.org\\\/test\\\/#\\\/schema\\\/person\\\/a1b3419c6585f164aa96da1ff85715d1\",\"name\":\"Nirmala Shrivastava\",\"image\":{\"@type\":\"ImageObject\",\"inLanguage\":\"en-US\",\"@id\":\"https:\\\/\\\/shrimataji.org\\\/test\\\/wp-content\\\/uploads\\\/2023\\\/02\\\/SMO_LOGO-03.svg\",\"url\":\"https:\\\/\\\/shrimataji.org\\\/test\\\/wp-content\\\/uploads\\\/2023\\\/02\\\/SMO_LOGO-03.svg\",\"contentUrl\":\"https:\\\/\\\/shrimataji.org\\\/test\\\/wp-content\\\/uploads\\\/2023\\\/02\\\/SMO_LOGO-03.svg\",\"width\":\"1024\",\"height\":\"1024\",\"caption\":\"Nirmala Shrivastava\"},\"logo\":{\"@id\":\"https:\\\/\\\/shrimataji.org\\\/test\\\/wp-content\\\/uploads\\\/2023\\\/02\\\/SMO_LOGO-03.svg\"},\"sameAs\":[\"https:\\\/\\\/shrimataji.org\\\/test\",\"https:\\\/\\\/www.facebook.com\\\/shrimataji\",\"https:\\\/\\\/x.com\\\/shrimataji\",\"https:\\\/\\\/www.youtube.com\\\/@Shri_Mataji_Nirmala_Devi\\\/featured\"]}]}<\/script>\n<!-- \/ Yoast SEO plugin. -->","yoast_head_json":{"title":"K\u00f6z\u00e9let - TEST - SMND","robots":{"index":"noindex","follow":"follow","max-snippet":"max-snippet:-1","max-image-preview":"max-image-preview:large","max-video-preview":"max-video-preview:-1"},"og_locale":"en_US","og_type":"article","og_title":"K\u00f6z\u00e9let - TEST - SMND","og_description":"K\u00f6z\u00e9let A vil\u00e1g minden t\u00e1j\u00e1ra elvitte Miut\u00e1n gyermekei feln\u0151ttek \u00e9s letelepedtek, Nirmala Srivastava t\u00f6bb figyelmet \u00e9s id\u00f6t tudott ford\u00edtani a k\u00f6z\u00e9letre. M\u00edg f\u00e9rje az ENSZ Nemzetk\u00f6zi Tenger\u00e9szeti Szervezet\u00e9t vezette Londonban, addig \u0151 egy kis csoporttal megkezdte spiritu\u00e1lis munk\u00e1j\u00e1t. Emellett elkezdte az orsz\u00e1got j\u00e1rni, el\u0151ad\u00e1sokat tartani, \u00e9s az \u00f6nmegval\u00f3sul\u00e1s \u00e9lm\u00e9ny\u00e9t is megadta. Nirmala hamarosan a Shri&hellip; Read more","og_url":"https:\/\/shrimataji.org\/test\/hu\/public-life\/","og_site_name":"TEST - SMND","article_publisher":"https:\/\/www.facebook.com\/shrimataji","article_modified_time":"2026-04-21T18:46:11+00:00","og_image":[{"width":2560,"height":905,"url":"https:\/\/shrimataji.org\/test\/wp-content\/uploads\/2023\/03\/9_Banner-PublicLife-2-scaled.jpg","type":"image\/jpeg"}],"twitter_card":"summary_large_image","twitter_site":"@shrimataji","twitter_misc":{"Est. reading time":"2 minutes"},"schema":{"@context":"https:\/\/schema.org","@graph":[{"@type":"WebPage","@id":"https:\/\/shrimataji.org\/test\/hu\/public-life\/","url":"https:\/\/shrimataji.org\/test\/hu\/public-life\/","name":"K\u00f6z\u00e9let - TEST - SMND","isPartOf":{"@id":"https:\/\/shrimataji.org\/test\/#website"},"primaryImageOfPage":{"@id":"https:\/\/shrimataji.org\/test\/hu\/public-life\/#primaryimage"},"image":{"@id":"https:\/\/shrimataji.org\/test\/hu\/public-life\/#primaryimage"},"thumbnailUrl":"https:\/\/shrimataji.org\/test\/wp-content\/uploads\/2023\/03\/9_Banner-PublicLife-2-scaled.jpg","datePublished":"2018-07-10T06:54:50+00:00","dateModified":"2026-04-21T18:46:11+00:00","breadcrumb":{"@id":"https:\/\/shrimataji.org\/test\/hu\/public-life\/#breadcrumb"},"inLanguage":"en-US","potentialAction":[{"@type":"ReadAction","target":["https:\/\/shrimataji.org\/test\/hu\/public-life\/"]}]},{"@type":"ImageObject","inLanguage":"en-US","@id":"https:\/\/shrimataji.org\/test\/hu\/public-life\/#primaryimage","url":"https:\/\/shrimataji.org\/test\/wp-content\/uploads\/2023\/03\/9_Banner-PublicLife-2-scaled.jpg","contentUrl":"https:\/\/shrimataji.org\/test\/wp-content\/uploads\/2023\/03\/9_Banner-PublicLife-2-scaled.jpg","width":2560,"height":905},{"@type":"BreadcrumbList","@id":"https:\/\/shrimataji.org\/test\/hu\/public-life\/#breadcrumb","itemListElement":[{"@type":"ListItem","position":1,"name":"Home","item":"https:\/\/shrimataji.org\/test\/uk\/home-en\/"},{"@type":"ListItem","position":2,"name":"K\u00f6z\u00e9let"}]},{"@type":"WebSite","@id":"https:\/\/shrimataji.org\/test\/#website","url":"https:\/\/shrimataji.org\/test\/","name":"Shri Mataji Nirmala Devi","description":"A Life Dedicated to Humanity","publisher":{"@id":"https:\/\/shrimataji.org\/test\/#\/schema\/person\/a1b3419c6585f164aa96da1ff85715d1"},"potentialAction":[{"@type":"SearchAction","target":{"@type":"EntryPoint","urlTemplate":"https:\/\/shrimataji.org\/test\/?s={search_term_string}"},"query-input":{"@type":"PropertyValueSpecification","valueRequired":true,"valueName":"search_term_string"}}],"inLanguage":"en-US"},{"@type":["Person","Organization"],"@id":"https:\/\/shrimataji.org\/test\/#\/schema\/person\/a1b3419c6585f164aa96da1ff85715d1","name":"Nirmala Shrivastava","image":{"@type":"ImageObject","inLanguage":"en-US","@id":"https:\/\/shrimataji.org\/test\/wp-content\/uploads\/2023\/02\/SMO_LOGO-03.svg","url":"https:\/\/shrimataji.org\/test\/wp-content\/uploads\/2023\/02\/SMO_LOGO-03.svg","contentUrl":"https:\/\/shrimataji.org\/test\/wp-content\/uploads\/2023\/02\/SMO_LOGO-03.svg","width":"1024","height":"1024","caption":"Nirmala Shrivastava"},"logo":{"@id":"https:\/\/shrimataji.org\/test\/wp-content\/uploads\/2023\/02\/SMO_LOGO-03.svg"},"sameAs":["https:\/\/shrimataji.org\/test","https:\/\/www.facebook.com\/shrimataji","https:\/\/x.com\/shrimataji","https:\/\/www.youtube.com\/@Shri_Mataji_Nirmala_Devi\/featured"]}]}},"lang":"hu","translations":{"hu":19542,"ur":37481,"en":438,"am":18056,"th":20029,"sq":18457,"zh":17354,"tr":10197,"pt":10407,"de":10681,"fr":10779,"it":10877,"es":10974,"ja":11271,"ru":11459,"bn":11651,"te":11759,"sw":11882,"he":12030,"el":12322,"sk":12420,"fa":12518,"fi":12616,"bg":13440,"ro":14514,"cs":14707,"nl":16617,"ku":16777,"ar":16953,"be":18664,"kn":18938,"mr":20393,"uk":20687,"ml":20982,"ta":22775,"sv":23045,"gu":28889,"pa":29049,"fil":29493,"da":37792,"pl":38004,"nn":38344},"pll_sync_post":[],"_links":{"self":[{"href":"https:\/\/shrimataji.org\/test\/wp-json\/wp\/v2\/pages\/19542","targetHints":{"allow":["GET"]}}],"collection":[{"href":"https:\/\/shrimataji.org\/test\/wp-json\/wp\/v2\/pages"}],"about":[{"href":"https:\/\/shrimataji.org\/test\/wp-json\/wp\/v2\/types\/page"}],"author":[{"embeddable":true,"href":"https:\/\/shrimataji.org\/test\/wp-json\/wp\/v2\/users\/1"}],"replies":[{"embeddable":true,"href":"https:\/\/shrimataji.org\/test\/wp-json\/wp\/v2\/comments?post=19542"}],"version-history":[{"count":0,"href":"https:\/\/shrimataji.org\/test\/wp-json\/wp\/v2\/pages\/19542\/revisions"}],"wp:featuredmedia":[{"embeddable":true,"href":"https:\/\/shrimataji.org\/test\/wp-json\/wp\/v2\/media\/19303"}],"wp:attachment":[{"href":"https:\/\/shrimataji.org\/test\/wp-json\/wp\/v2\/media?parent=19542"}],"curies":[{"name":"wp","href":"https:\/\/api.w.org\/{rel}","templated":true}]}}