{"id":19546,"date":"2018-07-10T06:54:46","date_gmt":"2018-07-10T06:54:46","guid":{"rendered":"http:\/\/testwordpress.nirmalnagari.org\/smnd\/index.php\/reading-room\/"},"modified":"2026-04-11T19:46:10","modified_gmt":"2026-04-11T19:46:10","slug":"reading-room","status":"publish","type":"page","link":"https:\/\/shrimataji.org\/test\/hu\/reading-room\/","title":{"rendered":"Olvas\u00f3terem"},"content":{"rendered":"\n\n\t<h1>Olvas\u00f3terem<\/h1>\n\t<h4>Shri Mataji \u00f6sszes \u00f6r\u00f6ks\u00e9ge k\u00f6z\u00fcl tal\u00e1n a legnagyobb a besz\u00e9deinek, sajt\u00f3interj\u00fainak, el\u0151ad\u00e1sainak, k\u00f6nyveinek \u00e9s kreat\u00edv m\u0171veinek hatalmas gy\u0171jtem\u00e9nye &#8211; amelyeket most m\u00e1r digit\u00e1lisan is meg\u0151riztek a j\u00f6v\u0151 gener\u00e1ci\u00f3i sz\u00e1m\u00e1ra.<\/h4>\n\t<p>1970-t\u0151l 2011-ben bek\u00f6vetkezett hal\u00e1l\u00e1ig Shri Mataji hat kontinensen j\u00e1rt, azt az \u00fczenetet terjesztve, hogy az \u00f6nmegval\u00f3sul\u00e1s mindenki sz\u00e1m\u00e1ra el\u00e9rhet\u0151, sz\u00e1rmaz\u00e1s\u00e1t\u00f3l vagy spiritu\u00e1lis ir\u00e1nyults\u00e1g\u00e1t\u00f3l f\u00fcggetlen\u00fcl. Anyai szem\u00e9lyis\u00e9ge t\u00e1vol \u00e1llt a sz\u00e1raz, szigor\u00fa guru hagyom\u00e1nyos k\u00e9p\u00e9t\u0151l, \u00e9s tud\u00e1s\u00e1t mindig szeretettel adta \u00e1t. El\u0151ad\u00e1sai \u00e9s \u00edr\u00e1sai tele vannak b\u00f6lcsess\u00e9ggel \u00e9s gyakorlati \u00fatmutat\u00e1ssal olyan t\u00e9m\u00e1kban, mint a gyermeknevel\u00e9s, a mez\u0151gazdas\u00e1g \u00e9s a p\u00e9nz\u00fcgyek menedzsmentje, vagy az emberi spiritu\u00e1lis evol\u00faci\u00f3 hatalmas lehet\u0151s\u00e9ge.<\/p>\n<figure itemscope itemtype=\"https:\/\/schema.org\/ImageObject\">\n\t\t\t\t<img decoding=\"async\" src=\"https:\/\/shrimataji.org\/test\/wp-content\/uploads\/2018\/07\/media_originals\/images\/shri-mataji-with-people\/shri-mataji-smiling-while-reading-a-book-in-india.jpg\" alt=\"\u0160ri Matad\u017ei v Indii\" height=\"318\" width=\"500\" title=\"shri-mataji-smiling-while-reading-a-book-in-india\" onerror=\"this.style.display='none'\" loading=\"lazy\" \/>\n\t\t<figcaption>Shri Mataji Indi\u00e1ban<\/figcaption>\n\t<\/figure>\n\t<p>\u00cdme n\u00e9h\u00e1ny r\u00e9szlet ebb\u0151l a gazdag \u00e9s b\u0151s\u00e9ges sz\u00f6veggy\u0171jtem\u00e9nyb\u0151l. Az olvas\u00f3k \u00e9szrevehetik, hogy Shri Mataji egyedi \u00e9s \u00edratlan nyelvezet\u00e9t semmilyen m\u00f3don nem szerkesztett\u00e9k vagy m\u00f3dos\u00edtott\u00e1k.<\/p>\n\n","protected":false},"excerpt":{"rendered":"<p>Olvas\u00f3terem Shri Mataji \u00f6sszes \u00f6r\u00f6ks\u00e9ge k\u00f6z\u00fcl tal\u00e1n a legnagyobb a besz\u00e9deinek, sajt\u00f3interj\u00fainak, el\u0151ad\u00e1sainak, k\u00f6nyveinek \u00e9s kreat\u00edv m\u0171veinek hatalmas gy\u0171jtem\u00e9nye &#8211; amelyeket most m\u00e1r digit\u00e1lisan is meg\u0151riztek a j\u00f6v\u0151 gener\u00e1ci\u00f3i sz\u00e1m\u00e1ra. 1970-t\u0151l 2011-ben bek\u00f6vetkezett hal\u00e1l\u00e1ig Shri Mataji hat kontinensen j\u00e1rt, azt az \u00fczenetet terjesztve, hogy az \u00f6nmegval\u00f3sul\u00e1s mindenki sz\u00e1m\u00e1ra el\u00e9rhet\u0151, sz\u00e1rmaz\u00e1s\u00e1t\u00f3l vagy spiritu\u00e1lis ir\u00e1nyults\u00e1g\u00e1t\u00f3l f\u00fcggetlen\u00fcl. Anyai&hellip; <br \/> <a class=\"read-more\" href=\"https:\/\/shrimataji.org\/test\/hu\/reading-room\/\">Read more<\/a><\/p>\n","protected":false},"author":1,"featured_media":19309,"parent":0,"menu_order":0,"comment_status":"closed","ping_status":"closed","template":"","meta":{"inline_featured_image":false,"footnotes":""},"class_list":["post-19546","page","type-page","status-publish","has-post-thumbnail","hentry"],"yoast_head":"<!-- This site is optimized with the Yoast SEO plugin v27.4 - https:\/\/yoast.com\/product\/yoast-seo-wordpress\/ -->\n<title>Olvas\u00f3terem - TEST - SMND<\/title>\n<meta name=\"robots\" content=\"noindex, follow, max-snippet:-1, max-image-preview:large, max-video-preview:-1\" \/>\n<meta property=\"og:locale\" content=\"en_US\" \/>\n<meta property=\"og:type\" content=\"article\" \/>\n<meta property=\"og:title\" content=\"Olvas\u00f3terem - TEST - SMND\" \/>\n<meta property=\"og:description\" content=\"Olvas\u00f3terem Shri Mataji \u00f6sszes \u00f6r\u00f6ks\u00e9ge k\u00f6z\u00fcl tal\u00e1n a legnagyobb a besz\u00e9deinek, sajt\u00f3interj\u00fainak, el\u0151ad\u00e1sainak, k\u00f6nyveinek \u00e9s kreat\u00edv m\u0171veinek hatalmas gy\u0171jtem\u00e9nye &#8211; amelyeket most m\u00e1r digit\u00e1lisan is meg\u0151riztek a j\u00f6v\u0151 gener\u00e1ci\u00f3i sz\u00e1m\u00e1ra. 1970-t\u0151l 2011-ben bek\u00f6vetkezett hal\u00e1l\u00e1ig Shri Mataji hat kontinensen j\u00e1rt, azt az \u00fczenetet terjesztve, hogy az \u00f6nmegval\u00f3sul\u00e1s mindenki sz\u00e1m\u00e1ra el\u00e9rhet\u0151, sz\u00e1rmaz\u00e1s\u00e1t\u00f3l vagy spiritu\u00e1lis ir\u00e1nyults\u00e1g\u00e1t\u00f3l f\u00fcggetlen\u00fcl. Anyai&hellip; Read more\" \/>\n<meta property=\"og:url\" content=\"https:\/\/shrimataji.org\/test\/hu\/reading-room\/\" \/>\n<meta property=\"og:site_name\" content=\"TEST - SMND\" \/>\n<meta property=\"article:publisher\" content=\"https:\/\/www.facebook.com\/shrimataji\" \/>\n<meta property=\"article:modified_time\" content=\"2026-04-11T19:46:10+00:00\" \/>\n<meta property=\"og:image\" content=\"https:\/\/shrimataji.org\/test\/wp-content\/uploads\/2018\/07\/media_originals\/images\/headers-general\/shri-mataji-nirmala-devi-teaching-sahaja-yoga-meditation.jpg\" \/>\n\t<meta property=\"og:image:width\" content=\"990\" \/>\n\t<meta property=\"og:image:height\" content=\"350\" \/>\n\t<meta property=\"og:image:type\" content=\"image\/jpeg\" \/>\n<meta name=\"twitter:card\" content=\"summary_large_image\" \/>\n<meta name=\"twitter:site\" content=\"@shrimataji\" \/>\n<meta name=\"twitter:label1\" content=\"Est. reading time\" \/>\n\t<meta name=\"twitter:data1\" content=\"1 minute\" \/>\n<script type=\"application\/ld+json\" class=\"yoast-schema-graph\">{\"@context\":\"https:\\\/\\\/schema.org\",\"@graph\":[{\"@type\":\"WebPage\",\"@id\":\"https:\\\/\\\/shrimataji.org\\\/test\\\/hu\\\/reading-room\\\/\",\"url\":\"https:\\\/\\\/shrimataji.org\\\/test\\\/hu\\\/reading-room\\\/\",\"name\":\"Olvas\u00f3terem - TEST - SMND\",\"isPartOf\":{\"@id\":\"https:\\\/\\\/shrimataji.org\\\/test\\\/#website\"},\"primaryImageOfPage\":{\"@id\":\"https:\\\/\\\/shrimataji.org\\\/test\\\/hu\\\/reading-room\\\/#primaryimage\"},\"image\":{\"@id\":\"https:\\\/\\\/shrimataji.org\\\/test\\\/hu\\\/reading-room\\\/#primaryimage\"},\"thumbnailUrl\":\"https:\\\/\\\/shrimataji.org\\\/test\\\/wp-content\\\/uploads\\\/2018\\\/07\\\/media_originals\\\/images\\\/headers-general\\\/shri-mataji-nirmala-devi-teaching-sahaja-yoga-meditation.jpg\",\"datePublished\":\"2018-07-10T06:54:46+00:00\",\"dateModified\":\"2026-04-11T19:46:10+00:00\",\"breadcrumb\":{\"@id\":\"https:\\\/\\\/shrimataji.org\\\/test\\\/hu\\\/reading-room\\\/#breadcrumb\"},\"inLanguage\":\"en-US\",\"potentialAction\":[{\"@type\":\"ReadAction\",\"target\":[\"https:\\\/\\\/shrimataji.org\\\/test\\\/hu\\\/reading-room\\\/\"]}]},{\"@type\":\"ImageObject\",\"inLanguage\":\"en-US\",\"@id\":\"https:\\\/\\\/shrimataji.org\\\/test\\\/hu\\\/reading-room\\\/#primaryimage\",\"url\":\"https:\\\/\\\/shrimataji.org\\\/test\\\/wp-content\\\/uploads\\\/2018\\\/07\\\/media_originals\\\/images\\\/headers-general\\\/shri-mataji-nirmala-devi-teaching-sahaja-yoga-meditation.jpg\",\"contentUrl\":\"https:\\\/\\\/shrimataji.org\\\/test\\\/wp-content\\\/uploads\\\/2018\\\/07\\\/media_originals\\\/images\\\/headers-general\\\/shri-mataji-nirmala-devi-teaching-sahaja-yoga-meditation.jpg\",\"width\":990,\"height\":350},{\"@type\":\"BreadcrumbList\",\"@id\":\"https:\\\/\\\/shrimataji.org\\\/test\\\/hu\\\/reading-room\\\/#breadcrumb\",\"itemListElement\":[{\"@type\":\"ListItem\",\"position\":1,\"name\":\"Home\",\"item\":\"https:\\\/\\\/shrimataji.org\\\/test\\\/uk\\\/home-en\\\/\"},{\"@type\":\"ListItem\",\"position\":2,\"name\":\"Olvas\u00f3terem\"}]},{\"@type\":\"WebSite\",\"@id\":\"https:\\\/\\\/shrimataji.org\\\/test\\\/#website\",\"url\":\"https:\\\/\\\/shrimataji.org\\\/test\\\/\",\"name\":\"Shri Mataji Nirmala Devi\",\"description\":\"A Life Dedicated to Humanity\",\"publisher\":{\"@id\":\"https:\\\/\\\/shrimataji.org\\\/test\\\/#\\\/schema\\\/person\\\/a1b3419c6585f164aa96da1ff85715d1\"},\"potentialAction\":[{\"@type\":\"SearchAction\",\"target\":{\"@type\":\"EntryPoint\",\"urlTemplate\":\"https:\\\/\\\/shrimataji.org\\\/test\\\/?s={search_term_string}\"},\"query-input\":{\"@type\":\"PropertyValueSpecification\",\"valueRequired\":true,\"valueName\":\"search_term_string\"}}],\"inLanguage\":\"en-US\"},{\"@type\":[\"Person\",\"Organization\"],\"@id\":\"https:\\\/\\\/shrimataji.org\\\/test\\\/#\\\/schema\\\/person\\\/a1b3419c6585f164aa96da1ff85715d1\",\"name\":\"Nirmala Shrivastava\",\"image\":{\"@type\":\"ImageObject\",\"inLanguage\":\"en-US\",\"@id\":\"https:\\\/\\\/shrimataji.org\\\/test\\\/wp-content\\\/uploads\\\/2023\\\/02\\\/SMO_LOGO-03.svg\",\"url\":\"https:\\\/\\\/shrimataji.org\\\/test\\\/wp-content\\\/uploads\\\/2023\\\/02\\\/SMO_LOGO-03.svg\",\"contentUrl\":\"https:\\\/\\\/shrimataji.org\\\/test\\\/wp-content\\\/uploads\\\/2023\\\/02\\\/SMO_LOGO-03.svg\",\"width\":\"1024\",\"height\":\"1024\",\"caption\":\"Nirmala Shrivastava\"},\"logo\":{\"@id\":\"https:\\\/\\\/shrimataji.org\\\/test\\\/wp-content\\\/uploads\\\/2023\\\/02\\\/SMO_LOGO-03.svg\"},\"sameAs\":[\"https:\\\/\\\/shrimataji.org\\\/test\",\"https:\\\/\\\/www.facebook.com\\\/shrimataji\",\"https:\\\/\\\/x.com\\\/shrimataji\",\"https:\\\/\\\/www.youtube.com\\\/@Shri_Mataji_Nirmala_Devi\\\/featured\"]}]}<\/script>\n<!-- \/ Yoast SEO plugin. -->","yoast_head_json":{"title":"Olvas\u00f3terem - TEST - SMND","robots":{"index":"noindex","follow":"follow","max-snippet":"max-snippet:-1","max-image-preview":"max-image-preview:large","max-video-preview":"max-video-preview:-1"},"og_locale":"en_US","og_type":"article","og_title":"Olvas\u00f3terem - TEST - SMND","og_description":"Olvas\u00f3terem Shri Mataji \u00f6sszes \u00f6r\u00f6ks\u00e9ge k\u00f6z\u00fcl tal\u00e1n a legnagyobb a besz\u00e9deinek, sajt\u00f3interj\u00fainak, el\u0151ad\u00e1sainak, k\u00f6nyveinek \u00e9s kreat\u00edv m\u0171veinek hatalmas gy\u0171jtem\u00e9nye &#8211; amelyeket most m\u00e1r digit\u00e1lisan is meg\u0151riztek a j\u00f6v\u0151 gener\u00e1ci\u00f3i sz\u00e1m\u00e1ra. 1970-t\u0151l 2011-ben bek\u00f6vetkezett hal\u00e1l\u00e1ig Shri Mataji hat kontinensen j\u00e1rt, azt az \u00fczenetet terjesztve, hogy az \u00f6nmegval\u00f3sul\u00e1s mindenki sz\u00e1m\u00e1ra el\u00e9rhet\u0151, sz\u00e1rmaz\u00e1s\u00e1t\u00f3l vagy spiritu\u00e1lis ir\u00e1nyults\u00e1g\u00e1t\u00f3l f\u00fcggetlen\u00fcl. Anyai&hellip; Read more","og_url":"https:\/\/shrimataji.org\/test\/hu\/reading-room\/","og_site_name":"TEST - SMND","article_publisher":"https:\/\/www.facebook.com\/shrimataji","article_modified_time":"2026-04-11T19:46:10+00:00","og_image":[{"width":990,"height":350,"url":"https:\/\/shrimataji.org\/test\/wp-content\/uploads\/2018\/07\/media_originals\/images\/headers-general\/shri-mataji-nirmala-devi-teaching-sahaja-yoga-meditation.jpg","type":"image\/jpeg"}],"twitter_card":"summary_large_image","twitter_site":"@shrimataji","twitter_misc":{"Est. reading time":"1 minute"},"schema":{"@context":"https:\/\/schema.org","@graph":[{"@type":"WebPage","@id":"https:\/\/shrimataji.org\/test\/hu\/reading-room\/","url":"https:\/\/shrimataji.org\/test\/hu\/reading-room\/","name":"Olvas\u00f3terem - TEST - SMND","isPartOf":{"@id":"https:\/\/shrimataji.org\/test\/#website"},"primaryImageOfPage":{"@id":"https:\/\/shrimataji.org\/test\/hu\/reading-room\/#primaryimage"},"image":{"@id":"https:\/\/shrimataji.org\/test\/hu\/reading-room\/#primaryimage"},"thumbnailUrl":"https:\/\/shrimataji.org\/test\/wp-content\/uploads\/2018\/07\/media_originals\/images\/headers-general\/shri-mataji-nirmala-devi-teaching-sahaja-yoga-meditation.jpg","datePublished":"2018-07-10T06:54:46+00:00","dateModified":"2026-04-11T19:46:10+00:00","breadcrumb":{"@id":"https:\/\/shrimataji.org\/test\/hu\/reading-room\/#breadcrumb"},"inLanguage":"en-US","potentialAction":[{"@type":"ReadAction","target":["https:\/\/shrimataji.org\/test\/hu\/reading-room\/"]}]},{"@type":"ImageObject","inLanguage":"en-US","@id":"https:\/\/shrimataji.org\/test\/hu\/reading-room\/#primaryimage","url":"https:\/\/shrimataji.org\/test\/wp-content\/uploads\/2018\/07\/media_originals\/images\/headers-general\/shri-mataji-nirmala-devi-teaching-sahaja-yoga-meditation.jpg","contentUrl":"https:\/\/shrimataji.org\/test\/wp-content\/uploads\/2018\/07\/media_originals\/images\/headers-general\/shri-mataji-nirmala-devi-teaching-sahaja-yoga-meditation.jpg","width":990,"height":350},{"@type":"BreadcrumbList","@id":"https:\/\/shrimataji.org\/test\/hu\/reading-room\/#breadcrumb","itemListElement":[{"@type":"ListItem","position":1,"name":"Home","item":"https:\/\/shrimataji.org\/test\/uk\/home-en\/"},{"@type":"ListItem","position":2,"name":"Olvas\u00f3terem"}]},{"@type":"WebSite","@id":"https:\/\/shrimataji.org\/test\/#website","url":"https:\/\/shrimataji.org\/test\/","name":"Shri Mataji Nirmala Devi","description":"A Life Dedicated to Humanity","publisher":{"@id":"https:\/\/shrimataji.org\/test\/#\/schema\/person\/a1b3419c6585f164aa96da1ff85715d1"},"potentialAction":[{"@type":"SearchAction","target":{"@type":"EntryPoint","urlTemplate":"https:\/\/shrimataji.org\/test\/?s={search_term_string}"},"query-input":{"@type":"PropertyValueSpecification","valueRequired":true,"valueName":"search_term_string"}}],"inLanguage":"en-US"},{"@type":["Person","Organization"],"@id":"https:\/\/shrimataji.org\/test\/#\/schema\/person\/a1b3419c6585f164aa96da1ff85715d1","name":"Nirmala Shrivastava","image":{"@type":"ImageObject","inLanguage":"en-US","@id":"https:\/\/shrimataji.org\/test\/wp-content\/uploads\/2023\/02\/SMO_LOGO-03.svg","url":"https:\/\/shrimataji.org\/test\/wp-content\/uploads\/2023\/02\/SMO_LOGO-03.svg","contentUrl":"https:\/\/shrimataji.org\/test\/wp-content\/uploads\/2023\/02\/SMO_LOGO-03.svg","width":"1024","height":"1024","caption":"Nirmala Shrivastava"},"logo":{"@id":"https:\/\/shrimataji.org\/test\/wp-content\/uploads\/2023\/02\/SMO_LOGO-03.svg"},"sameAs":["https:\/\/shrimataji.org\/test","https:\/\/www.facebook.com\/shrimataji","https:\/\/x.com\/shrimataji","https:\/\/www.youtube.com\/@Shri_Mataji_Nirmala_Devi\/featured"]}]}},"lang":"hu","translations":{"hu":19546,"ur":37485,"en":415,"am":18060,"th":20035,"sq":18461,"zh":17358,"tr":10199,"pt":10409,"de":10683,"fr":10781,"it":10879,"es":10976,"ja":11274,"ru":11462,"bn":11653,"te":11761,"sw":11884,"he":12032,"el":12324,"sk":12422,"fa":12520,"fi":12618,"bg":13455,"ro":14529,"cs":14722,"nl":16621,"ku":16781,"ar":16957,"be":18668,"kn":18942,"mr":20399,"uk":20693,"ml":20988,"ta":22779,"sv":23049,"gu":28891,"pa":29051,"fil":29497,"da":37796,"pl":38006,"nn":38348},"pll_sync_post":[],"_links":{"self":[{"href":"https:\/\/shrimataji.org\/test\/wp-json\/wp\/v2\/pages\/19546","targetHints":{"allow":["GET"]}}],"collection":[{"href":"https:\/\/shrimataji.org\/test\/wp-json\/wp\/v2\/pages"}],"about":[{"href":"https:\/\/shrimataji.org\/test\/wp-json\/wp\/v2\/types\/page"}],"author":[{"embeddable":true,"href":"https:\/\/shrimataji.org\/test\/wp-json\/wp\/v2\/users\/1"}],"replies":[{"embeddable":true,"href":"https:\/\/shrimataji.org\/test\/wp-json\/wp\/v2\/comments?post=19546"}],"version-history":[{"count":0,"href":"https:\/\/shrimataji.org\/test\/wp-json\/wp\/v2\/pages\/19546\/revisions"}],"wp:featuredmedia":[{"embeddable":true,"href":"https:\/\/shrimataji.org\/test\/wp-json\/wp\/v2\/media\/19309"}],"wp:attachment":[{"href":"https:\/\/shrimataji.org\/test\/wp-json\/wp\/v2\/media?parent=19546"}],"curies":[{"name":"wp","href":"https:\/\/api.w.org\/{rel}","templated":true}]}}