{"id":19557,"date":"2022-03-05T08:01:33","date_gmt":"2022-03-05T08:01:33","guid":{"rendered":"https:\/\/test.shrimataji.org\/?page_id=6500"},"modified":"2026-04-18T15:14:49","modified_gmt":"2026-04-18T15:14:49","slug":"sahasrara-chakra","status":"publish","type":"page","link":"https:\/\/shrimataji.org\/test\/hu\/sahasrara-chakra\/","title":{"rendered":"Sahasrara csakra"},"content":{"rendered":"\n\n\t<h1>Sahasrara csakra<\/h1>\n<h2>Integr\u00e1ci\u00f3<\/h2>\n<h4>A Sahasrara (ejtsd: szahaszr\u00e1ra) csakra (jelent\u00e9se: ezer) a fej\u00fcnk tetej\u00e9n tal\u00e1lhat\u00f3, \u00e9s a Homo sapiens evol\u00faci\u00f3s fejl\u0151d\u00e9s\u00e9nek cs\u00facspontj\u00e1t szimboliz\u00e1lja. Az emberi faj, amely a f\u00f6ldi \u00e9let 4,8 milli\u00e1rd \u00e9v\u00e9nek legv\u00e9g\u00e9n jelent meg, uralja az eg\u00e9sz bolyg\u00f3t az agy fejletts\u00e9g\u00e9nek k\u00f6sz\u00f6nhet\u0151en. Mi az emberi \u00e9let\u00fcnk c\u00e9lja? Csak az, hogy ezt az agyat valamilyen illuz\u00f3rikus hatalom el\u00e9r\u00e9s\u00e9re vagy p\u00e9nzszerz\u00e9sre haszn\u00e1ljuk, vagy ak\u00e1r a korl\u00e1tozott tudom\u00e1nyos k\u00edv\u00e1ncsis\u00e1gunk kiel\u00e9g\u00edt\u00e9s\u00e9re, hogy felt\u00e1rjuk a teremt\u00e9s, az evol\u00faci\u00f3 \u00e9s az \u00e9lettelen anyag pusztul\u00e1s\u00e1nak rejtelmeit a relat\u00edv t\u00e9r \u00e9s id\u0151 v\u00e9gtelen mezej\u00e9ben? Vagy van az emberi \u00e9let\u00fcnknek egy magasabb rend\u0171 c\u00e9lja, amelyet csak kevesen tudtak felismerni?<\/h4>\n<p>Az \u00f6nmegval\u00f3sul\u00e1sunk r\u00e9v\u00e9n, melyet a <a href=\"https:\/\/shrimataji.org\/test\/kundalini\/\" target=\"_blank\" rel=\"noopener\"><u>Kundalini<\/u><\/a> felemelked\u00e9se, \u00e9s a Brahmarandhr\u00e1n (az indiai szent\u00edr\u00e1sokban a fejtet\u0151n l\u00e9v\u0151 ny\u00edl\u00e1s) val\u00f3 \u00e1tl\u00e9p\u00e9se tesz lehet\u0151ve, az agyunk Sahasr\u00e1ra csakra \u00e1ltal k\u00f6r\u00fclvett ter\u00fclet\u00e9n, a limbikus rendszerben, az emberi tudatunk az \u00e9rz\u00e9kel\u00e9s \u00e9s a tudatoss\u00e1g egy \u00faj vil\u00e1g\u00e1ba l\u00e9p, amely t\u00falmutat ment\u00e1lis tev\u00e9kenys\u00e9geinken \u00e9s gondolatainkon. Ez a csakra biztos\u00edtja sz\u00e1munkra a Val\u00f3s\u00e1g k\u00f6zvetlen, abszol\u00fat \u00e9rz\u00e9kel\u00e9s\u00e9t a k\u00f6zponti idegrendszer\u00fcnk\u00f6n kereszt\u00fcl, melynek seg\u00edts\u00e9g\u00e9vel k\u00f6nnyed\u00e9n el\u00e9rj\u00fck a k\u00e9ts\u00e9gek n\u00e9lk\u00fcli tudatoss\u00e1g \u00e1llapot\u00e1t, amelyet \u201eNirvikalpa samadhi&#8221;-nak neveznek.<\/p>\n<p>A Sahasrara csakra els\u0151dleges tulajdons\u00e1ga az integr\u00e1ci\u00f3 \u00e9s az egys\u00e9g \u00e9rz\u00e9se az univerzum minden elem\u00e9vel. A Sahasr\u00e1ra \u00e1ltal tapasztaljuk meg a kapcsolatot a mindent \u00e1that\u00f3 spiritu\u00e1lis er\u0151vel, az abszol\u00fat Igazs\u00e1ggal. A Sahasrara a v\u00e9gs\u0151 c\u00e9lunkat k\u00e9pviseli. Ahhoz, hogy teljes m\u00e9rt\u00e9kben meg\u00e9rts\u00fck \u00e9let\u00fcnk \u00e9rtelm\u00e9t \u00e9s c\u00e9lj\u00e1t, fel kell fedezn\u00fcnk a tudatoss\u00e1g magasabb birodalmait, amelyek szerves r\u00e9sz\u00e9t k\u00e9pezik a minket teremt\u0151 er\u0151nek.<\/p>\n<p>A hetedik k\u00f6zpont integr\u00e1lja a teljes finomrendszer er\u0151it \u00e9s tulajdons\u00e1gait, amely t\u00f6bb ezer n\u00e1dib\u00f3l \u00e9s csakr\u00e1b\u00f3l \u00e1ll. Minden csakra m\u0171k\u00f6d\u00e9s\u00e9t a csakr\u00e1k megfelel\u0151 sz\u00e9khelyei ind\u00edtj\u00e1k el a Sahasrar\u00e1ban. Csak\u00fagy, mint az agy, amely a k\u00f6zponti idegrendszer\u00fcnk vez\u00e9rl\u0151\u00e1llom\u00e1sa, ahova minden inform\u00e1ci\u00f3 tov\u00e1bb\u00edt\u00f3dik, majd feldolgoz\u00f3dik ezen a szupersz\u00e1m\u00edt\u00f3g\u00e9pen kereszt\u00fcl, a Sahasrara hasonl\u00f3 m\u00f3don l\u00e9p k\u00f6lcs\u00f6nhat\u00e1sba a teljes finomrendszerrel.<\/p>\n\t\t<iframe loading=\"lazy\" title=\"Sahasrara Chakra\" width=\"1920\" height=\"1080\" src=\"https:\/\/www.youtube.com\/embed\/9L26slNEfCY?feature=oembed\" frameborder=\"0\" allow=\"accelerometer; autoplay; clipboard-write; encrypted-media; gyroscope; picture-in-picture; web-share\" allowfullscreen><\/iframe>\t\n<figure itemscope itemtype=\"https:\/\/schema.org\/ImageObject\">\n\t\t\t\t<img decoding=\"async\" src=\"https:\/\/shrimataji.org\/test\/wp-content\/uploads\/2023\/03\/Sahasrara_Handsketch_1.jpg\" alt=\"P\u00f4vodn\u00e1 kresba \u0160ri Matad\u017ei\" height=\"589\" width=\"1001\" title=\"Sahasrara_Handsketch_1\" onerror=\"this.style.display='none'\" loading=\"lazy\" \/>\n\t\t<figcaption>Shri Mataji eredeti rajza<\/figcaption>\n\t<\/figure>\n\t<strong>Elhelyezked\u00e9s:<br \/>\n<\/strong>A Sahasrara csakr\u00e1d az agyad limbikus rendszer\u00e9ben tal\u00e1lhat\u00f3. A Sahasrara csakra vibr\u00e1ci\u00f3it a tenyered k\u00f6zep\u00e9n \u00e9rezheted.\n<strong>Tulajdons\u00e1gok:<br \/>\n<\/strong>A Sahasrara csakr\u00e1n kereszt\u00fcl tudsz kapcsolatba l\u00e9pni azzal az er\u0151vel, amely teremtett t\u00e9ged. Ez\u00e1ltal felfedezheted \u00e9leted \u00e9rtelm\u00e9t. Ez a csakra jelk\u00e9pezi a v\u00e9gs\u0151 c\u00e9lodat &#8211; a f\u00f6ldi mennyorsz\u00e1g megval\u00f3sul\u00e1s\u00e1t.\n<strong>A Sahasrara csakra tulajdons\u00e1gai a k\u00f6vetkez\u0151k:<br \/>\n<\/strong>\u2022 Az univerzummal val\u00f3 \u201eegys\u00e9g&#8221; \u00e9rz\u00e9se (m\u00e1s n\u00e9ven \u201eintegr\u00e1ci\u00f3&#8221;)<br \/>\n\u2022 Gondolatmentes tudatoss\u00e1g vagy ment\u00e1lis csend<br \/>\n\u2022 K\u00e9ts\u00e9gekt\u0151l mentes tudatoss\u00e1g vagy az isteni er\u0151 tudatoss\u00e1ga\n<figure itemscope itemtype=\"https:\/\/schema.org\/ImageObject\">\n\t\t\t\t<a href=\"https:\/\/shrimataji.org\/test\/wp-content\/uploads\/2023\/02\/7-Sahasrara-01-1.png\"  target=\"_blank\" rel=\"noopener\"  itemprop=\"url\">\n\t\t\t\t<img decoding=\"async\" src=\"https:\/\/shrimataji.org\/test\/wp-content\/uploads\/2026\/04\/hu-7-Sahasrara-01-scaled.png\" alt=\"hu-7-Sahasrara-01\" height=\"2560\" width=\"2402\" title=\"hu-7-Sahasrara-01\" onerror=\"this.style.display='none'\" loading=\"lazy\" \/>\n\t\t\t\t<\/a>\n\t<\/figure>\n\t<p>Mind a hat f\u0151 csakr\u00e1d, a Muladhara csakr\u00e1t\u00f3l az Agnya csakr\u00e1ig, gy\u00f6kerei az agyban vannak. Amikor a Sahaja J\u00f3ga medit\u00e1ci\u00f3t gyakoroljuk, a Kundalini felemelkedik. \u00c1thalad mind a hat csakr\u00e1n, \u00e9s az agy limbikus r\u00e9gi\u00f3j\u00e1ban telepszik meg. Ezt a folyamatot spiritu\u00e1lis megvil\u00e1gosod\u00e1snak is nevezik.<\/p>\n<p>A Sahasrara csakra a limbikus rendszer ter\u00fcleten bel\u00fcl tal\u00e1lhat\u00f3. Ezer ideg veszi k\u00f6r\u00fcl ezt a teret. Amikor a Kundalini energia a medit\u00e1ci\u00f3 alatt bel\u00e9p a Sahasrara csakr\u00e1dba, ezek az idegek egy\u00fcttesen aktiviz\u00e1l\u00f3dnak. A Kundalini energia ezut\u00e1n a fej tetej\u00e9n kereszt\u00fcl manifeszt\u00e1l\u00f3dik, \u00e9s egyes\u00fcl az univerzum isteni energi\u00e1j\u00e1val.<\/p>\n<strong>Tapasztalat \u00e9s el\u0151ny\u00f6k:<\/strong><br \/>\nAhogy a Kundalini energia kil\u00e9p a fejed tetej\u00e9n (m\u00e1s n\u00e9ven a kutacs ter\u00fclet\u00e9n), egyes\u00edti az egy\u00e9nt (Atma) az univerz\u00e1lis tudattal (Paramatma). Ez egy er\u0151teljes pulz\u00e1l\u00f3 \u00e9rz\u00e9sk\u00e9nt \u00e9rezhet\u0151 a fej tetej\u00e9n. Ezeket az er\u0151teljes pulz\u00e1l\u00e1sokat gyakran olvad\u00e1s\u00e9rzet \u00e9s h\u0171v\u00f6sebb vibr\u00e1ci\u00f3k k\u00f6vetik. Ennek a tapasztalatnak az eredm\u00e9nyek\u00e9nt a tudatoss\u00e1g egy \u00faj dimenzi\u00f3j\u00e1ra teszel szert, amely lehet\u0151v\u00e9 teszi, hogy jobban \u00e9rz\u00e9keld az igazs\u00e1got. K\u00e9pes leszel arra, hogy megk\u00fcl\u00f6nb\u00f6ztesd a j\u00f3t a rosszt\u00f3l, a helyeset a helytelent\u0151l \u00e9s az igazs\u00e1got a hamist\u00f3l.\n<p>Miut\u00e1n el\u00e9rted a Kundalini \u00f6sszekapcsol\u00f3d\u00e1s\u00e1t az univerzum isteni energi\u00e1j\u00e1val, t\u00f6bb\u00e9 nem fogsz a m\u00falton vagy a j\u00f6v\u0151n r\u00e1g\u00f3dni. Olyan val\u00f3di bels\u0151 \u00f6r\u00f6m\u00f6t fogsz tapasztalni, amilyet m\u00e9g soha nem tapasztalt\u00e1l. Ezen a ponton az emberi tudatoss\u00e1god egyes\u00fclt az istenivel, \u00e9s fizikai, intellektu\u00e1lis, \u00e9rzelmi \u00e9s spiritu\u00e1lis \u00e9ned eggy\u00e9 v\u00e1lt.<\/p>\n<p>Most m\u00e1r t\u00f6k\u00e9letes harm\u00f3ni\u00e1ban tudsz cselekedni. T\u00f6bb\u00e9 nem fogsz zavart vagy ellentmond\u00e1st \u00e9rezni. Teljes bels\u0151 nyugalmat \u00e9s t\u00f6k\u00e9letes \u00f6r\u00f6m\u00f6t fogsz megtapasztalni. Intuit\u00edv m\u00f3don tudni fogod, hogy melyik v\u00e1lasz vagy cselekedet helyes erk\u00f6lcsileg. Miel\u0151tt el\u00e9rted volna a Kundalinivel val\u00f3 kapcsol\u00f3d\u00e1st, el kellett fogadnod, hogy Isten puszt\u00e1n hit alapj\u00e1n l\u00e9tezik. De ut\u00e1na a <strong>k\u00e9telyek n\u00e9lk\u00fcli tudatoss\u00e1g<\/strong> \u00e1llapot\u00e1ba ker\u00fclsz, ahol tudat\u00e1ban vagy az isteni l\u00e9tez\u00e9s\u00e9nek, \u00e9s biztos is vagy benne. Ahogy folytatod a medit\u00e1ci\u00f3t, ez a k\u00e9ts\u00e9gek n\u00e9lk\u00fcli tudatoss\u00e1g m\u00e9g er\u0151sebb\u00e9 v\u00e1lik.<\/p>\n<strong>\u00d6n\u00e9rt\u00e9kel\u00e9s:<br \/>\n<\/strong>Ha a Sahasrara csakr\u00e1d el van z\u00e1r\u00f3dva vagy kiegyens\u00falyozatlan, neh\u00e9zs\u00e9geid ad\u00f3dhatnak a vibr\u00e1ci\u00f3k \u00e1ltal\u00e1nos \u00e9rz\u00e9kel\u00e9s\u00e9ben. K\u00e9ts\u00e9geid is lehetnek a spiritu\u00e1lis val\u00f3s\u00e1ggal vagy az isteni l\u00e9tez\u00e9s\u00e9vel kapcsolatban. Szerencs\u00e9re min\u00e9l t\u00f6bbet gyakorlod a medit\u00e1ci\u00f3t a Sahaja J\u00f3g\u00e1ban, ann\u00e1l tiszt\u00e1bb\u00e1 v\u00e1lik minden csakr\u00e1d (energiak\u00f6zpontod). Ez v\u00e9g\u00fcl egyens\u00falyhoz vezet a Sahasrar\u00e1n bel\u00fcl is. Csup\u00e1n egy nyitott elm\u00e9re \u00e9s a medit\u00e1ci\u00f3 gyakorl\u00e1s\u00e1ra van sz\u00fcks\u00e9g. V\u00e9g\u00fcl viszonylag rendszeresen el fogod \u00e9rni \u00e9s megtapasztalni a Kundalini \u00e9s az Isteni Energi\u00e1k k\u00f6z\u00f6tti kapcsolatot.\n<p><strong>Az egyens\u00faly hi\u00e1ny\u00e1nak okai:<\/strong><\/p>\n<ul>\n<li>\u00d6nbizalomhi\u00e1ny<\/li>\n<li>Az ateizmus sz\u00e9ls\u0151s\u00e9ges form\u00e1ja<\/li>\n<li>Sz\u00e9ls\u0151s\u00e9ges viselked\u00e9s<\/li>\n<\/ul>\n<strong>Hogyan ker\u00fclj\u00fcnk egyens\u00falyba:<br \/>\n<\/strong>A Sahasrara csakr\u00e1d egyens\u00faly\u00e1nak megteremt\u00e9s\u00e9hez helyezd a jobb kezed hat\u00e1rozottan a fejed tetej\u00e9re. Lassan forgasd a kezed az \u00f3ramutat\u00f3 j\u00e1r\u00e1s\u00e1val megegyez\u0151 ir\u00e1nyba, mik\u00f6zben azt mondod: \u201eHadd \u00e9ljem \u00e1t a medit\u00e1ci\u00f3 \u00e1llapot\u00e1t.&#8221;\n<p>Ha kezdetben nem \u00e9rzed a vibr\u00e1ci\u00f3kat, ne hagyd, hogy k\u00e9ts\u00e9geid legyenek. Sok Sahaja J\u00f3g\u00e1t gyakorl\u00f3 embernek hosszabb id\u0151re van sz\u00fcks\u00e9ge ahhoz, hogy k\u00e9pes legyen a vibr\u00e1ci\u00f3kat \u00e9rezni, vagy hitelesen meger\u0151s\u00edteni a Kundalini energi\u00e1val val\u00f3 kapcsolatot. Csak l\u00e9gy t\u00fcrelmes magaddal, \u00e9s ne add fel. Te is el fogod \u00e9rni a c\u00e9lod. Ez egy fontos l\u00e9p\u00e9s a Sahasrara csakra nyitva tart\u00e1s\u00e1ban \u00e9s abban, hogy az akad\u00e1lyokt\u00f3l mentes legyen.<\/p>\n\n","protected":false},"excerpt":{"rendered":"<p>Sahasrara csakra Integr\u00e1ci\u00f3 A Sahasrara (ejtsd: szahaszr\u00e1ra) csakra (jelent\u00e9se: ezer) a fej\u00fcnk tetej\u00e9n tal\u00e1lhat\u00f3, \u00e9s a Homo sapiens evol\u00faci\u00f3s fejl\u0151d\u00e9s\u00e9nek cs\u00facspontj\u00e1t szimboliz\u00e1lja. Az emberi faj, amely a f\u00f6ldi \u00e9let 4,8 milli\u00e1rd \u00e9v\u00e9nek legv\u00e9g\u00e9n jelent meg, uralja az eg\u00e9sz bolyg\u00f3t az agy fejletts\u00e9g\u00e9nek k\u00f6sz\u00f6nhet\u0151en. Mi az emberi \u00e9let\u00fcnk c\u00e9lja? Csak az, hogy ezt az agyat valamilyen&hellip; <br \/> <a class=\"read-more\" href=\"https:\/\/shrimataji.org\/test\/hu\/sahasrara-chakra\/\">Read more<\/a><\/p>\n","protected":false},"author":1,"featured_media":19323,"parent":0,"menu_order":0,"comment_status":"closed","ping_status":"closed","template":"","meta":{"inline_featured_image":false,"footnotes":""},"class_list":["post-19557","page","type-page","status-publish","has-post-thumbnail","hentry"],"yoast_head":"<!-- This site is optimized with the Yoast SEO plugin v27.4 - https:\/\/yoast.com\/product\/yoast-seo-wordpress\/ -->\n<title>Sahasrara csakra - TEST - SMND<\/title>\n<meta name=\"robots\" content=\"noindex, follow, max-snippet:-1, max-image-preview:large, max-video-preview:-1\" \/>\n<meta property=\"og:locale\" content=\"en_US\" \/>\n<meta property=\"og:type\" content=\"article\" \/>\n<meta property=\"og:title\" content=\"Sahasrara csakra - TEST - SMND\" \/>\n<meta property=\"og:description\" content=\"Sahasrara csakra Integr\u00e1ci\u00f3 A Sahasrara (ejtsd: szahaszr\u00e1ra) csakra (jelent\u00e9se: ezer) a fej\u00fcnk tetej\u00e9n tal\u00e1lhat\u00f3, \u00e9s a Homo sapiens evol\u00faci\u00f3s fejl\u0151d\u00e9s\u00e9nek cs\u00facspontj\u00e1t szimboliz\u00e1lja. Az emberi faj, amely a f\u00f6ldi \u00e9let 4,8 milli\u00e1rd \u00e9v\u00e9nek legv\u00e9g\u00e9n jelent meg, uralja az eg\u00e9sz bolyg\u00f3t az agy fejletts\u00e9g\u00e9nek k\u00f6sz\u00f6nhet\u0151en. Mi az emberi \u00e9let\u00fcnk c\u00e9lja? Csak az, hogy ezt az agyat valamilyen&hellip; Read more\" \/>\n<meta property=\"og:url\" content=\"https:\/\/shrimataji.org\/test\/hu\/sahasrara-chakra\/\" \/>\n<meta property=\"og:site_name\" content=\"TEST - SMND\" \/>\n<meta property=\"article:publisher\" content=\"https:\/\/www.facebook.com\/shrimataji\" \/>\n<meta property=\"article:modified_time\" content=\"2026-04-18T15:14:49+00:00\" \/>\n<meta property=\"og:image\" content=\"https:\/\/shrimataji.org\/test\/wp-content\/uploads\/2023\/03\/22_Banner-SY-Chakra-sahas-scaled.jpg\" \/>\n\t<meta property=\"og:image:width\" content=\"2560\" \/>\n\t<meta property=\"og:image:height\" content=\"905\" \/>\n\t<meta property=\"og:image:type\" content=\"image\/jpeg\" \/>\n<meta name=\"twitter:card\" content=\"summary_large_image\" \/>\n<meta name=\"twitter:site\" content=\"@shrimataji\" \/>\n<meta name=\"twitter:label1\" content=\"Est. reading time\" \/>\n\t<meta name=\"twitter:data1\" content=\"5 minutes\" \/>\n<script type=\"application\/ld+json\" class=\"yoast-schema-graph\">{\"@context\":\"https:\\\/\\\/schema.org\",\"@graph\":[{\"@type\":\"WebPage\",\"@id\":\"https:\\\/\\\/shrimataji.org\\\/test\\\/hu\\\/sahasrara-chakra\\\/\",\"url\":\"https:\\\/\\\/shrimataji.org\\\/test\\\/hu\\\/sahasrara-chakra\\\/\",\"name\":\"Sahasrara csakra - TEST - SMND\",\"isPartOf\":{\"@id\":\"https:\\\/\\\/shrimataji.org\\\/test\\\/#website\"},\"primaryImageOfPage\":{\"@id\":\"https:\\\/\\\/shrimataji.org\\\/test\\\/hu\\\/sahasrara-chakra\\\/#primaryimage\"},\"image\":{\"@id\":\"https:\\\/\\\/shrimataji.org\\\/test\\\/hu\\\/sahasrara-chakra\\\/#primaryimage\"},\"thumbnailUrl\":\"https:\\\/\\\/shrimataji.org\\\/test\\\/wp-content\\\/uploads\\\/2023\\\/03\\\/22_Banner-SY-Chakra-sahas-scaled.jpg\",\"datePublished\":\"2022-03-05T08:01:33+00:00\",\"dateModified\":\"2026-04-18T15:14:49+00:00\",\"breadcrumb\":{\"@id\":\"https:\\\/\\\/shrimataji.org\\\/test\\\/hu\\\/sahasrara-chakra\\\/#breadcrumb\"},\"inLanguage\":\"en-US\",\"potentialAction\":[{\"@type\":\"ReadAction\",\"target\":[\"https:\\\/\\\/shrimataji.org\\\/test\\\/hu\\\/sahasrara-chakra\\\/\"]}]},{\"@type\":\"ImageObject\",\"inLanguage\":\"en-US\",\"@id\":\"https:\\\/\\\/shrimataji.org\\\/test\\\/hu\\\/sahasrara-chakra\\\/#primaryimage\",\"url\":\"https:\\\/\\\/shrimataji.org\\\/test\\\/wp-content\\\/uploads\\\/2023\\\/03\\\/22_Banner-SY-Chakra-sahas-scaled.jpg\",\"contentUrl\":\"https:\\\/\\\/shrimataji.org\\\/test\\\/wp-content\\\/uploads\\\/2023\\\/03\\\/22_Banner-SY-Chakra-sahas-scaled.jpg\",\"width\":2560,\"height\":905},{\"@type\":\"BreadcrumbList\",\"@id\":\"https:\\\/\\\/shrimataji.org\\\/test\\\/hu\\\/sahasrara-chakra\\\/#breadcrumb\",\"itemListElement\":[{\"@type\":\"ListItem\",\"position\":1,\"name\":\"Home\",\"item\":\"https:\\\/\\\/shrimataji.org\\\/test\\\/uk\\\/home-en\\\/\"},{\"@type\":\"ListItem\",\"position\":2,\"name\":\"Sahasrara csakra\"}]},{\"@type\":\"WebSite\",\"@id\":\"https:\\\/\\\/shrimataji.org\\\/test\\\/#website\",\"url\":\"https:\\\/\\\/shrimataji.org\\\/test\\\/\",\"name\":\"Shri Mataji Nirmala Devi\",\"description\":\"A Life Dedicated to Humanity\",\"publisher\":{\"@id\":\"https:\\\/\\\/shrimataji.org\\\/test\\\/#\\\/schema\\\/person\\\/a1b3419c6585f164aa96da1ff85715d1\"},\"potentialAction\":[{\"@type\":\"SearchAction\",\"target\":{\"@type\":\"EntryPoint\",\"urlTemplate\":\"https:\\\/\\\/shrimataji.org\\\/test\\\/?s={search_term_string}\"},\"query-input\":{\"@type\":\"PropertyValueSpecification\",\"valueRequired\":true,\"valueName\":\"search_term_string\"}}],\"inLanguage\":\"en-US\"},{\"@type\":[\"Person\",\"Organization\"],\"@id\":\"https:\\\/\\\/shrimataji.org\\\/test\\\/#\\\/schema\\\/person\\\/a1b3419c6585f164aa96da1ff85715d1\",\"name\":\"Nirmala Shrivastava\",\"image\":{\"@type\":\"ImageObject\",\"inLanguage\":\"en-US\",\"@id\":\"https:\\\/\\\/shrimataji.org\\\/test\\\/wp-content\\\/uploads\\\/2023\\\/02\\\/SMO_LOGO-03.svg\",\"url\":\"https:\\\/\\\/shrimataji.org\\\/test\\\/wp-content\\\/uploads\\\/2023\\\/02\\\/SMO_LOGO-03.svg\",\"contentUrl\":\"https:\\\/\\\/shrimataji.org\\\/test\\\/wp-content\\\/uploads\\\/2023\\\/02\\\/SMO_LOGO-03.svg\",\"width\":\"1024\",\"height\":\"1024\",\"caption\":\"Nirmala Shrivastava\"},\"logo\":{\"@id\":\"https:\\\/\\\/shrimataji.org\\\/test\\\/wp-content\\\/uploads\\\/2023\\\/02\\\/SMO_LOGO-03.svg\"},\"sameAs\":[\"https:\\\/\\\/shrimataji.org\\\/test\",\"https:\\\/\\\/www.facebook.com\\\/shrimataji\",\"https:\\\/\\\/x.com\\\/shrimataji\",\"https:\\\/\\\/www.youtube.com\\\/@Shri_Mataji_Nirmala_Devi\\\/featured\"]}]}<\/script>\n<!-- \/ Yoast SEO plugin. -->","yoast_head_json":{"title":"Sahasrara csakra - TEST - SMND","robots":{"index":"noindex","follow":"follow","max-snippet":"max-snippet:-1","max-image-preview":"max-image-preview:large","max-video-preview":"max-video-preview:-1"},"og_locale":"en_US","og_type":"article","og_title":"Sahasrara csakra - TEST - SMND","og_description":"Sahasrara csakra Integr\u00e1ci\u00f3 A Sahasrara (ejtsd: szahaszr\u00e1ra) csakra (jelent\u00e9se: ezer) a fej\u00fcnk tetej\u00e9n tal\u00e1lhat\u00f3, \u00e9s a Homo sapiens evol\u00faci\u00f3s fejl\u0151d\u00e9s\u00e9nek cs\u00facspontj\u00e1t szimboliz\u00e1lja. Az emberi faj, amely a f\u00f6ldi \u00e9let 4,8 milli\u00e1rd \u00e9v\u00e9nek legv\u00e9g\u00e9n jelent meg, uralja az eg\u00e9sz bolyg\u00f3t az agy fejletts\u00e9g\u00e9nek k\u00f6sz\u00f6nhet\u0151en. Mi az emberi \u00e9let\u00fcnk c\u00e9lja? Csak az, hogy ezt az agyat valamilyen&hellip; Read more","og_url":"https:\/\/shrimataji.org\/test\/hu\/sahasrara-chakra\/","og_site_name":"TEST - SMND","article_publisher":"https:\/\/www.facebook.com\/shrimataji","article_modified_time":"2026-04-18T15:14:49+00:00","og_image":[{"width":2560,"height":905,"url":"https:\/\/shrimataji.org\/test\/wp-content\/uploads\/2023\/03\/22_Banner-SY-Chakra-sahas-scaled.jpg","type":"image\/jpeg"}],"twitter_card":"summary_large_image","twitter_site":"@shrimataji","twitter_misc":{"Est. reading time":"5 minutes"},"schema":{"@context":"https:\/\/schema.org","@graph":[{"@type":"WebPage","@id":"https:\/\/shrimataji.org\/test\/hu\/sahasrara-chakra\/","url":"https:\/\/shrimataji.org\/test\/hu\/sahasrara-chakra\/","name":"Sahasrara csakra - TEST - SMND","isPartOf":{"@id":"https:\/\/shrimataji.org\/test\/#website"},"primaryImageOfPage":{"@id":"https:\/\/shrimataji.org\/test\/hu\/sahasrara-chakra\/#primaryimage"},"image":{"@id":"https:\/\/shrimataji.org\/test\/hu\/sahasrara-chakra\/#primaryimage"},"thumbnailUrl":"https:\/\/shrimataji.org\/test\/wp-content\/uploads\/2023\/03\/22_Banner-SY-Chakra-sahas-scaled.jpg","datePublished":"2022-03-05T08:01:33+00:00","dateModified":"2026-04-18T15:14:49+00:00","breadcrumb":{"@id":"https:\/\/shrimataji.org\/test\/hu\/sahasrara-chakra\/#breadcrumb"},"inLanguage":"en-US","potentialAction":[{"@type":"ReadAction","target":["https:\/\/shrimataji.org\/test\/hu\/sahasrara-chakra\/"]}]},{"@type":"ImageObject","inLanguage":"en-US","@id":"https:\/\/shrimataji.org\/test\/hu\/sahasrara-chakra\/#primaryimage","url":"https:\/\/shrimataji.org\/test\/wp-content\/uploads\/2023\/03\/22_Banner-SY-Chakra-sahas-scaled.jpg","contentUrl":"https:\/\/shrimataji.org\/test\/wp-content\/uploads\/2023\/03\/22_Banner-SY-Chakra-sahas-scaled.jpg","width":2560,"height":905},{"@type":"BreadcrumbList","@id":"https:\/\/shrimataji.org\/test\/hu\/sahasrara-chakra\/#breadcrumb","itemListElement":[{"@type":"ListItem","position":1,"name":"Home","item":"https:\/\/shrimataji.org\/test\/uk\/home-en\/"},{"@type":"ListItem","position":2,"name":"Sahasrara csakra"}]},{"@type":"WebSite","@id":"https:\/\/shrimataji.org\/test\/#website","url":"https:\/\/shrimataji.org\/test\/","name":"Shri Mataji Nirmala Devi","description":"A Life Dedicated to Humanity","publisher":{"@id":"https:\/\/shrimataji.org\/test\/#\/schema\/person\/a1b3419c6585f164aa96da1ff85715d1"},"potentialAction":[{"@type":"SearchAction","target":{"@type":"EntryPoint","urlTemplate":"https:\/\/shrimataji.org\/test\/?s={search_term_string}"},"query-input":{"@type":"PropertyValueSpecification","valueRequired":true,"valueName":"search_term_string"}}],"inLanguage":"en-US"},{"@type":["Person","Organization"],"@id":"https:\/\/shrimataji.org\/test\/#\/schema\/person\/a1b3419c6585f164aa96da1ff85715d1","name":"Nirmala Shrivastava","image":{"@type":"ImageObject","inLanguage":"en-US","@id":"https:\/\/shrimataji.org\/test\/wp-content\/uploads\/2023\/02\/SMO_LOGO-03.svg","url":"https:\/\/shrimataji.org\/test\/wp-content\/uploads\/2023\/02\/SMO_LOGO-03.svg","contentUrl":"https:\/\/shrimataji.org\/test\/wp-content\/uploads\/2023\/02\/SMO_LOGO-03.svg","width":"1024","height":"1024","caption":"Nirmala Shrivastava"},"logo":{"@id":"https:\/\/shrimataji.org\/test\/wp-content\/uploads\/2023\/02\/SMO_LOGO-03.svg"},"sameAs":["https:\/\/shrimataji.org\/test","https:\/\/www.facebook.com\/shrimataji","https:\/\/x.com\/shrimataji","https:\/\/www.youtube.com\/@Shri_Mataji_Nirmala_Devi\/featured"]}]}},"lang":"hu","translations":{"hu":19557,"ur":37494,"en":6500,"am":18069,"th":20049,"sq":18470,"zh":17367,"hi":8335,"tr":10205,"pt":10415,"de":10689,"fr":10787,"it":10885,"es":10982,"ja":11280,"ru":11468,"bn":11659,"te":11767,"sw":11890,"he":12038,"el":12330,"sk":12428,"fa":12526,"fi":12624,"bg":13364,"ro":14438,"cs":14631,"nl":16630,"ku":16790,"ar":16966,"be":18677,"kn":18951,"mr":20413,"uk":20707,"ml":21002,"ta":22788,"sv":23058,"gu":28898,"pa":29058,"fil":29506,"da":37804,"pl":38014,"nn":38356},"pll_sync_post":[],"_links":{"self":[{"href":"https:\/\/shrimataji.org\/test\/wp-json\/wp\/v2\/pages\/19557","targetHints":{"allow":["GET"]}}],"collection":[{"href":"https:\/\/shrimataji.org\/test\/wp-json\/wp\/v2\/pages"}],"about":[{"href":"https:\/\/shrimataji.org\/test\/wp-json\/wp\/v2\/types\/page"}],"author":[{"embeddable":true,"href":"https:\/\/shrimataji.org\/test\/wp-json\/wp\/v2\/users\/1"}],"replies":[{"embeddable":true,"href":"https:\/\/shrimataji.org\/test\/wp-json\/wp\/v2\/comments?post=19557"}],"version-history":[{"count":0,"href":"https:\/\/shrimataji.org\/test\/wp-json\/wp\/v2\/pages\/19557\/revisions"}],"wp:featuredmedia":[{"embeddable":true,"href":"https:\/\/shrimataji.org\/test\/wp-json\/wp\/v2\/media\/19323"}],"wp:attachment":[{"href":"https:\/\/shrimataji.org\/test\/wp-json\/wp\/v2\/media?parent=19557"}],"curies":[{"name":"wp","href":"https:\/\/api.w.org\/{rel}","templated":true}]}}