{"id":19562,"date":"2018-07-10T06:54:42","date_gmt":"2018-07-10T06:54:42","guid":{"rendered":"http:\/\/testwordpress.nirmalnagari.org\/smnd\/index.php\/self-empowerment\/"},"modified":"2026-04-11T19:07:05","modified_gmt":"2026-04-11T19:07:05","slug":"self-empowerment","status":"publish","type":"page","link":"https:\/\/shrimataji.org\/test\/hu\/self-empowerment\/","title":{"rendered":"A benned rejl\u0151 lehet\u0151s\u00e9gek kibontakoztat\u00e1sa"},"content":{"rendered":"\n\n\t<h1>A benned rejl\u0151 lehet\u0151s\u00e9gek kibontakoztat\u00e1sa<\/h1>\n<h2>\u00d6nismereten kereszt\u00fcl<\/h2>\n\t<h4>Ha az egy\u00e9n \u00f6nrendelkez\u00e9s\u00e9t \u00fagy defini\u00e1lhatjuk, mint az \u00e9lete feletti egyre nagyobb kontroll, a nagyobb er\u0151 vagy a k\u00e9pess\u00e9geibe vetett fokozott bizalom megszerz\u00e9s\u00e9nek folyamat\u00e1t, akkor a Shri Mataji \u00e1ltal kidolgozott m\u00f3dszer a v\u00e9gs\u0151 eszk\u00f6z az \u00f6nrendelkez\u00e9s fel\u00e9, mert lehet\u0151v\u00e9 teszi az emberek sz\u00e1m\u00e1ra, hogy felszabad\u00edts\u00e1k az \u00f6nmagukban rejl\u0151 hatalmas potenci\u00e1lt, melynek fel\u00e9bred\u00e9se val\u00f3di \u00e1talakul\u00e1st eredm\u00e9nyez.<\/h4>\n\t<div class=\"su-quote su-quote-style-default\"><div class=\"su-quote-inner su-u-clearfix su-u-trim\">Mindez bel\u00e9d van \u00e9p\u00edtve. Engedd, hogy kibontakozzon, ahogy a vir\u00e1gnak is gy\u00fcm\u00f6lccs\u00e9 kell v\u00e1lni. <\/div><\/div>\n\t<p>Az olyan el\u0151ny\u00f6k mellett, mint az \u00e1ltal\u00e1nos k\u00f6z\u00e9rzet javul\u00e1sa, valamint a stresszel \u00e9s negat\u00edv hat\u00e1sokkal szembeni nagyobb ellen\u00e1ll\u00e1s, a Sahaja J\u00f3ga medit\u00e1ci\u00f3 rendszeres gyakorl\u00e1sa lehet\u0151v\u00e9 teszi a gyakorl\u00f3k sz\u00e1m\u00e1ra, hogy jobban meg\u00e9rts\u00e9k saj\u00e1t finomrendszer\u00fck \u00e1llapot\u00e1t &#8211; amely l\u00e9tfontoss\u00e1g\u00fa csatorn\u00e1k \u00e9s energiak\u00f6zpontok h\u00e1l\u00f3zat\u00e1b\u00f3l \u00e1ll -, \u00e9s fokozatosan elsaj\u00e1t\u00edts\u00e1k azokat az egyszer\u0171 technik\u00e1kat, amelyekkel helyre\u00e1ll\u00edthatj\u00e1k a bels\u0151 egyens\u00falyt \u00e9s harm\u00f3ni\u00e1t.<\/p>\n\t<p>Shri Mataji hangs\u00falyozta, hogy az \u00f6nmegval\u00f3sul\u00e1s az \u00f6nismerettel kezd\u0151dik. A Sahaja J\u00f3ga medit\u00e1ci\u00f3 gyakorl\u00f3i heteken bel\u00fcl egy \u00faj \u00e9s finomabb val\u00f3s\u00e1gtudatot fejlesztenek ki, amelyet vibr\u00e1ci\u00f3s tudatoss\u00e1gnak neveznek, \u00e9s amely k\u00e9pess\u00e9 teszi \u0151ket arra, hogy felm\u00e9rj\u00e9k a k\u00f6rnyezet\u00fckben l\u00e9v\u0151 vibr\u00e1ci\u00f3k min\u0151s\u00e9g\u00e9t, valamint diagnosztiz\u00e1lj\u00e1k saj\u00e1t bels\u0151 \u00e1llapotukat. Az elemek (leveg\u0151, v\u00edz, t\u0171z, f\u00f6ld) haszn\u00e1lat\u00e1val sz\u00e1mos technika \u00e9s kezel\u00e9s alkalmazhat\u00f3 a t\u00fal magas vagy alacsony energiaszintek korrig\u00e1l\u00e1s\u00e1ra, mindezt a kezek \u00e9s a test bizonyos ter\u00fcletein k\u00e9zzelfoghat\u00f3an \u00e9rz\u00e9kelhet\u0151 \u00e9rzetek alapj\u00e1n.<\/p>\n\t<p>A legfontosabb, hogy a val\u00f3di medit\u00e1ci\u00f3 megtapasztal\u00e1sa, melyet a gondolatmentes tudatoss\u00e1g \u00e9s a bels\u0151 b\u00e9ke \u00e1llapotak\u00e9nt defini\u00e1lnak, seg\u00edt semleges\u00edteni az egyens\u00falyzavarokat, amelyek gyakran a t\u00falzott gondolkod\u00e1s vagy agg\u00f3d\u00e1s eredm\u00e9nyek\u00e9nt j\u00f6nnek l\u00e9tre. Ez a folyamat viszont n\u00f6veli az \u00f6nkontrollt, a koncentr\u00e1ci\u00f3s k\u00e9pess\u00e9get \u00e9s az \u00f6nbecs\u00fcl\u00e9st.<\/p>\n<p>\u00c1tfog\u00f3bb gyakorl\u00e1ssal a finom vibr\u00e1ci\u00f3k tudatos \u00e9rz\u00e9kel\u00e9se d\u00f6nt\u00e9shozatali eszk\u00f6zz\u00e9 v\u00e1lhat, n\u00f6velve a gyakorl\u00f3k azon k\u00e9pess\u00e9g\u00e9t, hogy pontosabban felm\u00e9rj\u00e9k egy helyzet minden oldal\u00e1t. A medit\u00e1ci\u00f3 \u00e9s az ahhoz tartoz\u00f3 tippek \u00e9s technik\u00e1k seg\u00edthetik a fokozatos \u00e1talakul\u00e1sunkat, valamint azt, hogy pozit\u00edvan tudjuk befoly\u00e1solni a k\u00f6rnyezet\u00fcnket.<\/p>\n<figure itemscope itemtype=\"https:\/\/schema.org\/ImageObject\">\n\t\t\t\t<img decoding=\"async\" src=\"https:\/\/shrimataji.org\/test\/wp-content\/uploads\/2020\/08\/self-empowerment-through-meditation.jpg\" alt=\"self-empowerment-through-meditation\" height=\"321\" width=\"489\" title=\"self-empowerment-through-meditation\" onerror=\"this.style.display='none'\" loading=\"lazy\" \/>\n\t<\/figure>\n\t<div class=\"su-quote su-quote-style-default\"><div class=\"su-quote-inner su-u-clearfix su-u-trim\">T\u00fal kell l\u00e9pned ezen az elm\u00e9n, \u00e9s ehhez a leghasznosabb dolog a Kundalini fel\u00e9bred\u00e9se, mert \u00e1thalad a limbikus ter\u00fcleteden, \u00e1thatol a kutacsod ter\u00fclet\u00e9n, \u00e9s egyszer\u0171en felrep\u00edt, kivisz a val\u00f3s\u00e1g birodalm\u00e1ba, \u00e9s a j\u00f3ga az agyad, azt kell mondanom, a sz\u00edved, \u00e9s e mindent \u00e1that\u00f3 er\u0151 k\u00f6z\u00f6tt zajlik.<\/div><\/div>\n\t<p>Az igazi \u00f6nrendelkez\u00e9s a Sahaja J\u00f3ga medit\u00e1ci\u00f3 gyakorl\u00e1s\u00e1n kereszt\u00fcl \u00e9rhet\u0151 el, amely automatikusan \u00f6sszekapcsol minket a mindent \u00e1that\u00f3 univerz\u00e1lis er\u0151 legmagasabb forr\u00e1s\u00e1val, az \u00f6r\u00f6k L\u00e9lekkel, amely a sz\u00edv\u00fcnkben lakozik.<\/p>\n\t<div class=\"su-quote su-quote-style-default\"><div class=\"su-quote-inner su-u-clearfix su-u-trim\">A megvil\u00e1gosodott egy olyan szem\u00e9lyis\u00e9get jelent, egy megvil\u00e1gosult szem\u00e9lyis\u00e9get, aki t\u00fall\u00e9p az elm\u00e9n, mivel kapcsolatban \u00e1ll az isteni szeretet mindent \u00e1that\u00f3 erej\u00e9vel. Ennek eredm\u00e9nyek\u00e9nt ebben a szem\u00e9lyben minden ir\u00e1ny\u00edt\u00e1st, seg\u00edts\u00e9get megkap&#8230; Ez az er\u0151 olyan nagy, hogy gondoskodik r\u00f3lad, mindent megszervez, gondolkodik, meg\u00e9rt, ez maga a b\u00f6lcsess\u00e9g&#8230;<\/div><\/div>\n\n","protected":false},"excerpt":{"rendered":"<p>A benned rejl\u0151 lehet\u0151s\u00e9gek kibontakoztat\u00e1sa \u00d6nismereten kereszt\u00fcl Ha az egy\u00e9n \u00f6nrendelkez\u00e9s\u00e9t \u00fagy defini\u00e1lhatjuk, mint az \u00e9lete feletti egyre nagyobb kontroll, a nagyobb er\u0151 vagy a k\u00e9pess\u00e9geibe vetett fokozott bizalom megszerz\u00e9s\u00e9nek folyamat\u00e1t, akkor a Shri Mataji \u00e1ltal kidolgozott m\u00f3dszer a v\u00e9gs\u0151 eszk\u00f6z az \u00f6nrendelkez\u00e9s fel\u00e9, mert lehet\u0151v\u00e9 teszi az emberek sz\u00e1m\u00e1ra, hogy felszabad\u00edts\u00e1k az \u00f6nmagukban rejl\u0151&hellip; <br \/> <a class=\"read-more\" href=\"https:\/\/shrimataji.org\/test\/hu\/self-empowerment\/\">Read more<\/a><\/p>\n","protected":false},"author":1,"featured_media":19329,"parent":0,"menu_order":0,"comment_status":"closed","ping_status":"closed","template":"","meta":{"inline_featured_image":false,"footnotes":""},"class_list":["post-19562","page","type-page","status-publish","has-post-thumbnail","hentry"],"yoast_head":"<!-- This site is optimized with the Yoast SEO plugin v27.4 - https:\/\/yoast.com\/product\/yoast-seo-wordpress\/ -->\n<title>A benned rejl\u0151 lehet\u0151s\u00e9gek kibontakoztat\u00e1sa - TEST - SMND<\/title>\n<meta name=\"robots\" content=\"noindex, follow, max-snippet:-1, max-image-preview:large, max-video-preview:-1\" \/>\n<meta property=\"og:locale\" content=\"en_US\" \/>\n<meta property=\"og:type\" content=\"article\" \/>\n<meta property=\"og:title\" content=\"A benned rejl\u0151 lehet\u0151s\u00e9gek kibontakoztat\u00e1sa - TEST - SMND\" \/>\n<meta property=\"og:description\" content=\"A benned rejl\u0151 lehet\u0151s\u00e9gek kibontakoztat\u00e1sa \u00d6nismereten kereszt\u00fcl Ha az egy\u00e9n \u00f6nrendelkez\u00e9s\u00e9t \u00fagy defini\u00e1lhatjuk, mint az \u00e9lete feletti egyre nagyobb kontroll, a nagyobb er\u0151 vagy a k\u00e9pess\u00e9geibe vetett fokozott bizalom megszerz\u00e9s\u00e9nek folyamat\u00e1t, akkor a Shri Mataji \u00e1ltal kidolgozott m\u00f3dszer a v\u00e9gs\u0151 eszk\u00f6z az \u00f6nrendelkez\u00e9s fel\u00e9, mert lehet\u0151v\u00e9 teszi az emberek sz\u00e1m\u00e1ra, hogy felszabad\u00edts\u00e1k az \u00f6nmagukban rejl\u0151&hellip; Read more\" \/>\n<meta property=\"og:url\" content=\"https:\/\/shrimataji.org\/test\/hu\/self-empowerment\/\" \/>\n<meta property=\"og:site_name\" content=\"TEST - SMND\" \/>\n<meta property=\"article:publisher\" content=\"https:\/\/www.facebook.com\/shrimataji\" \/>\n<meta property=\"article:modified_time\" content=\"2026-04-11T19:07:05+00:00\" \/>\n<meta property=\"og:image\" content=\"https:\/\/shrimataji.org\/test\/wp-content\/uploads\/2023\/03\/24_Banner-SY-Empower-scaled.jpg\" \/>\n\t<meta property=\"og:image:width\" content=\"2560\" \/>\n\t<meta property=\"og:image:height\" content=\"905\" \/>\n\t<meta property=\"og:image:type\" content=\"image\/jpeg\" \/>\n<meta name=\"twitter:card\" content=\"summary_large_image\" \/>\n<meta name=\"twitter:site\" content=\"@shrimataji\" \/>\n<meta name=\"twitter:label1\" content=\"Est. reading time\" \/>\n\t<meta name=\"twitter:data1\" content=\"3 minutes\" \/>\n<script type=\"application\/ld+json\" class=\"yoast-schema-graph\">{\"@context\":\"https:\\\/\\\/schema.org\",\"@graph\":[{\"@type\":\"WebPage\",\"@id\":\"https:\\\/\\\/shrimataji.org\\\/test\\\/hu\\\/self-empowerment\\\/\",\"url\":\"https:\\\/\\\/shrimataji.org\\\/test\\\/hu\\\/self-empowerment\\\/\",\"name\":\"A benned rejl\u0151 lehet\u0151s\u00e9gek kibontakoztat\u00e1sa - TEST - SMND\",\"isPartOf\":{\"@id\":\"https:\\\/\\\/shrimataji.org\\\/test\\\/#website\"},\"primaryImageOfPage\":{\"@id\":\"https:\\\/\\\/shrimataji.org\\\/test\\\/hu\\\/self-empowerment\\\/#primaryimage\"},\"image\":{\"@id\":\"https:\\\/\\\/shrimataji.org\\\/test\\\/hu\\\/self-empowerment\\\/#primaryimage\"},\"thumbnailUrl\":\"https:\\\/\\\/shrimataji.org\\\/test\\\/wp-content\\\/uploads\\\/2023\\\/03\\\/24_Banner-SY-Empower-scaled.jpg\",\"datePublished\":\"2018-07-10T06:54:42+00:00\",\"dateModified\":\"2026-04-11T19:07:05+00:00\",\"breadcrumb\":{\"@id\":\"https:\\\/\\\/shrimataji.org\\\/test\\\/hu\\\/self-empowerment\\\/#breadcrumb\"},\"inLanguage\":\"en-US\",\"potentialAction\":[{\"@type\":\"ReadAction\",\"target\":[\"https:\\\/\\\/shrimataji.org\\\/test\\\/hu\\\/self-empowerment\\\/\"]}]},{\"@type\":\"ImageObject\",\"inLanguage\":\"en-US\",\"@id\":\"https:\\\/\\\/shrimataji.org\\\/test\\\/hu\\\/self-empowerment\\\/#primaryimage\",\"url\":\"https:\\\/\\\/shrimataji.org\\\/test\\\/wp-content\\\/uploads\\\/2023\\\/03\\\/24_Banner-SY-Empower-scaled.jpg\",\"contentUrl\":\"https:\\\/\\\/shrimataji.org\\\/test\\\/wp-content\\\/uploads\\\/2023\\\/03\\\/24_Banner-SY-Empower-scaled.jpg\",\"width\":2560,\"height\":905},{\"@type\":\"BreadcrumbList\",\"@id\":\"https:\\\/\\\/shrimataji.org\\\/test\\\/hu\\\/self-empowerment\\\/#breadcrumb\",\"itemListElement\":[{\"@type\":\"ListItem\",\"position\":1,\"name\":\"Home\",\"item\":\"https:\\\/\\\/shrimataji.org\\\/test\\\/uk\\\/home-en\\\/\"},{\"@type\":\"ListItem\",\"position\":2,\"name\":\"A benned rejl\u0151 lehet\u0151s\u00e9gek kibontakoztat\u00e1sa\"}]},{\"@type\":\"WebSite\",\"@id\":\"https:\\\/\\\/shrimataji.org\\\/test\\\/#website\",\"url\":\"https:\\\/\\\/shrimataji.org\\\/test\\\/\",\"name\":\"Shri Mataji Nirmala Devi\",\"description\":\"A Life Dedicated to Humanity\",\"publisher\":{\"@id\":\"https:\\\/\\\/shrimataji.org\\\/test\\\/#\\\/schema\\\/person\\\/a1b3419c6585f164aa96da1ff85715d1\"},\"potentialAction\":[{\"@type\":\"SearchAction\",\"target\":{\"@type\":\"EntryPoint\",\"urlTemplate\":\"https:\\\/\\\/shrimataji.org\\\/test\\\/?s={search_term_string}\"},\"query-input\":{\"@type\":\"PropertyValueSpecification\",\"valueRequired\":true,\"valueName\":\"search_term_string\"}}],\"inLanguage\":\"en-US\"},{\"@type\":[\"Person\",\"Organization\"],\"@id\":\"https:\\\/\\\/shrimataji.org\\\/test\\\/#\\\/schema\\\/person\\\/a1b3419c6585f164aa96da1ff85715d1\",\"name\":\"Nirmala Shrivastava\",\"image\":{\"@type\":\"ImageObject\",\"inLanguage\":\"en-US\",\"@id\":\"https:\\\/\\\/shrimataji.org\\\/test\\\/wp-content\\\/uploads\\\/2023\\\/02\\\/SMO_LOGO-03.svg\",\"url\":\"https:\\\/\\\/shrimataji.org\\\/test\\\/wp-content\\\/uploads\\\/2023\\\/02\\\/SMO_LOGO-03.svg\",\"contentUrl\":\"https:\\\/\\\/shrimataji.org\\\/test\\\/wp-content\\\/uploads\\\/2023\\\/02\\\/SMO_LOGO-03.svg\",\"width\":\"1024\",\"height\":\"1024\",\"caption\":\"Nirmala Shrivastava\"},\"logo\":{\"@id\":\"https:\\\/\\\/shrimataji.org\\\/test\\\/wp-content\\\/uploads\\\/2023\\\/02\\\/SMO_LOGO-03.svg\"},\"sameAs\":[\"https:\\\/\\\/shrimataji.org\\\/test\",\"https:\\\/\\\/www.facebook.com\\\/shrimataji\",\"https:\\\/\\\/x.com\\\/shrimataji\",\"https:\\\/\\\/www.youtube.com\\\/@Shri_Mataji_Nirmala_Devi\\\/featured\"]}]}<\/script>\n<!-- \/ Yoast SEO plugin. -->","yoast_head_json":{"title":"A benned rejl\u0151 lehet\u0151s\u00e9gek kibontakoztat\u00e1sa - TEST - SMND","robots":{"index":"noindex","follow":"follow","max-snippet":"max-snippet:-1","max-image-preview":"max-image-preview:large","max-video-preview":"max-video-preview:-1"},"og_locale":"en_US","og_type":"article","og_title":"A benned rejl\u0151 lehet\u0151s\u00e9gek kibontakoztat\u00e1sa - TEST - SMND","og_description":"A benned rejl\u0151 lehet\u0151s\u00e9gek kibontakoztat\u00e1sa \u00d6nismereten kereszt\u00fcl Ha az egy\u00e9n \u00f6nrendelkez\u00e9s\u00e9t \u00fagy defini\u00e1lhatjuk, mint az \u00e9lete feletti egyre nagyobb kontroll, a nagyobb er\u0151 vagy a k\u00e9pess\u00e9geibe vetett fokozott bizalom megszerz\u00e9s\u00e9nek folyamat\u00e1t, akkor a Shri Mataji \u00e1ltal kidolgozott m\u00f3dszer a v\u00e9gs\u0151 eszk\u00f6z az \u00f6nrendelkez\u00e9s fel\u00e9, mert lehet\u0151v\u00e9 teszi az emberek sz\u00e1m\u00e1ra, hogy felszabad\u00edts\u00e1k az \u00f6nmagukban rejl\u0151&hellip; Read more","og_url":"https:\/\/shrimataji.org\/test\/hu\/self-empowerment\/","og_site_name":"TEST - SMND","article_publisher":"https:\/\/www.facebook.com\/shrimataji","article_modified_time":"2026-04-11T19:07:05+00:00","og_image":[{"width":2560,"height":905,"url":"https:\/\/shrimataji.org\/test\/wp-content\/uploads\/2023\/03\/24_Banner-SY-Empower-scaled.jpg","type":"image\/jpeg"}],"twitter_card":"summary_large_image","twitter_site":"@shrimataji","twitter_misc":{"Est. reading time":"3 minutes"},"schema":{"@context":"https:\/\/schema.org","@graph":[{"@type":"WebPage","@id":"https:\/\/shrimataji.org\/test\/hu\/self-empowerment\/","url":"https:\/\/shrimataji.org\/test\/hu\/self-empowerment\/","name":"A benned rejl\u0151 lehet\u0151s\u00e9gek kibontakoztat\u00e1sa - TEST - SMND","isPartOf":{"@id":"https:\/\/shrimataji.org\/test\/#website"},"primaryImageOfPage":{"@id":"https:\/\/shrimataji.org\/test\/hu\/self-empowerment\/#primaryimage"},"image":{"@id":"https:\/\/shrimataji.org\/test\/hu\/self-empowerment\/#primaryimage"},"thumbnailUrl":"https:\/\/shrimataji.org\/test\/wp-content\/uploads\/2023\/03\/24_Banner-SY-Empower-scaled.jpg","datePublished":"2018-07-10T06:54:42+00:00","dateModified":"2026-04-11T19:07:05+00:00","breadcrumb":{"@id":"https:\/\/shrimataji.org\/test\/hu\/self-empowerment\/#breadcrumb"},"inLanguage":"en-US","potentialAction":[{"@type":"ReadAction","target":["https:\/\/shrimataji.org\/test\/hu\/self-empowerment\/"]}]},{"@type":"ImageObject","inLanguage":"en-US","@id":"https:\/\/shrimataji.org\/test\/hu\/self-empowerment\/#primaryimage","url":"https:\/\/shrimataji.org\/test\/wp-content\/uploads\/2023\/03\/24_Banner-SY-Empower-scaled.jpg","contentUrl":"https:\/\/shrimataji.org\/test\/wp-content\/uploads\/2023\/03\/24_Banner-SY-Empower-scaled.jpg","width":2560,"height":905},{"@type":"BreadcrumbList","@id":"https:\/\/shrimataji.org\/test\/hu\/self-empowerment\/#breadcrumb","itemListElement":[{"@type":"ListItem","position":1,"name":"Home","item":"https:\/\/shrimataji.org\/test\/uk\/home-en\/"},{"@type":"ListItem","position":2,"name":"A benned rejl\u0151 lehet\u0151s\u00e9gek kibontakoztat\u00e1sa"}]},{"@type":"WebSite","@id":"https:\/\/shrimataji.org\/test\/#website","url":"https:\/\/shrimataji.org\/test\/","name":"Shri Mataji Nirmala Devi","description":"A Life Dedicated to Humanity","publisher":{"@id":"https:\/\/shrimataji.org\/test\/#\/schema\/person\/a1b3419c6585f164aa96da1ff85715d1"},"potentialAction":[{"@type":"SearchAction","target":{"@type":"EntryPoint","urlTemplate":"https:\/\/shrimataji.org\/test\/?s={search_term_string}"},"query-input":{"@type":"PropertyValueSpecification","valueRequired":true,"valueName":"search_term_string"}}],"inLanguage":"en-US"},{"@type":["Person","Organization"],"@id":"https:\/\/shrimataji.org\/test\/#\/schema\/person\/a1b3419c6585f164aa96da1ff85715d1","name":"Nirmala Shrivastava","image":{"@type":"ImageObject","inLanguage":"en-US","@id":"https:\/\/shrimataji.org\/test\/wp-content\/uploads\/2023\/02\/SMO_LOGO-03.svg","url":"https:\/\/shrimataji.org\/test\/wp-content\/uploads\/2023\/02\/SMO_LOGO-03.svg","contentUrl":"https:\/\/shrimataji.org\/test\/wp-content\/uploads\/2023\/02\/SMO_LOGO-03.svg","width":"1024","height":"1024","caption":"Nirmala Shrivastava"},"logo":{"@id":"https:\/\/shrimataji.org\/test\/wp-content\/uploads\/2023\/02\/SMO_LOGO-03.svg"},"sameAs":["https:\/\/shrimataji.org\/test","https:\/\/www.facebook.com\/shrimataji","https:\/\/x.com\/shrimataji","https:\/\/www.youtube.com\/@Shri_Mataji_Nirmala_Devi\/featured"]}]}},"lang":"hu","translations":{"hu":19562,"ur":37498,"en":401,"am":18073,"th":20055,"sq":18474,"zh":17371,"hi":8356,"tr":10208,"pt":10418,"de":10692,"fr":10790,"it":10888,"es":10985,"ja":11283,"ru":11471,"bn":11662,"te":11770,"sw":11893,"he":12041,"el":12333,"sk":12431,"fa":12529,"fi":12627,"bg":13476,"ro":14548,"cs":14741,"nl":16634,"ku":16794,"ar":16970,"be":18681,"kn":18955,"mr":20419,"uk":20713,"ml":21008,"ta":22792,"sv":23062,"gu":28902,"pa":29062,"fil":29510,"da":37808,"pl":38018,"nn":38360},"pll_sync_post":[],"_links":{"self":[{"href":"https:\/\/shrimataji.org\/test\/wp-json\/wp\/v2\/pages\/19562","targetHints":{"allow":["GET"]}}],"collection":[{"href":"https:\/\/shrimataji.org\/test\/wp-json\/wp\/v2\/pages"}],"about":[{"href":"https:\/\/shrimataji.org\/test\/wp-json\/wp\/v2\/types\/page"}],"author":[{"embeddable":true,"href":"https:\/\/shrimataji.org\/test\/wp-json\/wp\/v2\/users\/1"}],"replies":[{"embeddable":true,"href":"https:\/\/shrimataji.org\/test\/wp-json\/wp\/v2\/comments?post=19562"}],"version-history":[{"count":0,"href":"https:\/\/shrimataji.org\/test\/wp-json\/wp\/v2\/pages\/19562\/revisions"}],"wp:featuredmedia":[{"embeddable":true,"href":"https:\/\/shrimataji.org\/test\/wp-json\/wp\/v2\/media\/19329"}],"wp:attachment":[{"href":"https:\/\/shrimataji.org\/test\/wp-json\/wp\/v2\/media?parent=19562"}],"curies":[{"name":"wp","href":"https:\/\/api.w.org\/{rel}","templated":true}]}}