{"id":19566,"date":"2018-07-10T06:54:42","date_gmt":"2018-07-10T06:54:42","guid":{"rendered":"http:\/\/testwordpress.nirmalnagari.org\/smnd\/index.php\/life\/"},"modified":"2026-04-11T19:51:36","modified_gmt":"2026-04-11T19:51:36","slug":"shrimataji","status":"publish","type":"page","link":"https:\/\/shrimataji.org\/test\/hu\/shrimataji\/","title":{"rendered":"Shri Mataji"},"content":{"rendered":"\n\n\t<h1>Shri Mataji<\/h1>\n<h2>Egy \u00e9letre sz\u00f3l\u00f3 elk\u00f6telez\u0151d\u00e9s \u00e9letrajza<\/h2>\n<h4>F\u00e1radhatatlanul utazta be a vil\u00e1got t\u00f6bb ezer kilom\u00e9tert megt\u00e9ve, t\u00e1voli falvakt\u00f3l v\u00e1rosokig \u00e9s metropoliszokig, \u00f6nzetlen\u00fcl osztotta meg emberek milli\u00f3ival egyed\u00fcl\u00e1ll\u00f3 felfedez\u00e9s\u00e9t az <a href=\"https:\/\/shrimataji.org\/test\/self-realization\/\" target=\"_blank\" rel=\"noopener\">\u00f6nmegval\u00f3sul\u00e1s<\/a> \u00e9lm\u00e9ny\u00e9t, az igazi spiritu\u00e1lis megvil\u00e1gosod\u00e1st, forradalmas\u00edtotta a bels\u0151 \u00e1talakul\u00e1son alapul\u00f3 t\u00e1rsadalmi v\u00e1ltoz\u00e1st &#8211; mindezek \u00e9s sok m\u00e1s ehhez hasonl\u00f3 \u00e9rt\u00e9kes pillanat betekint\u00e9st ny\u00fajt Shri Mataji eg\u00e9sz \u00e9leten \u00e1t tart\u00f3, az emberis\u00e9g j\u00f3l\u00e9t\u00e9\u00e9rt v\u00e9gzett elk\u00f6telezett munk\u00e1j\u00e1ba.<\/h4>\n\t<p>Nirmala Shrivastava, akit a Shri Mataji Nirmala Devi tiszteletbeli n\u00e9ven ismernek, 1923. m\u00e1rcius 21-\u00e9n sz\u00fcletett az indiai Chhindwar\u00e1ban. Kereszt\u00e9ny csal\u00e1dban sz\u00fcletett, sz\u00fclei, Prasad \u00e9s Cornelia Salve, a Nirmala nevet v\u00e1lasztott\u00e1k neki, ami \u201eszepl\u0151telent&#8221; jelent. Apja, \u00fcgyv\u00e9d \u00e9s 14 nyelven foly\u00e9konyan besz\u00e9l\u0151 tud\u00f3s volt, leford\u00edtotta hindi nyelvre a Kor\u00e1nt. \u00c9desanyja volt az els\u0151 n\u0151 Indi\u00e1ban, aki kit\u00fcntet\u00e9ssel szerezte meg matematikusi diplom\u00e1j\u00e1t.<\/p>\n<p>Shri Mataji m\u00e1r eg\u00e9szen fiatal kor\u00e1t\u00f3l kezdve elfoglalta mag\u00e1t a k\u00f6r\u00fcl\u00f6tte l\u00e9v\u0151 vil\u00e1ggal. M\u00edg sz\u00fclei akt\u00edvan r\u00e9szt vettek az indiai f\u00fcggetlens\u00e9gi k\u00fczdelemben, Shri Mataji m\u00e1r gyermekk\u00e9nt mag\u00e1ra v\u00e1llalta a h\u00e1ztart\u00e1s vezet\u00e9s\u00e9t. Mahatma Gandhi, akinek az asramj\u00e1t m\u00e1r fiatalon gyakran l\u00e1togatta, spiritu\u00e1lis csodagyereket ismert fel benne. Gyakran konzult\u00e1lt vele a napi im\u00e1kr\u00f3l. Iskol\u00e1s bar\u00e1tai is hozz\u00e1 fordultak tan\u00e1cs\u00e9rt \u00e9s t\u00e1mogat\u00e1s\u00e9rt.<\/p>\n<p>Shri Mataji orvostudom\u00e1nyt tanult a Ludhianai Kereszt\u00e9ny Orvosi F\u0151iskol\u00e1n \u00e9s a Lahore-i Balakram Orvosi F\u0151iskol\u00e1n. Fiatal n\u0151k\u00e9nt r\u00e9szt vett a f\u00fcggetlens\u00e9gi k\u00fczdelemben, \u00e9s f\u0151iskolai t\u00e1rsait vezette a Quit India (Hagyj\u00e1tok el Indi\u00e1t) mozgalomban. 1942-ben b\u00f6rt\u00f6nbe z\u00e1rt\u00e1k a mozgalomban val\u00f3 r\u00e9szv\u00e9tele miatt.<\/p>\n<figure itemscope itemtype=\"https:\/\/schema.org\/ImageObject\">\n\t\t\t\t<img decoding=\"async\" src=\"https:\/\/shrimataji.org\/test\/wp-content\/uploads\/2018\/07\/media_originals\/images\/shri-mataji-portraits\/shri-mataji-in-delhi-india-feb-1983-683x1024.jpg\" alt=\"Shri Mataji in Delhi, ca. 09.02.1983\" height=\"1024\" width=\"683\" title=\"shri-mataji-in-delhi-india-feb-1983\" onerror=\"this.style.display='none'\" loading=\"lazy\" \/>\n\t\t\n\t<\/figure>\n\t<p>1947-ben feles\u00e9g\u00fcl ment\u00a0<a href=\"https:\/\/shrimataji.org\/test\/sir-c-p-srivastava-3\/\" target=\"_blank\" rel=\"noopener\">Chandrika Prasad Shrivastav\u00e1hoz<\/a>, egy magas rang\u00fa indiai k\u00f6ztisztvisel\u0151h\u00f6z, aki p\u00e1lyafut\u00e1sa sor\u00e1n Lal Bahadur Shastri indiai minisztereln\u00f6k szem\u00e9lyi titk\u00e1rak\u00e9nt szolg\u00e1lt, majd n\u00e9gy egym\u00e1st k\u00f6vet\u0151 ciklusban az Egyes\u00fclt Nemzetek Nemzetk\u00f6zi Tenger\u00e9szeti Szervezet\u00e9nek f\u0151titk\u00e1ri posztj\u00e1t t\u00f6lt\u00f6tte be. K\u00e9t l\u00e1nyuk sz\u00fcletett. Ez id\u0151 alatt, mik\u00f6zben l\u00e1nyait nevelte \u00e9s t\u00e1mogatta kiv\u00e1l\u00f3 f\u00e9rje karrierj\u00e9t, Shri Mataji tov\u00e1bbra is j\u00f3indulat\u00fa \u00e9rdekl\u0151d\u00e9st mutatott a k\u00f6r\u00fcl\u00f6tte l\u00e9v\u0151 vil\u00e1g ir\u00e1nt. Sokf\u00e9le emberrel tal\u00e1lkozott, akik k\u00fcl\u00f6nb\u00f6z\u0151 orsz\u00e1gokb\u00f3l, kult\u00far\u00e1kb\u00f3l, j\u00f6vedelmi r\u00e9tegekb\u0151l \u00e9s h\u00e1tterekb\u0151l \u00e9rkeztek, \u00e9s \u0151szinte tisztelettel viszonyult hozz\u00e1juk. Ak\u00e1r \u00e1llami \u00fcgyekr\u0151l besz\u00e9lgetett fontos vezet\u0151kkel, ak\u00e1r csal\u00e1di probl\u00e9m\u00e1kr\u00f3l egy taxisof\u0151rrel, mindig nyitottan figyelt \u00e9s meg\u00e9rt\u0151 volt. Fell\u00e1zadt az el\u0151\u00edt\u00e9letek ellen, v\u00e9delmet ny\u00fajtott a r\u00e1szorul\u00f3knak, j\u00f3t\u00e9konys\u00e1gi munk\u00e1t v\u00e9gzett, a zene \u00e9s a film r\u00e9v\u00e9n \u00f6szt\u00f6n\u00f6zte a kult\u00far\u00e1t, m\u0171velte a f\u00f6ldet \u00e9s zs\u00fafolt h\u00e1ztart\u00e1st vezetett. Szeret\u0151 feles\u00e9g, anya \u00e9s n\u0151v\u00e9r volt, \u00e9s v\u00e9g\u00fcl nagymama \u00e9s d\u00e9dnagymama lett.<\/p>\n<p>Folyamatosan m\u00e9ly\u00edtette az emberi term\u00e9szetr\u0151l alkotott ismeret\u00e9t, figyelm\u00e9t arra \u00f6sszpontos\u00edtva, hogyan seg\u00edthet az embereknek a legmagasabb potenci\u00e1ljuk el\u00e9r\u00e9s\u00e9ben. Meg\u00e9rtette, hogy egy ilyen \u00e1talakul\u00e1s csak az \u00f6nmegval\u00f3sul\u00e1s folyamat\u00e1n kereszt\u00fcl t\u00f6rt\u00e9nhet meg, ami a mindannyiunkban jelen l\u00e9v\u0151, be\u00e9p\u00edtett finomenergia (<a href=\"https:\/\/shrimataji.org\/test\/kundalini\/\" target=\"_blank\" rel=\"noopener\">Kundalini<\/a>) aktiv\u00e1l\u00e1sa. Ennek az energi\u00e1nak a fel\u00e9bred\u00e9s\u00e9t \u0151 maga is megtapasztalta, miel\u0151tt \u00e9let\u00e9t annak szentelte volna, hogy azt megossza m\u00e1sokkal.<\/p>\n<p><a href=\"https:\/\/shrimataji.org\/test\/a-pivotal-moment\/\" target=\"_blank\" rel=\"noopener\">1970. m\u00e1jus 5-\u00e9n<\/a>\u00a0Shri Mataji megkezdte spiritu\u00e1lis munk\u00e1j\u00e1t. 47 \u00e9ves kor\u00e1ban tal\u00e1lt egy utat \u00e9s kidolgozott egy m\u00f3dszert a t\u00f6meges \u00f6nmegval\u00f3sul\u00e1s megad\u00e1s\u00e1ra. Arra v\u00e1gyott, hogy val\u00f3di \u00e9lm\u00e9nyt ny\u00fajtson az embereknek, amelyet felhaszn\u00e1lhatnak \u00f6nmaguk \u00e1talak\u00edt\u00e1s\u00e1ra \u00e9s gy\u00f3gy\u00edt\u00e1s\u00e1ra. Sok \u00fagynevezett guruval ellent\u00e9tben, akik kihaszn\u00e1lt\u00e1k a spiritu\u00e1lis tud\u00e1st keres\u0151 embereket, Shri Mataji mag\u00e1t a keres\u0151t akarta felruh\u00e1zni ezzel a tud\u00e1ssal. El\u00edt\u00e9lte az ilyen hamis gurukat, \u00e9s eg\u00e9sz \u00e9let\u00e9ben \u00f3va intett a csal\u00e1rd \u00e9s vissza\u00e9l\u00e9sszer\u0171 spiritu\u00e1lis gyakorlatokt\u00f3l.<\/p>\n<p>Amikor f\u00e9rje az ENSZ Tenger\u00e9szeti Szervezet\u00e9nek f\u0151titk\u00e1ra lett, Shri Mataji vele egy\u00fctt Londonba k\u00f6lt\u00f6z\u00f6tt, \u00e9s egy kis csoporttal kezdte meg spiritu\u00e1lis munk\u00e1j\u00e1t. Bej\u00e1rta az Egyes\u00fclt Kir\u00e1lys\u00e1got, el\u0151ad\u00e1sokat tartott, \u00e9s \u00f6nmegval\u00f3sul\u00e1st adott. Soha nem k\u00e9rt p\u00e9nzt ezek\u00e9rt a programok\u00e9rt, ragaszkodva ahhoz, hogy a minden emberben szunnyad\u00f3 spiritu\u00e1lis energia fel\u00e9breszt\u00e9se sz\u00fclet\u00e9si jog, ez\u00e9rt nem lehet fizetni \u00e9rte. Ahogy a k\u00f6r\u00fcl\u00f6tte l\u00e9v\u0151k felismert\u00e9k kiv\u00e9teles spiritu\u00e1lis \u00e9s anyai tulajdons\u00e1gait, hamarosan megkapta a \u201eShri Mataji&#8221; megtisztel\u0151 c\u00edmet, ami \u201eTisztelt Anya&#8221;-t jelent.<\/p>\n<p>A Shri Mataji \u00e1ltal kidolgozott \u00f6nmegval\u00f3sul\u00e1son kereszt\u00fcli medit\u00e1ci\u00f3s m\u00f3dszert Sahaja J\u00f3g\u00e1nak nevezt\u00e9k. Az 1980-as \u00e9vekben Shri Mataji folyamatosan \u00e9s f\u00e1radhatatlanul turn\u00e9zott Eur\u00f3p\u00e1ban, Ausztr\u00e1li\u00e1ban \u00e9s \u00c9szak-Amerik\u00e1ban, ingyenesen tan\u00edtva ezt a m\u00f3dszert az \u00e9rdekl\u0151d\u0151knek. Az 1990-es \u00e9vekben utaz\u00e1sai kiterjedtek D\u00e9l-Amerik\u00e1ra, Afrik\u00e1ra, Oroszorsz\u00e1gra, Kelet-Eur\u00f3p\u00e1ra, \u00c1zsi\u00e1ra \u00e9s a Csendes-\u00f3ce\u00e1ni t\u00e9rs\u00e9gre.<\/p>\n<p>Vil\u00e1gszerte int\u00e9zm\u00e9nyek adom\u00e1nyoztak neki <a href=\"https:\/\/shrimataji.org\/test\/awards\/\" target=\"_blank\" rel=\"noopener\">tiszteletbeli d\u00edjakat \u00e9s doktori c\u00edmeket<\/a>. 1995-ben besz\u00e9det mondott a <a href=\"https:\/\/shrimataji.org\/test\/un-womens-conference\/\" target=\"_blank\" rel=\"noopener\">N\u0151k Negyedik Vil\u00e1gkonferenci\u00e1j\u00e1n Pekingben<\/a>. Claes Nobel 1997-ben a londoni Royal Albert Hallban besz\u00e9lt Nobel-b\u00e9ked\u00edjra val\u00f3 jel\u00f6l\u00e9s\u00e9r\u0151l. Shri Mataji \u00e9s a Sahaja J\u00f3ga nagy tisztel\u0151jek\u00e9nt azt mondta, hogy ez \u201ea rem\u00e9ny forr\u00e1sa az emberis\u00e9g sz\u00e1m\u00e1ra&#8221; \u00e9s \u201ea j\u00f3 \u00e9s a rossz megk\u00fcl\u00f6nb\u00f6ztet\u00e9s\u00e9nek viszony\u00edt\u00e1si pontja&#8221;.<\/p>\n<div class=\"su-quote su-quote-style-default\"><div class=\"su-quote-inner su-u-clearfix su-u-trim\">Az \u00e9letem most az emberis\u00e9g j\u00f3l\u00e9t\u00e9nek \u00e9s j\u00f3akarat\u00e1nak szentelem; teljes m\u00e9rt\u00e9kben, marad\u00e9ktalanul.<\/div><\/div>\n<p>Shri Mataji hitt abban, hogy a t\u00f6meges \u00f6nmegval\u00f3sul\u00e1s lehet\u0151s\u00e9ge \u00e9s a Sahaja J\u00f3ga medit\u00e1ci\u00f3 holisztikus hat\u00e1sa az egy\u00e9n szem\u00e9lyes \u00e9s t\u00e1rsadalmi \u00e9let\u00e9re, egy <a href=\"https:\/\/shrimataji.org\/test\/societal-transformation\/\" target=\"_blank\" rel=\"noopener\">val\u00f3di t\u00e1rsadalmi \u00e1talakul\u00e1s<\/a>\u00a0alapj\u00e1t k\u00e9pezheti. Sz\u00e1mos nem korm\u00e1nyzati szervezetet hozott l\u00e9tre ezen egyed\u00fcl\u00e1ll\u00f3 bels\u0151 \u00e1talakul\u00e1s elvei alapj\u00e1n, bele\u00e9rtve egy otthont a szeg\u00e9ny n\u0151k \u00e9s gyermekek sz\u00e1m\u00e1ra, sz\u00e1mos nemzetk\u00f6zi iskol\u00e1t, egy holisztikus eg\u00e9szs\u00e9g\u00fcgyi \u00e9s kutat\u00f3k\u00f6zpontot, valamint egy nemzetk\u00f6zi akad\u00e9mi\u00e1t, amely a klasszikus zen\u00e9t \u00e9s a k\u00e9pz\u0151m\u0171v\u00e9szeteket n\u00e9pszer\u0171s\u00edti.<\/p>\n<p>Shri Mataji 87 \u00e9vesen, 2011. febru\u00e1r 23.-\u00e1n, b\u00e9k\u00e9sen hunyt el az olaszorsz\u00e1gi Genov\u00e1ban.<\/p>\n<p>\u00d6r\u00f6ks\u00e9ge tov\u00e1bb \u00e9l, az \u00f6nmegval\u00f3sul\u00e1s \u00e9lm\u00e9nye sz\u00e1mtalan \u00e9letet v\u00e1ltoztat meg a Sahaja J\u00f3ga gyakorl\u00f3k szeret\u0151 gondoskod\u00e1sa \u00e9s a t\u00f6bb mint 100 orsz\u00e1gban m\u0171k\u00f6d\u0151 medit\u00e1ci\u00f3s k\u00f6zpontok r\u00e9v\u00e9n, ahol a Sahaja J\u00f3g\u00e1t mindig ingyenesen tan\u00edtj\u00e1k.<\/p>\n<div class=\"su-quote su-quote-style-default\"><div class=\"su-quote-inner su-u-clearfix su-u-trim\">\u00c9s mint az \u00f3ce\u00e1n, mely minden partot el\u00e9r, majd ahogy minden hull\u00e1m visszaver\u0151dik \u00e9s mint\u00e1t sz\u0151, \u00edgy l\u00e1ttam az eg\u00e9sz \u00e9letemet, mint egy gy\u00f6ny\u00f6r\u0171 mint\u00e1zatot. \u00c9s azt a gy\u00f6ny\u00f6r\u0171 csipk\u00e9t, amit szavakkal nem lehet le\u00edrni.<\/div><\/div>\n\t<h4>Let\u00f6lt\u00e9sek<\/h4>\n<p><a href=\"https:\/\/shrimataji.org\/test\/wp-content\/uploads\/2018\/07\/media\/documents\/press-downloads\/shri-mataji-nirmala-devi-short-biography-and-awards.pdf\">Shri Mataji Nirmala Devi: R\u00f6vid \u00e9letrajz \u00e9s d\u00edjlista<\/a>\u00a0(pdf\/679kb)<\/p>\n<p><a href=\"https:\/\/shrimataji.org\/test\/wp-content\/uploads\/2018\/07\/media\/documents\/press-downloads\/shri-mataji-nirmala-devi-timeline-of-life-events.pdf\">Shri Mataji Nirmala Devi: Esem\u00e9nyek id\u0151vonala<\/a>\u00a0(pdf\/623kb)<\/p>\n\n","protected":false},"excerpt":{"rendered":"<p>Shri Mataji Egy \u00e9letre sz\u00f3l\u00f3 elk\u00f6telez\u0151d\u00e9s \u00e9letrajza F\u00e1radhatatlanul utazta be a vil\u00e1got t\u00f6bb ezer kilom\u00e9tert megt\u00e9ve, t\u00e1voli falvakt\u00f3l v\u00e1rosokig \u00e9s metropoliszokig, \u00f6nzetlen\u00fcl osztotta meg emberek milli\u00f3ival egyed\u00fcl\u00e1ll\u00f3 felfedez\u00e9s\u00e9t az \u00f6nmegval\u00f3sul\u00e1s \u00e9lm\u00e9ny\u00e9t, az igazi spiritu\u00e1lis megvil\u00e1gosod\u00e1st, forradalmas\u00edtotta a bels\u0151 \u00e1talakul\u00e1son alapul\u00f3 t\u00e1rsadalmi v\u00e1ltoz\u00e1st &#8211; mindezek \u00e9s sok m\u00e1s ehhez hasonl\u00f3 \u00e9rt\u00e9kes pillanat betekint\u00e9st ny\u00fajt Shri Mataji&hellip; <br \/> <a class=\"read-more\" href=\"https:\/\/shrimataji.org\/test\/hu\/shrimataji\/\">Read more<\/a><\/p>\n","protected":false},"author":1,"featured_media":19335,"parent":0,"menu_order":0,"comment_status":"closed","ping_status":"closed","template":"","meta":{"inline_featured_image":false,"footnotes":""},"class_list":["post-19566","page","type-page","status-publish","has-post-thumbnail","hentry"],"yoast_head":"<!-- This site is optimized with the Yoast SEO plugin v27.4 - https:\/\/yoast.com\/product\/yoast-seo-wordpress\/ -->\n<title>Shri Mataji - TEST - SMND<\/title>\n<meta name=\"robots\" content=\"noindex, follow, max-snippet:-1, max-image-preview:large, max-video-preview:-1\" \/>\n<meta property=\"og:locale\" content=\"en_US\" \/>\n<meta property=\"og:type\" content=\"article\" \/>\n<meta property=\"og:title\" content=\"Shri Mataji - TEST - SMND\" \/>\n<meta property=\"og:description\" content=\"Shri Mataji Egy \u00e9letre sz\u00f3l\u00f3 elk\u00f6telez\u0151d\u00e9s \u00e9letrajza F\u00e1radhatatlanul utazta be a vil\u00e1got t\u00f6bb ezer kilom\u00e9tert megt\u00e9ve, t\u00e1voli falvakt\u00f3l v\u00e1rosokig \u00e9s metropoliszokig, \u00f6nzetlen\u00fcl osztotta meg emberek milli\u00f3ival egyed\u00fcl\u00e1ll\u00f3 felfedez\u00e9s\u00e9t az \u00f6nmegval\u00f3sul\u00e1s \u00e9lm\u00e9ny\u00e9t, az igazi spiritu\u00e1lis megvil\u00e1gosod\u00e1st, forradalmas\u00edtotta a bels\u0151 \u00e1talakul\u00e1son alapul\u00f3 t\u00e1rsadalmi v\u00e1ltoz\u00e1st &#8211; mindezek \u00e9s sok m\u00e1s ehhez hasonl\u00f3 \u00e9rt\u00e9kes pillanat betekint\u00e9st ny\u00fajt Shri Mataji&hellip; Read more\" \/>\n<meta property=\"og:url\" content=\"https:\/\/shrimataji.org\/test\/hu\/shrimataji\/\" \/>\n<meta property=\"og:site_name\" content=\"TEST - SMND\" \/>\n<meta property=\"article:publisher\" content=\"https:\/\/www.facebook.com\/shrimataji\" \/>\n<meta property=\"article:modified_time\" content=\"2026-04-11T19:51:36+00:00\" \/>\n<meta property=\"og:image\" content=\"https:\/\/shrimataji.org\/test\/wp-content\/uploads\/2023\/03\/test_banner_inner_shrimataji-scaled.jpg\" \/>\n\t<meta property=\"og:image:width\" content=\"2560\" \/>\n\t<meta property=\"og:image:height\" content=\"1067\" \/>\n\t<meta property=\"og:image:type\" content=\"image\/jpeg\" \/>\n<meta name=\"twitter:card\" content=\"summary_large_image\" \/>\n<meta name=\"twitter:site\" content=\"@shrimataji\" \/>\n<meta name=\"twitter:label1\" content=\"Est. reading time\" \/>\n\t<meta name=\"twitter:data1\" content=\"5 minutes\" \/>\n<script type=\"application\/ld+json\" class=\"yoast-schema-graph\">{\"@context\":\"https:\\\/\\\/schema.org\",\"@graph\":[{\"@type\":\"WebPage\",\"@id\":\"https:\\\/\\\/shrimataji.org\\\/test\\\/hu\\\/shrimataji\\\/\",\"url\":\"https:\\\/\\\/shrimataji.org\\\/test\\\/hu\\\/shrimataji\\\/\",\"name\":\"Shri Mataji - TEST - SMND\",\"isPartOf\":{\"@id\":\"https:\\\/\\\/shrimataji.org\\\/test\\\/#website\"},\"primaryImageOfPage\":{\"@id\":\"https:\\\/\\\/shrimataji.org\\\/test\\\/hu\\\/shrimataji\\\/#primaryimage\"},\"image\":{\"@id\":\"https:\\\/\\\/shrimataji.org\\\/test\\\/hu\\\/shrimataji\\\/#primaryimage\"},\"thumbnailUrl\":\"https:\\\/\\\/shrimataji.org\\\/test\\\/wp-content\\\/uploads\\\/2023\\\/03\\\/test_banner_inner_shrimataji-scaled.jpg\",\"datePublished\":\"2018-07-10T06:54:42+00:00\",\"dateModified\":\"2026-04-11T19:51:36+00:00\",\"breadcrumb\":{\"@id\":\"https:\\\/\\\/shrimataji.org\\\/test\\\/hu\\\/shrimataji\\\/#breadcrumb\"},\"inLanguage\":\"en-US\",\"potentialAction\":[{\"@type\":\"ReadAction\",\"target\":[\"https:\\\/\\\/shrimataji.org\\\/test\\\/hu\\\/shrimataji\\\/\"]}]},{\"@type\":\"ImageObject\",\"inLanguage\":\"en-US\",\"@id\":\"https:\\\/\\\/shrimataji.org\\\/test\\\/hu\\\/shrimataji\\\/#primaryimage\",\"url\":\"https:\\\/\\\/shrimataji.org\\\/test\\\/wp-content\\\/uploads\\\/2023\\\/03\\\/test_banner_inner_shrimataji-scaled.jpg\",\"contentUrl\":\"https:\\\/\\\/shrimataji.org\\\/test\\\/wp-content\\\/uploads\\\/2023\\\/03\\\/test_banner_inner_shrimataji-scaled.jpg\",\"width\":2560,\"height\":1067},{\"@type\":\"BreadcrumbList\",\"@id\":\"https:\\\/\\\/shrimataji.org\\\/test\\\/hu\\\/shrimataji\\\/#breadcrumb\",\"itemListElement\":[{\"@type\":\"ListItem\",\"position\":1,\"name\":\"Home\",\"item\":\"https:\\\/\\\/shrimataji.org\\\/test\\\/uk\\\/home-en\\\/\"},{\"@type\":\"ListItem\",\"position\":2,\"name\":\"Shri Mataji\"}]},{\"@type\":\"WebSite\",\"@id\":\"https:\\\/\\\/shrimataji.org\\\/test\\\/#website\",\"url\":\"https:\\\/\\\/shrimataji.org\\\/test\\\/\",\"name\":\"Shri Mataji Nirmala Devi\",\"description\":\"A Life Dedicated to Humanity\",\"publisher\":{\"@id\":\"https:\\\/\\\/shrimataji.org\\\/test\\\/#\\\/schema\\\/person\\\/a1b3419c6585f164aa96da1ff85715d1\"},\"potentialAction\":[{\"@type\":\"SearchAction\",\"target\":{\"@type\":\"EntryPoint\",\"urlTemplate\":\"https:\\\/\\\/shrimataji.org\\\/test\\\/?s={search_term_string}\"},\"query-input\":{\"@type\":\"PropertyValueSpecification\",\"valueRequired\":true,\"valueName\":\"search_term_string\"}}],\"inLanguage\":\"en-US\"},{\"@type\":[\"Person\",\"Organization\"],\"@id\":\"https:\\\/\\\/shrimataji.org\\\/test\\\/#\\\/schema\\\/person\\\/a1b3419c6585f164aa96da1ff85715d1\",\"name\":\"Nirmala Shrivastava\",\"image\":{\"@type\":\"ImageObject\",\"inLanguage\":\"en-US\",\"@id\":\"https:\\\/\\\/shrimataji.org\\\/test\\\/wp-content\\\/uploads\\\/2023\\\/02\\\/SMO_LOGO-03.svg\",\"url\":\"https:\\\/\\\/shrimataji.org\\\/test\\\/wp-content\\\/uploads\\\/2023\\\/02\\\/SMO_LOGO-03.svg\",\"contentUrl\":\"https:\\\/\\\/shrimataji.org\\\/test\\\/wp-content\\\/uploads\\\/2023\\\/02\\\/SMO_LOGO-03.svg\",\"width\":\"1024\",\"height\":\"1024\",\"caption\":\"Nirmala Shrivastava\"},\"logo\":{\"@id\":\"https:\\\/\\\/shrimataji.org\\\/test\\\/wp-content\\\/uploads\\\/2023\\\/02\\\/SMO_LOGO-03.svg\"},\"sameAs\":[\"https:\\\/\\\/shrimataji.org\\\/test\",\"https:\\\/\\\/www.facebook.com\\\/shrimataji\",\"https:\\\/\\\/x.com\\\/shrimataji\",\"https:\\\/\\\/www.youtube.com\\\/@Shri_Mataji_Nirmala_Devi\\\/featured\"]}]}<\/script>\n<!-- \/ Yoast SEO plugin. -->","yoast_head_json":{"title":"Shri Mataji - TEST - SMND","robots":{"index":"noindex","follow":"follow","max-snippet":"max-snippet:-1","max-image-preview":"max-image-preview:large","max-video-preview":"max-video-preview:-1"},"og_locale":"en_US","og_type":"article","og_title":"Shri Mataji - TEST - SMND","og_description":"Shri Mataji Egy \u00e9letre sz\u00f3l\u00f3 elk\u00f6telez\u0151d\u00e9s \u00e9letrajza F\u00e1radhatatlanul utazta be a vil\u00e1got t\u00f6bb ezer kilom\u00e9tert megt\u00e9ve, t\u00e1voli falvakt\u00f3l v\u00e1rosokig \u00e9s metropoliszokig, \u00f6nzetlen\u00fcl osztotta meg emberek milli\u00f3ival egyed\u00fcl\u00e1ll\u00f3 felfedez\u00e9s\u00e9t az \u00f6nmegval\u00f3sul\u00e1s \u00e9lm\u00e9ny\u00e9t, az igazi spiritu\u00e1lis megvil\u00e1gosod\u00e1st, forradalmas\u00edtotta a bels\u0151 \u00e1talakul\u00e1son alapul\u00f3 t\u00e1rsadalmi v\u00e1ltoz\u00e1st &#8211; mindezek \u00e9s sok m\u00e1s ehhez hasonl\u00f3 \u00e9rt\u00e9kes pillanat betekint\u00e9st ny\u00fajt Shri Mataji&hellip; Read more","og_url":"https:\/\/shrimataji.org\/test\/hu\/shrimataji\/","og_site_name":"TEST - SMND","article_publisher":"https:\/\/www.facebook.com\/shrimataji","article_modified_time":"2026-04-11T19:51:36+00:00","og_image":[{"width":2560,"height":1067,"url":"https:\/\/shrimataji.org\/test\/wp-content\/uploads\/2023\/03\/test_banner_inner_shrimataji-scaled.jpg","type":"image\/jpeg"}],"twitter_card":"summary_large_image","twitter_site":"@shrimataji","twitter_misc":{"Est. reading time":"5 minutes"},"schema":{"@context":"https:\/\/schema.org","@graph":[{"@type":"WebPage","@id":"https:\/\/shrimataji.org\/test\/hu\/shrimataji\/","url":"https:\/\/shrimataji.org\/test\/hu\/shrimataji\/","name":"Shri Mataji - TEST - SMND","isPartOf":{"@id":"https:\/\/shrimataji.org\/test\/#website"},"primaryImageOfPage":{"@id":"https:\/\/shrimataji.org\/test\/hu\/shrimataji\/#primaryimage"},"image":{"@id":"https:\/\/shrimataji.org\/test\/hu\/shrimataji\/#primaryimage"},"thumbnailUrl":"https:\/\/shrimataji.org\/test\/wp-content\/uploads\/2023\/03\/test_banner_inner_shrimataji-scaled.jpg","datePublished":"2018-07-10T06:54:42+00:00","dateModified":"2026-04-11T19:51:36+00:00","breadcrumb":{"@id":"https:\/\/shrimataji.org\/test\/hu\/shrimataji\/#breadcrumb"},"inLanguage":"en-US","potentialAction":[{"@type":"ReadAction","target":["https:\/\/shrimataji.org\/test\/hu\/shrimataji\/"]}]},{"@type":"ImageObject","inLanguage":"en-US","@id":"https:\/\/shrimataji.org\/test\/hu\/shrimataji\/#primaryimage","url":"https:\/\/shrimataji.org\/test\/wp-content\/uploads\/2023\/03\/test_banner_inner_shrimataji-scaled.jpg","contentUrl":"https:\/\/shrimataji.org\/test\/wp-content\/uploads\/2023\/03\/test_banner_inner_shrimataji-scaled.jpg","width":2560,"height":1067},{"@type":"BreadcrumbList","@id":"https:\/\/shrimataji.org\/test\/hu\/shrimataji\/#breadcrumb","itemListElement":[{"@type":"ListItem","position":1,"name":"Home","item":"https:\/\/shrimataji.org\/test\/uk\/home-en\/"},{"@type":"ListItem","position":2,"name":"Shri Mataji"}]},{"@type":"WebSite","@id":"https:\/\/shrimataji.org\/test\/#website","url":"https:\/\/shrimataji.org\/test\/","name":"Shri Mataji Nirmala Devi","description":"A Life Dedicated to Humanity","publisher":{"@id":"https:\/\/shrimataji.org\/test\/#\/schema\/person\/a1b3419c6585f164aa96da1ff85715d1"},"potentialAction":[{"@type":"SearchAction","target":{"@type":"EntryPoint","urlTemplate":"https:\/\/shrimataji.org\/test\/?s={search_term_string}"},"query-input":{"@type":"PropertyValueSpecification","valueRequired":true,"valueName":"search_term_string"}}],"inLanguage":"en-US"},{"@type":["Person","Organization"],"@id":"https:\/\/shrimataji.org\/test\/#\/schema\/person\/a1b3419c6585f164aa96da1ff85715d1","name":"Nirmala Shrivastava","image":{"@type":"ImageObject","inLanguage":"en-US","@id":"https:\/\/shrimataji.org\/test\/wp-content\/uploads\/2023\/02\/SMO_LOGO-03.svg","url":"https:\/\/shrimataji.org\/test\/wp-content\/uploads\/2023\/02\/SMO_LOGO-03.svg","contentUrl":"https:\/\/shrimataji.org\/test\/wp-content\/uploads\/2023\/02\/SMO_LOGO-03.svg","width":"1024","height":"1024","caption":"Nirmala Shrivastava"},"logo":{"@id":"https:\/\/shrimataji.org\/test\/wp-content\/uploads\/2023\/02\/SMO_LOGO-03.svg"},"sameAs":["https:\/\/shrimataji.org\/test","https:\/\/www.facebook.com\/shrimataji","https:\/\/x.com\/shrimataji","https:\/\/www.youtube.com\/@Shri_Mataji_Nirmala_Devi\/featured"]}]}},"lang":"hu","translations":{"hu":19566,"ur":37503,"en":391,"pa":25918,"gu":25521,"th":20061,"sq":18478,"zh":17375,"hi":8496,"tr":10210,"pt":10420,"de":10694,"fr":10792,"it":10890,"es":10987,"ja":11285,"ru":11473,"bn":11664,"te":11772,"sw":11895,"he":12043,"el":12335,"sk":12433,"fa":12531,"fi":12629,"bg":13463,"ro":14535,"cs":14728,"nl":16638,"ku":16798,"ar":16974,"be":18685,"kn":18959,"mr":20425,"uk":20719,"ml":21014,"ta":22796,"sv":23066,"bs":27296,"fil":29515,"sd":31010,"da":37812,"pl":38022,"nn":38364},"pll_sync_post":[],"_links":{"self":[{"href":"https:\/\/shrimataji.org\/test\/wp-json\/wp\/v2\/pages\/19566","targetHints":{"allow":["GET"]}}],"collection":[{"href":"https:\/\/shrimataji.org\/test\/wp-json\/wp\/v2\/pages"}],"about":[{"href":"https:\/\/shrimataji.org\/test\/wp-json\/wp\/v2\/types\/page"}],"author":[{"embeddable":true,"href":"https:\/\/shrimataji.org\/test\/wp-json\/wp\/v2\/users\/1"}],"replies":[{"embeddable":true,"href":"https:\/\/shrimataji.org\/test\/wp-json\/wp\/v2\/comments?post=19566"}],"version-history":[{"count":0,"href":"https:\/\/shrimataji.org\/test\/wp-json\/wp\/v2\/pages\/19566\/revisions"}],"wp:featuredmedia":[{"embeddable":true,"href":"https:\/\/shrimataji.org\/test\/wp-json\/wp\/v2\/media\/19335"}],"wp:attachment":[{"href":"https:\/\/shrimataji.org\/test\/wp-json\/wp\/v2\/media?parent=19566"}],"curies":[{"name":"wp","href":"https:\/\/api.w.org\/{rel}","templated":true}]}}