{"id":19568,"date":"2012-11-01T12:00:00","date_gmt":"2012-11-01T12:00:00","guid":{"rendered":"http:\/\/testwordpress.nirmalnagari.org\/smnd\/index.php\/sir-c-p-srivastava\/"},"modified":"2026-04-11T18:25:34","modified_gmt":"2026-04-11T18:25:34","slug":"sir-c-p-srivastava-3","status":"publish","type":"page","link":"https:\/\/shrimataji.org\/test\/hu\/sir-c-p-srivastava-3\/","title":{"rendered":"Sir C.P. Srivastava"},"content":{"rendered":"\n\n\t<h1>Sir C.P. Srivastava<\/h1>\n<h2>Sir C.P. \u00e9s az \u201eapr\u00f3 kolosszus&#8221;<\/h2>\n\t<h4>Shri Mataji Nirmala Devi vil\u00e1gszerte a Sahaja J\u00f3ga inspir\u00e1l\u00f3 erejek\u00e9nt ismert. Spiritu\u00e1lis vezet\u0151i h\u00edrneve mellett egy p\u00e1rhuzamos t\u00f6rt\u00e9net is f\u0171z\u0151dik f\u00e9rje, Sir Chandrika Prasad Srivastava rendk\u00edv\u00fcli karrierj\u00e9hez.<\/h4>\n<p>Azok, akiknek volt szerencs\u00e9j\u00fck szem\u00e9lyesen is tal\u00e1lkozni Shri Matajival, ismerhett\u00e9k a magas, m\u00e9lt\u00f3s\u00e1gteljes \u00e9s halk szav\u00fa \u201eSir C.P.&#8221;-t is, ahogy szeretetteljes becenev\u00e9n ismert\u00e9k.<\/p>\n<figure itemscope itemtype=\"https:\/\/schema.org\/ImageObject\">\n\t\t\t\t<img decoding=\"async\" src=\"https:\/\/shrimataji.org\/test\/wp-content\/uploads\/2018\/07\/media_originals\/images\/shri-mataji-and-family\/shri-mataji-sir-cp-kalpana-sadhana-family-london-uk-696x1024.jpg\" alt=\"P\u00e1n C. P. predv\u00e1dza svoj rytiersky titul po boku \u0160ri Matad\u017ei a s dc\u00e9rami Kalpanou a Sadanou.\" height=\"1024\" width=\"696\" title=\"shri-mataji-sir-cp-kalpana-sadhana-family-london-uk\" onerror=\"this.style.display='none'\" loading=\"lazy\" \/>\n\t\t<figcaption>Sir C.P. lovagi c\u00edm\u00e9t mutatja Shri Matajival \u00e9s l\u00e1nyai, Kalpana \u00e9s Sadhana t\u00e1rsas\u00e1g\u00e1ban.<\/figcaption>\n\t<\/figure>\n\t<p>Sir C.P. vezet\u0151 \u00e1llamf\u00e9rfi volt, n\u00e9gy egym\u00e1st k\u00f6vet\u0151 ciklusban t\u00f6lt\u00f6tte be az ENSZ Nemzetk\u00f6zi Tenger\u00e9szeti Szervezet\u00e9nek f\u0151titk\u00e1ri poz\u00edci\u00f3j\u00e1t, ez id\u0151 alatt II. Erzs\u00e9bet kir\u00e1lyn\u0151 lovagg\u00e1 \u00fct\u00f6tte.<\/p>\n<p>Sir C.P. \u00e9s Shri Mataji akkor h\u00e1zasodtak \u00f6ssze, amikor C.P. m\u00e9g viszonylag ismeretlen fiatal tisztvisel\u0151 volt az indiai k\u00f6zszolg\u00e1latban. C.P. gyakran megjegyezte, hogy gyorsan felfel\u00e9 \u00edvel\u0151 szakmai p\u00e1ly\u00e1j\u00e1t nagyr\u00e9szt annak k\u00f6sz\u00f6nhette, hogy k\u00f6vette feles\u00e9ge tan\u00e1csait \u00e9s meg\u00e9rz\u00e9seit.<\/p>\n<p>R\u00f6viddel h\u00e1zass\u00e1gk\u00f6t\u00e9s\u00fck ut\u00e1n irigyl\u00e9sre m\u00e9lt\u00f3 v\u00e1laszt\u00e1s el\u00e9 ker\u00fclt, hogy vagy az elit indiai k\u00f6zigazgat\u00e1si szolg\u00e1lathoz csatlakozik, vagy a hasonl\u00f3an rangos, ha nem rangosabb, diplom\u00e1ciai test\u00fclethez. Bar\u00e1tai arra biztatt\u00e1k, hogy legyen diplomata, mivel akkor csak id\u0151 k\u00e9rd\u00e9se lehetett, hogy mikor kapja meg a nagyk\u00f6veti kinevez\u00e9st.<\/p>\n<p>De Srivastava asszony haboz\u00e1s n\u00e9lk\u00fcl azt mondta: \u201eNem, maradjunk az orsz\u00e1gban. Szolg\u00e1ljuk itt a haz\u00e1nkat.&#8221; Senki sem j\u00f3solhatta meg, mi t\u00f6rt\u00e9nik ezut\u00e1n, amikor egy sor el\u0151re nem l\u00e1that\u00f3 tal\u00e1lkoz\u00e1s r\u00e9v\u00e9n Sir C.P.-t nem m\u00e1snak, mint India minisztereln\u00f6k\u00e9nek, Lal Bahadur Shastrinak a szem\u00e9lyi titk\u00e1r\u00e1v\u00e1 nevezt\u00e9k ki.<\/p>\n\t\t<img decoding=\"async\" data-spai-excluded=\"true\" loading=\"lazy\"  alt=\"YouTube player\"  src=\"https:\/\/i.ytimg.com\/vi\/10r04eFnN3w\/maxresdefault.jpg\"  \/><button aria-label=\"Play\"><\/button><meta itemprop=\"embedUrl\" content=\"https:\/\/www.youtube.com\/embed\/10r04eFnN3w\"\/><meta itemprop=\"name\" content=\"What I Have Seen: A Stress Free Life\"\/><meta itemprop=\"description\" content=\"Speaking on the topic of stress management, Sir C.P. Srivastava, the husband of Shri Mataji, describes the value of Sahaja Yoga meditation. His perspective is unique, but not unusual. In this candid speech, he describes himself as a man able to do his job well, but now able to face life devoid of stress. &#039;It is a matter of wanting to achieve that transformation,&#039; he says. Nothing needs to be given up. &#039;I am telling you what I have seen.&#039; More videos at: http:\/\/ShriMataji.org ~ A Life Dedicated to Humanity ~\"\/><meta itemprop=\"thumbnailUrl\" content=\"https:\/\/i.ytimg.com\/vi\/10r04eFnN3w\/0.jpg\"\/><meta itemprop=\"duration\" content=\"PT10M46S\"\/><meta itemprop=\"uploadDate\" content=\"2020-07-20T00:05:20Z\"\/>\t\n\t<p>Visszatekintve ez egy szerencs\u00e9s esem\u00e9ny volt, mivel Mr. Shastri sok szempontb\u00f3l rendelkezett a Sahaja filoz\u00f3fia tulajdons\u00e1gaival, melyeket Shri Mataji megtestes\u00edtett, \u00e9s amelyet k\u00e9s\u0151bb megosztott a vil\u00e1ggal. Miut\u00e1n visszavonult a k\u00f6zszolg\u00e1latt\u00f3l, Sir C.P., ism\u00e9t feles\u00e9ge biztat\u00e1s\u00e1ra, meg\u00edrta a Lal Bahadur Shastri: Az igazs\u00e1g \u00e9lete a politik\u00e1ban c\u00edm\u0171 k\u00f6nyvet, amelyben Mr. Shastrir\u00f3l azt \u00edrja, hogy a hindu istens\u00e9g, Shri Rama sz\u00e1mos tulajdons\u00e1g\u00e1val rendelkezett: al\u00e1zattal \u00e9s m\u00e9ly tisztelettel minden ember ir\u00e1nt, mely p\u00e1rosult a becs\u00fclettel \u00e9s a k\u00f6teless\u00e9gtudattal.<\/p>\n\t<p>Sir C.P. azt \u00edrja, hogy Shastri \u201eval\u00f3ban elk\u00f6telezett volt a dharm\u00e1val, az igazs\u00e1goss\u00e1ggal, az erk\u00f6lcs\u00f6ss\u00e9ggel. Nem volt benne p\u00f3z. Nem volt kett\u0151ss\u00e9g. Nem volt bel\u00fcl Mr. Shastri, aki k\u00fcl\u00f6nb\u00f6z\u00f6tt volna egy k\u00fcls\u0151 Mr. Shastrit\u00f3l. Teljesen egy volt: bel\u00fcl \u00e9s k\u00edv\u00fcl, gy\u00f6ny\u00f6r\u0171 bel\u00fcl, gy\u00f6ny\u00f6r\u0171 k\u00edv\u00fcl.&#8221;<\/p>\n<p>Mr. Shastrir\u00f3l v\u00e9kony alkata, apr\u00f3 termete \u00e9s al\u00e1zatos modora miatt sokan azt felt\u00e9telezt\u00e9k, hogy k\u00f6nnyen ir\u00e1ny\u00edthat\u00f3 a karaktere.<\/p>\n<p>R\u00f6viddel azut\u00e1n, hogy Shastri minisztereln\u00f6k lett, Pakiszt\u00e1n megsz\u00e1llta Kasm\u00edrt. Shastri v\u00e1lasza az volt: \u201eB\u00e9k\u00e9s ember vagyok, de becs\u00fcletes ember is. Minisztereln\u00f6kk\u00e9nt k\u00f6teless\u00e9gem megv\u00e9deni az orsz\u00e1got.&#8221;<\/p>\n<p>Ahogy Sir C.P. fogalmazott: \u201eEz a b\u00e9ke embere kolosszusk\u00e9nt \u00e1llt helyt.&#8221;<\/p>\n<figure itemscope itemtype=\"https:\/\/schema.org\/ImageObject\">\n\t\t\t\t<img decoding=\"async\" src=\"https:\/\/shrimataji.org\/test\/wp-content\/uploads\/2018\/07\/media_originals\/images\/shri-mataji-and-family\/sir-c.p.-and-naval-officers-near-statue-of-lal-bahadur-shastri.jpg\" alt=\"P\u00e1n C,P stoj\u00ed s n\u00e1rmorn\u00fdmi d\u00f4stojn\u00edkmi pred sochou Lal Bahadur \u0160astriho.\" height=\"1143\" width=\"1500\" title=\"sir-c\" onerror=\"this.style.display='none'\" loading=\"lazy\" \/>\n\t\t<figcaption>Sir C.P. tenger\u00e9sztisztekkel \u00e1ll Lal Bahadur Shastri szobra el\u0151tt<\/figcaption>\n\t<\/figure>\n\t<h5>\u201eLal Bahadur Shastri teljesen egy volt: bel\u00fcl \u00e9s k\u00edv\u00fcl, gy\u00f6ny\u00f6r\u0171 bel\u00fcl, gy\u00f6ny\u00f6r\u0171 k\u00edv\u00fcl.&#8221;<\/h5>\n<h5>Sir C.P. Srivastava, 1994. december<\/h5>\n\t<p>Ebben a tekintetben Mr. Shastri vitte tov\u00e1bb azt a f\u00e1kly\u00e1t, amelyet Mahatma Gandhi gy\u00fajtott meg el\u0151sz\u00f6r. \u00cdgy folytatta: \u201e(India) egyed\u00fcl\u00e1ll\u00f3 von\u00e1sa, hogy vannak hinduk, muszlimok, kereszt\u00e9nyek, szikhek, p\u00e1rszik \u00e9s minden m\u00e1s vall\u00e1s\u00fa embereink&#8230; de mindezt nem hozzuk be a politik\u00e1ba. Ez a k\u00fcl\u00f6nbs\u00e9g India \u00e9s Pakiszt\u00e1n k\u00f6z\u00f6tt. M\u00edg Pakiszt\u00e1n iszl\u00e1m \u00e1llamnak ki\u00e1ltja ki mag\u00e1t, \u00e9s a vall\u00e1st politikai t\u00e9nyez\u0151k\u00e9nt haszn\u00e1lja, mi, indiaiak szabadon k\u00f6vethetj\u00fck b\u00e1rmelyik vall\u00e1st, \u00e9s azon a m\u00f3don im\u00e1dhatjuk Istent, ahogyan nek\u00fcnk tetszik. Ami a politik\u00e1t illeti, mindannyian ugyan\u00fagy indiaiak vagyunk, mint a m\u00e1sik.&#8221;<\/p>\n\t<p>Az ezt k\u00f6vet\u0151 b\u00e9ket\u00e1rgyal\u00e1sok sor\u00e1n Shastri megnyerte az \u00f6sszes ellenz\u00e9ki felet, hogy az \u0151 \u00e1ll\u00e1spontj\u00e1t t\u00e1mogassa, \u00e9s egy\u00fctt tart\u00f3s b\u00e9k\u00e9t k\u00f6t\u00f6ttek Pakiszt\u00e1nnal. Shastri v\u00e1ratlanul hunyt el ugyanezen b\u00e9ket\u00e1rgyal\u00e1sok sor\u00e1n, \u00e1ll\u00edt\u00f3lag sz\u00edvroham k\u00f6vetkezt\u00e9ben. Sir C.P. mellette volt, amikor meghalt. K\u00e9s\u0151bb azt \u00edrta, hogy \u201enem \u00e9lvezett nagyobb kiv\u00e1lts\u00e1got, mint hogy lehet\u0151s\u00e9ge ny\u00edlt Shri Lal Bahadur Shastrinak szolg\u00e1lni&#8221;. <a href=\"#citation-note-1\">[1]<\/a><\/p>\n<p>Lal Bahadur Shastri nagy alakj\u00e1nak ihlet\u00e9vel, \u00e9s feles\u00e9ge akt\u00edv seg\u00edts\u00e9g\u00e9vel, t\u00e1mogat\u00e1s\u00e1val, Sir C.P. elind\u00edtotta saj\u00e1t illusztris karrierj\u00e9t &#8211; el\u0151sz\u00f6r az Indiai K\u00f6zigazgat\u00e1si Szolg\u00e1lat vezet\u0151 tiszts\u00e9gvisel\u0151jek\u00e9nt, majd az Indiai Haj\u00f3z\u00e1si T\u00e1rsas\u00e1g eln\u00f6kek\u00e9nt, v\u00e9g\u00fcl pedig az ENSZ Nemzetk\u00f6zi Tenger\u00e9szeti Szervezete t\u00f6rt\u00e9net\u00e9nek leghosszabb ideig hivatalban l\u00e9v\u0151 f\u0151titk\u00e1rak\u00e9nt.<\/p>\n<p>Az IMO az egyetlen londoni sz\u00e9khely\u0171 ENSZ-szervezet, \u00e9s Sir C.P. ott t\u00f6lt\u00f6tt tizenhat \u00e9ve alatt t\u0171zte ki k\u00fcldet\u00e9s\u00e9v\u00e9 Shri Mataji a <a href=\"\/people\/\" target=\"_blank\" rel=\"noopener\">Sahaja Yoga medit\u00e1ci\u00f3<\/a> bemutat\u00e1s\u00e1t a vil\u00e1gnak.<\/p>\n<figure itemscope itemtype=\"https:\/\/schema.org\/ImageObject\">\n\t\t\t\t<img decoding=\"async\" src=\"https:\/\/shrimataji.org\/test\/wp-content\/uploads\/2018\/07\/media_originals\/images\/shri-mataji-and-family\/shri-mataji-nirmala-devi-sir-cp-world-maritime-university.jpg\" alt=\"\u0160ri Matad\u017ei a p\u00e1n C.P na svetovej n\u00e1mornej univerzite vo \u0160v\u00e9dskom Malmo\" height=\"960\" width=\"655\" title=\"shri-mataji-nirmala-devi-sir-cp-world-maritime-university\" onerror=\"this.style.display='none'\" loading=\"lazy\" \/>\n\t\t<figcaption>\u0160ri Matad\u017ei a p\u00e1n C.P na svetovej n\u00e1mornej univerzite vo \u0160v\u00e9dskom Malmo<\/figcaption>\n\t<\/figure>\n\t<hr \/>\n<h3>1. <a href=\"#citation-ref-1\">^<\/a><a name=\"citation-note-1\"><\/a> C. P. Srivastava, \u201eLal Bahadur Shastri: Az igazs\u00e1g \u00e9lete a politik\u00e1ban&#8221;, \u00dajdelhi: Oxford University Press, 1995.<\/h3>\n\n","protected":false},"excerpt":{"rendered":"<p>Sir C.P. Srivastava Sir C.P. \u00e9s az \u201eapr\u00f3 kolosszus&#8221; Shri Mataji Nirmala Devi vil\u00e1gszerte a Sahaja J\u00f3ga inspir\u00e1l\u00f3 erejek\u00e9nt ismert. Spiritu\u00e1lis vezet\u0151i h\u00edrneve mellett egy p\u00e1rhuzamos t\u00f6rt\u00e9net is f\u0171z\u0151dik f\u00e9rje, Sir Chandrika Prasad Srivastava rendk\u00edv\u00fcli karrierj\u00e9hez. Azok, akiknek volt szerencs\u00e9j\u00fck szem\u00e9lyesen is tal\u00e1lkozni Shri Matajival, ismerhett\u00e9k a magas, m\u00e9lt\u00f3s\u00e1gteljes \u00e9s halk szav\u00fa \u201eSir C.P.&#8221;-t is,&hellip; <br \/> <a class=\"read-more\" href=\"https:\/\/shrimataji.org\/test\/hu\/sir-c-p-srivastava-3\/\">Read more<\/a><\/p>\n","protected":false},"author":1,"featured_media":19338,"parent":0,"menu_order":0,"comment_status":"closed","ping_status":"closed","template":"","meta":{"inline_featured_image":false,"footnotes":""},"class_list":["post-19568","page","type-page","status-publish","has-post-thumbnail","hentry"],"yoast_head":"<!-- This site is optimized with the Yoast SEO plugin v27.4 - https:\/\/yoast.com\/product\/yoast-seo-wordpress\/ -->\n<title>Sir C.P. Srivastava - TEST - SMND<\/title>\n<meta name=\"robots\" content=\"noindex, follow, max-snippet:-1, max-image-preview:large, max-video-preview:-1\" \/>\n<meta property=\"og:locale\" content=\"en_US\" \/>\n<meta property=\"og:type\" content=\"article\" \/>\n<meta property=\"og:title\" content=\"Sir C.P. Srivastava - TEST - SMND\" \/>\n<meta property=\"og:description\" content=\"Sir C.P. Srivastava Sir C.P. \u00e9s az \u201eapr\u00f3 kolosszus&#8221; Shri Mataji Nirmala Devi vil\u00e1gszerte a Sahaja J\u00f3ga inspir\u00e1l\u00f3 erejek\u00e9nt ismert. Spiritu\u00e1lis vezet\u0151i h\u00edrneve mellett egy p\u00e1rhuzamos t\u00f6rt\u00e9net is f\u0171z\u0151dik f\u00e9rje, Sir Chandrika Prasad Srivastava rendk\u00edv\u00fcli karrierj\u00e9hez. Azok, akiknek volt szerencs\u00e9j\u00fck szem\u00e9lyesen is tal\u00e1lkozni Shri Matajival, ismerhett\u00e9k a magas, m\u00e9lt\u00f3s\u00e1gteljes \u00e9s halk szav\u00fa \u201eSir C.P.&#8221;-t is,&hellip; Read more\" \/>\n<meta property=\"og:url\" content=\"https:\/\/shrimataji.org\/test\/hu\/sir-c-p-srivastava-3\/\" \/>\n<meta property=\"og:site_name\" content=\"TEST - SMND\" \/>\n<meta property=\"article:publisher\" content=\"https:\/\/www.facebook.com\/shrimataji\" \/>\n<meta property=\"article:modified_time\" content=\"2026-04-11T18:25:34+00:00\" \/>\n<meta property=\"og:image\" content=\"https:\/\/shrimataji.org\/test\/wp-content\/uploads\/2023\/03\/8_Banner-Family_CP-2-scaled.jpg\" \/>\n\t<meta property=\"og:image:width\" content=\"2560\" \/>\n\t<meta property=\"og:image:height\" content=\"905\" \/>\n\t<meta property=\"og:image:type\" content=\"image\/jpeg\" \/>\n<meta name=\"twitter:card\" content=\"summary_large_image\" \/>\n<meta name=\"twitter:site\" content=\"@shrimataji\" \/>\n<meta name=\"twitter:label1\" content=\"Est. reading time\" \/>\n\t<meta name=\"twitter:data1\" content=\"5 minutes\" \/>\n<script type=\"application\/ld+json\" class=\"yoast-schema-graph\">{\"@context\":\"https:\\\/\\\/schema.org\",\"@graph\":[{\"@type\":\"WebPage\",\"@id\":\"https:\\\/\\\/shrimataji.org\\\/test\\\/hu\\\/sir-c-p-srivastava-3\\\/\",\"url\":\"https:\\\/\\\/shrimataji.org\\\/test\\\/hu\\\/sir-c-p-srivastava-3\\\/\",\"name\":\"Sir C.P. Srivastava - TEST - SMND\",\"isPartOf\":{\"@id\":\"https:\\\/\\\/shrimataji.org\\\/test\\\/#website\"},\"primaryImageOfPage\":{\"@id\":\"https:\\\/\\\/shrimataji.org\\\/test\\\/hu\\\/sir-c-p-srivastava-3\\\/#primaryimage\"},\"image\":{\"@id\":\"https:\\\/\\\/shrimataji.org\\\/test\\\/hu\\\/sir-c-p-srivastava-3\\\/#primaryimage\"},\"thumbnailUrl\":\"https:\\\/\\\/shrimataji.org\\\/test\\\/wp-content\\\/uploads\\\/2023\\\/03\\\/8_Banner-Family_CP-2-scaled.jpg\",\"datePublished\":\"2012-11-01T12:00:00+00:00\",\"dateModified\":\"2026-04-11T18:25:34+00:00\",\"breadcrumb\":{\"@id\":\"https:\\\/\\\/shrimataji.org\\\/test\\\/hu\\\/sir-c-p-srivastava-3\\\/#breadcrumb\"},\"inLanguage\":\"en-US\",\"potentialAction\":[{\"@type\":\"ReadAction\",\"target\":[\"https:\\\/\\\/shrimataji.org\\\/test\\\/hu\\\/sir-c-p-srivastava-3\\\/\"]}]},{\"@type\":\"ImageObject\",\"inLanguage\":\"en-US\",\"@id\":\"https:\\\/\\\/shrimataji.org\\\/test\\\/hu\\\/sir-c-p-srivastava-3\\\/#primaryimage\",\"url\":\"https:\\\/\\\/shrimataji.org\\\/test\\\/wp-content\\\/uploads\\\/2023\\\/03\\\/8_Banner-Family_CP-2-scaled.jpg\",\"contentUrl\":\"https:\\\/\\\/shrimataji.org\\\/test\\\/wp-content\\\/uploads\\\/2023\\\/03\\\/8_Banner-Family_CP-2-scaled.jpg\",\"width\":2560,\"height\":905},{\"@type\":\"BreadcrumbList\",\"@id\":\"https:\\\/\\\/shrimataji.org\\\/test\\\/hu\\\/sir-c-p-srivastava-3\\\/#breadcrumb\",\"itemListElement\":[{\"@type\":\"ListItem\",\"position\":1,\"name\":\"Home\",\"item\":\"https:\\\/\\\/shrimataji.org\\\/test\\\/uk\\\/home-en\\\/\"},{\"@type\":\"ListItem\",\"position\":2,\"name\":\"Sir C.P. Srivastava\"}]},{\"@type\":\"WebSite\",\"@id\":\"https:\\\/\\\/shrimataji.org\\\/test\\\/#website\",\"url\":\"https:\\\/\\\/shrimataji.org\\\/test\\\/\",\"name\":\"Shri Mataji Nirmala Devi\",\"description\":\"A Life Dedicated to Humanity\",\"publisher\":{\"@id\":\"https:\\\/\\\/shrimataji.org\\\/test\\\/#\\\/schema\\\/person\\\/a1b3419c6585f164aa96da1ff85715d1\"},\"potentialAction\":[{\"@type\":\"SearchAction\",\"target\":{\"@type\":\"EntryPoint\",\"urlTemplate\":\"https:\\\/\\\/shrimataji.org\\\/test\\\/?s={search_term_string}\"},\"query-input\":{\"@type\":\"PropertyValueSpecification\",\"valueRequired\":true,\"valueName\":\"search_term_string\"}}],\"inLanguage\":\"en-US\"},{\"@type\":[\"Person\",\"Organization\"],\"@id\":\"https:\\\/\\\/shrimataji.org\\\/test\\\/#\\\/schema\\\/person\\\/a1b3419c6585f164aa96da1ff85715d1\",\"name\":\"Nirmala Shrivastava\",\"image\":{\"@type\":\"ImageObject\",\"inLanguage\":\"en-US\",\"@id\":\"https:\\\/\\\/shrimataji.org\\\/test\\\/wp-content\\\/uploads\\\/2023\\\/02\\\/SMO_LOGO-03.svg\",\"url\":\"https:\\\/\\\/shrimataji.org\\\/test\\\/wp-content\\\/uploads\\\/2023\\\/02\\\/SMO_LOGO-03.svg\",\"contentUrl\":\"https:\\\/\\\/shrimataji.org\\\/test\\\/wp-content\\\/uploads\\\/2023\\\/02\\\/SMO_LOGO-03.svg\",\"width\":\"1024\",\"height\":\"1024\",\"caption\":\"Nirmala Shrivastava\"},\"logo\":{\"@id\":\"https:\\\/\\\/shrimataji.org\\\/test\\\/wp-content\\\/uploads\\\/2023\\\/02\\\/SMO_LOGO-03.svg\"},\"sameAs\":[\"https:\\\/\\\/shrimataji.org\\\/test\",\"https:\\\/\\\/www.facebook.com\\\/shrimataji\",\"https:\\\/\\\/x.com\\\/shrimataji\",\"https:\\\/\\\/www.youtube.com\\\/@Shri_Mataji_Nirmala_Devi\\\/featured\"]}]}<\/script>\n<!-- \/ Yoast SEO plugin. -->","yoast_head_json":{"title":"Sir C.P. Srivastava - TEST - SMND","robots":{"index":"noindex","follow":"follow","max-snippet":"max-snippet:-1","max-image-preview":"max-image-preview:large","max-video-preview":"max-video-preview:-1"},"og_locale":"en_US","og_type":"article","og_title":"Sir C.P. Srivastava - TEST - SMND","og_description":"Sir C.P. Srivastava Sir C.P. \u00e9s az \u201eapr\u00f3 kolosszus&#8221; Shri Mataji Nirmala Devi vil\u00e1gszerte a Sahaja J\u00f3ga inspir\u00e1l\u00f3 erejek\u00e9nt ismert. Spiritu\u00e1lis vezet\u0151i h\u00edrneve mellett egy p\u00e1rhuzamos t\u00f6rt\u00e9net is f\u0171z\u0151dik f\u00e9rje, Sir Chandrika Prasad Srivastava rendk\u00edv\u00fcli karrierj\u00e9hez. Azok, akiknek volt szerencs\u00e9j\u00fck szem\u00e9lyesen is tal\u00e1lkozni Shri Matajival, ismerhett\u00e9k a magas, m\u00e9lt\u00f3s\u00e1gteljes \u00e9s halk szav\u00fa \u201eSir C.P.&#8221;-t is,&hellip; Read more","og_url":"https:\/\/shrimataji.org\/test\/hu\/sir-c-p-srivastava-3\/","og_site_name":"TEST - SMND","article_publisher":"https:\/\/www.facebook.com\/shrimataji","article_modified_time":"2026-04-11T18:25:34+00:00","og_image":[{"width":2560,"height":905,"url":"https:\/\/shrimataji.org\/test\/wp-content\/uploads\/2023\/03\/8_Banner-Family_CP-2-scaled.jpg","type":"image\/jpeg"}],"twitter_card":"summary_large_image","twitter_site":"@shrimataji","twitter_misc":{"Est. reading time":"5 minutes"},"schema":{"@context":"https:\/\/schema.org","@graph":[{"@type":"WebPage","@id":"https:\/\/shrimataji.org\/test\/hu\/sir-c-p-srivastava-3\/","url":"https:\/\/shrimataji.org\/test\/hu\/sir-c-p-srivastava-3\/","name":"Sir C.P. Srivastava - TEST - SMND","isPartOf":{"@id":"https:\/\/shrimataji.org\/test\/#website"},"primaryImageOfPage":{"@id":"https:\/\/shrimataji.org\/test\/hu\/sir-c-p-srivastava-3\/#primaryimage"},"image":{"@id":"https:\/\/shrimataji.org\/test\/hu\/sir-c-p-srivastava-3\/#primaryimage"},"thumbnailUrl":"https:\/\/shrimataji.org\/test\/wp-content\/uploads\/2023\/03\/8_Banner-Family_CP-2-scaled.jpg","datePublished":"2012-11-01T12:00:00+00:00","dateModified":"2026-04-11T18:25:34+00:00","breadcrumb":{"@id":"https:\/\/shrimataji.org\/test\/hu\/sir-c-p-srivastava-3\/#breadcrumb"},"inLanguage":"en-US","potentialAction":[{"@type":"ReadAction","target":["https:\/\/shrimataji.org\/test\/hu\/sir-c-p-srivastava-3\/"]}]},{"@type":"ImageObject","inLanguage":"en-US","@id":"https:\/\/shrimataji.org\/test\/hu\/sir-c-p-srivastava-3\/#primaryimage","url":"https:\/\/shrimataji.org\/test\/wp-content\/uploads\/2023\/03\/8_Banner-Family_CP-2-scaled.jpg","contentUrl":"https:\/\/shrimataji.org\/test\/wp-content\/uploads\/2023\/03\/8_Banner-Family_CP-2-scaled.jpg","width":2560,"height":905},{"@type":"BreadcrumbList","@id":"https:\/\/shrimataji.org\/test\/hu\/sir-c-p-srivastava-3\/#breadcrumb","itemListElement":[{"@type":"ListItem","position":1,"name":"Home","item":"https:\/\/shrimataji.org\/test\/uk\/home-en\/"},{"@type":"ListItem","position":2,"name":"Sir C.P. Srivastava"}]},{"@type":"WebSite","@id":"https:\/\/shrimataji.org\/test\/#website","url":"https:\/\/shrimataji.org\/test\/","name":"Shri Mataji Nirmala Devi","description":"A Life Dedicated to Humanity","publisher":{"@id":"https:\/\/shrimataji.org\/test\/#\/schema\/person\/a1b3419c6585f164aa96da1ff85715d1"},"potentialAction":[{"@type":"SearchAction","target":{"@type":"EntryPoint","urlTemplate":"https:\/\/shrimataji.org\/test\/?s={search_term_string}"},"query-input":{"@type":"PropertyValueSpecification","valueRequired":true,"valueName":"search_term_string"}}],"inLanguage":"en-US"},{"@type":["Person","Organization"],"@id":"https:\/\/shrimataji.org\/test\/#\/schema\/person\/a1b3419c6585f164aa96da1ff85715d1","name":"Nirmala Shrivastava","image":{"@type":"ImageObject","inLanguage":"en-US","@id":"https:\/\/shrimataji.org\/test\/wp-content\/uploads\/2023\/02\/SMO_LOGO-03.svg","url":"https:\/\/shrimataji.org\/test\/wp-content\/uploads\/2023\/02\/SMO_LOGO-03.svg","contentUrl":"https:\/\/shrimataji.org\/test\/wp-content\/uploads\/2023\/02\/SMO_LOGO-03.svg","width":"1024","height":"1024","caption":"Nirmala Shrivastava"},"logo":{"@id":"https:\/\/shrimataji.org\/test\/wp-content\/uploads\/2023\/02\/SMO_LOGO-03.svg"},"sameAs":["https:\/\/shrimataji.org\/test","https:\/\/www.facebook.com\/shrimataji","https:\/\/x.com\/shrimataji","https:\/\/www.youtube.com\/@Shri_Mataji_Nirmala_Devi\/featured"]}]}},"lang":"hu","translations":{"hu":19568,"ur":37505,"en":423,"am":18079,"th":20064,"sq":18480,"zh":17377,"tr":10212,"pt":10421,"de":10695,"fr":10793,"it":10891,"es":10988,"ja":11286,"ru":11474,"bn":11665,"te":11773,"sw":11896,"he":12044,"el":12336,"sk":12434,"fa":12532,"fi":12630,"bg":13492,"ro":14567,"cs":14760,"nl":16640,"ku":16800,"ar":16976,"be":18687,"kn":18961,"mr":20428,"uk":20722,"ml":21017,"ta":22798,"sv":23068,"gu":28904,"pa":29064,"fil":29517,"da":37814,"nn":38366,"pl":39943},"pll_sync_post":[],"_links":{"self":[{"href":"https:\/\/shrimataji.org\/test\/wp-json\/wp\/v2\/pages\/19568","targetHints":{"allow":["GET"]}}],"collection":[{"href":"https:\/\/shrimataji.org\/test\/wp-json\/wp\/v2\/pages"}],"about":[{"href":"https:\/\/shrimataji.org\/test\/wp-json\/wp\/v2\/types\/page"}],"author":[{"embeddable":true,"href":"https:\/\/shrimataji.org\/test\/wp-json\/wp\/v2\/users\/1"}],"replies":[{"embeddable":true,"href":"https:\/\/shrimataji.org\/test\/wp-json\/wp\/v2\/comments?post=19568"}],"version-history":[{"count":0,"href":"https:\/\/shrimataji.org\/test\/wp-json\/wp\/v2\/pages\/19568\/revisions"}],"wp:featuredmedia":[{"embeddable":true,"href":"https:\/\/shrimataji.org\/test\/wp-json\/wp\/v2\/media\/19338"}],"wp:attachment":[{"href":"https:\/\/shrimataji.org\/test\/wp-json\/wp\/v2\/media?parent=19568"}],"curies":[{"name":"wp","href":"https:\/\/api.w.org\/{rel}","templated":true}]}}