{"id":19570,"date":"2018-07-10T06:54:42","date_gmt":"2018-07-10T06:54:42","guid":{"rendered":"http:\/\/testwordpress.nirmalnagari.org\/smnd\/index.php\/work\/"},"modified":"2026-04-12T15:17:21","modified_gmt":"2026-04-12T15:17:21","slug":"societal-transformation","status":"publish","type":"page","link":"https:\/\/shrimataji.org\/test\/hu\/societal-transformation\/","title":{"rendered":"T\u00e1rsadalmi \u00e1talakul\u00e1s"},"content":{"rendered":"\n\n\t<h1>T\u00e1rsadalmi \u00e1talakul\u00e1s<\/h1>\n<h2>A szeretet munk\u00e1ja<\/h2>\n\t<h4>Egy olyan csal\u00e1dban n\u0151tt fel, amely az \u00f6nzetlens\u00e9get tekintette a legmagasabb hivat\u00e1snak, Shri Mataji \u00e9let\u00e9t a folyamatos k\u00f6z\u00e9leti \u00e9s spiritu\u00e1lis munk\u00e1nak szentelte.<\/h4>\n\t<p>Kiskor\u00e1t\u00f3l kezdve dinamikusan r\u00e9szt vett India szabads\u00e1gharc\u00e1ban. K\u00e9s\u0151bbiek sor\u00e1n, egy neves indiai diplomata feles\u00e9gek\u00e9nt \u00e9s k\u00e9t l\u00e1nya felnevel\u00e9se k\u00f6zben is, szeretttel figyelte a k\u00f6r\u00fcl\u00f6tte \u00e9l\u0151 vil\u00e1got. 1961-ben Shri Mataji megalap\u00edtotta az \u201eIfj\u00fas\u00e1gi Filmt\u00e1rsas\u00e1got&#8221;, hogy \u00f6szt\u00f6n\u00f6zze a fiatalok nemzeti, t\u00e1rsadalmi \u00e9s erk\u00f6lcsi \u00e9rt\u00e9keit. Tagja volt a mumbai filmcenz\u00fara bizotts\u00e1gnak is.<\/p>\n<p>A Sahaja J\u00f3ga medit\u00e1ci\u00f3 megalap\u00edt\u00f3jak\u00e9nt \u00e9s a vil\u00e1g sz\u00e1mos pontj\u00e1n utazva, sokf\u00e9le emberrel ker\u00fclt kapcsolatba k\u00fcl\u00f6nb\u00f6z\u0151 orsz\u00e1gokb\u00f3l, kult\u00far\u00e1kb\u00f3l, j\u00f6vedelmi r\u00e9tegekb\u0151l \u00e9s h\u00e1tterekb\u0151l, \u00e9s \u00e9rdekl\u0151d\u00e9ssel \u00e9s \u0151szintes\u00e9ggel viszonyult hozz\u00e1juk. Felismerte, hogy minden emberi probl\u00e9ma a spiritu\u00e1lis l\u00e9nyek val\u00f3di bels\u0151 potenci\u00e1lj\u00e1nak nem ismeret\u00e9b\u0151l fakad, \u00e9s hogy ez a potenci\u00e1l k\u00f6nnyen kiakn\u00e1zhat\u00f3 az \u00f6nmegval\u00f3sul\u00e1s r\u00e9v\u00e9n. A bels\u0151 \u00e1talakul\u00e1s, amely a t\u00e1rsadalmi \u00e1talakul\u00e1s kulcsa, Shri Mataji \u00e1ltal kezdem\u00e9nyezett \u00f6sszes glob\u00e1lis nem korm\u00e1nyzati szervezet sarokk\u00f6v\u00e9v\u00e9 v\u00e1lt.<\/p>\n<p>J\u00f3t\u00e9konys\u00e1gi szervezeteket hozott l\u00e9tre, mint p\u00e9ld\u00e1ul a <a href=\"https:\/\/www.nirmalprem.org\/\">Vishwa Nirmala Prem Ashramot<\/a> szeg\u00e9ny n\u0151k \u00e9s \u00e1rva gyermekek sz\u00e1m\u00e1ra, nemzetk\u00f6zi iskol\u00e1kat alap\u00edtott a megvil\u00e1gosodott oktat\u00e1s el\u0151mozd\u00edt\u00e1sa \u00e9rdek\u00e9ben, holisztikus eg\u00e9szs\u00e9g\u00fcgyi k\u00f6zpontokat hozott l\u00e9tre, l\u00e9trehozta a klasszikus zen\u00e9t \u00e9s k\u00e9pz\u0151m\u0171v\u00e9szetet n\u00e9pszer\u0171s\u00edt\u0151 nemzetk\u00f6zi akad\u00e9mi\u00e1t, \u00e9s m\u00e9g sok m\u00e1st. Mindezek a t\u00f6rekv\u00e9sek kieg\u00e9sz\u00edtett\u00e9k a spiritu\u00e1lis \u00e1talakul\u00e1s\u00e9rt v\u00e9gzett glob\u00e1lis munk\u00e1j\u00e1t.<\/p>\n<p>A 21. sz\u00e1zad sokr\u00e9t\u0171 kih\u00edv\u00e1sok el\u00e9 \u00e1ll\u00edt minket, az ezekre adhat\u00f3 v\u00e1laszok fogj\u00e1k meghat\u00e1rozni \u00e9s alak\u00edtani a holnap t\u00e1rsadalm\u00e1nak \u00faj norm\u00e1it. Az emberek vil\u00e1gszerte folyamatosan keresik a megold\u00e1sokat ezekre a kih\u00edv\u00e1sokra, legyenek azok glob\u00e1lis vil\u00e1gj\u00e1rv\u00e1nyok, kl\u00edmav\u00e1ltoz\u00e1s, t\u00e1rsadalmi-gazdas\u00e1gi probl\u00e9m\u00e1k, kultur\u00e1lis konfliktusok, vall\u00e1si fanatizmus stb., amelyek mind meghat\u00e1rozz\u00e1k majd az emberi l\u00e1bnyomunkat ezen a F\u00f6ld nev\u0171 bolyg\u00f3n.<\/p>\n<p>A jelen t\u00e1rsadalmak szoci\u00e1lis \u00e9s gazdas\u00e1gi probl\u00e9m\u00e1inak nagy r\u00e9sz\u00e9t a nyeres\u00e9ghajh\u00e1sz\u00e1s \u00e9s az anyagiass\u00e1g okozza. Shri Mataji hangs\u00falyozta, hogy a haszonles\u00e9s helytelen hozz\u00e1\u00e1ll\u00e1s az anyaghoz, \u00e9s hogy az anyagnak megvan a maga c\u00e9lja, m\u00e9gpedig az, hogy \u00f6r\u00f6met szerezzen nek\u00fcnk. Ha p\u00e9ld\u00e1ul egy gy\u00f6ny\u00f6r\u0171 m\u0171alkot\u00e1st l\u00e1tunk, csod\u00e1lhatjuk, de nem kell birtokolnunk. Vagy ha szeretet\u00fcnk kifejez\u00e9sek\u00e9nt aj\u00e1nd\u00e9kot adunk valakinek, akkor a megfelel\u0151 m\u00f3don haszn\u00e1ljuk az anyagot, \u00e9s val\u00f3di el\u00e9gedetts\u00e9get \u00e9rz\u00fcnk a v\u00e1s\u00e1rl\u00e1s \u00e9s birtokl\u00e1s m\u00faland\u00f3 \u00f6r\u00f6m\u00e9n t\u00fal.<\/p>\n<p>Amikor a benn\u00fcnk l\u00e9v\u0151 harmadik finom k\u00f6zpont, a <a href=\"https:\/\/shrimataji.org\/test\/nabhi-chakra\/\" target=\"_blank\" rel=\"noopener\">Nabhi csakra<\/a> megvil\u00e1gosodik az <a href=\"https:\/\/shrimataji.org\/test\/self-realization\/\" target=\"_blank\" rel=\"noopener\">\u00f6nmegval\u00f3sul\u00e1sunk<\/a> ut\u00e1n a <a href=\"https:\/\/shrimataji.org\/test\/kundalini\/\" target=\"_blank\" rel=\"noopener\">Kundalini<\/a> fel\u00e9bred\u00e9s\u00e9n kereszt\u00fcl, teljesen el\u00e9gedettnek \u00e9rezz\u00fck magunkat, megszabadulunk a kapzsis\u00e1g \u00e9s a birtokl\u00e1s negat\u00edv hajlamait\u00f3l. L\u00e1tjuk az anyag spiritu\u00e1lis \u00e9rt\u00e9k\u00e9t, amelyet a term\u00e9szetes anyagokb\u00f3l k\u00e9sz\u00fclt t\u00e1rgyakb\u00f3l, s\u0151t a gy\u00f6ny\u00f6r\u0171 k\u00e9zzel k\u00e9sz\u00edtett t\u00e1rgyakb\u00f3l \u00e9s festm\u00e9nyekb\u0151l ki\u00e1raml\u00f3 pozit\u00edv energiak\u00e9nt \u00e9rz\u00fcnk. Shri Mataji ezeket a jelens\u00e9geket az anyag spiritu\u00e1lis egy\u00fctthat\u00f3j\u00e1nak tulajdon\u00edtja, amely az \u00f6nmegval\u00f3sul\u00e1s ut\u00e1n v\u00e1lik \u00e9rezhet\u0151v\u00e9.<\/p>\n<p>\u00c9rdekes m\u00f3don a finomrendszer\u00fck m\u00e1sodik k\u00f6zpontja, a <a href=\"https:\/\/shrimataji.org\/test\/swadhisthan-chakra\/\" target=\"_blank\" rel=\"noopener\">Swadhisthan csakra<\/a>, megvil\u00e1gosod\u00e1sa, fokozza kreativit\u00e1sunkat, lehet\u0151v\u00e9 t\u00e9ve sz\u00e1munkra, hogy ne csak m\u00e1sok kreat\u00edv munk\u00e1it \u00e9rt\u00e9kelj\u00fck, hanem gyakran felfedezz\u00fck saj\u00e1t velesz\u00fcletett kreat\u00edv potenci\u00e1lunkat is. Sok Sahaja J\u00f3ga medit\u00e1ci\u00f3s gyakorl\u00f3 \u00e1mul a kreat\u00edv tehets\u00e9geinek exponenci\u00e1lis n\u00f6veked\u00e9s\u00e9n, amely mindez spont\u00e1n m\u00f3don, tiszta inspir\u00e1ci\u00f3k\u00e9nt \u00e9s intu\u00edci\u00f3k\u00e9nt j\u00f6n l\u00e9tre.<\/p>\n<p>Shri Mataji el\u0151re l\u00e1tta ezen gy\u00f6ny\u00f6r\u0171, finom tulajdons\u00e1gok megnyilv\u00e1nul\u00e1s\u00e1t nemcsak az egy\u00e9nben, hanem egy kollekt\u00edv er\u0151k\u00e9nt is, amely megnyilv\u00e1nulhat a t\u00e1rsadalomban, \u00e9s megv\u00e1ltoztathatja az emberis\u00e9g \u00fatj\u00e1t az \u00f6npuszt\u00edt\u00f3 \u00fatr\u00f3l a fenntarthat\u00f3 \u00e9let fel\u00e9 a F\u00f6ld\u00f6n.<\/p>\n<p>Shri Mataji egy\u00fctt\u00e9rz\u00e9se \u00e9s az emberis\u00e9g ir\u00e1nti t\u00f6r\u0151d\u00e9se volt minden tev\u00e9kenys\u00e9g\u00e9nek mozgat\u00f3rug\u00f3ja. Soha nem nevezte \u201emunk\u00e1nak&#8221; azt, amit csin\u00e1lt, ink\u00e1bb szeretetteljes elfoglalts\u00e1gnak, amelyet teljes m\u00e9rt\u00e9kben \u00e9lvezett.<\/p>\n\n","protected":false},"excerpt":{"rendered":"<p>T\u00e1rsadalmi \u00e1talakul\u00e1s A szeretet munk\u00e1ja Egy olyan csal\u00e1dban n\u0151tt fel, amely az \u00f6nzetlens\u00e9get tekintette a legmagasabb hivat\u00e1snak, Shri Mataji \u00e9let\u00e9t a folyamatos k\u00f6z\u00e9leti \u00e9s spiritu\u00e1lis munk\u00e1nak szentelte. Kiskor\u00e1t\u00f3l kezdve dinamikusan r\u00e9szt vett India szabads\u00e1gharc\u00e1ban. K\u00e9s\u0151bbiek sor\u00e1n, egy neves indiai diplomata feles\u00e9gek\u00e9nt \u00e9s k\u00e9t l\u00e1nya felnevel\u00e9se k\u00f6zben is, szeretttel figyelte a k\u00f6r\u00fcl\u00f6tte \u00e9l\u0151 vil\u00e1got. 1961-ben Shri&hellip; <br \/> <a class=\"read-more\" href=\"https:\/\/shrimataji.org\/test\/hu\/societal-transformation\/\">Read more<\/a><\/p>\n","protected":false},"author":1,"featured_media":19341,"parent":0,"menu_order":0,"comment_status":"closed","ping_status":"closed","template":"","meta":{"inline_featured_image":false,"footnotes":""},"class_list":["post-19570","page","type-page","status-publish","has-post-thumbnail","hentry"],"yoast_head":"<!-- This site is optimized with the Yoast SEO plugin v27.4 - https:\/\/yoast.com\/product\/yoast-seo-wordpress\/ -->\n<title>T\u00e1rsadalmi \u00e1talakul\u00e1s - TEST - SMND<\/title>\n<meta name=\"robots\" content=\"noindex, follow, max-snippet:-1, max-image-preview:large, max-video-preview:-1\" \/>\n<meta property=\"og:locale\" content=\"en_US\" \/>\n<meta property=\"og:type\" content=\"article\" \/>\n<meta property=\"og:title\" content=\"T\u00e1rsadalmi \u00e1talakul\u00e1s - TEST - SMND\" \/>\n<meta property=\"og:description\" content=\"T\u00e1rsadalmi \u00e1talakul\u00e1s A szeretet munk\u00e1ja Egy olyan csal\u00e1dban n\u0151tt fel, amely az \u00f6nzetlens\u00e9get tekintette a legmagasabb hivat\u00e1snak, Shri Mataji \u00e9let\u00e9t a folyamatos k\u00f6z\u00e9leti \u00e9s spiritu\u00e1lis munk\u00e1nak szentelte. Kiskor\u00e1t\u00f3l kezdve dinamikusan r\u00e9szt vett India szabads\u00e1gharc\u00e1ban. K\u00e9s\u0151bbiek sor\u00e1n, egy neves indiai diplomata feles\u00e9gek\u00e9nt \u00e9s k\u00e9t l\u00e1nya felnevel\u00e9se k\u00f6zben is, szeretttel figyelte a k\u00f6r\u00fcl\u00f6tte \u00e9l\u0151 vil\u00e1got. 1961-ben Shri&hellip; Read more\" \/>\n<meta property=\"og:url\" content=\"https:\/\/shrimataji.org\/test\/hu\/societal-transformation\/\" \/>\n<meta property=\"og:site_name\" content=\"TEST - SMND\" \/>\n<meta property=\"article:publisher\" content=\"https:\/\/www.facebook.com\/shrimataji\" \/>\n<meta property=\"article:modified_time\" content=\"2026-04-12T15:17:21+00:00\" \/>\n<meta property=\"og:image\" content=\"https:\/\/shrimataji.org\/test\/wp-content\/uploads\/2018\/07\/media_originals\/images\/headers-general\/shri-mataji-arrival-in-rome-may-1985.jpg\" \/>\n\t<meta property=\"og:image:width\" content=\"990\" \/>\n\t<meta property=\"og:image:height\" content=\"350\" \/>\n\t<meta property=\"og:image:type\" content=\"image\/jpeg\" \/>\n<meta name=\"twitter:card\" content=\"summary_large_image\" \/>\n<meta name=\"twitter:site\" content=\"@shrimataji\" \/>\n<meta name=\"twitter:label1\" content=\"Est. reading time\" \/>\n\t<meta name=\"twitter:data1\" content=\"3 minutes\" \/>\n<script type=\"application\/ld+json\" class=\"yoast-schema-graph\">{\"@context\":\"https:\\\/\\\/schema.org\",\"@graph\":[{\"@type\":\"WebPage\",\"@id\":\"https:\\\/\\\/shrimataji.org\\\/test\\\/hu\\\/societal-transformation\\\/\",\"url\":\"https:\\\/\\\/shrimataji.org\\\/test\\\/hu\\\/societal-transformation\\\/\",\"name\":\"T\u00e1rsadalmi \u00e1talakul\u00e1s - TEST - SMND\",\"isPartOf\":{\"@id\":\"https:\\\/\\\/shrimataji.org\\\/test\\\/#website\"},\"primaryImageOfPage\":{\"@id\":\"https:\\\/\\\/shrimataji.org\\\/test\\\/hu\\\/societal-transformation\\\/#primaryimage\"},\"image\":{\"@id\":\"https:\\\/\\\/shrimataji.org\\\/test\\\/hu\\\/societal-transformation\\\/#primaryimage\"},\"thumbnailUrl\":\"https:\\\/\\\/shrimataji.org\\\/test\\\/wp-content\\\/uploads\\\/2018\\\/07\\\/media_originals\\\/images\\\/headers-general\\\/shri-mataji-arrival-in-rome-may-1985.jpg\",\"datePublished\":\"2018-07-10T06:54:42+00:00\",\"dateModified\":\"2026-04-12T15:17:21+00:00\",\"breadcrumb\":{\"@id\":\"https:\\\/\\\/shrimataji.org\\\/test\\\/hu\\\/societal-transformation\\\/#breadcrumb\"},\"inLanguage\":\"en-US\",\"potentialAction\":[{\"@type\":\"ReadAction\",\"target\":[\"https:\\\/\\\/shrimataji.org\\\/test\\\/hu\\\/societal-transformation\\\/\"]}]},{\"@type\":\"ImageObject\",\"inLanguage\":\"en-US\",\"@id\":\"https:\\\/\\\/shrimataji.org\\\/test\\\/hu\\\/societal-transformation\\\/#primaryimage\",\"url\":\"https:\\\/\\\/shrimataji.org\\\/test\\\/wp-content\\\/uploads\\\/2018\\\/07\\\/media_originals\\\/images\\\/headers-general\\\/shri-mataji-arrival-in-rome-may-1985.jpg\",\"contentUrl\":\"https:\\\/\\\/shrimataji.org\\\/test\\\/wp-content\\\/uploads\\\/2018\\\/07\\\/media_originals\\\/images\\\/headers-general\\\/shri-mataji-arrival-in-rome-may-1985.jpg\",\"width\":990,\"height\":350},{\"@type\":\"BreadcrumbList\",\"@id\":\"https:\\\/\\\/shrimataji.org\\\/test\\\/hu\\\/societal-transformation\\\/#breadcrumb\",\"itemListElement\":[{\"@type\":\"ListItem\",\"position\":1,\"name\":\"Home\",\"item\":\"https:\\\/\\\/shrimataji.org\\\/test\\\/uk\\\/home-en\\\/\"},{\"@type\":\"ListItem\",\"position\":2,\"name\":\"T\u00e1rsadalmi \u00e1talakul\u00e1s\"}]},{\"@type\":\"WebSite\",\"@id\":\"https:\\\/\\\/shrimataji.org\\\/test\\\/#website\",\"url\":\"https:\\\/\\\/shrimataji.org\\\/test\\\/\",\"name\":\"Shri Mataji Nirmala Devi\",\"description\":\"A Life Dedicated to Humanity\",\"publisher\":{\"@id\":\"https:\\\/\\\/shrimataji.org\\\/test\\\/#\\\/schema\\\/person\\\/a1b3419c6585f164aa96da1ff85715d1\"},\"potentialAction\":[{\"@type\":\"SearchAction\",\"target\":{\"@type\":\"EntryPoint\",\"urlTemplate\":\"https:\\\/\\\/shrimataji.org\\\/test\\\/?s={search_term_string}\"},\"query-input\":{\"@type\":\"PropertyValueSpecification\",\"valueRequired\":true,\"valueName\":\"search_term_string\"}}],\"inLanguage\":\"en-US\"},{\"@type\":[\"Person\",\"Organization\"],\"@id\":\"https:\\\/\\\/shrimataji.org\\\/test\\\/#\\\/schema\\\/person\\\/a1b3419c6585f164aa96da1ff85715d1\",\"name\":\"Nirmala Shrivastava\",\"image\":{\"@type\":\"ImageObject\",\"inLanguage\":\"en-US\",\"@id\":\"https:\\\/\\\/shrimataji.org\\\/test\\\/wp-content\\\/uploads\\\/2023\\\/02\\\/SMO_LOGO-03.svg\",\"url\":\"https:\\\/\\\/shrimataji.org\\\/test\\\/wp-content\\\/uploads\\\/2023\\\/02\\\/SMO_LOGO-03.svg\",\"contentUrl\":\"https:\\\/\\\/shrimataji.org\\\/test\\\/wp-content\\\/uploads\\\/2023\\\/02\\\/SMO_LOGO-03.svg\",\"width\":\"1024\",\"height\":\"1024\",\"caption\":\"Nirmala Shrivastava\"},\"logo\":{\"@id\":\"https:\\\/\\\/shrimataji.org\\\/test\\\/wp-content\\\/uploads\\\/2023\\\/02\\\/SMO_LOGO-03.svg\"},\"sameAs\":[\"https:\\\/\\\/shrimataji.org\\\/test\",\"https:\\\/\\\/www.facebook.com\\\/shrimataji\",\"https:\\\/\\\/x.com\\\/shrimataji\",\"https:\\\/\\\/www.youtube.com\\\/@Shri_Mataji_Nirmala_Devi\\\/featured\"]}]}<\/script>\n<!-- \/ Yoast SEO plugin. -->","yoast_head_json":{"title":"T\u00e1rsadalmi \u00e1talakul\u00e1s - TEST - SMND","robots":{"index":"noindex","follow":"follow","max-snippet":"max-snippet:-1","max-image-preview":"max-image-preview:large","max-video-preview":"max-video-preview:-1"},"og_locale":"en_US","og_type":"article","og_title":"T\u00e1rsadalmi \u00e1talakul\u00e1s - TEST - SMND","og_description":"T\u00e1rsadalmi \u00e1talakul\u00e1s A szeretet munk\u00e1ja Egy olyan csal\u00e1dban n\u0151tt fel, amely az \u00f6nzetlens\u00e9get tekintette a legmagasabb hivat\u00e1snak, Shri Mataji \u00e9let\u00e9t a folyamatos k\u00f6z\u00e9leti \u00e9s spiritu\u00e1lis munk\u00e1nak szentelte. Kiskor\u00e1t\u00f3l kezdve dinamikusan r\u00e9szt vett India szabads\u00e1gharc\u00e1ban. K\u00e9s\u0151bbiek sor\u00e1n, egy neves indiai diplomata feles\u00e9gek\u00e9nt \u00e9s k\u00e9t l\u00e1nya felnevel\u00e9se k\u00f6zben is, szeretttel figyelte a k\u00f6r\u00fcl\u00f6tte \u00e9l\u0151 vil\u00e1got. 1961-ben Shri&hellip; Read more","og_url":"https:\/\/shrimataji.org\/test\/hu\/societal-transformation\/","og_site_name":"TEST - SMND","article_publisher":"https:\/\/www.facebook.com\/shrimataji","article_modified_time":"2026-04-12T15:17:21+00:00","og_image":[{"width":990,"height":350,"url":"https:\/\/shrimataji.org\/test\/wp-content\/uploads\/2018\/07\/media_originals\/images\/headers-general\/shri-mataji-arrival-in-rome-may-1985.jpg","type":"image\/jpeg"}],"twitter_card":"summary_large_image","twitter_site":"@shrimataji","twitter_misc":{"Est. reading time":"3 minutes"},"schema":{"@context":"https:\/\/schema.org","@graph":[{"@type":"WebPage","@id":"https:\/\/shrimataji.org\/test\/hu\/societal-transformation\/","url":"https:\/\/shrimataji.org\/test\/hu\/societal-transformation\/","name":"T\u00e1rsadalmi \u00e1talakul\u00e1s - TEST - SMND","isPartOf":{"@id":"https:\/\/shrimataji.org\/test\/#website"},"primaryImageOfPage":{"@id":"https:\/\/shrimataji.org\/test\/hu\/societal-transformation\/#primaryimage"},"image":{"@id":"https:\/\/shrimataji.org\/test\/hu\/societal-transformation\/#primaryimage"},"thumbnailUrl":"https:\/\/shrimataji.org\/test\/wp-content\/uploads\/2018\/07\/media_originals\/images\/headers-general\/shri-mataji-arrival-in-rome-may-1985.jpg","datePublished":"2018-07-10T06:54:42+00:00","dateModified":"2026-04-12T15:17:21+00:00","breadcrumb":{"@id":"https:\/\/shrimataji.org\/test\/hu\/societal-transformation\/#breadcrumb"},"inLanguage":"en-US","potentialAction":[{"@type":"ReadAction","target":["https:\/\/shrimataji.org\/test\/hu\/societal-transformation\/"]}]},{"@type":"ImageObject","inLanguage":"en-US","@id":"https:\/\/shrimataji.org\/test\/hu\/societal-transformation\/#primaryimage","url":"https:\/\/shrimataji.org\/test\/wp-content\/uploads\/2018\/07\/media_originals\/images\/headers-general\/shri-mataji-arrival-in-rome-may-1985.jpg","contentUrl":"https:\/\/shrimataji.org\/test\/wp-content\/uploads\/2018\/07\/media_originals\/images\/headers-general\/shri-mataji-arrival-in-rome-may-1985.jpg","width":990,"height":350},{"@type":"BreadcrumbList","@id":"https:\/\/shrimataji.org\/test\/hu\/societal-transformation\/#breadcrumb","itemListElement":[{"@type":"ListItem","position":1,"name":"Home","item":"https:\/\/shrimataji.org\/test\/uk\/home-en\/"},{"@type":"ListItem","position":2,"name":"T\u00e1rsadalmi \u00e1talakul\u00e1s"}]},{"@type":"WebSite","@id":"https:\/\/shrimataji.org\/test\/#website","url":"https:\/\/shrimataji.org\/test\/","name":"Shri Mataji Nirmala Devi","description":"A Life Dedicated to Humanity","publisher":{"@id":"https:\/\/shrimataji.org\/test\/#\/schema\/person\/a1b3419c6585f164aa96da1ff85715d1"},"potentialAction":[{"@type":"SearchAction","target":{"@type":"EntryPoint","urlTemplate":"https:\/\/shrimataji.org\/test\/?s={search_term_string}"},"query-input":{"@type":"PropertyValueSpecification","valueRequired":true,"valueName":"search_term_string"}}],"inLanguage":"en-US"},{"@type":["Person","Organization"],"@id":"https:\/\/shrimataji.org\/test\/#\/schema\/person\/a1b3419c6585f164aa96da1ff85715d1","name":"Nirmala Shrivastava","image":{"@type":"ImageObject","inLanguage":"en-US","@id":"https:\/\/shrimataji.org\/test\/wp-content\/uploads\/2023\/02\/SMO_LOGO-03.svg","url":"https:\/\/shrimataji.org\/test\/wp-content\/uploads\/2023\/02\/SMO_LOGO-03.svg","contentUrl":"https:\/\/shrimataji.org\/test\/wp-content\/uploads\/2023\/02\/SMO_LOGO-03.svg","width":"1024","height":"1024","caption":"Nirmala Shrivastava"},"logo":{"@id":"https:\/\/shrimataji.org\/test\/wp-content\/uploads\/2023\/02\/SMO_LOGO-03.svg"},"sameAs":["https:\/\/shrimataji.org\/test","https:\/\/www.facebook.com\/shrimataji","https:\/\/x.com\/shrimataji","https:\/\/www.youtube.com\/@Shri_Mataji_Nirmala_Devi\/featured"]}]}},"lang":"hu","translations":{"hu":19570,"ur":37508,"en":392,"pa":25922,"gu":25525,"th":20067,"sq":18482,"zh":17379,"tr":10214,"pt":10422,"de":10696,"fr":10794,"it":10892,"es":10989,"ja":11287,"ru":11475,"bn":11666,"te":11774,"sw":11897,"he":12045,"el":12337,"sk":12435,"fa":12533,"fi":12631,"bg":13465,"ro":14537,"cs":14730,"nl":16642,"ku":16802,"ar":16978,"be":18689,"kn":18963,"mr":20431,"uk":20725,"ml":21020,"ta":22801,"sv":23070,"bs":27298,"fil":29519,"sd":31012,"da":37816,"pl":38026,"nn":38368},"pll_sync_post":[],"_links":{"self":[{"href":"https:\/\/shrimataji.org\/test\/wp-json\/wp\/v2\/pages\/19570","targetHints":{"allow":["GET"]}}],"collection":[{"href":"https:\/\/shrimataji.org\/test\/wp-json\/wp\/v2\/pages"}],"about":[{"href":"https:\/\/shrimataji.org\/test\/wp-json\/wp\/v2\/types\/page"}],"author":[{"embeddable":true,"href":"https:\/\/shrimataji.org\/test\/wp-json\/wp\/v2\/users\/1"}],"replies":[{"embeddable":true,"href":"https:\/\/shrimataji.org\/test\/wp-json\/wp\/v2\/comments?post=19570"}],"version-history":[{"count":0,"href":"https:\/\/shrimataji.org\/test\/wp-json\/wp\/v2\/pages\/19570\/revisions"}],"wp:featuredmedia":[{"embeddable":true,"href":"https:\/\/shrimataji.org\/test\/wp-json\/wp\/v2\/media\/19341"}],"wp:attachment":[{"href":"https:\/\/shrimataji.org\/test\/wp-json\/wp\/v2\/media?parent=19570"}],"curies":[{"name":"wp","href":"https:\/\/api.w.org\/{rel}","templated":true}]}}