{"id":19572,"date":"2020-04-13T17:41:10","date_gmt":"2020-04-13T17:41:10","guid":{"rendered":"https:\/\/testwordpress.nirmalnagari.org\/smnd\/?page_id=3082"},"modified":"2026-04-11T09:46:06","modified_gmt":"2026-04-11T09:46:06","slug":"spiritual-awakening","status":"publish","type":"page","link":"https:\/\/shrimataji.org\/test\/hu\/spiritual-awakening\/","title":{"rendered":"T\u00f6meges spiritu\u00e1lis \u00e9bred\u00e9s"},"content":{"rendered":"\n\n\t<h1>T\u00f6meges spiritu\u00e1lis \u00e9bred\u00e9s<\/h1>\n<h2>Forradalmi v\u00e1ltoz\u00e1s a glob\u00e1lis megvil\u00e1gosod\u00e1s fel\u00e9<\/h2>\n\t<h4>Shri Mataji kereszt\u00e9ny sz\u00fcl\u0151k gyermekek\u00e9nt sz\u00fcletett, akik m\u00e9ly tisztelettel tekintettek minden vall\u00e1sra. Apja, Prasad K. Salve, leny\u0171g\u00f6zte a teol\u00f3gia, \u00e9s arra biztatta gyermekeit, hogy \u00e9rts\u00e9k meg az \u00f6sszes f\u0151bb hitvall\u00e1s tanait. L\u00e1tta, hogy az emberis\u00e9g v\u00e9gs\u0151 egys\u00e9ge a t\u00f6meges spiritu\u00e1lis megvil\u00e1gosod\u00e1st\u00f3l f\u00fcgg, amely v\u00e9get vet a vil\u00e1got \u00e9vezredek \u00f3ta s\u00fajt\u00f3 hit alap\u00fa konfliktusainak.<\/h4>\n<p>Shri Mataji sz\u00fcleit Mahatma Gandhi b\u00e9k\u00e9s egy\u00fctt nem m\u0171k\u00f6d\u00e9s filoz\u00f3fi\u00e1ja inspir\u00e1lta, \u00e9s akt\u00edvan r\u00e9szt vettek az \u00e1ltala vezetett \u201eHagyj\u00e1tok el Indi\u00e1t&#8221; mozgalomban.<a href=\"https:\/\/shrimataji.org\/test\/inter-religious-society\/#citation-note-1\">[1]<\/a>\u00a0Fiatal l\u00e1nyk\u00e9nt Gandhi asramj\u00e1ban Shri Mataji hinduk, szikhek, kereszt\u00e9nyek \u00e9s muszlimok t\u00e1rsas\u00e1g\u00e1ban \u00e9lt &#8211; mindannyiukat egyes\u00edtette a nemzeti szabads\u00e1g \u00e9s f\u00fcggetlens\u00e9g k\u00f6z\u00f6s c\u00e9lja. K\u00e9s\u0151bb, India feloszt\u00e1sa sor\u00e1n, amikor az orsz\u00e1got felekezeti er\u0151szak s\u00fajtotta, Shri Mataji \u00e9s csal\u00e1dja mened\u00e9ket ny\u00fajtott a konfliktus el\u0151l menek\u00fcl\u0151knek, f\u00fcggetlen\u00fcl azok vall\u00e1s\u00e1t\u00f3l.<\/p>\n<p>Mivel \u00e1t\u00e9lte ezeket az intenz\u00edv \u00e9s neh\u00e9z id\u0151ket, Shri Mataji a saj\u00e1t szem\u00e9vel l\u00e1tta, hogy a politikai szabads\u00e1g nem a v\u00e9gs\u0151 megold\u00e1s. \u00dagy d\u00f6nt\u00f6tt, hogy \u00e9lete igazi k\u00fcldet\u00e9se az emberis\u00e9g spiritu\u00e1lis \u00e1talakul\u00e1s\u00e1hoz val\u00f3 hozz\u00e1j\u00e1rul\u00e1s. Azonban kiv\u00e1rta a megfelel\u0151 id\u0151t; C.P. Srivastav\u00e1val k\u00f6t\u00f6tt h\u00e1zass\u00e1ga ut\u00e1n Shri Mataji azt mondta f\u00e9rj\u00e9nek, hogy csak akkor kezdi el igazi hivat\u00e1s\u00e1t, ha gyermekeik feln\u0151nek \u00e9s \u00f6n\u00e1ll\u00f3 \u00e9let\u00fcket elkezdik.<\/p>\n<p>\u00cdgy csak 1970-ben \u00e9rezte Shri Mataji v\u00e9gre el\u00e9rkezettnek az id\u0151t, hogy elkezdje igazi k\u00fcldet\u00e9s\u00e9t a F\u00f6ld\u00f6n. M\u00e1r tanulm\u00e1nyozta az embereket \u00e9s probl\u00e9m\u00e1ikat, \u00e9s tudta, hogy az igazi megold\u00e1s a spiritu\u00e1lis \u00e9bred\u00e9sben rejlik, egy olyan rejtett lehet\u0151s\u00e9gben, amely csak az indul\u00e1sra v\u00e1r. Tudat\u00e1ban volt annak, hogy a vall\u00e1sok, b\u00e1r igaz pr\u00f3f\u00e9t\u00e1k tan\u00edt\u00e1sain alapulnak, nem voltak k\u00e9pesek arra, hogy elind\u00edts\u00e1k ezt a spiritu\u00e1lis fejl\u0151d\u00e9st az emberi tudatban. Egyik este, miut\u00e1n megundorodott az indiai hamis gurukt\u00f3l, akik p\u00e9nzt csaltak ki az emberekb\u0151l az igazi spiritualit\u00e1s \u00edg\u00e9reteivel, \u00fagy d\u00f6nt\u00f6tt, hogy nem v\u00e1r tov\u00e1bb munk\u00e1j\u00e1val. Mik\u00f6zben egy mag\u00e1nyos tengerparton medit\u00e1lt, 1970. m\u00e1jus 5-\u00e9n kora reggel, \u00fajhold \u00e9jszak\u00e1j\u00e1n, \u00e9rezte ahogyan a teremt\u00e9s \u0151si ereje fel\u00e9bredt saj\u00e1t finom l\u00e9ny\u00e9ben. Ez a m\u00e9ly spiritu\u00e1lis \u00e9lm\u00e9ny megadta neki az \u00f6sszes v\u00e1laszt arra, amit az \u00e9let\u00e9ben keresett, hogy hogyan adja meg az \u00f6r\u00f6k L\u00e9lek tudatoss\u00e1g\u00e1t az igazs\u00e1got keres\u0151 embereknek. Ez a t\u00f6rt\u00e9nelmi esem\u00e9ny jelentette \u00e9let\u00e9nek fordul\u00f3pontj\u00e1t, a t\u00f6meges spiritu\u00e1lis \u00f6nmegval\u00f3sul\u00e1s egyed\u00fcl\u00e1ll\u00f3 felfedez\u00e9s\u00e9t. K\u00e9s\u0151bb l\u00e9trehozott egy technik\u00e1t, amelyet Sahaja J\u00f3g\u00e1nak nevezett el, ami sz\u00f3 szerint azt jelenti, hogy egyes\u00fcl\u00fcnk azzal az isteni, \u00f6r\u00f6k er\u0151vel, amellyel minden ember sz\u00fcletik, de nincs tudat\u00e1ban.<\/p>\n\t<p>A Sahaja J\u00f3ga a medit\u00e1ci\u00f3 egy egyszer\u0171 \u00e9s k\u00f6nny\u0171 form\u00e1ja, amely fel\u00e9breszti a minden emberben rejl\u0151 finom, m\u00e9gis er\u0151teljes spiritu\u00e1lis energi\u00e1t. Az igazs\u00e1gnak ezt a pillanat\u00e1t <a href=\"https:\/\/shrimataji.org\/test\/self-realization\/\" target=\"_blank\" rel=\"noopener\">\u00f6nmegval\u00f3sul\u00e1snak<\/a> nevezik, ami a vall\u00e1si misztikusok megfoghatatlan c\u00e9lja volt vil\u00e1gszerte \u0151sid\u0151k \u00f3ta.<\/p>\n\t<div class=\"su-quote su-quote-style-default\"><div class=\"su-quote-inner su-u-clearfix su-u-trim\">L\u00e9tezik egy finom \u00e9l\u0151 er\u0151, az isteni szeretet, amely minden \u00e9l\u0151 munk\u00e1t elv\u00e9gez.<\/div><\/div>\n\t<p>Shri Mataji kijelentette, hogy az \u00f6nmegval\u00f3sul\u00e1s itt \u00e9s most megkaphat\u00f3, szemben egy t\u00e1voli c\u00e9llal, amely csak egy \u00e9leten \u00e1t tart\u00f3 b\u0171nb\u00e1nattal \u00e9s \u00e1ldozattal \u00e9rhet\u0151 el. Nyilv\u00e1nos rendezv\u00e9nyein mindig azt mondta: \u201ete vagy a saj\u00e1t mestered&#8221;, hangs\u00falyozva, hogy mindannyiunknak a saj\u00e1t tan\u00edt\u00f3j\u00e1nak kell lenn\u00fcnk, a saj\u00e1t k\u00f6zvetlen igazs\u00e1gtapasztalatunkra t\u00e1maszkodva, \u00e9s nem egy k\u00f6zvet\u00edt\u0151re hagyatkozva, aki elvezet minket a megvil\u00e1gosod\u00e1shoz. S\u0151t, Shri Mataji mindig vil\u00e1goss\u00e1 tette, hogy amit mond, az egy hipot\u00e9zis, amelyet az embereknek maguknak kell tesztelni\u00fck, \u00e9s hogy a vak hit sehov\u00e1 sem vezet.<\/p>\n<p>Shri Mataji \u00fagy tartotta, hogy az igazi vall\u00e1s nem dogm\u00e1kon \u00e9s hierarchi\u00e1n alapul, hanem azon abszol\u00fat tud\u00e1son, hogy az \u00e9n az a L\u00e9lek. Ahogy fogalmazott: \u201eminden vall\u00e1s egyetlen \u00e9letf\u00e1b\u00f3l, a spiritualit\u00e1sb\u00f3l sz\u00e1rmazik&#8230; A vall\u00e1s az\u00e9rt van, hogy b\u00e9k\u00e9t, \u00f6r\u00f6m\u00f6t, boldogs\u00e1got adjon&#8230; Nincs semmi k\u00fcl\u00f6nbs\u00e9g (k\u00f6zt\u00fck) &#8211; de (amikor) nem ismered \u00f6nmagad, hogyan fogsz b\u00e1rmit is tudni a vall\u00e1sr\u00f3l? Teh\u00e1t fontos, hogy mindenekel\u0151tt ismerd meg \u00f6nmagad.&#8221; Amikor spiritu\u00e1lis l\u00e9nyk\u00e9nt ismered fel magad, \u201e&#8230;meg\u00e9rted, hogy milyen vall\u00e1st k\u00f6vetsz&#8230;(\u00e9s)&#8230;minden pr\u00f3f\u00e9ta \u00e9s guru nagys\u00e1g\u00e1t&#8230;&#8221;.<\/p>\n<p>Shri Mataji t\u00f6bb mint guru vagy tan\u00e1r, \u201espiritu\u00e1lis anyak\u00e9nt&#8221; is jellemezhet\u0151, akit az egy\u00fctt\u00e9rz\u00e9s \u00e9s a szeretet vez\u00e9rel, \u00e9s akit agg\u00f3dva \u00e9rdekel az eg\u00e9sz emberis\u00e9g j\u00f3l\u00e9te \u00e9s fejl\u0151d\u00e9se. V\u00edzi\u00f3j\u00e1nak \u00e9s f\u00e1radhatatlan er\u0151fesz\u00edt\u00e9seinek k\u00f6sz\u00f6nhet\u0151en a Sahaja J\u00f3ga t\u00f6bb mint sz\u00e1z orsz\u00e1gban honosodott meg, \u00e9s emberek milli\u00f3i \u00e9rt\u00e9k el az egyens\u00falyt \u00e9s a megel\u00e9gedetts\u00e9get az \u00e9let\u00fckben, n\u00e9melyek s\u00falyos ment\u00e1lis \u00e9s fizikai fogyat\u00e9koss\u00e1gokat is legy\u0151zve az \u00f6nmegval\u00f3sul\u00e1s tapasztalata \u00e9s a\u00a0<a href=\"https:\/\/shrimataji.org\/test\/sahaja-yoga-meditation-2\/\">Sahaja J\u00f3ga medit\u00e1ci\u00f3<\/a>\u00a0rendszeres gyakorl\u00e1sa r\u00e9v\u00e9n.<\/p>\n\t<p>&nbsp;<\/p>\n<hr \/>\n<h3>1. ^ Polg\u00e1ri engedetlens\u00e9gi mozgalom, amelyet MK Gandhi \u00e9s az Indiai Nemzeti Kongresszus ind\u00edtott 1942 augusztus\u00e1ban, \u00e9s amely hat\u00e1rozott, de passz\u00edv ellen\u00e1ll\u00e1st k\u00f6vetelt a brit uralommal szemben, valamint \u201erendezett brit kivonul\u00e1st&#8221; Indi\u00e1b\u00f3l (Wikip\u00e9dia, a szabad enciklop\u00e9dia).<\/h3>\n\n","protected":false},"excerpt":{"rendered":"<p>T\u00f6meges spiritu\u00e1lis \u00e9bred\u00e9s Forradalmi v\u00e1ltoz\u00e1s a glob\u00e1lis megvil\u00e1gosod\u00e1s fel\u00e9 Shri Mataji kereszt\u00e9ny sz\u00fcl\u0151k gyermekek\u00e9nt sz\u00fcletett, akik m\u00e9ly tisztelettel tekintettek minden vall\u00e1sra. Apja, Prasad K. Salve, leny\u0171g\u00f6zte a teol\u00f3gia, \u00e9s arra biztatta gyermekeit, hogy \u00e9rts\u00e9k meg az \u00f6sszes f\u0151bb hitvall\u00e1s tanait. L\u00e1tta, hogy az emberis\u00e9g v\u00e9gs\u0151 egys\u00e9ge a t\u00f6meges spiritu\u00e1lis megvil\u00e1gosod\u00e1st\u00f3l f\u00fcgg, amely v\u00e9get vet a&hellip; <br \/> <a class=\"read-more\" href=\"https:\/\/shrimataji.org\/test\/hu\/spiritual-awakening\/\">Read more<\/a><\/p>\n","protected":false},"author":3,"featured_media":19344,"parent":0,"menu_order":0,"comment_status":"closed","ping_status":"closed","template":"","meta":{"inline_featured_image":false,"footnotes":""},"class_list":["post-19572","page","type-page","status-publish","has-post-thumbnail","hentry"],"yoast_head":"<!-- This site is optimized with the Yoast SEO plugin v27.4 - https:\/\/yoast.com\/product\/yoast-seo-wordpress\/ -->\n<title>T\u00f6meges spiritu\u00e1lis \u00e9bred\u00e9s - TEST - SMND<\/title>\n<meta name=\"robots\" content=\"noindex, follow, max-snippet:-1, max-image-preview:large, max-video-preview:-1\" \/>\n<meta property=\"og:locale\" content=\"en_US\" \/>\n<meta property=\"og:type\" content=\"article\" \/>\n<meta property=\"og:title\" content=\"T\u00f6meges spiritu\u00e1lis \u00e9bred\u00e9s - TEST - SMND\" \/>\n<meta property=\"og:description\" content=\"T\u00f6meges spiritu\u00e1lis \u00e9bred\u00e9s Forradalmi v\u00e1ltoz\u00e1s a glob\u00e1lis megvil\u00e1gosod\u00e1s fel\u00e9 Shri Mataji kereszt\u00e9ny sz\u00fcl\u0151k gyermekek\u00e9nt sz\u00fcletett, akik m\u00e9ly tisztelettel tekintettek minden vall\u00e1sra. Apja, Prasad K. Salve, leny\u0171g\u00f6zte a teol\u00f3gia, \u00e9s arra biztatta gyermekeit, hogy \u00e9rts\u00e9k meg az \u00f6sszes f\u0151bb hitvall\u00e1s tanait. L\u00e1tta, hogy az emberis\u00e9g v\u00e9gs\u0151 egys\u00e9ge a t\u00f6meges spiritu\u00e1lis megvil\u00e1gosod\u00e1st\u00f3l f\u00fcgg, amely v\u00e9get vet a&hellip; Read more\" \/>\n<meta property=\"og:url\" content=\"https:\/\/shrimataji.org\/test\/hu\/spiritual-awakening\/\" \/>\n<meta property=\"og:site_name\" content=\"TEST - SMND\" \/>\n<meta property=\"article:publisher\" content=\"https:\/\/www.facebook.com\/shrimataji\" \/>\n<meta property=\"article:modified_time\" content=\"2026-04-11T09:46:06+00:00\" \/>\n<meta property=\"og:image\" content=\"https:\/\/shrimataji.org\/test\/wp-content\/uploads\/2018\/07\/media_originals\/images\/shri-mataji-with-people\/shri-mataji-with-village-people-in-india.jpg\" \/>\n\t<meta property=\"og:image:width\" content=\"1500\" \/>\n\t<meta property=\"og:image:height\" content=\"980\" \/>\n\t<meta property=\"og:image:type\" content=\"image\/jpeg\" \/>\n<meta name=\"twitter:card\" content=\"summary_large_image\" \/>\n<meta name=\"twitter:site\" content=\"@shrimataji\" \/>\n<meta name=\"twitter:label1\" content=\"Est. reading time\" \/>\n\t<meta name=\"twitter:data1\" content=\"4 minutes\" \/>\n<script type=\"application\/ld+json\" class=\"yoast-schema-graph\">{\"@context\":\"https:\\\/\\\/schema.org\",\"@graph\":[{\"@type\":\"WebPage\",\"@id\":\"https:\\\/\\\/shrimataji.org\\\/test\\\/hu\\\/spiritual-awakening\\\/\",\"url\":\"https:\\\/\\\/shrimataji.org\\\/test\\\/hu\\\/spiritual-awakening\\\/\",\"name\":\"T\u00f6meges spiritu\u00e1lis \u00e9bred\u00e9s - TEST - SMND\",\"isPartOf\":{\"@id\":\"https:\\\/\\\/shrimataji.org\\\/test\\\/#website\"},\"primaryImageOfPage\":{\"@id\":\"https:\\\/\\\/shrimataji.org\\\/test\\\/hu\\\/spiritual-awakening\\\/#primaryimage\"},\"image\":{\"@id\":\"https:\\\/\\\/shrimataji.org\\\/test\\\/hu\\\/spiritual-awakening\\\/#primaryimage\"},\"thumbnailUrl\":\"https:\\\/\\\/shrimataji.org\\\/test\\\/wp-content\\\/uploads\\\/2018\\\/07\\\/media_originals\\\/images\\\/shri-mataji-with-people\\\/shri-mataji-with-village-people-in-india.jpg\",\"datePublished\":\"2020-04-13T17:41:10+00:00\",\"dateModified\":\"2026-04-11T09:46:06+00:00\",\"breadcrumb\":{\"@id\":\"https:\\\/\\\/shrimataji.org\\\/test\\\/hu\\\/spiritual-awakening\\\/#breadcrumb\"},\"inLanguage\":\"en-US\",\"potentialAction\":[{\"@type\":\"ReadAction\",\"target\":[\"https:\\\/\\\/shrimataji.org\\\/test\\\/hu\\\/spiritual-awakening\\\/\"]}]},{\"@type\":\"ImageObject\",\"inLanguage\":\"en-US\",\"@id\":\"https:\\\/\\\/shrimataji.org\\\/test\\\/hu\\\/spiritual-awakening\\\/#primaryimage\",\"url\":\"https:\\\/\\\/shrimataji.org\\\/test\\\/wp-content\\\/uploads\\\/2018\\\/07\\\/media_originals\\\/images\\\/shri-mataji-with-people\\\/shri-mataji-with-village-people-in-india.jpg\",\"contentUrl\":\"https:\\\/\\\/shrimataji.org\\\/test\\\/wp-content\\\/uploads\\\/2018\\\/07\\\/media_originals\\\/images\\\/shri-mataji-with-people\\\/shri-mataji-with-village-people-in-india.jpg\",\"width\":1500,\"height\":980},{\"@type\":\"BreadcrumbList\",\"@id\":\"https:\\\/\\\/shrimataji.org\\\/test\\\/hu\\\/spiritual-awakening\\\/#breadcrumb\",\"itemListElement\":[{\"@type\":\"ListItem\",\"position\":1,\"name\":\"Home\",\"item\":\"https:\\\/\\\/shrimataji.org\\\/test\\\/uk\\\/home-en\\\/\"},{\"@type\":\"ListItem\",\"position\":2,\"name\":\"T\u00f6meges spiritu\u00e1lis \u00e9bred\u00e9s\"}]},{\"@type\":\"WebSite\",\"@id\":\"https:\\\/\\\/shrimataji.org\\\/test\\\/#website\",\"url\":\"https:\\\/\\\/shrimataji.org\\\/test\\\/\",\"name\":\"Shri Mataji Nirmala Devi\",\"description\":\"A Life Dedicated to Humanity\",\"publisher\":{\"@id\":\"https:\\\/\\\/shrimataji.org\\\/test\\\/#\\\/schema\\\/person\\\/a1b3419c6585f164aa96da1ff85715d1\"},\"potentialAction\":[{\"@type\":\"SearchAction\",\"target\":{\"@type\":\"EntryPoint\",\"urlTemplate\":\"https:\\\/\\\/shrimataji.org\\\/test\\\/?s={search_term_string}\"},\"query-input\":{\"@type\":\"PropertyValueSpecification\",\"valueRequired\":true,\"valueName\":\"search_term_string\"}}],\"inLanguage\":\"en-US\"},{\"@type\":[\"Person\",\"Organization\"],\"@id\":\"https:\\\/\\\/shrimataji.org\\\/test\\\/#\\\/schema\\\/person\\\/a1b3419c6585f164aa96da1ff85715d1\",\"name\":\"Nirmala Shrivastava\",\"image\":{\"@type\":\"ImageObject\",\"inLanguage\":\"en-US\",\"@id\":\"https:\\\/\\\/shrimataji.org\\\/test\\\/wp-content\\\/uploads\\\/2023\\\/02\\\/SMO_LOGO-03.svg\",\"url\":\"https:\\\/\\\/shrimataji.org\\\/test\\\/wp-content\\\/uploads\\\/2023\\\/02\\\/SMO_LOGO-03.svg\",\"contentUrl\":\"https:\\\/\\\/shrimataji.org\\\/test\\\/wp-content\\\/uploads\\\/2023\\\/02\\\/SMO_LOGO-03.svg\",\"width\":\"1024\",\"height\":\"1024\",\"caption\":\"Nirmala Shrivastava\"},\"logo\":{\"@id\":\"https:\\\/\\\/shrimataji.org\\\/test\\\/wp-content\\\/uploads\\\/2023\\\/02\\\/SMO_LOGO-03.svg\"},\"sameAs\":[\"https:\\\/\\\/shrimataji.org\\\/test\",\"https:\\\/\\\/www.facebook.com\\\/shrimataji\",\"https:\\\/\\\/x.com\\\/shrimataji\",\"https:\\\/\\\/www.youtube.com\\\/@Shri_Mataji_Nirmala_Devi\\\/featured\"]}]}<\/script>\n<!-- \/ Yoast SEO plugin. -->","yoast_head_json":{"title":"T\u00f6meges spiritu\u00e1lis \u00e9bred\u00e9s - TEST - SMND","robots":{"index":"noindex","follow":"follow","max-snippet":"max-snippet:-1","max-image-preview":"max-image-preview:large","max-video-preview":"max-video-preview:-1"},"og_locale":"en_US","og_type":"article","og_title":"T\u00f6meges spiritu\u00e1lis \u00e9bred\u00e9s - TEST - SMND","og_description":"T\u00f6meges spiritu\u00e1lis \u00e9bred\u00e9s Forradalmi v\u00e1ltoz\u00e1s a glob\u00e1lis megvil\u00e1gosod\u00e1s fel\u00e9 Shri Mataji kereszt\u00e9ny sz\u00fcl\u0151k gyermekek\u00e9nt sz\u00fcletett, akik m\u00e9ly tisztelettel tekintettek minden vall\u00e1sra. Apja, Prasad K. Salve, leny\u0171g\u00f6zte a teol\u00f3gia, \u00e9s arra biztatta gyermekeit, hogy \u00e9rts\u00e9k meg az \u00f6sszes f\u0151bb hitvall\u00e1s tanait. L\u00e1tta, hogy az emberis\u00e9g v\u00e9gs\u0151 egys\u00e9ge a t\u00f6meges spiritu\u00e1lis megvil\u00e1gosod\u00e1st\u00f3l f\u00fcgg, amely v\u00e9get vet a&hellip; Read more","og_url":"https:\/\/shrimataji.org\/test\/hu\/spiritual-awakening\/","og_site_name":"TEST - SMND","article_publisher":"https:\/\/www.facebook.com\/shrimataji","article_modified_time":"2026-04-11T09:46:06+00:00","og_image":[{"width":1500,"height":980,"url":"https:\/\/shrimataji.org\/test\/wp-content\/uploads\/2018\/07\/media_originals\/images\/shri-mataji-with-people\/shri-mataji-with-village-people-in-india.jpg","type":"image\/jpeg"}],"twitter_card":"summary_large_image","twitter_site":"@shrimataji","twitter_misc":{"Est. reading time":"4 minutes"},"schema":{"@context":"https:\/\/schema.org","@graph":[{"@type":"WebPage","@id":"https:\/\/shrimataji.org\/test\/hu\/spiritual-awakening\/","url":"https:\/\/shrimataji.org\/test\/hu\/spiritual-awakening\/","name":"T\u00f6meges spiritu\u00e1lis \u00e9bred\u00e9s - TEST - SMND","isPartOf":{"@id":"https:\/\/shrimataji.org\/test\/#website"},"primaryImageOfPage":{"@id":"https:\/\/shrimataji.org\/test\/hu\/spiritual-awakening\/#primaryimage"},"image":{"@id":"https:\/\/shrimataji.org\/test\/hu\/spiritual-awakening\/#primaryimage"},"thumbnailUrl":"https:\/\/shrimataji.org\/test\/wp-content\/uploads\/2018\/07\/media_originals\/images\/shri-mataji-with-people\/shri-mataji-with-village-people-in-india.jpg","datePublished":"2020-04-13T17:41:10+00:00","dateModified":"2026-04-11T09:46:06+00:00","breadcrumb":{"@id":"https:\/\/shrimataji.org\/test\/hu\/spiritual-awakening\/#breadcrumb"},"inLanguage":"en-US","potentialAction":[{"@type":"ReadAction","target":["https:\/\/shrimataji.org\/test\/hu\/spiritual-awakening\/"]}]},{"@type":"ImageObject","inLanguage":"en-US","@id":"https:\/\/shrimataji.org\/test\/hu\/spiritual-awakening\/#primaryimage","url":"https:\/\/shrimataji.org\/test\/wp-content\/uploads\/2018\/07\/media_originals\/images\/shri-mataji-with-people\/shri-mataji-with-village-people-in-india.jpg","contentUrl":"https:\/\/shrimataji.org\/test\/wp-content\/uploads\/2018\/07\/media_originals\/images\/shri-mataji-with-people\/shri-mataji-with-village-people-in-india.jpg","width":1500,"height":980},{"@type":"BreadcrumbList","@id":"https:\/\/shrimataji.org\/test\/hu\/spiritual-awakening\/#breadcrumb","itemListElement":[{"@type":"ListItem","position":1,"name":"Home","item":"https:\/\/shrimataji.org\/test\/uk\/home-en\/"},{"@type":"ListItem","position":2,"name":"T\u00f6meges spiritu\u00e1lis \u00e9bred\u00e9s"}]},{"@type":"WebSite","@id":"https:\/\/shrimataji.org\/test\/#website","url":"https:\/\/shrimataji.org\/test\/","name":"Shri Mataji Nirmala Devi","description":"A Life Dedicated to Humanity","publisher":{"@id":"https:\/\/shrimataji.org\/test\/#\/schema\/person\/a1b3419c6585f164aa96da1ff85715d1"},"potentialAction":[{"@type":"SearchAction","target":{"@type":"EntryPoint","urlTemplate":"https:\/\/shrimataji.org\/test\/?s={search_term_string}"},"query-input":{"@type":"PropertyValueSpecification","valueRequired":true,"valueName":"search_term_string"}}],"inLanguage":"en-US"},{"@type":["Person","Organization"],"@id":"https:\/\/shrimataji.org\/test\/#\/schema\/person\/a1b3419c6585f164aa96da1ff85715d1","name":"Nirmala Shrivastava","image":{"@type":"ImageObject","inLanguage":"en-US","@id":"https:\/\/shrimataji.org\/test\/wp-content\/uploads\/2023\/02\/SMO_LOGO-03.svg","url":"https:\/\/shrimataji.org\/test\/wp-content\/uploads\/2023\/02\/SMO_LOGO-03.svg","contentUrl":"https:\/\/shrimataji.org\/test\/wp-content\/uploads\/2023\/02\/SMO_LOGO-03.svg","width":"1024","height":"1024","caption":"Nirmala Shrivastava"},"logo":{"@id":"https:\/\/shrimataji.org\/test\/wp-content\/uploads\/2023\/02\/SMO_LOGO-03.svg"},"sameAs":["https:\/\/shrimataji.org\/test","https:\/\/www.facebook.com\/shrimataji","https:\/\/x.com\/shrimataji","https:\/\/www.youtube.com\/@Shri_Mataji_Nirmala_Devi\/featured"]}]}},"lang":"hu","translations":{"hu":19572,"ur":37510,"en":3082,"am":18083,"th":20070,"sq":18484,"zh":17381,"tr":10215,"pt":10423,"de":10697,"fr":10795,"it":10893,"es":10990,"ja":11288,"ru":11476,"bn":11667,"te":11775,"sw":11898,"he":12046,"el":12338,"sk":12436,"fa":12534,"fi":12632,"bg":13430,"ro":14504,"cs":14697,"nl":16644,"ku":16804,"ar":16980,"be":18691,"kn":18965,"mr":20434,"uk":20728,"ml":21023,"ta":22803,"sv":23072,"gu":28906,"pa":29066,"fil":29521,"da":37818,"pl":38028,"nn":38370},"pll_sync_post":[],"_links":{"self":[{"href":"https:\/\/shrimataji.org\/test\/wp-json\/wp\/v2\/pages\/19572","targetHints":{"allow":["GET"]}}],"collection":[{"href":"https:\/\/shrimataji.org\/test\/wp-json\/wp\/v2\/pages"}],"about":[{"href":"https:\/\/shrimataji.org\/test\/wp-json\/wp\/v2\/types\/page"}],"author":[{"embeddable":true,"href":"https:\/\/shrimataji.org\/test\/wp-json\/wp\/v2\/users\/3"}],"replies":[{"embeddable":true,"href":"https:\/\/shrimataji.org\/test\/wp-json\/wp\/v2\/comments?post=19572"}],"version-history":[{"count":0,"href":"https:\/\/shrimataji.org\/test\/wp-json\/wp\/v2\/pages\/19572\/revisions"}],"wp:featuredmedia":[{"embeddable":true,"href":"https:\/\/shrimataji.org\/test\/wp-json\/wp\/v2\/media\/19344"}],"wp:attachment":[{"href":"https:\/\/shrimataji.org\/test\/wp-json\/wp\/v2\/media?parent=19572"}],"curies":[{"name":"wp","href":"https:\/\/api.w.org\/{rel}","templated":true}]}}