{"id":19574,"date":"2022-01-29T10:35:29","date_gmt":"2022-01-29T10:35:29","guid":{"rendered":"https:\/\/test.shrimataji.org\/?page_id=6416"},"modified":"2026-04-18T15:17:56","modified_gmt":"2026-04-18T15:17:56","slug":"sushumna-nadi","status":"publish","type":"page","link":"https:\/\/shrimataji.org\/test\/hu\/sushumna-nadi\/","title":{"rendered":"Sushumna n\u00e1di"},"content":{"rendered":"\n\n\t<h1>Sushumna n\u00e1di<\/h1>\n<h2>Egyens\u00faly \u00e9s evol\u00faci\u00f3<\/h2>\n\t<h4>A k\u00f6z\u00e9ps\u0151 energiacsatorn\u00e1nkat (szanszkrit\u00fcl Sushumna Nadi) k\u00f6z\u00e9ps\u0151 \u00fatnak is nevezik. A gerinc\u00fcnk t\u00f6v\u00e9ben tal\u00e1lhat\u00f3 keresztcsontb\u00f3l ered (ahol a <a href=\"https:\/\/shrimataji.org\/test\/kundalini\/\">Kundalini<\/a> energi\u00e1nk tal\u00e1lhat\u00f3), \u00e9s a fejtet\u0151n l\u00e9v\u0151 kutacsn\u00e1l egyes\u00fcl a <a href=\"https:\/\/shrimataji.org\/test\/sahasrara-chakra\/\">Sahasrara csakr\u00e1val<\/a>.<\/h4>\n<p>K\u00f6z\u00e9ps\u0151 csatorn\u00e1nk t\u00e1mogatja spiritu\u00e1lis fejl\u0151d\u00e9s\u00fcnket. Ez a csatorna magasan fejlett az \u00f6nmegval\u00f3sult lelkekben, valamint azokban is, akik az igaz utat k\u00f6vetik \u00e9s ragaszkodnak az er\u00e9nyeikhez. A Sushumna n\u00e1di aktiv\u00e1l\u00e1sa az \u00f6nmegval\u00f3sul\u00e1s ut\u00e1n a Sattwa Guna (az igazs\u00e1goss\u00e1g hangulata) gy\u00f6ny\u00f6r\u0171 tulajdons\u00e1gait fejezi ki a tudatoss\u00e1gunkban. Ez seg\u00edt abban, hogy folyamatosan fejl\u0151dj\u00fcnk, \u00e9s fokozottan \u00f6sszpontos\u00edtsunk az \u00e9let finomabb aspektusaira.<\/p>\n<figure itemscope itemtype=\"https:\/\/schema.org\/ImageObject\">\n\t\t\t\t<a href=\"https:\/\/shrimataji.org\/test\/wp-content\/uploads\/2023\/02\/4_Sushumna-Nadi-01.png\"  target=\"_blank\" rel=\"noopener\"  itemprop=\"url\">\n\t\t\t\t<img decoding=\"async\" src=\"https:\/\/shrimataji.org\/test\/wp-content\/uploads\/2026\/04\/hu-Sushumna-Nadi-01-scaled.png\" alt=\"hu-Sushumna Nadi-01\" height=\"2560\" width=\"2418\" title=\"hu-Sushumna Nadi-01\" onerror=\"this.style.display='none'\" loading=\"lazy\" \/>\n\t\t\t\t<\/a>\n\t<\/figure>\n\t\t<iframe loading=\"lazy\" title=\"Sushumna Nadi\" width=\"1920\" height=\"1080\" src=\"https:\/\/www.youtube.com\/embed\/1nBAQZ-X5Lk?feature=oembed\" frameborder=\"0\" allow=\"accelerometer; autoplay; clipboard-write; encrypted-media; gyroscope; picture-in-picture; web-share\" allowfullscreen><\/iframe>\t\n\t<p>Teljes finom rendszer\u00fcnk a Sahasrara csakr\u00e1ban integr\u00e1l\u00f3dik. Mint ilyen, ez a legfontosabb csakra spiritu\u00e1lis fejl\u0151d\u00e9s\u00fcnk \u00e9s medit\u00e1ci\u00f3nk szempontj\u00e1b\u00f3l. Ez az a csakra is, amelyben Kundalinink a legink\u00e1bb k\u00e9pes arra, hogy magasabb tudatoss\u00e1gi \u00e1llapotok kibontakoz\u00e1s\u00e1t \u00e9s megnyilv\u00e1nul\u00e1s\u00e1t tegye lehet\u0151v\u00e9. A k\u00f6z\u00e9ps\u0151 csatorna akad\u00e1lyainak elt\u00e1vol\u00edt\u00e1sa a Sahaja J\u00f3ga medit\u00e1ci\u00f3 kritikus eleme. K\u00f6nny\u0171 fenntartani az egyens\u00falyi \u00e1llapotot, amikor a k\u00f6z\u00e9ps\u0151 csatorn\u00e1nk tiszta. Ez megnyitja az utat a Kundalini sz\u00e1m\u00e1ra, hogy z\u00f6kken\u0151mentesen felemelkedjen a Sahasrara csakr\u00e1ba. Amikor ez megt\u00f6rt\u00e9nik, a saj\u00e1t Kundalinink egyes\u00fcl a mindent \u00e1that\u00f3 isteni energi\u00e1val, amelyet az \u0151si spiritu\u00e1lis hagyom\u00e1nyokban sokf\u00e9lek\u00e9ppen ismernek, \u00e9s amelyet Shri Mataji, <u>Paramchaitanyak\u00e9nt<\/u>\u00a0emleget. A Susumna n\u00e1di megfelel\u0151 m\u0171k\u00f6d\u00e9se kulcsfontoss\u00e1g\u00fa az \u00f6sszes <u>Csakra<\/u> \u00e9s N\u00e1di finomenergi\u00e1ja egyens\u00faly\u00e1nak fenntart\u00e1s\u00e1hoz.<\/p>\n<p>B\u00e1r mindez meglehet\u0151sen bonyolultan hangozhat, Shri Mataji nagyon egyszer\u0171 hasonlatokat haszn\u00e1lt a h\u00e9tk\u00f6znapi ember sz\u00e1m\u00e1ra a \u201ej\u00f3ga sasztra&#8221; (szanszkrit\u00fcl egy tudom\u00e1ny\u00e1g ismeret\u00e9t jelenti) meg\u00e9rt\u00e9s\u00e9hez. \u00d6sszefoglalva, a k\u00f6vetkez\u0151k\u00e9ppen \u00e9rtelmezhetj\u00fck \u0151ket. A bal \u00e9s jobb energiacsatorn\u00e1inkat arra szeretn\u00e9nk haszn\u00e1lni, hogy kiegyens\u00falyozzuk \u00e9rzelmeinket, v\u00e1gyainkat \u00e9s cselekedeteinket, mik\u00f6zben \u00e9l\u00fcnk \u00e9s \u00e9lvezz\u00fck az \u00e9let\u00fcnket. A kiegyens\u00falyozott \u00e9s el\u00e9gedett \u00e9let lehet\u0151s\u00e9get ad arra, hogy gy\u00fcm\u00f6lcs\u00f6z\u0151en haszn\u00e1ljuk fel az id\u0151nket az\u00e1ltal, hogy f\u00f6ldi l\u00e9tez\u00e9s\u00fcnk f\u0151 c\u00e9lj\u00e1ra \u00f6sszpontos\u00edtunk, hogy a lehet\u0151 legmagasabb spiritu\u00e1lis potenci\u00e1lunkra fejl\u0151dj\u00fcnk. \u00cdgy, ha mindh\u00e1rom csatorn\u00e1t kiegyens\u00falyozottan \u00e9s tiszt\u00e1n tartjuk, az er\u0151t ad nek\u00fcnk ahhoz, hogy k\u00f6nnyed\u00e9n kezelj\u00fck az \u00e9let\u00fcnket \u00e9s annak minden kih\u00edv\u00e1s\u00e1t. Az \u00e9let minden oldal\u00e1t kiegyens\u00falyozottan \u00e9s m\u00e9lyebb \u00e9rtelemben tapasztaljuk meg \u00e9s \u00e9lvezz\u00fck.<\/p>\n\n","protected":false},"excerpt":{"rendered":"<p>Sushumna n\u00e1di Egyens\u00faly \u00e9s evol\u00faci\u00f3 A k\u00f6z\u00e9ps\u0151 energiacsatorn\u00e1nkat (szanszkrit\u00fcl Sushumna Nadi) k\u00f6z\u00e9ps\u0151 \u00fatnak is nevezik. A gerinc\u00fcnk t\u00f6v\u00e9ben tal\u00e1lhat\u00f3 keresztcsontb\u00f3l ered (ahol a Kundalini energi\u00e1nk tal\u00e1lhat\u00f3), \u00e9s a fejtet\u0151n l\u00e9v\u0151 kutacsn\u00e1l egyes\u00fcl a Sahasrara csakr\u00e1val. K\u00f6z\u00e9ps\u0151 csatorn\u00e1nk t\u00e1mogatja spiritu\u00e1lis fejl\u0151d\u00e9s\u00fcnket. Ez a csatorna magasan fejlett az \u00f6nmegval\u00f3sult lelkekben, valamint azokban is, akik az igaz utat&hellip; <br \/> <a class=\"read-more\" href=\"https:\/\/shrimataji.org\/test\/hu\/sushumna-nadi\/\">Read more<\/a><\/p>\n","protected":false},"author":1,"featured_media":19347,"parent":0,"menu_order":0,"comment_status":"closed","ping_status":"closed","template":"","meta":{"inline_featured_image":false,"footnotes":""},"class_list":["post-19574","page","type-page","status-publish","has-post-thumbnail","hentry"],"yoast_head":"<!-- This site is optimized with the Yoast SEO plugin v27.4 - https:\/\/yoast.com\/product\/yoast-seo-wordpress\/ -->\n<title>Sushumna n\u00e1di - TEST - SMND<\/title>\n<meta name=\"robots\" content=\"noindex, follow, max-snippet:-1, max-image-preview:large, max-video-preview:-1\" \/>\n<meta property=\"og:locale\" content=\"en_US\" \/>\n<meta property=\"og:type\" content=\"article\" \/>\n<meta property=\"og:title\" content=\"Sushumna n\u00e1di - TEST - SMND\" \/>\n<meta property=\"og:description\" content=\"Sushumna n\u00e1di Egyens\u00faly \u00e9s evol\u00faci\u00f3 A k\u00f6z\u00e9ps\u0151 energiacsatorn\u00e1nkat (szanszkrit\u00fcl Sushumna Nadi) k\u00f6z\u00e9ps\u0151 \u00fatnak is nevezik. A gerinc\u00fcnk t\u00f6v\u00e9ben tal\u00e1lhat\u00f3 keresztcsontb\u00f3l ered (ahol a Kundalini energi\u00e1nk tal\u00e1lhat\u00f3), \u00e9s a fejtet\u0151n l\u00e9v\u0151 kutacsn\u00e1l egyes\u00fcl a Sahasrara csakr\u00e1val. K\u00f6z\u00e9ps\u0151 csatorn\u00e1nk t\u00e1mogatja spiritu\u00e1lis fejl\u0151d\u00e9s\u00fcnket. Ez a csatorna magasan fejlett az \u00f6nmegval\u00f3sult lelkekben, valamint azokban is, akik az igaz utat&hellip; Read more\" \/>\n<meta property=\"og:url\" content=\"https:\/\/shrimataji.org\/test\/hu\/sushumna-nadi\/\" \/>\n<meta property=\"og:site_name\" content=\"TEST - SMND\" \/>\n<meta property=\"article:publisher\" content=\"https:\/\/www.facebook.com\/shrimataji\" \/>\n<meta property=\"article:modified_time\" content=\"2026-04-18T15:17:56+00:00\" \/>\n<meta property=\"og:image\" content=\"https:\/\/shrimataji.org\/test\/wp-content\/uploads\/2023\/03\/14_Banner-SY-Sushumna-scaled.jpg\" \/>\n\t<meta property=\"og:image:width\" content=\"2560\" \/>\n\t<meta property=\"og:image:height\" content=\"905\" \/>\n\t<meta property=\"og:image:type\" content=\"image\/jpeg\" \/>\n<meta name=\"twitter:card\" content=\"summary_large_image\" \/>\n<meta name=\"twitter:site\" content=\"@shrimataji\" \/>\n<meta name=\"twitter:label1\" content=\"Est. reading time\" \/>\n\t<meta name=\"twitter:data1\" content=\"2 minutes\" \/>\n<script type=\"application\/ld+json\" class=\"yoast-schema-graph\">{\"@context\":\"https:\\\/\\\/schema.org\",\"@graph\":[{\"@type\":\"WebPage\",\"@id\":\"https:\\\/\\\/shrimataji.org\\\/test\\\/hu\\\/sushumna-nadi\\\/\",\"url\":\"https:\\\/\\\/shrimataji.org\\\/test\\\/hu\\\/sushumna-nadi\\\/\",\"name\":\"Sushumna n\u00e1di - TEST - SMND\",\"isPartOf\":{\"@id\":\"https:\\\/\\\/shrimataji.org\\\/test\\\/#website\"},\"primaryImageOfPage\":{\"@id\":\"https:\\\/\\\/shrimataji.org\\\/test\\\/hu\\\/sushumna-nadi\\\/#primaryimage\"},\"image\":{\"@id\":\"https:\\\/\\\/shrimataji.org\\\/test\\\/hu\\\/sushumna-nadi\\\/#primaryimage\"},\"thumbnailUrl\":\"https:\\\/\\\/shrimataji.org\\\/test\\\/wp-content\\\/uploads\\\/2023\\\/03\\\/14_Banner-SY-Sushumna-scaled.jpg\",\"datePublished\":\"2022-01-29T10:35:29+00:00\",\"dateModified\":\"2026-04-18T15:17:56+00:00\",\"breadcrumb\":{\"@id\":\"https:\\\/\\\/shrimataji.org\\\/test\\\/hu\\\/sushumna-nadi\\\/#breadcrumb\"},\"inLanguage\":\"en-US\",\"potentialAction\":[{\"@type\":\"ReadAction\",\"target\":[\"https:\\\/\\\/shrimataji.org\\\/test\\\/hu\\\/sushumna-nadi\\\/\"]}]},{\"@type\":\"ImageObject\",\"inLanguage\":\"en-US\",\"@id\":\"https:\\\/\\\/shrimataji.org\\\/test\\\/hu\\\/sushumna-nadi\\\/#primaryimage\",\"url\":\"https:\\\/\\\/shrimataji.org\\\/test\\\/wp-content\\\/uploads\\\/2023\\\/03\\\/14_Banner-SY-Sushumna-scaled.jpg\",\"contentUrl\":\"https:\\\/\\\/shrimataji.org\\\/test\\\/wp-content\\\/uploads\\\/2023\\\/03\\\/14_Banner-SY-Sushumna-scaled.jpg\",\"width\":2560,\"height\":905},{\"@type\":\"BreadcrumbList\",\"@id\":\"https:\\\/\\\/shrimataji.org\\\/test\\\/hu\\\/sushumna-nadi\\\/#breadcrumb\",\"itemListElement\":[{\"@type\":\"ListItem\",\"position\":1,\"name\":\"Home\",\"item\":\"https:\\\/\\\/shrimataji.org\\\/test\\\/uk\\\/home-en\\\/\"},{\"@type\":\"ListItem\",\"position\":2,\"name\":\"Sushumna n\u00e1di\"}]},{\"@type\":\"WebSite\",\"@id\":\"https:\\\/\\\/shrimataji.org\\\/test\\\/#website\",\"url\":\"https:\\\/\\\/shrimataji.org\\\/test\\\/\",\"name\":\"Shri Mataji Nirmala Devi\",\"description\":\"A Life Dedicated to Humanity\",\"publisher\":{\"@id\":\"https:\\\/\\\/shrimataji.org\\\/test\\\/#\\\/schema\\\/person\\\/a1b3419c6585f164aa96da1ff85715d1\"},\"potentialAction\":[{\"@type\":\"SearchAction\",\"target\":{\"@type\":\"EntryPoint\",\"urlTemplate\":\"https:\\\/\\\/shrimataji.org\\\/test\\\/?s={search_term_string}\"},\"query-input\":{\"@type\":\"PropertyValueSpecification\",\"valueRequired\":true,\"valueName\":\"search_term_string\"}}],\"inLanguage\":\"en-US\"},{\"@type\":[\"Person\",\"Organization\"],\"@id\":\"https:\\\/\\\/shrimataji.org\\\/test\\\/#\\\/schema\\\/person\\\/a1b3419c6585f164aa96da1ff85715d1\",\"name\":\"Nirmala Shrivastava\",\"image\":{\"@type\":\"ImageObject\",\"inLanguage\":\"en-US\",\"@id\":\"https:\\\/\\\/shrimataji.org\\\/test\\\/wp-content\\\/uploads\\\/2023\\\/02\\\/SMO_LOGO-03.svg\",\"url\":\"https:\\\/\\\/shrimataji.org\\\/test\\\/wp-content\\\/uploads\\\/2023\\\/02\\\/SMO_LOGO-03.svg\",\"contentUrl\":\"https:\\\/\\\/shrimataji.org\\\/test\\\/wp-content\\\/uploads\\\/2023\\\/02\\\/SMO_LOGO-03.svg\",\"width\":\"1024\",\"height\":\"1024\",\"caption\":\"Nirmala Shrivastava\"},\"logo\":{\"@id\":\"https:\\\/\\\/shrimataji.org\\\/test\\\/wp-content\\\/uploads\\\/2023\\\/02\\\/SMO_LOGO-03.svg\"},\"sameAs\":[\"https:\\\/\\\/shrimataji.org\\\/test\",\"https:\\\/\\\/www.facebook.com\\\/shrimataji\",\"https:\\\/\\\/x.com\\\/shrimataji\",\"https:\\\/\\\/www.youtube.com\\\/@Shri_Mataji_Nirmala_Devi\\\/featured\"]}]}<\/script>\n<!-- \/ Yoast SEO plugin. -->","yoast_head_json":{"title":"Sushumna n\u00e1di - TEST - SMND","robots":{"index":"noindex","follow":"follow","max-snippet":"max-snippet:-1","max-image-preview":"max-image-preview:large","max-video-preview":"max-video-preview:-1"},"og_locale":"en_US","og_type":"article","og_title":"Sushumna n\u00e1di - TEST - SMND","og_description":"Sushumna n\u00e1di Egyens\u00faly \u00e9s evol\u00faci\u00f3 A k\u00f6z\u00e9ps\u0151 energiacsatorn\u00e1nkat (szanszkrit\u00fcl Sushumna Nadi) k\u00f6z\u00e9ps\u0151 \u00fatnak is nevezik. A gerinc\u00fcnk t\u00f6v\u00e9ben tal\u00e1lhat\u00f3 keresztcsontb\u00f3l ered (ahol a Kundalini energi\u00e1nk tal\u00e1lhat\u00f3), \u00e9s a fejtet\u0151n l\u00e9v\u0151 kutacsn\u00e1l egyes\u00fcl a Sahasrara csakr\u00e1val. K\u00f6z\u00e9ps\u0151 csatorn\u00e1nk t\u00e1mogatja spiritu\u00e1lis fejl\u0151d\u00e9s\u00fcnket. Ez a csatorna magasan fejlett az \u00f6nmegval\u00f3sult lelkekben, valamint azokban is, akik az igaz utat&hellip; Read more","og_url":"https:\/\/shrimataji.org\/test\/hu\/sushumna-nadi\/","og_site_name":"TEST - SMND","article_publisher":"https:\/\/www.facebook.com\/shrimataji","article_modified_time":"2026-04-18T15:17:56+00:00","og_image":[{"width":2560,"height":905,"url":"https:\/\/shrimataji.org\/test\/wp-content\/uploads\/2023\/03\/14_Banner-SY-Sushumna-scaled.jpg","type":"image\/jpeg"}],"twitter_card":"summary_large_image","twitter_site":"@shrimataji","twitter_misc":{"Est. reading time":"2 minutes"},"schema":{"@context":"https:\/\/schema.org","@graph":[{"@type":"WebPage","@id":"https:\/\/shrimataji.org\/test\/hu\/sushumna-nadi\/","url":"https:\/\/shrimataji.org\/test\/hu\/sushumna-nadi\/","name":"Sushumna n\u00e1di - TEST - SMND","isPartOf":{"@id":"https:\/\/shrimataji.org\/test\/#website"},"primaryImageOfPage":{"@id":"https:\/\/shrimataji.org\/test\/hu\/sushumna-nadi\/#primaryimage"},"image":{"@id":"https:\/\/shrimataji.org\/test\/hu\/sushumna-nadi\/#primaryimage"},"thumbnailUrl":"https:\/\/shrimataji.org\/test\/wp-content\/uploads\/2023\/03\/14_Banner-SY-Sushumna-scaled.jpg","datePublished":"2022-01-29T10:35:29+00:00","dateModified":"2026-04-18T15:17:56+00:00","breadcrumb":{"@id":"https:\/\/shrimataji.org\/test\/hu\/sushumna-nadi\/#breadcrumb"},"inLanguage":"en-US","potentialAction":[{"@type":"ReadAction","target":["https:\/\/shrimataji.org\/test\/hu\/sushumna-nadi\/"]}]},{"@type":"ImageObject","inLanguage":"en-US","@id":"https:\/\/shrimataji.org\/test\/hu\/sushumna-nadi\/#primaryimage","url":"https:\/\/shrimataji.org\/test\/wp-content\/uploads\/2023\/03\/14_Banner-SY-Sushumna-scaled.jpg","contentUrl":"https:\/\/shrimataji.org\/test\/wp-content\/uploads\/2023\/03\/14_Banner-SY-Sushumna-scaled.jpg","width":2560,"height":905},{"@type":"BreadcrumbList","@id":"https:\/\/shrimataji.org\/test\/hu\/sushumna-nadi\/#breadcrumb","itemListElement":[{"@type":"ListItem","position":1,"name":"Home","item":"https:\/\/shrimataji.org\/test\/uk\/home-en\/"},{"@type":"ListItem","position":2,"name":"Sushumna n\u00e1di"}]},{"@type":"WebSite","@id":"https:\/\/shrimataji.org\/test\/#website","url":"https:\/\/shrimataji.org\/test\/","name":"Shri Mataji Nirmala Devi","description":"A Life Dedicated to Humanity","publisher":{"@id":"https:\/\/shrimataji.org\/test\/#\/schema\/person\/a1b3419c6585f164aa96da1ff85715d1"},"potentialAction":[{"@type":"SearchAction","target":{"@type":"EntryPoint","urlTemplate":"https:\/\/shrimataji.org\/test\/?s={search_term_string}"},"query-input":{"@type":"PropertyValueSpecification","valueRequired":true,"valueName":"search_term_string"}}],"inLanguage":"en-US"},{"@type":["Person","Organization"],"@id":"https:\/\/shrimataji.org\/test\/#\/schema\/person\/a1b3419c6585f164aa96da1ff85715d1","name":"Nirmala Shrivastava","image":{"@type":"ImageObject","inLanguage":"en-US","@id":"https:\/\/shrimataji.org\/test\/wp-content\/uploads\/2023\/02\/SMO_LOGO-03.svg","url":"https:\/\/shrimataji.org\/test\/wp-content\/uploads\/2023\/02\/SMO_LOGO-03.svg","contentUrl":"https:\/\/shrimataji.org\/test\/wp-content\/uploads\/2023\/02\/SMO_LOGO-03.svg","width":"1024","height":"1024","caption":"Nirmala Shrivastava"},"logo":{"@id":"https:\/\/shrimataji.org\/test\/wp-content\/uploads\/2023\/02\/SMO_LOGO-03.svg"},"sameAs":["https:\/\/shrimataji.org\/test","https:\/\/www.facebook.com\/shrimataji","https:\/\/x.com\/shrimataji","https:\/\/www.youtube.com\/@Shri_Mataji_Nirmala_Devi\/featured"]}]}},"lang":"hu","translations":{"hu":19574,"ur":37511,"en":6416,"am":18085,"th":20073,"sq":18486,"zh":17383,"hi":8315,"tr":10216,"pt":10424,"de":10698,"fr":10796,"it":10894,"es":10991,"ja":11289,"ru":11477,"bn":11668,"te":11776,"sw":11899,"he":12047,"el":12339,"sk":12437,"fa":12535,"fi":12633,"bg":13380,"ro":14454,"cs":14647,"nl":16645,"ku":16805,"ar":16981,"be":18693,"kn":18967,"mr":20437,"uk":20730,"ml":21025,"ta":22804,"sv":23073,"gu":28908,"pa":29068,"fil":29522,"da":37819,"pl":38029,"nn":38371},"pll_sync_post":[],"_links":{"self":[{"href":"https:\/\/shrimataji.org\/test\/wp-json\/wp\/v2\/pages\/19574","targetHints":{"allow":["GET"]}}],"collection":[{"href":"https:\/\/shrimataji.org\/test\/wp-json\/wp\/v2\/pages"}],"about":[{"href":"https:\/\/shrimataji.org\/test\/wp-json\/wp\/v2\/types\/page"}],"author":[{"embeddable":true,"href":"https:\/\/shrimataji.org\/test\/wp-json\/wp\/v2\/users\/1"}],"replies":[{"embeddable":true,"href":"https:\/\/shrimataji.org\/test\/wp-json\/wp\/v2\/comments?post=19574"}],"version-history":[{"count":0,"href":"https:\/\/shrimataji.org\/test\/wp-json\/wp\/v2\/pages\/19574\/revisions"}],"wp:featuredmedia":[{"embeddable":true,"href":"https:\/\/shrimataji.org\/test\/wp-json\/wp\/v2\/media\/19347"}],"wp:attachment":[{"href":"https:\/\/shrimataji.org\/test\/wp-json\/wp\/v2\/media?parent=19574"}],"curies":[{"name":"wp","href":"https:\/\/api.w.org\/{rel}","templated":true}]}}