{"id":19576,"date":"2022-03-05T07:25:31","date_gmt":"2022-03-05T07:25:31","guid":{"rendered":"https:\/\/test.shrimataji.org\/?page_id=6484"},"modified":"2026-04-18T15:20:05","modified_gmt":"2026-04-18T15:20:05","slug":"swadhisthan-chakra","status":"publish","type":"page","link":"https:\/\/shrimataji.org\/test\/hu\/swadhisthan-chakra\/","title":{"rendered":"Swadhisthana csakra"},"content":{"rendered":"\n\n\t<h1>Swadhisthana csakra<\/h1>\n<h2>Intu\u00edci\u00f3 \u00e9s kreativit\u00e1s<\/h2>\n<h4>A fejl\u0151d\u00e9s\u00fcnk, feln\u0151tt\u00e9 v\u00e1l\u00e1sunk sor\u00e1n intenz\u00edv \u00e9s kreat\u00edv tanul\u00e1si folyamaton megy\u00fcnk kereszt\u00fcl, amely a tapasztalatainkb\u00f3l \u00e9s a k\u00f6rnyezet\u00fcnkb\u0151l fakad. Folyamatosan \u00faj dolgokat tanulunk.<\/h4>\n<p>A m\u00e1sodik k\u00f6zpont a kreativit\u00e1sunk forr\u00e1sa, valamint lehet\u0151v\u00e9 teszi, hogy rendelkezz\u00fcnk a tiszta figyelemmel \u00e9s a spiritu\u00e1lis intelligenci\u00e1val. Ez hozza felsz\u00ednre a kreat\u00edv inspir\u00e1ci\u00f3nkat, \u00e9s teszi lehet\u0151v\u00e9 a sz\u00e1munkra, hogy megtapasztaljuk a k\u00f6r\u00fcl\u00f6tt\u00fcnk l\u00e9v\u0151 sz\u00e9ps\u00e9get. A Swadhisthana k\u00f6zpont \u00e1ltal ny\u00fajtott spiritu\u00e1lis intelligencia nem ment\u00e1lis, hanem a val\u00f3s\u00e1g k\u00f6zvetlen \u00e9rz\u00e9kel\u00e9se. Ujjbegyeinken \u00e9rezhet\u0151, \u00e9s jelzi a finom akad\u00e1lyainkat. Ez egyben a tiszta figyelm\u00fcnk k\u00f6zpontja is, amely a koncentr\u00e1ci\u00f3 erej\u00e9t adja nek\u00fcnk.<\/p>\n\t\t<iframe loading=\"lazy\" title=\"Swadhisthan Chakra\" width=\"1920\" height=\"1080\" src=\"https:\/\/www.youtube.com\/embed\/f4ta5ak6nMg?feature=oembed\" frameborder=\"0\" allow=\"accelerometer; autoplay; clipboard-write; encrypted-media; gyroscope; picture-in-picture; web-share\" allowfullscreen><\/iframe>\t\n\t<strong>Elhelyezked\u00e9s:<br \/>\n<\/strong>A Swadhisthana csakr\u00e1nk az aortafonatban tal\u00e1lhat\u00f3, a keresztcsont felett. Ez a csakra a m\u00e1j, a vese, a l\u00e9p, a hasny\u00e1lmirigy \u00e9s a n\u0151i nemi szervek m\u0171k\u00f6d\u00e9s\u00e9t ir\u00e1ny\u00edtja. A Swadhisthana csakra \u00e1llapota mindk\u00e9t k\u00e9z h\u00fcvelykujj\u00e1ban \u00e9rezhet\u0151k.\n<strong>Sz\u00edn:<br \/>\n<\/strong>A Swadhisthana csakr\u00e1t a s\u00e1rga sz\u00edn jelk\u00e9pezi. A t\u0171z tiszt\u00edt\u00f3 elem\u00e9vel van \u00f6sszhangban.\n<strong>A Swadhisthana csakra tulajdons\u00e1gai a k\u00f6vetkez\u0151k:<\/strong><br \/>\n\u2022 Kreativit\u00e1s<br \/>\n\u2022 A sz\u00e9ps\u00e9g megbecs\u00fcl\u00e9se<br \/>\n\u2022 Inspir\u00e1ci\u00f3<br \/>\n\u2022 \u00d6tletgener\u00e1l\u00e1s<br \/>\n\u2022 Zavartalan figyelem<br \/>\n\u2022 \u00c9les intellektu\u00e1lis felfog\u00e1s<br \/>\n\u2022 Tiszta tud\u00e1s<br \/>\n\u2022 Spiritu\u00e1lis tud\u00e1s\n<figure itemscope itemtype=\"https:\/\/schema.org\/ImageObject\">\n\t\t\t\t<a href=\"https:\/\/shrimataji.org\/test\/wp-content\/uploads\/2023\/02\/2-Swadhisthan-01.png\"  target=\"_blank\" rel=\"noopener\"  itemprop=\"url\">\n\t\t\t\t<img decoding=\"async\" src=\"https:\/\/shrimataji.org\/test\/wp-content\/uploads\/2026\/04\/hu-2-Swadhisthan-01-scaled.png\" alt=\"hu-2-Swadhisthan-01\" height=\"2560\" width=\"2402\" title=\"hu-2-Swadhisthan-01\" onerror=\"this.style.display='none'\" loading=\"lazy\" \/>\n\t\t\t\t<\/a>\n\t<\/figure>\n\t<p>A Swadhisthana alapvet\u0151 tulajdons\u00e1ga a kreativit\u00e1s. Ez a csakra biztos\u00edtja sz\u00e1munkra a kreat\u00edv energi\u00e1t. A Swadhisthana ir\u00e1ny\u00edtja a figyelmet, az inspir\u00e1ci\u00f3t \u00e9s a tiszta tud\u00e1st is. Amikor a Swadhisthana csakra kiny\u00edlik benn\u00fcnk, felfedezz\u00fck magunkban a kreativit\u00e1s sz\u00e9ps\u00e9g\u00e9t \u00e9s erej\u00e9t.<\/p>\n<strong>Tapasztalat \u00e9s el\u0151ny\u00f6k:<\/strong><br \/>\nA Swadhishana csakra legfontosabb fiziol\u00f3giai funkci\u00f3ja a hasban l\u00e9v\u0151 zs\u00edr lebont\u00e1sa, hogy t\u00e1mogassa az agy sz\u00fcrke \u00e9s feh\u00e9r \u00e1llom\u00e1ny\u00e1t- \u00edgy adja a gondolkod\u00e1shoz sz\u00fcks\u00e9ges energi\u00e1t.\n<p>A t\u00falzott gondolkod\u00e1s \u00e9s tervez\u00e9s nagyon gyakori a mai vil\u00e1gban. Ennek k\u00f6vetkezm\u00e9nyek\u00e9nt a Swadhisthana csakra jobb oldala kimer\u00fclhet. Amikor ez megt\u00f6rt\u00e9nik, azt tapasztalhatod, hogy a kreativit\u00e1sod al\u00e1bbhagy, \u00e9s a munk\u00e1d \u00e9lettelenn\u00e9 v\u00e1lik. Az is megt\u00f6rt\u00e9nhet, hogy m\u00e1r nem \u00e9rzel spontaneit\u00e1st \u00e9s \u00f6r\u00f6m\u00f6t.<\/p>\n<p>Ez az\u00e9rt t\u00f6rt\u00e9nik, mert a Swadhisthana csakr\u00e1d elhanyagolja a t\u00f6bbi szervet, melyekr\u0151l gondoskodnia kellene, hogy biztos\u00edtsa a t\u00falzott gondolkod\u00e1shoz sz\u00fcks\u00e9ges energi\u00e1t.<\/p>\n<p>P\u00e9ld\u00e1ul a m\u00e1jnak kem\u00e9nyebben kell dolgoznia, hogy kiel\u00e9g\u00edtse a szervezet ig\u00e9nyeit. Mivel a m\u00e1j a figyelem k\u00f6zpontja, elvesz\u00edted a f\u00f3kuszt, \u00e9s a tiszta gondolkod\u00e1s vesz\u00e9lybe ker\u00fcl.<\/p>\n<p>Fontos felismerni a k\u00fcl\u00f6nbs\u00e9get a figyelem (ami a Swadhisthana csakra egyik adotts\u00e1ga) \u00e9s a gondolkod\u00e1s (ami r\u00e1 n\u00e9zve k\u00e1ros) k\u00f6z\u00f6tt. A figyelem alapos megfigyel\u00e9st vagy hallgat\u00e1st jelent. Tiszta, <strong>gondolkod\u00e1s n\u00e9lk\u00fcli<\/strong> \u00f6sszpontos\u00edt\u00e1st egy t\u00e1rgyra. A figyelem koncentr\u00e1ci\u00f3, megfigyel\u00e9s \u00e9s tan\u00faskod\u00e1s.<\/p>\n<p>P\u00e9ld\u00e1ul, egy vir\u00e1gra ir\u00e1ny\u00edthatod a figyelmedet, \u00e9rt\u00e9kelve annak sz\u00e9ps\u00e9g\u00e9t \u00e9s illat\u00e1t an\u00e9lk\u00fcl, hogy t\u00e9nylegesen gondolkodn\u00e1l r\u00f3la. Megfigyelheted \u00e9s csod\u00e1lhatod an\u00e9lk\u00fcl, hogy olyan k\u00e9rd\u00e9sek j\u00e1rn\u00e1nak a fejedben, mint p\u00e9ld\u00e1ul: \u201eMi ennek a vir\u00e1gnak a neve?&#8221; vagy \u201eVajon ez egyny\u00e1ri vagy \u00e9vel\u0151?&#8221;<\/p>\n<p>A kiegyens\u00falyozott m\u00e1j fenntartja \u00e9s t\u00e1pl\u00e1lja a figyelmet az\u00e1ltal, hogy kisz\u0171ri a szennyez\u0151d\u00e9seket, a zavar\u00f3 t\u00e9nyez\u0151ket \u00e9s a k\u00fcls\u0151 zavar\u00f3 faktorokat. A b\u00e9ke \u00e9s a nyugalom, amely seg\u00edt a hat\u00e9kony medit\u00e1ci\u00f3ban, ebb\u0151l a tiszta figyelemb\u0151l fakad.<\/p>\n<p>Amikor a Swadhisthana csakr\u00e1d kiegyens\u00falyozott, a t\u00falzott gondolkod\u00e1s megakad\u00e1lyozhat\u00f3. K\u00e9pes leszel meg\u0151rizni az elm\u00e9d b\u00e9k\u00e9j\u00e9t, aggodalmakt\u00f3l, k\u00e9ts\u00e9gekt\u0151l, zavarodotts\u00e1gt\u00f3l \u00e9s figyelemelterel\u00e9st\u0151l mentesen. Ebben az egyens\u00falyi \u00e1llapotban v\u00e9gzett kreat\u00edv munka spiritu\u00e1lisan gazdag. \u201eSz\u00edvvel&#8221; b\u00edr majd.<\/p>\n<strong>\u00d6n\u00e9rt\u00e9kel\u00e9s:<br \/>\n<\/strong>Ha a Swadhisthana csakr\u00e1d kiegyens\u00falyozatlan, nehezen fogsz medit\u00e1lni, \u00e9s \u00e1ltal\u00e1noss\u00e1gban nem leszel kreativ. \u00c1lmatlans\u00e1got \u00e9s ingerl\u00e9kenys\u00e9get is tapasztalhatsz. A kiegyens\u00falyozatlan Swadhisthana egy\u00e9b t\u00fcnetei k\u00f6z\u00e9 tartoznak olyan betegs\u00e9gek, mint a cukorbetegs\u00e9g, a v\u00e9rrel kapcsolatos r\u00e1kok, az allergi\u00e1k \u00e9s a sz\u00edvbetegs\u00e9gek.\n<p><strong>Az egyens\u00falyhi\u00e1ny okai:<\/strong><\/p>\n<ul>\n<li>A t\u00falzott gondolkod\u00e1s, tervez\u00e9s \u00e9s a sz\u00e9ls\u0151s\u00e9ges ment\u00e1lis aktivit\u00e1s kimer\u00edti ezt a k\u00f6zpontot. Sz\u00e9ls\u0151s\u00e9ges esetben ez ment\u00e1lis ki\u00e9g\u00e9st \u00e9s extr\u00e9m f\u00e1radts\u00e1got okozhat a fizikai test\u00fcnkben.<\/li>\n<\/ul>\n<strong>Hogyan egyens\u00falyozzunk:<br \/>\n<\/strong>Szerencs\u00e9re a medit\u00e1ci\u00f3 egyszer\u0171 m\u00f3dszert k\u00edn\u00e1l ennek a csakr\u00e1nak a kiegyens\u00falyoz\u00e1s\u00e1ra. A Swadhisthana csakra tiszt\u00edt\u00e1s\u00e1hoz naponta \u00e1ztasd a l\u00e1bad norm\u00e1l h\u0151m\u00e9rs\u00e9klet\u0171 v\u00edzben.\n<p>Ha a jobb Swadhisthana csakr\u00e1d tiszt\u00edt\u00e1s\u00e1ra szeretn\u00e9l koncentr\u00e1lni, medit\u00e1ci\u00f3 k\u00f6zben \u00e1ztasd a l\u00e1baidat egy lav\u00f3r s\u00f3s, <strong>hideg<\/strong> (ak\u00e1r jeges) v\u00edzben. Helyezhetsz egy j\u00e9gzsel\u00e9t is a jobb Swadhisthana csakr\u00e1dra. Ez k\u00f6zvetlen\u00fcl a t\u00f6rzs \u00e9s a jobb l\u00e1b k\u00f6z\u00f6tti csatlakoz\u00e1si pont felett tal\u00e1lhat\u00f3.<\/p>\n<p>A bal oldali Swadhisthana csakra megtiszt\u00edt\u00e1s\u00e1hoz medit\u00e1ci\u00f3 k\u00f6zben <a href=\"https:\/\/shrimataji.org\/test\/wp-content\/uploads\/2024\/04\/Footsoaking.pdf\" target=\"_blank\" rel=\"noopener\">\u00e1ztasd a l\u00e1bad<\/a> egy lav\u00f3r s\u00f3s, langyos\/meleg (b\u0151r\u00f6dnek megfelel\u0151) v\u00edzben.<\/p>\n<p>Ha tart\u00f3s probl\u00e9m\u00e1id vannak ennek a csakr\u00e1nak az egyens\u00faly\u00e1val, megpr\u00f3b\u00e1lhatod gyertyal\u00e1nggal megtiszt\u00edtani. Tartsd a gyerty\u00e1t a jobb kezedben n\u00e9h\u00e1ny centim\u00e9terre a bal Swadhisthana csakr\u00e1d el\u0151tt. A bal Swadhisthana csakra k\u00f6zvetlen\u00fcl a t\u00f6rzsed \u00e9s a bal l\u00e1bad k\u00f6z\u00f6tti csatlakoz\u00e1s felett tal\u00e1lhat\u00f3.<\/p>\n\n","protected":false},"excerpt":{"rendered":"<p>Swadhisthana csakra Intu\u00edci\u00f3 \u00e9s kreativit\u00e1s A fejl\u0151d\u00e9s\u00fcnk, feln\u0151tt\u00e9 v\u00e1l\u00e1sunk sor\u00e1n intenz\u00edv \u00e9s kreat\u00edv tanul\u00e1si folyamaton megy\u00fcnk kereszt\u00fcl, amely a tapasztalatainkb\u00f3l \u00e9s a k\u00f6rnyezet\u00fcnkb\u0151l fakad. Folyamatosan \u00faj dolgokat tanulunk. A m\u00e1sodik k\u00f6zpont a kreativit\u00e1sunk forr\u00e1sa, valamint lehet\u0151v\u00e9 teszi, hogy rendelkezz\u00fcnk a tiszta figyelemmel \u00e9s a spiritu\u00e1lis intelligenci\u00e1val. Ez hozza felsz\u00ednre a kreat\u00edv inspir\u00e1ci\u00f3nkat, \u00e9s teszi lehet\u0151v\u00e9&hellip; <br \/> <a class=\"read-more\" href=\"https:\/\/shrimataji.org\/test\/hu\/swadhisthan-chakra\/\">Read more<\/a><\/p>\n","protected":false},"author":1,"featured_media":19350,"parent":0,"menu_order":0,"comment_status":"closed","ping_status":"closed","template":"","meta":{"inline_featured_image":false,"footnotes":""},"class_list":["post-19576","page","type-page","status-publish","has-post-thumbnail","hentry"],"yoast_head":"<!-- This site is optimized with the Yoast SEO plugin v27.4 - https:\/\/yoast.com\/product\/yoast-seo-wordpress\/ -->\n<title>Swadhisthana csakra - TEST - SMND<\/title>\n<meta name=\"robots\" content=\"noindex, follow, max-snippet:-1, max-image-preview:large, max-video-preview:-1\" \/>\n<meta property=\"og:locale\" content=\"en_US\" \/>\n<meta property=\"og:type\" content=\"article\" \/>\n<meta property=\"og:title\" content=\"Swadhisthana csakra - TEST - SMND\" \/>\n<meta property=\"og:description\" content=\"Swadhisthana csakra Intu\u00edci\u00f3 \u00e9s kreativit\u00e1s A fejl\u0151d\u00e9s\u00fcnk, feln\u0151tt\u00e9 v\u00e1l\u00e1sunk sor\u00e1n intenz\u00edv \u00e9s kreat\u00edv tanul\u00e1si folyamaton megy\u00fcnk kereszt\u00fcl, amely a tapasztalatainkb\u00f3l \u00e9s a k\u00f6rnyezet\u00fcnkb\u0151l fakad. Folyamatosan \u00faj dolgokat tanulunk. A m\u00e1sodik k\u00f6zpont a kreativit\u00e1sunk forr\u00e1sa, valamint lehet\u0151v\u00e9 teszi, hogy rendelkezz\u00fcnk a tiszta figyelemmel \u00e9s a spiritu\u00e1lis intelligenci\u00e1val. Ez hozza felsz\u00ednre a kreat\u00edv inspir\u00e1ci\u00f3nkat, \u00e9s teszi lehet\u0151v\u00e9&hellip; Read more\" \/>\n<meta property=\"og:url\" content=\"https:\/\/shrimataji.org\/test\/hu\/swadhisthan-chakra\/\" \/>\n<meta property=\"og:site_name\" content=\"TEST - SMND\" \/>\n<meta property=\"article:publisher\" content=\"https:\/\/www.facebook.com\/shrimataji\" \/>\n<meta property=\"article:modified_time\" content=\"2026-04-18T15:20:05+00:00\" \/>\n<meta property=\"og:image\" content=\"https:\/\/shrimataji.org\/test\/wp-content\/uploads\/2023\/03\/17_Banner-SY-Chakra-swad-scaled.jpg\" \/>\n\t<meta property=\"og:image:width\" content=\"2560\" \/>\n\t<meta property=\"og:image:height\" content=\"905\" \/>\n\t<meta property=\"og:image:type\" content=\"image\/jpeg\" \/>\n<meta name=\"twitter:card\" content=\"summary_large_image\" \/>\n<meta name=\"twitter:site\" content=\"@shrimataji\" \/>\n<meta name=\"twitter:label1\" content=\"Est. reading time\" \/>\n\t<meta name=\"twitter:data1\" content=\"4 minutes\" \/>\n<script type=\"application\/ld+json\" class=\"yoast-schema-graph\">{\"@context\":\"https:\\\/\\\/schema.org\",\"@graph\":[{\"@type\":\"WebPage\",\"@id\":\"https:\\\/\\\/shrimataji.org\\\/test\\\/hu\\\/swadhisthan-chakra\\\/\",\"url\":\"https:\\\/\\\/shrimataji.org\\\/test\\\/hu\\\/swadhisthan-chakra\\\/\",\"name\":\"Swadhisthana csakra - TEST - SMND\",\"isPartOf\":{\"@id\":\"https:\\\/\\\/shrimataji.org\\\/test\\\/#website\"},\"primaryImageOfPage\":{\"@id\":\"https:\\\/\\\/shrimataji.org\\\/test\\\/hu\\\/swadhisthan-chakra\\\/#primaryimage\"},\"image\":{\"@id\":\"https:\\\/\\\/shrimataji.org\\\/test\\\/hu\\\/swadhisthan-chakra\\\/#primaryimage\"},\"thumbnailUrl\":\"https:\\\/\\\/shrimataji.org\\\/test\\\/wp-content\\\/uploads\\\/2023\\\/03\\\/17_Banner-SY-Chakra-swad-scaled.jpg\",\"datePublished\":\"2022-03-05T07:25:31+00:00\",\"dateModified\":\"2026-04-18T15:20:05+00:00\",\"breadcrumb\":{\"@id\":\"https:\\\/\\\/shrimataji.org\\\/test\\\/hu\\\/swadhisthan-chakra\\\/#breadcrumb\"},\"inLanguage\":\"en-US\",\"potentialAction\":[{\"@type\":\"ReadAction\",\"target\":[\"https:\\\/\\\/shrimataji.org\\\/test\\\/hu\\\/swadhisthan-chakra\\\/\"]}]},{\"@type\":\"ImageObject\",\"inLanguage\":\"en-US\",\"@id\":\"https:\\\/\\\/shrimataji.org\\\/test\\\/hu\\\/swadhisthan-chakra\\\/#primaryimage\",\"url\":\"https:\\\/\\\/shrimataji.org\\\/test\\\/wp-content\\\/uploads\\\/2023\\\/03\\\/17_Banner-SY-Chakra-swad-scaled.jpg\",\"contentUrl\":\"https:\\\/\\\/shrimataji.org\\\/test\\\/wp-content\\\/uploads\\\/2023\\\/03\\\/17_Banner-SY-Chakra-swad-scaled.jpg\",\"width\":2560,\"height\":905},{\"@type\":\"BreadcrumbList\",\"@id\":\"https:\\\/\\\/shrimataji.org\\\/test\\\/hu\\\/swadhisthan-chakra\\\/#breadcrumb\",\"itemListElement\":[{\"@type\":\"ListItem\",\"position\":1,\"name\":\"Home\",\"item\":\"https:\\\/\\\/shrimataji.org\\\/test\\\/uk\\\/home-en\\\/\"},{\"@type\":\"ListItem\",\"position\":2,\"name\":\"Swadhisthana csakra\"}]},{\"@type\":\"WebSite\",\"@id\":\"https:\\\/\\\/shrimataji.org\\\/test\\\/#website\",\"url\":\"https:\\\/\\\/shrimataji.org\\\/test\\\/\",\"name\":\"Shri Mataji Nirmala Devi\",\"description\":\"A Life Dedicated to Humanity\",\"publisher\":{\"@id\":\"https:\\\/\\\/shrimataji.org\\\/test\\\/#\\\/schema\\\/person\\\/a1b3419c6585f164aa96da1ff85715d1\"},\"potentialAction\":[{\"@type\":\"SearchAction\",\"target\":{\"@type\":\"EntryPoint\",\"urlTemplate\":\"https:\\\/\\\/shrimataji.org\\\/test\\\/?s={search_term_string}\"},\"query-input\":{\"@type\":\"PropertyValueSpecification\",\"valueRequired\":true,\"valueName\":\"search_term_string\"}}],\"inLanguage\":\"en-US\"},{\"@type\":[\"Person\",\"Organization\"],\"@id\":\"https:\\\/\\\/shrimataji.org\\\/test\\\/#\\\/schema\\\/person\\\/a1b3419c6585f164aa96da1ff85715d1\",\"name\":\"Nirmala Shrivastava\",\"image\":{\"@type\":\"ImageObject\",\"inLanguage\":\"en-US\",\"@id\":\"https:\\\/\\\/shrimataji.org\\\/test\\\/wp-content\\\/uploads\\\/2023\\\/02\\\/SMO_LOGO-03.svg\",\"url\":\"https:\\\/\\\/shrimataji.org\\\/test\\\/wp-content\\\/uploads\\\/2023\\\/02\\\/SMO_LOGO-03.svg\",\"contentUrl\":\"https:\\\/\\\/shrimataji.org\\\/test\\\/wp-content\\\/uploads\\\/2023\\\/02\\\/SMO_LOGO-03.svg\",\"width\":\"1024\",\"height\":\"1024\",\"caption\":\"Nirmala Shrivastava\"},\"logo\":{\"@id\":\"https:\\\/\\\/shrimataji.org\\\/test\\\/wp-content\\\/uploads\\\/2023\\\/02\\\/SMO_LOGO-03.svg\"},\"sameAs\":[\"https:\\\/\\\/shrimataji.org\\\/test\",\"https:\\\/\\\/www.facebook.com\\\/shrimataji\",\"https:\\\/\\\/x.com\\\/shrimataji\",\"https:\\\/\\\/www.youtube.com\\\/@Shri_Mataji_Nirmala_Devi\\\/featured\"]}]}<\/script>\n<!-- \/ Yoast SEO plugin. -->","yoast_head_json":{"title":"Swadhisthana csakra - TEST - SMND","robots":{"index":"noindex","follow":"follow","max-snippet":"max-snippet:-1","max-image-preview":"max-image-preview:large","max-video-preview":"max-video-preview:-1"},"og_locale":"en_US","og_type":"article","og_title":"Swadhisthana csakra - TEST - SMND","og_description":"Swadhisthana csakra Intu\u00edci\u00f3 \u00e9s kreativit\u00e1s A fejl\u0151d\u00e9s\u00fcnk, feln\u0151tt\u00e9 v\u00e1l\u00e1sunk sor\u00e1n intenz\u00edv \u00e9s kreat\u00edv tanul\u00e1si folyamaton megy\u00fcnk kereszt\u00fcl, amely a tapasztalatainkb\u00f3l \u00e9s a k\u00f6rnyezet\u00fcnkb\u0151l fakad. Folyamatosan \u00faj dolgokat tanulunk. A m\u00e1sodik k\u00f6zpont a kreativit\u00e1sunk forr\u00e1sa, valamint lehet\u0151v\u00e9 teszi, hogy rendelkezz\u00fcnk a tiszta figyelemmel \u00e9s a spiritu\u00e1lis intelligenci\u00e1val. Ez hozza felsz\u00ednre a kreat\u00edv inspir\u00e1ci\u00f3nkat, \u00e9s teszi lehet\u0151v\u00e9&hellip; Read more","og_url":"https:\/\/shrimataji.org\/test\/hu\/swadhisthan-chakra\/","og_site_name":"TEST - SMND","article_publisher":"https:\/\/www.facebook.com\/shrimataji","article_modified_time":"2026-04-18T15:20:05+00:00","og_image":[{"width":2560,"height":905,"url":"https:\/\/shrimataji.org\/test\/wp-content\/uploads\/2023\/03\/17_Banner-SY-Chakra-swad-scaled.jpg","type":"image\/jpeg"}],"twitter_card":"summary_large_image","twitter_site":"@shrimataji","twitter_misc":{"Est. reading time":"4 minutes"},"schema":{"@context":"https:\/\/schema.org","@graph":[{"@type":"WebPage","@id":"https:\/\/shrimataji.org\/test\/hu\/swadhisthan-chakra\/","url":"https:\/\/shrimataji.org\/test\/hu\/swadhisthan-chakra\/","name":"Swadhisthana csakra - TEST - SMND","isPartOf":{"@id":"https:\/\/shrimataji.org\/test\/#website"},"primaryImageOfPage":{"@id":"https:\/\/shrimataji.org\/test\/hu\/swadhisthan-chakra\/#primaryimage"},"image":{"@id":"https:\/\/shrimataji.org\/test\/hu\/swadhisthan-chakra\/#primaryimage"},"thumbnailUrl":"https:\/\/shrimataji.org\/test\/wp-content\/uploads\/2023\/03\/17_Banner-SY-Chakra-swad-scaled.jpg","datePublished":"2022-03-05T07:25:31+00:00","dateModified":"2026-04-18T15:20:05+00:00","breadcrumb":{"@id":"https:\/\/shrimataji.org\/test\/hu\/swadhisthan-chakra\/#breadcrumb"},"inLanguage":"en-US","potentialAction":[{"@type":"ReadAction","target":["https:\/\/shrimataji.org\/test\/hu\/swadhisthan-chakra\/"]}]},{"@type":"ImageObject","inLanguage":"en-US","@id":"https:\/\/shrimataji.org\/test\/hu\/swadhisthan-chakra\/#primaryimage","url":"https:\/\/shrimataji.org\/test\/wp-content\/uploads\/2023\/03\/17_Banner-SY-Chakra-swad-scaled.jpg","contentUrl":"https:\/\/shrimataji.org\/test\/wp-content\/uploads\/2023\/03\/17_Banner-SY-Chakra-swad-scaled.jpg","width":2560,"height":905},{"@type":"BreadcrumbList","@id":"https:\/\/shrimataji.org\/test\/hu\/swadhisthan-chakra\/#breadcrumb","itemListElement":[{"@type":"ListItem","position":1,"name":"Home","item":"https:\/\/shrimataji.org\/test\/uk\/home-en\/"},{"@type":"ListItem","position":2,"name":"Swadhisthana csakra"}]},{"@type":"WebSite","@id":"https:\/\/shrimataji.org\/test\/#website","url":"https:\/\/shrimataji.org\/test\/","name":"Shri Mataji Nirmala Devi","description":"A Life Dedicated to Humanity","publisher":{"@id":"https:\/\/shrimataji.org\/test\/#\/schema\/person\/a1b3419c6585f164aa96da1ff85715d1"},"potentialAction":[{"@type":"SearchAction","target":{"@type":"EntryPoint","urlTemplate":"https:\/\/shrimataji.org\/test\/?s={search_term_string}"},"query-input":{"@type":"PropertyValueSpecification","valueRequired":true,"valueName":"search_term_string"}}],"inLanguage":"en-US"},{"@type":["Person","Organization"],"@id":"https:\/\/shrimataji.org\/test\/#\/schema\/person\/a1b3419c6585f164aa96da1ff85715d1","name":"Nirmala Shrivastava","image":{"@type":"ImageObject","inLanguage":"en-US","@id":"https:\/\/shrimataji.org\/test\/wp-content\/uploads\/2023\/02\/SMO_LOGO-03.svg","url":"https:\/\/shrimataji.org\/test\/wp-content\/uploads\/2023\/02\/SMO_LOGO-03.svg","contentUrl":"https:\/\/shrimataji.org\/test\/wp-content\/uploads\/2023\/02\/SMO_LOGO-03.svg","width":"1024","height":"1024","caption":"Nirmala Shrivastava"},"logo":{"@id":"https:\/\/shrimataji.org\/test\/wp-content\/uploads\/2023\/02\/SMO_LOGO-03.svg"},"sameAs":["https:\/\/shrimataji.org\/test","https:\/\/www.facebook.com\/shrimataji","https:\/\/x.com\/shrimataji","https:\/\/www.youtube.com\/@Shri_Mataji_Nirmala_Devi\/featured"]}]}},"lang":"hu","translations":{"hu":19576,"ur":37513,"en":6484,"am":18087,"th":20076,"ar":16983,"sq":18488,"zh":17385,"hi":8323,"tr":10217,"pt":10425,"de":10699,"fr":10797,"it":10895,"es":10992,"ja":11290,"ru":11478,"bn":11669,"te":11777,"sw":11900,"he":12048,"el":12340,"sk":12438,"fa":12536,"fi":12634,"bg":13374,"ro":14448,"cs":14641,"nl":16647,"ku":16807,"be":18695,"kn":18969,"mr":20440,"uk":20733,"ml":21028,"ta":22806,"sv":23075,"gu":28910,"pa":29070,"fil":29524,"da":37821,"pl":38031,"nn":38373},"pll_sync_post":[],"_links":{"self":[{"href":"https:\/\/shrimataji.org\/test\/wp-json\/wp\/v2\/pages\/19576","targetHints":{"allow":["GET"]}}],"collection":[{"href":"https:\/\/shrimataji.org\/test\/wp-json\/wp\/v2\/pages"}],"about":[{"href":"https:\/\/shrimataji.org\/test\/wp-json\/wp\/v2\/types\/page"}],"author":[{"embeddable":true,"href":"https:\/\/shrimataji.org\/test\/wp-json\/wp\/v2\/users\/1"}],"replies":[{"embeddable":true,"href":"https:\/\/shrimataji.org\/test\/wp-json\/wp\/v2\/comments?post=19576"}],"version-history":[{"count":0,"href":"https:\/\/shrimataji.org\/test\/wp-json\/wp\/v2\/pages\/19576\/revisions"}],"wp:featuredmedia":[{"embeddable":true,"href":"https:\/\/shrimataji.org\/test\/wp-json\/wp\/v2\/media\/19350"}],"wp:attachment":[{"href":"https:\/\/shrimataji.org\/test\/wp-json\/wp\/v2\/media?parent=19576"}],"curies":[{"name":"wp","href":"https:\/\/api.w.org\/{rel}","templated":true}]}}