{"id":19578,"date":"2018-07-10T06:54:42","date_gmt":"2018-07-10T06:54:42","guid":{"rendered":"http:\/\/testwordpress.nirmalnagari.org\/smnd\/index.php\/terms\/"},"modified":"2026-04-12T11:37:25","modified_gmt":"2026-04-12T11:37:25","slug":"terms","status":"publish","type":"page","link":"https:\/\/shrimataji.org\/test\/hu\/terms\/","title":{"rendered":"Felhaszn\u00e1l\u00e1si felt\u00e9telek"},"content":{"rendered":"\n\n\t<h1>Felhaszn\u00e1l\u00e1si felt\u00e9telek<\/h1>\n<p>A weboldalon tal\u00e1lhat\u00f3 \u00f6sszes szerkeszt\u0151i tartalom \u00e9s grafika az EU szerz\u0151i jogainak \u00e9s nemzetk\u00f6zi szerz\u0151d\u00e9seinek v\u00e9delme alatt \u00e1ll, \u00e9s a Shri Mataji Nirmala Devi Sahaja Yoga World Foundation kifejezett enged\u00e9lye n\u00e9lk\u00fcl nem m\u00e1solhat\u00f3, amely minden jogot fenntart.<\/p>\n<p>A Shri Mataji Nirmala Devi Sahaja Yoga World Foundation szerkeszt\u0151i tartalm\u00e1nak \u00e9s grafik\u00e1inak b\u00e1rmilyen c\u00e9l\u00fa online \u00fajrafelhaszn\u00e1l\u00e1sa szigor\u00faan tilos.<\/p>\n<p>A Shri Mataji Nirmala Devi Sahaja Yoga World Foundation weboldalain tal\u00e1lhat\u00f3 anyagok kiz\u00e1r\u00f3lag t\u00e1j\u00e9koztat\u00e1si \u00e9s nem kereskedelmi c\u00e9l\u00fa offline felhaszn\u00e1l\u00e1sra \u00e9rhet\u0151k el, felt\u00e9ve, hogy a tartalom \u00e9s\/vagy a grafika semmilyen m\u00f3don nem m\u00f3dosul, minden szerz\u0151i jogi \u00e9s egy\u00e9b k\u00f6zlem\u00e9ny megmarad a m\u00e1solatokon, \u00e9s a Shri Mataji Nirmala Devi Sahaja Yoga World Foundation enged\u00e9lyt ad.<\/p>\n<p>Felh\u00edvjuk figyelm\u00e9t, hogy minden er\u0151fesz\u00edt\u00e9st megtett\u00fcnk a szerz\u0151i jogok tulajdonosainak felkutat\u00e1s\u00e1ra \u00e9s\/vagy vel\u00fck val\u00f3 kapcsolatfelv\u00e9telre, k\u00fcl\u00f6n\u00f6s tekintettel a weboldalon haszn\u00e1lt k\u00e9pekre. Ha \u00fagy gondolja, hogy szerz\u0151i jogi probl\u00e9m\u00e1ja van a weboldalon tal\u00e1lhat\u00f3 b\u00e1rmely anyaggal kapcsolatban, k\u00e9rj\u00fck, k\u00fcldj\u00f6n e-mailt az<a href=\"mailto:amministrazione@sahajaworldfoundation.org\"> amministrazione@sahajaworldfoundation.org<\/a> c\u00edmre, amelyben r\u00e9szletesen ismerteti a k\u00f6vetel\u00e9s\u00e9t.<\/p>\n<hr \/>\n<p>\u00a9 Shri Mataji Nirmala Devi Sahaja Yoga World Foundation, egy non-profit szervezet, amely szerepel a Piemont region\u00e1lis igazs\u00e1g\u00fcgyi nyilv\u00e1ntart\u00e1s\u00e1ban (oltalom alatt \u00e1ll\u00f3 sz\u00e1m: 747)<\/p>\n\n","protected":false},"excerpt":{"rendered":"<p>Felhaszn\u00e1l\u00e1si felt\u00e9telek A weboldalon tal\u00e1lhat\u00f3 \u00f6sszes szerkeszt\u0151i tartalom \u00e9s grafika az EU szerz\u0151i jogainak \u00e9s nemzetk\u00f6zi szerz\u0151d\u00e9seinek v\u00e9delme alatt \u00e1ll, \u00e9s a Shri Mataji Nirmala Devi Sahaja Yoga World Foundation kifejezett enged\u00e9lye n\u00e9lk\u00fcl nem m\u00e1solhat\u00f3, amely minden jogot fenntart. A Shri Mataji Nirmala Devi Sahaja Yoga World Foundation szerkeszt\u0151i tartalm\u00e1nak \u00e9s grafik\u00e1inak b\u00e1rmilyen c\u00e9l\u00fa online&hellip; <br \/> <a class=\"read-more\" href=\"https:\/\/shrimataji.org\/test\/hu\/terms\/\">Read more<\/a><\/p>\n","protected":false},"author":1,"featured_media":19221,"parent":0,"menu_order":0,"comment_status":"closed","ping_status":"closed","template":"","meta":{"inline_featured_image":false,"footnotes":""},"class_list":["post-19578","page","type-page","status-publish","has-post-thumbnail","hentry"],"yoast_head":"<!-- This site is optimized with the Yoast SEO plugin v27.4 - https:\/\/yoast.com\/product\/yoast-seo-wordpress\/ -->\n<title>Felhaszn\u00e1l\u00e1si felt\u00e9telek - TEST - SMND<\/title>\n<meta name=\"robots\" content=\"noindex, follow, max-snippet:-1, max-image-preview:large, max-video-preview:-1\" \/>\n<meta property=\"og:locale\" content=\"en_US\" \/>\n<meta property=\"og:type\" content=\"article\" \/>\n<meta property=\"og:title\" content=\"Felhaszn\u00e1l\u00e1si felt\u00e9telek - TEST - SMND\" \/>\n<meta property=\"og:description\" content=\"Felhaszn\u00e1l\u00e1si felt\u00e9telek A weboldalon tal\u00e1lhat\u00f3 \u00f6sszes szerkeszt\u0151i tartalom \u00e9s grafika az EU szerz\u0151i jogainak \u00e9s nemzetk\u00f6zi szerz\u0151d\u00e9seinek v\u00e9delme alatt \u00e1ll, \u00e9s a Shri Mataji Nirmala Devi Sahaja Yoga World Foundation kifejezett enged\u00e9lye n\u00e9lk\u00fcl nem m\u00e1solhat\u00f3, amely minden jogot fenntart. A Shri Mataji Nirmala Devi Sahaja Yoga World Foundation szerkeszt\u0151i tartalm\u00e1nak \u00e9s grafik\u00e1inak b\u00e1rmilyen c\u00e9l\u00fa online&hellip; Read more\" \/>\n<meta property=\"og:url\" content=\"https:\/\/shrimataji.org\/test\/hu\/terms\/\" \/>\n<meta property=\"og:site_name\" content=\"TEST - SMND\" \/>\n<meta property=\"article:publisher\" content=\"https:\/\/www.facebook.com\/shrimataji\" \/>\n<meta property=\"article:modified_time\" content=\"2026-04-12T11:37:25+00:00\" \/>\n<meta property=\"og:image\" content=\"https:\/\/shrimataji.org\/test\/wp-content\/uploads\/2023\/03\/Banner-Footer-Castle-1-scaled.jpg\" \/>\n\t<meta property=\"og:image:width\" content=\"2560\" \/>\n\t<meta property=\"og:image:height\" content=\"905\" \/>\n\t<meta property=\"og:image:type\" content=\"image\/jpeg\" \/>\n<meta name=\"twitter:card\" content=\"summary_large_image\" \/>\n<meta name=\"twitter:site\" content=\"@shrimataji\" \/>\n<meta name=\"twitter:label1\" content=\"Est. reading time\" \/>\n\t<meta name=\"twitter:data1\" content=\"1 minute\" \/>\n<script type=\"application\/ld+json\" class=\"yoast-schema-graph\">{\"@context\":\"https:\\\/\\\/schema.org\",\"@graph\":[{\"@type\":\"WebPage\",\"@id\":\"https:\\\/\\\/shrimataji.org\\\/test\\\/hu\\\/terms\\\/\",\"url\":\"https:\\\/\\\/shrimataji.org\\\/test\\\/hu\\\/terms\\\/\",\"name\":\"Felhaszn\u00e1l\u00e1si felt\u00e9telek - TEST - SMND\",\"isPartOf\":{\"@id\":\"https:\\\/\\\/shrimataji.org\\\/test\\\/#website\"},\"primaryImageOfPage\":{\"@id\":\"https:\\\/\\\/shrimataji.org\\\/test\\\/hu\\\/terms\\\/#primaryimage\"},\"image\":{\"@id\":\"https:\\\/\\\/shrimataji.org\\\/test\\\/hu\\\/terms\\\/#primaryimage\"},\"thumbnailUrl\":\"https:\\\/\\\/shrimataji.org\\\/test\\\/wp-content\\\/uploads\\\/2023\\\/03\\\/Banner-Footer-Castle-1-scaled.jpg\",\"datePublished\":\"2018-07-10T06:54:42+00:00\",\"dateModified\":\"2026-04-12T11:37:25+00:00\",\"breadcrumb\":{\"@id\":\"https:\\\/\\\/shrimataji.org\\\/test\\\/hu\\\/terms\\\/#breadcrumb\"},\"inLanguage\":\"en-US\",\"potentialAction\":[{\"@type\":\"ReadAction\",\"target\":[\"https:\\\/\\\/shrimataji.org\\\/test\\\/hu\\\/terms\\\/\"]}]},{\"@type\":\"ImageObject\",\"inLanguage\":\"en-US\",\"@id\":\"https:\\\/\\\/shrimataji.org\\\/test\\\/hu\\\/terms\\\/#primaryimage\",\"url\":\"https:\\\/\\\/shrimataji.org\\\/test\\\/wp-content\\\/uploads\\\/2023\\\/03\\\/Banner-Footer-Castle-1-scaled.jpg\",\"contentUrl\":\"https:\\\/\\\/shrimataji.org\\\/test\\\/wp-content\\\/uploads\\\/2023\\\/03\\\/Banner-Footer-Castle-1-scaled.jpg\",\"width\":2560,\"height\":905},{\"@type\":\"BreadcrumbList\",\"@id\":\"https:\\\/\\\/shrimataji.org\\\/test\\\/hu\\\/terms\\\/#breadcrumb\",\"itemListElement\":[{\"@type\":\"ListItem\",\"position\":1,\"name\":\"Home\",\"item\":\"https:\\\/\\\/shrimataji.org\\\/test\\\/uk\\\/home-en\\\/\"},{\"@type\":\"ListItem\",\"position\":2,\"name\":\"Felhaszn\u00e1l\u00e1si felt\u00e9telek\"}]},{\"@type\":\"WebSite\",\"@id\":\"https:\\\/\\\/shrimataji.org\\\/test\\\/#website\",\"url\":\"https:\\\/\\\/shrimataji.org\\\/test\\\/\",\"name\":\"Shri Mataji Nirmala Devi\",\"description\":\"A Life Dedicated to Humanity\",\"publisher\":{\"@id\":\"https:\\\/\\\/shrimataji.org\\\/test\\\/#\\\/schema\\\/person\\\/a1b3419c6585f164aa96da1ff85715d1\"},\"potentialAction\":[{\"@type\":\"SearchAction\",\"target\":{\"@type\":\"EntryPoint\",\"urlTemplate\":\"https:\\\/\\\/shrimataji.org\\\/test\\\/?s={search_term_string}\"},\"query-input\":{\"@type\":\"PropertyValueSpecification\",\"valueRequired\":true,\"valueName\":\"search_term_string\"}}],\"inLanguage\":\"en-US\"},{\"@type\":[\"Person\",\"Organization\"],\"@id\":\"https:\\\/\\\/shrimataji.org\\\/test\\\/#\\\/schema\\\/person\\\/a1b3419c6585f164aa96da1ff85715d1\",\"name\":\"Nirmala Shrivastava\",\"image\":{\"@type\":\"ImageObject\",\"inLanguage\":\"en-US\",\"@id\":\"https:\\\/\\\/shrimataji.org\\\/test\\\/wp-content\\\/uploads\\\/2023\\\/02\\\/SMO_LOGO-03.svg\",\"url\":\"https:\\\/\\\/shrimataji.org\\\/test\\\/wp-content\\\/uploads\\\/2023\\\/02\\\/SMO_LOGO-03.svg\",\"contentUrl\":\"https:\\\/\\\/shrimataji.org\\\/test\\\/wp-content\\\/uploads\\\/2023\\\/02\\\/SMO_LOGO-03.svg\",\"width\":\"1024\",\"height\":\"1024\",\"caption\":\"Nirmala Shrivastava\"},\"logo\":{\"@id\":\"https:\\\/\\\/shrimataji.org\\\/test\\\/wp-content\\\/uploads\\\/2023\\\/02\\\/SMO_LOGO-03.svg\"},\"sameAs\":[\"https:\\\/\\\/shrimataji.org\\\/test\",\"https:\\\/\\\/www.facebook.com\\\/shrimataji\",\"https:\\\/\\\/x.com\\\/shrimataji\",\"https:\\\/\\\/www.youtube.com\\\/@Shri_Mataji_Nirmala_Devi\\\/featured\"]}]}<\/script>\n<!-- \/ Yoast SEO plugin. -->","yoast_head_json":{"title":"Felhaszn\u00e1l\u00e1si felt\u00e9telek - TEST - SMND","robots":{"index":"noindex","follow":"follow","max-snippet":"max-snippet:-1","max-image-preview":"max-image-preview:large","max-video-preview":"max-video-preview:-1"},"og_locale":"en_US","og_type":"article","og_title":"Felhaszn\u00e1l\u00e1si felt\u00e9telek - TEST - SMND","og_description":"Felhaszn\u00e1l\u00e1si felt\u00e9telek A weboldalon tal\u00e1lhat\u00f3 \u00f6sszes szerkeszt\u0151i tartalom \u00e9s grafika az EU szerz\u0151i jogainak \u00e9s nemzetk\u00f6zi szerz\u0151d\u00e9seinek v\u00e9delme alatt \u00e1ll, \u00e9s a Shri Mataji Nirmala Devi Sahaja Yoga World Foundation kifejezett enged\u00e9lye n\u00e9lk\u00fcl nem m\u00e1solhat\u00f3, amely minden jogot fenntart. A Shri Mataji Nirmala Devi Sahaja Yoga World Foundation szerkeszt\u0151i tartalm\u00e1nak \u00e9s grafik\u00e1inak b\u00e1rmilyen c\u00e9l\u00fa online&hellip; Read more","og_url":"https:\/\/shrimataji.org\/test\/hu\/terms\/","og_site_name":"TEST - SMND","article_publisher":"https:\/\/www.facebook.com\/shrimataji","article_modified_time":"2026-04-12T11:37:25+00:00","og_image":[{"width":2560,"height":905,"url":"https:\/\/shrimataji.org\/test\/wp-content\/uploads\/2023\/03\/Banner-Footer-Castle-1-scaled.jpg","type":"image\/jpeg"}],"twitter_card":"summary_large_image","twitter_site":"@shrimataji","twitter_misc":{"Est. reading time":"1 minute"},"schema":{"@context":"https:\/\/schema.org","@graph":[{"@type":"WebPage","@id":"https:\/\/shrimataji.org\/test\/hu\/terms\/","url":"https:\/\/shrimataji.org\/test\/hu\/terms\/","name":"Felhaszn\u00e1l\u00e1si felt\u00e9telek - TEST - SMND","isPartOf":{"@id":"https:\/\/shrimataji.org\/test\/#website"},"primaryImageOfPage":{"@id":"https:\/\/shrimataji.org\/test\/hu\/terms\/#primaryimage"},"image":{"@id":"https:\/\/shrimataji.org\/test\/hu\/terms\/#primaryimage"},"thumbnailUrl":"https:\/\/shrimataji.org\/test\/wp-content\/uploads\/2023\/03\/Banner-Footer-Castle-1-scaled.jpg","datePublished":"2018-07-10T06:54:42+00:00","dateModified":"2026-04-12T11:37:25+00:00","breadcrumb":{"@id":"https:\/\/shrimataji.org\/test\/hu\/terms\/#breadcrumb"},"inLanguage":"en-US","potentialAction":[{"@type":"ReadAction","target":["https:\/\/shrimataji.org\/test\/hu\/terms\/"]}]},{"@type":"ImageObject","inLanguage":"en-US","@id":"https:\/\/shrimataji.org\/test\/hu\/terms\/#primaryimage","url":"https:\/\/shrimataji.org\/test\/wp-content\/uploads\/2023\/03\/Banner-Footer-Castle-1-scaled.jpg","contentUrl":"https:\/\/shrimataji.org\/test\/wp-content\/uploads\/2023\/03\/Banner-Footer-Castle-1-scaled.jpg","width":2560,"height":905},{"@type":"BreadcrumbList","@id":"https:\/\/shrimataji.org\/test\/hu\/terms\/#breadcrumb","itemListElement":[{"@type":"ListItem","position":1,"name":"Home","item":"https:\/\/shrimataji.org\/test\/uk\/home-en\/"},{"@type":"ListItem","position":2,"name":"Felhaszn\u00e1l\u00e1si felt\u00e9telek"}]},{"@type":"WebSite","@id":"https:\/\/shrimataji.org\/test\/#website","url":"https:\/\/shrimataji.org\/test\/","name":"Shri Mataji Nirmala Devi","description":"A Life Dedicated to Humanity","publisher":{"@id":"https:\/\/shrimataji.org\/test\/#\/schema\/person\/a1b3419c6585f164aa96da1ff85715d1"},"potentialAction":[{"@type":"SearchAction","target":{"@type":"EntryPoint","urlTemplate":"https:\/\/shrimataji.org\/test\/?s={search_term_string}"},"query-input":{"@type":"PropertyValueSpecification","valueRequired":true,"valueName":"search_term_string"}}],"inLanguage":"en-US"},{"@type":["Person","Organization"],"@id":"https:\/\/shrimataji.org\/test\/#\/schema\/person\/a1b3419c6585f164aa96da1ff85715d1","name":"Nirmala Shrivastava","image":{"@type":"ImageObject","inLanguage":"en-US","@id":"https:\/\/shrimataji.org\/test\/wp-content\/uploads\/2023\/02\/SMO_LOGO-03.svg","url":"https:\/\/shrimataji.org\/test\/wp-content\/uploads\/2023\/02\/SMO_LOGO-03.svg","contentUrl":"https:\/\/shrimataji.org\/test\/wp-content\/uploads\/2023\/02\/SMO_LOGO-03.svg","width":"1024","height":"1024","caption":"Nirmala Shrivastava"},"logo":{"@id":"https:\/\/shrimataji.org\/test\/wp-content\/uploads\/2023\/02\/SMO_LOGO-03.svg"},"sameAs":["https:\/\/shrimataji.org\/test","https:\/\/www.facebook.com\/shrimataji","https:\/\/x.com\/shrimataji","https:\/\/www.youtube.com\/@Shri_Mataji_Nirmala_Devi\/featured"]}]}},"lang":"hu","translations":{"hu":19578,"en":396,"am":18089,"th":20079,"ar":16985,"sq":18490,"zh":17387,"tr":10218,"pt":10426,"de":10700,"fr":10798,"it":10896,"es":10993,"ja":11291,"ru":11479,"bn":11670,"te":11778,"sw":11901,"he":12049,"el":12341,"fa":12537,"fi":12635,"bg":13471,"ro":14543,"cs":14736,"nl":16649,"ku":16809,"be":18697,"kn":18971,"mr":20443,"uk":20736,"ml":21031,"ta":22808,"sv":23077,"pa":29072,"fil":29526},"pll_sync_post":[],"_links":{"self":[{"href":"https:\/\/shrimataji.org\/test\/wp-json\/wp\/v2\/pages\/19578","targetHints":{"allow":["GET"]}}],"collection":[{"href":"https:\/\/shrimataji.org\/test\/wp-json\/wp\/v2\/pages"}],"about":[{"href":"https:\/\/shrimataji.org\/test\/wp-json\/wp\/v2\/types\/page"}],"author":[{"embeddable":true,"href":"https:\/\/shrimataji.org\/test\/wp-json\/wp\/v2\/users\/1"}],"replies":[{"embeddable":true,"href":"https:\/\/shrimataji.org\/test\/wp-json\/wp\/v2\/comments?post=19578"}],"version-history":[{"count":0,"href":"https:\/\/shrimataji.org\/test\/wp-json\/wp\/v2\/pages\/19578\/revisions"}],"wp:featuredmedia":[{"embeddable":true,"href":"https:\/\/shrimataji.org\/test\/wp-json\/wp\/v2\/media\/19221"}],"wp:attachment":[{"href":"https:\/\/shrimataji.org\/test\/wp-json\/wp\/v2\/media?parent=19578"}],"curies":[{"name":"wp","href":"https:\/\/api.w.org\/{rel}","templated":true}]}}