{"id":19580,"date":"2012-10-02T12:00:00","date_gmt":"2012-10-02T12:00:00","guid":{"rendered":"http:\/\/testwordpress.nirmalnagari.org\/smnd\/index.php\/that-absolute-truth\/"},"modified":"2026-04-21T18:31:47","modified_gmt":"2026-04-21T18:31:47","slug":"that-absolute-truth-2","status":"publish","type":"page","link":"https:\/\/shrimataji.org\/test\/hu\/that-absolute-truth-2\/","title":{"rendered":"Az Abszol\u00fat Igazs\u00e1g"},"content":{"rendered":"\n\n\t<h1>Az Abszol\u00fat Igazs\u00e1g<\/h1>\n<h2>R\u00e9szlet a Sydney-i Egyetem Vall\u00e1studom\u00e1nyi Tansz\u00e9k\u00e9n tartott nyilv\u00e1nos programj\u00e1b\u00f3l, Ausztr\u00e1lia, 1990. m\u00e1rcius 15.<\/h2>\n\t<p>M\u00e1r a legelej\u00e9n tudnunk kell egy dolgot: az igazs\u00e1g az, ami. Nem tudjuk megszervezni, nem tudjuk ir\u00e1ny\u00edtani, nem tudjuk emberi \u00e9rtelm\u00fcnkkel felfogni sem. Van, volt \u00e9s lesz. Ha egy mondatban \u00f6sszefoglaljuk, minden vall\u00e1s l\u00e9nyege, az, hogy keresi az \u00f6r\u00f6kk\u00e9val\u00f3t, \u00e9s a muland\u00f3t teljes meg\u00e9rt\u00e9ssel kezeli.<\/p>\n<figure itemscope itemtype=\"https:\/\/schema.org\/ImageObject\">\n\t\t\t\t<img decoding=\"async\" src=\"https:\/\/shrimataji.org\/test\/wp-content\/uploads\/2018\/07\/media_originals\/images\/shri-mataji-portraits\/shri-mataji-while-touring-india-1981-to-1982-1024x728.jpg\" alt=\"shri-mataji-while-touring-india-1981-to-1982\" height=\"728\" width=\"1024\" height=\"728\" width=\"1024\" title=\"shri-mataji-while-touring-india-1981-to-1982\" onerror=\"this.style.display='none'\" loading=\"lazy\" \/>\n\t<\/figure>\n\t<p>Az els\u0151 r\u00e9sz az neh\u00e9z: keresd az \u00f6r\u00f6kk\u00e9val\u00f3t. Az \u00f6r\u00f6k az az igazs\u00e1g, \u00e9s mi az igazs\u00e1g? Most, amikor hozz\u00e1tok besz\u00e9lek, ti \u200b\u200bmindannyian nagyon t\u00e1j\u00e9kozott \u00e9s nagyon m\u0171velt emberek vagytok. Arra k\u00e9rlek benneteket, hogy legyetek nyitottak, tudom\u00e1nyos n\u00e9z\u0151ponttal, hogy saj\u00e1t szemetekkel l\u00e1ss\u00e1tok, hogy igaz-e az, amit mondok, vagy sem, tapasztalj\u00e1tok meg, \u00e9s kezelj\u00e9tek ezt az eg\u00e9sz besz\u00e9det hipot\u00e9zisk\u00e9nt. \u00c9s ha kider\u00fcl, hogy igaz, akkor \u0151szint\u00e9n sz\u00f3lva el kell fogadnunk.<\/p>\n<p>K\u00e9t dolog van, amit tal\u00e1n nem fogadunk el, de m\u00e9gis l\u00e9teznek. Az egyik az, hogy ezt az eg\u00e9sz vil\u00e1gegyetemet, ezt az eg\u00e9sz teremt\u00e9st Isten mindent \u00e1that\u00f3 Szeretet\u00e9nek Ereje t\u00f6lti be, t\u00e1pl\u00e1lja \u00e9s gondozza. Manaps\u00e1g m\u00e1r Isten nev\u00e9nek kimond\u00e1sa is t\u00fal sok. Ezt szanszkrit nyelven Paramachaitany\u00e1nak h\u00edvj\u00e1k, a Kor\u00e1nban Ruhnak, a Bibli\u00e1ban Isten Szeretet\u00e9nek mindent \u00e1that\u00f3 Ereje, vagy az Isteni mindent \u00e1that\u00f3 Ereje a neve. Amit mi spiritualit\u00e1snak, istenis\u00e9gnek nevez\u00fcnk, az ennek a l\u00e9nyege. Ez az els\u0151 igazs\u00e1g.<\/p>\n\t<p>A m\u00e1sodik igazs\u00e1g pedig az, hogy mi nem ez a test, nem ez az elme, nem az \u00e9rzelmek, nem az ego, \u00e9s nem is ezek a gondolatok vagyunk. Ezen t\u00fal mi a L\u00e9lek vagyunk, mi a tiszta L\u00e9lek vagyunk. Ez az a k\u00e9t dolog, amelyet minden vall\u00e1sban t\u00e9ny, b\u00e1rmilyen m\u00f3don is \u00edrt\u00e1k le azokat.<\/p>\n<p>A r\u00e9gi id\u0151kben, amikor Indi\u00e1ban kezd\u0151d\u00f6tt a keres\u00e9s, India bizonyos \u00e9rtelemben el\u0151ny\u00f6sebb helyzetben volt m\u00e1s orsz\u00e1gokhoz hasonl\u00edtva. El\u0151sz\u00f6r is, az \u00e9ghajlat olyan j\u00f3, hogy gond n\u00e9lk\u00fcl lehet \u00e9lni egy dzsungelben. M\u00edg Nyugaton mondhatjuk \u00fagy, hogy az emberek elkezdtek kifel\u00e9 haladni, mint a f\u00e1k, az indiaiak elkezdtek lefel\u00e9 haladni a gy\u00f6kereik fel\u00e9. \u00c9s r\u00e9ges-r\u00e9gen felfedezt\u00e9k a Sahaja J\u00f3g\u00e1t.<\/p>\n<p>Ez nem egy modern dolog, hanem egy \u0151si, elfogadott m\u00f3dszer az Istenivel val\u00f3 egyes\u00fcl\u00e9s el\u00e9r\u00e9s\u00e9re, ami a j\u00f3ga. A Sahaja azt jelenti, hogy \u201eveled sz\u00fcletni&#8221; &#8211; a &#8216;saha&#8217; azt jelenti, hogy \u201eveled&#8221;, a &#8216;ja&#8217; pedig \u201emegsz\u00fcletni&#8221;. A veled sz\u00fcletett a jog arra, hogy el\u00e9rd ezt az egyes\u00fcl\u00e9st az Isteni Er\u0151vel.<\/p>\n\t<p>De a &#8216;sahaja&#8217; azt is jelenti, hogy \u201espont\u00e1n&#8221;, mert ez az er\u0151 \u00e9l\u0151, ami ezt m\u0171k\u00f6dteti. Van benn\u00fcnk egy \u00e9l\u0151 er\u0151, amely az am\u0151ba st\u00e1diumb\u00f3l emberi l\u00e9nyekk\u00e9 fejlesztett minket. \u00c9s most van egy m\u00e1sik marad\u00e9k er\u0151, amelynek \u00f6ssze kell kapcsolnia minket az Istenivel. Ez a j\u00f3ga sz\u00f3 val\u00f3di jelent\u00e9se. \u00c9s minden embernek joga van ahhoz, hogy egyes\u00fclj\u00f6n ezzel a mindent \u00e1that\u00f3 er\u0151vel. Teh\u00e1t ez az evol\u00faci\u00f3nk utols\u00f3 \u00e1tt\u00f6r\u00e9se.<\/p>\n<p>Emberi szinten, mint tudjuk, egy relat\u00edv vil\u00e1gban \u00e9l\u00fcnk. Vannak, akik szerint ez j\u00f3, m\u00e1sok szerint az a j\u00f3. Mindez visz\u00e1lyt kelt. De ha ez az abszol\u00fat igazs\u00e1g, akkor nem lehet k\u00e9tf\u00e9le v\u00e9lem\u00e9ny r\u00f3la. Teh\u00e1t nagyon al\u00e1zatosan el kell fogadnunk, hogy m\u00e9g nem \u00e9rt\u00fck el azt az abszol\u00fat igazs\u00e1got, amely bizony\u00edtja Isten l\u00e9tez\u00e9s\u00e9t, amely bizony\u00edtja ennek a mindent \u00e1that\u00f3 er\u0151nek a l\u00e9tez\u00e9s\u00e9t, amely bizony\u00edtja annak a helyess\u00e9g\u00e9t, amit a nagy pr\u00f3f\u00e9t\u00e1k, a nagy inkarn\u00e1ci\u00f3k tan\u00edtottak nek\u00fcnk.<\/p>\n\t<p><img loading=\"lazy\" decoding=\"async\" src=\"https:\/\/shrimataji.org\/test\/wp-content\/uploads\/2018\/07\/media_originals\/images\/shri-mataji-portraits\/shri-mataji-nirmala-devi-portrait.jpg\" alt=\"\" width=\"906\" height=\"598\" \/><\/p>\n\t<p>Term\u00e9szetesen a vall\u00e1sok az emberi er\u0151fesz\u00edt\u00e9sek miatt elt\u00e9rtek, m\u00f3dosultak, \u00e9s l\u00e1tsz\u00f3lag k\u00fcl\u00f6nb\u00f6z\u0151nek t\u0171nhettek, de pont olyanok, mint az \u00c9let F\u00e1j\u00e1n a k\u00fcl\u00f6nb\u00f6z\u0151 id\u0151kben, az id\u0151szaknak megfelel\u0151en megjelen\u0151 vir\u00e1gok &#8211; szanszkrit\u00fcl a sz\u00f3 a &#8216;samayachaa&#8217;-t jelenti. A megnyilv\u00e1nul\u00e1s idej\u00e9nek megfelel\u0151en, de mindannyian az \u00c9let F\u00e1j\u00e1n teremt\u0151dtek. De az emberek leszedt\u00e9k a vir\u00e1gokat, \u00e9s elkezdt\u00e9k azt mondani: \u201eEz az eny\u00e9m. Ez az eny\u00e9m&#8221;, \u00e9s elkezdtek harcolni az elhalt vir\u00e1gokkal. \u00cdgy mer\u00fcl fel ma a probl\u00e9ma.<\/p>\n\t<div class=\"su-quote su-quote-style-default\"><div class=\"su-quote-inner su-u-clearfix su-u-trim\">Nem kell vakon hinnetek semmiben. A vak hit fanatizmushoz vezet. Egy\u00e1ltal\u00e1n nem szabad vakon hinni. Tapasztalni kell. <\/div><\/div>\n\t<p>Nem volt semmi baj ezekkel a szentekkel, semmi baj a pr\u00f3f\u00e9t\u00e1kkal, \u00e9s semmi baj az inkarn\u00e1ci\u00f3kkal sem. Mindannyian azt tett\u00e9k, ami a legjobb volt sz\u00e1munkra, \u00e9s id\u0151r\u0151l id\u0151re megpr\u00f3b\u00e1lt\u00e1k megmondani nek\u00fcnk fejl\u0151d\u00e9s\u00fcnk sor\u00e1n, hogy mit kell tenn\u00fcnk. De legink\u00e1bb a muland\u00f3 dolgokkal foglalkoztak, azzal, hogyan ne h\u00f3doljunk az \u00e9let muland\u00f3 \u00f6r\u00f6meinek, hanem keress\u00fck az \u00f6r\u00f6kk\u00e9val\u00f3t&#8230;<\/p>\n\n","protected":false},"excerpt":{"rendered":"<p>Az Abszol\u00fat Igazs\u00e1g R\u00e9szlet a Sydney-i Egyetem Vall\u00e1studom\u00e1nyi Tansz\u00e9k\u00e9n tartott nyilv\u00e1nos programj\u00e1b\u00f3l, Ausztr\u00e1lia, 1990. m\u00e1rcius 15. M\u00e1r a legelej\u00e9n tudnunk kell egy dolgot: az igazs\u00e1g az, ami. Nem tudjuk megszervezni, nem tudjuk ir\u00e1ny\u00edtani, nem tudjuk emberi \u00e9rtelm\u00fcnkkel felfogni sem. Van, volt \u00e9s lesz. Ha egy mondatban \u00f6sszefoglaljuk, minden vall\u00e1s l\u00e9nyege, az, hogy keresi az \u00f6r\u00f6kk\u00e9val\u00f3t,&hellip; <br \/> <a class=\"read-more\" href=\"https:\/\/shrimataji.org\/test\/hu\/that-absolute-truth-2\/\">Read more<\/a><\/p>\n","protected":false},"author":1,"featured_media":19355,"parent":0,"menu_order":0,"comment_status":"closed","ping_status":"closed","template":"","meta":{"inline_featured_image":false,"footnotes":""},"class_list":["post-19580","page","type-page","status-publish","has-post-thumbnail","hentry"],"yoast_head":"<!-- This site is optimized with the Yoast SEO plugin v27.4 - https:\/\/yoast.com\/product\/yoast-seo-wordpress\/ -->\n<title>Az Abszol\u00fat Igazs\u00e1g - TEST - SMND<\/title>\n<meta name=\"robots\" content=\"noindex, follow, max-snippet:-1, max-image-preview:large, max-video-preview:-1\" \/>\n<meta property=\"og:locale\" content=\"en_US\" \/>\n<meta property=\"og:type\" content=\"article\" \/>\n<meta property=\"og:title\" content=\"Az Abszol\u00fat Igazs\u00e1g - TEST - SMND\" \/>\n<meta property=\"og:description\" content=\"Az Abszol\u00fat Igazs\u00e1g R\u00e9szlet a Sydney-i Egyetem Vall\u00e1studom\u00e1nyi Tansz\u00e9k\u00e9n tartott nyilv\u00e1nos programj\u00e1b\u00f3l, Ausztr\u00e1lia, 1990. m\u00e1rcius 15. M\u00e1r a legelej\u00e9n tudnunk kell egy dolgot: az igazs\u00e1g az, ami. Nem tudjuk megszervezni, nem tudjuk ir\u00e1ny\u00edtani, nem tudjuk emberi \u00e9rtelm\u00fcnkkel felfogni sem. Van, volt \u00e9s lesz. Ha egy mondatban \u00f6sszefoglaljuk, minden vall\u00e1s l\u00e9nyege, az, hogy keresi az \u00f6r\u00f6kk\u00e9val\u00f3t,&hellip; Read more\" \/>\n<meta property=\"og:url\" content=\"https:\/\/shrimataji.org\/test\/hu\/that-absolute-truth-2\/\" \/>\n<meta property=\"og:site_name\" content=\"TEST - SMND\" \/>\n<meta property=\"article:publisher\" content=\"https:\/\/www.facebook.com\/shrimataji\" \/>\n<meta property=\"article:modified_time\" content=\"2026-04-21T18:31:47+00:00\" \/>\n<meta property=\"og:image\" content=\"https:\/\/shrimataji.org\/test\/wp-content\/uploads\/2018\/07\/media_originals\/images\/headers-general\/pink-flower-soft.jpg\" \/>\n\t<meta property=\"og:image:width\" content=\"990\" \/>\n\t<meta property=\"og:image:height\" content=\"350\" \/>\n\t<meta property=\"og:image:type\" content=\"image\/jpeg\" \/>\n<meta name=\"twitter:card\" content=\"summary_large_image\" \/>\n<meta name=\"twitter:site\" content=\"@shrimataji\" \/>\n<meta name=\"twitter:label1\" content=\"Est. reading time\" \/>\n\t<meta name=\"twitter:data1\" content=\"4 minutes\" \/>\n<script type=\"application\/ld+json\" class=\"yoast-schema-graph\">{\"@context\":\"https:\\\/\\\/schema.org\",\"@graph\":[{\"@type\":\"WebPage\",\"@id\":\"https:\\\/\\\/shrimataji.org\\\/test\\\/hu\\\/that-absolute-truth-2\\\/\",\"url\":\"https:\\\/\\\/shrimataji.org\\\/test\\\/hu\\\/that-absolute-truth-2\\\/\",\"name\":\"Az Abszol\u00fat Igazs\u00e1g - TEST - SMND\",\"isPartOf\":{\"@id\":\"https:\\\/\\\/shrimataji.org\\\/test\\\/#website\"},\"primaryImageOfPage\":{\"@id\":\"https:\\\/\\\/shrimataji.org\\\/test\\\/hu\\\/that-absolute-truth-2\\\/#primaryimage\"},\"image\":{\"@id\":\"https:\\\/\\\/shrimataji.org\\\/test\\\/hu\\\/that-absolute-truth-2\\\/#primaryimage\"},\"thumbnailUrl\":\"https:\\\/\\\/shrimataji.org\\\/test\\\/wp-content\\\/uploads\\\/2018\\\/07\\\/media_originals\\\/images\\\/headers-general\\\/pink-flower-soft.jpg\",\"datePublished\":\"2012-10-02T12:00:00+00:00\",\"dateModified\":\"2026-04-21T18:31:47+00:00\",\"breadcrumb\":{\"@id\":\"https:\\\/\\\/shrimataji.org\\\/test\\\/hu\\\/that-absolute-truth-2\\\/#breadcrumb\"},\"inLanguage\":\"en-US\",\"potentialAction\":[{\"@type\":\"ReadAction\",\"target\":[\"https:\\\/\\\/shrimataji.org\\\/test\\\/hu\\\/that-absolute-truth-2\\\/\"]}]},{\"@type\":\"ImageObject\",\"inLanguage\":\"en-US\",\"@id\":\"https:\\\/\\\/shrimataji.org\\\/test\\\/hu\\\/that-absolute-truth-2\\\/#primaryimage\",\"url\":\"https:\\\/\\\/shrimataji.org\\\/test\\\/wp-content\\\/uploads\\\/2018\\\/07\\\/media_originals\\\/images\\\/headers-general\\\/pink-flower-soft.jpg\",\"contentUrl\":\"https:\\\/\\\/shrimataji.org\\\/test\\\/wp-content\\\/uploads\\\/2018\\\/07\\\/media_originals\\\/images\\\/headers-general\\\/pink-flower-soft.jpg\",\"width\":990,\"height\":350},{\"@type\":\"BreadcrumbList\",\"@id\":\"https:\\\/\\\/shrimataji.org\\\/test\\\/hu\\\/that-absolute-truth-2\\\/#breadcrumb\",\"itemListElement\":[{\"@type\":\"ListItem\",\"position\":1,\"name\":\"Home\",\"item\":\"https:\\\/\\\/shrimataji.org\\\/test\\\/uk\\\/home-en\\\/\"},{\"@type\":\"ListItem\",\"position\":2,\"name\":\"Az Abszol\u00fat Igazs\u00e1g\"}]},{\"@type\":\"WebSite\",\"@id\":\"https:\\\/\\\/shrimataji.org\\\/test\\\/#website\",\"url\":\"https:\\\/\\\/shrimataji.org\\\/test\\\/\",\"name\":\"Shri Mataji Nirmala Devi\",\"description\":\"A Life Dedicated to Humanity\",\"publisher\":{\"@id\":\"https:\\\/\\\/shrimataji.org\\\/test\\\/#\\\/schema\\\/person\\\/a1b3419c6585f164aa96da1ff85715d1\"},\"potentialAction\":[{\"@type\":\"SearchAction\",\"target\":{\"@type\":\"EntryPoint\",\"urlTemplate\":\"https:\\\/\\\/shrimataji.org\\\/test\\\/?s={search_term_string}\"},\"query-input\":{\"@type\":\"PropertyValueSpecification\",\"valueRequired\":true,\"valueName\":\"search_term_string\"}}],\"inLanguage\":\"en-US\"},{\"@type\":[\"Person\",\"Organization\"],\"@id\":\"https:\\\/\\\/shrimataji.org\\\/test\\\/#\\\/schema\\\/person\\\/a1b3419c6585f164aa96da1ff85715d1\",\"name\":\"Nirmala Shrivastava\",\"image\":{\"@type\":\"ImageObject\",\"inLanguage\":\"en-US\",\"@id\":\"https:\\\/\\\/shrimataji.org\\\/test\\\/wp-content\\\/uploads\\\/2023\\\/02\\\/SMO_LOGO-03.svg\",\"url\":\"https:\\\/\\\/shrimataji.org\\\/test\\\/wp-content\\\/uploads\\\/2023\\\/02\\\/SMO_LOGO-03.svg\",\"contentUrl\":\"https:\\\/\\\/shrimataji.org\\\/test\\\/wp-content\\\/uploads\\\/2023\\\/02\\\/SMO_LOGO-03.svg\",\"width\":\"1024\",\"height\":\"1024\",\"caption\":\"Nirmala Shrivastava\"},\"logo\":{\"@id\":\"https:\\\/\\\/shrimataji.org\\\/test\\\/wp-content\\\/uploads\\\/2023\\\/02\\\/SMO_LOGO-03.svg\"},\"sameAs\":[\"https:\\\/\\\/shrimataji.org\\\/test\",\"https:\\\/\\\/www.facebook.com\\\/shrimataji\",\"https:\\\/\\\/x.com\\\/shrimataji\",\"https:\\\/\\\/www.youtube.com\\\/@Shri_Mataji_Nirmala_Devi\\\/featured\"]}]}<\/script>\n<!-- \/ Yoast SEO plugin. -->","yoast_head_json":{"title":"Az Abszol\u00fat Igazs\u00e1g - TEST - SMND","robots":{"index":"noindex","follow":"follow","max-snippet":"max-snippet:-1","max-image-preview":"max-image-preview:large","max-video-preview":"max-video-preview:-1"},"og_locale":"en_US","og_type":"article","og_title":"Az Abszol\u00fat Igazs\u00e1g - TEST - SMND","og_description":"Az Abszol\u00fat Igazs\u00e1g R\u00e9szlet a Sydney-i Egyetem Vall\u00e1studom\u00e1nyi Tansz\u00e9k\u00e9n tartott nyilv\u00e1nos programj\u00e1b\u00f3l, Ausztr\u00e1lia, 1990. m\u00e1rcius 15. M\u00e1r a legelej\u00e9n tudnunk kell egy dolgot: az igazs\u00e1g az, ami. Nem tudjuk megszervezni, nem tudjuk ir\u00e1ny\u00edtani, nem tudjuk emberi \u00e9rtelm\u00fcnkkel felfogni sem. Van, volt \u00e9s lesz. Ha egy mondatban \u00f6sszefoglaljuk, minden vall\u00e1s l\u00e9nyege, az, hogy keresi az \u00f6r\u00f6kk\u00e9val\u00f3t,&hellip; Read more","og_url":"https:\/\/shrimataji.org\/test\/hu\/that-absolute-truth-2\/","og_site_name":"TEST - SMND","article_publisher":"https:\/\/www.facebook.com\/shrimataji","article_modified_time":"2026-04-21T18:31:47+00:00","og_image":[{"width":990,"height":350,"url":"https:\/\/shrimataji.org\/test\/wp-content\/uploads\/2018\/07\/media_originals\/images\/headers-general\/pink-flower-soft.jpg","type":"image\/jpeg"}],"twitter_card":"summary_large_image","twitter_site":"@shrimataji","twitter_misc":{"Est. reading time":"4 minutes"},"schema":{"@context":"https:\/\/schema.org","@graph":[{"@type":"WebPage","@id":"https:\/\/shrimataji.org\/test\/hu\/that-absolute-truth-2\/","url":"https:\/\/shrimataji.org\/test\/hu\/that-absolute-truth-2\/","name":"Az Abszol\u00fat Igazs\u00e1g - TEST - SMND","isPartOf":{"@id":"https:\/\/shrimataji.org\/test\/#website"},"primaryImageOfPage":{"@id":"https:\/\/shrimataji.org\/test\/hu\/that-absolute-truth-2\/#primaryimage"},"image":{"@id":"https:\/\/shrimataji.org\/test\/hu\/that-absolute-truth-2\/#primaryimage"},"thumbnailUrl":"https:\/\/shrimataji.org\/test\/wp-content\/uploads\/2018\/07\/media_originals\/images\/headers-general\/pink-flower-soft.jpg","datePublished":"2012-10-02T12:00:00+00:00","dateModified":"2026-04-21T18:31:47+00:00","breadcrumb":{"@id":"https:\/\/shrimataji.org\/test\/hu\/that-absolute-truth-2\/#breadcrumb"},"inLanguage":"en-US","potentialAction":[{"@type":"ReadAction","target":["https:\/\/shrimataji.org\/test\/hu\/that-absolute-truth-2\/"]}]},{"@type":"ImageObject","inLanguage":"en-US","@id":"https:\/\/shrimataji.org\/test\/hu\/that-absolute-truth-2\/#primaryimage","url":"https:\/\/shrimataji.org\/test\/wp-content\/uploads\/2018\/07\/media_originals\/images\/headers-general\/pink-flower-soft.jpg","contentUrl":"https:\/\/shrimataji.org\/test\/wp-content\/uploads\/2018\/07\/media_originals\/images\/headers-general\/pink-flower-soft.jpg","width":990,"height":350},{"@type":"BreadcrumbList","@id":"https:\/\/shrimataji.org\/test\/hu\/that-absolute-truth-2\/#breadcrumb","itemListElement":[{"@type":"ListItem","position":1,"name":"Home","item":"https:\/\/shrimataji.org\/test\/uk\/home-en\/"},{"@type":"ListItem","position":2,"name":"Az Abszol\u00fat Igazs\u00e1g"}]},{"@type":"WebSite","@id":"https:\/\/shrimataji.org\/test\/#website","url":"https:\/\/shrimataji.org\/test\/","name":"Shri Mataji Nirmala Devi","description":"A Life Dedicated to Humanity","publisher":{"@id":"https:\/\/shrimataji.org\/test\/#\/schema\/person\/a1b3419c6585f164aa96da1ff85715d1"},"potentialAction":[{"@type":"SearchAction","target":{"@type":"EntryPoint","urlTemplate":"https:\/\/shrimataji.org\/test\/?s={search_term_string}"},"query-input":{"@type":"PropertyValueSpecification","valueRequired":true,"valueName":"search_term_string"}}],"inLanguage":"en-US"},{"@type":["Person","Organization"],"@id":"https:\/\/shrimataji.org\/test\/#\/schema\/person\/a1b3419c6585f164aa96da1ff85715d1","name":"Nirmala Shrivastava","image":{"@type":"ImageObject","inLanguage":"en-US","@id":"https:\/\/shrimataji.org\/test\/wp-content\/uploads\/2023\/02\/SMO_LOGO-03.svg","url":"https:\/\/shrimataji.org\/test\/wp-content\/uploads\/2023\/02\/SMO_LOGO-03.svg","contentUrl":"https:\/\/shrimataji.org\/test\/wp-content\/uploads\/2023\/02\/SMO_LOGO-03.svg","width":"1024","height":"1024","caption":"Nirmala Shrivastava"},"logo":{"@id":"https:\/\/shrimataji.org\/test\/wp-content\/uploads\/2023\/02\/SMO_LOGO-03.svg"},"sameAs":["https:\/\/shrimataji.org\/test","https:\/\/www.facebook.com\/shrimataji","https:\/\/x.com\/shrimataji","https:\/\/www.youtube.com\/@Shri_Mataji_Nirmala_Devi\/featured"]}]}},"lang":"hu","translations":{"hu":19580,"ur":37515,"en":430,"am":18090,"th":20081,"ar":16986,"sq":18491,"zh":17388,"tr":10219,"pt":10427,"de":10701,"fr":10799,"it":10897,"es":10994,"ja":11292,"ru":11480,"bn":11671,"te":11779,"sw":11902,"he":12050,"el":12342,"sk":12440,"fa":12538,"fi":12636,"bg":13496,"ro":14571,"cs":14764,"nl":16650,"ku":16810,"be":18698,"kn":18972,"mr":20445,"uk":20738,"ml":21033,"ta":22809,"sv":23078,"gu":28913,"pa":29073,"fil":29527,"da":37823,"pl":38033,"nn":38375},"pll_sync_post":[],"_links":{"self":[{"href":"https:\/\/shrimataji.org\/test\/wp-json\/wp\/v2\/pages\/19580","targetHints":{"allow":["GET"]}}],"collection":[{"href":"https:\/\/shrimataji.org\/test\/wp-json\/wp\/v2\/pages"}],"about":[{"href":"https:\/\/shrimataji.org\/test\/wp-json\/wp\/v2\/types\/page"}],"author":[{"embeddable":true,"href":"https:\/\/shrimataji.org\/test\/wp-json\/wp\/v2\/users\/1"}],"replies":[{"embeddable":true,"href":"https:\/\/shrimataji.org\/test\/wp-json\/wp\/v2\/comments?post=19580"}],"version-history":[{"count":0,"href":"https:\/\/shrimataji.org\/test\/wp-json\/wp\/v2\/pages\/19580\/revisions"}],"wp:featuredmedia":[{"embeddable":true,"href":"https:\/\/shrimataji.org\/test\/wp-json\/wp\/v2\/media\/19355"}],"wp:attachment":[{"href":"https:\/\/shrimataji.org\/test\/wp-json\/wp\/v2\/media?parent=19580"}],"curies":[{"name":"wp","href":"https:\/\/api.w.org\/{rel}","templated":true}]}}