{"id":19585,"date":"2018-07-10T06:54:50","date_gmt":"2018-07-10T06:54:50","guid":{"rendered":"http:\/\/testwordpress.nirmalnagari.org\/smnd\/index.php\/the-culmination\/"},"modified":"2026-04-18T13:46:08","modified_gmt":"2026-04-18T13:46:08","slug":"the-culmination","status":"publish","type":"page","link":"https:\/\/shrimataji.org\/test\/hu\/the-culmination\/","title":{"rendered":"A tet\u0151pont"},"content":{"rendered":"\n\n\t<h1>A tet\u0151pont<\/h1>\n<h2>Al\u00e1zatos tisztelet<\/h2>\n\t<h4>Shri Mataji m\u00e1r kiskor\u00e1t\u00f3l tudta, hogy v\u00e9gs\u0151 c\u00e9lja az emberis\u00e9g spiritu\u00e1lis evol\u00faci\u00f3j\u00e1nak el\u0151seg\u00edt\u00e9se. M\u00e9gis csak 47 \u00e9ves kor\u00e1ban, k\u00e9t l\u00e1nya f\u00e9rjhezmenetel\u00e9t k\u00f6vet\u0151en kezdett bele \u00e9let\u00e9t meghat\u00e1roz\u00f3 munk\u00e1j\u00e1ba.<\/h4>\n\t<p>A fordul\u00f3pont Nargolban, egy kis faluban j\u00f6tt el India Gudzsar\u00e1t \u00e1llam\u00e1ban. <a href=\"https:\/\/shrimataji.org\/test\/a-pivotal-moment\/\" target=\"_blank\" rel=\"noopener\">1970. m\u00e1jus 5-\u00e9n<\/a>, egy m\u00e9ly medit\u00e1ci\u00f3 sor\u00e1n, Shri Mataji a m\u00e9ly tudatoss\u00e1g \u00e9s az igazs\u00e1g \u00e9lm\u00e9ny\u00e9ben r\u00e9szes\u00fclt, amely a k\u00f6vetkez\u0151 negyven \u00e9vben tetteit inspir\u00e1lta.<\/p>\n<figure itemscope itemtype=\"https:\/\/schema.org\/ImageObject\">\n\t\t\t\t<img decoding=\"async\" src=\"https:\/\/shrimataji.org\/test\/wp-content\/uploads\/2018\/07\/media_originals\/images\/shri-mataji-teaching-sahaja-yoga\/shri-mataji-nirmala-devi-teaching-sahaja-yoga-meditation-in-india.jpg\" alt=\"Shri Mataji opettaa Sahaja Yoga -meditaatiota Intiassa\" height=\"541\" width=\"721\" title=\"Shri Mataji opettaa Sahaja Yoga -meditaatiota Intiassa\" onerror=\"this.style.display='none'\" loading=\"lazy\" \/>\n\t\t\n\t<\/figure>\n\t<p>Att\u00f3l a pillanatt\u00f3l kezdve Shri Mataji annak szentelte \u00e9let\u00e9t, hogy terjessze azt az \u00fczenetet, miszerint az \u00f6nmegval\u00f3sul\u00e1s mindenki sz\u00e1m\u00e1ra el\u00e9rhet\u0151 egy egyszer\u0171 medit\u00e1ci\u00f3s forma gyakorl\u00e1s\u00e1n kereszt\u00fcl, amelyet Sahaja J\u00f3g\u00e1nak nevezett el &#8211; egy szanszkrit kifejez\u00e9s, amely az egy\u00e9n \u201espont\u00e1n egyes\u00fcl\u00e9s\u00e9t&#8221; jelenti az \u201euniverzum mindent \u00e1that\u00f3 kreat\u00edv energi\u00e1j\u00e1val&#8221;. Kijelentette, hogy az \u00f6nmegval\u00f3sul\u00e1s mindenki sz\u00e1m\u00e1ra szabadon el\u00e9rhet\u0151, \u00e9s megmutatta, hogyan lehet ezt a tapasztalatot \u00e1tadni m\u00e1soknak, \u201emint ahogy az egyik gyertya meggy\u00fajtja a m\u00e1sikat&#8221;.<\/p>\n<p>Shri Mataji kis l\u00e9pt\u00e9kben kezdte el munk\u00e1j\u00e1t, egy maroknyi lelkes \u201eigazs\u00e1gkeres\u0151vel&#8221; Mumbaiban \u00e9s Londonban. Ebben az id\u0151szakban, eg\u00e9szen az 1980-as \u00e9vek k\u00f6zep\u00e9ig, Shri Mataji k\u00f6zvetlen\u00fcl \u00e9s anyai m\u00f3don jelen volt k\u00f6vet\u0151i \u00e9let\u00e9ben &#8211; f\u0151z\u00f6tt, evett, v\u00e1s\u00e1rolt, moziba j\u00e1rt, nem is besz\u00e9lve a rendszeres medit\u00e1ci\u00f3r\u00f3l n\u00f6vekv\u0151 spiritu\u00e1lis csal\u00e1dj\u00e1val.<\/p>\n\t<p>F\u00e9rje, Sir C.P. Srivastava, aki akkoriban az ENSZ Nemzetk\u00f6zi Tenger\u00e9szeti Szervezet\u00e9nek f\u0151titk\u00e1ra volt, el\u0151sz\u00f6r n\u00e9mileg megd\u00f6bbent feles\u00e9ge \u201enyitott ajt\u00f3k&#8221; politik\u00e1j\u00e1n, de id\u0151vel \u0151t is inspir\u00e1lta feles\u00e9ge egy\u00fctt\u00e9rz\u00e9se \u00e9s az a v\u00e1gya, hogy m\u00e1sokon seg\u00edtsen. Figyelte, ahogy feles\u00e9ge otthonukba fogadja az embereket, \u00f6nmegval\u00f3sul\u00e1st ad \u00e9s gondoskod\u00e1st ny\u00fajt nekik, megtan\u00edtva \u0151ket a Sahaja J\u00f3ga technik\u00e1ival gy\u00f3gy\u00edtani magukat. Az egyik ilyen esetr\u0151l azt mondta: \u201eAkkor elkezdtem l\u00e1tni a csod\u00e1t, ami t\u00f6rt\u00e9nik. Nagy gonddal, szeretettel \u00e9s Sahaja J\u00f3g\u00e1val b\u00e1nt a fiatalemberrel, \u00e9s a fi\u00fa elkezdett \u00e1talakulni&#8230;&#8221;<\/p>\n\t<p>B\u00e1r Shri Mataji m\u00e1r egy vezet\u0151 diplomata feles\u00e9gek\u00e9nt is nagy ismerts\u00e9gnek \u00f6rvendett, egyre nagyobb nyilv\u00e1nos szerepet kezdett v\u00e1llalni \u00f6n\u00e1ll\u00f3an is &#8211; nyilv\u00e1nos esem\u00e9nyeken besz\u00e9lt, sajt\u00f3interj\u00fakat adott, el\u0151ad\u00e1sokat tartott, \u00e9s mindenekel\u0151tt megosztotta az \u00f6nmegval\u00f3sul\u00e1s \u00e9lm\u00e9ny\u00e9t mindazokkal, akik v\u00e1gytak r\u00e1. Az igazs\u00e1g \u00fczenet\u00e9vel, kimer\u00edthetetlen energi\u00e1j\u00e1val \u00e9s csod\u00e1latos humor\u00e9rz\u00e9k\u00e9vel mindenhol vonzotta az embereket. Lassan, de biztosan a Sahaja J\u00f3ga gyakorlata meghonosodott az Egyes\u00fclt Kir\u00e1lys\u00e1gban \u00e9s Indi\u00e1ban, majd Eur\u00f3p\u00e1ban, az Egyes\u00fclt \u00c1llamokban \u00e9s v\u00e9g\u00fcl a vil\u00e1g t\u00f6bbi r\u00e9sz\u00e9n.<\/p>\n<p>Az 1990-es \u00e9vekre Shri Mataji glob\u00e1lis szem\u00e9lyis\u00e9gg\u00e9 v\u00e1lt, mindenhol m\u00e9diafigyelmet vonzott, \u00e9s sz\u00e1mos elismer\u00e9st \u00e9s d\u00edjat kapott. Nobel-b\u00e9ked\u00edjra jel\u00f6lt\u00e9k, Claes Nobel pedig, Alfred Nobel unoka\u00f6ccse \u00e9s az Egyes\u00fclt F\u00f6ld Alap\u00edtv\u00e1ny eln\u00f6ke kijelentette, hogy \u201eShri Mataji er\u0151t ad nek\u00fcnk ahhoz, hogy saj\u00e1t sorsunk urai legy\u00fcnk&#8221;. Megh\u00edvt\u00e1k, hogy besz\u00e9det mondjon az ENSZ New York-i sz\u00e9kh\u00e1z\u00e1ba, valamint az <a href=\"about:blank\">ENSZ N\u0151k Konferenci\u00e1j\u00e1ra Pekingben<\/a>. Sz\u00e1mtalan v\u00e1rosi \u00e9s region\u00e1lis \u00f6nkorm\u00e1nyzat nevezett el napot a tisztelet\u00e9re.<\/p>\n<p>Shri Mataji sz\u00e1mos nem korm\u00e1nyzati szervezetet alap\u00edtott, k\u00f6zt\u00fck a Mumbai k\u00f6zel\u00e9ben tal\u00e1lhat\u00f3 Nemzetk\u00f6zi K\u00f3rh\u00e1zat \u00e9s R\u00e1kkutat\u00f3 K\u00f6zpontot, valamint a Nirmal Premet, egy \u00daj-Delhi k\u00fclv\u00e1ros\u00e1ban tal\u00e1lhat\u00f3, szeg\u00e9ny n\u0151knek fenntartott otthont. Ezek az alap\u00edtv\u00e1nyok a mai napig a Sahaja J\u00f3ga technik\u00e1it alkalmazz\u00e1k, hogy seg\u00edtsenek az embereknek lek\u00fczdeni olyan probl\u00e9m\u00e1kat, mint a betegs\u00e9gek \u00e9s a f\u00fcgg\u0151s\u00e9gek, \u00e9s azt. hogy \u00f6r\u00f6m\u00f6t \u00e9s \u00e9rtelmet tal\u00e1ljanak az \u00e9let\u00fckben.<\/p>\n<p>Annak ellen\u00e9re, hogy h\u00edress\u00e9 v\u00e1lt, Shri Mataji tov\u00e1bbra is ugyanaz az egy\u00fctt\u00e9rz\u0151, kedves \u00e9s szer\u00e9ny szem\u00e9lyis\u00e9g maradt, aki mindig is volt. C\u00e9lja nem v\u00e1ltozott, ahogy az \u00fczenete sem. Ahogy a Meta Modern Era c\u00edm\u0171 k\u00f6nyv\u00e9ben \u00edrta: \u201eOtt van az isteni szeretet mindent \u00e1that\u00f3 \u00f6r\u00f6me, \u00e9s azt akarom, hogy mindenki \u00e9lvezze.&#8221;\u00a0<a href=\"about:blank\">[1]<\/a><\/p>\n<p>Shri Mataji \u00e9lete v\u00e9g\u00e9ig utazott a vil\u00e1gban, b\u00e1r nyilv\u00e1nos szerepl\u00e9sei az utols\u00f3 \u00e9vekben ritk\u00e1bbak voltak, mivel t\u00f6bb id\u0151t t\u00f6lt\u00f6tt k\u00f6zvetlen csal\u00e1dj\u00e1val.<\/p>\n<p>2011. febru\u00e1r 23-\u00e1n Shri Mataji b\u00e9k\u00e9sen hunyt el 87 \u00e9ves kor\u00e1ban. \u00d6r\u00f6ks\u00e9ge tov\u00e1bb \u00e9l, mivel az \u00f6nmegval\u00f3sul\u00e1s \u00e9lm\u00e9nye tov\u00e1bbra is sz\u00e1mtalan \u00e9letet alak\u00edt \u00e1t.<\/p>\n<figure itemscope itemtype=\"https:\/\/schema.org\/ImageObject\">\n\t\t\t\t<img decoding=\"async\" src=\"https:\/\/shrimataji.org\/test\/wp-content\/uploads\/2023\/03\/Nirmaldham_inside.jpg\" alt=\"Nirmal Dham, Dill\u00ed, India\" height=\"400\" width=\"600\" title=\"Nirmaldham_inside\" onerror=\"this.style.display='none'\" loading=\"lazy\" \/>\n\t\t<figcaption>Nirmal Dham, Delhi, India<\/figcaption>\n\t<\/figure>\n<figure itemscope itemtype=\"https:\/\/schema.org\/ImageObject\">\n\t\t\t\t<img decoding=\"async\" src=\"https:\/\/shrimataji.org\/test\/wp-content\/uploads\/2023\/03\/Nirmaldham.jpg\" alt=\"Nirmal Dham\" height=\"521\" width=\"521\" title=\"Nirmaldham\" onerror=\"this.style.display='none'\" loading=\"lazy\" \/>\n\t\t<figcaption>Nirmal Dham<\/figcaption>\n\t<\/figure>\n\t<div class=\"su-quote su-quote-style-default\"><div class=\"su-quote-inner su-u-clearfix su-u-trim\">Fel kell ismern\u00fcnk, hogy mindannyiunkat \u00f6sszek\u00f6t egy k\u00f6z\u00f6s \u00e9letelv&#8230; az, hogy mindannyiunkban ott van a Kundalini&#8230; tiszteln\u00fcnk kell minden embert, minden emberi l\u00e9nyt, b\u00e1rmilyen nemzetis\u00e9g\u0171 is legyen, b\u00e1rmelyik orsz\u00e1ghoz is tartozzon, b\u00e1rmilyen b\u0151rsz\u00edn\u0171 is legyen, mert mindannyiukban ott van a Kundalini. <\/div><\/div>\n\t<hr \/>\n<h3>1.\u00a0<a href=\"https:\/\/shrimataji.org\/test\/the-culmination\/#citation-ref-1\">^<\/a><a name=\"citation-note-1\"><\/a> Shri Mataji Nirmala Devi, \u201eMeta Modern Era&#8221; Pune: Vishwa Nirmala Dharma, 1995.<\/h3>\n\n","protected":false},"excerpt":{"rendered":"<p>A tet\u0151pont Al\u00e1zatos tisztelet Shri Mataji m\u00e1r kiskor\u00e1t\u00f3l tudta, hogy v\u00e9gs\u0151 c\u00e9lja az emberis\u00e9g spiritu\u00e1lis evol\u00faci\u00f3j\u00e1nak el\u0151seg\u00edt\u00e9se. M\u00e9gis csak 47 \u00e9ves kor\u00e1ban, k\u00e9t l\u00e1nya f\u00e9rjhezmenetel\u00e9t k\u00f6vet\u0151en kezdett bele \u00e9let\u00e9t meghat\u00e1roz\u00f3 munk\u00e1j\u00e1ba. A fordul\u00f3pont Nargolban, egy kis faluban j\u00f6tt el India Gudzsar\u00e1t \u00e1llam\u00e1ban. 1970. m\u00e1jus 5-\u00e9n, egy m\u00e9ly medit\u00e1ci\u00f3 sor\u00e1n, Shri Mataji a m\u00e9ly tudatoss\u00e1g \u00e9s&hellip; <br \/> <a class=\"read-more\" href=\"https:\/\/shrimataji.org\/test\/hu\/the-culmination\/\">Read more<\/a><\/p>\n","protected":false},"author":1,"featured_media":19587,"parent":0,"menu_order":0,"comment_status":"closed","ping_status":"closed","template":"","meta":{"inline_featured_image":false,"footnotes":""},"class_list":["post-19585","page","type-page","status-publish","has-post-thumbnail","hentry"],"yoast_head":"<!-- This site is optimized with the Yoast SEO plugin v27.4 - https:\/\/yoast.com\/product\/yoast-seo-wordpress\/ -->\n<title>A tet\u0151pont - TEST - SMND<\/title>\n<meta name=\"robots\" content=\"noindex, follow, max-snippet:-1, max-image-preview:large, max-video-preview:-1\" \/>\n<meta property=\"og:locale\" content=\"en_US\" \/>\n<meta property=\"og:type\" content=\"article\" \/>\n<meta property=\"og:title\" content=\"A tet\u0151pont - TEST - SMND\" \/>\n<meta property=\"og:description\" content=\"A tet\u0151pont Al\u00e1zatos tisztelet Shri Mataji m\u00e1r kiskor\u00e1t\u00f3l tudta, hogy v\u00e9gs\u0151 c\u00e9lja az emberis\u00e9g spiritu\u00e1lis evol\u00faci\u00f3j\u00e1nak el\u0151seg\u00edt\u00e9se. M\u00e9gis csak 47 \u00e9ves kor\u00e1ban, k\u00e9t l\u00e1nya f\u00e9rjhezmenetel\u00e9t k\u00f6vet\u0151en kezdett bele \u00e9let\u00e9t meghat\u00e1roz\u00f3 munk\u00e1j\u00e1ba. A fordul\u00f3pont Nargolban, egy kis faluban j\u00f6tt el India Gudzsar\u00e1t \u00e1llam\u00e1ban. 1970. m\u00e1jus 5-\u00e9n, egy m\u00e9ly medit\u00e1ci\u00f3 sor\u00e1n, Shri Mataji a m\u00e9ly tudatoss\u00e1g \u00e9s&hellip; Read more\" \/>\n<meta property=\"og:url\" content=\"https:\/\/shrimataji.org\/test\/hu\/the-culmination\/\" \/>\n<meta property=\"og:site_name\" content=\"TEST - SMND\" \/>\n<meta property=\"article:publisher\" content=\"https:\/\/www.facebook.com\/shrimataji\" \/>\n<meta property=\"article:modified_time\" content=\"2026-04-18T13:46:08+00:00\" \/>\n<meta property=\"og:image\" content=\"https:\/\/shrimataji.org\/test\/wp-content\/uploads\/2018\/07\/media_originals\/images\/headers-general\/shri-mataji-nirmala-devi-austria.jpg\" \/>\n\t<meta property=\"og:image:width\" content=\"990\" \/>\n\t<meta property=\"og:image:height\" content=\"350\" \/>\n\t<meta property=\"og:image:type\" content=\"image\/jpeg\" \/>\n<meta name=\"twitter:card\" content=\"summary_large_image\" \/>\n<meta name=\"twitter:site\" content=\"@shrimataji\" \/>\n<meta name=\"twitter:label1\" content=\"Est. reading time\" \/>\n\t<meta name=\"twitter:data1\" content=\"4 minutes\" \/>\n<script type=\"application\/ld+json\" class=\"yoast-schema-graph\">{\"@context\":\"https:\\\/\\\/schema.org\",\"@graph\":[{\"@type\":\"WebPage\",\"@id\":\"https:\\\/\\\/shrimataji.org\\\/test\\\/hu\\\/the-culmination\\\/\",\"url\":\"https:\\\/\\\/shrimataji.org\\\/test\\\/hu\\\/the-culmination\\\/\",\"name\":\"A tet\u0151pont - TEST - SMND\",\"isPartOf\":{\"@id\":\"https:\\\/\\\/shrimataji.org\\\/test\\\/#website\"},\"primaryImageOfPage\":{\"@id\":\"https:\\\/\\\/shrimataji.org\\\/test\\\/hu\\\/the-culmination\\\/#primaryimage\"},\"image\":{\"@id\":\"https:\\\/\\\/shrimataji.org\\\/test\\\/hu\\\/the-culmination\\\/#primaryimage\"},\"thumbnailUrl\":\"https:\\\/\\\/shrimataji.org\\\/test\\\/wp-content\\\/uploads\\\/2018\\\/07\\\/media_originals\\\/images\\\/headers-general\\\/shri-mataji-nirmala-devi-austria.jpg\",\"datePublished\":\"2018-07-10T06:54:50+00:00\",\"dateModified\":\"2026-04-18T13:46:08+00:00\",\"breadcrumb\":{\"@id\":\"https:\\\/\\\/shrimataji.org\\\/test\\\/hu\\\/the-culmination\\\/#breadcrumb\"},\"inLanguage\":\"en-US\",\"potentialAction\":[{\"@type\":\"ReadAction\",\"target\":[\"https:\\\/\\\/shrimataji.org\\\/test\\\/hu\\\/the-culmination\\\/\"]}]},{\"@type\":\"ImageObject\",\"inLanguage\":\"en-US\",\"@id\":\"https:\\\/\\\/shrimataji.org\\\/test\\\/hu\\\/the-culmination\\\/#primaryimage\",\"url\":\"https:\\\/\\\/shrimataji.org\\\/test\\\/wp-content\\\/uploads\\\/2018\\\/07\\\/media_originals\\\/images\\\/headers-general\\\/shri-mataji-nirmala-devi-austria.jpg\",\"contentUrl\":\"https:\\\/\\\/shrimataji.org\\\/test\\\/wp-content\\\/uploads\\\/2018\\\/07\\\/media_originals\\\/images\\\/headers-general\\\/shri-mataji-nirmala-devi-austria.jpg\",\"width\":990,\"height\":350},{\"@type\":\"BreadcrumbList\",\"@id\":\"https:\\\/\\\/shrimataji.org\\\/test\\\/hu\\\/the-culmination\\\/#breadcrumb\",\"itemListElement\":[{\"@type\":\"ListItem\",\"position\":1,\"name\":\"Home\",\"item\":\"https:\\\/\\\/shrimataji.org\\\/test\\\/uk\\\/home-en\\\/\"},{\"@type\":\"ListItem\",\"position\":2,\"name\":\"A tet\u0151pont\"}]},{\"@type\":\"WebSite\",\"@id\":\"https:\\\/\\\/shrimataji.org\\\/test\\\/#website\",\"url\":\"https:\\\/\\\/shrimataji.org\\\/test\\\/\",\"name\":\"Shri Mataji Nirmala Devi\",\"description\":\"A Life Dedicated to Humanity\",\"publisher\":{\"@id\":\"https:\\\/\\\/shrimataji.org\\\/test\\\/#\\\/schema\\\/person\\\/a1b3419c6585f164aa96da1ff85715d1\"},\"potentialAction\":[{\"@type\":\"SearchAction\",\"target\":{\"@type\":\"EntryPoint\",\"urlTemplate\":\"https:\\\/\\\/shrimataji.org\\\/test\\\/?s={search_term_string}\"},\"query-input\":{\"@type\":\"PropertyValueSpecification\",\"valueRequired\":true,\"valueName\":\"search_term_string\"}}],\"inLanguage\":\"en-US\"},{\"@type\":[\"Person\",\"Organization\"],\"@id\":\"https:\\\/\\\/shrimataji.org\\\/test\\\/#\\\/schema\\\/person\\\/a1b3419c6585f164aa96da1ff85715d1\",\"name\":\"Nirmala Shrivastava\",\"image\":{\"@type\":\"ImageObject\",\"inLanguage\":\"en-US\",\"@id\":\"https:\\\/\\\/shrimataji.org\\\/test\\\/wp-content\\\/uploads\\\/2023\\\/02\\\/SMO_LOGO-03.svg\",\"url\":\"https:\\\/\\\/shrimataji.org\\\/test\\\/wp-content\\\/uploads\\\/2023\\\/02\\\/SMO_LOGO-03.svg\",\"contentUrl\":\"https:\\\/\\\/shrimataji.org\\\/test\\\/wp-content\\\/uploads\\\/2023\\\/02\\\/SMO_LOGO-03.svg\",\"width\":\"1024\",\"height\":\"1024\",\"caption\":\"Nirmala Shrivastava\"},\"logo\":{\"@id\":\"https:\\\/\\\/shrimataji.org\\\/test\\\/wp-content\\\/uploads\\\/2023\\\/02\\\/SMO_LOGO-03.svg\"},\"sameAs\":[\"https:\\\/\\\/shrimataji.org\\\/test\",\"https:\\\/\\\/www.facebook.com\\\/shrimataji\",\"https:\\\/\\\/x.com\\\/shrimataji\",\"https:\\\/\\\/www.youtube.com\\\/@Shri_Mataji_Nirmala_Devi\\\/featured\"]}]}<\/script>\n<!-- \/ Yoast SEO plugin. -->","yoast_head_json":{"title":"A tet\u0151pont - TEST - SMND","robots":{"index":"noindex","follow":"follow","max-snippet":"max-snippet:-1","max-image-preview":"max-image-preview:large","max-video-preview":"max-video-preview:-1"},"og_locale":"en_US","og_type":"article","og_title":"A tet\u0151pont - TEST - SMND","og_description":"A tet\u0151pont Al\u00e1zatos tisztelet Shri Mataji m\u00e1r kiskor\u00e1t\u00f3l tudta, hogy v\u00e9gs\u0151 c\u00e9lja az emberis\u00e9g spiritu\u00e1lis evol\u00faci\u00f3j\u00e1nak el\u0151seg\u00edt\u00e9se. M\u00e9gis csak 47 \u00e9ves kor\u00e1ban, k\u00e9t l\u00e1nya f\u00e9rjhezmenetel\u00e9t k\u00f6vet\u0151en kezdett bele \u00e9let\u00e9t meghat\u00e1roz\u00f3 munk\u00e1j\u00e1ba. A fordul\u00f3pont Nargolban, egy kis faluban j\u00f6tt el India Gudzsar\u00e1t \u00e1llam\u00e1ban. 1970. m\u00e1jus 5-\u00e9n, egy m\u00e9ly medit\u00e1ci\u00f3 sor\u00e1n, Shri Mataji a m\u00e9ly tudatoss\u00e1g \u00e9s&hellip; Read more","og_url":"https:\/\/shrimataji.org\/test\/hu\/the-culmination\/","og_site_name":"TEST - SMND","article_publisher":"https:\/\/www.facebook.com\/shrimataji","article_modified_time":"2026-04-18T13:46:08+00:00","og_image":[{"width":990,"height":350,"url":"https:\/\/shrimataji.org\/test\/wp-content\/uploads\/2018\/07\/media_originals\/images\/headers-general\/shri-mataji-nirmala-devi-austria.jpg","type":"image\/jpeg"}],"twitter_card":"summary_large_image","twitter_site":"@shrimataji","twitter_misc":{"Est. reading time":"4 minutes"},"schema":{"@context":"https:\/\/schema.org","@graph":[{"@type":"WebPage","@id":"https:\/\/shrimataji.org\/test\/hu\/the-culmination\/","url":"https:\/\/shrimataji.org\/test\/hu\/the-culmination\/","name":"A tet\u0151pont - TEST - SMND","isPartOf":{"@id":"https:\/\/shrimataji.org\/test\/#website"},"primaryImageOfPage":{"@id":"https:\/\/shrimataji.org\/test\/hu\/the-culmination\/#primaryimage"},"image":{"@id":"https:\/\/shrimataji.org\/test\/hu\/the-culmination\/#primaryimage"},"thumbnailUrl":"https:\/\/shrimataji.org\/test\/wp-content\/uploads\/2018\/07\/media_originals\/images\/headers-general\/shri-mataji-nirmala-devi-austria.jpg","datePublished":"2018-07-10T06:54:50+00:00","dateModified":"2026-04-18T13:46:08+00:00","breadcrumb":{"@id":"https:\/\/shrimataji.org\/test\/hu\/the-culmination\/#breadcrumb"},"inLanguage":"en-US","potentialAction":[{"@type":"ReadAction","target":["https:\/\/shrimataji.org\/test\/hu\/the-culmination\/"]}]},{"@type":"ImageObject","inLanguage":"en-US","@id":"https:\/\/shrimataji.org\/test\/hu\/the-culmination\/#primaryimage","url":"https:\/\/shrimataji.org\/test\/wp-content\/uploads\/2018\/07\/media_originals\/images\/headers-general\/shri-mataji-nirmala-devi-austria.jpg","contentUrl":"https:\/\/shrimataji.org\/test\/wp-content\/uploads\/2018\/07\/media_originals\/images\/headers-general\/shri-mataji-nirmala-devi-austria.jpg","width":990,"height":350},{"@type":"BreadcrumbList","@id":"https:\/\/shrimataji.org\/test\/hu\/the-culmination\/#breadcrumb","itemListElement":[{"@type":"ListItem","position":1,"name":"Home","item":"https:\/\/shrimataji.org\/test\/uk\/home-en\/"},{"@type":"ListItem","position":2,"name":"A tet\u0151pont"}]},{"@type":"WebSite","@id":"https:\/\/shrimataji.org\/test\/#website","url":"https:\/\/shrimataji.org\/test\/","name":"Shri Mataji Nirmala Devi","description":"A Life Dedicated to Humanity","publisher":{"@id":"https:\/\/shrimataji.org\/test\/#\/schema\/person\/a1b3419c6585f164aa96da1ff85715d1"},"potentialAction":[{"@type":"SearchAction","target":{"@type":"EntryPoint","urlTemplate":"https:\/\/shrimataji.org\/test\/?s={search_term_string}"},"query-input":{"@type":"PropertyValueSpecification","valueRequired":true,"valueName":"search_term_string"}}],"inLanguage":"en-US"},{"@type":["Person","Organization"],"@id":"https:\/\/shrimataji.org\/test\/#\/schema\/person\/a1b3419c6585f164aa96da1ff85715d1","name":"Nirmala Shrivastava","image":{"@type":"ImageObject","inLanguage":"en-US","@id":"https:\/\/shrimataji.org\/test\/wp-content\/uploads\/2023\/02\/SMO_LOGO-03.svg","url":"https:\/\/shrimataji.org\/test\/wp-content\/uploads\/2023\/02\/SMO_LOGO-03.svg","contentUrl":"https:\/\/shrimataji.org\/test\/wp-content\/uploads\/2023\/02\/SMO_LOGO-03.svg","width":"1024","height":"1024","caption":"Nirmala Shrivastava"},"logo":{"@id":"https:\/\/shrimataji.org\/test\/wp-content\/uploads\/2023\/02\/SMO_LOGO-03.svg"},"sameAs":["https:\/\/shrimataji.org\/test","https:\/\/www.facebook.com\/shrimataji","https:\/\/x.com\/shrimataji","https:\/\/www.youtube.com\/@Shri_Mataji_Nirmala_Devi\/featured"]}]}},"lang":"hu","translations":{"hu":19585,"ur":37519,"en":446,"am":18094,"th":20087,"ar":16990,"sq":18495,"zh":17392,"tr":10221,"pt":10429,"de":10703,"fr":10801,"it":10899,"es":10996,"ja":11294,"ru":11482,"bn":11673,"te":11781,"sw":11904,"he":12052,"el":12344,"sk":12442,"fa":12540,"fi":12638,"bg":13449,"ro":14523,"cs":14716,"nl":16654,"ku":16814,"be":18702,"kn":18976,"mr":20451,"uk":20744,"ml":21039,"ta":22813,"sv":23082,"gu":28917,"pa":29077,"fil":29531,"da":37827,"pl":38037,"nn":38379},"pll_sync_post":[],"_links":{"self":[{"href":"https:\/\/shrimataji.org\/test\/wp-json\/wp\/v2\/pages\/19585","targetHints":{"allow":["GET"]}}],"collection":[{"href":"https:\/\/shrimataji.org\/test\/wp-json\/wp\/v2\/pages"}],"about":[{"href":"https:\/\/shrimataji.org\/test\/wp-json\/wp\/v2\/types\/page"}],"author":[{"embeddable":true,"href":"https:\/\/shrimataji.org\/test\/wp-json\/wp\/v2\/users\/1"}],"replies":[{"embeddable":true,"href":"https:\/\/shrimataji.org\/test\/wp-json\/wp\/v2\/comments?post=19585"}],"version-history":[{"count":0,"href":"https:\/\/shrimataji.org\/test\/wp-json\/wp\/v2\/pages\/19585\/revisions"}],"wp:featuredmedia":[{"embeddable":true,"href":"https:\/\/shrimataji.org\/test\/wp-json\/wp\/v2\/media\/19587"}],"wp:attachment":[{"href":"https:\/\/shrimataji.org\/test\/wp-json\/wp\/v2\/media?parent=19585"}],"curies":[{"name":"wp","href":"https:\/\/api.w.org\/{rel}","templated":true}]}}