{"id":19596,"date":"2018-07-10T06:54:54","date_gmt":"2018-07-10T06:54:54","guid":{"rendered":"http:\/\/testwordpress.nirmalnagari.org\/smnd\/index.php\/thoughtless-awareness\/"},"modified":"2026-04-12T14:43:48","modified_gmt":"2026-04-12T14:43:48","slug":"thoughtless-awareness","status":"publish","type":"page","link":"https:\/\/shrimataji.org\/test\/hu\/thoughtless-awareness\/","title":{"rendered":"Gondolatmentes tudatoss\u00e1g"},"content":{"rendered":"\n\n\t<h1>Gondolatmentes tudatoss\u00e1g<\/h1>\n<h2>R\u00e9szletek az 1994. m\u00e1rcius 27-\u00e9n, 1998. j\u00falius 5-\u00e9n \u00e9s egy 1994-es nemzetk\u00f6zi szemin\u00e1riumon elhangzott tan\u00e1csokb\u00f3l.<\/h2>\n\t<p>Tudat\u00e1ban vagy a dolgoknak, de nincsenek gondolataid. Ez az a hely, ahol a jelenben vagy, \u00e9s b\u00e9k\u00e9s vagy. Ez az az \u00e1llapot, ahol spiritu\u00e1lisan n\u00f6vekszel.<\/p>\n\t<p>A gondolatmentes tudatoss\u00e1g az els\u0151 gy\u00f6ny\u00f6r\u0171 \u00e1llapot, amit el kell \u00e9rned. B\u00e9k\u00e9t \u00e9s a tan\u00fas\u00e1g \u00e1llapot\u00e1t adja, hogy \u00e9lvezhesd az \u00e9let dr\u00e1m\u00e1j\u00e1t, hogy gy\u00f6ny\u00f6rk\u00f6dhess az emberek v\u00e1ltozatoss\u00e1g\u00e1ban, mik\u00f6zben \u00f6nmagadban fejl\u0151dsz.<\/p>\n<p>\u00c9lvezed mindazt, ami gy\u00f6ny\u00f6r\u0171en lett alkotva. Nem gondolkodsz r\u00f3la. Nem reag\u00e1lsz. A reakci\u00f3 az, hogy \u00f6r\u00f6mben vagy. Micsoda sz\u00e9ps\u00e9g. Nem gondolsz arra, hogy ki alkotta, mennyibe fog ker\u00fclni &#8211; semmire. Gondolatn\u00e9lk\u00fcliv\u00e9 v\u00e1lsz. \u00c9s a gondolatmentes tudatoss\u00e1g nem m\u00e1s, mint az \u00f6r\u00f6m \u00e1radata &#8211; olyan \u00f6r\u00f6m, ami se nem boldogs\u00e1g, se nem boldogtalans\u00e1g, hanem egyes sz\u00e1m\u00fa.<\/p>\n<p>Szavakkal nem tudod le\u00edrni, de igaz\u00e1n \u00e9rezheted magadban, az \u00c9n l\u00e9tez\u00e9s\u00e9nek \u00f6r\u00f6m\u00e9t. Amikor gondolatmentess\u00e9 v\u00e1lsz, akkor l\u00e1thatod \u00e9s \u00e9rezheted a val\u00f3s\u00e1got.<\/p>\n\t<p><img loading=\"lazy\" decoding=\"async\" src=\"https:\/\/shrimataji.org\/test\/wp-content\/uploads\/2018\/07\/media_originals\/images\/flowers\/rose-flower-yellow-by-vera-subkus-201x300.jpg\" alt=\"\" width=\"201\" height=\"300\" \/><\/p>\n\n","protected":false},"excerpt":{"rendered":"<p>Gondolatmentes tudatoss\u00e1g R\u00e9szletek az 1994. m\u00e1rcius 27-\u00e9n, 1998. j\u00falius 5-\u00e9n \u00e9s egy 1994-es nemzetk\u00f6zi szemin\u00e1riumon elhangzott tan\u00e1csokb\u00f3l. Tudat\u00e1ban vagy a dolgoknak, de nincsenek gondolataid. Ez az a hely, ahol a jelenben vagy, \u00e9s b\u00e9k\u00e9s vagy. Ez az az \u00e1llapot, ahol spiritu\u00e1lisan n\u00f6vekszel. A gondolatmentes tudatoss\u00e1g az els\u0151 gy\u00f6ny\u00f6r\u0171 \u00e1llapot, amit el kell \u00e9rned. B\u00e9k\u00e9t \u00e9s&hellip; <br \/> <a class=\"read-more\" href=\"https:\/\/shrimataji.org\/test\/hu\/thoughtless-awareness\/\">Read more<\/a><\/p>\n","protected":false},"author":1,"featured_media":19598,"parent":0,"menu_order":0,"comment_status":"closed","ping_status":"closed","template":"","meta":{"inline_featured_image":false,"footnotes":""},"class_list":["post-19596","page","type-page","status-publish","has-post-thumbnail","hentry"],"yoast_head":"<!-- This site is optimized with the Yoast SEO plugin v27.4 - https:\/\/yoast.com\/product\/yoast-seo-wordpress\/ -->\n<title>Gondolatmentes tudatoss\u00e1g - TEST - SMND<\/title>\n<meta name=\"robots\" content=\"noindex, follow, max-snippet:-1, max-image-preview:large, max-video-preview:-1\" \/>\n<meta property=\"og:locale\" content=\"en_US\" \/>\n<meta property=\"og:type\" content=\"article\" \/>\n<meta property=\"og:title\" content=\"Gondolatmentes tudatoss\u00e1g - TEST - SMND\" \/>\n<meta property=\"og:description\" content=\"Gondolatmentes tudatoss\u00e1g R\u00e9szletek az 1994. m\u00e1rcius 27-\u00e9n, 1998. j\u00falius 5-\u00e9n \u00e9s egy 1994-es nemzetk\u00f6zi szemin\u00e1riumon elhangzott tan\u00e1csokb\u00f3l. Tudat\u00e1ban vagy a dolgoknak, de nincsenek gondolataid. Ez az a hely, ahol a jelenben vagy, \u00e9s b\u00e9k\u00e9s vagy. Ez az az \u00e1llapot, ahol spiritu\u00e1lisan n\u00f6vekszel. A gondolatmentes tudatoss\u00e1g az els\u0151 gy\u00f6ny\u00f6r\u0171 \u00e1llapot, amit el kell \u00e9rned. B\u00e9k\u00e9t \u00e9s&hellip; Read more\" \/>\n<meta property=\"og:url\" content=\"https:\/\/shrimataji.org\/test\/hu\/thoughtless-awareness\/\" \/>\n<meta property=\"og:site_name\" content=\"TEST - SMND\" \/>\n<meta property=\"article:publisher\" content=\"https:\/\/www.facebook.com\/shrimataji\" \/>\n<meta property=\"article:modified_time\" content=\"2026-04-12T14:43:48+00:00\" \/>\n<meta property=\"og:image\" content=\"https:\/\/shrimataji.org\/test\/wp-content\/uploads\/2018\/07\/media_originals\/images\/headers-general\/thoughtless-awareness-is-peace-and-joy.jpg\" \/>\n\t<meta property=\"og:image:width\" content=\"990\" \/>\n\t<meta property=\"og:image:height\" content=\"350\" \/>\n\t<meta property=\"og:image:type\" content=\"image\/jpeg\" \/>\n<meta name=\"twitter:card\" content=\"summary_large_image\" \/>\n<meta name=\"twitter:site\" content=\"@shrimataji\" \/>\n<meta name=\"twitter:label1\" content=\"Est. reading time\" \/>\n\t<meta name=\"twitter:data1\" content=\"2 minutes\" \/>\n<script type=\"application\/ld+json\" class=\"yoast-schema-graph\">{\"@context\":\"https:\\\/\\\/schema.org\",\"@graph\":[{\"@type\":\"WebPage\",\"@id\":\"https:\\\/\\\/shrimataji.org\\\/test\\\/hu\\\/thoughtless-awareness\\\/\",\"url\":\"https:\\\/\\\/shrimataji.org\\\/test\\\/hu\\\/thoughtless-awareness\\\/\",\"name\":\"Gondolatmentes tudatoss\u00e1g - TEST - SMND\",\"isPartOf\":{\"@id\":\"https:\\\/\\\/shrimataji.org\\\/test\\\/#website\"},\"primaryImageOfPage\":{\"@id\":\"https:\\\/\\\/shrimataji.org\\\/test\\\/hu\\\/thoughtless-awareness\\\/#primaryimage\"},\"image\":{\"@id\":\"https:\\\/\\\/shrimataji.org\\\/test\\\/hu\\\/thoughtless-awareness\\\/#primaryimage\"},\"thumbnailUrl\":\"https:\\\/\\\/shrimataji.org\\\/test\\\/wp-content\\\/uploads\\\/2018\\\/07\\\/media_originals\\\/images\\\/headers-general\\\/thoughtless-awareness-is-peace-and-joy.jpg\",\"datePublished\":\"2018-07-10T06:54:54+00:00\",\"dateModified\":\"2026-04-12T14:43:48+00:00\",\"breadcrumb\":{\"@id\":\"https:\\\/\\\/shrimataji.org\\\/test\\\/hu\\\/thoughtless-awareness\\\/#breadcrumb\"},\"inLanguage\":\"en-US\",\"potentialAction\":[{\"@type\":\"ReadAction\",\"target\":[\"https:\\\/\\\/shrimataji.org\\\/test\\\/hu\\\/thoughtless-awareness\\\/\"]}]},{\"@type\":\"ImageObject\",\"inLanguage\":\"en-US\",\"@id\":\"https:\\\/\\\/shrimataji.org\\\/test\\\/hu\\\/thoughtless-awareness\\\/#primaryimage\",\"url\":\"https:\\\/\\\/shrimataji.org\\\/test\\\/wp-content\\\/uploads\\\/2018\\\/07\\\/media_originals\\\/images\\\/headers-general\\\/thoughtless-awareness-is-peace-and-joy.jpg\",\"contentUrl\":\"https:\\\/\\\/shrimataji.org\\\/test\\\/wp-content\\\/uploads\\\/2018\\\/07\\\/media_originals\\\/images\\\/headers-general\\\/thoughtless-awareness-is-peace-and-joy.jpg\",\"width\":990,\"height\":350},{\"@type\":\"BreadcrumbList\",\"@id\":\"https:\\\/\\\/shrimataji.org\\\/test\\\/hu\\\/thoughtless-awareness\\\/#breadcrumb\",\"itemListElement\":[{\"@type\":\"ListItem\",\"position\":1,\"name\":\"Home\",\"item\":\"https:\\\/\\\/shrimataji.org\\\/test\\\/uk\\\/home-en\\\/\"},{\"@type\":\"ListItem\",\"position\":2,\"name\":\"Gondolatmentes tudatoss\u00e1g\"}]},{\"@type\":\"WebSite\",\"@id\":\"https:\\\/\\\/shrimataji.org\\\/test\\\/#website\",\"url\":\"https:\\\/\\\/shrimataji.org\\\/test\\\/\",\"name\":\"Shri Mataji Nirmala Devi\",\"description\":\"A Life Dedicated to Humanity\",\"publisher\":{\"@id\":\"https:\\\/\\\/shrimataji.org\\\/test\\\/#\\\/schema\\\/person\\\/a1b3419c6585f164aa96da1ff85715d1\"},\"potentialAction\":[{\"@type\":\"SearchAction\",\"target\":{\"@type\":\"EntryPoint\",\"urlTemplate\":\"https:\\\/\\\/shrimataji.org\\\/test\\\/?s={search_term_string}\"},\"query-input\":{\"@type\":\"PropertyValueSpecification\",\"valueRequired\":true,\"valueName\":\"search_term_string\"}}],\"inLanguage\":\"en-US\"},{\"@type\":[\"Person\",\"Organization\"],\"@id\":\"https:\\\/\\\/shrimataji.org\\\/test\\\/#\\\/schema\\\/person\\\/a1b3419c6585f164aa96da1ff85715d1\",\"name\":\"Nirmala Shrivastava\",\"image\":{\"@type\":\"ImageObject\",\"inLanguage\":\"en-US\",\"@id\":\"https:\\\/\\\/shrimataji.org\\\/test\\\/wp-content\\\/uploads\\\/2023\\\/02\\\/SMO_LOGO-03.svg\",\"url\":\"https:\\\/\\\/shrimataji.org\\\/test\\\/wp-content\\\/uploads\\\/2023\\\/02\\\/SMO_LOGO-03.svg\",\"contentUrl\":\"https:\\\/\\\/shrimataji.org\\\/test\\\/wp-content\\\/uploads\\\/2023\\\/02\\\/SMO_LOGO-03.svg\",\"width\":\"1024\",\"height\":\"1024\",\"caption\":\"Nirmala Shrivastava\"},\"logo\":{\"@id\":\"https:\\\/\\\/shrimataji.org\\\/test\\\/wp-content\\\/uploads\\\/2023\\\/02\\\/SMO_LOGO-03.svg\"},\"sameAs\":[\"https:\\\/\\\/shrimataji.org\\\/test\",\"https:\\\/\\\/www.facebook.com\\\/shrimataji\",\"https:\\\/\\\/x.com\\\/shrimataji\",\"https:\\\/\\\/www.youtube.com\\\/@Shri_Mataji_Nirmala_Devi\\\/featured\"]}]}<\/script>\n<!-- \/ Yoast SEO plugin. -->","yoast_head_json":{"title":"Gondolatmentes tudatoss\u00e1g - TEST - SMND","robots":{"index":"noindex","follow":"follow","max-snippet":"max-snippet:-1","max-image-preview":"max-image-preview:large","max-video-preview":"max-video-preview:-1"},"og_locale":"en_US","og_type":"article","og_title":"Gondolatmentes tudatoss\u00e1g - TEST - SMND","og_description":"Gondolatmentes tudatoss\u00e1g R\u00e9szletek az 1994. m\u00e1rcius 27-\u00e9n, 1998. j\u00falius 5-\u00e9n \u00e9s egy 1994-es nemzetk\u00f6zi szemin\u00e1riumon elhangzott tan\u00e1csokb\u00f3l. Tudat\u00e1ban vagy a dolgoknak, de nincsenek gondolataid. Ez az a hely, ahol a jelenben vagy, \u00e9s b\u00e9k\u00e9s vagy. Ez az az \u00e1llapot, ahol spiritu\u00e1lisan n\u00f6vekszel. A gondolatmentes tudatoss\u00e1g az els\u0151 gy\u00f6ny\u00f6r\u0171 \u00e1llapot, amit el kell \u00e9rned. B\u00e9k\u00e9t \u00e9s&hellip; Read more","og_url":"https:\/\/shrimataji.org\/test\/hu\/thoughtless-awareness\/","og_site_name":"TEST - SMND","article_publisher":"https:\/\/www.facebook.com\/shrimataji","article_modified_time":"2026-04-12T14:43:48+00:00","og_image":[{"width":990,"height":350,"url":"https:\/\/shrimataji.org\/test\/wp-content\/uploads\/2018\/07\/media_originals\/images\/headers-general\/thoughtless-awareness-is-peace-and-joy.jpg","type":"image\/jpeg"}],"twitter_card":"summary_large_image","twitter_site":"@shrimataji","twitter_misc":{"Est. reading time":"2 minutes"},"schema":{"@context":"https:\/\/schema.org","@graph":[{"@type":"WebPage","@id":"https:\/\/shrimataji.org\/test\/hu\/thoughtless-awareness\/","url":"https:\/\/shrimataji.org\/test\/hu\/thoughtless-awareness\/","name":"Gondolatmentes tudatoss\u00e1g - TEST - SMND","isPartOf":{"@id":"https:\/\/shrimataji.org\/test\/#website"},"primaryImageOfPage":{"@id":"https:\/\/shrimataji.org\/test\/hu\/thoughtless-awareness\/#primaryimage"},"image":{"@id":"https:\/\/shrimataji.org\/test\/hu\/thoughtless-awareness\/#primaryimage"},"thumbnailUrl":"https:\/\/shrimataji.org\/test\/wp-content\/uploads\/2018\/07\/media_originals\/images\/headers-general\/thoughtless-awareness-is-peace-and-joy.jpg","datePublished":"2018-07-10T06:54:54+00:00","dateModified":"2026-04-12T14:43:48+00:00","breadcrumb":{"@id":"https:\/\/shrimataji.org\/test\/hu\/thoughtless-awareness\/#breadcrumb"},"inLanguage":"en-US","potentialAction":[{"@type":"ReadAction","target":["https:\/\/shrimataji.org\/test\/hu\/thoughtless-awareness\/"]}]},{"@type":"ImageObject","inLanguage":"en-US","@id":"https:\/\/shrimataji.org\/test\/hu\/thoughtless-awareness\/#primaryimage","url":"https:\/\/shrimataji.org\/test\/wp-content\/uploads\/2018\/07\/media_originals\/images\/headers-general\/thoughtless-awareness-is-peace-and-joy.jpg","contentUrl":"https:\/\/shrimataji.org\/test\/wp-content\/uploads\/2018\/07\/media_originals\/images\/headers-general\/thoughtless-awareness-is-peace-and-joy.jpg","width":990,"height":350},{"@type":"BreadcrumbList","@id":"https:\/\/shrimataji.org\/test\/hu\/thoughtless-awareness\/#breadcrumb","itemListElement":[{"@type":"ListItem","position":1,"name":"Home","item":"https:\/\/shrimataji.org\/test\/uk\/home-en\/"},{"@type":"ListItem","position":2,"name":"Gondolatmentes tudatoss\u00e1g"}]},{"@type":"WebSite","@id":"https:\/\/shrimataji.org\/test\/#website","url":"https:\/\/shrimataji.org\/test\/","name":"Shri Mataji Nirmala Devi","description":"A Life Dedicated to Humanity","publisher":{"@id":"https:\/\/shrimataji.org\/test\/#\/schema\/person\/a1b3419c6585f164aa96da1ff85715d1"},"potentialAction":[{"@type":"SearchAction","target":{"@type":"EntryPoint","urlTemplate":"https:\/\/shrimataji.org\/test\/?s={search_term_string}"},"query-input":{"@type":"PropertyValueSpecification","valueRequired":true,"valueName":"search_term_string"}}],"inLanguage":"en-US"},{"@type":["Person","Organization"],"@id":"https:\/\/shrimataji.org\/test\/#\/schema\/person\/a1b3419c6585f164aa96da1ff85715d1","name":"Nirmala Shrivastava","image":{"@type":"ImageObject","inLanguage":"en-US","@id":"https:\/\/shrimataji.org\/test\/wp-content\/uploads\/2023\/02\/SMO_LOGO-03.svg","url":"https:\/\/shrimataji.org\/test\/wp-content\/uploads\/2023\/02\/SMO_LOGO-03.svg","contentUrl":"https:\/\/shrimataji.org\/test\/wp-content\/uploads\/2023\/02\/SMO_LOGO-03.svg","width":"1024","height":"1024","caption":"Nirmala Shrivastava"},"logo":{"@id":"https:\/\/shrimataji.org\/test\/wp-content\/uploads\/2023\/02\/SMO_LOGO-03.svg"},"sameAs":["https:\/\/shrimataji.org\/test","https:\/\/www.facebook.com\/shrimataji","https:\/\/x.com\/shrimataji","https:\/\/www.youtube.com\/@Shri_Mataji_Nirmala_Devi\/featured"]}]}},"lang":"hu","translations":{"hu":19596,"ur":37526,"en":452,"am":18101,"th":20098,"ar":16997,"sq":18502,"zh":17399,"tr":10225,"pt":10433,"de":10707,"fr":10805,"it":10903,"es":11000,"ja":11298,"ru":11486,"bn":11677,"te":11785,"sw":11908,"he":12056,"el":12348,"sk":12446,"fa":12544,"fi":12642,"bg":13435,"ro":14509,"cs":14702,"nl":16661,"ku":16821,"be":18709,"kn":18983,"mr":20462,"uk":20755,"ml":21050,"ta":22820,"sv":23089,"gu":28924,"pa":29084,"fil":29538,"da":37833,"pl":38043,"nn":38385},"pll_sync_post":[],"_links":{"self":[{"href":"https:\/\/shrimataji.org\/test\/wp-json\/wp\/v2\/pages\/19596","targetHints":{"allow":["GET"]}}],"collection":[{"href":"https:\/\/shrimataji.org\/test\/wp-json\/wp\/v2\/pages"}],"about":[{"href":"https:\/\/shrimataji.org\/test\/wp-json\/wp\/v2\/types\/page"}],"author":[{"embeddable":true,"href":"https:\/\/shrimataji.org\/test\/wp-json\/wp\/v2\/users\/1"}],"replies":[{"embeddable":true,"href":"https:\/\/shrimataji.org\/test\/wp-json\/wp\/v2\/comments?post=19596"}],"version-history":[{"count":0,"href":"https:\/\/shrimataji.org\/test\/wp-json\/wp\/v2\/pages\/19596\/revisions"}],"wp:featuredmedia":[{"embeddable":true,"href":"https:\/\/shrimataji.org\/test\/wp-json\/wp\/v2\/media\/19598"}],"wp:attachment":[{"href":"https:\/\/shrimataji.org\/test\/wp-json\/wp\/v2\/media?parent=19596"}],"curies":[{"name":"wp","href":"https:\/\/api.w.org\/{rel}","templated":true}]}}