{"id":19599,"date":"2012-10-02T02:00:00","date_gmt":"2012-10-02T02:00:00","guid":{"rendered":"http:\/\/testwordpress.nirmalnagari.org\/smnd\/index.php\/un-womens-conference\/"},"modified":"2026-04-12T14:48:04","modified_gmt":"2026-04-12T14:48:04","slug":"un-womens-conference","status":"publish","type":"page","link":"https:\/\/shrimataji.org\/test\/hu\/un-womens-conference\/","title":{"rendered":"ENSZ IV. N\u0151k Vil\u00e1gkonferenci\u00e1ja"},"content":{"rendered":"\n\n\t<h1>ENSZ IV. N\u0151k Vil\u00e1gkonferenci\u00e1ja<\/h1>\n<h2>R\u00e9szlet a pekingi r\u00e9gi\u00f3k\u00f6zi kerekasztal-besz\u00e9lget\u00e9sr\u0151l, 1995. szeptember\u00e9ben<\/h2>\n\t<h4>Az 1995 szeptember\u00e9ben Pekingben megrendezett negyedik vil\u00e1gkonferencia a h\u00e1rom kor\u00e1bbi, n\u0151kr\u0151l \u00e9s nemek k\u00f6z\u00f6tti egyenl\u0151s\u00e9gr\u0151l sz\u00f3l\u00f3 glob\u00e1lis konferenci\u00e1n el\u00e9rt politikai meg\u00e1llapod\u00e1sok cs\u00facspontja volt. 189 orsz\u00e1g fogadta el egyhang\u00falag a n\u0151k t\u00e1rsadalmi szerepv\u00e1llal\u00e1s\u00e1nak n\u00f6vel\u00e9s\u00e9r\u0151l sz\u00f3l\u00f3 pekingi programot, amelyet a nemek k\u00f6z\u00f6tti egyenl\u0151s\u00e9g kulcsfontoss\u00e1g\u00fa glob\u00e1lis politikai dokumentum\u00e1nak tekintenek.<\/h4>\n<p>Shri Mataji vend\u00e9gel\u0151ad\u00f3k\u00e9nt kapott megh\u00edv\u00e1st erre a glob\u00e1lis platformra. Mindig is vil\u00e1gosan kifejtette a n\u0151k szerep\u00e9r\u0151l alkotott n\u00e9zeteit. Ugyanolyan fontos szerep\u00fck van ebben a vil\u00e1gban, mint a f\u00e9rfiaknak, de a nemek k\u00f6z\u00f6tti k\u00fcl\u00f6nbs\u00e9geket kellene kihaszn\u00e1lniuk, ahelyett, hogy megpr\u00f3b\u00e1ln\u00e1k \u0151ket egyform\u00e1v\u00e1 tenni. A f\u00e9rfiak \u00e9s n\u0151k k\u00f6z\u00f6tti megfelel\u0151 egyens\u00faly l\u00e9tfontoss\u00e1g\u00fa egy stabil \u00e9s b\u00e9k\u00e9s t\u00e1rsadalom fel\u00e9p\u00edt\u00e9s\u00e9hez. A k\u00fcl\u00f6nbs\u00e9gek elismer\u00e9se \u00e9s egym\u00e1s er\u0151ss\u00e9geinek tiszteletben tart\u00e1sa az, amire sz\u00fcks\u00e9g van. \u00dajra \u00e9s \u00fajra eml\u00e9keztette az embereket arra, hogy mindenkinek, f\u00e9rfiaknak \u00e9s n\u0151knek egyar\u00e1nt, meg kell tal\u00e1lniuk a bels\u0151 egyens\u00falyt a saj\u00e1t \u201ef\u00e9rfias&#8221; \u00e9s \u201en\u0151i&#8221; oldaluk k\u00f6z\u00f6tt. Ahol azonban a n\u0151k igaz\u00e1n hat\u00e1st tudnak gyakorolni, az a t\u00e1rsadalmi szint.<\/p>\n\t<div class=\"su-quote su-quote-style-default\"><div class=\"su-quote-inner su-u-clearfix su-u-trim\">Az igazs\u00e1g az, hogy a n\u0151k minden civiliz\u00e1ci\u00f3 \u00e9s minden orsz\u00e1g potenci\u00e1lis erej\u00e9t jelentik. Nyilv\u00e1nval\u00f3, hogy a n\u0151k az eg\u00e9sz emberis\u00e9g teremt\u0151i \u00e9s fenntart\u00f3i. Ez az a szerep, amelyet a mindenhat\u00f3 Isten adott nekik, amit r\u00e1juk b\u00edzott. <\/div><\/div>\n\t<p>Shri Mataji soha nem tekintette mag\u00e1t politikai aktivist\u00e1nak. V\u00edzi\u00f3ja a f\u00e9rfiak \u00e9s a n\u0151k bels\u0151 \u00e1talakul\u00e1sa volt az \u00f6nmegval\u00f3sul\u00e1s r\u00e9v\u00e9n, mely \u00e1ltal term\u00e9szetes egyens\u00falyt \u00e9rhetnek el. Egy f\u00e9rfiak \u00e1ltal uralt vil\u00e1gban ez az \u00f6n\u00e1talak\u00edt\u00e1s volt a kulcs arra, hogy a n\u0151k sz\u00e1mos probl\u00e9m\u00e1ja megold\u00f3djon.<\/p>\n<p>\u201eA magok \u00f6nmagukban semmit sem tudnak l\u00e9trehozni. A F\u00f6ldanya adja a vir\u00e1gokat, a gy\u00fcm\u00f6lcs\u00f6ket \u00e9s az egy\u00e9b kincseket. Hasonl\u00f3k\u00e9ppen, a n\u0151 az, aki megteremti a gyermeket, aki t\u00e1pl\u00e1lja a csecsem\u0151t, \u00e9s v\u00e9g\u00fcl felneveli a holnap polg\u00e1rait. A n\u0151knek ez\u00e9rt a F\u00f6ldany\u00e1val egy\u00fctt az eg\u00e9sz emberis\u00e9g \u00e9p\u00edtm\u00e9ny\u00e9nek kell lenni\u00fck.&#8221;<\/p>\n\t<p>Mivel Shri Mataji Keleten \u00e9s Nyugaton is \u00e9lt, \u00e9s sokat utazott, l\u00e1tta a n\u0151kkel val\u00f3 b\u00e1n\u00e1sm\u00f3dbeli k\u00fcl\u00f6nbs\u00e9geket, \u00e9s b\u00e1r elismerte, hogy sokan nem rendelkeznek jogokkal, m\u00e9gis a n\u0151kkel szembeni tiszteletlens\u00e9g aggasztotta a legkomolyabban.<\/p>\n\t<div class=\"su-quote su-quote-style-default\"><div class=\"su-quote-inner su-u-clearfix su-u-trim\">A saj\u00e1t haz\u00e1mban van egy mond\u00e1s: \u201eYatra narya pujyante tatra ramante devata&#8221;, ami azt jelenti, hogy \u201eahol a n\u0151ket tisztelik \u00e9s tiszteletre m\u00e9lt\u00f3ak, ott laknak j\u00f3l\u00e9t\u00fcnk istenei&#8221;.<\/div><\/div>\n\t<p>Amikor mind a f\u00e9rfiak, mind a n\u0151k meg\u00e9rtik saj\u00e1t \u00e9s egym\u00e1s \u00e9rt\u00e9keit &#8211; amir\u0151l \u00fagy \u00e9rezte, hogy az \u00f6nmegval\u00f3sul\u00e1s r\u00e9v\u00e9n el\u00e9rhet\u0151 -, akkor harm\u00f3nia j\u00f6n l\u00e9tre az emberis\u00e9gben.<\/p>\n<p>\u201eTeh\u00e1t a mi dolgunk, hogy ebben a pillanatban meg\u00e9rts\u00fck ennek a Teremt\u0151nkt\u0151l kapott hatalmas hatalomnak az \u00e9rt\u00e9k\u00e9t. De mit tal\u00e1lunk? Ak\u00e1r Keleten, ak\u00e1r Nyugaton, a n\u0151k nem tudt\u00e1k teljes m\u00e9rt\u00e9kben megmutatni nagys\u00e1gukat.&#8221;<\/p>\n<p>Shri Mataji k\u00e9ts\u00e9gtelen\u00fcl a n\u0151k oktat\u00e1shoz, karrierhez, biztons\u00e1gos \u00e9letk\u00f6r\u00fclm\u00e9nyekhez \u00e9s jogi v\u00e9delemhez val\u00f3 egyenl\u0151 jogait szorgalmazta.<\/p>\n<p>\u201eEgy\u00e1ltal\u00e1n nem azt sugallom, hogy a n\u0151k egyetlen szerepe az emberi t\u00e1rsadalomban az anyas\u00e1g, a gyermekek sz\u00fcl\u00e9se \u00e9s felnevel\u00e9se, vagy a feles\u00e9g vagy a n\u0151v\u00e9r szerepe. A n\u0151knek teljes joguk van ahhoz, hogy egyenl\u0151 partnerk\u00e9nt r\u00e9szt vegyenek az \u00e9let minden ter\u00fclet\u00e9n: t\u00e1rsadalmi, kultur\u00e1lis, politikai, gazdas\u00e1gi, adminisztrat\u00edv \u00e9s a t\u00f6bbi ter\u00fcleten &#8230;&#8230;&#8230;&#8230;. De ha any\u00e1k, akkor nagy felel\u0151ss\u00e9ggel tartoznak gyermekeik \u00e9s a t\u00e1rsadalom ir\u00e1nt is.&#8221;<\/p>\n<p>Shri Mataji azonban \u00fagy \u00e9rezte, hogy a nemek k\u00f6z\u00f6tti egyens\u00faly hi\u00e1ny\u00e1t csak akkor lehet igaz\u00e1n korrig\u00e1lni, ha \u00f6nmagunkba fordulunk, \u00e9s hagyjuk, hogy az \u00f6nmegval\u00f3sul\u00e1s ereje vezessen minket.<\/p>\n<p>\u201eAmire sz\u00fcks\u00e9g\u00fcnk van, az az egyens\u00faly a k\u00e9t sz\u00e9ls\u0151s\u00e9g k\u00f6z\u00f6tt. A n\u0151re egyenrang\u00fa, de nem a f\u00e9rfiakkal azonos partnerk\u00e9nt van sz\u00fcks\u00e9g\u00fcnk&#8230;&#8221;<\/p>\n\t<div class=\"su-quote su-quote-style-default\"><div class=\"su-quote-inner su-u-clearfix su-u-trim\">Kiegyens\u00falyozott n\u0151kre van sz\u00fcks\u00e9g\u00fcnk ahhoz, hogy az emberis\u00e9g kiegyens\u00falyozottan \u00e9lhessen, b\u00e9k\u00e9ben \u00f6nmag\u00e1val.<\/div><\/div>\n\t\t<iframe loading=\"lazy\" title=\"UN Women\u00b4s Conference\" width=\"1920\" height=\"1080\" src=\"https:\/\/www.youtube.com\/embed\/_v6jiBJ-jdg?feature=oembed\" frameborder=\"0\" allow=\"accelerometer; autoplay; clipboard-write; encrypted-media; gyroscope; picture-in-picture; web-share\" allowfullscreen><\/iframe>\t\n\n","protected":false},"excerpt":{"rendered":"<p>ENSZ IV. N\u0151k Vil\u00e1gkonferenci\u00e1ja R\u00e9szlet a pekingi r\u00e9gi\u00f3k\u00f6zi kerekasztal-besz\u00e9lget\u00e9sr\u0151l, 1995. szeptember\u00e9ben Az 1995 szeptember\u00e9ben Pekingben megrendezett negyedik vil\u00e1gkonferencia a h\u00e1rom kor\u00e1bbi, n\u0151kr\u0151l \u00e9s nemek k\u00f6z\u00f6tti egyenl\u0151s\u00e9gr\u0151l sz\u00f3l\u00f3 glob\u00e1lis konferenci\u00e1n el\u00e9rt politikai meg\u00e1llapod\u00e1sok cs\u00facspontja volt. 189 orsz\u00e1g fogadta el egyhang\u00falag a n\u0151k t\u00e1rsadalmi szerepv\u00e1llal\u00e1s\u00e1nak n\u00f6vel\u00e9s\u00e9r\u0151l sz\u00f3l\u00f3 pekingi programot, amelyet a nemek k\u00f6z\u00f6tti egyenl\u0151s\u00e9g kulcsfontoss\u00e1g\u00fa glob\u00e1lis politikai&hellip; <br \/> <a class=\"read-more\" href=\"https:\/\/shrimataji.org\/test\/hu\/un-womens-conference\/\">Read more<\/a><\/p>\n","protected":false},"author":1,"featured_media":19601,"parent":0,"menu_order":0,"comment_status":"closed","ping_status":"closed","template":"","meta":{"inline_featured_image":false,"footnotes":""},"class_list":["post-19599","page","type-page","status-publish","has-post-thumbnail","hentry"],"yoast_head":"<!-- This site is optimized with the Yoast SEO plugin v27.4 - https:\/\/yoast.com\/product\/yoast-seo-wordpress\/ -->\n<title>ENSZ IV. N\u0151k Vil\u00e1gkonferenci\u00e1ja - TEST - SMND<\/title>\n<meta name=\"robots\" content=\"noindex, follow, max-snippet:-1, max-image-preview:large, max-video-preview:-1\" \/>\n<meta property=\"og:locale\" content=\"en_US\" \/>\n<meta property=\"og:type\" content=\"article\" \/>\n<meta property=\"og:title\" content=\"ENSZ IV. N\u0151k Vil\u00e1gkonferenci\u00e1ja - TEST - SMND\" \/>\n<meta property=\"og:description\" content=\"ENSZ IV. N\u0151k Vil\u00e1gkonferenci\u00e1ja R\u00e9szlet a pekingi r\u00e9gi\u00f3k\u00f6zi kerekasztal-besz\u00e9lget\u00e9sr\u0151l, 1995. szeptember\u00e9ben Az 1995 szeptember\u00e9ben Pekingben megrendezett negyedik vil\u00e1gkonferencia a h\u00e1rom kor\u00e1bbi, n\u0151kr\u0151l \u00e9s nemek k\u00f6z\u00f6tti egyenl\u0151s\u00e9gr\u0151l sz\u00f3l\u00f3 glob\u00e1lis konferenci\u00e1n el\u00e9rt politikai meg\u00e1llapod\u00e1sok cs\u00facspontja volt. 189 orsz\u00e1g fogadta el egyhang\u00falag a n\u0151k t\u00e1rsadalmi szerepv\u00e1llal\u00e1s\u00e1nak n\u00f6vel\u00e9s\u00e9r\u0151l sz\u00f3l\u00f3 pekingi programot, amelyet a nemek k\u00f6z\u00f6tti egyenl\u0151s\u00e9g kulcsfontoss\u00e1g\u00fa glob\u00e1lis politikai&hellip; Read more\" \/>\n<meta property=\"og:url\" content=\"https:\/\/shrimataji.org\/test\/hu\/un-womens-conference\/\" \/>\n<meta property=\"og:site_name\" content=\"TEST - SMND\" \/>\n<meta property=\"article:publisher\" content=\"https:\/\/www.facebook.com\/shrimataji\" \/>\n<meta property=\"article:modified_time\" content=\"2026-04-12T14:48:04+00:00\" \/>\n<meta property=\"og:image\" content=\"https:\/\/shrimataji.org\/test\/wp-content\/uploads\/2018\/07\/media_originals\/images\/headers-general\/shri-mataji-speaking-at-the-un-womens-conference-in-beijing-1995.jpg\" \/>\n\t<meta property=\"og:image:width\" content=\"990\" \/>\n\t<meta property=\"og:image:height\" content=\"350\" \/>\n\t<meta property=\"og:image:type\" content=\"image\/jpeg\" \/>\n<meta name=\"twitter:card\" content=\"summary_large_image\" \/>\n<meta name=\"twitter:site\" content=\"@shrimataji\" \/>\n<meta name=\"twitter:label1\" content=\"Est. reading time\" \/>\n\t<meta name=\"twitter:data1\" content=\"3 minutes\" \/>\n<script type=\"application\/ld+json\" class=\"yoast-schema-graph\">{\"@context\":\"https:\\\/\\\/schema.org\",\"@graph\":[{\"@type\":\"WebPage\",\"@id\":\"https:\\\/\\\/shrimataji.org\\\/test\\\/hu\\\/un-womens-conference\\\/\",\"url\":\"https:\\\/\\\/shrimataji.org\\\/test\\\/hu\\\/un-womens-conference\\\/\",\"name\":\"ENSZ IV. N\u0151k Vil\u00e1gkonferenci\u00e1ja - TEST - SMND\",\"isPartOf\":{\"@id\":\"https:\\\/\\\/shrimataji.org\\\/test\\\/#website\"},\"primaryImageOfPage\":{\"@id\":\"https:\\\/\\\/shrimataji.org\\\/test\\\/hu\\\/un-womens-conference\\\/#primaryimage\"},\"image\":{\"@id\":\"https:\\\/\\\/shrimataji.org\\\/test\\\/hu\\\/un-womens-conference\\\/#primaryimage\"},\"thumbnailUrl\":\"https:\\\/\\\/shrimataji.org\\\/test\\\/wp-content\\\/uploads\\\/2018\\\/07\\\/media_originals\\\/images\\\/headers-general\\\/shri-mataji-speaking-at-the-un-womens-conference-in-beijing-1995.jpg\",\"datePublished\":\"2012-10-02T02:00:00+00:00\",\"dateModified\":\"2026-04-12T14:48:04+00:00\",\"breadcrumb\":{\"@id\":\"https:\\\/\\\/shrimataji.org\\\/test\\\/hu\\\/un-womens-conference\\\/#breadcrumb\"},\"inLanguage\":\"en-US\",\"potentialAction\":[{\"@type\":\"ReadAction\",\"target\":[\"https:\\\/\\\/shrimataji.org\\\/test\\\/hu\\\/un-womens-conference\\\/\"]}]},{\"@type\":\"ImageObject\",\"inLanguage\":\"en-US\",\"@id\":\"https:\\\/\\\/shrimataji.org\\\/test\\\/hu\\\/un-womens-conference\\\/#primaryimage\",\"url\":\"https:\\\/\\\/shrimataji.org\\\/test\\\/wp-content\\\/uploads\\\/2018\\\/07\\\/media_originals\\\/images\\\/headers-general\\\/shri-mataji-speaking-at-the-un-womens-conference-in-beijing-1995.jpg\",\"contentUrl\":\"https:\\\/\\\/shrimataji.org\\\/test\\\/wp-content\\\/uploads\\\/2018\\\/07\\\/media_originals\\\/images\\\/headers-general\\\/shri-mataji-speaking-at-the-un-womens-conference-in-beijing-1995.jpg\",\"width\":990,\"height\":350},{\"@type\":\"BreadcrumbList\",\"@id\":\"https:\\\/\\\/shrimataji.org\\\/test\\\/hu\\\/un-womens-conference\\\/#breadcrumb\",\"itemListElement\":[{\"@type\":\"ListItem\",\"position\":1,\"name\":\"Home\",\"item\":\"https:\\\/\\\/shrimataji.org\\\/test\\\/uk\\\/home-en\\\/\"},{\"@type\":\"ListItem\",\"position\":2,\"name\":\"ENSZ IV. N\u0151k Vil\u00e1gkonferenci\u00e1ja\"}]},{\"@type\":\"WebSite\",\"@id\":\"https:\\\/\\\/shrimataji.org\\\/test\\\/#website\",\"url\":\"https:\\\/\\\/shrimataji.org\\\/test\\\/\",\"name\":\"Shri Mataji Nirmala Devi\",\"description\":\"A Life Dedicated to Humanity\",\"publisher\":{\"@id\":\"https:\\\/\\\/shrimataji.org\\\/test\\\/#\\\/schema\\\/person\\\/a1b3419c6585f164aa96da1ff85715d1\"},\"potentialAction\":[{\"@type\":\"SearchAction\",\"target\":{\"@type\":\"EntryPoint\",\"urlTemplate\":\"https:\\\/\\\/shrimataji.org\\\/test\\\/?s={search_term_string}\"},\"query-input\":{\"@type\":\"PropertyValueSpecification\",\"valueRequired\":true,\"valueName\":\"search_term_string\"}}],\"inLanguage\":\"en-US\"},{\"@type\":[\"Person\",\"Organization\"],\"@id\":\"https:\\\/\\\/shrimataji.org\\\/test\\\/#\\\/schema\\\/person\\\/a1b3419c6585f164aa96da1ff85715d1\",\"name\":\"Nirmala Shrivastava\",\"image\":{\"@type\":\"ImageObject\",\"inLanguage\":\"en-US\",\"@id\":\"https:\\\/\\\/shrimataji.org\\\/test\\\/wp-content\\\/uploads\\\/2023\\\/02\\\/SMO_LOGO-03.svg\",\"url\":\"https:\\\/\\\/shrimataji.org\\\/test\\\/wp-content\\\/uploads\\\/2023\\\/02\\\/SMO_LOGO-03.svg\",\"contentUrl\":\"https:\\\/\\\/shrimataji.org\\\/test\\\/wp-content\\\/uploads\\\/2023\\\/02\\\/SMO_LOGO-03.svg\",\"width\":\"1024\",\"height\":\"1024\",\"caption\":\"Nirmala Shrivastava\"},\"logo\":{\"@id\":\"https:\\\/\\\/shrimataji.org\\\/test\\\/wp-content\\\/uploads\\\/2023\\\/02\\\/SMO_LOGO-03.svg\"},\"sameAs\":[\"https:\\\/\\\/shrimataji.org\\\/test\",\"https:\\\/\\\/www.facebook.com\\\/shrimataji\",\"https:\\\/\\\/x.com\\\/shrimataji\",\"https:\\\/\\\/www.youtube.com\\\/@Shri_Mataji_Nirmala_Devi\\\/featured\"]}]}<\/script>\n<!-- \/ Yoast SEO plugin. -->","yoast_head_json":{"title":"ENSZ IV. N\u0151k Vil\u00e1gkonferenci\u00e1ja - TEST - SMND","robots":{"index":"noindex","follow":"follow","max-snippet":"max-snippet:-1","max-image-preview":"max-image-preview:large","max-video-preview":"max-video-preview:-1"},"og_locale":"en_US","og_type":"article","og_title":"ENSZ IV. N\u0151k Vil\u00e1gkonferenci\u00e1ja - TEST - SMND","og_description":"ENSZ IV. N\u0151k Vil\u00e1gkonferenci\u00e1ja R\u00e9szlet a pekingi r\u00e9gi\u00f3k\u00f6zi kerekasztal-besz\u00e9lget\u00e9sr\u0151l, 1995. szeptember\u00e9ben Az 1995 szeptember\u00e9ben Pekingben megrendezett negyedik vil\u00e1gkonferencia a h\u00e1rom kor\u00e1bbi, n\u0151kr\u0151l \u00e9s nemek k\u00f6z\u00f6tti egyenl\u0151s\u00e9gr\u0151l sz\u00f3l\u00f3 glob\u00e1lis konferenci\u00e1n el\u00e9rt politikai meg\u00e1llapod\u00e1sok cs\u00facspontja volt. 189 orsz\u00e1g fogadta el egyhang\u00falag a n\u0151k t\u00e1rsadalmi szerepv\u00e1llal\u00e1s\u00e1nak n\u00f6vel\u00e9s\u00e9r\u0151l sz\u00f3l\u00f3 pekingi programot, amelyet a nemek k\u00f6z\u00f6tti egyenl\u0151s\u00e9g kulcsfontoss\u00e1g\u00fa glob\u00e1lis politikai&hellip; Read more","og_url":"https:\/\/shrimataji.org\/test\/hu\/un-womens-conference\/","og_site_name":"TEST - SMND","article_publisher":"https:\/\/www.facebook.com\/shrimataji","article_modified_time":"2026-04-12T14:48:04+00:00","og_image":[{"width":990,"height":350,"url":"https:\/\/shrimataji.org\/test\/wp-content\/uploads\/2018\/07\/media_originals\/images\/headers-general\/shri-mataji-speaking-at-the-un-womens-conference-in-beijing-1995.jpg","type":"image\/jpeg"}],"twitter_card":"summary_large_image","twitter_site":"@shrimataji","twitter_misc":{"Est. reading time":"3 minutes"},"schema":{"@context":"https:\/\/schema.org","@graph":[{"@type":"WebPage","@id":"https:\/\/shrimataji.org\/test\/hu\/un-womens-conference\/","url":"https:\/\/shrimataji.org\/test\/hu\/un-womens-conference\/","name":"ENSZ IV. N\u0151k Vil\u00e1gkonferenci\u00e1ja - TEST - SMND","isPartOf":{"@id":"https:\/\/shrimataji.org\/test\/#website"},"primaryImageOfPage":{"@id":"https:\/\/shrimataji.org\/test\/hu\/un-womens-conference\/#primaryimage"},"image":{"@id":"https:\/\/shrimataji.org\/test\/hu\/un-womens-conference\/#primaryimage"},"thumbnailUrl":"https:\/\/shrimataji.org\/test\/wp-content\/uploads\/2018\/07\/media_originals\/images\/headers-general\/shri-mataji-speaking-at-the-un-womens-conference-in-beijing-1995.jpg","datePublished":"2012-10-02T02:00:00+00:00","dateModified":"2026-04-12T14:48:04+00:00","breadcrumb":{"@id":"https:\/\/shrimataji.org\/test\/hu\/un-womens-conference\/#breadcrumb"},"inLanguage":"en-US","potentialAction":[{"@type":"ReadAction","target":["https:\/\/shrimataji.org\/test\/hu\/un-womens-conference\/"]}]},{"@type":"ImageObject","inLanguage":"en-US","@id":"https:\/\/shrimataji.org\/test\/hu\/un-womens-conference\/#primaryimage","url":"https:\/\/shrimataji.org\/test\/wp-content\/uploads\/2018\/07\/media_originals\/images\/headers-general\/shri-mataji-speaking-at-the-un-womens-conference-in-beijing-1995.jpg","contentUrl":"https:\/\/shrimataji.org\/test\/wp-content\/uploads\/2018\/07\/media_originals\/images\/headers-general\/shri-mataji-speaking-at-the-un-womens-conference-in-beijing-1995.jpg","width":990,"height":350},{"@type":"BreadcrumbList","@id":"https:\/\/shrimataji.org\/test\/hu\/un-womens-conference\/#breadcrumb","itemListElement":[{"@type":"ListItem","position":1,"name":"Home","item":"https:\/\/shrimataji.org\/test\/uk\/home-en\/"},{"@type":"ListItem","position":2,"name":"ENSZ IV. N\u0151k Vil\u00e1gkonferenci\u00e1ja"}]},{"@type":"WebSite","@id":"https:\/\/shrimataji.org\/test\/#website","url":"https:\/\/shrimataji.org\/test\/","name":"Shri Mataji Nirmala Devi","description":"A Life Dedicated to Humanity","publisher":{"@id":"https:\/\/shrimataji.org\/test\/#\/schema\/person\/a1b3419c6585f164aa96da1ff85715d1"},"potentialAction":[{"@type":"SearchAction","target":{"@type":"EntryPoint","urlTemplate":"https:\/\/shrimataji.org\/test\/?s={search_term_string}"},"query-input":{"@type":"PropertyValueSpecification","valueRequired":true,"valueName":"search_term_string"}}],"inLanguage":"en-US"},{"@type":["Person","Organization"],"@id":"https:\/\/shrimataji.org\/test\/#\/schema\/person\/a1b3419c6585f164aa96da1ff85715d1","name":"Nirmala Shrivastava","image":{"@type":"ImageObject","inLanguage":"en-US","@id":"https:\/\/shrimataji.org\/test\/wp-content\/uploads\/2023\/02\/SMO_LOGO-03.svg","url":"https:\/\/shrimataji.org\/test\/wp-content\/uploads\/2023\/02\/SMO_LOGO-03.svg","contentUrl":"https:\/\/shrimataji.org\/test\/wp-content\/uploads\/2023\/02\/SMO_LOGO-03.svg","width":"1024","height":"1024","caption":"Nirmala Shrivastava"},"logo":{"@id":"https:\/\/shrimataji.org\/test\/wp-content\/uploads\/2023\/02\/SMO_LOGO-03.svg"},"sameAs":["https:\/\/shrimataji.org\/test","https:\/\/www.facebook.com\/shrimataji","https:\/\/x.com\/shrimataji","https:\/\/www.youtube.com\/@Shri_Mataji_Nirmala_Devi\/featured"]}]}},"lang":"hu","translations":{"hu":19599,"ur":37528,"en":427,"am":18103,"th":20101,"ar":16999,"sq":18504,"zh":17401,"tr":10227,"pt":10434,"de":10709,"fr":10807,"it":10905,"es":11001,"ja":11299,"ru":11487,"bn":11679,"te":11787,"sw":11910,"he":12058,"el":12350,"sk":12448,"fa":12546,"fi":12644,"bg":13498,"ro":14573,"cs":14766,"nl":16663,"ku":16823,"be":18711,"kn":18985,"mr":20465,"uk":20758,"ml":21053,"ta":22822,"sv":23091,"gu":28926,"pa":29086,"fil":29540,"da":37835,"pl":38045,"nn":38387},"pll_sync_post":[],"_links":{"self":[{"href":"https:\/\/shrimataji.org\/test\/wp-json\/wp\/v2\/pages\/19599","targetHints":{"allow":["GET"]}}],"collection":[{"href":"https:\/\/shrimataji.org\/test\/wp-json\/wp\/v2\/pages"}],"about":[{"href":"https:\/\/shrimataji.org\/test\/wp-json\/wp\/v2\/types\/page"}],"author":[{"embeddable":true,"href":"https:\/\/shrimataji.org\/test\/wp-json\/wp\/v2\/users\/1"}],"replies":[{"embeddable":true,"href":"https:\/\/shrimataji.org\/test\/wp-json\/wp\/v2\/comments?post=19599"}],"version-history":[{"count":0,"href":"https:\/\/shrimataji.org\/test\/wp-json\/wp\/v2\/pages\/19599\/revisions"}],"wp:featuredmedia":[{"embeddable":true,"href":"https:\/\/shrimataji.org\/test\/wp-json\/wp\/v2\/media\/19601"}],"wp:attachment":[{"href":"https:\/\/shrimataji.org\/test\/wp-json\/wp\/v2\/media?parent=19599"}],"curies":[{"name":"wp","href":"https:\/\/api.w.org\/{rel}","templated":true}]}}