{"id":19608,"date":"2022-03-05T07:52:48","date_gmt":"2022-03-05T07:52:48","guid":{"rendered":"https:\/\/test.shrimataji.org\/?page_id=6494"},"modified":"2026-04-18T15:23:25","modified_gmt":"2026-04-18T15:23:25","slug":"vishuddhi-chakra","status":"publish","type":"page","link":"https:\/\/shrimataji.org\/test\/hu\/vishuddhi-chakra\/","title":{"rendered":"Vishuddhi csakra"},"content":{"rendered":"\n\n\t<h1>Vishuddhi csakra<\/h1>\n<h2>Kommunik\u00e1ci\u00f3, \u00d6nbecs\u00fcl\u00e9s, Diplom\u00e1cia<\/h2>\n<h4>Az emberi t\u00e1rsadalom evol\u00faci\u00f3ja gener\u00e1ci\u00f3kon \u00e1t fejl\u0151d\u00f6tt \u00e9s form\u00e1l\u00f3dott a hat\u00e9kony kommunik\u00e1ci\u00f3s k\u00e9szs\u00e9gek r\u00e9v\u00e9n. A Vishuddhi csakra az a k\u00f6zpont, amely lehet\u0151v\u00e9 teszi sz\u00e1munkra, hogy az egy\u00e9ni tudatoss\u00e1gunkb\u00f3l a kollekt\u00edv tudatoss\u00e1g fel\u00e9 l\u00e9pj\u00fcnk. Ez a kapcsolatunk m\u00e1sokkal, ami seg\u00edt \u00e1polni embert\u00e1rsaink ir\u00e1nti \u00e9rz\u00e9kenys\u00e9g\u00fcnket. Megtanuljuk felismerni a kollekt\u00edv j\u00f3akarat fontoss\u00e1g\u00e1b\u00f3l sz\u00e1rmaz\u00f3 el\u0151ny\u0151ket az egy\u00e9ni nyeres\u00e9g felett, valamint azt, hogy mindannyian egyek vagyunk.<\/h4>\n<div class=\"su-quote su-quote-style-default\"><div class=\"su-quote-inner su-u-clearfix su-u-trim\"> Shri Krishna nagyon sz\u00e9pen mondta: \u201eSatyam Vade, Hitam Vade, Priyam Vade&#8221;. Az, ami hasznos \u00e9s kedves a L\u00e9lek sz\u00e1m\u00e1ra, azt kell kifejezni. Lehet, hogy abban a pillanatban f\u00e1jdalmas, de k\u00e9s\u0151bb hasznoss\u00e1 \u00e9s szeretetteljess\u00e9 v\u00e1lhat. M\u00e9g mindezek meg\u00e9rt\u00e9se ellen\u00e9re is n\u00e9ha elfelejtj\u00fck, hogy Isten a szeretet. \u00c9s az igazs\u00e1g is a szeretet. <\/div><\/div>\n<p>Egy m\u00e1sik nagyszer\u0171 tulajdons\u00e1g, amely ennek a csakr\u00e1nak a megny\u00edl\u00e1s\u00e1val bontakozik ki szem\u00e9lyis\u00e9g\u00fcnkben, a diplom\u00e1ciai \u00e9rz\u00e9k. Diplomat\u00e1kk\u00e9nt elsaj\u00e1t\u00edtjuk a karizmatikus kommunik\u00e1ci\u00f3 m\u0171v\u00e9szet\u00e9t, de nem valamif\u00e9le kicsinyes szem\u00e9lyes haszonszerz\u00e9s, hatalom vagy p\u00e9nzszerz\u00e9s c\u00e9lj\u00e1b\u00f3l, hanem a nagyobb j\u00f3 \u00e9rdek\u00e9ben. Az \u00f6t\u00f6dik k\u00f6zpontra ir\u00e1nyul\u00f3 meditat\u00edv \u00e9s introspekt\u00edv figyelm\u00fcnk lehet\u0151v\u00e9 teszi sz\u00e1munkra, hogy spont\u00e1n m\u00f3don \u00e9s \u00e9rthet\u0151en kezelj\u00fcnk mindenf\u00e9le kapcsolatot.<\/p>\n\t\t<iframe loading=\"lazy\" title=\"Vishuddhi Chakra\" width=\"1920\" height=\"1080\" src=\"https:\/\/www.youtube.com\/embed\/LLi3R16u62Y?feature=oembed\" frameborder=\"0\" allow=\"accelerometer; autoplay; clipboard-write; encrypted-media; gyroscope; picture-in-picture; web-share\" allowfullscreen><\/iframe>\t\n\t<strong>Elhelyezked\u00e9s:<br \/>\n<\/strong>A Vishuddhi csakr\u00e1nk a nyakban tal\u00e1lhat\u00f3, a gerincvel\u0151ben, nagyj\u00e1b\u00f3l v\u00e1llmagass\u00e1gban. A Vishuddhi csakra \u00e1llapot\u00e1t mindk\u00e9t kez\u00fcnk mutat\u00f3ujj\u00e1ban \u00e9rezhetj\u00fck. A bal mutat\u00f3ujj a bal, m\u00edg a jobb mutat\u00f3ujj a jobb Vishuddhival van \u00f6sszef\u00fcgg\u00e9sben.\n<strong>Sz\u00edn:<br \/>\n<\/strong>A Vishuddhi csakr\u00e1t a vil\u00e1gosk\u00e9k \u00e1rnyalata jelk\u00e9pezi. Az \u00e9ter tiszt\u00edt\u00f3 elem\u00e9vel van \u00f6sszhangban.\n<strong>A Vishuddhi csakra tulajdons\u00e1gai a k\u00f6vetkez\u0151k:<\/strong><br \/>\n\u2022 Pozit\u00edv kapcsolatok<br \/>\n\u2022 Hat\u00e9kony kommunik\u00e1ci\u00f3<br \/>\n\u2022 Udvariass\u00e1g<br \/>\n\u2022 Diplom\u00e1ciai k\u00e9szs\u00e9g<br \/>\n\u2022 K\u00f6z\u00f6ss\u00e9gi szellem<br \/>\n\u2022 Kellemes szem\u00e9lyis\u00e9g\n<figure itemscope itemtype=\"https:\/\/schema.org\/ImageObject\">\n\t\t\t\t<a href=\"https:\/\/shrimataji.org\/test\/wp-content\/uploads\/2023\/02\/5-Vishuddhi-01.png\"  target=\"_blank\" rel=\"noopener\"  itemprop=\"url\">\n\t\t\t\t<img decoding=\"async\" src=\"https:\/\/shrimataji.org\/test\/wp-content\/uploads\/2026\/04\/hu-5-Vishuddhi-01-scaled.png\" alt=\"hu-5-Vishuddhi-01\" height=\"2560\" width=\"2402\" title=\"hu-5-Vishuddhi-01\" onerror=\"this.style.display='none'\" loading=\"lazy\" \/>\n\t\t\t\t<\/a>\n\t<\/figure>\n\t<p>A Vishuddhi csakr\u00e1nk \u00e1ltal k\u00f6zvet\u00edtett alapvet\u0151 tulajdons\u00e1gok k\u00f6z\u00e9 tartozik a hat\u00e9kony kommunik\u00e1ci\u00f3 \u00e9s a k\u00f6z\u00f6ss\u00e9gi \u00e9rz\u00e9s. Amikor a Vishuddhink kiegyens\u00falyozott, harm\u00f3ni\u00e1ban \u00e9rezz\u00fck magunkat a t\u00f6bbi emberrel, az emberis\u00e9ggel.<\/p>\n<p>A Vishuddhi csakra rendszeres medit\u00e1ci\u00f3n kereszt\u00fcli kibontakoztat\u00e1sa lehet\u0151v\u00e9 teszi sz\u00e1munkra, hogy diplom\u00e1ciai k\u00e9szs\u00e9geket fejlessz\u00fcnk ki magunkban, \u00e9s felfedezz\u00fcnk egy gyeng\u00e9d \u00e9s bar\u00e1ts\u00e1gos kommunik\u00e1ci\u00f3s st\u00edlust, amely term\u00e9szetes m\u00f3don j\u00f6n l\u00e9tre an\u00e9lk\u00fcl, hogy ilyen t\u00e9m\u00e1j\u00fa tanfolyamon r\u00e9szt kellene venn\u00fcnk. E csakra fejleszt\u00e9se azt is lehet\u0151v\u00e9 teszi sz\u00e1munkra, hogy b\u0171ntudat n\u00e9lk\u00fcl elfogadjuk a hi\u00e1nyoss\u00e1gainkat \u00e9s a kih\u00edv\u00e1sokat, \u00e9s lehet\u0151v\u00e9 teszi sz\u00e1munkra, hogy olyan megold\u00e1st tal\u00e1ljunk, ami megfelel\u0151 \u00e9s a javunkra v\u00e1lik.<\/p>\n<strong>Tapasztalat \u00e9s el\u0151ny\u00f6k:<\/strong><br \/>\nA Vishuddhi csakra a nyakadat, a torkodat, a karjaidat, az arcodat, a f\u00fcleidet, a sz\u00e1dat \u00e9s a fogaidat ir\u00e1ny\u00edtja. Emellett a kommunik\u00e1ci\u00f3s k\u00e9szs\u00e9geidet is szab\u00e1lyozza.\n<p>Amikor a Vishuddhi csakr\u00e1d kiegyens\u00falyozott, higgadt r\u00e1l\u00e1t\u00e1sod van az \u00e9leted esem\u00e9nyeire. A kih\u00edv\u00e1sokkal nyugodtabban tudsz szemben\u00e9zni. M\u00e9g a megterhel\u0151 helyzetekben is optimist\u00e1nak \u00e9rzed magad. A Vishuddhi csakra lehet\u0151v\u00e9 teszi sz\u00e1modra, hogy felismerd azt, hogy a k\u00fcls\u0151 esem\u00e9nyek rajtad k\u00edv\u00fcl is l\u00e9teznek. Ennek eredm\u00e9nyek\u00e9nt k\u00e9pes vagy nyugodtan szeml\u00e9lni \u0151ket.<\/p>\n<p>A kiegyens\u00falyozott Vishuddhi elengedhetetlen a spiritu\u00e1lis l\u00e9nyk\u00e9nt val\u00f3 fejl\u0151d\u00e9sedhez. Szint\u00e9n elengedhetetlen a m\u00e1sokkal val\u00f3 pozit\u00edv \u00e9s eg\u00e9szs\u00e9ges kapcsolatok kialak\u00edt\u00e1s\u00e1hoz. A diplom\u00e1cia \u00e9s a tisztelet egyar\u00e1nt fokoz\u00f3dik ennek a csakr\u00e1nak az ereje \u00e1ltal. A Sahaja J\u00f3ga medit\u00e1ci\u00f3 gyakorl\u00e1sa lehet\u0151v\u00e9 teszi, hogy er\u0151t adj a Vishuddhi csakr\u00e1nak \u00e9s megv\u00e9dd annak bal \u00e9s jobb oldali aspektus\u00e1t is. Ezt a csakr\u00e1t akkor is seg\u00edted, ha sz\u00edvb\u0151l besz\u00e9lsz, \u00e9s dics\u00e9rsz, ahelyett, hogy kritiz\u00e1ln\u00e1l.<\/p>\n<strong>\u00d6n\u00e9rt\u00e9kel\u00e9s:<br \/>\n<\/strong>Ha a Vishuddhi csakr\u00e1d nincs egyens\u00falyban, az \u00f6nbecs\u00fcl\u00e9s hi\u00e1ny\u00e1t \u00e9s b\u0171ntudatot tapasztalhatsz. Emellett id\u0151szakosan el\u0151fordulhat az is, hogy t\u00falzottan reag\u00e1lsz \u00e9s agressz\u00edven kommunik\u00e1lsz. A t\u00fal sok besz\u00e9d vagy kiab\u00e1l\u00e1s g\u00e1tolhatja a jobb Vishuddhi csakra m\u0171k\u00f6d\u00e9s\u00e9t. A f\u00fcledben vagy a fogaidban jelentkez\u0151 f\u00e1jdalom vagy fert\u0151z\u00e9s a Vishuddhi csakra elz\u00e1r\u00f3d\u00e1s\u00e1ra utalhat. A b\u0171ntudat f\u00e1j\u00f3 vagy fesz\u00fclt nyak \u00e9s v\u00e1llak form\u00e1j\u00e1ban jelentkezhet. Ez a bal oldali Vishuddhi egyens\u00falytalans\u00e1g\u00e1ra utalhat. Az ism\u00e9tl\u0151d\u0151 megf\u00e1z\u00e1sok, arc\u00fcreg- \u00e9s h\u00f6rg\u0151fert\u0151z\u00e9sek a jobb oldali Vishuddhi zavaraira utalhatnak. A nem megfelel\u0151 vagy tiltott kapcsolatok szint\u00e9n egyens\u00falyhi\u00e1nyt okozhatnak a bal Vishuddhi csakr\u00e1ban.\n<p><strong>Az egyens\u00falyhi\u00e1ny okai:<\/strong><\/p>\n<ul>\n<li>B\u0171ntudat \u00e9s az \u00f6nbecs\u00fcl\u00e9s hi\u00e1nya.<\/li>\n<li>Agressz\u00edv hangnem, kiab\u00e1l\u00e1s, haragos besz\u00e9d.<\/li>\n<li>Szarkazmus, ravasz besz\u00e9d, manipul\u00e1ci\u00f3, pletyka.<\/li>\n<\/ul>\n<strong>Hogyan hozzuk egyens\u00falyba:<br \/>\n<\/strong>Ha szeretn\u00e9d kiegyens\u00falyozni a Vishuddhi csakr\u00e1dat, helyezd a jobb kezed n\u00e9h\u00e1ny centim\u00e9terrel a csakra el\u00e9. A tenyerednek befel\u00e9 kell n\u00e9znie. Amint \u00e9rzed a vibr\u00e1ci\u00f3k \u00e1raml\u00e1s\u00e1t a kezedben, forgasd a csakra k\u00f6r\u00fcl az \u00f3ramutat\u00f3 j\u00e1r\u00e1s\u00e1val megegyez\u0151 ir\u00e1nyba. Ism\u00e9teld meg ezt a forgat\u00e1st n\u00e9h\u00e1nyszor.\n<p>A bal Vishuddhi megtiszt\u00edt\u00e1s\u00e1hoz tarts egy gyertyal\u00e1ngot n\u00e9h\u00e1ny centim\u00e9terre a nyakad \u00e9s a bal v\u00e1llad tal\u00e1lkoz\u00e1s\u00e1t\u00f3l. Mozgasd a l\u00e1ngot gyeng\u00e9den \u00e9s lassan az \u00f3ramutat\u00f3 j\u00e1r\u00e1s\u00e1val megegyez\u0151 ir\u00e1nyban a csakra k\u00f6r\u00fcl.<\/p>\n\n","protected":false},"excerpt":{"rendered":"<p>Vishuddhi csakra Kommunik\u00e1ci\u00f3, \u00d6nbecs\u00fcl\u00e9s, Diplom\u00e1cia Az emberi t\u00e1rsadalom evol\u00faci\u00f3ja gener\u00e1ci\u00f3kon \u00e1t fejl\u0151d\u00f6tt \u00e9s form\u00e1l\u00f3dott a hat\u00e9kony kommunik\u00e1ci\u00f3s k\u00e9szs\u00e9gek r\u00e9v\u00e9n. A Vishuddhi csakra az a k\u00f6zpont, amely lehet\u0151v\u00e9 teszi sz\u00e1munkra, hogy az egy\u00e9ni tudatoss\u00e1gunkb\u00f3l a kollekt\u00edv tudatoss\u00e1g fel\u00e9 l\u00e9pj\u00fcnk. Ez a kapcsolatunk m\u00e1sokkal, ami seg\u00edt \u00e1polni embert\u00e1rsaink ir\u00e1nti \u00e9rz\u00e9kenys\u00e9g\u00fcnket. Megtanuljuk felismerni a kollekt\u00edv j\u00f3akarat fontoss\u00e1g\u00e1b\u00f3l sz\u00e1rmaz\u00f3&hellip; <br \/> <a class=\"read-more\" href=\"https:\/\/shrimataji.org\/test\/hu\/vishuddhi-chakra\/\">Read more<\/a><\/p>\n","protected":false},"author":1,"featured_media":19610,"parent":0,"menu_order":0,"comment_status":"closed","ping_status":"closed","template":"","meta":{"inline_featured_image":false,"footnotes":""},"class_list":["post-19608","page","type-page","status-publish","has-post-thumbnail","hentry"],"yoast_head":"<!-- This site is optimized with the Yoast SEO plugin v27.4 - https:\/\/yoast.com\/product\/yoast-seo-wordpress\/ -->\n<title>Vishuddhi csakra - TEST - SMND<\/title>\n<meta name=\"robots\" content=\"noindex, follow, max-snippet:-1, max-image-preview:large, max-video-preview:-1\" \/>\n<meta property=\"og:locale\" content=\"en_US\" \/>\n<meta property=\"og:type\" content=\"article\" \/>\n<meta property=\"og:title\" content=\"Vishuddhi csakra - TEST - SMND\" \/>\n<meta property=\"og:description\" content=\"Vishuddhi csakra Kommunik\u00e1ci\u00f3, \u00d6nbecs\u00fcl\u00e9s, Diplom\u00e1cia Az emberi t\u00e1rsadalom evol\u00faci\u00f3ja gener\u00e1ci\u00f3kon \u00e1t fejl\u0151d\u00f6tt \u00e9s form\u00e1l\u00f3dott a hat\u00e9kony kommunik\u00e1ci\u00f3s k\u00e9szs\u00e9gek r\u00e9v\u00e9n. A Vishuddhi csakra az a k\u00f6zpont, amely lehet\u0151v\u00e9 teszi sz\u00e1munkra, hogy az egy\u00e9ni tudatoss\u00e1gunkb\u00f3l a kollekt\u00edv tudatoss\u00e1g fel\u00e9 l\u00e9pj\u00fcnk. Ez a kapcsolatunk m\u00e1sokkal, ami seg\u00edt \u00e1polni embert\u00e1rsaink ir\u00e1nti \u00e9rz\u00e9kenys\u00e9g\u00fcnket. Megtanuljuk felismerni a kollekt\u00edv j\u00f3akarat fontoss\u00e1g\u00e1b\u00f3l sz\u00e1rmaz\u00f3&hellip; Read more\" \/>\n<meta property=\"og:url\" content=\"https:\/\/shrimataji.org\/test\/hu\/vishuddhi-chakra\/\" \/>\n<meta property=\"og:site_name\" content=\"TEST - SMND\" \/>\n<meta property=\"article:publisher\" content=\"https:\/\/www.facebook.com\/shrimataji\" \/>\n<meta property=\"article:modified_time\" content=\"2026-04-18T15:23:25+00:00\" \/>\n<meta property=\"og:image\" content=\"https:\/\/shrimataji.org\/test\/wp-content\/uploads\/2023\/03\/20_Banner-SY-Chakra-vishu-scaled.jpg\" \/>\n\t<meta property=\"og:image:width\" content=\"2560\" \/>\n\t<meta property=\"og:image:height\" content=\"905\" \/>\n\t<meta property=\"og:image:type\" content=\"image\/jpeg\" \/>\n<meta name=\"twitter:card\" content=\"summary_large_image\" \/>\n<meta name=\"twitter:site\" content=\"@shrimataji\" \/>\n<meta name=\"twitter:label1\" content=\"Est. reading time\" \/>\n\t<meta name=\"twitter:data1\" content=\"4 minutes\" \/>\n<script type=\"application\/ld+json\" class=\"yoast-schema-graph\">{\"@context\":\"https:\\\/\\\/schema.org\",\"@graph\":[{\"@type\":\"WebPage\",\"@id\":\"https:\\\/\\\/shrimataji.org\\\/test\\\/hu\\\/vishuddhi-chakra\\\/\",\"url\":\"https:\\\/\\\/shrimataji.org\\\/test\\\/hu\\\/vishuddhi-chakra\\\/\",\"name\":\"Vishuddhi csakra - TEST - SMND\",\"isPartOf\":{\"@id\":\"https:\\\/\\\/shrimataji.org\\\/test\\\/#website\"},\"primaryImageOfPage\":{\"@id\":\"https:\\\/\\\/shrimataji.org\\\/test\\\/hu\\\/vishuddhi-chakra\\\/#primaryimage\"},\"image\":{\"@id\":\"https:\\\/\\\/shrimataji.org\\\/test\\\/hu\\\/vishuddhi-chakra\\\/#primaryimage\"},\"thumbnailUrl\":\"https:\\\/\\\/shrimataji.org\\\/test\\\/wp-content\\\/uploads\\\/2023\\\/03\\\/20_Banner-SY-Chakra-vishu-scaled.jpg\",\"datePublished\":\"2022-03-05T07:52:48+00:00\",\"dateModified\":\"2026-04-18T15:23:25+00:00\",\"breadcrumb\":{\"@id\":\"https:\\\/\\\/shrimataji.org\\\/test\\\/hu\\\/vishuddhi-chakra\\\/#breadcrumb\"},\"inLanguage\":\"en-US\",\"potentialAction\":[{\"@type\":\"ReadAction\",\"target\":[\"https:\\\/\\\/shrimataji.org\\\/test\\\/hu\\\/vishuddhi-chakra\\\/\"]}]},{\"@type\":\"ImageObject\",\"inLanguage\":\"en-US\",\"@id\":\"https:\\\/\\\/shrimataji.org\\\/test\\\/hu\\\/vishuddhi-chakra\\\/#primaryimage\",\"url\":\"https:\\\/\\\/shrimataji.org\\\/test\\\/wp-content\\\/uploads\\\/2023\\\/03\\\/20_Banner-SY-Chakra-vishu-scaled.jpg\",\"contentUrl\":\"https:\\\/\\\/shrimataji.org\\\/test\\\/wp-content\\\/uploads\\\/2023\\\/03\\\/20_Banner-SY-Chakra-vishu-scaled.jpg\",\"width\":2560,\"height\":905},{\"@type\":\"BreadcrumbList\",\"@id\":\"https:\\\/\\\/shrimataji.org\\\/test\\\/hu\\\/vishuddhi-chakra\\\/#breadcrumb\",\"itemListElement\":[{\"@type\":\"ListItem\",\"position\":1,\"name\":\"Home\",\"item\":\"https:\\\/\\\/shrimataji.org\\\/test\\\/uk\\\/home-en\\\/\"},{\"@type\":\"ListItem\",\"position\":2,\"name\":\"Vishuddhi csakra\"}]},{\"@type\":\"WebSite\",\"@id\":\"https:\\\/\\\/shrimataji.org\\\/test\\\/#website\",\"url\":\"https:\\\/\\\/shrimataji.org\\\/test\\\/\",\"name\":\"Shri Mataji Nirmala Devi\",\"description\":\"A Life Dedicated to Humanity\",\"publisher\":{\"@id\":\"https:\\\/\\\/shrimataji.org\\\/test\\\/#\\\/schema\\\/person\\\/a1b3419c6585f164aa96da1ff85715d1\"},\"potentialAction\":[{\"@type\":\"SearchAction\",\"target\":{\"@type\":\"EntryPoint\",\"urlTemplate\":\"https:\\\/\\\/shrimataji.org\\\/test\\\/?s={search_term_string}\"},\"query-input\":{\"@type\":\"PropertyValueSpecification\",\"valueRequired\":true,\"valueName\":\"search_term_string\"}}],\"inLanguage\":\"en-US\"},{\"@type\":[\"Person\",\"Organization\"],\"@id\":\"https:\\\/\\\/shrimataji.org\\\/test\\\/#\\\/schema\\\/person\\\/a1b3419c6585f164aa96da1ff85715d1\",\"name\":\"Nirmala Shrivastava\",\"image\":{\"@type\":\"ImageObject\",\"inLanguage\":\"en-US\",\"@id\":\"https:\\\/\\\/shrimataji.org\\\/test\\\/wp-content\\\/uploads\\\/2023\\\/02\\\/SMO_LOGO-03.svg\",\"url\":\"https:\\\/\\\/shrimataji.org\\\/test\\\/wp-content\\\/uploads\\\/2023\\\/02\\\/SMO_LOGO-03.svg\",\"contentUrl\":\"https:\\\/\\\/shrimataji.org\\\/test\\\/wp-content\\\/uploads\\\/2023\\\/02\\\/SMO_LOGO-03.svg\",\"width\":\"1024\",\"height\":\"1024\",\"caption\":\"Nirmala Shrivastava\"},\"logo\":{\"@id\":\"https:\\\/\\\/shrimataji.org\\\/test\\\/wp-content\\\/uploads\\\/2023\\\/02\\\/SMO_LOGO-03.svg\"},\"sameAs\":[\"https:\\\/\\\/shrimataji.org\\\/test\",\"https:\\\/\\\/www.facebook.com\\\/shrimataji\",\"https:\\\/\\\/x.com\\\/shrimataji\",\"https:\\\/\\\/www.youtube.com\\\/@Shri_Mataji_Nirmala_Devi\\\/featured\"]}]}<\/script>\n<!-- \/ Yoast SEO plugin. -->","yoast_head_json":{"title":"Vishuddhi csakra - TEST - SMND","robots":{"index":"noindex","follow":"follow","max-snippet":"max-snippet:-1","max-image-preview":"max-image-preview:large","max-video-preview":"max-video-preview:-1"},"og_locale":"en_US","og_type":"article","og_title":"Vishuddhi csakra - TEST - SMND","og_description":"Vishuddhi csakra Kommunik\u00e1ci\u00f3, \u00d6nbecs\u00fcl\u00e9s, Diplom\u00e1cia Az emberi t\u00e1rsadalom evol\u00faci\u00f3ja gener\u00e1ci\u00f3kon \u00e1t fejl\u0151d\u00f6tt \u00e9s form\u00e1l\u00f3dott a hat\u00e9kony kommunik\u00e1ci\u00f3s k\u00e9szs\u00e9gek r\u00e9v\u00e9n. A Vishuddhi csakra az a k\u00f6zpont, amely lehet\u0151v\u00e9 teszi sz\u00e1munkra, hogy az egy\u00e9ni tudatoss\u00e1gunkb\u00f3l a kollekt\u00edv tudatoss\u00e1g fel\u00e9 l\u00e9pj\u00fcnk. Ez a kapcsolatunk m\u00e1sokkal, ami seg\u00edt \u00e1polni embert\u00e1rsaink ir\u00e1nti \u00e9rz\u00e9kenys\u00e9g\u00fcnket. Megtanuljuk felismerni a kollekt\u00edv j\u00f3akarat fontoss\u00e1g\u00e1b\u00f3l sz\u00e1rmaz\u00f3&hellip; Read more","og_url":"https:\/\/shrimataji.org\/test\/hu\/vishuddhi-chakra\/","og_site_name":"TEST - SMND","article_publisher":"https:\/\/www.facebook.com\/shrimataji","article_modified_time":"2026-04-18T15:23:25+00:00","og_image":[{"width":2560,"height":905,"url":"https:\/\/shrimataji.org\/test\/wp-content\/uploads\/2023\/03\/20_Banner-SY-Chakra-vishu-scaled.jpg","type":"image\/jpeg"}],"twitter_card":"summary_large_image","twitter_site":"@shrimataji","twitter_misc":{"Est. reading time":"4 minutes"},"schema":{"@context":"https:\/\/schema.org","@graph":[{"@type":"WebPage","@id":"https:\/\/shrimataji.org\/test\/hu\/vishuddhi-chakra\/","url":"https:\/\/shrimataji.org\/test\/hu\/vishuddhi-chakra\/","name":"Vishuddhi csakra - TEST - SMND","isPartOf":{"@id":"https:\/\/shrimataji.org\/test\/#website"},"primaryImageOfPage":{"@id":"https:\/\/shrimataji.org\/test\/hu\/vishuddhi-chakra\/#primaryimage"},"image":{"@id":"https:\/\/shrimataji.org\/test\/hu\/vishuddhi-chakra\/#primaryimage"},"thumbnailUrl":"https:\/\/shrimataji.org\/test\/wp-content\/uploads\/2023\/03\/20_Banner-SY-Chakra-vishu-scaled.jpg","datePublished":"2022-03-05T07:52:48+00:00","dateModified":"2026-04-18T15:23:25+00:00","breadcrumb":{"@id":"https:\/\/shrimataji.org\/test\/hu\/vishuddhi-chakra\/#breadcrumb"},"inLanguage":"en-US","potentialAction":[{"@type":"ReadAction","target":["https:\/\/shrimataji.org\/test\/hu\/vishuddhi-chakra\/"]}]},{"@type":"ImageObject","inLanguage":"en-US","@id":"https:\/\/shrimataji.org\/test\/hu\/vishuddhi-chakra\/#primaryimage","url":"https:\/\/shrimataji.org\/test\/wp-content\/uploads\/2023\/03\/20_Banner-SY-Chakra-vishu-scaled.jpg","contentUrl":"https:\/\/shrimataji.org\/test\/wp-content\/uploads\/2023\/03\/20_Banner-SY-Chakra-vishu-scaled.jpg","width":2560,"height":905},{"@type":"BreadcrumbList","@id":"https:\/\/shrimataji.org\/test\/hu\/vishuddhi-chakra\/#breadcrumb","itemListElement":[{"@type":"ListItem","position":1,"name":"Home","item":"https:\/\/shrimataji.org\/test\/uk\/home-en\/"},{"@type":"ListItem","position":2,"name":"Vishuddhi csakra"}]},{"@type":"WebSite","@id":"https:\/\/shrimataji.org\/test\/#website","url":"https:\/\/shrimataji.org\/test\/","name":"Shri Mataji Nirmala Devi","description":"A Life Dedicated to Humanity","publisher":{"@id":"https:\/\/shrimataji.org\/test\/#\/schema\/person\/a1b3419c6585f164aa96da1ff85715d1"},"potentialAction":[{"@type":"SearchAction","target":{"@type":"EntryPoint","urlTemplate":"https:\/\/shrimataji.org\/test\/?s={search_term_string}"},"query-input":{"@type":"PropertyValueSpecification","valueRequired":true,"valueName":"search_term_string"}}],"inLanguage":"en-US"},{"@type":["Person","Organization"],"@id":"https:\/\/shrimataji.org\/test\/#\/schema\/person\/a1b3419c6585f164aa96da1ff85715d1","name":"Nirmala Shrivastava","image":{"@type":"ImageObject","inLanguage":"en-US","@id":"https:\/\/shrimataji.org\/test\/wp-content\/uploads\/2023\/02\/SMO_LOGO-03.svg","url":"https:\/\/shrimataji.org\/test\/wp-content\/uploads\/2023\/02\/SMO_LOGO-03.svg","contentUrl":"https:\/\/shrimataji.org\/test\/wp-content\/uploads\/2023\/02\/SMO_LOGO-03.svg","width":"1024","height":"1024","caption":"Nirmala Shrivastava"},"logo":{"@id":"https:\/\/shrimataji.org\/test\/wp-content\/uploads\/2023\/02\/SMO_LOGO-03.svg"},"sameAs":["https:\/\/shrimataji.org\/test","https:\/\/www.facebook.com\/shrimataji","https:\/\/x.com\/shrimataji","https:\/\/www.youtube.com\/@Shri_Mataji_Nirmala_Devi\/featured"]}]}},"lang":"hu","translations":{"hu":19608,"ur":37534,"en":6494,"am":18109,"th":20110,"ar":17005,"sq":18510,"zh":17407,"hi":8265,"tr":10231,"pt":10438,"de":10713,"fr":10811,"it":10909,"es":11005,"ja":11303,"ru":11491,"bn":11683,"te":11791,"sw":11914,"he":12062,"el":12354,"sk":12452,"fa":12550,"fi":12648,"bg":13368,"ro":14442,"cs":14635,"nl":16669,"ku":16829,"be":18717,"kn":18991,"mr":20474,"uk":20767,"ml":21062,"ta":22828,"sv":23097,"gu":28932,"pa":29092,"fil":29546,"da":37841,"pl":38051,"nn":38393},"pll_sync_post":[],"_links":{"self":[{"href":"https:\/\/shrimataji.org\/test\/wp-json\/wp\/v2\/pages\/19608","targetHints":{"allow":["GET"]}}],"collection":[{"href":"https:\/\/shrimataji.org\/test\/wp-json\/wp\/v2\/pages"}],"about":[{"href":"https:\/\/shrimataji.org\/test\/wp-json\/wp\/v2\/types\/page"}],"author":[{"embeddable":true,"href":"https:\/\/shrimataji.org\/test\/wp-json\/wp\/v2\/users\/1"}],"replies":[{"embeddable":true,"href":"https:\/\/shrimataji.org\/test\/wp-json\/wp\/v2\/comments?post=19608"}],"version-history":[{"count":0,"href":"https:\/\/shrimataji.org\/test\/wp-json\/wp\/v2\/pages\/19608\/revisions"}],"wp:featuredmedia":[{"embeddable":true,"href":"https:\/\/shrimataji.org\/test\/wp-json\/wp\/v2\/media\/19610"}],"wp:attachment":[{"href":"https:\/\/shrimataji.org\/test\/wp-json\/wp\/v2\/media?parent=19608"}],"curies":[{"name":"wp","href":"https:\/\/api.w.org\/{rel}","templated":true}]}}