{"id":22940,"date":"2011-10-02T03:00:00","date_gmt":"2011-10-02T03:00:00","guid":{"rendered":"http:\/\/testwordpress.nirmalnagari.org\/smnd\/index.php\/a-noble-inheritance\/"},"modified":"2024-11-29T16:05:46","modified_gmt":"2024-11-29T16:05:46","slug":"ett-adelt-arv","status":"publish","type":"page","link":"https:\/\/shrimataji.org\/test\/sv\/ett-adelt-arv\/","title":{"rendered":"Ett \u00c4delt Arv"},"content":{"rendered":"\n\n\t<h1>Ett \u00e4delt arv<\/h1>\n<h2>\u00c4ttlingar av Shalivahana-dynastin<\/h2>\n\t<h4>Nirmala Salve f\u00f6ddes exakt klockan tolv p\u00e5 v\u00e5rdagj\u00e4mningen, den 21 mars 1923, i Chhindwara, en stad mitt i Indien. Man kunde tidigt se att Nirmala \u00e4rvt sina f\u00f6rf\u00e4ders goda egenskaper.<\/h4>\n\t<img decoding=\"async\" data-spai-excluded=\"true\" loading=\"lazy\"  alt=\"YouTube player\"  src=\"https:\/\/i.ytimg.com\/vi\/PWHnhJCTwLA\/maxresdefault.jpg\"  \/><button aria-label=\"Play\"><\/button><meta itemprop=\"embedUrl\" content=\"https:\/\/www.youtube.com\/embed\/PWHnhJCTwLA\"\/><meta itemprop=\"name\" content=\"Family, Birth And Education\"\/><meta itemprop=\"description\" content=\"Shri Mataji&#039;s parents were educated and enlightened people. She speaks about their encounter with a tiger just before her birth. Shri Mataji&#039;s mother felt great compassion towards this animal. The ease and purity of the birth gave them cause to call their child Nirmala, meaning &#039;immaculate.&#039; They felt she was certain to do something great. Her father guided her to an understanding of humans and encouraged her to give Realization. More videos at: http:\/\/ShriMataji.org ~ A Life Dedicated to Humanity ~\"\/><meta itemprop=\"thumbnailUrl\" content=\"https:\/\/i.ytimg.com\/vi\/PWHnhJCTwLA\/0.jpg\"\/><meta itemprop=\"duration\" content=\"PT5M31S\"\/><meta itemprop=\"uploadDate\" content=\"2020-07-20T00:16:36Z\"\/>\n\t<p>Hennes mormor, Sakhubai Salve, var modig och dygdig, egenskaper som hade f\u00f6ljt sl\u00e4kten i generationer. \u00c5r 1883, under de sena stadierna av graviditeten, f\u00f6rlorade Sakhubai sin man under tragiska omst\u00e4ndigheter. Hotad av hans sl\u00e4ktingar (som inte tolererade det faktum att han och hans familj var kristna) tog hon sina fyra barn och flydde en monsundr\u00e4nkt natt.<\/p>\nSakhubai hade s\u00e5dan tro att hon trots sitt fysiska tillst\u00e5nd, hennes l\u00e5nga sari, \u00f6sregnet och brusande flod lyckades ta sig \u00f6ver med sina barn, f\u00f6ljt av en 8-kilometers promenad till n\u00e4rmaste j\u00e4rnv\u00e4gsstation. I gryningen gick de ombord p\u00e5 ett t\u00e5g till Ujjain, Sakhubais brors hem. Under dessa sv\u00e5ra omst\u00e4ndigheter f\u00f6ddes Prasad Rao Salve, Shri Matajis far.\n\t<p>Sakhubai och hennes barn var tvungna att anpassa sig fr\u00e5n ett liv i rikedom till ett liv i fattigdom. Hennes barns utbildning var dock avg\u00f6rande f\u00f6r Sakhubai, och hon l\u00e4rde dem sj\u00e4lvuppoffring och engagemang. De fortsatte sina studier under gatlyktorna n\u00e4r det inte fanns tillr\u00e4ckligt med fotogen hemma.<\/p>\n<p>Prasad Rao, den yngste, var en s\u00e4rskilt lysande student och fick stipendier under hela sin akademiska karri\u00e4r. Han studerade juridik och b\u00f6rjade p\u00e5 ett v\u00e4lk\u00e4nt f\u00f6retag i staden Chhindwara. Han gifte sig strax efter, men blev tyv\u00e4rr \u00e4nkling vid 37 \u00e5rs \u00e5lder, med fem barn. \u00c4ven om han var motvillig, \u00f6vertalades han s\u00e5 sm\u00e5ningom av sina sl\u00e4ktingar att gifta om sig f\u00f6r barnens skull.<\/p>\n<p>Det fanns en ung kvinna fr\u00e5n Nagpur som hette Cornelia Karuna Jadhav, den f\u00f6rsta kvinnan i Indien som fick en hedersexamen i matematik. Hon var ocks\u00e5 forskare i Sanskrit och mycket v\u00e4l bevandrad i forntida indisk kultur. Eftersom hon var s\u00e5 h\u00f6gutbildad var det sv\u00e5rt f\u00f6r hennes far att hitta en partner till henne med minst lika, om inte h\u00f6gre, akademiska meriter.<\/p>\n<p>Genom gemensamma v\u00e4nner skickade Prasad Rao ett \u00e4ktenskapsf\u00f6rslag till Cornelia och hennes far. Det var inte l\u00e4tt att acceptera detta f\u00f6rslag fr\u00e5n en \u00e4nkeman med fem barn. Hon var dock imponerad av hans intelligens och tro p\u00e5 Gud och hon k\u00e4nde en djup medk\u00e4nsla f\u00f6r hans barn, som f\u00f6rlorade sin mamma i unga \u00e5r. De gifte sig den 21 juni 1920.<\/p>\n\t<div class=\"su-quote su-quote-style-default\"><div class=\"su-quote-inner su-u-clearfix su-u-trim\">Mina f\u00f6rf\u00e4der regerade h\u00e4r och detta var huvudstaden i Shalivanas som kallas Prathishthan. De var h\u00e4rskare i tusentals \u00e5r. Det var de som startade Shalivahan-dynastin, och de kallade sig sj\u00e4lva Sathvahan vilket betyder sju Vahanas (fordon). De representerade de sju Vahanas av de sju chakrorna.<\/div><\/div>\n\t<p>Prasad Rao och Cornelia delade en djup k\u00e4rlek till sitt hemland och de stora andliga traditionerna och v\u00e4rderingarna. Deras dotter Nirmala var bara tv\u00e5 \u00e5r gammal, \u00e5r 1925, n\u00e4r de tr\u00e4ffade Mahatma Gandhi f\u00f6r f\u00f6rsta g\u00e5ngen, och detta m\u00f6te hade en enorm inverkan p\u00e5 dem. De delade hans vision f\u00f6r ett fritt Indien som skulle uppn\u00e5s genom icke-v\u00e5ld.<\/p>\n<p>Trots att Prasad Rao blivit adlad av Britterna och att de var kristna (vilket innebar m\u00e5nga privilegier under brittiskt styre) tvekade han och hans fru inte p\u00e5 att g\u00e5 med i r\u00f6relsen. De br\u00e4nde sina utlandstillverkade kl\u00e4der p\u00e5 det offentliga torget i Nagpur. P\u00e5 grund av deras inblandning i frihetskampen f\u00e4ngslades dem flera g\u00e5nger, och de gjorde det till en familjeregel att ingen fick gr\u00e5ta n\u00e4r de skildes \u00e5t. Indiens frihet var det viktigaste, och sj\u00e4lvuppoffring var en sj\u00e4lvklarhet.<\/p>\n\t<div class=\"epyt-video-wrapper\"><div  data-ep-a=\"fadeIn\"  style=\"display: block; margin: 0px auto;\"  id=\"_ytid_21724\"  width=\"3840\" height=\"2160\"  data-origwidth=\"3840\" data-origheight=\"2160\" data-facadesrc=\"https:\/\/www.youtube.com\/embed\/WOPg1lrL1ps?enablejsapi=1&autoplay=0&cc_load_policy=0&cc_lang_pref=&iv_load_policy=1&loop=0&rel=0&fs=1&playsinline=1&autohide=2&theme=dark&color=red&controls=1&disablekb=0&\" class=\"__youtube_prefs__ epyt-facade  no-lazyload\" data-epautoplay=\"1\" ><img decoding=\"async\" data-spai-excluded=\"true\" class=\"epyt-facade-poster skip-lazy\" loading=\"lazy\"  alt=\"YouTube player\"  src=\"https:\/\/i.ytimg.com\/vi\/WOPg1lrL1ps\/maxresdefault.jpg\"  \/><button class=\"epyt-facade-play\" aria-label=\"Play\"><svg data-no-lazy=\"1\" height=\"100%\" version=\"1.1\" viewBox=\"0 0 68 48\" width=\"100%\"><path class=\"ytp-large-play-button-bg\" d=\"M66.52,7.74c-0.78-2.93-2.49-5.41-5.42-6.19C55.79,.13,34,0,34,0S12.21,.13,6.9,1.55 C3.97,2.33,2.27,4.81,1.48,7.74C0.06,13.05,0,24,0,24s0.06,10.95,1.48,16.26c0.78,2.93,2.49,5.41,5.42,6.19 C12.21,47.87,34,48,34,48s21.79-0.13,27.1-1.55c2.93-0.78,4.64-3.26,5.42-6.19C67.94,34.95,68,24,68,24S67.94,13.05,66.52,7.74z\" fill=\"#f00\"><\/path><path d=\"M 45,24 27,14 27,34\" fill=\"#fff\"><\/path><\/svg><\/button><\/div><\/div><span itemprop=\"video\" itemscope itemtype=\"http:\/\/schema.org\/VideoObject\"><meta itemprop=\"embedUrl\" content=\"https:\/\/www.youtube.com\/embed\/WOPg1lrL1ps\"><meta itemprop=\"name\" content=\"An Ideal Father And Leader\"><meta itemprop=\"description\" content=\"A learned man who fought for his people, Shri Mataji remembers her own father, Prasad Rao Salve. She describes a brilliant man of principle and ideals. He was a leader in the fight for Indian independence, willing to go to jail for a just cause -- once for more than three years. The immense sacrifices he made, inspired Shri Mataji forward in her life&#039;s work, giving her a sense of right and wrong. More videos at: http:\/\/ShriMataji.org ~ A Life Dedicated to Humanity ~\"><meta itemprop=\"thumbnailUrl\" content=\"https:\/\/i.ytimg.com\/vi\/WOPg1lrL1ps\/0.jpg\"><meta itemprop=\"duration\" content=\"PT2M31S\"><meta itemprop=\"uploadDate\" content=\"2020-07-20T00:13:01Z\"><\/span>\n\tI och med att hennes f\u00f6r\u00e4ldrar ofta var borta eller satt i f\u00e4ngelse tog Shri Mataji hand om hush\u00e5llet s\u00e5 att hennes \u00e4ldre syskon kunde koncentrera sig p\u00e5 sina studier. Hon var d\u00e5 \u00e5tta \u00e5r gammal.<br \/>\nN\u00e5gra \u00e5r senare var Shri Mataji gammal nog att sj\u00e4lv g\u00e5 med i frihetskampen, och hon uppmuntrade andra studenter att g\u00f6ra detsamma. \u00c4ven hon f\u00e4ngslades och torterades av Britterna. Men hennes k\u00e4mpargl\u00f6d f\u00f6rsvagades inte av detta. Under hela sitt liv skulle hon forts\u00e4tta att f\u00f6ra vidare sina f\u00f6rf\u00e4ders eviga v\u00e4rden: mod, sj\u00e4lvuppoffring och medk\u00e4nsla.\n\t\t\t\t<img loading=\"lazy\" decoding=\"async\" src=\"https:\/\/shrimataji.org\/test\/wp-content\/uploads\/2018\/07\/media_originals\/images\/shri-mataji-and-family\/shri-mataji-nirmala-devi-and-family.jpg\" alt=\"shri-mataji-nirmala-devi-and-family\" itemprop=\"image\" height=\"1045\" width=\"1500\" title=\"shri-mataji-nirmala-devi-and-family\" onerror=\"this.style.display='none'\"  \/>\n\t<hr \/>\n<h3><a href=\"#citation-ref-1\"><\/a> <a name=\"citation-note-1\"><\/a>H. P. Salve, &#8216;My Memoirs&#8217; New Delhi: Life Eternal Trust, 2000.<\/h3>\n\n","protected":false},"excerpt":{"rendered":"<p>Ett \u00e4delt arv \u00c4ttlingar av Shalivahana-dynastin Nirmala Salve f\u00f6ddes exakt klockan tolv p\u00e5 v\u00e5rdagj\u00e4mningen, den 21 mars 1923, i Chhindwara, en stad mitt i Indien. Man kunde tidigt se att Nirmala \u00e4rvt sina f\u00f6rf\u00e4ders goda egenskaper. Hennes mormor, Sakhubai Salve, var modig och dygdig, egenskaper som hade f\u00f6ljt sl\u00e4kten i generationer. \u00c5r 1883, under de&hellip; <br \/> <a class=\"read-more\" href=\"https:\/\/shrimataji.org\/test\/sv\/ett-adelt-arv\/\">Read more<\/a><\/p>\n","protected":false},"author":58,"featured_media":22942,"parent":0,"menu_order":0,"comment_status":"closed","ping_status":"closed","template":"pro\/page-templates\/full-width-page.php","meta":{"inline_featured_image":false,"footnotes":""},"class_list":["post-22940","page","type-page","status-publish","has-post-thumbnail","hentry"],"yoast_head":"<!-- This site is optimized with the Yoast SEO plugin v27.4 - https:\/\/yoast.com\/product\/yoast-seo-wordpress\/ -->\n<title>Ett \u00c4delt Arv - TEST - SMND<\/title>\n<meta name=\"robots\" content=\"noindex, follow, max-snippet:-1, max-image-preview:large, max-video-preview:-1\" \/>\n<meta property=\"og:locale\" content=\"en_US\" \/>\n<meta property=\"og:type\" content=\"article\" \/>\n<meta property=\"og:title\" content=\"Ett \u00c4delt Arv - TEST - SMND\" \/>\n<meta property=\"og:description\" content=\"Ett \u00e4delt arv \u00c4ttlingar av Shalivahana-dynastin Nirmala Salve f\u00f6ddes exakt klockan tolv p\u00e5 v\u00e5rdagj\u00e4mningen, den 21 mars 1923, i Chhindwara, en stad mitt i Indien. Man kunde tidigt se att Nirmala \u00e4rvt sina f\u00f6rf\u00e4ders goda egenskaper. Hennes mormor, Sakhubai Salve, var modig och dygdig, egenskaper som hade f\u00f6ljt sl\u00e4kten i generationer. \u00c5r 1883, under de&hellip; Read more\" \/>\n<meta property=\"og:url\" content=\"https:\/\/shrimataji.org\/test\/sv\/ett-adelt-arv\/\" \/>\n<meta property=\"og:site_name\" content=\"TEST - SMND\" \/>\n<meta property=\"article:publisher\" content=\"https:\/\/www.facebook.com\/shrimataji\" \/>\n<meta property=\"article:modified_time\" content=\"2024-11-29T16:05:46+00:00\" \/>\n<meta property=\"og:image\" content=\"https:\/\/shrimataji.org\/test\/wp-content\/uploads\/2023\/03\/7_Banner-Family_NobleInheritance-scaled.jpg\" \/>\n\t<meta property=\"og:image:width\" content=\"2560\" \/>\n\t<meta property=\"og:image:height\" content=\"905\" \/>\n\t<meta property=\"og:image:type\" content=\"image\/jpeg\" \/>\n<meta name=\"twitter:card\" content=\"summary_large_image\" \/>\n<meta name=\"twitter:site\" content=\"@shrimataji\" \/>\n<meta name=\"twitter:label1\" content=\"Est. reading time\" \/>\n\t<meta name=\"twitter:data1\" content=\"4 minutes\" \/>\n<script type=\"application\/ld+json\" class=\"yoast-schema-graph\">{\"@context\":\"https:\\\/\\\/schema.org\",\"@graph\":[{\"@type\":\"WebPage\",\"@id\":\"https:\\\/\\\/shrimataji.org\\\/test\\\/sv\\\/ett-adelt-arv\\\/\",\"url\":\"https:\\\/\\\/shrimataji.org\\\/test\\\/sv\\\/ett-adelt-arv\\\/\",\"name\":\"Ett \u00c4delt Arv - TEST - SMND\",\"isPartOf\":{\"@id\":\"https:\\\/\\\/shrimataji.org\\\/test\\\/#website\"},\"primaryImageOfPage\":{\"@id\":\"https:\\\/\\\/shrimataji.org\\\/test\\\/sv\\\/ett-adelt-arv\\\/#primaryimage\"},\"image\":{\"@id\":\"https:\\\/\\\/shrimataji.org\\\/test\\\/sv\\\/ett-adelt-arv\\\/#primaryimage\"},\"thumbnailUrl\":\"https:\\\/\\\/shrimataji.org\\\/test\\\/wp-content\\\/uploads\\\/2023\\\/03\\\/7_Banner-Family_NobleInheritance-scaled.jpg\",\"datePublished\":\"2011-10-02T03:00:00+00:00\",\"dateModified\":\"2024-11-29T16:05:46+00:00\",\"breadcrumb\":{\"@id\":\"https:\\\/\\\/shrimataji.org\\\/test\\\/sv\\\/ett-adelt-arv\\\/#breadcrumb\"},\"inLanguage\":\"en-US\",\"potentialAction\":[{\"@type\":\"ReadAction\",\"target\":[\"https:\\\/\\\/shrimataji.org\\\/test\\\/sv\\\/ett-adelt-arv\\\/\"]}]},{\"@type\":\"ImageObject\",\"inLanguage\":\"en-US\",\"@id\":\"https:\\\/\\\/shrimataji.org\\\/test\\\/sv\\\/ett-adelt-arv\\\/#primaryimage\",\"url\":\"https:\\\/\\\/shrimataji.org\\\/test\\\/wp-content\\\/uploads\\\/2023\\\/03\\\/7_Banner-Family_NobleInheritance-scaled.jpg\",\"contentUrl\":\"https:\\\/\\\/shrimataji.org\\\/test\\\/wp-content\\\/uploads\\\/2023\\\/03\\\/7_Banner-Family_NobleInheritance-scaled.jpg\",\"width\":2560,\"height\":905},{\"@type\":\"BreadcrumbList\",\"@id\":\"https:\\\/\\\/shrimataji.org\\\/test\\\/sv\\\/ett-adelt-arv\\\/#breadcrumb\",\"itemListElement\":[{\"@type\":\"ListItem\",\"position\":1,\"name\":\"Home\",\"item\":\"https:\\\/\\\/shrimataji.org\\\/test\\\/uk\\\/home-en\\\/\"},{\"@type\":\"ListItem\",\"position\":2,\"name\":\"Ett \u00c4delt Arv\"}]},{\"@type\":\"WebSite\",\"@id\":\"https:\\\/\\\/shrimataji.org\\\/test\\\/#website\",\"url\":\"https:\\\/\\\/shrimataji.org\\\/test\\\/\",\"name\":\"Shri Mataji Nirmala Devi\",\"description\":\"A Life Dedicated to Humanity\",\"publisher\":{\"@id\":\"https:\\\/\\\/shrimataji.org\\\/test\\\/#\\\/schema\\\/person\\\/a1b3419c6585f164aa96da1ff85715d1\"},\"potentialAction\":[{\"@type\":\"SearchAction\",\"target\":{\"@type\":\"EntryPoint\",\"urlTemplate\":\"https:\\\/\\\/shrimataji.org\\\/test\\\/?s={search_term_string}\"},\"query-input\":{\"@type\":\"PropertyValueSpecification\",\"valueRequired\":true,\"valueName\":\"search_term_string\"}}],\"inLanguage\":\"en-US\"},{\"@type\":[\"Person\",\"Organization\"],\"@id\":\"https:\\\/\\\/shrimataji.org\\\/test\\\/#\\\/schema\\\/person\\\/a1b3419c6585f164aa96da1ff85715d1\",\"name\":\"Nirmala Shrivastava\",\"image\":{\"@type\":\"ImageObject\",\"inLanguage\":\"en-US\",\"@id\":\"https:\\\/\\\/shrimataji.org\\\/test\\\/wp-content\\\/uploads\\\/2023\\\/02\\\/SMO_LOGO-03.svg\",\"url\":\"https:\\\/\\\/shrimataji.org\\\/test\\\/wp-content\\\/uploads\\\/2023\\\/02\\\/SMO_LOGO-03.svg\",\"contentUrl\":\"https:\\\/\\\/shrimataji.org\\\/test\\\/wp-content\\\/uploads\\\/2023\\\/02\\\/SMO_LOGO-03.svg\",\"width\":\"1024\",\"height\":\"1024\",\"caption\":\"Nirmala Shrivastava\"},\"logo\":{\"@id\":\"https:\\\/\\\/shrimataji.org\\\/test\\\/wp-content\\\/uploads\\\/2023\\\/02\\\/SMO_LOGO-03.svg\"},\"sameAs\":[\"https:\\\/\\\/shrimataji.org\\\/test\",\"https:\\\/\\\/www.facebook.com\\\/shrimataji\",\"https:\\\/\\\/x.com\\\/shrimataji\",\"https:\\\/\\\/www.youtube.com\\\/@Shri_Mataji_Nirmala_Devi\\\/featured\"]}]}<\/script>\n<!-- \/ Yoast SEO plugin. -->","yoast_head_json":{"title":"Ett \u00c4delt Arv - TEST - SMND","robots":{"index":"noindex","follow":"follow","max-snippet":"max-snippet:-1","max-image-preview":"max-image-preview:large","max-video-preview":"max-video-preview:-1"},"og_locale":"en_US","og_type":"article","og_title":"Ett \u00c4delt Arv - TEST - SMND","og_description":"Ett \u00e4delt arv \u00c4ttlingar av Shalivahana-dynastin Nirmala Salve f\u00f6ddes exakt klockan tolv p\u00e5 v\u00e5rdagj\u00e4mningen, den 21 mars 1923, i Chhindwara, en stad mitt i Indien. Man kunde tidigt se att Nirmala \u00e4rvt sina f\u00f6rf\u00e4ders goda egenskaper. Hennes mormor, Sakhubai Salve, var modig och dygdig, egenskaper som hade f\u00f6ljt sl\u00e4kten i generationer. \u00c5r 1883, under de&hellip; Read more","og_url":"https:\/\/shrimataji.org\/test\/sv\/ett-adelt-arv\/","og_site_name":"TEST - SMND","article_publisher":"https:\/\/www.facebook.com\/shrimataji","article_modified_time":"2024-11-29T16:05:46+00:00","og_image":[{"width":2560,"height":905,"url":"https:\/\/shrimataji.org\/test\/wp-content\/uploads\/2023\/03\/7_Banner-Family_NobleInheritance-scaled.jpg","type":"image\/jpeg"}],"twitter_card":"summary_large_image","twitter_site":"@shrimataji","twitter_misc":{"Est. reading time":"4 minutes"},"schema":{"@context":"https:\/\/schema.org","@graph":[{"@type":"WebPage","@id":"https:\/\/shrimataji.org\/test\/sv\/ett-adelt-arv\/","url":"https:\/\/shrimataji.org\/test\/sv\/ett-adelt-arv\/","name":"Ett \u00c4delt Arv - TEST - SMND","isPartOf":{"@id":"https:\/\/shrimataji.org\/test\/#website"},"primaryImageOfPage":{"@id":"https:\/\/shrimataji.org\/test\/sv\/ett-adelt-arv\/#primaryimage"},"image":{"@id":"https:\/\/shrimataji.org\/test\/sv\/ett-adelt-arv\/#primaryimage"},"thumbnailUrl":"https:\/\/shrimataji.org\/test\/wp-content\/uploads\/2023\/03\/7_Banner-Family_NobleInheritance-scaled.jpg","datePublished":"2011-10-02T03:00:00+00:00","dateModified":"2024-11-29T16:05:46+00:00","breadcrumb":{"@id":"https:\/\/shrimataji.org\/test\/sv\/ett-adelt-arv\/#breadcrumb"},"inLanguage":"en-US","potentialAction":[{"@type":"ReadAction","target":["https:\/\/shrimataji.org\/test\/sv\/ett-adelt-arv\/"]}]},{"@type":"ImageObject","inLanguage":"en-US","@id":"https:\/\/shrimataji.org\/test\/sv\/ett-adelt-arv\/#primaryimage","url":"https:\/\/shrimataji.org\/test\/wp-content\/uploads\/2023\/03\/7_Banner-Family_NobleInheritance-scaled.jpg","contentUrl":"https:\/\/shrimataji.org\/test\/wp-content\/uploads\/2023\/03\/7_Banner-Family_NobleInheritance-scaled.jpg","width":2560,"height":905},{"@type":"BreadcrumbList","@id":"https:\/\/shrimataji.org\/test\/sv\/ett-adelt-arv\/#breadcrumb","itemListElement":[{"@type":"ListItem","position":1,"name":"Home","item":"https:\/\/shrimataji.org\/test\/uk\/home-en\/"},{"@type":"ListItem","position":2,"name":"Ett \u00c4delt Arv"}]},{"@type":"WebSite","@id":"https:\/\/shrimataji.org\/test\/#website","url":"https:\/\/shrimataji.org\/test\/","name":"Shri Mataji Nirmala Devi","description":"A Life Dedicated to Humanity","publisher":{"@id":"https:\/\/shrimataji.org\/test\/#\/schema\/person\/a1b3419c6585f164aa96da1ff85715d1"},"potentialAction":[{"@type":"SearchAction","target":{"@type":"EntryPoint","urlTemplate":"https:\/\/shrimataji.org\/test\/?s={search_term_string}"},"query-input":{"@type":"PropertyValueSpecification","valueRequired":true,"valueName":"search_term_string"}}],"inLanguage":"en-US"},{"@type":["Person","Organization"],"@id":"https:\/\/shrimataji.org\/test\/#\/schema\/person\/a1b3419c6585f164aa96da1ff85715d1","name":"Nirmala Shrivastava","image":{"@type":"ImageObject","inLanguage":"en-US","@id":"https:\/\/shrimataji.org\/test\/wp-content\/uploads\/2023\/02\/SMO_LOGO-03.svg","url":"https:\/\/shrimataji.org\/test\/wp-content\/uploads\/2023\/02\/SMO_LOGO-03.svg","contentUrl":"https:\/\/shrimataji.org\/test\/wp-content\/uploads\/2023\/02\/SMO_LOGO-03.svg","width":"1024","height":"1024","caption":"Nirmala Shrivastava"},"logo":{"@id":"https:\/\/shrimataji.org\/test\/wp-content\/uploads\/2023\/02\/SMO_LOGO-03.svg"},"sameAs":["https:\/\/shrimataji.org\/test","https:\/\/www.facebook.com\/shrimataji","https:\/\/x.com\/shrimataji","https:\/\/www.youtube.com\/@Shri_Mataji_Nirmala_Devi\/featured"]}]}},"lang":"sv","translations":{"sv":22940,"ur":37380,"en":434,"am":17951,"th":19872,"hu":19426,"sq":18352,"zh":17249,"hi":7323,"tr":10127,"pt":10344,"pl":10478,"de":10617,"fr":10715,"it":10813,"es":10911,"ja":11208,"ru":11396,"bn":11588,"te":11696,"sw":11819,"he":11967,"sk":12356,"fa":12454,"fi":12552,"bg":13510,"ro":14585,"cs":14778,"nl":16512,"ku":16672,"ar":16848,"el":17659,"be":18559,"kn":18833,"mr":20236,"uk":20528,"ml":20827,"ta":22667,"gu":28788,"pa":28946,"fil":29386,"da":37694,"nn":38246},"pll_sync_post":[],"_links":{"self":[{"href":"https:\/\/shrimataji.org\/test\/wp-json\/wp\/v2\/pages\/22940","targetHints":{"allow":["GET"]}}],"collection":[{"href":"https:\/\/shrimataji.org\/test\/wp-json\/wp\/v2\/pages"}],"about":[{"href":"https:\/\/shrimataji.org\/test\/wp-json\/wp\/v2\/types\/page"}],"author":[{"embeddable":true,"href":"https:\/\/shrimataji.org\/test\/wp-json\/wp\/v2\/users\/58"}],"replies":[{"embeddable":true,"href":"https:\/\/shrimataji.org\/test\/wp-json\/wp\/v2\/comments?post=22940"}],"version-history":[{"count":0,"href":"https:\/\/shrimataji.org\/test\/wp-json\/wp\/v2\/pages\/22940\/revisions"}],"wp:featuredmedia":[{"embeddable":true,"href":"https:\/\/shrimataji.org\/test\/wp-json\/wp\/v2\/media\/22942"}],"wp:attachment":[{"href":"https:\/\/shrimataji.org\/test\/wp-json\/wp\/v2\/media?parent=22940"}],"curies":[{"name":"wp","href":"https:\/\/api.w.org\/{rel}","templated":true}]}}