{"id":22943,"date":"2018-07-10T06:54:46","date_gmt":"2018-07-10T06:54:46","guid":{"rendered":"http:\/\/testwordpress.nirmalnagari.org\/smnd\/index.php\/a-pivotal-moment\/"},"modified":"2024-11-29T16:25:11","modified_gmt":"2024-11-29T16:25:11","slug":"ett-avgorande-ogonblick","status":"publish","type":"page","link":"https:\/\/shrimataji.org\/test\/sv\/ett-avgorande-ogonblick\/","title":{"rendered":"Ett avg\u00f6rande \u00f6gonblick"},"content":{"rendered":"\n\n\t<h1>Ett avg\u00f6rande \u00f6gonblick<\/h1>\n<h2>Ett evigt \u00f6gonblick av ren f\u00f6rvandling<\/h2>\n\t<h4>Den 5 maj 1970, i kuststaden Nargol p\u00e5 Indiens v\u00e4stkust n\u00e4ra Mumbai, h\u00e4nde n\u00e5got fantastiskt n\u00e4r Sahasrara \u00f6ppnades. Det \u00e4r det h\u00f6gsta chakrat.<\/h4>\n\t<p>Det var en mycket viktig h\u00e4ndelse. Allt som f\u00f6ljde i Shri Matajis andliga arv kom fr\u00e5n den h\u00e4ndelsen. Som en viktig vetenskaplig uppt\u00e4ckt, eller ett vackert konstverk, har detta aldrig tidigare sk\u00e5dade genombrott gett efterklang genom \u00e5ren och p\u00e5verkat alla som kommer i kontakt med hennes verk och vision.<\/p>\n<p>Shri Matajis uppt\u00e4ckt var och \u00e4r unik. \u00d6ppnandet av Sahasrara \u00e4r ett \u00f6gonblick av ren f\u00f6rvandling, och det ger en metod f\u00f6r m\u00e4nniskor att n\u00e5 bortom sina begr\u00e4nsningar och att f\u00e5 kontakt med n\u00e5got st\u00f6rre. Det var det h\u00e4r hon hade v\u00e4ntat p\u00e5 i hela sitt liv.<\/p>\n<p>&#8220;Jag letade efter s\u00e4tten och metoderna&#8221;, f\u00f6rklarade hon, &#8220;att utarbeta det inom mig sj\u00e4lv genom min egen form av meditation i den meningen att jag skulle f\u00f6rst\u00e5 hur det fungerade. N\u00e4r jag tr\u00e4ffade en person s\u00e5g jag vilka problem den personen hade och hur de kunde l\u00f6sas.&#8221;<\/p>\n\t\t\t\t<img loading=\"lazy\" decoding=\"async\" src=\"https:\/\/shrimataji.org\/test\/wp-content\/uploads\/2018\/07\/media_originals\/images\/shri-mataji-portraits\/mother-ocean.jpg\" alt=\"mother-ocean\" itemprop=\"image\" height=\"541\" width=\"721\" title=\"mother-ocean\" onerror=\"this.style.display='none'\"  \/>\n\t<p>Shri Mataji visste att nyckeln till att f\u00f6rst\u00e5 det m\u00e4nskliga dilemmat l\u00e5g i den ur\u00e5ldriga kunskapen om det subtila systemet. Detta system \u00e4r bortom det fysiska, sammansatt av kanaler, energicentrum och en prim\u00e4r energik\u00e4lla k\u00e4nd som Kundalini. Funktionerna och strukturen speglar det fysiska systemet som vetenskapen redan k\u00e4nde till, men p\u00e5 en mer subtil niv\u00e5.<\/p>\n<p>&#8220;Jag kunde se alla saker som p\u00e5gick,&#8221; mindes hon. &#8220;Det var den dagen jag sa att jag m\u00e5ste \u00f6ppna det sista chakrat.&#8221;<\/p>\n<p>Detta chakra eller energicentrum kallas f\u00f6r Sahasrara, med sitt s\u00e4te i det limbiska omr\u00e5det i hj\u00e4rnan. \u00d6ppnandet av detta energicentrum var det som satte ig\u00e5ng v\u00e4gen till sanningen.<\/p>\n\t\t\t\t<img loading=\"lazy\" decoding=\"async\" src=\"https:\/\/shrimataji.org\/test\/wp-content\/uploads\/2018\/07\/media_originals\/images\/shri-mataji-portraits\/shri-mataji-looking.jpg\" alt=\"shri-mataji-looking\" itemprop=\"image\" height=\"541\" width=\"721\" title=\"shri-mataji-looking\" onerror=\"this.style.display='none'\"  \/>\n\t<p>&#8220;Jag var helt ensam och jag m\u00e5dde v\u00e4ldigt bra. Det fanns ingen i n\u00e4rheten som kunde s\u00e4ga ett ord. Och sedan, i meditation, k\u00e4nde jag att tiden hade kommit d\u00e5 Sahasrara m\u00e5ste \u00f6ppnas. Jag m\u00e4rkte d\u00e5 att Kundalini steg upp genom mig och hade f\u00e4rgen av sm\u00e4lt gl\u00f6dhett j\u00e4rn.<\/p>\n<p>&#8220;Sedan s\u00e5g jag hur Kundalini fortsatte upp\u00e5t och genomborrade Brahmarandra.&#8221;<\/p>\n<p>Brahmarandra finns vid fontanellen, p\u00e5 toppen av huvudet. Upplevelsen som Shri Mataji beskrev var sj\u00e4lvupplysning, uppkomsten av kunskap och medvetenhet som s\u00e5 m\u00e5nga l\u00e4ngtar efter. Hon talade om ett \u00f6de som s\u00e5 m\u00e5nga s\u00f6ker och som vanligtvis tar flera \u00e5r av h\u00e4ngivenhet och arbete.<\/p>\n<p>&#8220;Jag k\u00e4nde en sval bris fr\u00e5n alla h\u00e5ll. Jag s\u00e5g hur Sahasrara \u00f6ppnades upp och jag k\u00e4nde att jag blev ett med allt.&#8221;<\/p>\n\t<p>Shri Mataji visste att denna upplevelse av sj\u00e4lvf\u00f6rverkligande, denna h\u00f6gre kunskap, m\u00e5ste delas med hela v\u00e4rlden.<\/p>\n<p>&#8220;Jag f\u00f6rstod d\u00e5 att jag m\u00e5ste p\u00e5b\u00f6rja mitt arbete. Alla r\u00e4dslor f\u00f6rsvann och jag f\u00f6rstod att jag hade kommit till den h\u00e4r v\u00e4rlden endast f\u00f6r detta \u00e4ndam\u00e5l; f\u00f6r att v\u00e4cka det kollektiva medvetandet hos m\u00e4nniskor. Jag f\u00f6rstod att enda s\u00e4ttet f\u00f6r att f\u00e5 m\u00e4nskligheten att vakna upp var att g\u00e5 denna v\u00e4g.<\/p>\nShri Mataji b\u00f6rjade sitt arbete genom att meditera tillsammans med en gammal dam och n\u00e4r hon fick sin sj\u00e4lvupplysning gick hon vidare med andra m\u00e4nniskor. Det gick l\u00e4tt p\u00e5 individniv\u00e5 men nu var det dags att ta det hela vidare och ge sj\u00e4lvupplysning till alla m\u00e4nniskor.<br \/>\n&#8220;Alla skulle f\u00e5 chansen att uppleva det h\u00e4r men det hade aldrig tidigare gjorts p\u00e5 kollektiv niv\u00e5. Jag ins\u00e5g allt detta i min meditation.&#8221;\n<p>&#8220;Ingen k\u00e4nde till de krafter jag hade inom mig. Ingen hade n\u00e5gon aning om vem jag var och de flesta var heller inte redo att ta emot sj\u00e4lvupplysning.&#8221;<\/p>\n\t\t\t\t<img loading=\"lazy\" decoding=\"async\" src=\"https:\/\/shrimataji.org\/test\/wp-content\/uploads\/2018\/07\/media_originals\/images\/shri-mataji-portraits\/shri-mataji-nirmala-devi-831x1080.jpg\" alt=\"shri-mataji-nirmala-devi\" itemprop=\"image\" height=\"1080\" width=\"831\" title=\"shri-mataji-nirmala-devi\" onerror=\"this.style.display='none'\"  \/>\n\t<p>&#8220;Men n\u00e4r Kundalini v\u00e4cktes upp i den gamla damen,&#8221; m\u00e4rkte Shri Mataji, att en ny sorts kraft hade v\u00e4ckts upp inom henne. Efter det fick ytterligare tolv personer sin sj\u00e4lvupplysning. De blev f\u00f6rv\u00e5nade n\u00e4r deras \u00f6gon b\u00f6rjade lysa. Genom denna nya medvetenhet kunde de k\u00e4nna hela universum.<\/p>\n\t\t\t\t<img loading=\"lazy\" decoding=\"async\" src=\"https:\/\/shrimataji.org\/test\/wp-content\/uploads\/2018\/07\/media_originals\/images\/shri-mataji-teaching-sahaja-yoga\/shri-mataji-nirmala-devi-teaching-sahaja-yoga-meditation-in-india.jpg\" alt=\"shri-mataji-nirmala-devi-teaching-sahaja-yoga-meditation-in-india\" itemprop=\"image\" height=\"541\" width=\"721\" title=\"shri-mataji-nirmala-devi-teaching-sahaja-yoga-meditation-in-india\" onerror=\"this.style.display='none'\"  \/>\n\t<p>Genom sj\u00e4lvupplysningen b\u00f6rjade m\u00e4nniskorna nu se sina sanna Jag och \u00e4ven andra m\u00e4nniskors sanna jag.<\/p>\n<p>&#8220;Jag ins\u00e5g att alla dessa tolv m\u00e4nniskor hade olika egenskaper och jag l\u00e4rde de hur de skulle kunna arbeta tillsammans. Det \u00e4r som n\u00e4r vi tr\u00e4r in blommor i en enda krans med hj\u00e4lp av en n\u00e5l&#8230; N\u00e4r de fick sin insikt, m\u00e4rkte jag att det inom dem, inom alla, h\u00f6ll p\u00e5 att integreras i ett enda sn\u00f6re efter varandra.<\/p>\n\t<div class=\"su-quote su-quote-style-default\"><div class=\"su-quote-inner su-u-clearfix su-u-trim\">Jag b\u00f6rjade med en enda kvinna och sedan spreds medvetenheten om att det h\u00e4r var n\u00e5gonting v\u00e4ldigt viktigt.<\/div><\/div>\n\t<iframe loading=\"lazy\" title=\"First Awakenings And Self Realization\" width=\"1920\" height=\"1080\" src=\"https:\/\/www.youtube.com\/embed\/EM8Bip5ObJo?feature=oembed\" frameborder=\"0\" allow=\"accelerometer; autoplay; clipboard-write; encrypted-media; gyroscope; picture-in-picture; web-share\" allowfullscreen><\/iframe>\n\t<iframe loading=\"lazy\" title=\"A Meeting That Gave Understanding\" width=\"1920\" height=\"1080\" src=\"https:\/\/www.youtube.com\/embed\/yKot6Plxn7Y?feature=oembed\" frameborder=\"0\" allow=\"accelerometer; autoplay; clipboard-write; encrypted-media; gyroscope; picture-in-picture; web-share\" allowfullscreen><\/iframe>\n\t<iframe loading=\"lazy\" title=\"Many Are Still Seeking The Truth\" width=\"1920\" height=\"1080\" src=\"https:\/\/www.youtube.com\/embed\/-KffEGsqep8?feature=oembed\" frameborder=\"0\" allow=\"accelerometer; autoplay; clipboard-write; encrypted-media; gyroscope; picture-in-picture; web-share\" allowfullscreen><\/iframe>\n\n","protected":false},"excerpt":{"rendered":"<p>Ett avg\u00f6rande \u00f6gonblick Ett evigt \u00f6gonblick av ren f\u00f6rvandling Den 5 maj 1970, i kuststaden Nargol p\u00e5 Indiens v\u00e4stkust n\u00e4ra Mumbai, h\u00e4nde n\u00e5got fantastiskt n\u00e4r Sahasrara \u00f6ppnades. Det \u00e4r det h\u00f6gsta chakrat. Det var en mycket viktig h\u00e4ndelse. Allt som f\u00f6ljde i Shri Matajis andliga arv kom fr\u00e5n den h\u00e4ndelsen. Som en viktig vetenskaplig uppt\u00e4ckt,&hellip; <br \/> <a class=\"read-more\" href=\"https:\/\/shrimataji.org\/test\/sv\/ett-avgorande-ogonblick\/\">Read more<\/a><\/p>\n","protected":false},"author":58,"featured_media":22944,"parent":0,"menu_order":0,"comment_status":"closed","ping_status":"closed","template":"","meta":{"inline_featured_image":false,"footnotes":""},"class_list":["post-22943","page","type-page","status-publish","has-post-thumbnail","hentry"],"yoast_head":"<!-- This site is optimized with the Yoast SEO plugin v27.4 - https:\/\/yoast.com\/product\/yoast-seo-wordpress\/ -->\n<title>Ett avg\u00f6rande \u00f6gonblick - TEST - SMND<\/title>\n<meta name=\"robots\" content=\"noindex, follow, max-snippet:-1, max-image-preview:large, max-video-preview:-1\" \/>\n<meta property=\"og:locale\" content=\"en_US\" \/>\n<meta property=\"og:type\" content=\"article\" \/>\n<meta property=\"og:title\" content=\"Ett avg\u00f6rande \u00f6gonblick - TEST - SMND\" \/>\n<meta property=\"og:description\" content=\"Ett avg\u00f6rande \u00f6gonblick Ett evigt \u00f6gonblick av ren f\u00f6rvandling Den 5 maj 1970, i kuststaden Nargol p\u00e5 Indiens v\u00e4stkust n\u00e4ra Mumbai, h\u00e4nde n\u00e5got fantastiskt n\u00e4r Sahasrara \u00f6ppnades. Det \u00e4r det h\u00f6gsta chakrat. Det var en mycket viktig h\u00e4ndelse. Allt som f\u00f6ljde i Shri Matajis andliga arv kom fr\u00e5n den h\u00e4ndelsen. Som en viktig vetenskaplig uppt\u00e4ckt,&hellip; Read more\" \/>\n<meta property=\"og:url\" content=\"https:\/\/shrimataji.org\/test\/sv\/ett-avgorande-ogonblick\/\" \/>\n<meta property=\"og:site_name\" content=\"TEST - SMND\" \/>\n<meta property=\"article:publisher\" content=\"https:\/\/www.facebook.com\/shrimataji\" \/>\n<meta property=\"article:modified_time\" content=\"2024-11-29T16:25:11+00:00\" \/>\n<meta property=\"og:image\" content=\"https:\/\/shrimataji.org\/test\/wp-content\/uploads\/2023\/03\/11_Banner-PublicLife-PivotalMoment-scaled.jpg\" \/>\n\t<meta property=\"og:image:width\" content=\"2560\" \/>\n\t<meta property=\"og:image:height\" content=\"905\" \/>\n\t<meta property=\"og:image:type\" content=\"image\/jpeg\" \/>\n<meta name=\"twitter:card\" content=\"summary_large_image\" \/>\n<meta name=\"twitter:site\" content=\"@shrimataji\" \/>\n<script type=\"application\/ld+json\" class=\"yoast-schema-graph\">{\"@context\":\"https:\\\/\\\/schema.org\",\"@graph\":[{\"@type\":\"WebPage\",\"@id\":\"https:\\\/\\\/shrimataji.org\\\/test\\\/sv\\\/ett-avgorande-ogonblick\\\/\",\"url\":\"https:\\\/\\\/shrimataji.org\\\/test\\\/sv\\\/ett-avgorande-ogonblick\\\/\",\"name\":\"Ett avg\u00f6rande \u00f6gonblick - TEST - SMND\",\"isPartOf\":{\"@id\":\"https:\\\/\\\/shrimataji.org\\\/test\\\/#website\"},\"primaryImageOfPage\":{\"@id\":\"https:\\\/\\\/shrimataji.org\\\/test\\\/sv\\\/ett-avgorande-ogonblick\\\/#primaryimage\"},\"image\":{\"@id\":\"https:\\\/\\\/shrimataji.org\\\/test\\\/sv\\\/ett-avgorande-ogonblick\\\/#primaryimage\"},\"thumbnailUrl\":\"https:\\\/\\\/shrimataji.org\\\/test\\\/wp-content\\\/uploads\\\/2023\\\/03\\\/11_Banner-PublicLife-PivotalMoment-scaled.jpg\",\"datePublished\":\"2018-07-10T06:54:46+00:00\",\"dateModified\":\"2024-11-29T16:25:11+00:00\",\"breadcrumb\":{\"@id\":\"https:\\\/\\\/shrimataji.org\\\/test\\\/sv\\\/ett-avgorande-ogonblick\\\/#breadcrumb\"},\"inLanguage\":\"en-US\",\"potentialAction\":[{\"@type\":\"ReadAction\",\"target\":[\"https:\\\/\\\/shrimataji.org\\\/test\\\/sv\\\/ett-avgorande-ogonblick\\\/\"]}]},{\"@type\":\"ImageObject\",\"inLanguage\":\"en-US\",\"@id\":\"https:\\\/\\\/shrimataji.org\\\/test\\\/sv\\\/ett-avgorande-ogonblick\\\/#primaryimage\",\"url\":\"https:\\\/\\\/shrimataji.org\\\/test\\\/wp-content\\\/uploads\\\/2023\\\/03\\\/11_Banner-PublicLife-PivotalMoment-scaled.jpg\",\"contentUrl\":\"https:\\\/\\\/shrimataji.org\\\/test\\\/wp-content\\\/uploads\\\/2023\\\/03\\\/11_Banner-PublicLife-PivotalMoment-scaled.jpg\",\"width\":2560,\"height\":905},{\"@type\":\"BreadcrumbList\",\"@id\":\"https:\\\/\\\/shrimataji.org\\\/test\\\/sv\\\/ett-avgorande-ogonblick\\\/#breadcrumb\",\"itemListElement\":[{\"@type\":\"ListItem\",\"position\":1,\"name\":\"Home\",\"item\":\"https:\\\/\\\/shrimataji.org\\\/test\\\/uk\\\/home-en\\\/\"},{\"@type\":\"ListItem\",\"position\":2,\"name\":\"Ett avg\u00f6rande \u00f6gonblick\"}]},{\"@type\":\"WebSite\",\"@id\":\"https:\\\/\\\/shrimataji.org\\\/test\\\/#website\",\"url\":\"https:\\\/\\\/shrimataji.org\\\/test\\\/\",\"name\":\"Shri Mataji Nirmala Devi\",\"description\":\"A Life Dedicated to Humanity\",\"publisher\":{\"@id\":\"https:\\\/\\\/shrimataji.org\\\/test\\\/#\\\/schema\\\/person\\\/a1b3419c6585f164aa96da1ff85715d1\"},\"potentialAction\":[{\"@type\":\"SearchAction\",\"target\":{\"@type\":\"EntryPoint\",\"urlTemplate\":\"https:\\\/\\\/shrimataji.org\\\/test\\\/?s={search_term_string}\"},\"query-input\":{\"@type\":\"PropertyValueSpecification\",\"valueRequired\":true,\"valueName\":\"search_term_string\"}}],\"inLanguage\":\"en-US\"},{\"@type\":[\"Person\",\"Organization\"],\"@id\":\"https:\\\/\\\/shrimataji.org\\\/test\\\/#\\\/schema\\\/person\\\/a1b3419c6585f164aa96da1ff85715d1\",\"name\":\"Nirmala Shrivastava\",\"image\":{\"@type\":\"ImageObject\",\"inLanguage\":\"en-US\",\"@id\":\"https:\\\/\\\/shrimataji.org\\\/test\\\/wp-content\\\/uploads\\\/2023\\\/02\\\/SMO_LOGO-03.svg\",\"url\":\"https:\\\/\\\/shrimataji.org\\\/test\\\/wp-content\\\/uploads\\\/2023\\\/02\\\/SMO_LOGO-03.svg\",\"contentUrl\":\"https:\\\/\\\/shrimataji.org\\\/test\\\/wp-content\\\/uploads\\\/2023\\\/02\\\/SMO_LOGO-03.svg\",\"width\":\"1024\",\"height\":\"1024\",\"caption\":\"Nirmala Shrivastava\"},\"logo\":{\"@id\":\"https:\\\/\\\/shrimataji.org\\\/test\\\/wp-content\\\/uploads\\\/2023\\\/02\\\/SMO_LOGO-03.svg\"},\"sameAs\":[\"https:\\\/\\\/shrimataji.org\\\/test\",\"https:\\\/\\\/www.facebook.com\\\/shrimataji\",\"https:\\\/\\\/x.com\\\/shrimataji\",\"https:\\\/\\\/www.youtube.com\\\/@Shri_Mataji_Nirmala_Devi\\\/featured\"]}]}<\/script>\n<!-- \/ Yoast SEO plugin. -->","yoast_head_json":{"title":"Ett avg\u00f6rande \u00f6gonblick - TEST - SMND","robots":{"index":"noindex","follow":"follow","max-snippet":"max-snippet:-1","max-image-preview":"max-image-preview:large","max-video-preview":"max-video-preview:-1"},"og_locale":"en_US","og_type":"article","og_title":"Ett avg\u00f6rande \u00f6gonblick - TEST - SMND","og_description":"Ett avg\u00f6rande \u00f6gonblick Ett evigt \u00f6gonblick av ren f\u00f6rvandling Den 5 maj 1970, i kuststaden Nargol p\u00e5 Indiens v\u00e4stkust n\u00e4ra Mumbai, h\u00e4nde n\u00e5got fantastiskt n\u00e4r Sahasrara \u00f6ppnades. Det \u00e4r det h\u00f6gsta chakrat. Det var en mycket viktig h\u00e4ndelse. Allt som f\u00f6ljde i Shri Matajis andliga arv kom fr\u00e5n den h\u00e4ndelsen. Som en viktig vetenskaplig uppt\u00e4ckt,&hellip; Read more","og_url":"https:\/\/shrimataji.org\/test\/sv\/ett-avgorande-ogonblick\/","og_site_name":"TEST - SMND","article_publisher":"https:\/\/www.facebook.com\/shrimataji","article_modified_time":"2024-11-29T16:25:11+00:00","og_image":[{"width":2560,"height":905,"url":"https:\/\/shrimataji.org\/test\/wp-content\/uploads\/2023\/03\/11_Banner-PublicLife-PivotalMoment-scaled.jpg","type":"image\/jpeg"}],"twitter_card":"summary_large_image","twitter_site":"@shrimataji","schema":{"@context":"https:\/\/schema.org","@graph":[{"@type":"WebPage","@id":"https:\/\/shrimataji.org\/test\/sv\/ett-avgorande-ogonblick\/","url":"https:\/\/shrimataji.org\/test\/sv\/ett-avgorande-ogonblick\/","name":"Ett avg\u00f6rande \u00f6gonblick - TEST - SMND","isPartOf":{"@id":"https:\/\/shrimataji.org\/test\/#website"},"primaryImageOfPage":{"@id":"https:\/\/shrimataji.org\/test\/sv\/ett-avgorande-ogonblick\/#primaryimage"},"image":{"@id":"https:\/\/shrimataji.org\/test\/sv\/ett-avgorande-ogonblick\/#primaryimage"},"thumbnailUrl":"https:\/\/shrimataji.org\/test\/wp-content\/uploads\/2023\/03\/11_Banner-PublicLife-PivotalMoment-scaled.jpg","datePublished":"2018-07-10T06:54:46+00:00","dateModified":"2024-11-29T16:25:11+00:00","breadcrumb":{"@id":"https:\/\/shrimataji.org\/test\/sv\/ett-avgorande-ogonblick\/#breadcrumb"},"inLanguage":"en-US","potentialAction":[{"@type":"ReadAction","target":["https:\/\/shrimataji.org\/test\/sv\/ett-avgorande-ogonblick\/"]}]},{"@type":"ImageObject","inLanguage":"en-US","@id":"https:\/\/shrimataji.org\/test\/sv\/ett-avgorande-ogonblick\/#primaryimage","url":"https:\/\/shrimataji.org\/test\/wp-content\/uploads\/2023\/03\/11_Banner-PublicLife-PivotalMoment-scaled.jpg","contentUrl":"https:\/\/shrimataji.org\/test\/wp-content\/uploads\/2023\/03\/11_Banner-PublicLife-PivotalMoment-scaled.jpg","width":2560,"height":905},{"@type":"BreadcrumbList","@id":"https:\/\/shrimataji.org\/test\/sv\/ett-avgorande-ogonblick\/#breadcrumb","itemListElement":[{"@type":"ListItem","position":1,"name":"Home","item":"https:\/\/shrimataji.org\/test\/uk\/home-en\/"},{"@type":"ListItem","position":2,"name":"Ett avg\u00f6rande \u00f6gonblick"}]},{"@type":"WebSite","@id":"https:\/\/shrimataji.org\/test\/#website","url":"https:\/\/shrimataji.org\/test\/","name":"Shri Mataji Nirmala Devi","description":"A Life Dedicated to Humanity","publisher":{"@id":"https:\/\/shrimataji.org\/test\/#\/schema\/person\/a1b3419c6585f164aa96da1ff85715d1"},"potentialAction":[{"@type":"SearchAction","target":{"@type":"EntryPoint","urlTemplate":"https:\/\/shrimataji.org\/test\/?s={search_term_string}"},"query-input":{"@type":"PropertyValueSpecification","valueRequired":true,"valueName":"search_term_string"}}],"inLanguage":"en-US"},{"@type":["Person","Organization"],"@id":"https:\/\/shrimataji.org\/test\/#\/schema\/person\/a1b3419c6585f164aa96da1ff85715d1","name":"Nirmala Shrivastava","image":{"@type":"ImageObject","inLanguage":"en-US","@id":"https:\/\/shrimataji.org\/test\/wp-content\/uploads\/2023\/02\/SMO_LOGO-03.svg","url":"https:\/\/shrimataji.org\/test\/wp-content\/uploads\/2023\/02\/SMO_LOGO-03.svg","contentUrl":"https:\/\/shrimataji.org\/test\/wp-content\/uploads\/2023\/02\/SMO_LOGO-03.svg","width":"1024","height":"1024","caption":"Nirmala Shrivastava"},"logo":{"@id":"https:\/\/shrimataji.org\/test\/wp-content\/uploads\/2023\/02\/SMO_LOGO-03.svg"},"sameAs":["https:\/\/shrimataji.org\/test","https:\/\/www.facebook.com\/shrimataji","https:\/\/x.com\/shrimataji","https:\/\/www.youtube.com\/@Shri_Mataji_Nirmala_Devi\/featured"]}]}},"lang":"sv","translations":{"sv":22943,"ur":37383,"en":12554,"am":17954,"th":19876,"hu":19429,"sq":18355,"zh":17252,"hi":7332,"tr":10129,"pt":10346,"de":10619,"fr":10717,"it":10815,"es":10913,"ja":11210,"ru":11398,"bn":11590,"te":11698,"sw":11821,"he":11969,"el":12260,"sk":12358,"fa":12456,"bg":13459,"ro":14531,"cs":14724,"nl":16515,"ku":16675,"ar":16851,"be":18562,"kn":18836,"mr":20240,"uk":20532,"ml":20831,"ta":22670,"gu":28791,"pa":28949,"fil":29389,"da":37697,"pl":37916,"nn":38249},"pll_sync_post":[],"_links":{"self":[{"href":"https:\/\/shrimataji.org\/test\/wp-json\/wp\/v2\/pages\/22943","targetHints":{"allow":["GET"]}}],"collection":[{"href":"https:\/\/shrimataji.org\/test\/wp-json\/wp\/v2\/pages"}],"about":[{"href":"https:\/\/shrimataji.org\/test\/wp-json\/wp\/v2\/types\/page"}],"author":[{"embeddable":true,"href":"https:\/\/shrimataji.org\/test\/wp-json\/wp\/v2\/users\/58"}],"replies":[{"embeddable":true,"href":"https:\/\/shrimataji.org\/test\/wp-json\/wp\/v2\/comments?post=22943"}],"version-history":[{"count":0,"href":"https:\/\/shrimataji.org\/test\/wp-json\/wp\/v2\/pages\/22943\/revisions"}],"wp:featuredmedia":[{"embeddable":true,"href":"https:\/\/shrimataji.org\/test\/wp-json\/wp\/v2\/media\/22944"}],"wp:attachment":[{"href":"https:\/\/shrimataji.org\/test\/wp-json\/wp\/v2\/media?parent=22943"}],"curies":[{"name":"wp","href":"https:\/\/api.w.org\/{rel}","templated":true}]}}