{"id":22947,"date":"2022-03-05T07:57:08","date_gmt":"2022-03-05T07:57:08","guid":{"rendered":"https:\/\/test.shrimataji.org\/?page_id=6497"},"modified":"2026-01-08T19:45:55","modified_gmt":"2026-01-08T19:45:55","slug":"agnya-chakra-sv","status":"publish","type":"page","link":"https:\/\/shrimataji.org\/test\/sv\/agnya-chakra-sv\/","title":{"rendered":"Agnya Chakra SV"},"content":{"rendered":"\n\n\t<h1>Agnya Chakra<\/h1>\n<h2>F\u00f6rl\u00e5telsens kraft<\/h2>\n<h4>K\u00e4rnan i detta chakra \u00e4r f\u00f6rl\u00e5telse. N\u00e4r vi inte f\u00f6rl\u00e5ter, skadar vi bara oss sj\u00e4lva. F\u00f6rl\u00e5telse \u00e4r kraften att sl\u00e4ppa taget om ilska, hat och f\u00f6rbittring, vilket inte \u00e4r l\u00e4tt f\u00f6re sj\u00e4lvupplysningen. Genom att uppriktigt s\u00e4ga &#8220;Jag f\u00f6rl\u00e5ter&#8221;, kan v\u00e5r Kundalini penetrera detta centrum och dra v\u00e5r uppm\u00e4rksamhet in i den gudomliga tystnadens rike, vilket g\u00f6r att vi l\u00e4tt kanuppn\u00e5 ett tillst\u00e5nd utan tankar.<\/h4>\n<p>Genom f\u00f6rl\u00e5telsens kraft uppt\u00e4cker vi v\u00e5r andes h\u00f6gre natur &#8211; \u00f6dmjukhet, generositet och o\u00e4ndlig k\u00e4rlek och medk\u00e4nsla f\u00f6r alla. Genom meditation uppl\u00f6ser ett v\u00e4l utvecklat Agnya Chakra v\u00e5rt ego, v\u00e5ra vanor, missuppfattningar om rasism och alla v\u00e5ra falska identifikationer. Det beskrivs i skrifterna som den smala porten som \u00f6ppnar v\u00e4gen f\u00f6r v\u00e5rt medvetande att n\u00e5 sitt slutm\u00e5l, det sjunde centret, Sahasrara Chakra, som symboliserar den renaste andliga existensen.<\/p>\n\t<iframe loading=\"lazy\" title=\"Agnya Chakra\" width=\"1920\" height=\"1080\" src=\"https:\/\/www.youtube.com\/embed\/Fu9CT50ZFSc?feature=oembed\" frameborder=\"0\" allow=\"accelerometer; autoplay; clipboard-write; encrypted-media; gyroscope; picture-in-picture; web-share\" allowfullscreen><\/iframe>\n\t<strong>Plats<\/strong>:<strong><br \/>\n<\/strong>Agnya Chakrat \u00e4r bel\u00e4get i v\u00e5r hj\u00e4rna ungef\u00e4r vid korsningen av v\u00e5ra synnervsfibrer (optic chiasma) i mitten av pannan. Vibrationerna fr\u00e5n Agnya Chakrat kan k\u00e4nnas i v\u00e5ra ringfingrar p\u00e5 b\u00e5da h\u00e4nderna.\n<strong>F\u00e4rg<\/strong>:<strong><br \/>\n<\/strong>F\u00e4rgen silver representerar Agnya Chakra. Detta chakra \u00e4r i linje med ljusets essens.\n<p><strong>Agnya Chakra egenskaper inkluderar:<\/strong><\/p>\n\u2022 F\u00f6rl\u00e5telse<br \/>\n\u2022 Medk\u00e4nsla<br \/>\n\u2022 \u00d6dmjukhet<br \/>\n\u2022 Medvetenhet utan tankar<br \/>\n\u2022 Ego och Superego\n\t\t\t\t<a href=\"https:\/\/shrimataji.org\/test\/wp-content\/uploads\/2023\/02\/6-Agnya-01.png\" target=\"_blank\" rel=\"noopener\"  itemprop=\"url\">\n\t\t\t\t<img loading=\"lazy\" decoding=\"async\" src=\"https:\/\/shrimataji.org\/test\/wp-content\/uploads\/2023\/02\/6-Agnya-01.png\" alt=\"6-Agnya-01\" itemprop=\"image\" height=\"3426\" width=\"3214\" title=\"6-Agnya-01\" onerror=\"this.style.display='none'\"  \/>\n\t\t\t\t<\/a>\n\t<p>Den prim\u00e4ra egenskapen hos Agnya \u00e4r f\u00f6rl\u00e5telse. Genom att v\u00e4cka detta chakra utvecklar vi f\u00f6rm\u00e5gan att f\u00f6rl\u00e5ta b\u00e5de andra och oss sj\u00e4lva. Agnya Chakrat kallas ocks\u00e5 &#8220;det tredje \u00f6gat&#8221;, men det handlar inte om att se esoteriska bilder eller utveckla kl\u00e4rvoajanta f\u00f6rm\u00e5gor. Det handlar om att f\u00f6r\u00e4ndra v\u00e5rt perspektiv, bort fr\u00e5n v\u00e5ra mentala och k\u00e4nslom\u00e4ssiga f\u00f6rdomar. Livet som tidigare var stressigt, tr\u00e5kigt eller meningsl\u00f6st blir fyllt av gl\u00e4dje, k\u00e4rlek och medk\u00e4nsla efter sj\u00e4lvupplysningen och \u00f6ppnandet av Agnya Chakrat. Vi inser det sanna syftet med v\u00e5r existens och bryr oss inte om pengar eller det vi saknar. Detta h\u00f6gre tillst\u00e5nd hj\u00e4lper oss att f\u00f6rst\u00e5 varf\u00f6r Buddha aldrig k\u00e4nde behov av att \u00e5terv\u00e4nda till palatsets bekv\u00e4mligheter efter sin upplysning.<\/p>\n<p><strong>Erfarenhet och f\u00f6rdelar:<\/strong><\/p>\n<p>&#8220;Agnya Chakrat kontrollerar din syn, h\u00f6rsel och dina tankar. Det styr ocks\u00e5 hypofysen, &#8220;&#8221;masterk\u00f6rteln&#8221;&#8221;, som reglerar alla andra k\u00f6rtlar och p\u00e5verkar tillv\u00e4xt, mognad, \u00e4mnesoms\u00e4ttning och s\u00f6mn. M\u00e5nga av oss spenderar mycket tid framf\u00f6r datorn och TV, vilket kan f\u00f6rsvaga Agnya Chakrat. Regelbunden meditation i Sahaja Yoga hj\u00e4lper.<\/p>\n<p>V\u00e4nster Agnya \u00e4r kopplat till hj\u00e4rnans \u00f6verjag, som lagrar minnen, erfarenheter, vanor och k\u00e4nslor. H\u00f6ger Agnya \u00e4r kopplad till hj\u00e4rnans ego, som fokuserar p\u00e5 framtiden genom t\u00e4nkande och planering. Ego och \u00f6verjag m\u00f6ts i Agnya Chakrat.&#8221;<\/p>\n<p>Om v\u00e4nster Agnya \u00e4r \u00f6veraktivt kan ditt \u00f6verjag sv\u00e4lla upp, vilket leder till att man blir v\u00e4ldigt k\u00e4nslosam och kan f\u00e5 sj\u00e4lvskadebeteende. Om h\u00f6ger Agnya \u00e4r \u00f6veraktivt kan ditt ego sv\u00e4lla upp, vilket leder till oro, hum\u00f6rsv\u00e4ngningar och aggressivt beteende mot andra.<\/p>\n<p>Att fylla Agnya Chakrat med Kundalini-energi \u00e4r ett effektivt s\u00e4tt att balansera och t\u00f6mma dessa ballonger. Meditation ger oss mental tystnad och \u00f6dmjukhet, vilket utvecklar v\u00e5r f\u00f6rm\u00e5ga att f\u00f6rl\u00e5ta. F\u00f6rl\u00e5telse handlar om acceptans och helande, och befriar oss fr\u00e5n ilska, hat och f\u00f6rbittring. Genom att f\u00f6rl\u00e5ta kan du uppleva stor frid och l\u00e4ttnad.<\/p>\n<p><strong>Sj\u00e4lvbed\u00f6mning:<\/strong><\/p>\n<p>Om ditt Agnya Chakra \u00e4r blockerat kan du ha sv\u00e5rt att f\u00f6rl\u00e5ta dig sj\u00e4lv eller andra, fastna i det f\u00f6rflutna eller k\u00e4nna sj\u00e4lv\u00f6mkan. Tecken p\u00e5 obalans inkluderar egoism, aggressivitet, besatthet av pornografi eller sexuella fantasier, oro, \u00f6verdrivet t\u00e4nkande och f\u00f6r mycket planering.<\/p>\n<p><strong>Orsaker till obalanser:<\/strong><\/p>\n<ul>\n<li>Fasta tankem\u00f6nster och beteendem\u00f6nster<\/li>\n<li>Att g\u00e5 till ytterligheter i sina handlingar<\/li>\n<\/ul>\n<p><strong>S\u00e5 h\u00e4r balanserar du:<\/strong><\/p>\n<p>F\u00f6r att balansera ditt Agnya Chakra, meditera i en naturlig milj\u00f6. F\u00f6rs\u00f6k meditera utomhus medan du tittar p\u00e5 himlen. Placera din h\u00f6gra hand p\u00e5 pannan, s\u00e4nk huvudet lite och s\u00e4g: &#8220;Jag f\u00f6rl\u00e5ter alla, inklusive mig sj\u00e4lv.&#8221; F\u00f6rs\u00f6k att f\u00f6rl\u00e5ta fr\u00e5n hj\u00e4rtat.<\/p>\n<p>Det b\u00e4sta s\u00e4ttet att h\u00e5lla ditt Agnya Chakra balanserat \u00e4r att undvika \u00f6verdrivet t\u00e4nkande och planering. Lev i nuet &#8211; och njut av varje sekund!<\/p>\n\n","protected":false},"excerpt":{"rendered":"<p>Agnya Chakra F\u00f6rl\u00e5telsens kraft K\u00e4rnan i detta chakra \u00e4r f\u00f6rl\u00e5telse. N\u00e4r vi inte f\u00f6rl\u00e5ter, skadar vi bara oss sj\u00e4lva. F\u00f6rl\u00e5telse \u00e4r kraften att sl\u00e4ppa taget om ilska, hat och f\u00f6rbittring, vilket inte \u00e4r l\u00e4tt f\u00f6re sj\u00e4lvupplysningen. Genom att uppriktigt s\u00e4ga &#8220;Jag f\u00f6rl\u00e5ter&#8221;, kan v\u00e5r Kundalini penetrera detta centrum och dra v\u00e5r uppm\u00e4rksamhet in i den&hellip; <br \/> <a class=\"read-more\" href=\"https:\/\/shrimataji.org\/test\/sv\/agnya-chakra-sv\/\">Read more<\/a><\/p>\n","protected":false},"author":1,"featured_media":22948,"parent":0,"menu_order":0,"comment_status":"closed","ping_status":"closed","template":"","meta":{"inline_featured_image":false,"footnotes":""},"class_list":["post-22947","page","type-page","status-publish","has-post-thumbnail","hentry"],"yoast_head":"<!-- This site is optimized with the Yoast SEO plugin v27.4 - https:\/\/yoast.com\/product\/yoast-seo-wordpress\/ -->\n<title>Agnya Chakra SV - TEST - SMND<\/title>\n<meta name=\"robots\" content=\"noindex, follow, max-snippet:-1, max-image-preview:large, max-video-preview:-1\" \/>\n<meta property=\"og:locale\" content=\"en_US\" \/>\n<meta property=\"og:type\" content=\"article\" \/>\n<meta property=\"og:title\" content=\"Agnya Chakra SV - TEST - SMND\" \/>\n<meta property=\"og:description\" content=\"Agnya Chakra F\u00f6rl\u00e5telsens kraft K\u00e4rnan i detta chakra \u00e4r f\u00f6rl\u00e5telse. N\u00e4r vi inte f\u00f6rl\u00e5ter, skadar vi bara oss sj\u00e4lva. F\u00f6rl\u00e5telse \u00e4r kraften att sl\u00e4ppa taget om ilska, hat och f\u00f6rbittring, vilket inte \u00e4r l\u00e4tt f\u00f6re sj\u00e4lvupplysningen. Genom att uppriktigt s\u00e4ga &#8220;Jag f\u00f6rl\u00e5ter&#8221;, kan v\u00e5r Kundalini penetrera detta centrum och dra v\u00e5r uppm\u00e4rksamhet in i den&hellip; Read more\" \/>\n<meta property=\"og:url\" content=\"https:\/\/shrimataji.org\/test\/sv\/agnya-chakra-sv\/\" \/>\n<meta property=\"og:site_name\" content=\"TEST - SMND\" \/>\n<meta property=\"article:publisher\" content=\"https:\/\/www.facebook.com\/shrimataji\" \/>\n<meta property=\"article:modified_time\" content=\"2026-01-08T19:45:55+00:00\" \/>\n<meta property=\"og:image\" content=\"https:\/\/shrimataji.org\/test\/wp-content\/uploads\/2023\/03\/21_Banner-SY-Chakra-agnya-scaled.jpg\" \/>\n\t<meta property=\"og:image:width\" content=\"2560\" \/>\n\t<meta property=\"og:image:height\" content=\"905\" \/>\n\t<meta property=\"og:image:type\" content=\"image\/jpeg\" \/>\n<meta name=\"twitter:card\" content=\"summary_large_image\" \/>\n<meta name=\"twitter:site\" content=\"@shrimataji\" \/>\n<meta name=\"twitter:label1\" content=\"Est. reading time\" \/>\n\t<meta name=\"twitter:data1\" content=\"4 minutes\" \/>\n<script type=\"application\/ld+json\" class=\"yoast-schema-graph\">{\"@context\":\"https:\\\/\\\/schema.org\",\"@graph\":[{\"@type\":\"WebPage\",\"@id\":\"https:\\\/\\\/shrimataji.org\\\/test\\\/sv\\\/agnya-chakra-sv\\\/\",\"url\":\"https:\\\/\\\/shrimataji.org\\\/test\\\/sv\\\/agnya-chakra-sv\\\/\",\"name\":\"Agnya Chakra SV - TEST - SMND\",\"isPartOf\":{\"@id\":\"https:\\\/\\\/shrimataji.org\\\/test\\\/#website\"},\"primaryImageOfPage\":{\"@id\":\"https:\\\/\\\/shrimataji.org\\\/test\\\/sv\\\/agnya-chakra-sv\\\/#primaryimage\"},\"image\":{\"@id\":\"https:\\\/\\\/shrimataji.org\\\/test\\\/sv\\\/agnya-chakra-sv\\\/#primaryimage\"},\"thumbnailUrl\":\"https:\\\/\\\/shrimataji.org\\\/test\\\/wp-content\\\/uploads\\\/2023\\\/03\\\/21_Banner-SY-Chakra-agnya-scaled.jpg\",\"datePublished\":\"2022-03-05T07:57:08+00:00\",\"dateModified\":\"2026-01-08T19:45:55+00:00\",\"breadcrumb\":{\"@id\":\"https:\\\/\\\/shrimataji.org\\\/test\\\/sv\\\/agnya-chakra-sv\\\/#breadcrumb\"},\"inLanguage\":\"en-US\",\"potentialAction\":[{\"@type\":\"ReadAction\",\"target\":[\"https:\\\/\\\/shrimataji.org\\\/test\\\/sv\\\/agnya-chakra-sv\\\/\"]}]},{\"@type\":\"ImageObject\",\"inLanguage\":\"en-US\",\"@id\":\"https:\\\/\\\/shrimataji.org\\\/test\\\/sv\\\/agnya-chakra-sv\\\/#primaryimage\",\"url\":\"https:\\\/\\\/shrimataji.org\\\/test\\\/wp-content\\\/uploads\\\/2023\\\/03\\\/21_Banner-SY-Chakra-agnya-scaled.jpg\",\"contentUrl\":\"https:\\\/\\\/shrimataji.org\\\/test\\\/wp-content\\\/uploads\\\/2023\\\/03\\\/21_Banner-SY-Chakra-agnya-scaled.jpg\",\"width\":2560,\"height\":905},{\"@type\":\"BreadcrumbList\",\"@id\":\"https:\\\/\\\/shrimataji.org\\\/test\\\/sv\\\/agnya-chakra-sv\\\/#breadcrumb\",\"itemListElement\":[{\"@type\":\"ListItem\",\"position\":1,\"name\":\"Home\",\"item\":\"https:\\\/\\\/shrimataji.org\\\/test\\\/uk\\\/home-en\\\/\"},{\"@type\":\"ListItem\",\"position\":2,\"name\":\"Agnya Chakra SV\"}]},{\"@type\":\"WebSite\",\"@id\":\"https:\\\/\\\/shrimataji.org\\\/test\\\/#website\",\"url\":\"https:\\\/\\\/shrimataji.org\\\/test\\\/\",\"name\":\"Shri Mataji Nirmala Devi\",\"description\":\"A Life Dedicated to Humanity\",\"publisher\":{\"@id\":\"https:\\\/\\\/shrimataji.org\\\/test\\\/#\\\/schema\\\/person\\\/a1b3419c6585f164aa96da1ff85715d1\"},\"potentialAction\":[{\"@type\":\"SearchAction\",\"target\":{\"@type\":\"EntryPoint\",\"urlTemplate\":\"https:\\\/\\\/shrimataji.org\\\/test\\\/?s={search_term_string}\"},\"query-input\":{\"@type\":\"PropertyValueSpecification\",\"valueRequired\":true,\"valueName\":\"search_term_string\"}}],\"inLanguage\":\"en-US\"},{\"@type\":[\"Person\",\"Organization\"],\"@id\":\"https:\\\/\\\/shrimataji.org\\\/test\\\/#\\\/schema\\\/person\\\/a1b3419c6585f164aa96da1ff85715d1\",\"name\":\"Nirmala Shrivastava\",\"image\":{\"@type\":\"ImageObject\",\"inLanguage\":\"en-US\",\"@id\":\"https:\\\/\\\/shrimataji.org\\\/test\\\/wp-content\\\/uploads\\\/2023\\\/02\\\/SMO_LOGO-03.svg\",\"url\":\"https:\\\/\\\/shrimataji.org\\\/test\\\/wp-content\\\/uploads\\\/2023\\\/02\\\/SMO_LOGO-03.svg\",\"contentUrl\":\"https:\\\/\\\/shrimataji.org\\\/test\\\/wp-content\\\/uploads\\\/2023\\\/02\\\/SMO_LOGO-03.svg\",\"width\":\"1024\",\"height\":\"1024\",\"caption\":\"Nirmala Shrivastava\"},\"logo\":{\"@id\":\"https:\\\/\\\/shrimataji.org\\\/test\\\/wp-content\\\/uploads\\\/2023\\\/02\\\/SMO_LOGO-03.svg\"},\"sameAs\":[\"https:\\\/\\\/shrimataji.org\\\/test\",\"https:\\\/\\\/www.facebook.com\\\/shrimataji\",\"https:\\\/\\\/x.com\\\/shrimataji\",\"https:\\\/\\\/www.youtube.com\\\/@Shri_Mataji_Nirmala_Devi\\\/featured\"]}]}<\/script>\n<!-- \/ Yoast SEO plugin. -->","yoast_head_json":{"title":"Agnya Chakra SV - TEST - SMND","robots":{"index":"noindex","follow":"follow","max-snippet":"max-snippet:-1","max-image-preview":"max-image-preview:large","max-video-preview":"max-video-preview:-1"},"og_locale":"en_US","og_type":"article","og_title":"Agnya Chakra SV - TEST - SMND","og_description":"Agnya Chakra F\u00f6rl\u00e5telsens kraft K\u00e4rnan i detta chakra \u00e4r f\u00f6rl\u00e5telse. N\u00e4r vi inte f\u00f6rl\u00e5ter, skadar vi bara oss sj\u00e4lva. F\u00f6rl\u00e5telse \u00e4r kraften att sl\u00e4ppa taget om ilska, hat och f\u00f6rbittring, vilket inte \u00e4r l\u00e4tt f\u00f6re sj\u00e4lvupplysningen. Genom att uppriktigt s\u00e4ga &#8220;Jag f\u00f6rl\u00e5ter&#8221;, kan v\u00e5r Kundalini penetrera detta centrum och dra v\u00e5r uppm\u00e4rksamhet in i den&hellip; Read more","og_url":"https:\/\/shrimataji.org\/test\/sv\/agnya-chakra-sv\/","og_site_name":"TEST - SMND","article_publisher":"https:\/\/www.facebook.com\/shrimataji","article_modified_time":"2026-01-08T19:45:55+00:00","og_image":[{"width":2560,"height":905,"url":"https:\/\/shrimataji.org\/test\/wp-content\/uploads\/2023\/03\/21_Banner-SY-Chakra-agnya-scaled.jpg","type":"image\/jpeg"}],"twitter_card":"summary_large_image","twitter_site":"@shrimataji","twitter_misc":{"Est. reading time":"4 minutes"},"schema":{"@context":"https:\/\/schema.org","@graph":[{"@type":"WebPage","@id":"https:\/\/shrimataji.org\/test\/sv\/agnya-chakra-sv\/","url":"https:\/\/shrimataji.org\/test\/sv\/agnya-chakra-sv\/","name":"Agnya Chakra SV - TEST - SMND","isPartOf":{"@id":"https:\/\/shrimataji.org\/test\/#website"},"primaryImageOfPage":{"@id":"https:\/\/shrimataji.org\/test\/sv\/agnya-chakra-sv\/#primaryimage"},"image":{"@id":"https:\/\/shrimataji.org\/test\/sv\/agnya-chakra-sv\/#primaryimage"},"thumbnailUrl":"https:\/\/shrimataji.org\/test\/wp-content\/uploads\/2023\/03\/21_Banner-SY-Chakra-agnya-scaled.jpg","datePublished":"2022-03-05T07:57:08+00:00","dateModified":"2026-01-08T19:45:55+00:00","breadcrumb":{"@id":"https:\/\/shrimataji.org\/test\/sv\/agnya-chakra-sv\/#breadcrumb"},"inLanguage":"en-US","potentialAction":[{"@type":"ReadAction","target":["https:\/\/shrimataji.org\/test\/sv\/agnya-chakra-sv\/"]}]},{"@type":"ImageObject","inLanguage":"en-US","@id":"https:\/\/shrimataji.org\/test\/sv\/agnya-chakra-sv\/#primaryimage","url":"https:\/\/shrimataji.org\/test\/wp-content\/uploads\/2023\/03\/21_Banner-SY-Chakra-agnya-scaled.jpg","contentUrl":"https:\/\/shrimataji.org\/test\/wp-content\/uploads\/2023\/03\/21_Banner-SY-Chakra-agnya-scaled.jpg","width":2560,"height":905},{"@type":"BreadcrumbList","@id":"https:\/\/shrimataji.org\/test\/sv\/agnya-chakra-sv\/#breadcrumb","itemListElement":[{"@type":"ListItem","position":1,"name":"Home","item":"https:\/\/shrimataji.org\/test\/uk\/home-en\/"},{"@type":"ListItem","position":2,"name":"Agnya Chakra SV"}]},{"@type":"WebSite","@id":"https:\/\/shrimataji.org\/test\/#website","url":"https:\/\/shrimataji.org\/test\/","name":"Shri Mataji Nirmala Devi","description":"A Life Dedicated to Humanity","publisher":{"@id":"https:\/\/shrimataji.org\/test\/#\/schema\/person\/a1b3419c6585f164aa96da1ff85715d1"},"potentialAction":[{"@type":"SearchAction","target":{"@type":"EntryPoint","urlTemplate":"https:\/\/shrimataji.org\/test\/?s={search_term_string}"},"query-input":{"@type":"PropertyValueSpecification","valueRequired":true,"valueName":"search_term_string"}}],"inLanguage":"en-US"},{"@type":["Person","Organization"],"@id":"https:\/\/shrimataji.org\/test\/#\/schema\/person\/a1b3419c6585f164aa96da1ff85715d1","name":"Nirmala Shrivastava","image":{"@type":"ImageObject","inLanguage":"en-US","@id":"https:\/\/shrimataji.org\/test\/wp-content\/uploads\/2023\/02\/SMO_LOGO-03.svg","url":"https:\/\/shrimataji.org\/test\/wp-content\/uploads\/2023\/02\/SMO_LOGO-03.svg","contentUrl":"https:\/\/shrimataji.org\/test\/wp-content\/uploads\/2023\/02\/SMO_LOGO-03.svg","width":"1024","height":"1024","caption":"Nirmala Shrivastava"},"logo":{"@id":"https:\/\/shrimataji.org\/test\/wp-content\/uploads\/2023\/02\/SMO_LOGO-03.svg"},"sameAs":["https:\/\/shrimataji.org\/test","https:\/\/www.facebook.com\/shrimataji","https:\/\/x.com\/shrimataji","https:\/\/www.youtube.com\/@Shri_Mataji_Nirmala_Devi\/featured"]}]}},"lang":"sv","translations":{"sv":22947,"ur":37387,"en":6497,"am":17958,"th":19882,"hu":19433,"sq":18359,"zh":17256,"hi":7347,"tr":10131,"pt":10348,"de":10621,"fr":10719,"it":10817,"es":10915,"ja":11212,"ru":11400,"bn":11592,"te":11700,"sw":11823,"he":11971,"el":12262,"sk":12360,"fa":12458,"fi":12556,"bg":13366,"ro":14440,"cs":14633,"nl":16519,"ku":16679,"ar":16855,"be":18566,"kn":18840,"mr":20246,"uk":20538,"ml":20837,"ta":22674,"gu":28795,"pa":28953,"fil":29393,"da":37701,"pl":37918,"nn":38253},"pll_sync_post":[],"_links":{"self":[{"href":"https:\/\/shrimataji.org\/test\/wp-json\/wp\/v2\/pages\/22947","targetHints":{"allow":["GET"]}}],"collection":[{"href":"https:\/\/shrimataji.org\/test\/wp-json\/wp\/v2\/pages"}],"about":[{"href":"https:\/\/shrimataji.org\/test\/wp-json\/wp\/v2\/types\/page"}],"author":[{"embeddable":true,"href":"https:\/\/shrimataji.org\/test\/wp-json\/wp\/v2\/users\/1"}],"replies":[{"embeddable":true,"href":"https:\/\/shrimataji.org\/test\/wp-json\/wp\/v2\/comments?post=22947"}],"version-history":[{"count":0,"href":"https:\/\/shrimataji.org\/test\/wp-json\/wp\/v2\/pages\/22947\/revisions"}],"wp:featuredmedia":[{"embeddable":true,"href":"https:\/\/shrimataji.org\/test\/wp-json\/wp\/v2\/media\/22948"}],"wp:attachment":[{"href":"https:\/\/shrimataji.org\/test\/wp-json\/wp\/v2\/media?parent=22947"}],"curies":[{"name":"wp","href":"https:\/\/api.w.org\/{rel}","templated":true}]}}