{"id":22949,"date":"2022-03-05T07:42:03","date_gmt":"2022-03-05T07:42:03","guid":{"rendered":"https:\/\/test.shrimataji.org\/?page_id=6490"},"modified":"2026-01-08T19:45:55","modified_gmt":"2026-01-08T19:45:55","slug":"anahata-chakra-sv","status":"publish","type":"page","link":"https:\/\/shrimataji.org\/test\/sv\/anahata-chakra-sv\/","title":{"rendered":"Anahata Chakra SV"},"content":{"rendered":"\n\n\t<h1>Anahata Chakra<\/h1>\n<h2>Ovillkorlig k\u00e4rlek och mod.<\/h2>\n<h4>Den eviga Anden (Atma) tr\u00e4der f\u00f6rst in i hj\u00e4rnan under de tidiga stadierna av fosterutvecklingen. Shri Mataji beskriver detta som det \u00f6gonblick n\u00e4r det f\u00f6rsta hj\u00e4rtslaget aktiverar livskraften inom oss. Detta leder till en serie h\u00e4ndelser d\u00e4r v\u00e5r <a href=\"https:\/\/shrimataji.org\/test\/sv\/kundalini\/\">Kundalini<\/a> f\u00f6renar v\u00e5r subtila kropp med den fysiska kroppens utveckling. Det pulserande hj\u00e4rtat, som f\u00f6rst bildas n\u00e4ra fostrets huvud, flyttas sedan ner i br\u00f6stet allteftersom kroppen utvecklas. Det f\u00f6rblir d\u00e4r, evigt rent och ober\u00f6rt av livets h\u00e4ndelser, som en \u00e5sk\u00e5dare som ser p\u00e5 livets sk\u00e5despel.<\/h4>\n<p>&#8220;N\u00e4r Kundalini aktiverar detta centrum k\u00e4nner vi en djup, villkorsl\u00f6s k\u00e4rlek, vilket \u00e4r v\u00e5rt sanna jag. Vi b\u00f6rjar k\u00e4nna oss mindre bundna till det vardagliga livet eftersom v\u00e5r medvetenhet flyttar sig fr\u00e5n de illusioner vi \u00e4r fast i. Vi blir ocks\u00e5 helt or\u00e4dda n\u00e4r vi sl\u00e4pper taget om dessa illusioner.<\/p>\n<p>K\u00e4rlek och medk\u00e4nsla kommer fr\u00e5n ett rent hj\u00e4rta, och det \u00e4r hj\u00e4rtchakrat som ger oss en k\u00e4nsla av ansvar och omtanke om andra. Hj\u00e4rtchakrat ger oss ocks\u00e5 trygghet och sj\u00e4lvf\u00f6rtroende. En person med ett s\u00e5dant hj\u00e4rta \u00e4r dynamisk och har tydliga m\u00e5l i livet. Gandhi \u00e4r ett exempel p\u00e5 detta, hans osj\u00e4lviska arbete hj\u00e4lpte till att frig\u00f6ra Indien.<\/p>\n\t\t<iframe loading=\"lazy\" title=\"Anahata Chakra\" width=\"1920\" height=\"1080\" src=\"https:\/\/www.youtube.com\/embed\/Hj3SNT9-pfk?feature=oembed\" frameborder=\"0\" allow=\"accelerometer; autoplay; clipboard-write; encrypted-media; gyroscope; picture-in-picture; web-share\" allowfullscreen><\/iframe>\t\n\t<p><strong>Plats:<\/strong><\/p>\n<p>Anahat-chakrat sitter i ryggraden, bakom br\u00f6stbenet p\u00e5 h\u00f6jd med br\u00f6stet. Det h\u00e4r centret kontrollerar hj\u00e4rtats nervsystem. Man kan k\u00e4nna vibrationer fr\u00e5n Anahat-chakrat i lillfingrarna p\u00e5 b\u00e5da h\u00e4nderna.<\/p>\n<p><strong>F\u00e4rg:<\/strong><\/p>\n<p>Anahat-chakrat representeras av f\u00e4rgen r\u00f6d och \u00e4r f\u00f6rknippat med grundelementet luft.<\/p>\n<p><strong>Anahat Chakras egenskaper inkluderar:<\/strong><\/p>\n\u2022 Villkorsl\u00f6s k\u00e4rlek<br \/>\n\u2022 Ovillkorlig medk\u00e4nsla<br \/>\n\u2022 Sanning<br \/>\n\u2022 Gl\u00e4dje<br \/>\n\u2022 Sj\u00e4lvf\u00f6rtroende<br \/>\n\u2022 Fr\u00e5nvaro av r\u00e4dsla och k\u00e4nsla av trygghet i livet<br \/>\n\u2022 Positiva relationer till v\u00e5ra f\u00f6r\u00e4ldrar.\n\t\t\t\t<a href=\"https:\/\/shrimataji.org\/test\/wp-content\/uploads\/2023\/02\/4-Anahata-01.png\"  target=\"_blank\" rel=\"noopener\"  itemprop=\"url\">\n\t\t\t\t<img decoding=\"async\" src=\"https:\/\/shrimataji.org\/test\/wp-content\/uploads\/2023\/02\/4-Anahata-01.png\" alt=\"4-Anahata-01\" itemprop=\"image\" height=\"3426\" width=\"3214\" title=\"4-Anahata-01\" onerror=\"this.style.display='none'\" loading=\"lazy\" \/>\n\t\t\t\t<\/a>\n\t<p>Anahat-chakrat handlar om villkorsl\u00f6s k\u00e4rlek. N\u00e4r detta chakra aktiveras k\u00e4nner vi oss sj\u00e4lvs\u00e4kra, ansvarsfulla och k\u00e4nslom\u00e4ssigt stabila. Vi b\u00f6rjar k\u00e4nna en djup gl\u00e4dje i livet och f\u00f6rst\u00e5r v\u00e5rt sanna syfte. Detta leder oss att st\u00e4ndigt s\u00f6ka en h\u00f6gre andlig medvetenhet.<\/p>\n<p><strong>Erfarenheter och f\u00f6rdelar:<\/strong><\/p>\n<p>Anahat-chakrat styr ditt hj\u00e4rta och dina lungor, vilket \u00e4r viktigt f\u00f6r cirkulations- och andningssystemets h\u00e4lsa. Det p\u00e5verkar ocks\u00e5 br\u00f6sten och br\u00e4ssen, en liten k\u00f6rtel som \u00e4r viktig f\u00f6r immunsystemet och sitter bakom br\u00f6stbenet.<\/p>\n<p>Ibland f\u00f6rv\u00e4xlar vi k\u00e4rlek och medk\u00e4nsla med sj\u00e4lviskhet och besittningsbeg\u00e4r. Sahaja Yoga fyller ditt hj\u00e4rta med gudomlig energi, vilket hj\u00e4lper dig att k\u00e4nna skillnaden. Det g\u00f6r att du blir mer uppm\u00e4rksam p\u00e5 andras behov och kan \u00e4lska p\u00e5 ett rent och osj\u00e4lviskt s\u00e4tt.<\/p>\n<p>Vardagens stress kan orsaka blockeringar i ditt Anahat-chakra, s\u00e4rskilt om du t\u00e4nker och planerar f\u00f6r mycket eller k\u00e4nner dig os\u00e4ker och orolig. Genom att meditera och rena chakrat kan du \u00e5terst\u00e4lla balansen. Du kommer att k\u00e4nna dig sj\u00e4lvs\u00e4ker och stabil, och kan helt uppleva livets gl\u00e4dje n\u00e4r hj\u00e4rtchakrat \u00e4r starkt.<\/p>\n<p>Om du har haft problematiska relationer med dina f\u00f6r\u00e4ldrar kan ett starkt Anahat-chakra hj\u00e4lpa dig att f\u00f6rb\u00e4ttra dem. Du kommer att bli b\u00e4ttre p\u00e5 att s\u00e4tta gr\u00e4nser f\u00f6r dig sj\u00e4lv och respektera andras, vilket f\u00f6rb\u00e4ttrar alla dina relationer.<\/p>\n<p><strong>Sj\u00e4lvdiagnos:<\/strong><\/p>\n<p>Om ditt Anahat-chakra \u00e4r blockerat kan du f\u00e5 symptom som hj\u00e4rtklappning, astma, och ett svagt immunsystem. I allvarliga fall kan det \u00e4ven leda till hj\u00e4rtattack, br\u00f6stcancer och lungsjukdomar. Men det \u00e4r osannolikt att du har n\u00e5tt s\u00e5 allvarliga tillst\u00e5nd. Att balansera detta chakra \u00e4r enkelt och kan hj\u00e4lpa dig att undvika dessa problem.<\/p>\n<strong>Orsaker till obalanser:<\/strong><br \/>\nR\u00e4dsla \u00d6veransvar\/Brist p\u00e5 ansvar Egoism\n<p><strong>S\u00e5 h\u00e4r balanserar du:<\/strong><\/p>\n<p>F\u00f6r att balansera ditt Anahat-chakra, andas djupt och l\u00e5ngsamt. Ta ett djupt andetag, h\u00e5ll det i n\u00e5gra sekunder och andas sedan ut l\u00e5ngsamt. Upprepa detta flera g\u00e5nger.<\/p>\n<p>Du kan \u00e4ven h\u00e5lla din h\u00f6gra hand n\u00e5gra centimeter fr\u00e5n hj\u00e4rtchakrat med handflatan in\u00e5t. R\u00f6r handen i en medurs cirkel runt chakrat och upprepa flera g\u00e5nger.<\/p>\n<p>F\u00f6r att balansera ditt v\u00e4nstra Anahat-chakra, l\u00e4gg din h\u00f6gra hand p\u00e5 hj\u00e4rtat n\u00e4r du mediterar. Upprepa orden &#8220;Jag \u00e4r ett med min ande&#8221; flera g\u00e5nger och k\u00e4nn dem i ditt hj\u00e4rta.<\/p>\n\n","protected":false},"excerpt":{"rendered":"<p>Anahata Chakra Ovillkorlig k\u00e4rlek och mod. Den eviga Anden (Atma) tr\u00e4der f\u00f6rst in i hj\u00e4rnan under de tidiga stadierna av fosterutvecklingen. Shri Mataji beskriver detta som det \u00f6gonblick n\u00e4r det f\u00f6rsta hj\u00e4rtslaget aktiverar livskraften inom oss. Detta leder till en serie h\u00e4ndelser d\u00e4r v\u00e5r Kundalini f\u00f6renar v\u00e5r subtila kropp med den fysiska kroppens utveckling. Det&hellip; <br \/> <a class=\"read-more\" href=\"https:\/\/shrimataji.org\/test\/sv\/anahata-chakra-sv\/\">Read more<\/a><\/p>\n","protected":false},"author":1,"featured_media":22950,"parent":0,"menu_order":0,"comment_status":"closed","ping_status":"closed","template":"","meta":{"inline_featured_image":false,"footnotes":""},"class_list":["post-22949","page","type-page","status-publish","has-post-thumbnail","hentry"],"yoast_head":"<!-- This site is optimized with the Yoast SEO plugin v27.4 - https:\/\/yoast.com\/product\/yoast-seo-wordpress\/ -->\n<title>Anahata Chakra SV - TEST - SMND<\/title>\n<meta name=\"robots\" content=\"noindex, follow, max-snippet:-1, max-image-preview:large, max-video-preview:-1\" \/>\n<meta property=\"og:locale\" content=\"en_US\" \/>\n<meta property=\"og:type\" content=\"article\" \/>\n<meta property=\"og:title\" content=\"Anahata Chakra SV - TEST - SMND\" \/>\n<meta property=\"og:description\" content=\"Anahata Chakra Ovillkorlig k\u00e4rlek och mod. Den eviga Anden (Atma) tr\u00e4der f\u00f6rst in i hj\u00e4rnan under de tidiga stadierna av fosterutvecklingen. Shri Mataji beskriver detta som det \u00f6gonblick n\u00e4r det f\u00f6rsta hj\u00e4rtslaget aktiverar livskraften inom oss. Detta leder till en serie h\u00e4ndelser d\u00e4r v\u00e5r Kundalini f\u00f6renar v\u00e5r subtila kropp med den fysiska kroppens utveckling. Det&hellip; Read more\" \/>\n<meta property=\"og:url\" content=\"https:\/\/shrimataji.org\/test\/sv\/anahata-chakra-sv\/\" \/>\n<meta property=\"og:site_name\" content=\"TEST - SMND\" \/>\n<meta property=\"article:publisher\" content=\"https:\/\/www.facebook.com\/shrimataji\" \/>\n<meta property=\"article:modified_time\" content=\"2026-01-08T19:45:55+00:00\" \/>\n<meta property=\"og:image\" content=\"https:\/\/shrimataji.org\/test\/wp-content\/uploads\/2023\/03\/19_Banner-SY-Chakra-anahat-scaled.jpg\" \/>\n\t<meta property=\"og:image:width\" content=\"2560\" \/>\n\t<meta property=\"og:image:height\" content=\"905\" \/>\n\t<meta property=\"og:image:type\" content=\"image\/jpeg\" \/>\n<meta name=\"twitter:card\" content=\"summary_large_image\" \/>\n<meta name=\"twitter:site\" content=\"@shrimataji\" \/>\n<meta name=\"twitter:label1\" content=\"Est. reading time\" \/>\n\t<meta name=\"twitter:data1\" content=\"4 minutes\" \/>\n<script type=\"application\/ld+json\" class=\"yoast-schema-graph\">{\"@context\":\"https:\\\/\\\/schema.org\",\"@graph\":[{\"@type\":\"WebPage\",\"@id\":\"https:\\\/\\\/shrimataji.org\\\/test\\\/sv\\\/anahata-chakra-sv\\\/\",\"url\":\"https:\\\/\\\/shrimataji.org\\\/test\\\/sv\\\/anahata-chakra-sv\\\/\",\"name\":\"Anahata Chakra SV - TEST - SMND\",\"isPartOf\":{\"@id\":\"https:\\\/\\\/shrimataji.org\\\/test\\\/#website\"},\"primaryImageOfPage\":{\"@id\":\"https:\\\/\\\/shrimataji.org\\\/test\\\/sv\\\/anahata-chakra-sv\\\/#primaryimage\"},\"image\":{\"@id\":\"https:\\\/\\\/shrimataji.org\\\/test\\\/sv\\\/anahata-chakra-sv\\\/#primaryimage\"},\"thumbnailUrl\":\"https:\\\/\\\/shrimataji.org\\\/test\\\/wp-content\\\/uploads\\\/2023\\\/03\\\/19_Banner-SY-Chakra-anahat-scaled.jpg\",\"datePublished\":\"2022-03-05T07:42:03+00:00\",\"dateModified\":\"2026-01-08T19:45:55+00:00\",\"breadcrumb\":{\"@id\":\"https:\\\/\\\/shrimataji.org\\\/test\\\/sv\\\/anahata-chakra-sv\\\/#breadcrumb\"},\"inLanguage\":\"en-US\",\"potentialAction\":[{\"@type\":\"ReadAction\",\"target\":[\"https:\\\/\\\/shrimataji.org\\\/test\\\/sv\\\/anahata-chakra-sv\\\/\"]}]},{\"@type\":\"ImageObject\",\"inLanguage\":\"en-US\",\"@id\":\"https:\\\/\\\/shrimataji.org\\\/test\\\/sv\\\/anahata-chakra-sv\\\/#primaryimage\",\"url\":\"https:\\\/\\\/shrimataji.org\\\/test\\\/wp-content\\\/uploads\\\/2023\\\/03\\\/19_Banner-SY-Chakra-anahat-scaled.jpg\",\"contentUrl\":\"https:\\\/\\\/shrimataji.org\\\/test\\\/wp-content\\\/uploads\\\/2023\\\/03\\\/19_Banner-SY-Chakra-anahat-scaled.jpg\",\"width\":2560,\"height\":905},{\"@type\":\"BreadcrumbList\",\"@id\":\"https:\\\/\\\/shrimataji.org\\\/test\\\/sv\\\/anahata-chakra-sv\\\/#breadcrumb\",\"itemListElement\":[{\"@type\":\"ListItem\",\"position\":1,\"name\":\"Home\",\"item\":\"https:\\\/\\\/shrimataji.org\\\/test\\\/uk\\\/home-en\\\/\"},{\"@type\":\"ListItem\",\"position\":2,\"name\":\"Anahata Chakra SV\"}]},{\"@type\":\"WebSite\",\"@id\":\"https:\\\/\\\/shrimataji.org\\\/test\\\/#website\",\"url\":\"https:\\\/\\\/shrimataji.org\\\/test\\\/\",\"name\":\"Shri Mataji Nirmala Devi\",\"description\":\"A Life Dedicated to Humanity\",\"publisher\":{\"@id\":\"https:\\\/\\\/shrimataji.org\\\/test\\\/#\\\/schema\\\/person\\\/a1b3419c6585f164aa96da1ff85715d1\"},\"potentialAction\":[{\"@type\":\"SearchAction\",\"target\":{\"@type\":\"EntryPoint\",\"urlTemplate\":\"https:\\\/\\\/shrimataji.org\\\/test\\\/?s={search_term_string}\"},\"query-input\":{\"@type\":\"PropertyValueSpecification\",\"valueRequired\":true,\"valueName\":\"search_term_string\"}}],\"inLanguage\":\"en-US\"},{\"@type\":[\"Person\",\"Organization\"],\"@id\":\"https:\\\/\\\/shrimataji.org\\\/test\\\/#\\\/schema\\\/person\\\/a1b3419c6585f164aa96da1ff85715d1\",\"name\":\"Nirmala Shrivastava\",\"image\":{\"@type\":\"ImageObject\",\"inLanguage\":\"en-US\",\"@id\":\"https:\\\/\\\/shrimataji.org\\\/test\\\/wp-content\\\/uploads\\\/2023\\\/02\\\/SMO_LOGO-03.svg\",\"url\":\"https:\\\/\\\/shrimataji.org\\\/test\\\/wp-content\\\/uploads\\\/2023\\\/02\\\/SMO_LOGO-03.svg\",\"contentUrl\":\"https:\\\/\\\/shrimataji.org\\\/test\\\/wp-content\\\/uploads\\\/2023\\\/02\\\/SMO_LOGO-03.svg\",\"width\":\"1024\",\"height\":\"1024\",\"caption\":\"Nirmala Shrivastava\"},\"logo\":{\"@id\":\"https:\\\/\\\/shrimataji.org\\\/test\\\/wp-content\\\/uploads\\\/2023\\\/02\\\/SMO_LOGO-03.svg\"},\"sameAs\":[\"https:\\\/\\\/shrimataji.org\\\/test\",\"https:\\\/\\\/www.facebook.com\\\/shrimataji\",\"https:\\\/\\\/x.com\\\/shrimataji\",\"https:\\\/\\\/www.youtube.com\\\/@Shri_Mataji_Nirmala_Devi\\\/featured\"]}]}<\/script>\n<!-- \/ Yoast SEO plugin. -->","yoast_head_json":{"title":"Anahata Chakra SV - TEST - SMND","robots":{"index":"noindex","follow":"follow","max-snippet":"max-snippet:-1","max-image-preview":"max-image-preview:large","max-video-preview":"max-video-preview:-1"},"og_locale":"en_US","og_type":"article","og_title":"Anahata Chakra SV - TEST - SMND","og_description":"Anahata Chakra Ovillkorlig k\u00e4rlek och mod. Den eviga Anden (Atma) tr\u00e4der f\u00f6rst in i hj\u00e4rnan under de tidiga stadierna av fosterutvecklingen. Shri Mataji beskriver detta som det \u00f6gonblick n\u00e4r det f\u00f6rsta hj\u00e4rtslaget aktiverar livskraften inom oss. Detta leder till en serie h\u00e4ndelser d\u00e4r v\u00e5r Kundalini f\u00f6renar v\u00e5r subtila kropp med den fysiska kroppens utveckling. Det&hellip; Read more","og_url":"https:\/\/shrimataji.org\/test\/sv\/anahata-chakra-sv\/","og_site_name":"TEST - SMND","article_publisher":"https:\/\/www.facebook.com\/shrimataji","article_modified_time":"2026-01-08T19:45:55+00:00","og_image":[{"width":2560,"height":905,"url":"https:\/\/shrimataji.org\/test\/wp-content\/uploads\/2023\/03\/19_Banner-SY-Chakra-anahat-scaled.jpg","type":"image\/jpeg"}],"twitter_card":"summary_large_image","twitter_site":"@shrimataji","twitter_misc":{"Est. reading time":"4 minutes"},"schema":{"@context":"https:\/\/schema.org","@graph":[{"@type":"WebPage","@id":"https:\/\/shrimataji.org\/test\/sv\/anahata-chakra-sv\/","url":"https:\/\/shrimataji.org\/test\/sv\/anahata-chakra-sv\/","name":"Anahata Chakra SV - TEST - SMND","isPartOf":{"@id":"https:\/\/shrimataji.org\/test\/#website"},"primaryImageOfPage":{"@id":"https:\/\/shrimataji.org\/test\/sv\/anahata-chakra-sv\/#primaryimage"},"image":{"@id":"https:\/\/shrimataji.org\/test\/sv\/anahata-chakra-sv\/#primaryimage"},"thumbnailUrl":"https:\/\/shrimataji.org\/test\/wp-content\/uploads\/2023\/03\/19_Banner-SY-Chakra-anahat-scaled.jpg","datePublished":"2022-03-05T07:42:03+00:00","dateModified":"2026-01-08T19:45:55+00:00","breadcrumb":{"@id":"https:\/\/shrimataji.org\/test\/sv\/anahata-chakra-sv\/#breadcrumb"},"inLanguage":"en-US","potentialAction":[{"@type":"ReadAction","target":["https:\/\/shrimataji.org\/test\/sv\/anahata-chakra-sv\/"]}]},{"@type":"ImageObject","inLanguage":"en-US","@id":"https:\/\/shrimataji.org\/test\/sv\/anahata-chakra-sv\/#primaryimage","url":"https:\/\/shrimataji.org\/test\/wp-content\/uploads\/2023\/03\/19_Banner-SY-Chakra-anahat-scaled.jpg","contentUrl":"https:\/\/shrimataji.org\/test\/wp-content\/uploads\/2023\/03\/19_Banner-SY-Chakra-anahat-scaled.jpg","width":2560,"height":905},{"@type":"BreadcrumbList","@id":"https:\/\/shrimataji.org\/test\/sv\/anahata-chakra-sv\/#breadcrumb","itemListElement":[{"@type":"ListItem","position":1,"name":"Home","item":"https:\/\/shrimataji.org\/test\/uk\/home-en\/"},{"@type":"ListItem","position":2,"name":"Anahata Chakra SV"}]},{"@type":"WebSite","@id":"https:\/\/shrimataji.org\/test\/#website","url":"https:\/\/shrimataji.org\/test\/","name":"Shri Mataji Nirmala Devi","description":"A Life Dedicated to Humanity","publisher":{"@id":"https:\/\/shrimataji.org\/test\/#\/schema\/person\/a1b3419c6585f164aa96da1ff85715d1"},"potentialAction":[{"@type":"SearchAction","target":{"@type":"EntryPoint","urlTemplate":"https:\/\/shrimataji.org\/test\/?s={search_term_string}"},"query-input":{"@type":"PropertyValueSpecification","valueRequired":true,"valueName":"search_term_string"}}],"inLanguage":"en-US"},{"@type":["Person","Organization"],"@id":"https:\/\/shrimataji.org\/test\/#\/schema\/person\/a1b3419c6585f164aa96da1ff85715d1","name":"Nirmala Shrivastava","image":{"@type":"ImageObject","inLanguage":"en-US","@id":"https:\/\/shrimataji.org\/test\/wp-content\/uploads\/2023\/02\/SMO_LOGO-03.svg","url":"https:\/\/shrimataji.org\/test\/wp-content\/uploads\/2023\/02\/SMO_LOGO-03.svg","contentUrl":"https:\/\/shrimataji.org\/test\/wp-content\/uploads\/2023\/02\/SMO_LOGO-03.svg","width":"1024","height":"1024","caption":"Nirmala Shrivastava"},"logo":{"@id":"https:\/\/shrimataji.org\/test\/wp-content\/uploads\/2023\/02\/SMO_LOGO-03.svg"},"sameAs":["https:\/\/shrimataji.org\/test","https:\/\/www.facebook.com\/shrimataji","https:\/\/x.com\/shrimataji","https:\/\/www.youtube.com\/@Shri_Mataji_Nirmala_Devi\/featured"]}]}},"lang":"sv","translations":{"sv":22949,"ur":37389,"en":6490,"am":17960,"th":19885,"hu":19435,"sq":18361,"zh":17258,"hi":8331,"tr":10132,"pt":10349,"de":10622,"fr":10720,"it":10818,"es":10916,"ja":11213,"ru":11401,"bn":11593,"te":11701,"sw":11824,"he":11972,"el":12263,"sk":12361,"fa":12459,"fi":12557,"bg":13370,"ro":14444,"cs":14637,"nl":16521,"ku":16681,"ar":16857,"be":18568,"kn":18842,"mr":20249,"uk":20541,"ml":20840,"ta":22676,"gu":28797,"pa":28955,"fil":29395,"da":37703,"pl":37920,"nn":38255},"pll_sync_post":[],"_links":{"self":[{"href":"https:\/\/shrimataji.org\/test\/wp-json\/wp\/v2\/pages\/22949","targetHints":{"allow":["GET"]}}],"collection":[{"href":"https:\/\/shrimataji.org\/test\/wp-json\/wp\/v2\/pages"}],"about":[{"href":"https:\/\/shrimataji.org\/test\/wp-json\/wp\/v2\/types\/page"}],"author":[{"embeddable":true,"href":"https:\/\/shrimataji.org\/test\/wp-json\/wp\/v2\/users\/1"}],"replies":[{"embeddable":true,"href":"https:\/\/shrimataji.org\/test\/wp-json\/wp\/v2\/comments?post=22949"}],"version-history":[{"count":0,"href":"https:\/\/shrimataji.org\/test\/wp-json\/wp\/v2\/pages\/22949\/revisions"}],"wp:featuredmedia":[{"embeddable":true,"href":"https:\/\/shrimataji.org\/test\/wp-json\/wp\/v2\/media\/22950"}],"wp:attachment":[{"href":"https:\/\/shrimataji.org\/test\/wp-json\/wp\/v2\/media?parent=22949"}],"curies":[{"name":"wp","href":"https:\/\/api.w.org\/{rel}","templated":true}]}}