{"id":22956,"date":"2018-07-10T06:54:50","date_gmt":"2018-07-10T06:54:50","guid":{"rendered":"http:\/\/testwordpress.nirmalnagari.org\/smnd\/index.php\/awards\/"},"modified":"2025-04-25T12:10:40","modified_gmt":"2025-04-25T12:10:40","slug":"utmarkelser","status":"publish","type":"page","link":"https:\/\/shrimataji.org\/test\/sv\/utmarkelser\/","title":{"rendered":"Utm\u00e4rkelser"},"content":{"rendered":"\n\n\t<h1>Utm\u00e4rkelser<\/h1>\n<h2>Ett urval av priser och erk\u00e4nnanden<\/h2>\n\t<h4>Shri Matajis humanit\u00e4ra och andliga arbete beundras av m\u00e4nniskor i \u00f6ver 95 l\u00e4nder samt av regeringar, dignit\u00e4rer, skolor och humanit\u00e4ra organisationer.<\/h4>\n<p>Petrovskaya Academy of Arts and Sciences i St. Petersburg erk\u00e4nde vetenskapligheten i hennes l\u00e4ror och gav Shri Mataji ett hedersmedlemskap, och sa: &#8220;Du \u00e4r h\u00f6gre \u00e4n vetenskapen&#8221;<\/p>\n<p>Claes Nobel och andra tackade henne f\u00f6r att ge hopp till m\u00e4nskligheten. Shri Mataji tog emot alla utm\u00e4rkelser \u00f6dmjukt, ber\u00f6mde andras insatser och betonade kollektiva snarare \u00e4n individuella framsteg.<\/p>\n<p>Trots sitt intensiva resande klagade Shri Mataji aldrig p\u00e5 sitt tuffa schema utan liknade det vid en k\u00e4rleksfull mor som tar hand om sina barn.<\/p>\n\t<iframe loading=\"lazy\" title=\"Claes Nobel - Tribute to Shri Mataji\" width=\"1920\" height=\"1080\" src=\"https:\/\/www.youtube.com\/embed\/K4ftCStNzWk?feature=oembed\" frameborder=\"0\" allow=\"accelerometer; autoplay; clipboard-write; encrypted-media; gyroscope; picture-in-picture; web-share\" allowfullscreen><\/iframe>\n\t\t\t\t<img loading=\"lazy\" decoding=\"async\" src=\"https:\/\/shrimataji.org\/test\/wp-content\/uploads\/2024\/12\/sv_shri-mataji-at-the-womens-conference-in-beijing-13.09.1995.jpg\" alt=\"FN-konferens (Peking, Kina, 1995)\" itemprop=\"image\" height=\"888\" width=\"1362\" title=\"sv_shri-mataji-at-the-womens-conference-in-beijing-13.09.1995\" onerror=\"this.style.display='none'\"  \/>\n\t\tFN-konferens (Peking, Kina, 1995)\n\t<p><strong>Ett urval av priser och erk\u00e4nnanden<\/strong><\/p>\n<p>Shri Mataji har f\u00e5tt erk\u00e4nnande v\u00e4rlden \u00f6ver f\u00f6r sitt osj\u00e4lviska arbete och de imponerande resultaten av hennes l\u00e4ror genom Sahaja Yoga. H\u00e4r \u00e4r n\u00e5gra exempel:<\/p>\n<strong>Italien, 1986<br \/>\n<\/strong>Utn\u00e4mnd till &#8220;\u00c5rets personlighet&#8221; av den italienska regeringen.\n<strong>Moskva, Ryssland, 1989<\/strong><br \/>\nEfter Shri Matajis m\u00f6te med Sovjetunionens h\u00e4lsominister fick Sahaja Yoga full statlig sponsring, inklusive finansiering f\u00f6r vetenskaplig forskning&#8221;\n<strong>New York, 1990-1994<\/strong><br \/>\nInbjuden av FN under fyra \u00e5r i rad f\u00f6r att tala om s\u00e4tt att uppn\u00e5 v\u00e4rldsfred.\n<strong>St. Petersburg, Ryssland, 1993<\/strong><br \/>\nUtn\u00e4mnd till hedersmedlem i Petrovskaya Academy of Art and Science. Endast tolv personer har f\u00e5tt denna \u00e4ra, d\u00e4ribland Einstein. Shri Mataji invigde den f\u00f6rsta internationella konferensen om medicin och sj\u00e4lvkunskap, som d\u00e4refter blev ett \u00e5rligt evenemang p\u00e5 akademin&#8221;\n<strong>Brasilien, 1994<\/strong><br \/>\nBrasilias borgm\u00e4stare v\u00e4lkomnade Shri Mataji p\u00e5 flygplatsen, gav henne nyckeln till staden och sponsrade alla hennes program.\n<strong>New York, 1994<\/strong><br \/>\nDen 26 september utropades till &#8216;Shri Mataji Nirmala Devi-dagen.&#8217; Shri Mataji hedrades med en v\u00e4lkomstparad och poliseskort f\u00f6r att fira hennes samarbete med Mahatma Gandhi&#8221;\n<strong>British Columbia, Kanada, 1994<\/strong><br \/>\nV\u00e4lkomstbrev tillhandah\u00f6lls av premi\u00e4rministern i provinsen British Columbia, Mike Harcourt, \u00e5 Kanadas folks v\u00e4gnar.\n<strong>Rum\u00e4nien 1995<\/strong><br \/>\nUtn\u00e4mnd till hedersdoktor i kognitionsvetenskap av prof D. Drimer, chef f\u00f6r Ekologiska universitetet i Bukarest.\n<strong>Kina, 1995<\/strong><br \/>\nOfficiell g\u00e4st till den kinesiska regeringen f\u00f6r att tala vid FN:s internationella kvinnokonferens.\n<strong>Pune, Indien, 1996<\/strong><br \/>\nMed anledning av Saint Gyaneshwaras 700-\u00e5rsjubileum talade Shri Mataji till &#8220;World Philosophers Meet &#8217;96 &#8211; A Parliament of Science, Religion and Philosophy&#8221;, d\u00e4r hon hyllades f\u00f6r sin andliga r\u00f6relse, Sahaja Yoga\n<strong>London, 1997<\/strong><br \/>\nMr. Claes Nobel, farbrorson till Alfred Nobel, ordf\u00f6rande f\u00f6r United Earth och The National Society of High School Scholars, hedrade Shri Matajis liv och arbete i ett offentligt tal i Royal Albert Hall.\n<strong>USA, 105:e kongressen, 1997 och 106:e kongressen, 2000<\/strong><br \/>\nHonorarium inl\u00e4st i kongressprotokollet av kongressledamoten Eliot Engle som ber\u00f6mmer Shri Mataji f\u00f6r hennes h\u00e4ngivna och outtr\u00f6ttliga arbete f\u00f6r m\u00e4nskligheten.\n<strong>Cabella Ligure, Italien, 2006<\/strong><br \/>\nShri Mataji tilldelades hedersmedborgarskap i Italien. D\u00e4refter avt\u00e4cktes grundstenen f\u00f6r &#8216;Shri Mataji Nirmala Devi World Foundation of Sahaja Yoga,&#8217; som har sitt s\u00e4te i Cabella Ligure&#8221;\n\t\t\t\t<img loading=\"lazy\" decoding=\"async\" src=\"https:\/\/shrimataji.org\/test\/wp-content\/uploads\/2024\/11\/EN_lwp-3459.jpg\" alt=\"Cabella Ligure\" itemprop=\"image\" height=\"427\" width=\"640\" title=\"EN_lwp-3459\" onerror=\"this.style.display='none'\"  \/>\n\t\tCabella Ligure\n\t<div class=\"su-quote su-quote-style-default\"><div class=\"su-quote-inner su-u-clearfix su-u-trim\">En moders roll \u00e4r speciell. T\u00e5lamod, k\u00e4rlek och f\u00f6rl\u00e5telse \u00e4r naturligt f\u00f6r henne. Det handlar inte om prestationer, ber\u00f6mmelse eller utm\u00e4rkelser. Hon g\u00f6r det f\u00f6r att hon \u00e4r en mor.<\/div><\/div>\n\n","protected":false},"excerpt":{"rendered":"<p>Utm\u00e4rkelser Ett urval av priser och erk\u00e4nnanden Shri Matajis humanit\u00e4ra och andliga arbete beundras av m\u00e4nniskor i \u00f6ver 95 l\u00e4nder samt av regeringar, dignit\u00e4rer, skolor och humanit\u00e4ra organisationer. Petrovskaya Academy of Arts and Sciences i St. Petersburg erk\u00e4nde vetenskapligheten i hennes l\u00e4ror och gav Shri Mataji ett hedersmedlemskap, och sa: &#8220;Du \u00e4r h\u00f6gre \u00e4n vetenskapen&#8221;&hellip; <br \/> <a class=\"read-more\" href=\"https:\/\/shrimataji.org\/test\/sv\/utmarkelser\/\">Read more<\/a><\/p>\n","protected":false},"author":58,"featured_media":22957,"parent":0,"menu_order":0,"comment_status":"closed","ping_status":"closed","template":"","meta":{"inline_featured_image":false,"footnotes":""},"class_list":["post-22956","page","type-page","status-publish","has-post-thumbnail","hentry"],"yoast_head":"<!-- This site is optimized with the Yoast SEO plugin v27.4 - https:\/\/yoast.com\/product\/yoast-seo-wordpress\/ -->\n<title>Utm\u00e4rkelser - TEST - SMND<\/title>\n<meta name=\"robots\" content=\"noindex, follow, max-snippet:-1, max-image-preview:large, max-video-preview:-1\" \/>\n<meta property=\"og:locale\" content=\"en_US\" \/>\n<meta property=\"og:type\" content=\"article\" \/>\n<meta property=\"og:title\" content=\"Utm\u00e4rkelser - TEST - SMND\" \/>\n<meta property=\"og:description\" content=\"Utm\u00e4rkelser Ett urval av priser och erk\u00e4nnanden Shri Matajis humanit\u00e4ra och andliga arbete beundras av m\u00e4nniskor i \u00f6ver 95 l\u00e4nder samt av regeringar, dignit\u00e4rer, skolor och humanit\u00e4ra organisationer. Petrovskaya Academy of Arts and Sciences i St. Petersburg erk\u00e4nde vetenskapligheten i hennes l\u00e4ror och gav Shri Mataji ett hedersmedlemskap, och sa: &#8220;Du \u00e4r h\u00f6gre \u00e4n vetenskapen&#8221;&hellip; Read more\" \/>\n<meta property=\"og:url\" content=\"https:\/\/shrimataji.org\/test\/sv\/utmarkelser\/\" \/>\n<meta property=\"og:site_name\" content=\"TEST - SMND\" \/>\n<meta property=\"article:publisher\" content=\"https:\/\/www.facebook.com\/shrimataji\" \/>\n<meta property=\"article:modified_time\" content=\"2025-04-25T12:10:40+00:00\" \/>\n<meta property=\"og:image\" content=\"https:\/\/shrimataji.org\/test\/wp-content\/uploads\/2018\/07\/media_originals\/images\/headers-life-awards\/shri-mataji-recieves-recognition-in-moscow-russia.jpg\" \/>\n\t<meta property=\"og:image:width\" content=\"990\" \/>\n\t<meta property=\"og:image:height\" content=\"350\" \/>\n\t<meta property=\"og:image:type\" content=\"image\/jpeg\" \/>\n<meta name=\"twitter:card\" content=\"summary_large_image\" \/>\n<meta name=\"twitter:site\" content=\"@shrimataji\" \/>\n<meta name=\"twitter:label1\" content=\"Est. reading time\" \/>\n\t<meta name=\"twitter:data1\" content=\"4 minutes\" \/>\n<script type=\"application\/ld+json\" class=\"yoast-schema-graph\">{\"@context\":\"https:\\\/\\\/schema.org\",\"@graph\":[{\"@type\":\"WebPage\",\"@id\":\"https:\\\/\\\/shrimataji.org\\\/test\\\/sv\\\/utmarkelser\\\/\",\"url\":\"https:\\\/\\\/shrimataji.org\\\/test\\\/sv\\\/utmarkelser\\\/\",\"name\":\"Utm\u00e4rkelser - TEST - SMND\",\"isPartOf\":{\"@id\":\"https:\\\/\\\/shrimataji.org\\\/test\\\/#website\"},\"primaryImageOfPage\":{\"@id\":\"https:\\\/\\\/shrimataji.org\\\/test\\\/sv\\\/utmarkelser\\\/#primaryimage\"},\"image\":{\"@id\":\"https:\\\/\\\/shrimataji.org\\\/test\\\/sv\\\/utmarkelser\\\/#primaryimage\"},\"thumbnailUrl\":\"https:\\\/\\\/shrimataji.org\\\/test\\\/wp-content\\\/uploads\\\/2018\\\/07\\\/media_originals\\\/images\\\/headers-life-awards\\\/shri-mataji-recieves-recognition-in-moscow-russia.jpg\",\"datePublished\":\"2018-07-10T06:54:50+00:00\",\"dateModified\":\"2025-04-25T12:10:40+00:00\",\"breadcrumb\":{\"@id\":\"https:\\\/\\\/shrimataji.org\\\/test\\\/sv\\\/utmarkelser\\\/#breadcrumb\"},\"inLanguage\":\"en-US\",\"potentialAction\":[{\"@type\":\"ReadAction\",\"target\":[\"https:\\\/\\\/shrimataji.org\\\/test\\\/sv\\\/utmarkelser\\\/\"]}]},{\"@type\":\"ImageObject\",\"inLanguage\":\"en-US\",\"@id\":\"https:\\\/\\\/shrimataji.org\\\/test\\\/sv\\\/utmarkelser\\\/#primaryimage\",\"url\":\"https:\\\/\\\/shrimataji.org\\\/test\\\/wp-content\\\/uploads\\\/2018\\\/07\\\/media_originals\\\/images\\\/headers-life-awards\\\/shri-mataji-recieves-recognition-in-moscow-russia.jpg\",\"contentUrl\":\"https:\\\/\\\/shrimataji.org\\\/test\\\/wp-content\\\/uploads\\\/2018\\\/07\\\/media_originals\\\/images\\\/headers-life-awards\\\/shri-mataji-recieves-recognition-in-moscow-russia.jpg\",\"width\":990,\"height\":350},{\"@type\":\"BreadcrumbList\",\"@id\":\"https:\\\/\\\/shrimataji.org\\\/test\\\/sv\\\/utmarkelser\\\/#breadcrumb\",\"itemListElement\":[{\"@type\":\"ListItem\",\"position\":1,\"name\":\"Home\",\"item\":\"https:\\\/\\\/shrimataji.org\\\/test\\\/uk\\\/home-en\\\/\"},{\"@type\":\"ListItem\",\"position\":2,\"name\":\"Utm\u00e4rkelser\"}]},{\"@type\":\"WebSite\",\"@id\":\"https:\\\/\\\/shrimataji.org\\\/test\\\/#website\",\"url\":\"https:\\\/\\\/shrimataji.org\\\/test\\\/\",\"name\":\"Shri Mataji Nirmala Devi\",\"description\":\"A Life Dedicated to Humanity\",\"publisher\":{\"@id\":\"https:\\\/\\\/shrimataji.org\\\/test\\\/#\\\/schema\\\/person\\\/a1b3419c6585f164aa96da1ff85715d1\"},\"potentialAction\":[{\"@type\":\"SearchAction\",\"target\":{\"@type\":\"EntryPoint\",\"urlTemplate\":\"https:\\\/\\\/shrimataji.org\\\/test\\\/?s={search_term_string}\"},\"query-input\":{\"@type\":\"PropertyValueSpecification\",\"valueRequired\":true,\"valueName\":\"search_term_string\"}}],\"inLanguage\":\"en-US\"},{\"@type\":[\"Person\",\"Organization\"],\"@id\":\"https:\\\/\\\/shrimataji.org\\\/test\\\/#\\\/schema\\\/person\\\/a1b3419c6585f164aa96da1ff85715d1\",\"name\":\"Nirmala Shrivastava\",\"image\":{\"@type\":\"ImageObject\",\"inLanguage\":\"en-US\",\"@id\":\"https:\\\/\\\/shrimataji.org\\\/test\\\/wp-content\\\/uploads\\\/2023\\\/02\\\/SMO_LOGO-03.svg\",\"url\":\"https:\\\/\\\/shrimataji.org\\\/test\\\/wp-content\\\/uploads\\\/2023\\\/02\\\/SMO_LOGO-03.svg\",\"contentUrl\":\"https:\\\/\\\/shrimataji.org\\\/test\\\/wp-content\\\/uploads\\\/2023\\\/02\\\/SMO_LOGO-03.svg\",\"width\":\"1024\",\"height\":\"1024\",\"caption\":\"Nirmala Shrivastava\"},\"logo\":{\"@id\":\"https:\\\/\\\/shrimataji.org\\\/test\\\/wp-content\\\/uploads\\\/2023\\\/02\\\/SMO_LOGO-03.svg\"},\"sameAs\":[\"https:\\\/\\\/shrimataji.org\\\/test\",\"https:\\\/\\\/www.facebook.com\\\/shrimataji\",\"https:\\\/\\\/x.com\\\/shrimataji\",\"https:\\\/\\\/www.youtube.com\\\/@Shri_Mataji_Nirmala_Devi\\\/featured\"]}]}<\/script>\n<!-- \/ Yoast SEO plugin. -->","yoast_head_json":{"title":"Utm\u00e4rkelser - TEST - SMND","robots":{"index":"noindex","follow":"follow","max-snippet":"max-snippet:-1","max-image-preview":"max-image-preview:large","max-video-preview":"max-video-preview:-1"},"og_locale":"en_US","og_type":"article","og_title":"Utm\u00e4rkelser - TEST - SMND","og_description":"Utm\u00e4rkelser Ett urval av priser och erk\u00e4nnanden Shri Matajis humanit\u00e4ra och andliga arbete beundras av m\u00e4nniskor i \u00f6ver 95 l\u00e4nder samt av regeringar, dignit\u00e4rer, skolor och humanit\u00e4ra organisationer. Petrovskaya Academy of Arts and Sciences i St. Petersburg erk\u00e4nde vetenskapligheten i hennes l\u00e4ror och gav Shri Mataji ett hedersmedlemskap, och sa: &#8220;Du \u00e4r h\u00f6gre \u00e4n vetenskapen&#8221;&hellip; Read more","og_url":"https:\/\/shrimataji.org\/test\/sv\/utmarkelser\/","og_site_name":"TEST - SMND","article_publisher":"https:\/\/www.facebook.com\/shrimataji","article_modified_time":"2025-04-25T12:10:40+00:00","og_image":[{"width":990,"height":350,"url":"https:\/\/shrimataji.org\/test\/wp-content\/uploads\/2018\/07\/media_originals\/images\/headers-life-awards\/shri-mataji-recieves-recognition-in-moscow-russia.jpg","type":"image\/jpeg"}],"twitter_card":"summary_large_image","twitter_site":"@shrimataji","twitter_misc":{"Est. reading time":"4 minutes"},"schema":{"@context":"https:\/\/schema.org","@graph":[{"@type":"WebPage","@id":"https:\/\/shrimataji.org\/test\/sv\/utmarkelser\/","url":"https:\/\/shrimataji.org\/test\/sv\/utmarkelser\/","name":"Utm\u00e4rkelser - TEST - SMND","isPartOf":{"@id":"https:\/\/shrimataji.org\/test\/#website"},"primaryImageOfPage":{"@id":"https:\/\/shrimataji.org\/test\/sv\/utmarkelser\/#primaryimage"},"image":{"@id":"https:\/\/shrimataji.org\/test\/sv\/utmarkelser\/#primaryimage"},"thumbnailUrl":"https:\/\/shrimataji.org\/test\/wp-content\/uploads\/2018\/07\/media_originals\/images\/headers-life-awards\/shri-mataji-recieves-recognition-in-moscow-russia.jpg","datePublished":"2018-07-10T06:54:50+00:00","dateModified":"2025-04-25T12:10:40+00:00","breadcrumb":{"@id":"https:\/\/shrimataji.org\/test\/sv\/utmarkelser\/#breadcrumb"},"inLanguage":"en-US","potentialAction":[{"@type":"ReadAction","target":["https:\/\/shrimataji.org\/test\/sv\/utmarkelser\/"]}]},{"@type":"ImageObject","inLanguage":"en-US","@id":"https:\/\/shrimataji.org\/test\/sv\/utmarkelser\/#primaryimage","url":"https:\/\/shrimataji.org\/test\/wp-content\/uploads\/2018\/07\/media_originals\/images\/headers-life-awards\/shri-mataji-recieves-recognition-in-moscow-russia.jpg","contentUrl":"https:\/\/shrimataji.org\/test\/wp-content\/uploads\/2018\/07\/media_originals\/images\/headers-life-awards\/shri-mataji-recieves-recognition-in-moscow-russia.jpg","width":990,"height":350},{"@type":"BreadcrumbList","@id":"https:\/\/shrimataji.org\/test\/sv\/utmarkelser\/#breadcrumb","itemListElement":[{"@type":"ListItem","position":1,"name":"Home","item":"https:\/\/shrimataji.org\/test\/uk\/home-en\/"},{"@type":"ListItem","position":2,"name":"Utm\u00e4rkelser"}]},{"@type":"WebSite","@id":"https:\/\/shrimataji.org\/test\/#website","url":"https:\/\/shrimataji.org\/test\/","name":"Shri Mataji Nirmala Devi","description":"A Life Dedicated to Humanity","publisher":{"@id":"https:\/\/shrimataji.org\/test\/#\/schema\/person\/a1b3419c6585f164aa96da1ff85715d1"},"potentialAction":[{"@type":"SearchAction","target":{"@type":"EntryPoint","urlTemplate":"https:\/\/shrimataji.org\/test\/?s={search_term_string}"},"query-input":{"@type":"PropertyValueSpecification","valueRequired":true,"valueName":"search_term_string"}}],"inLanguage":"en-US"},{"@type":["Person","Organization"],"@id":"https:\/\/shrimataji.org\/test\/#\/schema\/person\/a1b3419c6585f164aa96da1ff85715d1","name":"Nirmala Shrivastava","image":{"@type":"ImageObject","inLanguage":"en-US","@id":"https:\/\/shrimataji.org\/test\/wp-content\/uploads\/2023\/02\/SMO_LOGO-03.svg","url":"https:\/\/shrimataji.org\/test\/wp-content\/uploads\/2023\/02\/SMO_LOGO-03.svg","contentUrl":"https:\/\/shrimataji.org\/test\/wp-content\/uploads\/2023\/02\/SMO_LOGO-03.svg","width":"1024","height":"1024","caption":"Nirmala Shrivastava"},"logo":{"@id":"https:\/\/shrimataji.org\/test\/wp-content\/uploads\/2023\/02\/SMO_LOGO-03.svg"},"sameAs":["https:\/\/shrimataji.org\/test","https:\/\/www.facebook.com\/shrimataji","https:\/\/x.com\/shrimataji","https:\/\/www.youtube.com\/@Shri_Mataji_Nirmala_Devi\/featured"]}]}},"lang":"sv","translations":{"sv":22956,"ur":37691,"en":437,"am":17967,"th":19895,"hu":19442,"sq":18368,"zh":17265,"tr":10136,"pt":10353,"de":10626,"fr":10724,"it":10822,"es":10920,"ja":11217,"ru":11405,"bn":11597,"te":11705,"sw":11828,"he":11976,"el":12267,"sk":12365,"fa":12463,"fi":12561,"bg":13438,"ro":14512,"cs":14705,"nl":16528,"ku":16688,"ar":16864,"be":18575,"kn":18849,"mr":20259,"uk":20551,"ml":20850,"ta":22683,"gu":28804,"pa":28962,"fil":29402,"da":37710,"pl":37927,"nn":38262},"pll_sync_post":[],"_links":{"self":[{"href":"https:\/\/shrimataji.org\/test\/wp-json\/wp\/v2\/pages\/22956","targetHints":{"allow":["GET"]}}],"collection":[{"href":"https:\/\/shrimataji.org\/test\/wp-json\/wp\/v2\/pages"}],"about":[{"href":"https:\/\/shrimataji.org\/test\/wp-json\/wp\/v2\/types\/page"}],"author":[{"embeddable":true,"href":"https:\/\/shrimataji.org\/test\/wp-json\/wp\/v2\/users\/58"}],"replies":[{"embeddable":true,"href":"https:\/\/shrimataji.org\/test\/wp-json\/wp\/v2\/comments?post=22956"}],"version-history":[{"count":0,"href":"https:\/\/shrimataji.org\/test\/wp-json\/wp\/v2\/pages\/22956\/revisions"}],"wp:featuredmedia":[{"embeddable":true,"href":"https:\/\/shrimataji.org\/test\/wp-json\/wp\/v2\/media\/22957"}],"wp:attachment":[{"href":"https:\/\/shrimataji.org\/test\/wp-json\/wp\/v2\/media?parent=22956"}],"curies":[{"name":"wp","href":"https:\/\/api.w.org\/{rel}","templated":true}]}}