{"id":22960,"date":"2022-02-25T04:05:58","date_gmt":"2022-02-25T04:05:58","guid":{"rendered":"https:\/\/test.shrimataji.org\/?page_id=6476"},"modified":"2026-01-06T14:22:46","modified_gmt":"2026-01-06T14:22:46","slug":"chakran-och-egenskaper","status":"publish","type":"page","link":"https:\/\/shrimataji.org\/test\/sv\/chakran-och-egenskaper\/","title":{"rendered":"Chakran och egenskaper"},"content":{"rendered":"\n\n\t<h1><a href=\"#_ftnref1\" name=\"_ftn1\"><\/a>Chakran och deras egenskaper<\/h1>\n<h2>Livets hjul<\/h2>\n<div class=\"su-quote su-quote-style-default\"><div class=\"su-quote-inner su-u-clearfix su-u-trim\">Chakran \u00e4r skapade av de fem elementen jord, vatten, luft, eld och eter.<\/div><\/div>\n\t<h4>Shri Mataji f\u00f6rklarade f\u00f6r s\u00f6karna hur man kan k\u00e4nna chakrorna i kroppen eller i fingertopparna och t\u00e5rna. Beroende p\u00e5 v\u00e5rt psykiska tillst\u00e5nd kan man k\u00e4nna olika sensationer, som v\u00e4rme, kyla, stickningar eller tyngd. Hon f\u00f6rklarade t\u00e5lmodigt varje upplevelse och kopplade dem till specifika problem p\u00e5 fysisk, mental, k\u00e4nslom\u00e4ssig och andlig niv\u00e5. Hon p\u00e5pekade att denna andliga upplevelse beskrivs v\u00e4l i olika religi\u00f6sa skrifter, s\u00e4rskilt i den heliga Koranen.<\/h4>\n\t<div class=\"su-quote su-quote-style-default\"><div class=\"su-quote-inner su-u-clearfix su-u-trim\">De kallar det Kiyama<a name=\"citation-ref-1\" href=\"#citation-note-1\"><sup>[1]<\/sup><\/a> i Koranen, d\u00e4r det s\u00e4gs att dina h\u00e4nder kommer att tala och ber\u00e4tta allt om dig och om andra. Detta \u00e4r exakt vad som h\u00e4nder &#8211; p\u00e5 dina fingertoppar kan du k\u00e4nna dina egna chakror och \u00e4ven andras. P\u00e5 s\u00e5 s\u00e4tt utvecklar du sj\u00e4lvk\u00e4nnedom och blir ocks\u00e5 kollektivt medveten.<\/div><\/div>\n<p>Man kan visualisera chakrorna som lotusblad. Varje chakra har ett antal blad som motsvarar nervplexus i kroppen. Nervplexusen styr informationsfl\u00f6det i v\u00e5r kropp och hj\u00e4rna och bidrar till att vi fungerar harmoniskt. De \u00e4r grunden f\u00f6r v\u00e5ra fysiska, mentala och k\u00e4nslom\u00e4ssiga aktiviteter. Varje chakra \u00e4r kopplat till vissa fysiska, mentala och k\u00e4nslom\u00e4ssiga egenskaper. St\u00f6rningar p\u00e5 dessa niv\u00e5er beror ofta p\u00e5 blockeringar i chakrorna.<\/p>\n<div class=\"su-quote su-quote-style-default\"><div class=\"su-quote-inner su-u-clearfix su-u-trim\">Den subtila energin g\u00e5r in genom hj\u00e4rnan (Sahasrara Brahmarandhra) och skapar sex ytterligare centra p\u00e5 v\u00e4gen ner. Denna energi, i Sushumna-kanalen i ryggraden, kallas det parasympatiska nervsystemet. Chakrornas centra visas som plexus utanf\u00f6r ryggraden. Vi har lika m\u00e5nga plexus och underplexus utanf\u00f6r som det finns chakror och blad inuti ryggraden.<\/div><\/div>\n<p>Nervsystemet speglar det subtila systemet vilket skapar en koppling mellan chakrorna i ryggraden och v\u00e5ra h\u00e4nder och f\u00f6tter. Om man kan avkoda dessa platser och deras chakror, kan man enkelt bem\u00e4stra sin fysiska, mentala, k\u00e4nslom\u00e4ssiga och andliga tillvaro. D\u00e5 \u00e4r man inte l\u00e4ngre skild fr\u00e5n den universella verkligheten utan kan genom sj\u00e4lvk\u00e4nnedom frig\u00f6ra sig fr\u00e5n illusioner.<\/p>\n\t\t\t\t<a href=\"https:\/\/shrimataji.org\/test\/wp-content\/uploads\/2023\/02\/01a_Chakras-_-Qualities_SMO-01-1.png\"  target=\"_blank\" rel=\"noopener\"  itemprop=\"url\">\n\t\t\t\t<img decoding=\"async\" src=\"https:\/\/shrimataji.org\/test\/wp-content\/uploads\/2024\/12\/se-chakras-and-qualities.png\" alt=\"se-chakras-and-qualities\" itemprop=\"image\" height=\"3928\" width=\"3214\" title=\"se-chakras-and-qualities\" onerror=\"this.style.display='none'\" loading=\"lazy\" \/>\n\t\t\t\t<\/a>\n\t<p>Centra i v\u00e5rt subtila system styr v\u00e5rt fysiska, mentala och k\u00e4nslom\u00e4ssiga v\u00e4lbefinnande och formar v\u00e5r personlighet. De fungerar som en lagringsplats f\u00f6r v\u00e5ra personliga egenskaper. N\u00e4r vi utvecklas och mognar, visar sig dessa egenskaper i v\u00e5ra liv, b\u00e5de medvetet och omedvetet. T\u00e4nk p\u00e5 hur ofta du har k\u00e4nt en impuls att hj\u00e4lpa n\u00e5gon eller vara sn\u00e4ll och gener\u00f6s. Varifr\u00e5n kommer dessa k\u00e4nslor?<\/p>\n<p>Forna kulturer i Kina och Indien, som anv\u00e4nde kunskapen om det subtila systemet, baserade sina samh\u00e4llen p\u00e5 andliga v\u00e4rden, kallade Dharma. Dharma p\u00e5 sanskrit betyder &#8216;r\u00e4ttf\u00e4rdig uppf\u00f6randekod&#8217;, som \u00e4r i harmoni med den universella anden. Detta liknar de tio budorden som gavs till Moses. M\u00e5nga gamla religioner och kulturer har liknande exempel p\u00e5 denna universella uppf\u00f6randekod.<\/p>\n\t\t<iframe loading=\"lazy\" title=\"Chakras - The Subtle Centers\" width=\"1920\" height=\"1080\" src=\"https:\/\/www.youtube.com\/embed\/8_ocwivaNcc?feature=oembed\" frameborder=\"0\" allow=\"accelerometer; autoplay; clipboard-write; encrypted-media; gyroscope; picture-in-picture; web-share\" allowfullscreen><\/iframe>\t\n\t<p>Baserat p\u00e5 Shri Matajis kunskap beskriver f\u00f6ljande avsnitt varje chakra och de inneboende personlighetsegenskaperna hos de subtila centren. Vissa av dessa egenskaper utvecklas fr\u00e5n f\u00f6dseln. De h\u00f6gre subtila egenskaperna manifesteras fullt ut efter att vi har uppn\u00e5tt sj\u00e4lvfupplysning genom <a href=\"https:\/\/shrimataji.org\/test\/sv\/kundalini\/\">Kundalinins<\/a> uppvaknande.<\/p>\n<p>Genom att anv\u00e4nda denna subtila kunskap om de olika centra kan vi hj\u00e4lpa oss sj\u00e4lva att leva i harmoni med v\u00e5r medf\u00f6dda andliga natur och v\u00e5ra medm\u00e4nniskor.<\/p>\n\t<hr \/>\n<p>\u00a0[1] <a href=\"#citation-ref-1\" name=\"citation-note-1\">^<\/a> h\u00e4nvisar till Al-Qiyama eller Al-Qiyamah, k\u00e4nd som uppst\u00e5ndelsens dag i Koranen<\/p>\n\n","protected":false},"excerpt":{"rendered":"<p>Chakran och deras egenskaper Livets hjul Shri Mataji f\u00f6rklarade f\u00f6r s\u00f6karna hur man kan k\u00e4nna chakrorna i kroppen eller i fingertopparna och t\u00e5rna. Beroende p\u00e5 v\u00e5rt psykiska tillst\u00e5nd kan man k\u00e4nna olika sensationer, som v\u00e4rme, kyla, stickningar eller tyngd. Hon f\u00f6rklarade t\u00e5lmodigt varje upplevelse och kopplade dem till specifika problem p\u00e5 fysisk, mental, k\u00e4nslom\u00e4ssig och&hellip; <br \/> <a class=\"read-more\" href=\"https:\/\/shrimataji.org\/test\/sv\/chakran-och-egenskaper\/\">Read more<\/a><\/p>\n","protected":false},"author":58,"featured_media":22961,"parent":0,"menu_order":0,"comment_status":"closed","ping_status":"closed","template":"","meta":{"inline_featured_image":false,"footnotes":""},"class_list":["post-22960","page","type-page","status-publish","has-post-thumbnail","hentry"],"yoast_head":"<!-- This site is optimized with the Yoast SEO plugin v27.4 - https:\/\/yoast.com\/product\/yoast-seo-wordpress\/ -->\n<title>Chakran och egenskaper - TEST - SMND<\/title>\n<meta name=\"robots\" content=\"noindex, follow, max-snippet:-1, max-image-preview:large, max-video-preview:-1\" \/>\n<meta property=\"og:locale\" content=\"en_US\" \/>\n<meta property=\"og:type\" content=\"article\" \/>\n<meta property=\"og:title\" content=\"Chakran och egenskaper - TEST - SMND\" \/>\n<meta property=\"og:description\" content=\"Chakran och deras egenskaper Livets hjul Shri Mataji f\u00f6rklarade f\u00f6r s\u00f6karna hur man kan k\u00e4nna chakrorna i kroppen eller i fingertopparna och t\u00e5rna. Beroende p\u00e5 v\u00e5rt psykiska tillst\u00e5nd kan man k\u00e4nna olika sensationer, som v\u00e4rme, kyla, stickningar eller tyngd. Hon f\u00f6rklarade t\u00e5lmodigt varje upplevelse och kopplade dem till specifika problem p\u00e5 fysisk, mental, k\u00e4nslom\u00e4ssig och&hellip; Read more\" \/>\n<meta property=\"og:url\" content=\"https:\/\/shrimataji.org\/test\/sv\/chakran-och-egenskaper\/\" \/>\n<meta property=\"og:site_name\" content=\"TEST - SMND\" \/>\n<meta property=\"article:publisher\" content=\"https:\/\/www.facebook.com\/shrimataji\" \/>\n<meta property=\"article:modified_time\" content=\"2026-01-06T14:22:46+00:00\" \/>\n<meta property=\"og:image\" content=\"https:\/\/shrimataji.org\/test\/wp-content\/uploads\/2023\/03\/15_Banner-SY-ChakrasQualities-scaled.jpg\" \/>\n\t<meta property=\"og:image:width\" content=\"2560\" \/>\n\t<meta property=\"og:image:height\" content=\"905\" \/>\n\t<meta property=\"og:image:type\" content=\"image\/jpeg\" \/>\n<meta name=\"twitter:card\" content=\"summary_large_image\" \/>\n<meta name=\"twitter:site\" content=\"@shrimataji\" \/>\n<meta name=\"twitter:label1\" content=\"Est. reading time\" \/>\n\t<meta name=\"twitter:data1\" content=\"4 minutes\" \/>\n<script type=\"application\/ld+json\" class=\"yoast-schema-graph\">{\"@context\":\"https:\\\/\\\/schema.org\",\"@graph\":[{\"@type\":\"WebPage\",\"@id\":\"https:\\\/\\\/shrimataji.org\\\/test\\\/sv\\\/chakran-och-egenskaper\\\/\",\"url\":\"https:\\\/\\\/shrimataji.org\\\/test\\\/sv\\\/chakran-och-egenskaper\\\/\",\"name\":\"Chakran och egenskaper - TEST - SMND\",\"isPartOf\":{\"@id\":\"https:\\\/\\\/shrimataji.org\\\/test\\\/#website\"},\"primaryImageOfPage\":{\"@id\":\"https:\\\/\\\/shrimataji.org\\\/test\\\/sv\\\/chakran-och-egenskaper\\\/#primaryimage\"},\"image\":{\"@id\":\"https:\\\/\\\/shrimataji.org\\\/test\\\/sv\\\/chakran-och-egenskaper\\\/#primaryimage\"},\"thumbnailUrl\":\"https:\\\/\\\/shrimataji.org\\\/test\\\/wp-content\\\/uploads\\\/2023\\\/03\\\/15_Banner-SY-ChakrasQualities-scaled.jpg\",\"datePublished\":\"2022-02-25T04:05:58+00:00\",\"dateModified\":\"2026-01-06T14:22:46+00:00\",\"breadcrumb\":{\"@id\":\"https:\\\/\\\/shrimataji.org\\\/test\\\/sv\\\/chakran-och-egenskaper\\\/#breadcrumb\"},\"inLanguage\":\"en-US\",\"potentialAction\":[{\"@type\":\"ReadAction\",\"target\":[\"https:\\\/\\\/shrimataji.org\\\/test\\\/sv\\\/chakran-och-egenskaper\\\/\"]}]},{\"@type\":\"ImageObject\",\"inLanguage\":\"en-US\",\"@id\":\"https:\\\/\\\/shrimataji.org\\\/test\\\/sv\\\/chakran-och-egenskaper\\\/#primaryimage\",\"url\":\"https:\\\/\\\/shrimataji.org\\\/test\\\/wp-content\\\/uploads\\\/2023\\\/03\\\/15_Banner-SY-ChakrasQualities-scaled.jpg\",\"contentUrl\":\"https:\\\/\\\/shrimataji.org\\\/test\\\/wp-content\\\/uploads\\\/2023\\\/03\\\/15_Banner-SY-ChakrasQualities-scaled.jpg\",\"width\":2560,\"height\":905},{\"@type\":\"BreadcrumbList\",\"@id\":\"https:\\\/\\\/shrimataji.org\\\/test\\\/sv\\\/chakran-och-egenskaper\\\/#breadcrumb\",\"itemListElement\":[{\"@type\":\"ListItem\",\"position\":1,\"name\":\"Home\",\"item\":\"https:\\\/\\\/shrimataji.org\\\/test\\\/uk\\\/home-en\\\/\"},{\"@type\":\"ListItem\",\"position\":2,\"name\":\"Chakran och egenskaper\"}]},{\"@type\":\"WebSite\",\"@id\":\"https:\\\/\\\/shrimataji.org\\\/test\\\/#website\",\"url\":\"https:\\\/\\\/shrimataji.org\\\/test\\\/\",\"name\":\"Shri Mataji Nirmala Devi\",\"description\":\"A Life Dedicated to Humanity\",\"publisher\":{\"@id\":\"https:\\\/\\\/shrimataji.org\\\/test\\\/#\\\/schema\\\/person\\\/a1b3419c6585f164aa96da1ff85715d1\"},\"potentialAction\":[{\"@type\":\"SearchAction\",\"target\":{\"@type\":\"EntryPoint\",\"urlTemplate\":\"https:\\\/\\\/shrimataji.org\\\/test\\\/?s={search_term_string}\"},\"query-input\":{\"@type\":\"PropertyValueSpecification\",\"valueRequired\":true,\"valueName\":\"search_term_string\"}}],\"inLanguage\":\"en-US\"},{\"@type\":[\"Person\",\"Organization\"],\"@id\":\"https:\\\/\\\/shrimataji.org\\\/test\\\/#\\\/schema\\\/person\\\/a1b3419c6585f164aa96da1ff85715d1\",\"name\":\"Nirmala Shrivastava\",\"image\":{\"@type\":\"ImageObject\",\"inLanguage\":\"en-US\",\"@id\":\"https:\\\/\\\/shrimataji.org\\\/test\\\/wp-content\\\/uploads\\\/2023\\\/02\\\/SMO_LOGO-03.svg\",\"url\":\"https:\\\/\\\/shrimataji.org\\\/test\\\/wp-content\\\/uploads\\\/2023\\\/02\\\/SMO_LOGO-03.svg\",\"contentUrl\":\"https:\\\/\\\/shrimataji.org\\\/test\\\/wp-content\\\/uploads\\\/2023\\\/02\\\/SMO_LOGO-03.svg\",\"width\":\"1024\",\"height\":\"1024\",\"caption\":\"Nirmala Shrivastava\"},\"logo\":{\"@id\":\"https:\\\/\\\/shrimataji.org\\\/test\\\/wp-content\\\/uploads\\\/2023\\\/02\\\/SMO_LOGO-03.svg\"},\"sameAs\":[\"https:\\\/\\\/shrimataji.org\\\/test\",\"https:\\\/\\\/www.facebook.com\\\/shrimataji\",\"https:\\\/\\\/x.com\\\/shrimataji\",\"https:\\\/\\\/www.youtube.com\\\/@Shri_Mataji_Nirmala_Devi\\\/featured\"]}]}<\/script>\n<!-- \/ Yoast SEO plugin. -->","yoast_head_json":{"title":"Chakran och egenskaper - TEST - SMND","robots":{"index":"noindex","follow":"follow","max-snippet":"max-snippet:-1","max-image-preview":"max-image-preview:large","max-video-preview":"max-video-preview:-1"},"og_locale":"en_US","og_type":"article","og_title":"Chakran och egenskaper - TEST - SMND","og_description":"Chakran och deras egenskaper Livets hjul Shri Mataji f\u00f6rklarade f\u00f6r s\u00f6karna hur man kan k\u00e4nna chakrorna i kroppen eller i fingertopparna och t\u00e5rna. Beroende p\u00e5 v\u00e5rt psykiska tillst\u00e5nd kan man k\u00e4nna olika sensationer, som v\u00e4rme, kyla, stickningar eller tyngd. Hon f\u00f6rklarade t\u00e5lmodigt varje upplevelse och kopplade dem till specifika problem p\u00e5 fysisk, mental, k\u00e4nslom\u00e4ssig och&hellip; Read more","og_url":"https:\/\/shrimataji.org\/test\/sv\/chakran-och-egenskaper\/","og_site_name":"TEST - SMND","article_publisher":"https:\/\/www.facebook.com\/shrimataji","article_modified_time":"2026-01-06T14:22:46+00:00","og_image":[{"width":2560,"height":905,"url":"https:\/\/shrimataji.org\/test\/wp-content\/uploads\/2023\/03\/15_Banner-SY-ChakrasQualities-scaled.jpg","type":"image\/jpeg"}],"twitter_card":"summary_large_image","twitter_site":"@shrimataji","twitter_misc":{"Est. reading time":"4 minutes"},"schema":{"@context":"https:\/\/schema.org","@graph":[{"@type":"WebPage","@id":"https:\/\/shrimataji.org\/test\/sv\/chakran-och-egenskaper\/","url":"https:\/\/shrimataji.org\/test\/sv\/chakran-och-egenskaper\/","name":"Chakran och egenskaper - TEST - SMND","isPartOf":{"@id":"https:\/\/shrimataji.org\/test\/#website"},"primaryImageOfPage":{"@id":"https:\/\/shrimataji.org\/test\/sv\/chakran-och-egenskaper\/#primaryimage"},"image":{"@id":"https:\/\/shrimataji.org\/test\/sv\/chakran-och-egenskaper\/#primaryimage"},"thumbnailUrl":"https:\/\/shrimataji.org\/test\/wp-content\/uploads\/2023\/03\/15_Banner-SY-ChakrasQualities-scaled.jpg","datePublished":"2022-02-25T04:05:58+00:00","dateModified":"2026-01-06T14:22:46+00:00","breadcrumb":{"@id":"https:\/\/shrimataji.org\/test\/sv\/chakran-och-egenskaper\/#breadcrumb"},"inLanguage":"en-US","potentialAction":[{"@type":"ReadAction","target":["https:\/\/shrimataji.org\/test\/sv\/chakran-och-egenskaper\/"]}]},{"@type":"ImageObject","inLanguage":"en-US","@id":"https:\/\/shrimataji.org\/test\/sv\/chakran-och-egenskaper\/#primaryimage","url":"https:\/\/shrimataji.org\/test\/wp-content\/uploads\/2023\/03\/15_Banner-SY-ChakrasQualities-scaled.jpg","contentUrl":"https:\/\/shrimataji.org\/test\/wp-content\/uploads\/2023\/03\/15_Banner-SY-ChakrasQualities-scaled.jpg","width":2560,"height":905},{"@type":"BreadcrumbList","@id":"https:\/\/shrimataji.org\/test\/sv\/chakran-och-egenskaper\/#breadcrumb","itemListElement":[{"@type":"ListItem","position":1,"name":"Home","item":"https:\/\/shrimataji.org\/test\/uk\/home-en\/"},{"@type":"ListItem","position":2,"name":"Chakran och egenskaper"}]},{"@type":"WebSite","@id":"https:\/\/shrimataji.org\/test\/#website","url":"https:\/\/shrimataji.org\/test\/","name":"Shri Mataji Nirmala Devi","description":"A Life Dedicated to Humanity","publisher":{"@id":"https:\/\/shrimataji.org\/test\/#\/schema\/person\/a1b3419c6585f164aa96da1ff85715d1"},"potentialAction":[{"@type":"SearchAction","target":{"@type":"EntryPoint","urlTemplate":"https:\/\/shrimataji.org\/test\/?s={search_term_string}"},"query-input":{"@type":"PropertyValueSpecification","valueRequired":true,"valueName":"search_term_string"}}],"inLanguage":"en-US"},{"@type":["Person","Organization"],"@id":"https:\/\/shrimataji.org\/test\/#\/schema\/person\/a1b3419c6585f164aa96da1ff85715d1","name":"Nirmala Shrivastava","image":{"@type":"ImageObject","inLanguage":"en-US","@id":"https:\/\/shrimataji.org\/test\/wp-content\/uploads\/2023\/02\/SMO_LOGO-03.svg","url":"https:\/\/shrimataji.org\/test\/wp-content\/uploads\/2023\/02\/SMO_LOGO-03.svg","contentUrl":"https:\/\/shrimataji.org\/test\/wp-content\/uploads\/2023\/02\/SMO_LOGO-03.svg","width":"1024","height":"1024","caption":"Nirmala Shrivastava"},"logo":{"@id":"https:\/\/shrimataji.org\/test\/wp-content\/uploads\/2023\/02\/SMO_LOGO-03.svg"},"sameAs":["https:\/\/shrimataji.org\/test","https:\/\/www.facebook.com\/shrimataji","https:\/\/x.com\/shrimataji","https:\/\/www.youtube.com\/@Shri_Mataji_Nirmala_Devi\/featured"]}]}},"lang":"sv","translations":{"sv":22960,"ur":37400,"en":6476,"am":17971,"th":19901,"hu":19446,"sq":18372,"zh":17269,"hi":7374,"tr":10139,"pt":10355,"de":10628,"fr":10726,"it":10824,"es":10922,"ja":11219,"ru":11407,"bn":11599,"te":11707,"sw":11830,"he":11978,"el":12269,"sk":12367,"fa":12465,"fi":12563,"bg":13378,"ro":14452,"cs":14645,"nl":16532,"ku":16692,"ar":16868,"be":18579,"kn":18853,"mr":20265,"uk":20557,"ml":20856,"ta":22687,"gu":28808,"pa":28966,"fil":29406,"da":37714,"pl":37931,"nn":38266},"pll_sync_post":[],"_links":{"self":[{"href":"https:\/\/shrimataji.org\/test\/wp-json\/wp\/v2\/pages\/22960","targetHints":{"allow":["GET"]}}],"collection":[{"href":"https:\/\/shrimataji.org\/test\/wp-json\/wp\/v2\/pages"}],"about":[{"href":"https:\/\/shrimataji.org\/test\/wp-json\/wp\/v2\/types\/page"}],"author":[{"embeddable":true,"href":"https:\/\/shrimataji.org\/test\/wp-json\/wp\/v2\/users\/58"}],"replies":[{"embeddable":true,"href":"https:\/\/shrimataji.org\/test\/wp-json\/wp\/v2\/comments?post=22960"}],"version-history":[{"count":0,"href":"https:\/\/shrimataji.org\/test\/wp-json\/wp\/v2\/pages\/22960\/revisions"}],"wp:featuredmedia":[{"embeddable":true,"href":"https:\/\/shrimataji.org\/test\/wp-json\/wp\/v2\/media\/22961"}],"wp:attachment":[{"href":"https:\/\/shrimataji.org\/test\/wp-json\/wp\/v2\/media?parent=22960"}],"curies":[{"name":"wp","href":"https:\/\/api.w.org\/{rel}","templated":true}]}}