{"id":22967,"date":"2018-07-10T06:54:42","date_gmt":"2018-07-10T06:54:42","guid":{"rendered":"http:\/\/testwordpress.nirmalnagari.org\/smnd\/index.php\/creativity\/"},"modified":"2026-01-06T19:03:58","modified_gmt":"2026-01-06T19:03:58","slug":"kreativitet","status":"publish","type":"page","link":"https:\/\/shrimataji.org\/test\/sv\/kreativitet\/","title":{"rendered":"Kreativitet"},"content":{"rendered":"\n\n\t<h1>Kreativitet<\/h1>\n<h2>Uttrycker inre sk\u00f6nhet<\/h2>\n\t<h4>Shri Mataji \u00e4gnade mycket tid och energi \u00e5t att fr\u00e4mja konsten under sitt liv. Hon s\u00e5g konst som ett viktigt s\u00e4tt att bevara och sprida kulturer. Hon ville s\u00e4rskilt bevara de gamla konsttraditionerna i Indien och sprida dem \u00f6ver v\u00e4rlden.<\/h4>\n\t\t\t\t<img decoding=\"async\" src=\"https:\/\/shrimataji.org\/test\/wp-content\/uploads\/2018\/07\/media_originals\/images\/art\/blick-vom-garten-1024x722.jpg\" alt=\"blick-vom-garten\" itemprop=\"image\" height=\"722\" width=\"1024\" height=\"722\" width=\"1024\" title=\"blick-vom-garten\" onerror=\"this.style.display='none'\" loading=\"lazy\" \/>\n\t<p>2003 grundade Shri Mataji, tillsammans med sin bror Babamama, ett konstcentrum i Maharashtra, Indien. D\u00e4r l\u00e4r sig elever fr\u00e5n hela v\u00e4rlden indisk klassisk musik, dans och m\u00e5lning. Shri Mataji ledde sj\u00e4lv utformningen av <a href=\"https:\/\/www.pksacademy.com\/\" target=\"_blank\" rel=\"noopener noreferrer\" data-cp-link=\"1\">PK Salve Arts Academy<\/a> och andra byggnader som hj\u00e4lper fattiga kvinnor och f\u00f6r\u00e4ldral\u00f6sa barn i Delhi.<\/p>\n<p>Hon ins\u00e5g vikten av handgjorda varor, och i traditionen som etablerats av Mahatma Gandhi, st\u00f6dde hon konsekvent stugindustrin, som \u00e4r avg\u00f6rande f\u00f6r Indiens ekonomiska och kulturella liv.<\/p>\n\t<p>Shri Mataji st\u00f6ttade flera av de mest k\u00e4nda indiska musikerna och dansarna och bj\u00f6d in dem att upptr\u00e4da. M\u00e5nga av dem beskrev hennes n\u00e4rvaro som en viktig stund i deras konstn\u00e4rliga utveckling, och de k\u00e4nde att hennes kreativa energi st\u00e4rkte deras egen kreativitet.<\/p>\n\t<p>Ustad Amjad Ali Khan, Debu Chaudhari och Ustad Bismillah Khan \u00e4r n\u00e5gra av de k\u00e4nda artister som upptr\u00e4dde p\u00e5 Shri Matajis inbjudan. Hon skrev \u00e4ven sj\u00e4lv b\u00f6cker, s\u00e5nger och dikter.<\/p>\n<p>Shri Mataji st\u00f6dde teatern och uppmuntrade en grupp talangfulla sk\u00e5despelare att bilda <a href=\"https:\/\/theatreofeternalvalues.com\" target=\"_blank\" rel=\"noopener\" data-cp-link=\"1\">Theatre of Eternal Values<\/a>. Gruppen grundades i Gent, Belgien 1993, och turnerar fortfarande internationellt med pj\u00e4ser som inspirerar till sj\u00e4lvinsikt och andlighet.<\/p>\n\t<div class=\"su-quote su-quote-style-default\"><div class=\"su-quote-inner su-u-clearfix su-u-trim\"> Att vara materialistisk i verklig mening, \u00e4r att f\u00f6rst\u00e5 v\u00e4rdet av saker. Deras v\u00e4rde ligger i estetiken: i konst och sk\u00f6nhet. Ut\u00f6ver det handlar det om att kunna ge k\u00e4rlek till andra genom det materiella. <\/div><\/div>\n\t<p>The Theatre of Eternal Values samarbetar ocks\u00e5 med skolor, universitet, f\u00f6retag och samh\u00e4llen f\u00f6r att erbjuda praktisk hj\u00e4lp i utbildnings- och konstprojekt, som <a href=\"https:\/\/www.theatreofeternalvalues.com\/events\" target=\"_blank\" rel=\"noopener noreferrer\" data-cp-link=\"1\">Culture of the Spirit Festival<\/a> och <a href=\"https:\/\/www.theatreofeternalvalues.com\/education\/academy\" target=\"_blank\" rel=\"noopener noreferrer\" data-cp-link=\"1\">International Nirmal Arts Academy<\/a>, som h\u00e5lls varje \u00e5r i Piemonte, Italien.<\/p>\n\t\t\t\t<img decoding=\"async\" src=\"https:\/\/shrimataji.org\/test\/wp-content\/uploads\/2024\/12\/sv_theater-of-eternal-values.jpg\" alt=\"Theatre of Eternal Values \u200b\u200bframf\u00f6r William Blakes &quot;Divine Humanity&quot; i London, Storbritannien\" itemprop=\"image\" height=\"270\" width=\"1500\" title=\"sv_theater-of-eternal-values\" onerror=\"this.style.display='none'\" loading=\"lazy\" \/>\n\t\tTheatre of Eternal Values \u200b\u200bframf\u00f6r William Blakes &#8220;Divine Humanity&#8221; i London, Storbritannien\n\t<p>Enligt Indiens gamla yogatradition har m\u00e4nniskan sju viktiga egenskaper. Den andra av dessa \u00e4r kreativitet, utan vilken sj\u00e4lvf\u00f6rverkligande och sj\u00e4lvmedvetenhet \u00e4r mycket sv\u00e5ra att uppn\u00e5. D\u00e4rf\u00f6r f\u00f6rs\u00f6kte Shri Mataji v\u00e4cka kreativiteten hos individer och samh\u00e4llen i alla l\u00e4nder hon bes\u00f6kte.<\/p>\n\t<div class=\"su-quote su-quote-style-default\"><div class=\"su-quote-inner su-u-clearfix su-u-trim\">S\u00e5 stark \u00e4r en konstn\u00e4rs drivkraft. De \u00e4r skapelsens vackraste blommor, skaparens finaste dr\u00f6mmar och de mest \u00e4lskade i samh\u00e4llet. De kanske inte alltid vet hur mycket de \u00e4lskas och beundras av sina \u00e5sk\u00e5dare.<\/div><\/div>\n\n","protected":false},"excerpt":{"rendered":"<p>Kreativitet Uttrycker inre sk\u00f6nhet Shri Mataji \u00e4gnade mycket tid och energi \u00e5t att fr\u00e4mja konsten under sitt liv. Hon s\u00e5g konst som ett viktigt s\u00e4tt att bevara och sprida kulturer. Hon ville s\u00e4rskilt bevara de gamla konsttraditionerna i Indien och sprida dem \u00f6ver v\u00e4rlden. 2003 grundade Shri Mataji, tillsammans med sin bror Babamama, ett konstcentrum&hellip; <br \/> <a class=\"read-more\" href=\"https:\/\/shrimataji.org\/test\/sv\/kreativitet\/\">Read more<\/a><\/p>\n","protected":false},"author":58,"featured_media":22968,"parent":0,"menu_order":0,"comment_status":"closed","ping_status":"closed","template":"pro\/page-templates\/full-width-page.php","meta":{"inline_featured_image":false,"footnotes":""},"class_list":["post-22967","page","type-page","status-publish","has-post-thumbnail","hentry"],"yoast_head":"<!-- This site is optimized with the Yoast SEO plugin v27.4 - https:\/\/yoast.com\/product\/yoast-seo-wordpress\/ -->\n<title>Kreativitet - TEST - SMND<\/title>\n<meta name=\"robots\" content=\"noindex, follow, max-snippet:-1, max-image-preview:large, max-video-preview:-1\" \/>\n<meta property=\"og:locale\" content=\"en_US\" \/>\n<meta property=\"og:type\" content=\"article\" \/>\n<meta property=\"og:title\" content=\"Kreativitet - TEST - SMND\" \/>\n<meta property=\"og:description\" content=\"Kreativitet Uttrycker inre sk\u00f6nhet Shri Mataji \u00e4gnade mycket tid och energi \u00e5t att fr\u00e4mja konsten under sitt liv. Hon s\u00e5g konst som ett viktigt s\u00e4tt att bevara och sprida kulturer. Hon ville s\u00e4rskilt bevara de gamla konsttraditionerna i Indien och sprida dem \u00f6ver v\u00e4rlden. 2003 grundade Shri Mataji, tillsammans med sin bror Babamama, ett konstcentrum&hellip; Read more\" \/>\n<meta property=\"og:url\" content=\"https:\/\/shrimataji.org\/test\/sv\/kreativitet\/\" \/>\n<meta property=\"og:site_name\" content=\"TEST - SMND\" \/>\n<meta property=\"article:publisher\" content=\"https:\/\/www.facebook.com\/shrimataji\" \/>\n<meta property=\"article:modified_time\" content=\"2026-01-06T19:03:58+00:00\" \/>\n<meta property=\"og:image\" content=\"https:\/\/shrimataji.org\/test\/wp-content\/uploads\/2018\/07\/media_originals\/images\/headers-work-creativity\/dance-scene-cabella-italy.jpg\" \/>\n\t<meta property=\"og:image:width\" content=\"990\" \/>\n\t<meta property=\"og:image:height\" content=\"350\" \/>\n\t<meta property=\"og:image:type\" content=\"image\/jpeg\" \/>\n<meta name=\"twitter:card\" content=\"summary_large_image\" \/>\n<meta name=\"twitter:site\" content=\"@shrimataji\" \/>\n<meta name=\"twitter:label1\" content=\"Est. reading time\" \/>\n\t<meta name=\"twitter:data1\" content=\"3 minutes\" \/>\n<script type=\"application\/ld+json\" class=\"yoast-schema-graph\">{\"@context\":\"https:\\\/\\\/schema.org\",\"@graph\":[{\"@type\":\"WebPage\",\"@id\":\"https:\\\/\\\/shrimataji.org\\\/test\\\/sv\\\/kreativitet\\\/\",\"url\":\"https:\\\/\\\/shrimataji.org\\\/test\\\/sv\\\/kreativitet\\\/\",\"name\":\"Kreativitet - TEST - SMND\",\"isPartOf\":{\"@id\":\"https:\\\/\\\/shrimataji.org\\\/test\\\/#website\"},\"primaryImageOfPage\":{\"@id\":\"https:\\\/\\\/shrimataji.org\\\/test\\\/sv\\\/kreativitet\\\/#primaryimage\"},\"image\":{\"@id\":\"https:\\\/\\\/shrimataji.org\\\/test\\\/sv\\\/kreativitet\\\/#primaryimage\"},\"thumbnailUrl\":\"https:\\\/\\\/shrimataji.org\\\/test\\\/wp-content\\\/uploads\\\/2018\\\/07\\\/media_originals\\\/images\\\/headers-work-creativity\\\/dance-scene-cabella-italy.jpg\",\"datePublished\":\"2018-07-10T06:54:42+00:00\",\"dateModified\":\"2026-01-06T19:03:58+00:00\",\"breadcrumb\":{\"@id\":\"https:\\\/\\\/shrimataji.org\\\/test\\\/sv\\\/kreativitet\\\/#breadcrumb\"},\"inLanguage\":\"en-US\",\"potentialAction\":[{\"@type\":\"ReadAction\",\"target\":[\"https:\\\/\\\/shrimataji.org\\\/test\\\/sv\\\/kreativitet\\\/\"]}]},{\"@type\":\"ImageObject\",\"inLanguage\":\"en-US\",\"@id\":\"https:\\\/\\\/shrimataji.org\\\/test\\\/sv\\\/kreativitet\\\/#primaryimage\",\"url\":\"https:\\\/\\\/shrimataji.org\\\/test\\\/wp-content\\\/uploads\\\/2018\\\/07\\\/media_originals\\\/images\\\/headers-work-creativity\\\/dance-scene-cabella-italy.jpg\",\"contentUrl\":\"https:\\\/\\\/shrimataji.org\\\/test\\\/wp-content\\\/uploads\\\/2018\\\/07\\\/media_originals\\\/images\\\/headers-work-creativity\\\/dance-scene-cabella-italy.jpg\",\"width\":990,\"height\":350},{\"@type\":\"BreadcrumbList\",\"@id\":\"https:\\\/\\\/shrimataji.org\\\/test\\\/sv\\\/kreativitet\\\/#breadcrumb\",\"itemListElement\":[{\"@type\":\"ListItem\",\"position\":1,\"name\":\"Home\",\"item\":\"https:\\\/\\\/shrimataji.org\\\/test\\\/uk\\\/home-en\\\/\"},{\"@type\":\"ListItem\",\"position\":2,\"name\":\"Kreativitet\"}]},{\"@type\":\"WebSite\",\"@id\":\"https:\\\/\\\/shrimataji.org\\\/test\\\/#website\",\"url\":\"https:\\\/\\\/shrimataji.org\\\/test\\\/\",\"name\":\"Shri Mataji Nirmala Devi\",\"description\":\"A Life Dedicated to Humanity\",\"publisher\":{\"@id\":\"https:\\\/\\\/shrimataji.org\\\/test\\\/#\\\/schema\\\/person\\\/a1b3419c6585f164aa96da1ff85715d1\"},\"potentialAction\":[{\"@type\":\"SearchAction\",\"target\":{\"@type\":\"EntryPoint\",\"urlTemplate\":\"https:\\\/\\\/shrimataji.org\\\/test\\\/?s={search_term_string}\"},\"query-input\":{\"@type\":\"PropertyValueSpecification\",\"valueRequired\":true,\"valueName\":\"search_term_string\"}}],\"inLanguage\":\"en-US\"},{\"@type\":[\"Person\",\"Organization\"],\"@id\":\"https:\\\/\\\/shrimataji.org\\\/test\\\/#\\\/schema\\\/person\\\/a1b3419c6585f164aa96da1ff85715d1\",\"name\":\"Nirmala Shrivastava\",\"image\":{\"@type\":\"ImageObject\",\"inLanguage\":\"en-US\",\"@id\":\"https:\\\/\\\/shrimataji.org\\\/test\\\/wp-content\\\/uploads\\\/2023\\\/02\\\/SMO_LOGO-03.svg\",\"url\":\"https:\\\/\\\/shrimataji.org\\\/test\\\/wp-content\\\/uploads\\\/2023\\\/02\\\/SMO_LOGO-03.svg\",\"contentUrl\":\"https:\\\/\\\/shrimataji.org\\\/test\\\/wp-content\\\/uploads\\\/2023\\\/02\\\/SMO_LOGO-03.svg\",\"width\":\"1024\",\"height\":\"1024\",\"caption\":\"Nirmala Shrivastava\"},\"logo\":{\"@id\":\"https:\\\/\\\/shrimataji.org\\\/test\\\/wp-content\\\/uploads\\\/2023\\\/02\\\/SMO_LOGO-03.svg\"},\"sameAs\":[\"https:\\\/\\\/shrimataji.org\\\/test\",\"https:\\\/\\\/www.facebook.com\\\/shrimataji\",\"https:\\\/\\\/x.com\\\/shrimataji\",\"https:\\\/\\\/www.youtube.com\\\/@Shri_Mataji_Nirmala_Devi\\\/featured\"]}]}<\/script>\n<!-- \/ Yoast SEO plugin. -->","yoast_head_json":{"title":"Kreativitet - TEST - SMND","robots":{"index":"noindex","follow":"follow","max-snippet":"max-snippet:-1","max-image-preview":"max-image-preview:large","max-video-preview":"max-video-preview:-1"},"og_locale":"en_US","og_type":"article","og_title":"Kreativitet - TEST - SMND","og_description":"Kreativitet Uttrycker inre sk\u00f6nhet Shri Mataji \u00e4gnade mycket tid och energi \u00e5t att fr\u00e4mja konsten under sitt liv. Hon s\u00e5g konst som ett viktigt s\u00e4tt att bevara och sprida kulturer. Hon ville s\u00e4rskilt bevara de gamla konsttraditionerna i Indien och sprida dem \u00f6ver v\u00e4rlden. 2003 grundade Shri Mataji, tillsammans med sin bror Babamama, ett konstcentrum&hellip; Read more","og_url":"https:\/\/shrimataji.org\/test\/sv\/kreativitet\/","og_site_name":"TEST - SMND","article_publisher":"https:\/\/www.facebook.com\/shrimataji","article_modified_time":"2026-01-06T19:03:58+00:00","og_image":[{"width":990,"height":350,"url":"https:\/\/shrimataji.org\/test\/wp-content\/uploads\/2018\/07\/media_originals\/images\/headers-work-creativity\/dance-scene-cabella-italy.jpg","type":"image\/jpeg"}],"twitter_card":"summary_large_image","twitter_site":"@shrimataji","twitter_misc":{"Est. reading time":"3 minutes"},"schema":{"@context":"https:\/\/schema.org","@graph":[{"@type":"WebPage","@id":"https:\/\/shrimataji.org\/test\/sv\/kreativitet\/","url":"https:\/\/shrimataji.org\/test\/sv\/kreativitet\/","name":"Kreativitet - TEST - SMND","isPartOf":{"@id":"https:\/\/shrimataji.org\/test\/#website"},"primaryImageOfPage":{"@id":"https:\/\/shrimataji.org\/test\/sv\/kreativitet\/#primaryimage"},"image":{"@id":"https:\/\/shrimataji.org\/test\/sv\/kreativitet\/#primaryimage"},"thumbnailUrl":"https:\/\/shrimataji.org\/test\/wp-content\/uploads\/2018\/07\/media_originals\/images\/headers-work-creativity\/dance-scene-cabella-italy.jpg","datePublished":"2018-07-10T06:54:42+00:00","dateModified":"2026-01-06T19:03:58+00:00","breadcrumb":{"@id":"https:\/\/shrimataji.org\/test\/sv\/kreativitet\/#breadcrumb"},"inLanguage":"en-US","potentialAction":[{"@type":"ReadAction","target":["https:\/\/shrimataji.org\/test\/sv\/kreativitet\/"]}]},{"@type":"ImageObject","inLanguage":"en-US","@id":"https:\/\/shrimataji.org\/test\/sv\/kreativitet\/#primaryimage","url":"https:\/\/shrimataji.org\/test\/wp-content\/uploads\/2018\/07\/media_originals\/images\/headers-work-creativity\/dance-scene-cabella-italy.jpg","contentUrl":"https:\/\/shrimataji.org\/test\/wp-content\/uploads\/2018\/07\/media_originals\/images\/headers-work-creativity\/dance-scene-cabella-italy.jpg","width":990,"height":350},{"@type":"BreadcrumbList","@id":"https:\/\/shrimataji.org\/test\/sv\/kreativitet\/#breadcrumb","itemListElement":[{"@type":"ListItem","position":1,"name":"Home","item":"https:\/\/shrimataji.org\/test\/uk\/home-en\/"},{"@type":"ListItem","position":2,"name":"Kreativitet"}]},{"@type":"WebSite","@id":"https:\/\/shrimataji.org\/test\/#website","url":"https:\/\/shrimataji.org\/test\/","name":"Shri Mataji Nirmala Devi","description":"A Life Dedicated to Humanity","publisher":{"@id":"https:\/\/shrimataji.org\/test\/#\/schema\/person\/a1b3419c6585f164aa96da1ff85715d1"},"potentialAction":[{"@type":"SearchAction","target":{"@type":"EntryPoint","urlTemplate":"https:\/\/shrimataji.org\/test\/?s={search_term_string}"},"query-input":{"@type":"PropertyValueSpecification","valueRequired":true,"valueName":"search_term_string"}}],"inLanguage":"en-US"},{"@type":["Person","Organization"],"@id":"https:\/\/shrimataji.org\/test\/#\/schema\/person\/a1b3419c6585f164aa96da1ff85715d1","name":"Nirmala Shrivastava","image":{"@type":"ImageObject","inLanguage":"en-US","@id":"https:\/\/shrimataji.org\/test\/wp-content\/uploads\/2023\/02\/SMO_LOGO-03.svg","url":"https:\/\/shrimataji.org\/test\/wp-content\/uploads\/2023\/02\/SMO_LOGO-03.svg","contentUrl":"https:\/\/shrimataji.org\/test\/wp-content\/uploads\/2023\/02\/SMO_LOGO-03.svg","width":"1024","height":"1024","caption":"Nirmala Shrivastava"},"logo":{"@id":"https:\/\/shrimataji.org\/test\/wp-content\/uploads\/2023\/02\/SMO_LOGO-03.svg"},"sameAs":["https:\/\/shrimataji.org\/test","https:\/\/www.facebook.com\/shrimataji","https:\/\/x.com\/shrimataji","https:\/\/www.youtube.com\/@Shri_Mataji_Nirmala_Devi\/featured"]}]}},"lang":"sv","translations":{"sv":22967,"ur":37407,"en":400,"am":17978,"th":19911,"hu":19453,"sq":18379,"zh":17276,"tr":10146,"pt":10359,"de":10633,"fr":10731,"it":10829,"es":10926,"ja":11223,"ru":11411,"bn":11603,"te":11711,"sw":11834,"he":11982,"el":12273,"sk":12371,"fa":12469,"fi":12567,"bg":13474,"ro":14546,"cs":14739,"nl":16539,"ku":16699,"ar":16875,"be":18586,"kn":18860,"mr":20275,"uk":20567,"ml":20866,"ta":22694,"gu":28815,"pa":28973,"fil":29413,"da":37721,"pl":37938,"nn":38273},"pll_sync_post":[],"_links":{"self":[{"href":"https:\/\/shrimataji.org\/test\/wp-json\/wp\/v2\/pages\/22967","targetHints":{"allow":["GET"]}}],"collection":[{"href":"https:\/\/shrimataji.org\/test\/wp-json\/wp\/v2\/pages"}],"about":[{"href":"https:\/\/shrimataji.org\/test\/wp-json\/wp\/v2\/types\/page"}],"author":[{"embeddable":true,"href":"https:\/\/shrimataji.org\/test\/wp-json\/wp\/v2\/users\/58"}],"replies":[{"embeddable":true,"href":"https:\/\/shrimataji.org\/test\/wp-json\/wp\/v2\/comments?post=22967"}],"version-history":[{"count":0,"href":"https:\/\/shrimataji.org\/test\/wp-json\/wp\/v2\/pages\/22967\/revisions"}],"wp:featuredmedia":[{"embeddable":true,"href":"https:\/\/shrimataji.org\/test\/wp-json\/wp\/v2\/media\/22968"}],"wp:attachment":[{"href":"https:\/\/shrimataji.org\/test\/wp-json\/wp\/v2\/media?parent=22967"}],"curies":[{"name":"wp","href":"https:\/\/api.w.org\/{rel}","templated":true}]}}