{"id":22969,"date":"2018-07-10T06:54:42","date_gmt":"2018-07-10T06:54:42","guid":{"rendered":"http:\/\/testwordpress.nirmalnagari.org\/smnd\/index.php\/cultural-integration\/"},"modified":"2025-04-25T12:19:22","modified_gmt":"2025-04-25T12:19:22","slug":"kulturell-integration","status":"publish","type":"page","link":"https:\/\/shrimataji.org\/test\/sv\/kulturell-integration\/","title":{"rendered":"Kulturell integration"},"content":{"rendered":"\n\n\t<h1>Kulturell integration<\/h1>\n<h2>Mot en h\u00e5llbar civilisation<\/h2>\n\t<h4>P\u00e5 seminarier och f\u00f6rel\u00e4sningar sa Shri Mataji ofta att profeter och helgon genom historien betonade vikten av att k\u00e4nna sitt sanna Jag, sin ande. &#8220;Det \u00e4r vad vi m\u00e5ste g\u00f6ra, utveckla v\u00e5r andes religion&#8221;, sa hon. Hon j\u00e4mf\u00f6rde religioner med ett stort tr\u00e4d med m\u00e5nga blommor. M\u00e4nniskor plockar blommorna och sl\u00e5ss med dem, och gl\u00f6mmer att de alla kommer fr\u00e5n samma tr\u00e4d.<\/h4>\n\t<div class=\"su-quote su-quote-style-default\"><div class=\"su-quote-inner su-u-clearfix su-u-trim\"> D\u00e4rf\u00f6r m\u00e5ste vi respektera alla m\u00e4nniskor, oavsett vilket land de kommer fr\u00e5n eller vilken hudf\u00e4rg de har, f\u00f6r alla har sin kundalini. <\/div><\/div>\n\t<p>Vid ett offentligt program fr\u00e5gade en orolig \u00e5h\u00f6rare Shri Mataji: &#8220;Shri Mataji, hur ska andra f\u00f6rst\u00e5 ditt budskap?&#8221; Shri Mataji log och svarade, &#8220;Alla f\u00f6rst\u00e5r k\u00e4rlek, eller hur?&#8221; Genom Sahaja Yoga-meditation visade hon en metod f\u00f6r att f\u00f6rena m\u00e4nniskor fr\u00e5n olika kulturer och religioner, d\u00e4r ett stilla sinne blir den kraft som kallas kollektivt medvetande.<\/p>\n\t\t\t\t<img loading=\"lazy\" decoding=\"async\" src=\"https:\/\/shrimataji.org\/test\/wp-content\/uploads\/2024\/12\/sv_shri-mataji-meets-sufis-in-delhi-india.jpg\" alt=\"Shri Mataji bes\u00f6ker Nizamuddin Shrine, Delhi, Indien 1993\" itemprop=\"image\" height=\"350\" width=\"990\" title=\"sv_shri-mataji-meets-sufis-in-delhi-india\" onerror=\"this.style.display='none'\"  \/>\n\t\tShri Mataji bes\u00f6ker Nizamuddin Shrine, Delhi, Indien 1993\n\t<p>Carl Jung beskrev kollektiva medvetandet s\u00e5 h\u00e4r: &#8220;F\u00f6rutom v\u00e5rt vanliga medvetande, som \u00e4r personligt och som vi tror \u00e4r det enda psyket, finns det ett andra psyke som \u00e4r kollektivt, universellt och opersonligt, och som \u00e4r samma hos alla m\u00e4nniskor.&#8221;<a href=\"#citation-note-1\"><sup>[1]<\/sup><\/a> N\u00e4r man mediterar med Sahaja Yoga kan man n\u00e5 en djupare niv\u00e5 i sitt medvetande. N\u00e4r hj\u00e4rnan blir tyst och man sl\u00e4pper gamla invanda m\u00f6nster, kan man f\u00f6rst\u00e5 att kulturella skillnader bara \u00e4r ytliga. Den &#8220;universella och neutrala naturen&#8221; \u00e4r gemensam f\u00f6r alla.<\/p>\n\t<p>&#8220;Och s\u00e5 m\u00e5ste vi f\u00f6rst\u00e5 att vi alla \u00e4r sammanl\u00e4nkade,&#8221; f\u00f6rklarade Shri Mataji, &#8220;att vi alla har Kundalini inom oss. D\u00e4rf\u00f6r ska vi respektera alla m\u00e4nniskor, oavsett var de kommer ifr\u00e5n eller vilken hudf\u00e4rg de har, f\u00f6r de har ocks\u00e5 Kundalini.&#8221;<\/p>\n\t<p>N\u00e4r Shri Mataji reste runt i v\u00e4rlden, var hon v\u00e4ldigt intresserad av varje lands konst och hantverk och hur de speglade landets kultur. &#8220;I v\u00e5r kultur v\u00e4rderar vi inte n\u00e5got bara f\u00f6r att det \u00e4r dyrt eller imponerande,&#8221; sa hon. &#8220;Det viktiga \u00e4r hur mycket gl\u00e4dje det ger.&#8221;<\/p>\n\t<p>Shri Mataji bj\u00f6d in konstn\u00e4rer fr\u00e5n olika l\u00e4nder och religioner att upptr\u00e4da p\u00e5 kulturella festivaler. Hon f\u00f6rklarade f\u00f6r publiken vad en qawwali, en raga, ett Vivaldi-stycke, en konsert eller en klassisk indisk dans betydde. Hon gjorde detta f\u00f6r att st\u00f6dja konstn\u00e4rerna och bevara traditionerna, men ocks\u00e5 f\u00f6r att visa att konst och musik fr\u00e5n olika kulturer kan uttrycka en universell gl\u00e4dje och andlighet.<\/p>\n\t<hr \/>\n<h3>1. <a name=\"citation-note-1\"><\/a> C. G. Jung, &#8216;Arketyper och det kollektiva omedvetna,&#8217; i Collecitve Works of C. G. Jung, Vol. 9, del 1, London, 1969.<\/h3>\n\n","protected":false},"excerpt":{"rendered":"<p>Kulturell integration Mot en h\u00e5llbar civilisation P\u00e5 seminarier och f\u00f6rel\u00e4sningar sa Shri Mataji ofta att profeter och helgon genom historien betonade vikten av att k\u00e4nna sitt sanna Jag, sin ande. &#8220;Det \u00e4r vad vi m\u00e5ste g\u00f6ra, utveckla v\u00e5r andes religion&#8221;, sa hon. Hon j\u00e4mf\u00f6rde religioner med ett stort tr\u00e4d med m\u00e5nga blommor. M\u00e4nniskor plockar blommorna&hellip; <br \/> <a class=\"read-more\" href=\"https:\/\/shrimataji.org\/test\/sv\/kulturell-integration\/\">Read more<\/a><\/p>\n","protected":false},"author":58,"featured_media":22970,"parent":0,"menu_order":0,"comment_status":"closed","ping_status":"closed","template":"","meta":{"inline_featured_image":false,"footnotes":""},"class_list":["post-22969","page","type-page","status-publish","has-post-thumbnail","hentry"],"yoast_head":"<!-- This site is optimized with the Yoast SEO plugin v27.4 - https:\/\/yoast.com\/product\/yoast-seo-wordpress\/ -->\n<title>Kulturell integration - TEST - SMND<\/title>\n<meta name=\"robots\" content=\"noindex, follow, max-snippet:-1, max-image-preview:large, max-video-preview:-1\" \/>\n<meta property=\"og:locale\" content=\"en_US\" \/>\n<meta property=\"og:type\" content=\"article\" \/>\n<meta property=\"og:title\" content=\"Kulturell integration - TEST - SMND\" \/>\n<meta property=\"og:description\" content=\"Kulturell integration Mot en h\u00e5llbar civilisation P\u00e5 seminarier och f\u00f6rel\u00e4sningar sa Shri Mataji ofta att profeter och helgon genom historien betonade vikten av att k\u00e4nna sitt sanna Jag, sin ande. &#8220;Det \u00e4r vad vi m\u00e5ste g\u00f6ra, utveckla v\u00e5r andes religion&#8221;, sa hon. Hon j\u00e4mf\u00f6rde religioner med ett stort tr\u00e4d med m\u00e5nga blommor. M\u00e4nniskor plockar blommorna&hellip; Read more\" \/>\n<meta property=\"og:url\" content=\"https:\/\/shrimataji.org\/test\/sv\/kulturell-integration\/\" \/>\n<meta property=\"og:site_name\" content=\"TEST - SMND\" \/>\n<meta property=\"article:publisher\" content=\"https:\/\/www.facebook.com\/shrimataji\" \/>\n<meta property=\"article:modified_time\" content=\"2025-04-25T12:19:22+00:00\" \/>\n<meta property=\"og:image\" content=\"https:\/\/shrimataji.org\/test\/wp-content\/uploads\/2018\/07\/media_originals\/images\/headers-general\/mauli-art-by-graham-brown.jpg\" \/>\n\t<meta property=\"og:image:width\" content=\"990\" \/>\n\t<meta property=\"og:image:height\" content=\"350\" \/>\n\t<meta property=\"og:image:type\" content=\"image\/jpeg\" \/>\n<meta name=\"twitter:card\" content=\"summary_large_image\" \/>\n<meta name=\"twitter:site\" content=\"@shrimataji\" \/>\n<script type=\"application\/ld+json\" class=\"yoast-schema-graph\">{\"@context\":\"https:\\\/\\\/schema.org\",\"@graph\":[{\"@type\":\"WebPage\",\"@id\":\"https:\\\/\\\/shrimataji.org\\\/test\\\/sv\\\/kulturell-integration\\\/\",\"url\":\"https:\\\/\\\/shrimataji.org\\\/test\\\/sv\\\/kulturell-integration\\\/\",\"name\":\"Kulturell integration - TEST - SMND\",\"isPartOf\":{\"@id\":\"https:\\\/\\\/shrimataji.org\\\/test\\\/#website\"},\"primaryImageOfPage\":{\"@id\":\"https:\\\/\\\/shrimataji.org\\\/test\\\/sv\\\/kulturell-integration\\\/#primaryimage\"},\"image\":{\"@id\":\"https:\\\/\\\/shrimataji.org\\\/test\\\/sv\\\/kulturell-integration\\\/#primaryimage\"},\"thumbnailUrl\":\"https:\\\/\\\/shrimataji.org\\\/test\\\/wp-content\\\/uploads\\\/2018\\\/07\\\/media_originals\\\/images\\\/headers-general\\\/mauli-art-by-graham-brown.jpg\",\"datePublished\":\"2018-07-10T06:54:42+00:00\",\"dateModified\":\"2025-04-25T12:19:22+00:00\",\"breadcrumb\":{\"@id\":\"https:\\\/\\\/shrimataji.org\\\/test\\\/sv\\\/kulturell-integration\\\/#breadcrumb\"},\"inLanguage\":\"en-US\",\"potentialAction\":[{\"@type\":\"ReadAction\",\"target\":[\"https:\\\/\\\/shrimataji.org\\\/test\\\/sv\\\/kulturell-integration\\\/\"]}]},{\"@type\":\"ImageObject\",\"inLanguage\":\"en-US\",\"@id\":\"https:\\\/\\\/shrimataji.org\\\/test\\\/sv\\\/kulturell-integration\\\/#primaryimage\",\"url\":\"https:\\\/\\\/shrimataji.org\\\/test\\\/wp-content\\\/uploads\\\/2018\\\/07\\\/media_originals\\\/images\\\/headers-general\\\/mauli-art-by-graham-brown.jpg\",\"contentUrl\":\"https:\\\/\\\/shrimataji.org\\\/test\\\/wp-content\\\/uploads\\\/2018\\\/07\\\/media_originals\\\/images\\\/headers-general\\\/mauli-art-by-graham-brown.jpg\",\"width\":990,\"height\":350},{\"@type\":\"BreadcrumbList\",\"@id\":\"https:\\\/\\\/shrimataji.org\\\/test\\\/sv\\\/kulturell-integration\\\/#breadcrumb\",\"itemListElement\":[{\"@type\":\"ListItem\",\"position\":1,\"name\":\"Home\",\"item\":\"https:\\\/\\\/shrimataji.org\\\/test\\\/uk\\\/home-en\\\/\"},{\"@type\":\"ListItem\",\"position\":2,\"name\":\"Kulturell integration\"}]},{\"@type\":\"WebSite\",\"@id\":\"https:\\\/\\\/shrimataji.org\\\/test\\\/#website\",\"url\":\"https:\\\/\\\/shrimataji.org\\\/test\\\/\",\"name\":\"Shri Mataji Nirmala Devi\",\"description\":\"A Life Dedicated to Humanity\",\"publisher\":{\"@id\":\"https:\\\/\\\/shrimataji.org\\\/test\\\/#\\\/schema\\\/person\\\/a1b3419c6585f164aa96da1ff85715d1\"},\"potentialAction\":[{\"@type\":\"SearchAction\",\"target\":{\"@type\":\"EntryPoint\",\"urlTemplate\":\"https:\\\/\\\/shrimataji.org\\\/test\\\/?s={search_term_string}\"},\"query-input\":{\"@type\":\"PropertyValueSpecification\",\"valueRequired\":true,\"valueName\":\"search_term_string\"}}],\"inLanguage\":\"en-US\"},{\"@type\":[\"Person\",\"Organization\"],\"@id\":\"https:\\\/\\\/shrimataji.org\\\/test\\\/#\\\/schema\\\/person\\\/a1b3419c6585f164aa96da1ff85715d1\",\"name\":\"Nirmala Shrivastava\",\"image\":{\"@type\":\"ImageObject\",\"inLanguage\":\"en-US\",\"@id\":\"https:\\\/\\\/shrimataji.org\\\/test\\\/wp-content\\\/uploads\\\/2023\\\/02\\\/SMO_LOGO-03.svg\",\"url\":\"https:\\\/\\\/shrimataji.org\\\/test\\\/wp-content\\\/uploads\\\/2023\\\/02\\\/SMO_LOGO-03.svg\",\"contentUrl\":\"https:\\\/\\\/shrimataji.org\\\/test\\\/wp-content\\\/uploads\\\/2023\\\/02\\\/SMO_LOGO-03.svg\",\"width\":\"1024\",\"height\":\"1024\",\"caption\":\"Nirmala Shrivastava\"},\"logo\":{\"@id\":\"https:\\\/\\\/shrimataji.org\\\/test\\\/wp-content\\\/uploads\\\/2023\\\/02\\\/SMO_LOGO-03.svg\"},\"sameAs\":[\"https:\\\/\\\/shrimataji.org\\\/test\",\"https:\\\/\\\/www.facebook.com\\\/shrimataji\",\"https:\\\/\\\/x.com\\\/shrimataji\",\"https:\\\/\\\/www.youtube.com\\\/@Shri_Mataji_Nirmala_Devi\\\/featured\"]}]}<\/script>\n<!-- \/ Yoast SEO plugin. -->","yoast_head_json":{"title":"Kulturell integration - TEST - SMND","robots":{"index":"noindex","follow":"follow","max-snippet":"max-snippet:-1","max-image-preview":"max-image-preview:large","max-video-preview":"max-video-preview:-1"},"og_locale":"en_US","og_type":"article","og_title":"Kulturell integration - TEST - SMND","og_description":"Kulturell integration Mot en h\u00e5llbar civilisation P\u00e5 seminarier och f\u00f6rel\u00e4sningar sa Shri Mataji ofta att profeter och helgon genom historien betonade vikten av att k\u00e4nna sitt sanna Jag, sin ande. &#8220;Det \u00e4r vad vi m\u00e5ste g\u00f6ra, utveckla v\u00e5r andes religion&#8221;, sa hon. Hon j\u00e4mf\u00f6rde religioner med ett stort tr\u00e4d med m\u00e5nga blommor. M\u00e4nniskor plockar blommorna&hellip; Read more","og_url":"https:\/\/shrimataji.org\/test\/sv\/kulturell-integration\/","og_site_name":"TEST - SMND","article_publisher":"https:\/\/www.facebook.com\/shrimataji","article_modified_time":"2025-04-25T12:19:22+00:00","og_image":[{"width":990,"height":350,"url":"https:\/\/shrimataji.org\/test\/wp-content\/uploads\/2018\/07\/media_originals\/images\/headers-general\/mauli-art-by-graham-brown.jpg","type":"image\/jpeg"}],"twitter_card":"summary_large_image","twitter_site":"@shrimataji","schema":{"@context":"https:\/\/schema.org","@graph":[{"@type":"WebPage","@id":"https:\/\/shrimataji.org\/test\/sv\/kulturell-integration\/","url":"https:\/\/shrimataji.org\/test\/sv\/kulturell-integration\/","name":"Kulturell integration - TEST - SMND","isPartOf":{"@id":"https:\/\/shrimataji.org\/test\/#website"},"primaryImageOfPage":{"@id":"https:\/\/shrimataji.org\/test\/sv\/kulturell-integration\/#primaryimage"},"image":{"@id":"https:\/\/shrimataji.org\/test\/sv\/kulturell-integration\/#primaryimage"},"thumbnailUrl":"https:\/\/shrimataji.org\/test\/wp-content\/uploads\/2018\/07\/media_originals\/images\/headers-general\/mauli-art-by-graham-brown.jpg","datePublished":"2018-07-10T06:54:42+00:00","dateModified":"2025-04-25T12:19:22+00:00","breadcrumb":{"@id":"https:\/\/shrimataji.org\/test\/sv\/kulturell-integration\/#breadcrumb"},"inLanguage":"en-US","potentialAction":[{"@type":"ReadAction","target":["https:\/\/shrimataji.org\/test\/sv\/kulturell-integration\/"]}]},{"@type":"ImageObject","inLanguage":"en-US","@id":"https:\/\/shrimataji.org\/test\/sv\/kulturell-integration\/#primaryimage","url":"https:\/\/shrimataji.org\/test\/wp-content\/uploads\/2018\/07\/media_originals\/images\/headers-general\/mauli-art-by-graham-brown.jpg","contentUrl":"https:\/\/shrimataji.org\/test\/wp-content\/uploads\/2018\/07\/media_originals\/images\/headers-general\/mauli-art-by-graham-brown.jpg","width":990,"height":350},{"@type":"BreadcrumbList","@id":"https:\/\/shrimataji.org\/test\/sv\/kulturell-integration\/#breadcrumb","itemListElement":[{"@type":"ListItem","position":1,"name":"Home","item":"https:\/\/shrimataji.org\/test\/uk\/home-en\/"},{"@type":"ListItem","position":2,"name":"Kulturell integration"}]},{"@type":"WebSite","@id":"https:\/\/shrimataji.org\/test\/#website","url":"https:\/\/shrimataji.org\/test\/","name":"Shri Mataji Nirmala Devi","description":"A Life Dedicated to Humanity","publisher":{"@id":"https:\/\/shrimataji.org\/test\/#\/schema\/person\/a1b3419c6585f164aa96da1ff85715d1"},"potentialAction":[{"@type":"SearchAction","target":{"@type":"EntryPoint","urlTemplate":"https:\/\/shrimataji.org\/test\/?s={search_term_string}"},"query-input":{"@type":"PropertyValueSpecification","valueRequired":true,"valueName":"search_term_string"}}],"inLanguage":"en-US"},{"@type":["Person","Organization"],"@id":"https:\/\/shrimataji.org\/test\/#\/schema\/person\/a1b3419c6585f164aa96da1ff85715d1","name":"Nirmala Shrivastava","image":{"@type":"ImageObject","inLanguage":"en-US","@id":"https:\/\/shrimataji.org\/test\/wp-content\/uploads\/2023\/02\/SMO_LOGO-03.svg","url":"https:\/\/shrimataji.org\/test\/wp-content\/uploads\/2023\/02\/SMO_LOGO-03.svg","contentUrl":"https:\/\/shrimataji.org\/test\/wp-content\/uploads\/2023\/02\/SMO_LOGO-03.svg","width":"1024","height":"1024","caption":"Nirmala Shrivastava"},"logo":{"@id":"https:\/\/shrimataji.org\/test\/wp-content\/uploads\/2023\/02\/SMO_LOGO-03.svg"},"sameAs":["https:\/\/shrimataji.org\/test","https:\/\/www.facebook.com\/shrimataji","https:\/\/x.com\/shrimataji","https:\/\/www.youtube.com\/@Shri_Mataji_Nirmala_Devi\/featured"]}]}},"lang":"sv","translations":{"sv":22969,"ur":37409,"en":405,"am":17980,"th":19914,"hu":19455,"sq":18381,"zh":17278,"tr":10147,"pt":10360,"de":10634,"fr":10732,"it":10830,"es":10927,"ja":11224,"ru":11412,"bn":11604,"te":11712,"sw":11835,"he":11983,"el":12274,"sk":12372,"fa":12470,"fi":12568,"bg":13481,"ro":14553,"cs":14746,"nl":16541,"ku":16701,"ar":16877,"be":18588,"kn":18862,"mr":20278,"uk":20570,"ml":20869,"ta":22696,"gu":28817,"pa":28975,"fil":29415,"da":37723,"pl":37940,"nn":38275},"pll_sync_post":[],"_links":{"self":[{"href":"https:\/\/shrimataji.org\/test\/wp-json\/wp\/v2\/pages\/22969","targetHints":{"allow":["GET"]}}],"collection":[{"href":"https:\/\/shrimataji.org\/test\/wp-json\/wp\/v2\/pages"}],"about":[{"href":"https:\/\/shrimataji.org\/test\/wp-json\/wp\/v2\/types\/page"}],"author":[{"embeddable":true,"href":"https:\/\/shrimataji.org\/test\/wp-json\/wp\/v2\/users\/58"}],"replies":[{"embeddable":true,"href":"https:\/\/shrimataji.org\/test\/wp-json\/wp\/v2\/comments?post=22969"}],"version-history":[{"count":0,"href":"https:\/\/shrimataji.org\/test\/wp-json\/wp\/v2\/pages\/22969\/revisions"}],"wp:featuredmedia":[{"embeddable":true,"href":"https:\/\/shrimataji.org\/test\/wp-json\/wp\/v2\/media\/22970"}],"wp:attachment":[{"href":"https:\/\/shrimataji.org\/test\/wp-json\/wp\/v2\/media?parent=22969"}],"curies":[{"name":"wp","href":"https:\/\/api.w.org\/{rel}","templated":true}]}}