{"id":22975,"date":"2018-07-10T06:54:42","date_gmt":"2018-07-10T06:54:42","guid":{"rendered":"http:\/\/testwordpress.nirmalnagari.org\/smnd\/index.php\/education-2\/"},"modified":"2026-01-06T18:55:10","modified_gmt":"2026-01-06T18:55:10","slug":"en-upplyst-utbildning","status":"publish","type":"page","link":"https:\/\/shrimataji.org\/test\/sv\/en-upplyst-utbildning\/","title":{"rendered":"En upplyst utbildning"},"content":{"rendered":"\n\n\t<h1>En upplyst utbildning<\/h1>\n<h2>V\u00e5rdnad av det andliga v\u00e4lbefinnandet<\/h2>\n\t<div class=\"su-quote su-quote-style-default\"><div class=\"su-quote-inner su-u-clearfix su-u-trim\">F\u00f6rutom att fr\u00e4mja intellektuell och k\u00e4nslom\u00e4ssig f\u00f6rkovran b\u00f6r utbildning \u00e4ven omfatta barns andliga v\u00e4lbefinnande.<\/div><\/div>\n\t<h4>Barn beh\u00f6ver en balanserad utbildning, nu mer \u00e4n n\u00e5gonsin. Denna utbildning b\u00f6r inte bara fr\u00e4mja intellektuell och k\u00e4nslom\u00e4ssig tillv\u00e4xt, utan ocks\u00e5 ta i anspr\u00e5k deras andliga v\u00e4lbefinnande. N\u00e4r barn blir medvetna om sin inre kapacitet och styrka kan de blomstra i vilken milj\u00f6 som helst. Fokuserad uppm\u00e4rksamhet och ett globalt perspektiv \u00e4r ocks\u00e5 viktigt i en upplyst utbildning.<\/h4>\n\t<p>Shri Mataji lade stor vikt vid att bygga en solid grund med tidig f\u00f6rskoleutbildning, och ans\u00e5g att det \u00e4r en kollektiv process, delad av f\u00f6r\u00e4ldrar och l\u00e4rare. \u00c4ven den naturliga milj\u00f6n spelar en pedagogisk roll. N\u00e4r barn l\u00e4r sig om v\u00e4xter, djur och naturv\u00e5rd f\u00e5r de respekt f\u00f6r Moder Jord och hennes v\u00e4rdefulla resurser.<\/p>\n\t<h5>&#8220;Litter\u00e4r bildning \u00e4r v\u00e4rdel\u00f6st, om den inte bygger en f\u00f6rnuftig karakt\u00e4r.&#8221;<\/h5>\n<h5>Mahatma Gandhi<\/h5>\n\t\t\t\t<img decoding=\"async\" src=\"https:\/\/shrimataji.org\/test\/wp-content\/uploads\/2018\/07\/media_originals\/images\/shri-mataji-with-people\/shri-mataji-nirmala-devi-being-greeted-at-the-train-station-in-rome-italy.jpg\" alt=\"\" itemprop=\"image\" height=\"974\" width=\"1500\" onerror=\"this.style.display='none'\" loading=\"lazy\" \/>\n\t<p>F\u00f6r att ingjuta en k\u00e4nsla av sj\u00e4lvk\u00e4nsla och v\u00e4rdighet, satte Shri Mataji stort v\u00e4rde p\u00e5 disciplin &#8211; en disciplin med r\u00f6tter i k\u00e4rlek och respekt. &#8220;Det \u00e4r v\u00e5r plikt att se till att v\u00e5ra barn utvecklas till fantastiska m\u00e4nniskor. St\u00f6rre \u00e4n oss&#8221;, sa Shri Mataji. &#8220;De m\u00e5ste ta hand om v\u00e4rlden.&#8221;<\/p>\n<p>Shri Mataji omsatte sin vision i praktiken och skapade ett utbildningssystem med Sahaja Yoga i centrum. F\u00f6rutom en utmanande akademisk l\u00e4roplan mediterar eleverna regelbundet. Detta hj\u00e4lper dem att f\u00f6rb\u00e4ttra sin uppm\u00e4rksamhet och sin f\u00f6rm\u00e5ga att fokusera, samt ett \u00f6kat sj\u00e4lvf\u00f6rtroende och sj\u00e4lvf\u00f6rst\u00e5else. Unga m\u00e4nniskor fr\u00e5n hela v\u00e4rlden blomstrar i Shri Matajis skolor i Indien, Italien, Kanada, \u00d6sterrike, USA, Tjeckien, Ryssland och Australien.<\/p>\n\t<div class=\"su-quote su-quote-style-default\"><div class=\"su-quote-inner su-u-clearfix su-u-trim\">Jag har sett barn komma fr\u00e5n v\u00e5r skola i Dharamshala. Extremt sj\u00e4lvs\u00e4kra och extremt \u00f6dmjuka. Och jag fr\u00e5gade dem, &#8216;vad g\u00f6r ni?&#8217; De sa, &#8216;&#8230;Vi mediterar p\u00e5 kv\u00e4llen och p\u00e5 morgonen, och det hj\u00e4lper oss mycket.&#8217;<\/div><\/div>\n\t<p>Den nobelprisbel\u00f6nade f\u00f6rfattaren Rabindranath Tagore, kommenterade om barn &#8220;De \u00e4r levande varelser &#8211; mer levande \u00e4n vuxna m\u00e4nniskor som har byggt skal av vanor runt sig. D\u00e4rf\u00f6r \u00e4r det absolut n\u00f6dv\u00e4ndigt f\u00f6r deras mentala h\u00e4lsa och utveckling att de borde ha inte endast skolor f\u00f6r sina lektioner, utan en v\u00e4rld vars v\u00e4gledande anda \u00e4r k\u00e4rlek.&#8221;<\/p>\n<p>Dagens barn \u00e4r morgondagens framtid och en investering i bra utbildning \u00e4r synonymt med en investering i en b\u00e4ttre v\u00e4rld. Men barnens sociala och mentala v\u00e4lbefinnande \u00e4ventyras i allt h\u00f6gre grad i skolor. Minst ett av fem barn erfar mentala utmaningar och i USA uppskattas det att vart tionde barn lider av mental oh\u00e4lsa som \u00e4r tillr\u00e4ckligt allvarlig f\u00f6r att orsaka en viss grad av funktionsneds\u00e4ttning.<\/p>\n<p>Vetenskaplig forskning om meditation<a href=\"#citation-note-1\"><sup>[1]<\/sup><\/a> visar att det \u00e4r en bepr\u00f6vad evidensbaserad intervention f\u00f6r att f\u00f6rebygga och hantera f\u00f6ljderna av stress orsakad av obalans i v\u00e5rt liv, oavsett om det \u00e4r i skolan, p\u00e5 arbetsplatsen eller i hemmet. Sahaja Yoga Meditation (SYM) har visat sig unik eftersom den \u00e4r spontan, enkel och utan anstr\u00e4ngning. Dessa egenskaper har gjort tekniken accepterad, tilltalande och popul\u00e4r bland barn s\u00e5v\u00e4l som l\u00e4rare. SUM har ocks\u00e5 visat sig effektiv i att ge l\u00e4rare en \u00f6kad balans mellan yrkesliv och privatliv.<\/p>\n<p>Initiativ s\u00e5som The Inner Peace Project (<a href=\"https:\/\/www.innerpeaceday.org\">www.innerpeaceday.org<\/a>) och Dhyaandhara<a href=\"#citation-note-2\"><sup>[2]<\/sup><\/a> (Indien) f\u00f6r med sig f\u00f6rdelarna med \u00f6vergripande skolh\u00e4lsa och barns liv genom Sahaja Yoga Meditation till vanliga skolor.<\/p>\n\t<hr \/>\n<h3><a name=\"citation-note-1\">[1]<\/a> <a name=\"citation-note-1\"><\/a>https:\/\/researchingmeditation.org<\/h3>\n<h3><a name=\"citation-note-2\">[2]<\/a> <a name=\"citation-note-2\"><\/a>Dhyaandhara Study p\u00e5 LMP Intercollege Lucknow India<\/h3>\n\n","protected":false},"excerpt":{"rendered":"<p>En upplyst utbildning V\u00e5rdnad av det andliga v\u00e4lbefinnandet Barn beh\u00f6ver en balanserad utbildning, nu mer \u00e4n n\u00e5gonsin. Denna utbildning b\u00f6r inte bara fr\u00e4mja intellektuell och k\u00e4nslom\u00e4ssig tillv\u00e4xt, utan ocks\u00e5 ta i anspr\u00e5k deras andliga v\u00e4lbefinnande. N\u00e4r barn blir medvetna om sin inre kapacitet och styrka kan de blomstra i vilken milj\u00f6 som helst. Fokuserad uppm\u00e4rksamhet&hellip; <br \/> <a class=\"read-more\" href=\"https:\/\/shrimataji.org\/test\/sv\/en-upplyst-utbildning\/\">Read more<\/a><\/p>\n","protected":false},"author":58,"featured_media":22976,"parent":0,"menu_order":0,"comment_status":"closed","ping_status":"closed","template":"pro\/page-templates\/full-width-page.php","meta":{"inline_featured_image":false,"footnotes":""},"class_list":["post-22975","page","type-page","status-publish","has-post-thumbnail","hentry"],"yoast_head":"<!-- This site is optimized with the Yoast SEO plugin v27.4 - https:\/\/yoast.com\/product\/yoast-seo-wordpress\/ -->\n<title>En upplyst utbildning - TEST - SMND<\/title>\n<meta name=\"robots\" content=\"noindex, follow, max-snippet:-1, max-image-preview:large, max-video-preview:-1\" \/>\n<meta property=\"og:locale\" content=\"en_US\" \/>\n<meta property=\"og:type\" content=\"article\" \/>\n<meta property=\"og:title\" content=\"En upplyst utbildning - TEST - SMND\" \/>\n<meta property=\"og:description\" content=\"En upplyst utbildning V\u00e5rdnad av det andliga v\u00e4lbefinnandet Barn beh\u00f6ver en balanserad utbildning, nu mer \u00e4n n\u00e5gonsin. Denna utbildning b\u00f6r inte bara fr\u00e4mja intellektuell och k\u00e4nslom\u00e4ssig tillv\u00e4xt, utan ocks\u00e5 ta i anspr\u00e5k deras andliga v\u00e4lbefinnande. N\u00e4r barn blir medvetna om sin inre kapacitet och styrka kan de blomstra i vilken milj\u00f6 som helst. Fokuserad uppm\u00e4rksamhet&hellip; Read more\" \/>\n<meta property=\"og:url\" content=\"https:\/\/shrimataji.org\/test\/sv\/en-upplyst-utbildning\/\" \/>\n<meta property=\"og:site_name\" content=\"TEST - SMND\" \/>\n<meta property=\"article:publisher\" content=\"https:\/\/www.facebook.com\/shrimataji\" \/>\n<meta property=\"article:modified_time\" content=\"2026-01-06T18:55:10+00:00\" \/>\n<meta property=\"og:image\" content=\"https:\/\/shrimataji.org\/test\/wp-content\/uploads\/2018\/07\/media_originals\/images\/headers-general\/students-cheering-in-rajasthan-india.jpg\" \/>\n\t<meta property=\"og:image:width\" content=\"990\" \/>\n\t<meta property=\"og:image:height\" content=\"350\" \/>\n\t<meta property=\"og:image:type\" content=\"image\/jpeg\" \/>\n<meta name=\"twitter:card\" content=\"summary_large_image\" \/>\n<meta name=\"twitter:site\" content=\"@shrimataji\" \/>\n<script type=\"application\/ld+json\" class=\"yoast-schema-graph\">{\"@context\":\"https:\\\/\\\/schema.org\",\"@graph\":[{\"@type\":\"WebPage\",\"@id\":\"https:\\\/\\\/shrimataji.org\\\/test\\\/sv\\\/en-upplyst-utbildning\\\/\",\"url\":\"https:\\\/\\\/shrimataji.org\\\/test\\\/sv\\\/en-upplyst-utbildning\\\/\",\"name\":\"En upplyst utbildning - TEST - SMND\",\"isPartOf\":{\"@id\":\"https:\\\/\\\/shrimataji.org\\\/test\\\/#website\"},\"primaryImageOfPage\":{\"@id\":\"https:\\\/\\\/shrimataji.org\\\/test\\\/sv\\\/en-upplyst-utbildning\\\/#primaryimage\"},\"image\":{\"@id\":\"https:\\\/\\\/shrimataji.org\\\/test\\\/sv\\\/en-upplyst-utbildning\\\/#primaryimage\"},\"thumbnailUrl\":\"https:\\\/\\\/shrimataji.org\\\/test\\\/wp-content\\\/uploads\\\/2018\\\/07\\\/media_originals\\\/images\\\/headers-general\\\/students-cheering-in-rajasthan-india.jpg\",\"datePublished\":\"2018-07-10T06:54:42+00:00\",\"dateModified\":\"2026-01-06T18:55:10+00:00\",\"breadcrumb\":{\"@id\":\"https:\\\/\\\/shrimataji.org\\\/test\\\/sv\\\/en-upplyst-utbildning\\\/#breadcrumb\"},\"inLanguage\":\"en-US\",\"potentialAction\":[{\"@type\":\"ReadAction\",\"target\":[\"https:\\\/\\\/shrimataji.org\\\/test\\\/sv\\\/en-upplyst-utbildning\\\/\"]}]},{\"@type\":\"ImageObject\",\"inLanguage\":\"en-US\",\"@id\":\"https:\\\/\\\/shrimataji.org\\\/test\\\/sv\\\/en-upplyst-utbildning\\\/#primaryimage\",\"url\":\"https:\\\/\\\/shrimataji.org\\\/test\\\/wp-content\\\/uploads\\\/2018\\\/07\\\/media_originals\\\/images\\\/headers-general\\\/students-cheering-in-rajasthan-india.jpg\",\"contentUrl\":\"https:\\\/\\\/shrimataji.org\\\/test\\\/wp-content\\\/uploads\\\/2018\\\/07\\\/media_originals\\\/images\\\/headers-general\\\/students-cheering-in-rajasthan-india.jpg\",\"width\":990,\"height\":350},{\"@type\":\"BreadcrumbList\",\"@id\":\"https:\\\/\\\/shrimataji.org\\\/test\\\/sv\\\/en-upplyst-utbildning\\\/#breadcrumb\",\"itemListElement\":[{\"@type\":\"ListItem\",\"position\":1,\"name\":\"Home\",\"item\":\"https:\\\/\\\/shrimataji.org\\\/test\\\/uk\\\/home-en\\\/\"},{\"@type\":\"ListItem\",\"position\":2,\"name\":\"En upplyst utbildning\"}]},{\"@type\":\"WebSite\",\"@id\":\"https:\\\/\\\/shrimataji.org\\\/test\\\/#website\",\"url\":\"https:\\\/\\\/shrimataji.org\\\/test\\\/\",\"name\":\"Shri Mataji Nirmala Devi\",\"description\":\"A Life Dedicated to Humanity\",\"publisher\":{\"@id\":\"https:\\\/\\\/shrimataji.org\\\/test\\\/#\\\/schema\\\/person\\\/a1b3419c6585f164aa96da1ff85715d1\"},\"potentialAction\":[{\"@type\":\"SearchAction\",\"target\":{\"@type\":\"EntryPoint\",\"urlTemplate\":\"https:\\\/\\\/shrimataji.org\\\/test\\\/?s={search_term_string}\"},\"query-input\":{\"@type\":\"PropertyValueSpecification\",\"valueRequired\":true,\"valueName\":\"search_term_string\"}}],\"inLanguage\":\"en-US\"},{\"@type\":[\"Person\",\"Organization\"],\"@id\":\"https:\\\/\\\/shrimataji.org\\\/test\\\/#\\\/schema\\\/person\\\/a1b3419c6585f164aa96da1ff85715d1\",\"name\":\"Nirmala Shrivastava\",\"image\":{\"@type\":\"ImageObject\",\"inLanguage\":\"en-US\",\"@id\":\"https:\\\/\\\/shrimataji.org\\\/test\\\/wp-content\\\/uploads\\\/2023\\\/02\\\/SMO_LOGO-03.svg\",\"url\":\"https:\\\/\\\/shrimataji.org\\\/test\\\/wp-content\\\/uploads\\\/2023\\\/02\\\/SMO_LOGO-03.svg\",\"contentUrl\":\"https:\\\/\\\/shrimataji.org\\\/test\\\/wp-content\\\/uploads\\\/2023\\\/02\\\/SMO_LOGO-03.svg\",\"width\":\"1024\",\"height\":\"1024\",\"caption\":\"Nirmala Shrivastava\"},\"logo\":{\"@id\":\"https:\\\/\\\/shrimataji.org\\\/test\\\/wp-content\\\/uploads\\\/2023\\\/02\\\/SMO_LOGO-03.svg\"},\"sameAs\":[\"https:\\\/\\\/shrimataji.org\\\/test\",\"https:\\\/\\\/www.facebook.com\\\/shrimataji\",\"https:\\\/\\\/x.com\\\/shrimataji\",\"https:\\\/\\\/www.youtube.com\\\/@Shri_Mataji_Nirmala_Devi\\\/featured\"]}]}<\/script>\n<!-- \/ Yoast SEO plugin. -->","yoast_head_json":{"title":"En upplyst utbildning - TEST - SMND","robots":{"index":"noindex","follow":"follow","max-snippet":"max-snippet:-1","max-image-preview":"max-image-preview:large","max-video-preview":"max-video-preview:-1"},"og_locale":"en_US","og_type":"article","og_title":"En upplyst utbildning - TEST - SMND","og_description":"En upplyst utbildning V\u00e5rdnad av det andliga v\u00e4lbefinnandet Barn beh\u00f6ver en balanserad utbildning, nu mer \u00e4n n\u00e5gonsin. Denna utbildning b\u00f6r inte bara fr\u00e4mja intellektuell och k\u00e4nslom\u00e4ssig tillv\u00e4xt, utan ocks\u00e5 ta i anspr\u00e5k deras andliga v\u00e4lbefinnande. N\u00e4r barn blir medvetna om sin inre kapacitet och styrka kan de blomstra i vilken milj\u00f6 som helst. Fokuserad uppm\u00e4rksamhet&hellip; Read more","og_url":"https:\/\/shrimataji.org\/test\/sv\/en-upplyst-utbildning\/","og_site_name":"TEST - SMND","article_publisher":"https:\/\/www.facebook.com\/shrimataji","article_modified_time":"2026-01-06T18:55:10+00:00","og_image":[{"width":990,"height":350,"url":"https:\/\/shrimataji.org\/test\/wp-content\/uploads\/2018\/07\/media_originals\/images\/headers-general\/students-cheering-in-rajasthan-india.jpg","type":"image\/jpeg"}],"twitter_card":"summary_large_image","twitter_site":"@shrimataji","schema":{"@context":"https:\/\/schema.org","@graph":[{"@type":"WebPage","@id":"https:\/\/shrimataji.org\/test\/sv\/en-upplyst-utbildning\/","url":"https:\/\/shrimataji.org\/test\/sv\/en-upplyst-utbildning\/","name":"En upplyst utbildning - TEST - SMND","isPartOf":{"@id":"https:\/\/shrimataji.org\/test\/#website"},"primaryImageOfPage":{"@id":"https:\/\/shrimataji.org\/test\/sv\/en-upplyst-utbildning\/#primaryimage"},"image":{"@id":"https:\/\/shrimataji.org\/test\/sv\/en-upplyst-utbildning\/#primaryimage"},"thumbnailUrl":"https:\/\/shrimataji.org\/test\/wp-content\/uploads\/2018\/07\/media_originals\/images\/headers-general\/students-cheering-in-rajasthan-india.jpg","datePublished":"2018-07-10T06:54:42+00:00","dateModified":"2026-01-06T18:55:10+00:00","breadcrumb":{"@id":"https:\/\/shrimataji.org\/test\/sv\/en-upplyst-utbildning\/#breadcrumb"},"inLanguage":"en-US","potentialAction":[{"@type":"ReadAction","target":["https:\/\/shrimataji.org\/test\/sv\/en-upplyst-utbildning\/"]}]},{"@type":"ImageObject","inLanguage":"en-US","@id":"https:\/\/shrimataji.org\/test\/sv\/en-upplyst-utbildning\/#primaryimage","url":"https:\/\/shrimataji.org\/test\/wp-content\/uploads\/2018\/07\/media_originals\/images\/headers-general\/students-cheering-in-rajasthan-india.jpg","contentUrl":"https:\/\/shrimataji.org\/test\/wp-content\/uploads\/2018\/07\/media_originals\/images\/headers-general\/students-cheering-in-rajasthan-india.jpg","width":990,"height":350},{"@type":"BreadcrumbList","@id":"https:\/\/shrimataji.org\/test\/sv\/en-upplyst-utbildning\/#breadcrumb","itemListElement":[{"@type":"ListItem","position":1,"name":"Home","item":"https:\/\/shrimataji.org\/test\/uk\/home-en\/"},{"@type":"ListItem","position":2,"name":"En upplyst utbildning"}]},{"@type":"WebSite","@id":"https:\/\/shrimataji.org\/test\/#website","url":"https:\/\/shrimataji.org\/test\/","name":"Shri Mataji Nirmala Devi","description":"A Life Dedicated to Humanity","publisher":{"@id":"https:\/\/shrimataji.org\/test\/#\/schema\/person\/a1b3419c6585f164aa96da1ff85715d1"},"potentialAction":[{"@type":"SearchAction","target":{"@type":"EntryPoint","urlTemplate":"https:\/\/shrimataji.org\/test\/?s={search_term_string}"},"query-input":{"@type":"PropertyValueSpecification","valueRequired":true,"valueName":"search_term_string"}}],"inLanguage":"en-US"},{"@type":["Person","Organization"],"@id":"https:\/\/shrimataji.org\/test\/#\/schema\/person\/a1b3419c6585f164aa96da1ff85715d1","name":"Nirmala Shrivastava","image":{"@type":"ImageObject","inLanguage":"en-US","@id":"https:\/\/shrimataji.org\/test\/wp-content\/uploads\/2023\/02\/SMO_LOGO-03.svg","url":"https:\/\/shrimataji.org\/test\/wp-content\/uploads\/2023\/02\/SMO_LOGO-03.svg","contentUrl":"https:\/\/shrimataji.org\/test\/wp-content\/uploads\/2023\/02\/SMO_LOGO-03.svg","width":"1024","height":"1024","caption":"Nirmala Shrivastava"},"logo":{"@id":"https:\/\/shrimataji.org\/test\/wp-content\/uploads\/2023\/02\/SMO_LOGO-03.svg"},"sameAs":["https:\/\/shrimataji.org\/test","https:\/\/www.facebook.com\/shrimataji","https:\/\/x.com\/shrimataji","https:\/\/www.youtube.com\/@Shri_Mataji_Nirmala_Devi\/featured"]}]}},"lang":"sv","translations":{"sv":22975,"ur":37415,"en":398,"am":17986,"th":19923,"hu":19461,"sq":18387,"zh":17284,"hi":8488,"tr":10150,"pt":10363,"de":10637,"fr":10735,"it":10833,"es":10930,"ja":11227,"ru":11415,"bn":11607,"te":11715,"sw":11838,"he":11986,"el":12277,"sk":12375,"fa":12473,"fi":12571,"bg":13472,"ro":14544,"cs":14737,"nl":16547,"ku":16707,"ar":16883,"be":18594,"kn":18868,"mr":20287,"uk":20579,"ml":20878,"ta":22702,"gu":28823,"pa":28981,"fil":29421,"da":37729,"pl":37946,"nn":38281},"pll_sync_post":[],"_links":{"self":[{"href":"https:\/\/shrimataji.org\/test\/wp-json\/wp\/v2\/pages\/22975","targetHints":{"allow":["GET"]}}],"collection":[{"href":"https:\/\/shrimataji.org\/test\/wp-json\/wp\/v2\/pages"}],"about":[{"href":"https:\/\/shrimataji.org\/test\/wp-json\/wp\/v2\/types\/page"}],"author":[{"embeddable":true,"href":"https:\/\/shrimataji.org\/test\/wp-json\/wp\/v2\/users\/58"}],"replies":[{"embeddable":true,"href":"https:\/\/shrimataji.org\/test\/wp-json\/wp\/v2\/comments?post=22975"}],"version-history":[{"count":0,"href":"https:\/\/shrimataji.org\/test\/wp-json\/wp\/v2\/pages\/22975\/revisions"}],"wp:featuredmedia":[{"embeddable":true,"href":"https:\/\/shrimataji.org\/test\/wp-json\/wp\/v2\/media\/22976"}],"wp:attachment":[{"href":"https:\/\/shrimataji.org\/test\/wp-json\/wp\/v2\/media?parent=22975"}],"curies":[{"name":"wp","href":"https:\/\/api.w.org\/{rel}","templated":true}]}}