{"id":22977,"date":"2018-07-10T06:54:54","date_gmt":"2018-07-10T06:54:54","guid":{"rendered":"http:\/\/testwordpress.nirmalnagari.org\/smnd\/index.php\/effortless-meditation\/"},"modified":"2025-04-25T12:19:55","modified_gmt":"2025-04-25T12:19:55","slug":"enkel-meditation","status":"publish","type":"page","link":"https:\/\/shrimataji.org\/test\/sv\/enkel-meditation\/","title":{"rendered":"Enkel meditation"},"content":{"rendered":"\n\n\t<h1>Enkel meditation<\/h1>\n<h2>Utdrag ur r\u00e5d som gavs i London den 1 januari 1980<\/h2>\n\tVibrationer b\u00e5de kommer och utstr\u00e5las. Du beh\u00f6ver bara uts\u00e4tta dig f\u00f6r dem, utan anstr\u00e4ngning<br \/>\nOroa dig inte f\u00f6r dina problem. Sl\u00e4pp dem bara, s\u00e5 l\u00f6ser det sig av sig sj\u00e4lvt. Ingen anstr\u00e4ngning beh\u00f6vs. Det \u00e4r vad meditation handlar om.\n<p>Meditation inneb\u00e4r att \u00f6ppna dig f\u00f6r Guds n\u00e5d, som vet hur den ska hela och st\u00e4rka dig. Den h\u00e5ller din ande levande och vet allt du beh\u00f6ver. Du beh\u00f6ver inte oroa dig f\u00f6r vad du ska g\u00f6ra eller s\u00e4ga. Under meditation ska du vara helt avslappnad, utan anstr\u00e4ngning och tankar.<\/p>\n<p>&#8220;Om du inte kan bli fri fr\u00e5n tankar under meditation, observera bara dina tankar utan att engagera dig i dem. Gradvis, som n\u00e4r solen g\u00e5r upp och lyser upp allt, kommer din varelse att bli helt upplyst. Om du anstr\u00e4nger dig eller f\u00f6rs\u00f6ker stoppa n\u00e5got inom dig, kommer det inte att ske. Meditation \u00e4r fri fr\u00e5n anstr\u00e4ngning, men du m\u00e5ste vara uppm\u00e4rksam och inte passiv.<\/p>\n<p>Om du slumrar till under meditation kommer det inte att fungera. Du m\u00e5ste vara alert och medveten, inte lat. Meditation fungerar b\u00e4st n\u00e4r du inte anstr\u00e4nger dig, men trots det \u00e4r uppm\u00e4rksam och \u00f6ppen.<\/p>\n\t<p><img loading=\"lazy\" decoding=\"async\" src=\"https:\/\/shrimataji.org\/test\/wp-content\/uploads\/2018\/07\/media_originals\/images\/meditation\/effortless-meditation-and-thoughtless-awareness.jpg\" alt=\"Effortless Meditation and Thoughtless Awareness\" width=\"406\" height=\"272\" align=\"left\" \/><\/p>\n\t<p>T\u00e4nk inte p\u00e5 dina problem. \u00d6ppna dig f\u00f6r vibrationerna. Precis som naturen tar emot solens v\u00e4lsignelser utan anstr\u00e4ngning, s\u00e5 b\u00f6r du ocks\u00e5 bara ta emot. D\u00e5 b\u00f6rjar den genomtr\u00e4ngande kraften att verka.<\/p>\n<p>Du beh\u00f6ver inte kontrollera processen eller g\u00f6ra n\u00e5got. Bara slappna av . Det kommer att l\u00f6sa sig av sig sj\u00e4lvt och det mirakel som m\u00e5ste ske h\u00e4nder. Oroa dig inte; processen i sig vet vad som m\u00e5ste ske. Anstr\u00e4nger du dig, skapar du en barri\u00e4r f\u00f6r den. S\u00e5 sl\u00e4pp det, sl\u00e4pp det &#8211; det \u00e4r allt du beh\u00f6ver g\u00f6ra.<\/p>\n\n","protected":false},"excerpt":{"rendered":"<p>Enkel meditation Utdrag ur r\u00e5d som gavs i London den 1 januari 1980 Vibrationer b\u00e5de kommer och utstr\u00e5las. Du beh\u00f6ver bara uts\u00e4tta dig f\u00f6r dem, utan anstr\u00e4ngning Oroa dig inte f\u00f6r dina problem. Sl\u00e4pp dem bara, s\u00e5 l\u00f6ser det sig av sig sj\u00e4lvt. Ingen anstr\u00e4ngning beh\u00f6vs. Det \u00e4r vad meditation handlar om. Meditation inneb\u00e4r att&hellip; <br \/> <a class=\"read-more\" href=\"https:\/\/shrimataji.org\/test\/sv\/enkel-meditation\/\">Read more<\/a><\/p>\n","protected":false},"author":58,"featured_media":22978,"parent":0,"menu_order":0,"comment_status":"closed","ping_status":"closed","template":"","meta":{"inline_featured_image":false,"footnotes":""},"class_list":["post-22977","page","type-page","status-publish","has-post-thumbnail","hentry"],"yoast_head":"<!-- This site is optimized with the Yoast SEO plugin v27.4 - https:\/\/yoast.com\/product\/yoast-seo-wordpress\/ -->\n<title>Enkel meditation - TEST - SMND<\/title>\n<meta name=\"robots\" content=\"noindex, follow, max-snippet:-1, max-image-preview:large, max-video-preview:-1\" \/>\n<meta property=\"og:locale\" content=\"en_US\" \/>\n<meta property=\"og:type\" content=\"article\" \/>\n<meta property=\"og:title\" content=\"Enkel meditation - TEST - SMND\" \/>\n<meta property=\"og:description\" content=\"Enkel meditation Utdrag ur r\u00e5d som gavs i London den 1 januari 1980 Vibrationer b\u00e5de kommer och utstr\u00e5las. Du beh\u00f6ver bara uts\u00e4tta dig f\u00f6r dem, utan anstr\u00e4ngning Oroa dig inte f\u00f6r dina problem. Sl\u00e4pp dem bara, s\u00e5 l\u00f6ser det sig av sig sj\u00e4lvt. Ingen anstr\u00e4ngning beh\u00f6vs. Det \u00e4r vad meditation handlar om. Meditation inneb\u00e4r att&hellip; Read more\" \/>\n<meta property=\"og:url\" content=\"https:\/\/shrimataji.org\/test\/sv\/enkel-meditation\/\" \/>\n<meta property=\"og:site_name\" content=\"TEST - SMND\" \/>\n<meta property=\"article:publisher\" content=\"https:\/\/www.facebook.com\/shrimataji\" \/>\n<meta property=\"article:modified_time\" content=\"2025-04-25T12:19:55+00:00\" \/>\n<meta property=\"og:image\" content=\"https:\/\/shrimataji.org\/test\/wp-content\/uploads\/2018\/07\/media_originals\/images\/headers-general\/effortless-sahaja-yoga-meditation.jpg\" \/>\n\t<meta property=\"og:image:width\" content=\"990\" \/>\n\t<meta property=\"og:image:height\" content=\"350\" \/>\n\t<meta property=\"og:image:type\" content=\"image\/jpeg\" \/>\n<meta name=\"twitter:card\" content=\"summary_large_image\" \/>\n<meta name=\"twitter:site\" content=\"@shrimataji\" \/>\n<script type=\"application\/ld+json\" class=\"yoast-schema-graph\">{\"@context\":\"https:\\\/\\\/schema.org\",\"@graph\":[{\"@type\":\"WebPage\",\"@id\":\"https:\\\/\\\/shrimataji.org\\\/test\\\/sv\\\/enkel-meditation\\\/\",\"url\":\"https:\\\/\\\/shrimataji.org\\\/test\\\/sv\\\/enkel-meditation\\\/\",\"name\":\"Enkel meditation - TEST - SMND\",\"isPartOf\":{\"@id\":\"https:\\\/\\\/shrimataji.org\\\/test\\\/#website\"},\"primaryImageOfPage\":{\"@id\":\"https:\\\/\\\/shrimataji.org\\\/test\\\/sv\\\/enkel-meditation\\\/#primaryimage\"},\"image\":{\"@id\":\"https:\\\/\\\/shrimataji.org\\\/test\\\/sv\\\/enkel-meditation\\\/#primaryimage\"},\"thumbnailUrl\":\"https:\\\/\\\/shrimataji.org\\\/test\\\/wp-content\\\/uploads\\\/2018\\\/07\\\/media_originals\\\/images\\\/headers-general\\\/effortless-sahaja-yoga-meditation.jpg\",\"datePublished\":\"2018-07-10T06:54:54+00:00\",\"dateModified\":\"2025-04-25T12:19:55+00:00\",\"breadcrumb\":{\"@id\":\"https:\\\/\\\/shrimataji.org\\\/test\\\/sv\\\/enkel-meditation\\\/#breadcrumb\"},\"inLanguage\":\"en-US\",\"potentialAction\":[{\"@type\":\"ReadAction\",\"target\":[\"https:\\\/\\\/shrimataji.org\\\/test\\\/sv\\\/enkel-meditation\\\/\"]}]},{\"@type\":\"ImageObject\",\"inLanguage\":\"en-US\",\"@id\":\"https:\\\/\\\/shrimataji.org\\\/test\\\/sv\\\/enkel-meditation\\\/#primaryimage\",\"url\":\"https:\\\/\\\/shrimataji.org\\\/test\\\/wp-content\\\/uploads\\\/2018\\\/07\\\/media_originals\\\/images\\\/headers-general\\\/effortless-sahaja-yoga-meditation.jpg\",\"contentUrl\":\"https:\\\/\\\/shrimataji.org\\\/test\\\/wp-content\\\/uploads\\\/2018\\\/07\\\/media_originals\\\/images\\\/headers-general\\\/effortless-sahaja-yoga-meditation.jpg\",\"width\":990,\"height\":350},{\"@type\":\"BreadcrumbList\",\"@id\":\"https:\\\/\\\/shrimataji.org\\\/test\\\/sv\\\/enkel-meditation\\\/#breadcrumb\",\"itemListElement\":[{\"@type\":\"ListItem\",\"position\":1,\"name\":\"Home\",\"item\":\"https:\\\/\\\/shrimataji.org\\\/test\\\/uk\\\/home-en\\\/\"},{\"@type\":\"ListItem\",\"position\":2,\"name\":\"Enkel meditation\"}]},{\"@type\":\"WebSite\",\"@id\":\"https:\\\/\\\/shrimataji.org\\\/test\\\/#website\",\"url\":\"https:\\\/\\\/shrimataji.org\\\/test\\\/\",\"name\":\"Shri Mataji Nirmala Devi\",\"description\":\"A Life Dedicated to Humanity\",\"publisher\":{\"@id\":\"https:\\\/\\\/shrimataji.org\\\/test\\\/#\\\/schema\\\/person\\\/a1b3419c6585f164aa96da1ff85715d1\"},\"potentialAction\":[{\"@type\":\"SearchAction\",\"target\":{\"@type\":\"EntryPoint\",\"urlTemplate\":\"https:\\\/\\\/shrimataji.org\\\/test\\\/?s={search_term_string}\"},\"query-input\":{\"@type\":\"PropertyValueSpecification\",\"valueRequired\":true,\"valueName\":\"search_term_string\"}}],\"inLanguage\":\"en-US\"},{\"@type\":[\"Person\",\"Organization\"],\"@id\":\"https:\\\/\\\/shrimataji.org\\\/test\\\/#\\\/schema\\\/person\\\/a1b3419c6585f164aa96da1ff85715d1\",\"name\":\"Nirmala Shrivastava\",\"image\":{\"@type\":\"ImageObject\",\"inLanguage\":\"en-US\",\"@id\":\"https:\\\/\\\/shrimataji.org\\\/test\\\/wp-content\\\/uploads\\\/2023\\\/02\\\/SMO_LOGO-03.svg\",\"url\":\"https:\\\/\\\/shrimataji.org\\\/test\\\/wp-content\\\/uploads\\\/2023\\\/02\\\/SMO_LOGO-03.svg\",\"contentUrl\":\"https:\\\/\\\/shrimataji.org\\\/test\\\/wp-content\\\/uploads\\\/2023\\\/02\\\/SMO_LOGO-03.svg\",\"width\":\"1024\",\"height\":\"1024\",\"caption\":\"Nirmala Shrivastava\"},\"logo\":{\"@id\":\"https:\\\/\\\/shrimataji.org\\\/test\\\/wp-content\\\/uploads\\\/2023\\\/02\\\/SMO_LOGO-03.svg\"},\"sameAs\":[\"https:\\\/\\\/shrimataji.org\\\/test\",\"https:\\\/\\\/www.facebook.com\\\/shrimataji\",\"https:\\\/\\\/x.com\\\/shrimataji\",\"https:\\\/\\\/www.youtube.com\\\/@Shri_Mataji_Nirmala_Devi\\\/featured\"]}]}<\/script>\n<!-- \/ Yoast SEO plugin. -->","yoast_head_json":{"title":"Enkel meditation - TEST - SMND","robots":{"index":"noindex","follow":"follow","max-snippet":"max-snippet:-1","max-image-preview":"max-image-preview:large","max-video-preview":"max-video-preview:-1"},"og_locale":"en_US","og_type":"article","og_title":"Enkel meditation - TEST - SMND","og_description":"Enkel meditation Utdrag ur r\u00e5d som gavs i London den 1 januari 1980 Vibrationer b\u00e5de kommer och utstr\u00e5las. Du beh\u00f6ver bara uts\u00e4tta dig f\u00f6r dem, utan anstr\u00e4ngning Oroa dig inte f\u00f6r dina problem. Sl\u00e4pp dem bara, s\u00e5 l\u00f6ser det sig av sig sj\u00e4lvt. Ingen anstr\u00e4ngning beh\u00f6vs. Det \u00e4r vad meditation handlar om. Meditation inneb\u00e4r att&hellip; Read more","og_url":"https:\/\/shrimataji.org\/test\/sv\/enkel-meditation\/","og_site_name":"TEST - SMND","article_publisher":"https:\/\/www.facebook.com\/shrimataji","article_modified_time":"2025-04-25T12:19:55+00:00","og_image":[{"width":990,"height":350,"url":"https:\/\/shrimataji.org\/test\/wp-content\/uploads\/2018\/07\/media_originals\/images\/headers-general\/effortless-sahaja-yoga-meditation.jpg","type":"image\/jpeg"}],"twitter_card":"summary_large_image","twitter_site":"@shrimataji","schema":{"@context":"https:\/\/schema.org","@graph":[{"@type":"WebPage","@id":"https:\/\/shrimataji.org\/test\/sv\/enkel-meditation\/","url":"https:\/\/shrimataji.org\/test\/sv\/enkel-meditation\/","name":"Enkel meditation - TEST - SMND","isPartOf":{"@id":"https:\/\/shrimataji.org\/test\/#website"},"primaryImageOfPage":{"@id":"https:\/\/shrimataji.org\/test\/sv\/enkel-meditation\/#primaryimage"},"image":{"@id":"https:\/\/shrimataji.org\/test\/sv\/enkel-meditation\/#primaryimage"},"thumbnailUrl":"https:\/\/shrimataji.org\/test\/wp-content\/uploads\/2018\/07\/media_originals\/images\/headers-general\/effortless-sahaja-yoga-meditation.jpg","datePublished":"2018-07-10T06:54:54+00:00","dateModified":"2025-04-25T12:19:55+00:00","breadcrumb":{"@id":"https:\/\/shrimataji.org\/test\/sv\/enkel-meditation\/#breadcrumb"},"inLanguage":"en-US","potentialAction":[{"@type":"ReadAction","target":["https:\/\/shrimataji.org\/test\/sv\/enkel-meditation\/"]}]},{"@type":"ImageObject","inLanguage":"en-US","@id":"https:\/\/shrimataji.org\/test\/sv\/enkel-meditation\/#primaryimage","url":"https:\/\/shrimataji.org\/test\/wp-content\/uploads\/2018\/07\/media_originals\/images\/headers-general\/effortless-sahaja-yoga-meditation.jpg","contentUrl":"https:\/\/shrimataji.org\/test\/wp-content\/uploads\/2018\/07\/media_originals\/images\/headers-general\/effortless-sahaja-yoga-meditation.jpg","width":990,"height":350},{"@type":"BreadcrumbList","@id":"https:\/\/shrimataji.org\/test\/sv\/enkel-meditation\/#breadcrumb","itemListElement":[{"@type":"ListItem","position":1,"name":"Home","item":"https:\/\/shrimataji.org\/test\/uk\/home-en\/"},{"@type":"ListItem","position":2,"name":"Enkel meditation"}]},{"@type":"WebSite","@id":"https:\/\/shrimataji.org\/test\/#website","url":"https:\/\/shrimataji.org\/test\/","name":"Shri Mataji Nirmala Devi","description":"A Life Dedicated to Humanity","publisher":{"@id":"https:\/\/shrimataji.org\/test\/#\/schema\/person\/a1b3419c6585f164aa96da1ff85715d1"},"potentialAction":[{"@type":"SearchAction","target":{"@type":"EntryPoint","urlTemplate":"https:\/\/shrimataji.org\/test\/?s={search_term_string}"},"query-input":{"@type":"PropertyValueSpecification","valueRequired":true,"valueName":"search_term_string"}}],"inLanguage":"en-US"},{"@type":["Person","Organization"],"@id":"https:\/\/shrimataji.org\/test\/#\/schema\/person\/a1b3419c6585f164aa96da1ff85715d1","name":"Nirmala Shrivastava","image":{"@type":"ImageObject","inLanguage":"en-US","@id":"https:\/\/shrimataji.org\/test\/wp-content\/uploads\/2023\/02\/SMO_LOGO-03.svg","url":"https:\/\/shrimataji.org\/test\/wp-content\/uploads\/2023\/02\/SMO_LOGO-03.svg","contentUrl":"https:\/\/shrimataji.org\/test\/wp-content\/uploads\/2023\/02\/SMO_LOGO-03.svg","width":"1024","height":"1024","caption":"Nirmala Shrivastava"},"logo":{"@id":"https:\/\/shrimataji.org\/test\/wp-content\/uploads\/2023\/02\/SMO_LOGO-03.svg"},"sameAs":["https:\/\/shrimataji.org\/test","https:\/\/www.facebook.com\/shrimataji","https:\/\/x.com\/shrimataji","https:\/\/www.youtube.com\/@Shri_Mataji_Nirmala_Devi\/featured"]}]}},"lang":"sv","translations":{"sv":22977,"ur":37417,"en":451,"am":17988,"th":19926,"hu":19463,"sq":18389,"zh":17286,"tr":10151,"pt":10364,"de":10638,"fr":10736,"it":10834,"es":10931,"ja":11228,"ru":11416,"bn":11608,"te":11716,"sw":11839,"he":11987,"el":12278,"sk":12376,"fa":12474,"fi":12572,"bg":13433,"ro":14507,"cs":14700,"nl":16549,"ku":16709,"ar":16885,"be":18596,"kn":18870,"mr":20290,"uk":20582,"ml":20881,"ta":22704,"gu":28825,"pa":28983,"fil":29423,"da":37731,"pl":37948,"nn":38283},"pll_sync_post":[],"_links":{"self":[{"href":"https:\/\/shrimataji.org\/test\/wp-json\/wp\/v2\/pages\/22977","targetHints":{"allow":["GET"]}}],"collection":[{"href":"https:\/\/shrimataji.org\/test\/wp-json\/wp\/v2\/pages"}],"about":[{"href":"https:\/\/shrimataji.org\/test\/wp-json\/wp\/v2\/types\/page"}],"author":[{"embeddable":true,"href":"https:\/\/shrimataji.org\/test\/wp-json\/wp\/v2\/users\/58"}],"replies":[{"embeddable":true,"href":"https:\/\/shrimataji.org\/test\/wp-json\/wp\/v2\/comments?post=22977"}],"version-history":[{"count":0,"href":"https:\/\/shrimataji.org\/test\/wp-json\/wp\/v2\/pages\/22977\/revisions"}],"wp:featuredmedia":[{"embeddable":true,"href":"https:\/\/shrimataji.org\/test\/wp-json\/wp\/v2\/media\/22978"}],"wp:attachment":[{"href":"https:\/\/shrimataji.org\/test\/wp-json\/wp\/v2\/media?parent=22977"}],"curies":[{"name":"wp","href":"https:\/\/api.w.org\/{rel}","templated":true}]}}