{"id":22979,"date":"2017-09-02T04:00:00","date_gmt":"2017-09-02T04:00:00","guid":{"rendered":"http:\/\/testwordpress.nirmalnagari.org\/smnd\/index.php\/enlightening-encounters\/"},"modified":"2025-04-25T12:20:52","modified_gmt":"2025-04-25T12:20:52","slug":"upplysande-moten","status":"publish","type":"page","link":"https:\/\/shrimataji.org\/test\/sv\/upplysande-moten\/","title":{"rendered":"Upplysande m\u00f6ten"},"content":{"rendered":"\n\n\t<h1>Upplysande m\u00f6ten<\/h1>\n<h2>Hennes gr\u00e4nsl\u00f6sa empati och k\u00e4rlek till m\u00e4nskligheten<\/h2>\n\t<h4>Shri Mataji blev en g\u00e5ng tiifr\u00e5gad av en journalist i England om hon haft n\u00e5gra besvikelser. &#8220;Jag har varken haft n\u00e5gra m\u00f6ten eller besvikelser (appointments or disappointments)!&#8221; Skrattet som f\u00f6ljde pr\u00e4glade m\u00e5nga samtal med Shri Mataji, som kunde vara humoristiska, extraordin\u00e4ra och ofta ta en \u00f6verraskande v\u00e4ndning.<\/h4>\n<p>Shri Mataji hade en f\u00f6rm\u00e5ga att avsl\u00f6ja samband mellan \u00e4mnen som m\u00e5nga andra inte kunde se, och detta gjorde hennes f\u00f6redrag och ber\u00e4ttelser engagerande, f\u00f6rtrollande och minnesv\u00e4rda. Shri Mataji h\u00f6ll tusentals s\u00e5dana f\u00f6redrag, alltid l\u00e4rorika, alltid upplysande. Hennes pass var n\u00e4stan 2.5 cm tjockt och bar st\u00e4mplar fr\u00e5n de m\u00e5nga platser hon bes\u00f6kt n\u00e4r hon reste jorden runt, med en orubblig avsikt att n\u00e5 s\u00e5 m\u00e5nga m\u00e4nniskor som m\u00f6jligt och ge dem sj\u00e4lvupplysning.<\/p>\n<p>Hon tr\u00e4ffade tusentals m\u00e4nniskor, och var alltid helt fokuserad p\u00e5 personen framf\u00f6r henne, vare sig det var en v\u00e4rldsvan person med h\u00f6g status, eller en \u00f6dmjuk bybo. Hon f\u00f6rdjupade sig i varje m\u00e4nniskas inre.F\u00f6r henne var alla viktiga, alla hade potential.<\/p>\n<p>Det var denna potential som inspirerade Shri Mataji att utf\u00f6ra detta arbete , att hj\u00e4lpa var m\u00e4nniska att bli Anden, att uppn\u00e5 sj\u00e4lvupplysning. Vissa kunder urskilja Shri Matajis sanna v\u00e4sen, andra gjorde det helt enkelt inte. Det berodde p\u00e5 individens tillst\u00e5n snarare \u00e4n vem hon var. Vissa m\u00e4nniskor uppfattade hennes sanna natur och drogs n\u00e4rmare, andra v\u00e4nde sig bort&#8230;<\/p>\n\tOch vem var Shri Mataji? Vad var Shri Mataji?<br \/>\nShri Mataji var en guru. Och vad \u00e4r en guru? &#8211; Ordet guru har en mycket specifik betydelse: <em>Gu<\/em> = okunnighet. <em>Ru<\/em> = f\u00f6rdrivare av. D\u00e4rf\u00f6r borde en guru kunna \u00e5stadkomma avl\u00e4gsnandet av den andlig okunnighet och illusion som uppslukar det m\u00e4nskliga tillst\u00e5ndet.\n<p>De som kom n\u00e4rmare Shri Mataji k\u00e4nde att detta var \u00e4kta och sant, axis mundi. En gudomlig moder. P\u00e5 n\u00e5got s\u00e4tt hade hon en medf\u00f6dd f\u00f6rm\u00e5ga att hj\u00e4lpa m\u00e4nniskor att bearbeta och l\u00f6sa sina egna problem. Hennes magi var likt en k\u00e4rleksfull tr\u00e4dg\u00e5rdsm\u00e4stare vars fr\u00f6s\u00e5dder blev till blomstrandet och f\u00f6rverkligandet av individen.<\/p>\n\t<h5>&#8220;Str\u00e5lande och of\u00f6rg\u00e4nglig \u00e4r visheten.<br \/>\nHon \u00e4r l\u00e4tt att urskilja f\u00f6r dem som \u00e4lskar henne,<br \/>\nman finner henne om man bara vill s\u00f6ka.<\/h5>\n<h5>L\u00e4ngtar man efter henne ger hon sig f\u00f6rst till k\u00e4nna.<br \/>\nHon g\u00e5r sj\u00e4lv omkring och s\u00f6ker upp<br \/>\ndem som \u00e4r henne v\u00e4rdiga.<\/h5>\n<h5>V\u00e4nligt visar hon sig f\u00f6r dem var de \u00e4n g\u00e5r,<br \/>\nhon m\u00f6ter dem n\u00e4rhelst de t\u00e4nker p\u00e5 henne.&#8221;<\/h5>\n<h5>Salomos visdom, kap 6 v 12-17<\/h5>\n\t<p>Men hennes budskap var tydligt: &#8216;Bli din egen Guru, bli Anden&#8217;, och det visade sig ibland vara lite sv\u00e5rt. Det kr\u00e4vde beslutsamhet och disciplin.<\/p>\n<p>Tankspriddhet, d\u00e5lig uppm\u00e4rksamhet,of\u00f6retagsamhet, d\u00e5lig sj\u00e4lvk\u00e4nsla mm kan h\u00e4mma individens f\u00f6rm\u00e5ga och beslutsamhet att arbeta p\u00e5 sig sj\u00e4lv, att ta hand om sig sj\u00e4lv, att helt f\u00f6rverkliga sin potential.<\/p>\n<p>Shri Mataji kunde i sin roll som guru vara str\u00e4ng, imponerande som f\u00e5, men samtidigt i sin moderlighet ge tr\u00f6st och vara o\u00e4ndligt mild och t\u00e5lmodig. P\u00e5 ett moderligt s\u00e4tt str\u00e4vade hon efter att inspirera och upplyfta individer; och n\u00e4r hon s\u00e5g dem stappla var hon redo att str\u00e4cka ut handen och styra dem p\u00e5 r\u00e4tt v\u00e4g igen.<\/p>\n<p>N\u00e4r man befann sig i Hennes n\u00e4rvaro och uppm\u00e4rksamhet var det som att befinna sig i evolutionens k\u00e4rna. Hennes leende var tr\u00f6stande och och f\u00f6rl\u00f6sande. Hennes r\u00f6st st\u00f6dde och gav r\u00e5d. Valet att uppm\u00e4rksamma Hennes ord eller inte l\u00e5g alltid i individens eget hj\u00e4rta. Alla hade en unik erfarenhet i Hennes n\u00e4rvaro, med varierande uppfattningsf\u00f6rm\u00e5ga och f\u00f6rst\u00e5else.<\/p>\n<p>Hon hade en unik f\u00f6rm\u00e5ga att bem\u00f6ta m\u00e4nnisor. Med skarp precision och penetrerande uppm\u00e4rksamhet kunde hon snabbt f\u00f6rs\u00e4tta sig i en annans m\u00e4nniskas situation, med ett djupt f\u00f6rst\u00e5nd f\u00f6r vad som sades, och vad som f\u00f6rblev osagt.<\/p>\n<p>Hennes skratt var smittande och hennes uppskattande av livets upp- och nedg\u00e5ngar befriande. De som minns Shri Mataji \u00e5terspeglar alla samma k\u00e4nsla; en k\u00e4nsla av privilegium och gudomlig tur att de p\u00e5 n\u00e5got s\u00e4tt hade kommit i kontakt med Shri Mataji och hennes l\u00e4ror.<\/p>\nShri Matajis budskap om insikt och visdom \u00e4r konstant, och som Hon sj\u00e4lv sa:<br \/>\n&#8220;Jag bugar f\u00f6r alla som s\u00f6ker sannigen&#8221;<br \/>\n&#8220;Du \u00e4r Anden&#8221;<br \/>\n&#8220;Inom dig finns en kraft&#8221;<br \/>\n&#8220;Bli din egen guru&#8221;<br \/>\n&#8220;Njut!&#8221;\n<p>Det v\u00e4sentliga budskapet f\u00f6r\u00e4ndrades aldrig. Fr\u00e5gan \u00e4r bara, hur m\u00e5nga h\u00f6rde budskapet och tog tillf\u00e4llet i akt att uppt\u00e4cka sitt sanna jag?<\/p>\n<p>Shri Matajis arv finns kvar i de som h\u00f6rde hennes budskap, som lade hennes g\u00e5va p\u00e5 hj\u00e4rtat och f\u00f6r hennes budskap vidare.<\/p>\n<p>Hennes innersta v\u00e4sen kan erfaras som en sval bris p\u00e5 v\u00e5ra handflator och ovanf\u00f6r v\u00e5ra huvuden. Hennes barmh\u00e4rtighet f\u00f6rmjukar v\u00e5ra hj\u00e4rtan, och gudomlig k\u00e4rlek genljuder v\u00e5rt v\u00e4sen.<\/p>\n\n","protected":false},"excerpt":{"rendered":"<p>Upplysande m\u00f6ten Hennes gr\u00e4nsl\u00f6sa empati och k\u00e4rlek till m\u00e4nskligheten Shri Mataji blev en g\u00e5ng tiifr\u00e5gad av en journalist i England om hon haft n\u00e5gra besvikelser. &#8220;Jag har varken haft n\u00e5gra m\u00f6ten eller besvikelser (appointments or disappointments)!&#8221; Skrattet som f\u00f6ljde pr\u00e4glade m\u00e5nga samtal med Shri Mataji, som kunde vara humoristiska, extraordin\u00e4ra och ofta ta en \u00f6verraskande&hellip; <br \/> <a class=\"read-more\" href=\"https:\/\/shrimataji.org\/test\/sv\/upplysande-moten\/\">Read more<\/a><\/p>\n","protected":false},"author":58,"featured_media":22980,"parent":0,"menu_order":0,"comment_status":"closed","ping_status":"closed","template":"","meta":{"inline_featured_image":false,"footnotes":""},"class_list":["post-22979","page","type-page","status-publish","has-post-thumbnail","hentry"],"yoast_head":"<!-- This site is optimized with the Yoast SEO plugin v27.4 - https:\/\/yoast.com\/product\/yoast-seo-wordpress\/ -->\n<title>Upplysande m\u00f6ten - TEST - SMND<\/title>\n<meta name=\"robots\" content=\"noindex, follow, max-snippet:-1, max-image-preview:large, max-video-preview:-1\" \/>\n<meta property=\"og:locale\" content=\"en_US\" \/>\n<meta property=\"og:type\" content=\"article\" \/>\n<meta property=\"og:title\" content=\"Upplysande m\u00f6ten - TEST - SMND\" \/>\n<meta property=\"og:description\" content=\"Upplysande m\u00f6ten Hennes gr\u00e4nsl\u00f6sa empati och k\u00e4rlek till m\u00e4nskligheten Shri Mataji blev en g\u00e5ng tiifr\u00e5gad av en journalist i England om hon haft n\u00e5gra besvikelser. &#8220;Jag har varken haft n\u00e5gra m\u00f6ten eller besvikelser (appointments or disappointments)!&#8221; Skrattet som f\u00f6ljde pr\u00e4glade m\u00e5nga samtal med Shri Mataji, som kunde vara humoristiska, extraordin\u00e4ra och ofta ta en \u00f6verraskande&hellip; Read more\" \/>\n<meta property=\"og:url\" content=\"https:\/\/shrimataji.org\/test\/sv\/upplysande-moten\/\" \/>\n<meta property=\"og:site_name\" content=\"TEST - SMND\" \/>\n<meta property=\"article:publisher\" content=\"https:\/\/www.facebook.com\/shrimataji\" \/>\n<meta property=\"article:modified_time\" content=\"2025-04-25T12:20:52+00:00\" \/>\n<meta property=\"og:image\" content=\"https:\/\/shrimataji.org\/test\/wp-content\/uploads\/2018\/07\/media_originals\/images\/headers-people\/shri-mataji-nirmala-devi-with-village-people-in-india.jpg\" \/>\n\t<meta property=\"og:image:width\" content=\"990\" \/>\n\t<meta property=\"og:image:height\" content=\"350\" \/>\n\t<meta property=\"og:image:type\" content=\"image\/jpeg\" \/>\n<meta name=\"twitter:card\" content=\"summary_large_image\" \/>\n<meta name=\"twitter:site\" content=\"@shrimataji\" \/>\n<script type=\"application\/ld+json\" class=\"yoast-schema-graph\">{\"@context\":\"https:\\\/\\\/schema.org\",\"@graph\":[{\"@type\":\"WebPage\",\"@id\":\"https:\\\/\\\/shrimataji.org\\\/test\\\/sv\\\/upplysande-moten\\\/\",\"url\":\"https:\\\/\\\/shrimataji.org\\\/test\\\/sv\\\/upplysande-moten\\\/\",\"name\":\"Upplysande m\u00f6ten - TEST - SMND\",\"isPartOf\":{\"@id\":\"https:\\\/\\\/shrimataji.org\\\/test\\\/#website\"},\"primaryImageOfPage\":{\"@id\":\"https:\\\/\\\/shrimataji.org\\\/test\\\/sv\\\/upplysande-moten\\\/#primaryimage\"},\"image\":{\"@id\":\"https:\\\/\\\/shrimataji.org\\\/test\\\/sv\\\/upplysande-moten\\\/#primaryimage\"},\"thumbnailUrl\":\"https:\\\/\\\/shrimataji.org\\\/test\\\/wp-content\\\/uploads\\\/2018\\\/07\\\/media_originals\\\/images\\\/headers-people\\\/shri-mataji-nirmala-devi-with-village-people-in-india.jpg\",\"datePublished\":\"2017-09-02T04:00:00+00:00\",\"dateModified\":\"2025-04-25T12:20:52+00:00\",\"breadcrumb\":{\"@id\":\"https:\\\/\\\/shrimataji.org\\\/test\\\/sv\\\/upplysande-moten\\\/#breadcrumb\"},\"inLanguage\":\"en-US\",\"potentialAction\":[{\"@type\":\"ReadAction\",\"target\":[\"https:\\\/\\\/shrimataji.org\\\/test\\\/sv\\\/upplysande-moten\\\/\"]}]},{\"@type\":\"ImageObject\",\"inLanguage\":\"en-US\",\"@id\":\"https:\\\/\\\/shrimataji.org\\\/test\\\/sv\\\/upplysande-moten\\\/#primaryimage\",\"url\":\"https:\\\/\\\/shrimataji.org\\\/test\\\/wp-content\\\/uploads\\\/2018\\\/07\\\/media_originals\\\/images\\\/headers-people\\\/shri-mataji-nirmala-devi-with-village-people-in-india.jpg\",\"contentUrl\":\"https:\\\/\\\/shrimataji.org\\\/test\\\/wp-content\\\/uploads\\\/2018\\\/07\\\/media_originals\\\/images\\\/headers-people\\\/shri-mataji-nirmala-devi-with-village-people-in-india.jpg\",\"width\":990,\"height\":350},{\"@type\":\"BreadcrumbList\",\"@id\":\"https:\\\/\\\/shrimataji.org\\\/test\\\/sv\\\/upplysande-moten\\\/#breadcrumb\",\"itemListElement\":[{\"@type\":\"ListItem\",\"position\":1,\"name\":\"Home\",\"item\":\"https:\\\/\\\/shrimataji.org\\\/test\\\/uk\\\/home-en\\\/\"},{\"@type\":\"ListItem\",\"position\":2,\"name\":\"Upplysande m\u00f6ten\"}]},{\"@type\":\"WebSite\",\"@id\":\"https:\\\/\\\/shrimataji.org\\\/test\\\/#website\",\"url\":\"https:\\\/\\\/shrimataji.org\\\/test\\\/\",\"name\":\"Shri Mataji Nirmala Devi\",\"description\":\"A Life Dedicated to Humanity\",\"publisher\":{\"@id\":\"https:\\\/\\\/shrimataji.org\\\/test\\\/#\\\/schema\\\/person\\\/a1b3419c6585f164aa96da1ff85715d1\"},\"potentialAction\":[{\"@type\":\"SearchAction\",\"target\":{\"@type\":\"EntryPoint\",\"urlTemplate\":\"https:\\\/\\\/shrimataji.org\\\/test\\\/?s={search_term_string}\"},\"query-input\":{\"@type\":\"PropertyValueSpecification\",\"valueRequired\":true,\"valueName\":\"search_term_string\"}}],\"inLanguage\":\"en-US\"},{\"@type\":[\"Person\",\"Organization\"],\"@id\":\"https:\\\/\\\/shrimataji.org\\\/test\\\/#\\\/schema\\\/person\\\/a1b3419c6585f164aa96da1ff85715d1\",\"name\":\"Nirmala Shrivastava\",\"image\":{\"@type\":\"ImageObject\",\"inLanguage\":\"en-US\",\"@id\":\"https:\\\/\\\/shrimataji.org\\\/test\\\/wp-content\\\/uploads\\\/2023\\\/02\\\/SMO_LOGO-03.svg\",\"url\":\"https:\\\/\\\/shrimataji.org\\\/test\\\/wp-content\\\/uploads\\\/2023\\\/02\\\/SMO_LOGO-03.svg\",\"contentUrl\":\"https:\\\/\\\/shrimataji.org\\\/test\\\/wp-content\\\/uploads\\\/2023\\\/02\\\/SMO_LOGO-03.svg\",\"width\":\"1024\",\"height\":\"1024\",\"caption\":\"Nirmala Shrivastava\"},\"logo\":{\"@id\":\"https:\\\/\\\/shrimataji.org\\\/test\\\/wp-content\\\/uploads\\\/2023\\\/02\\\/SMO_LOGO-03.svg\"},\"sameAs\":[\"https:\\\/\\\/shrimataji.org\\\/test\",\"https:\\\/\\\/www.facebook.com\\\/shrimataji\",\"https:\\\/\\\/x.com\\\/shrimataji\",\"https:\\\/\\\/www.youtube.com\\\/@Shri_Mataji_Nirmala_Devi\\\/featured\"]}]}<\/script>\n<!-- \/ Yoast SEO plugin. -->","yoast_head_json":{"title":"Upplysande m\u00f6ten - TEST - SMND","robots":{"index":"noindex","follow":"follow","max-snippet":"max-snippet:-1","max-image-preview":"max-image-preview:large","max-video-preview":"max-video-preview:-1"},"og_locale":"en_US","og_type":"article","og_title":"Upplysande m\u00f6ten - TEST - SMND","og_description":"Upplysande m\u00f6ten Hennes gr\u00e4nsl\u00f6sa empati och k\u00e4rlek till m\u00e4nskligheten Shri Mataji blev en g\u00e5ng tiifr\u00e5gad av en journalist i England om hon haft n\u00e5gra besvikelser. &#8220;Jag har varken haft n\u00e5gra m\u00f6ten eller besvikelser (appointments or disappointments)!&#8221; Skrattet som f\u00f6ljde pr\u00e4glade m\u00e5nga samtal med Shri Mataji, som kunde vara humoristiska, extraordin\u00e4ra och ofta ta en \u00f6verraskande&hellip; Read more","og_url":"https:\/\/shrimataji.org\/test\/sv\/upplysande-moten\/","og_site_name":"TEST - SMND","article_publisher":"https:\/\/www.facebook.com\/shrimataji","article_modified_time":"2025-04-25T12:20:52+00:00","og_image":[{"width":990,"height":350,"url":"https:\/\/shrimataji.org\/test\/wp-content\/uploads\/2018\/07\/media_originals\/images\/headers-people\/shri-mataji-nirmala-devi-with-village-people-in-india.jpg","type":"image\/jpeg"}],"twitter_card":"summary_large_image","twitter_site":"@shrimataji","schema":{"@context":"https:\/\/schema.org","@graph":[{"@type":"WebPage","@id":"https:\/\/shrimataji.org\/test\/sv\/upplysande-moten\/","url":"https:\/\/shrimataji.org\/test\/sv\/upplysande-moten\/","name":"Upplysande m\u00f6ten - TEST - SMND","isPartOf":{"@id":"https:\/\/shrimataji.org\/test\/#website"},"primaryImageOfPage":{"@id":"https:\/\/shrimataji.org\/test\/sv\/upplysande-moten\/#primaryimage"},"image":{"@id":"https:\/\/shrimataji.org\/test\/sv\/upplysande-moten\/#primaryimage"},"thumbnailUrl":"https:\/\/shrimataji.org\/test\/wp-content\/uploads\/2018\/07\/media_originals\/images\/headers-people\/shri-mataji-nirmala-devi-with-village-people-in-india.jpg","datePublished":"2017-09-02T04:00:00+00:00","dateModified":"2025-04-25T12:20:52+00:00","breadcrumb":{"@id":"https:\/\/shrimataji.org\/test\/sv\/upplysande-moten\/#breadcrumb"},"inLanguage":"en-US","potentialAction":[{"@type":"ReadAction","target":["https:\/\/shrimataji.org\/test\/sv\/upplysande-moten\/"]}]},{"@type":"ImageObject","inLanguage":"en-US","@id":"https:\/\/shrimataji.org\/test\/sv\/upplysande-moten\/#primaryimage","url":"https:\/\/shrimataji.org\/test\/wp-content\/uploads\/2018\/07\/media_originals\/images\/headers-people\/shri-mataji-nirmala-devi-with-village-people-in-india.jpg","contentUrl":"https:\/\/shrimataji.org\/test\/wp-content\/uploads\/2018\/07\/media_originals\/images\/headers-people\/shri-mataji-nirmala-devi-with-village-people-in-india.jpg","width":990,"height":350},{"@type":"BreadcrumbList","@id":"https:\/\/shrimataji.org\/test\/sv\/upplysande-moten\/#breadcrumb","itemListElement":[{"@type":"ListItem","position":1,"name":"Home","item":"https:\/\/shrimataji.org\/test\/uk\/home-en\/"},{"@type":"ListItem","position":2,"name":"Upplysande m\u00f6ten"}]},{"@type":"WebSite","@id":"https:\/\/shrimataji.org\/test\/#website","url":"https:\/\/shrimataji.org\/test\/","name":"Shri Mataji Nirmala Devi","description":"A Life Dedicated to Humanity","publisher":{"@id":"https:\/\/shrimataji.org\/test\/#\/schema\/person\/a1b3419c6585f164aa96da1ff85715d1"},"potentialAction":[{"@type":"SearchAction","target":{"@type":"EntryPoint","urlTemplate":"https:\/\/shrimataji.org\/test\/?s={search_term_string}"},"query-input":{"@type":"PropertyValueSpecification","valueRequired":true,"valueName":"search_term_string"}}],"inLanguage":"en-US"},{"@type":["Person","Organization"],"@id":"https:\/\/shrimataji.org\/test\/#\/schema\/person\/a1b3419c6585f164aa96da1ff85715d1","name":"Nirmala Shrivastava","image":{"@type":"ImageObject","inLanguage":"en-US","@id":"https:\/\/shrimataji.org\/test\/wp-content\/uploads\/2023\/02\/SMO_LOGO-03.svg","url":"https:\/\/shrimataji.org\/test\/wp-content\/uploads\/2023\/02\/SMO_LOGO-03.svg","contentUrl":"https:\/\/shrimataji.org\/test\/wp-content\/uploads\/2023\/02\/SMO_LOGO-03.svg","width":"1024","height":"1024","caption":"Nirmala Shrivastava"},"logo":{"@id":"https:\/\/shrimataji.org\/test\/wp-content\/uploads\/2023\/02\/SMO_LOGO-03.svg"},"sameAs":["https:\/\/shrimataji.org\/test","https:\/\/www.facebook.com\/shrimataji","https:\/\/x.com\/shrimataji","https:\/\/www.youtube.com\/@Shri_Mataji_Nirmala_Devi\/featured"]}]}},"lang":"sv","translations":{"sv":22979,"ur":37419,"en":435,"am":17990,"th":19929,"hu":19465,"sq":18391,"zh":17288,"tr":10152,"pt":10365,"de":10639,"fr":10737,"it":10835,"es":10932,"ja":11229,"ru":11417,"bn":11609,"te":11717,"sw":11840,"he":11988,"el":12279,"sk":12377,"fa":12475,"fi":12573,"bg":13485,"ro":14560,"cs":14753,"nl":16551,"ku":16711,"ar":16887,"be":18598,"kn":18872,"mr":20293,"uk":20585,"ml":20884,"ta":22706,"gu":28827,"pa":28985,"fil":29425,"da":37733,"pl":37950,"nn":38285},"pll_sync_post":[],"_links":{"self":[{"href":"https:\/\/shrimataji.org\/test\/wp-json\/wp\/v2\/pages\/22979","targetHints":{"allow":["GET"]}}],"collection":[{"href":"https:\/\/shrimataji.org\/test\/wp-json\/wp\/v2\/pages"}],"about":[{"href":"https:\/\/shrimataji.org\/test\/wp-json\/wp\/v2\/types\/page"}],"author":[{"embeddable":true,"href":"https:\/\/shrimataji.org\/test\/wp-json\/wp\/v2\/users\/58"}],"replies":[{"embeddable":true,"href":"https:\/\/shrimataji.org\/test\/wp-json\/wp\/v2\/comments?post=22979"}],"version-history":[{"count":0,"href":"https:\/\/shrimataji.org\/test\/wp-json\/wp\/v2\/pages\/22979\/revisions"}],"wp:featuredmedia":[{"embeddable":true,"href":"https:\/\/shrimataji.org\/test\/wp-json\/wp\/v2\/media\/22980"}],"wp:attachment":[{"href":"https:\/\/shrimataji.org\/test\/wp-json\/wp\/v2\/media?parent=22979"}],"curies":[{"name":"wp","href":"https:\/\/api.w.org\/{rel}","templated":true}]}}