{"id":22984,"date":"2022-01-23T02:49:35","date_gmt":"2022-01-23T02:49:35","guid":{"rendered":"https:\/\/test.shrimataji.org\/?page_id=6269"},"modified":"2026-01-06T13:52:43","modified_gmt":"2026-01-06T13:52:43","slug":"upplev-din-sjalvupplysning","status":"publish","type":"page","link":"https:\/\/shrimataji.org\/test\/sv\/upplev-din-sjalvupplysning\/","title":{"rendered":"Upplev din sj\u00e4lvupplysning"},"content":{"rendered":"\n\n\t<h1>Upplev din sj\u00e4lvupplysning<\/h1>\n<h2>Du beh\u00f6ver bara ha ren l\u00e4ngtan<\/h2>\n<div class=\"su-quote su-quote-style-default\"><div class=\"su-quote-inner su-u-clearfix su-u-trim\"> Det \u00e4r allas r\u00e4tt att uppn\u00e5 detta tillst\u00e5nd i sin evolution och allt som \u00e4r n\u00f6dv\u00e4ndigt f\u00f6r att detta ska ske finns redan inneboende hos dig. Men eftersom jag respekterar din frihet m\u00e5ste du ha en \u00f6nskan att uppn\u00e5 detta tillst\u00e5nd, det kan inte tvingas p\u00e5 dig.\u00a0<\/div><\/div>\n\t<h4>Shri Mataji \u00e4r den enda andliga gurun i m\u00e4nsklighetens historia som har gett denna sj\u00e4lvupplysning till massor av m\u00e4nniskor \u00f6ver hela v\u00e4rlden under hennes offentliga program. Miljontals har dragit nytta av denna unika upplevelse som har blivit en v\u00e4ndpunkt i deras liv. S\u00f6kare som deltog i programmen upplevde sin sj\u00e4lvupplysing som fullst\u00e4ndig inre tystnad, ett avslappnat fysiskt tillst\u00e5nd och ofta en varm eller sval bris p\u00e5 handflatorna och ibland \u00f6ver hela kroppen.<\/h4>\n<p>F\u00f6ljande steg kan hj\u00e4lpa att f\u00f6rbereda dig f\u00f6r sj\u00e4lvupplysningen. Sitt bekv\u00e4mt med rak rygg, att ta av skorna kan ocks\u00e5 hj\u00e4lpa eftersom Moder Jord absorberar o\u00f6nskad energi genom v\u00e5ra f\u00f6tter.<\/p>\n<p>Placera b\u00e5da h\u00e4nderna i kn\u00e4t med handflatorna upp\u00e5t. F\u00f6r att stilla tankeverksamheten kan du titta p\u00e5 bilden av Shri Mataji p\u00e5 sk\u00e4rmen. N\u00e4r du funnit ett lugnt inom dig sj\u00e4lv, f\u00f6rs\u00f6k att observera dina tankar.<\/p>\n<p>Om du upplever en fullst\u00e4ndig inre tystnad och eventuellt erfar en behaglig sval bris som fl\u00e4ktar \u00f6ver handflatorna eller \u00f6ver huvudet, vid fontanellen, d\u00e5 vet du att du har f\u00f6rverkligat din sj\u00e4lvupplysning. Detta \u00e4r en mycket god b\u00f6rjan, och de f\u00f6ljande stegen kommer att f\u00f6rdjupa din meditation.<\/p>\n\t\t\t\t<img decoding=\"async\" src=\"https:\/\/shrimataji.org\/test\/wp-content\/uploads\/2023\/02\/ShriMataji_BW.webp\" alt=\"ShriMataji_BW\" itemprop=\"image\" height=\"960\" width=\"671\" title=\"ShriMataji_BW\" onerror=\"this.style.display='none'\" loading=\"lazy\" \/>\n\t<p>Det f\u00f6rdelaktigt att anv\u00e4nda den guidade meditationen f\u00f6r sj\u00e4lvupplysning som Shri Mataji har demonstrerat tusentals g\u00e5nger \u00f6ver hela v\u00e4rlden.<\/p>\n<p>Det \u00e4r l\u00e4mpligt att bekanta sig med stegen innan man f\u00f6ljer videon med den guidade meditationen med Shri Mataji, eftersom du kommer att g\u00f6ra hela \u00f6vningen med slutna \u00f6gon. Att sluta \u00f6gonen hj\u00e4lper oss att f\u00f6rdjupa upplevelsen av v\u00e5r sj\u00e4lvupplysning och det meditativa tillst\u00e5nd som omedelbart f\u00f6ljer. Studera illustrationerna och texten nedan f\u00f6r att utr\u00f6na de korrekta handpositionerna f\u00f6r handen p\u00e5 kroppen. Shri Mataji kommer att guida dig i sj\u00e4lvupplysnings\u00f6vningen, och ge affirmationer f\u00f6r varje position.<\/p>\n<p>Under processen av sj\u00e4lvupplysning kommer vi att placera h\u00f6ger hand p\u00e5 chakran l\u00e4ngs v\u00e4nster sida och h\u00e5lla v\u00e4nster handflata \u00f6ppen (se skisser).<\/p>\n\t\t\t\t<img decoding=\"async\" src=\"https:\/\/shrimataji.org\/test\/wp-content\/uploads\/2024\/12\/se-meditation-man-1-01-1.png\" alt=\"se-meditation-man-1-01\" itemprop=\"image\" height=\"767\" width=\"546\" title=\"se-meditation-man-1-01\" onerror=\"this.style.display='none'\" loading=\"lazy\" \/>\n\t\t\t\t<img decoding=\"async\" src=\"https:\/\/shrimataji.org\/test\/wp-content\/uploads\/2024\/12\/se-meditation-man-2-01-1.png\" alt=\"se-meditation-man-2-01\" itemprop=\"image\" height=\"767\" width=\"546\" title=\"se-meditation-man-2-01\" onerror=\"this.style.display='none'\" loading=\"lazy\" \/>\n\t\t\t\t<img decoding=\"async\" src=\"https:\/\/shrimataji.org\/test\/wp-content\/uploads\/2024\/12\/se-meditation-man-3-01-1.png\" alt=\"se-meditation-man-3-01\" itemprop=\"image\" height=\"767\" width=\"546\" title=\"se-meditation-man-3-01\" onerror=\"this.style.display='none'\" loading=\"lazy\" \/>\n\t\t\t\t<img decoding=\"async\" src=\"https:\/\/shrimataji.org\/test\/wp-content\/uploads\/2024\/12\/se-meditation-man-4-01-1.png\" alt=\"se-meditation-man-4-01\" itemprop=\"image\" height=\"767\" width=\"546\" title=\"se-meditation-man-4-01\" onerror=\"this.style.display='none'\" loading=\"lazy\" \/>\n\t\t\t\t<img decoding=\"async\" src=\"https:\/\/shrimataji.org\/test\/wp-content\/uploads\/2024\/12\/se-meditation-man-5-01-1.png\" alt=\"se-meditation-man-5-01\" itemprop=\"image\" height=\"767\" width=\"546\" title=\"se-meditation-man-5-01\" onerror=\"this.style.display='none'\" loading=\"lazy\" \/>\n\t\t\t\t<img decoding=\"async\" src=\"https:\/\/shrimataji.org\/test\/wp-content\/uploads\/2024\/12\/se-meditation-man-6-01-1.png\" alt=\"se-meditation-man-6-01\" itemprop=\"image\" height=\"767\" width=\"546\" title=\"se-meditation-man-6-01\" onerror=\"this.style.display='none'\" loading=\"lazy\" \/>\n\t\t\t\t<img decoding=\"async\" src=\"https:\/\/shrimataji.org\/test\/wp-content\/uploads\/2024\/12\/se-meditation-man-7-01-1.png\" alt=\"se-meditation-man-7-01\" itemprop=\"image\" height=\"767\" width=\"546\" title=\"se-meditation-man-7-01\" onerror=\"this.style.display='none'\" loading=\"lazy\" \/>\n\t\t\t\t<img decoding=\"async\" src=\"https:\/\/shrimataji.org\/test\/wp-content\/uploads\/2024\/12\/se-meditation-man-8-01-1.png\" alt=\"se-meditation-man-8-01\" itemprop=\"image\" height=\"767\" width=\"546\" title=\"se-meditation-man-8-01\" onerror=\"this.style.display='none'\" loading=\"lazy\" \/>\n\t\t\t\t<img decoding=\"async\" src=\"https:\/\/shrimataji.org\/test\/wp-content\/uploads\/2024\/12\/se-meditation-man-9-01-1.png\" alt=\"se-meditation-man-9-01\" itemprop=\"image\" height=\"767\" width=\"546\" title=\"se-meditation-man-9-01\" onerror=\"this.style.display='none'\" loading=\"lazy\" \/>\n\t\t<img decoding=\"async\" data-spai-excluded=\"true\" loading=\"lazy\"  alt=\"YouTube player\"  src=\"https:\/\/i.ytimg.com\/vi\/16KZE6xkDYA\/maxresdefault.jpg\"  \/><button aria-label=\"Play\"><\/button><meta itemprop=\"embedUrl\" content=\"https:\/\/www.youtube.com\/embed\/16KZE6xkDYA\"\/><meta itemprop=\"name\" content=\"Shri Mataji gives Self Realization\"\/><meta itemprop=\"description\" content=\"YouTube video\"\/><meta itemprop=\"thumbnailUrl\" content=\"https:\/\/i.ytimg.com\/vi\/16KZE6xkDYA\/0.jpg\"\/><meta itemprop=\"duration\" content=\"PT9M43S\"\/><meta itemprop=\"uploadDate\" content=\"2022-11-12T03:23:50Z\"\/>\t\n\t<p>Observera nu p\u00e5 slutet av den guidade meditationen om du k\u00e4nner dig avslappnad och om dina tankar har stillats eller successivt f\u00f6rsvunnit. Detta \u00e4r meditationens f\u00f6rsta fas &#8211; tankefri medvetenhet. Det \u00e4r ett tillst\u00e5nd av ren och fridfull medvetenhet om dig sj\u00e4lv och din omgivning.<\/p>\n<p>Se om du kan erfara en behaglig sval bris p\u00e5 handflatorna och ovanf\u00f6r huvudet. Det kan f\u00f6rst k\u00e4nnas varmt, vilket \u00e4r ett tecken p\u00e5 att din <a href=\"https:\/\/shrimataji.org\/test\/sv\/kundalini\/\">Kundalinienergi<\/a> renar ditt subtila system, men det kommer s\u00e5 sm\u00e5ningom att k\u00e4nnas svalt. Du kan verifiera detta genom att placera din v\u00e4nstra handflata en bit ovanf\u00f6r huvudet och sedan f\u00f6rs\u00f6ka med den h\u00f6gra handen.<\/p>\n<p>Om du inte kan k\u00e4nner n\u00e5got finns det flera anledningar till detta. En av de vanligaste \u00e4r att vi inte kan f\u00f6rl\u00e5ta. Det kan hj\u00e4lpa om du s\u00e4ger fr\u00e5n ditt hj\u00e4rta, &#8220;Moder (eller om du f\u00f6redrar att s\u00e4ga Shri Mataji), jag f\u00f6rl\u00e5ter alla&#8221; n\u00e5gra g\u00e5nger och sedan kontrollera igen om du k\u00e4nner den svala brisen ovanf\u00f6r huvudet.<\/p>\n<p>Detta \u00e4r b\u00f6rjan p\u00e5 din inre resa in i en ny v\u00e4rld av evig andlig existens, som du kan utforska i fullst\u00e4ndig frid och harmoni. Genom att uppr\u00e4tth\u00e5lla denna nya medvetenhet genom regelbunden meditation kan du bli medveten om ditt eget subtila systems tillst\u00e5nd, s\u00e5v\u00e4l som andra m\u00e4nniskors, genom f\u00f6rnimmelser p\u00e5 dina fingertoppar, och du kan korrigera och balansera systemet med din egen medf\u00f6dda andliga energi (Kundalini).<\/p>\n<p>I de f\u00f6ljande avsnitten l\u00e4r du dig mer om <a href=\"https:\/\/shrimataji.org\/test\/sv\/sahaja-yoga-meditation\/\">Sahaja Yoga Meditation<\/a>, likas\u00e5 hur du kan praktisera en enkel meditation hemma. Avsnittet om kollektiv meditation handlar om <a href=\"https:\/\/shrimataji.org\/test\/sv\/kollektiv-meditation\/\">kollektiv meditation<\/a> enligt r\u00e5d fr\u00e5n Shri Mataji .D\u00e4r kan du ocks\u00e5 hitta globala Sahaja Yoga-meditationscenter.<\/p>\n\n","protected":false},"excerpt":{"rendered":"<p>Upplev din sj\u00e4lvupplysning Du beh\u00f6ver bara ha ren l\u00e4ngtan Shri Mataji \u00e4r den enda andliga gurun i m\u00e4nsklighetens historia som har gett denna sj\u00e4lvupplysning till massor av m\u00e4nniskor \u00f6ver hela v\u00e4rlden under hennes offentliga program. Miljontals har dragit nytta av denna unika upplevelse som har blivit en v\u00e4ndpunkt i deras liv. S\u00f6kare som deltog i&hellip; <br \/> <a class=\"read-more\" href=\"https:\/\/shrimataji.org\/test\/sv\/upplev-din-sjalvupplysning\/\">Read more<\/a><\/p>\n","protected":false},"author":58,"featured_media":22985,"parent":0,"menu_order":0,"comment_status":"closed","ping_status":"closed","template":"","meta":{"inline_featured_image":false,"footnotes":""},"class_list":["post-22984","page","type-page","status-publish","has-post-thumbnail","hentry"],"yoast_head":"<!-- This site is optimized with the Yoast SEO plugin v27.4 - https:\/\/yoast.com\/product\/yoast-seo-wordpress\/ -->\n<title>Upplev din sj\u00e4lvupplysning - TEST - SMND<\/title>\n<meta name=\"robots\" content=\"noindex, follow, max-snippet:-1, max-image-preview:large, max-video-preview:-1\" \/>\n<meta property=\"og:locale\" content=\"en_US\" \/>\n<meta property=\"og:type\" content=\"article\" \/>\n<meta property=\"og:title\" content=\"Upplev din sj\u00e4lvupplysning - TEST - SMND\" \/>\n<meta property=\"og:description\" content=\"Upplev din sj\u00e4lvupplysning Du beh\u00f6ver bara ha ren l\u00e4ngtan Shri Mataji \u00e4r den enda andliga gurun i m\u00e4nsklighetens historia som har gett denna sj\u00e4lvupplysning till massor av m\u00e4nniskor \u00f6ver hela v\u00e4rlden under hennes offentliga program. Miljontals har dragit nytta av denna unika upplevelse som har blivit en v\u00e4ndpunkt i deras liv. S\u00f6kare som deltog i&hellip; Read more\" \/>\n<meta property=\"og:url\" content=\"https:\/\/shrimataji.org\/test\/sv\/upplev-din-sjalvupplysning\/\" \/>\n<meta property=\"og:site_name\" content=\"TEST - SMND\" \/>\n<meta property=\"article:publisher\" content=\"https:\/\/www.facebook.com\/shrimataji\" \/>\n<meta property=\"article:modified_time\" content=\"2026-01-06T13:52:43+00:00\" \/>\n<meta property=\"og:image\" content=\"https:\/\/shrimataji.org\/test\/wp-content\/uploads\/2023\/03\/3_Banner-SY-Experience-2-scaled.jpg\" \/>\n\t<meta property=\"og:image:width\" content=\"2560\" \/>\n\t<meta property=\"og:image:height\" content=\"905\" \/>\n\t<meta property=\"og:image:type\" content=\"image\/jpeg\" \/>\n<meta name=\"twitter:card\" content=\"summary_large_image\" \/>\n<meta name=\"twitter:site\" content=\"@shrimataji\" \/>\n<meta name=\"twitter:label1\" content=\"Est. reading time\" \/>\n\t<meta name=\"twitter:data1\" content=\"6 minutes\" \/>\n<script type=\"application\/ld+json\" class=\"yoast-schema-graph\">{\"@context\":\"https:\\\/\\\/schema.org\",\"@graph\":[{\"@type\":\"WebPage\",\"@id\":\"https:\\\/\\\/shrimataji.org\\\/test\\\/sv\\\/upplev-din-sjalvupplysning\\\/\",\"url\":\"https:\\\/\\\/shrimataji.org\\\/test\\\/sv\\\/upplev-din-sjalvupplysning\\\/\",\"name\":\"Upplev din sj\u00e4lvupplysning - TEST - SMND\",\"isPartOf\":{\"@id\":\"https:\\\/\\\/shrimataji.org\\\/test\\\/#website\"},\"primaryImageOfPage\":{\"@id\":\"https:\\\/\\\/shrimataji.org\\\/test\\\/sv\\\/upplev-din-sjalvupplysning\\\/#primaryimage\"},\"image\":{\"@id\":\"https:\\\/\\\/shrimataji.org\\\/test\\\/sv\\\/upplev-din-sjalvupplysning\\\/#primaryimage\"},\"thumbnailUrl\":\"https:\\\/\\\/shrimataji.org\\\/test\\\/wp-content\\\/uploads\\\/2023\\\/03\\\/3_Banner-SY-Experience-2-scaled.jpg\",\"datePublished\":\"2022-01-23T02:49:35+00:00\",\"dateModified\":\"2026-01-06T13:52:43+00:00\",\"breadcrumb\":{\"@id\":\"https:\\\/\\\/shrimataji.org\\\/test\\\/sv\\\/upplev-din-sjalvupplysning\\\/#breadcrumb\"},\"inLanguage\":\"en-US\",\"potentialAction\":[{\"@type\":\"ReadAction\",\"target\":[\"https:\\\/\\\/shrimataji.org\\\/test\\\/sv\\\/upplev-din-sjalvupplysning\\\/\"]}]},{\"@type\":\"ImageObject\",\"inLanguage\":\"en-US\",\"@id\":\"https:\\\/\\\/shrimataji.org\\\/test\\\/sv\\\/upplev-din-sjalvupplysning\\\/#primaryimage\",\"url\":\"https:\\\/\\\/shrimataji.org\\\/test\\\/wp-content\\\/uploads\\\/2023\\\/03\\\/3_Banner-SY-Experience-2-scaled.jpg\",\"contentUrl\":\"https:\\\/\\\/shrimataji.org\\\/test\\\/wp-content\\\/uploads\\\/2023\\\/03\\\/3_Banner-SY-Experience-2-scaled.jpg\",\"width\":2560,\"height\":905},{\"@type\":\"BreadcrumbList\",\"@id\":\"https:\\\/\\\/shrimataji.org\\\/test\\\/sv\\\/upplev-din-sjalvupplysning\\\/#breadcrumb\",\"itemListElement\":[{\"@type\":\"ListItem\",\"position\":1,\"name\":\"Home\",\"item\":\"https:\\\/\\\/shrimataji.org\\\/test\\\/uk\\\/home-en\\\/\"},{\"@type\":\"ListItem\",\"position\":2,\"name\":\"Upplev din sj\u00e4lvupplysning\"}]},{\"@type\":\"WebSite\",\"@id\":\"https:\\\/\\\/shrimataji.org\\\/test\\\/#website\",\"url\":\"https:\\\/\\\/shrimataji.org\\\/test\\\/\",\"name\":\"Shri Mataji Nirmala Devi\",\"description\":\"A Life Dedicated to Humanity\",\"publisher\":{\"@id\":\"https:\\\/\\\/shrimataji.org\\\/test\\\/#\\\/schema\\\/person\\\/a1b3419c6585f164aa96da1ff85715d1\"},\"potentialAction\":[{\"@type\":\"SearchAction\",\"target\":{\"@type\":\"EntryPoint\",\"urlTemplate\":\"https:\\\/\\\/shrimataji.org\\\/test\\\/?s={search_term_string}\"},\"query-input\":{\"@type\":\"PropertyValueSpecification\",\"valueRequired\":true,\"valueName\":\"search_term_string\"}}],\"inLanguage\":\"en-US\"},{\"@type\":[\"Person\",\"Organization\"],\"@id\":\"https:\\\/\\\/shrimataji.org\\\/test\\\/#\\\/schema\\\/person\\\/a1b3419c6585f164aa96da1ff85715d1\",\"name\":\"Nirmala Shrivastava\",\"image\":{\"@type\":\"ImageObject\",\"inLanguage\":\"en-US\",\"@id\":\"https:\\\/\\\/shrimataji.org\\\/test\\\/wp-content\\\/uploads\\\/2023\\\/02\\\/SMO_LOGO-03.svg\",\"url\":\"https:\\\/\\\/shrimataji.org\\\/test\\\/wp-content\\\/uploads\\\/2023\\\/02\\\/SMO_LOGO-03.svg\",\"contentUrl\":\"https:\\\/\\\/shrimataji.org\\\/test\\\/wp-content\\\/uploads\\\/2023\\\/02\\\/SMO_LOGO-03.svg\",\"width\":\"1024\",\"height\":\"1024\",\"caption\":\"Nirmala Shrivastava\"},\"logo\":{\"@id\":\"https:\\\/\\\/shrimataji.org\\\/test\\\/wp-content\\\/uploads\\\/2023\\\/02\\\/SMO_LOGO-03.svg\"},\"sameAs\":[\"https:\\\/\\\/shrimataji.org\\\/test\",\"https:\\\/\\\/www.facebook.com\\\/shrimataji\",\"https:\\\/\\\/x.com\\\/shrimataji\",\"https:\\\/\\\/www.youtube.com\\\/@Shri_Mataji_Nirmala_Devi\\\/featured\"]}]}<\/script>\n<!-- \/ Yoast SEO plugin. -->","yoast_head_json":{"title":"Upplev din sj\u00e4lvupplysning - TEST - SMND","robots":{"index":"noindex","follow":"follow","max-snippet":"max-snippet:-1","max-image-preview":"max-image-preview:large","max-video-preview":"max-video-preview:-1"},"og_locale":"en_US","og_type":"article","og_title":"Upplev din sj\u00e4lvupplysning - TEST - SMND","og_description":"Upplev din sj\u00e4lvupplysning Du beh\u00f6ver bara ha ren l\u00e4ngtan Shri Mataji \u00e4r den enda andliga gurun i m\u00e4nsklighetens historia som har gett denna sj\u00e4lvupplysning till massor av m\u00e4nniskor \u00f6ver hela v\u00e4rlden under hennes offentliga program. Miljontals har dragit nytta av denna unika upplevelse som har blivit en v\u00e4ndpunkt i deras liv. S\u00f6kare som deltog i&hellip; Read more","og_url":"https:\/\/shrimataji.org\/test\/sv\/upplev-din-sjalvupplysning\/","og_site_name":"TEST - SMND","article_publisher":"https:\/\/www.facebook.com\/shrimataji","article_modified_time":"2026-01-06T13:52:43+00:00","og_image":[{"width":2560,"height":905,"url":"https:\/\/shrimataji.org\/test\/wp-content\/uploads\/2023\/03\/3_Banner-SY-Experience-2-scaled.jpg","type":"image\/jpeg"}],"twitter_card":"summary_large_image","twitter_site":"@shrimataji","twitter_misc":{"Est. reading time":"6 minutes"},"schema":{"@context":"https:\/\/schema.org","@graph":[{"@type":"WebPage","@id":"https:\/\/shrimataji.org\/test\/sv\/upplev-din-sjalvupplysning\/","url":"https:\/\/shrimataji.org\/test\/sv\/upplev-din-sjalvupplysning\/","name":"Upplev din sj\u00e4lvupplysning - TEST - SMND","isPartOf":{"@id":"https:\/\/shrimataji.org\/test\/#website"},"primaryImageOfPage":{"@id":"https:\/\/shrimataji.org\/test\/sv\/upplev-din-sjalvupplysning\/#primaryimage"},"image":{"@id":"https:\/\/shrimataji.org\/test\/sv\/upplev-din-sjalvupplysning\/#primaryimage"},"thumbnailUrl":"https:\/\/shrimataji.org\/test\/wp-content\/uploads\/2023\/03\/3_Banner-SY-Experience-2-scaled.jpg","datePublished":"2022-01-23T02:49:35+00:00","dateModified":"2026-01-06T13:52:43+00:00","breadcrumb":{"@id":"https:\/\/shrimataji.org\/test\/sv\/upplev-din-sjalvupplysning\/#breadcrumb"},"inLanguage":"en-US","potentialAction":[{"@type":"ReadAction","target":["https:\/\/shrimataji.org\/test\/sv\/upplev-din-sjalvupplysning\/"]}]},{"@type":"ImageObject","inLanguage":"en-US","@id":"https:\/\/shrimataji.org\/test\/sv\/upplev-din-sjalvupplysning\/#primaryimage","url":"https:\/\/shrimataji.org\/test\/wp-content\/uploads\/2023\/03\/3_Banner-SY-Experience-2-scaled.jpg","contentUrl":"https:\/\/shrimataji.org\/test\/wp-content\/uploads\/2023\/03\/3_Banner-SY-Experience-2-scaled.jpg","width":2560,"height":905},{"@type":"BreadcrumbList","@id":"https:\/\/shrimataji.org\/test\/sv\/upplev-din-sjalvupplysning\/#breadcrumb","itemListElement":[{"@type":"ListItem","position":1,"name":"Home","item":"https:\/\/shrimataji.org\/test\/uk\/home-en\/"},{"@type":"ListItem","position":2,"name":"Upplev din sj\u00e4lvupplysning"}]},{"@type":"WebSite","@id":"https:\/\/shrimataji.org\/test\/#website","url":"https:\/\/shrimataji.org\/test\/","name":"Shri Mataji Nirmala Devi","description":"A Life Dedicated to Humanity","publisher":{"@id":"https:\/\/shrimataji.org\/test\/#\/schema\/person\/a1b3419c6585f164aa96da1ff85715d1"},"potentialAction":[{"@type":"SearchAction","target":{"@type":"EntryPoint","urlTemplate":"https:\/\/shrimataji.org\/test\/?s={search_term_string}"},"query-input":{"@type":"PropertyValueSpecification","valueRequired":true,"valueName":"search_term_string"}}],"inLanguage":"en-US"},{"@type":["Person","Organization"],"@id":"https:\/\/shrimataji.org\/test\/#\/schema\/person\/a1b3419c6585f164aa96da1ff85715d1","name":"Nirmala Shrivastava","image":{"@type":"ImageObject","inLanguage":"en-US","@id":"https:\/\/shrimataji.org\/test\/wp-content\/uploads\/2023\/02\/SMO_LOGO-03.svg","url":"https:\/\/shrimataji.org\/test\/wp-content\/uploads\/2023\/02\/SMO_LOGO-03.svg","contentUrl":"https:\/\/shrimataji.org\/test\/wp-content\/uploads\/2023\/02\/SMO_LOGO-03.svg","width":"1024","height":"1024","caption":"Nirmala Shrivastava"},"logo":{"@id":"https:\/\/shrimataji.org\/test\/wp-content\/uploads\/2023\/02\/SMO_LOGO-03.svg"},"sameAs":["https:\/\/shrimataji.org\/test","https:\/\/www.facebook.com\/shrimataji","https:\/\/x.com\/shrimataji","https:\/\/www.youtube.com\/@Shri_Mataji_Nirmala_Devi\/featured"]}]}},"lang":"sv","translations":{"sv":22984,"ur":37424,"en":7043,"pa":25836,"gu":25439,"th":19936,"hu":19470,"sq":18396,"zh":17293,"hi":8277,"tr":10155,"pt":10368,"de":10642,"fr":10740,"it":10838,"es":10935,"ja":11232,"ru":11420,"bn":11612,"te":11720,"sw":11843,"he":11991,"el":12282,"sk":12380,"fa":12478,"fi":12576,"bg":13413,"ro":14487,"cs":14680,"nl":16556,"ku":16716,"ar":16892,"be":18603,"kn":18877,"mr":20300,"uk":20592,"ml":20891,"ta":22711,"bs":27284,"fil":29430,"sd":30998,"da":37738,"pl":37955,"nn":38290},"pll_sync_post":[],"_links":{"self":[{"href":"https:\/\/shrimataji.org\/test\/wp-json\/wp\/v2\/pages\/22984","targetHints":{"allow":["GET"]}}],"collection":[{"href":"https:\/\/shrimataji.org\/test\/wp-json\/wp\/v2\/pages"}],"about":[{"href":"https:\/\/shrimataji.org\/test\/wp-json\/wp\/v2\/types\/page"}],"author":[{"embeddable":true,"href":"https:\/\/shrimataji.org\/test\/wp-json\/wp\/v2\/users\/58"}],"replies":[{"embeddable":true,"href":"https:\/\/shrimataji.org\/test\/wp-json\/wp\/v2\/comments?post=22984"}],"version-history":[{"count":0,"href":"https:\/\/shrimataji.org\/test\/wp-json\/wp\/v2\/pages\/22984\/revisions"}],"wp:featuredmedia":[{"embeddable":true,"href":"https:\/\/shrimataji.org\/test\/wp-json\/wp\/v2\/media\/22985"}],"wp:attachment":[{"href":"https:\/\/shrimataji.org\/test\/wp-json\/wp\/v2\/media?parent=22984"}],"curies":[{"name":"wp","href":"https:\/\/api.w.org\/{rel}","templated":true}]}}