{"id":22986,"date":"2018-07-10T06:54:42","date_gmt":"2018-07-10T06:54:42","guid":{"rendered":"http:\/\/testwordpress.nirmalnagari.org\/smnd\/index.php\/family\/"},"modified":"2026-01-06T13:29:38","modified_gmt":"2026-01-06T13:29:38","slug":"familj","status":"publish","type":"page","link":"https:\/\/shrimataji.org\/test\/sv\/familj\/","title":{"rendered":"Familj"},"content":{"rendered":"\n\n\t<h1>Familj<\/h1>\n<h2>Att v\u00e4xa upp som upplyst<\/h2>\n\t<h4>Shri Mataji, f\u00f6dd Nirmala Salve, kom fr\u00e5n en framst\u00e5ende familj med r\u00f6tter i den kungliga Shalivahana-dynastin i Indien. Hennes fsl\u00e4kt har genom generationerna haft h\u00f6ga etiska v\u00e4rderingar.<\/h4>\n\t<p>Shri Matajis f\u00f6rf\u00e4der valde att konvertera till kristendomen n\u00e4r de s\u00e5g hur illa hinduiska \u00e4nkor behandlades vid den tiden.<\/p>\n<p>Hennes bror H.P. Salve beskrev deras farmor, som blev \u00e4nka tidigt, som en modig och stark person som k\u00e4mpade mot or\u00e4ttvisor. Hon hade b\u00e5de stort mod och en stark k\u00e4rlek till sina barn. Dessa egenskaper f\u00f6rdes sedan vidare till b\u00e5de barn och barnbarn, s\u00e4rskilt till Shri Mataji.<\/p>\n<p>Shri Mataji&#8217;s f\u00f6r\u00e4ldrar lk\u00e4mpade f\u00f6r r\u00e4ttvisa och j\u00e4mlikhet. De st\u00f6dde Mahatma Gandhi i kampen f\u00f6r Indiens sj\u00e4lvst\u00e4ndighet, och i familjen hade man en \u00f6verenskommelse att ingen skulle gr\u00e5ta om n\u00e5gon blev arresterad. Efter sj\u00e4lvst\u00e4ndigheten arbetade hennes far och flera syskon i den nya regeringen.<\/p>\n<p>Shri Mataji&#8217;s make, Sir C.P. Srivastava, levde ocks\u00e5 ett f\u00f6red\u00f6mligt liv i offentlig tj\u00e4nst med h\u00f6ga ideal. Bland hans b\u00f6cker finns biografin Lal Bahadur Shastri: a Life of Truth in Politics <a name=\"citation-ref-1\" href=\"#citation-note-1\">[1]<\/a> och Corruption: India&#8217;s Enemy Within <a name=\"citation-ref-2\" href=\"#citation-note-2\">[2]<\/a>.<\/p>\n<p>Shri Mataji, som gick bort 2011, efterl\u00e4mnar tv\u00e5 d\u00f6ttrar, fyra barnbarn och m\u00e5nga barnbarnsbarn.<\/p>\n\t<div class=\"epyt-video-wrapper\"><div  data-ep-a=\"fadeIn\"  style=\"display: block; margin: 0px auto;\"  id=\"_ytid_70720\"  width=\"3840\" height=\"2160\"  data-origwidth=\"3840\" data-origheight=\"2160\" data-facadesrc=\"https:\/\/www.youtube.com\/embed\/BlhbfY8PoHs?enablejsapi=1&autoplay=0&cc_load_policy=0&cc_lang_pref=&iv_load_policy=1&loop=0&rel=0&fs=1&playsinline=1&autohide=2&theme=dark&color=red&controls=1&disablekb=0&\" class=\"__youtube_prefs__ epyt-facade  no-lazyload\" data-epautoplay=\"1\" ><img decoding=\"async\" data-spai-excluded=\"true\" class=\"epyt-facade-poster skip-lazy\" loading=\"lazy\"  alt=\"YouTube player\"  src=\"https:\/\/i.ytimg.com\/vi\/BlhbfY8PoHs\/maxresdefault.jpg\"  \/><button class=\"epyt-facade-play\" aria-label=\"Play\"><svg data-no-lazy=\"1\" height=\"100%\" version=\"1.1\" viewBox=\"0 0 68 48\" width=\"100%\"><path class=\"ytp-large-play-button-bg\" d=\"M66.52,7.74c-0.78-2.93-2.49-5.41-5.42-6.19C55.79,.13,34,0,34,0S12.21,.13,6.9,1.55 C3.97,2.33,2.27,4.81,1.48,7.74C0.06,13.05,0,24,0,24s0.06,10.95,1.48,16.26c0.78,2.93,2.49,5.41,5.42,6.19 C12.21,47.87,34,48,34,48s21.79-0.13,27.1-1.55c2.93-0.78,4.64-3.26,5.42-6.19C67.94,34.95,68,24,68,24S67.94,13.05,66.52,7.74z\" fill=\"#f00\"><\/path><path d=\"M 45,24 27,14 27,34\" fill=\"#fff\"><\/path><\/svg><\/button><\/div><\/div><span itemprop=\"video\" itemscope itemtype=\"http:\/\/schema.org\/VideoObject\"><meta itemprop=\"embedUrl\" content=\"https:\/\/www.youtube.com\/embed\/BlhbfY8PoHs\"><meta itemprop=\"name\" content=\"Remembering Their Mother\"><meta itemprop=\"description\" content=\"Shri Mataji&#039;s daughters describe the extent of their mother&#039;s travels and global duties. They describe the experience of sharing a mother with the world. &#039;She became renowned all over the world, but to me always a mother.&#039; They recall the strong mother of childhood, keen that her children be correct and dharmic. Shri Mataji emphasized that her children should never do anything wrong. More videos at: http:\/\/ShriMataji.org ~ A Life Dedicated to Humanity ~\"><meta itemprop=\"thumbnailUrl\" content=\"https:\/\/i.ytimg.com\/vi\/BlhbfY8PoHs\/0.jpg\"><meta itemprop=\"duration\" content=\"PT3M13S\"><meta itemprop=\"uploadDate\" content=\"2020-07-20T00:11:57Z\"><\/span>\n\t<h5>&#8220;Vi hade inte konsumtionshets p\u00e5 den tiden &#8211; vi levde enkelt. Jag tror ocks\u00e5 att det inte fanns s\u00e5 stora konflikter mellan generationerna; familjen brukade fungera harmoniskt&#8221;<\/h5>\n<h5>Shri Mataji&#8217;s dotter Sadhana Varma<\/h5>\n\t<hr \/>\n<h3>1.\u00a0<a name=\"citation-note-1\"><\/a><a href=\"#citation-ref-1\">^<\/a> C. P. Srivastava, &#8216;Lal Bahadur Shastri: A Life of Truth in Politics&#8217; New Delhi: Oxford University Press, 1995.<\/h3>\n<h3>2. <a name=\"citation-note-2\"><\/a><a href=\"#citation-ref-2\">^<\/a> C. P. Srivastava, &#8216;Corruption: India&#8217;s Enemy Within&#8217; New Delhi: Macmillan India, 2001.<\/h3>\n\n","protected":false},"excerpt":{"rendered":"<p>Familj Att v\u00e4xa upp som upplyst Shri Mataji, f\u00f6dd Nirmala Salve, kom fr\u00e5n en framst\u00e5ende familj med r\u00f6tter i den kungliga Shalivahana-dynastin i Indien. Hennes fsl\u00e4kt har genom generationerna haft h\u00f6ga etiska v\u00e4rderingar. Shri Matajis f\u00f6rf\u00e4der valde att konvertera till kristendomen n\u00e4r de s\u00e5g hur illa hinduiska \u00e4nkor behandlades vid den tiden. Hennes bror H.P.&hellip; <br \/> <a class=\"read-more\" href=\"https:\/\/shrimataji.org\/test\/sv\/familj\/\">Read more<\/a><\/p>\n","protected":false},"author":58,"featured_media":22988,"parent":0,"menu_order":0,"comment_status":"closed","ping_status":"closed","template":"","meta":{"inline_featured_image":false,"footnotes":""},"class_list":["post-22986","page","type-page","status-publish","has-post-thumbnail","hentry"],"yoast_head":"<!-- This site is optimized with the Yoast SEO plugin v27.4 - https:\/\/yoast.com\/product\/yoast-seo-wordpress\/ -->\n<title>Familj - TEST - SMND<\/title>\n<meta name=\"robots\" content=\"noindex, follow, max-snippet:-1, max-image-preview:large, max-video-preview:-1\" \/>\n<meta property=\"og:locale\" content=\"en_US\" \/>\n<meta property=\"og:type\" content=\"article\" \/>\n<meta property=\"og:title\" content=\"Familj - TEST - SMND\" \/>\n<meta property=\"og:description\" content=\"Familj Att v\u00e4xa upp som upplyst Shri Mataji, f\u00f6dd Nirmala Salve, kom fr\u00e5n en framst\u00e5ende familj med r\u00f6tter i den kungliga Shalivahana-dynastin i Indien. Hennes fsl\u00e4kt har genom generationerna haft h\u00f6ga etiska v\u00e4rderingar. Shri Matajis f\u00f6rf\u00e4der valde att konvertera till kristendomen n\u00e4r de s\u00e5g hur illa hinduiska \u00e4nkor behandlades vid den tiden. Hennes bror H.P.&hellip; Read more\" \/>\n<meta property=\"og:url\" content=\"https:\/\/shrimataji.org\/test\/sv\/familj\/\" \/>\n<meta property=\"og:site_name\" content=\"TEST - SMND\" \/>\n<meta property=\"article:publisher\" content=\"https:\/\/www.facebook.com\/shrimataji\" \/>\n<meta property=\"article:modified_time\" content=\"2026-01-06T13:29:38+00:00\" \/>\n<meta property=\"og:image\" content=\"https:\/\/shrimataji.org\/test\/wp-content\/uploads\/2023\/03\/6_Banner-Family-scaled.jpg\" \/>\n\t<meta property=\"og:image:width\" content=\"2560\" \/>\n\t<meta property=\"og:image:height\" content=\"905\" \/>\n\t<meta property=\"og:image:type\" content=\"image\/jpeg\" \/>\n<meta name=\"twitter:card\" content=\"summary_large_image\" \/>\n<meta name=\"twitter:site\" content=\"@shrimataji\" \/>\n<meta name=\"twitter:label1\" content=\"Est. reading time\" \/>\n\t<meta name=\"twitter:data1\" content=\"2 minutes\" \/>\n<script type=\"application\/ld+json\" class=\"yoast-schema-graph\">{\"@context\":\"https:\\\/\\\/schema.org\",\"@graph\":[{\"@type\":\"WebPage\",\"@id\":\"https:\\\/\\\/shrimataji.org\\\/test\\\/sv\\\/familj\\\/\",\"url\":\"https:\\\/\\\/shrimataji.org\\\/test\\\/sv\\\/familj\\\/\",\"name\":\"Familj - TEST - SMND\",\"isPartOf\":{\"@id\":\"https:\\\/\\\/shrimataji.org\\\/test\\\/#website\"},\"primaryImageOfPage\":{\"@id\":\"https:\\\/\\\/shrimataji.org\\\/test\\\/sv\\\/familj\\\/#primaryimage\"},\"image\":{\"@id\":\"https:\\\/\\\/shrimataji.org\\\/test\\\/sv\\\/familj\\\/#primaryimage\"},\"thumbnailUrl\":\"https:\\\/\\\/shrimataji.org\\\/test\\\/wp-content\\\/uploads\\\/2023\\\/03\\\/6_Banner-Family-scaled.jpg\",\"datePublished\":\"2018-07-10T06:54:42+00:00\",\"dateModified\":\"2026-01-06T13:29:38+00:00\",\"breadcrumb\":{\"@id\":\"https:\\\/\\\/shrimataji.org\\\/test\\\/sv\\\/familj\\\/#breadcrumb\"},\"inLanguage\":\"en-US\",\"potentialAction\":[{\"@type\":\"ReadAction\",\"target\":[\"https:\\\/\\\/shrimataji.org\\\/test\\\/sv\\\/familj\\\/\"]}]},{\"@type\":\"ImageObject\",\"inLanguage\":\"en-US\",\"@id\":\"https:\\\/\\\/shrimataji.org\\\/test\\\/sv\\\/familj\\\/#primaryimage\",\"url\":\"https:\\\/\\\/shrimataji.org\\\/test\\\/wp-content\\\/uploads\\\/2023\\\/03\\\/6_Banner-Family-scaled.jpg\",\"contentUrl\":\"https:\\\/\\\/shrimataji.org\\\/test\\\/wp-content\\\/uploads\\\/2023\\\/03\\\/6_Banner-Family-scaled.jpg\",\"width\":2560,\"height\":905},{\"@type\":\"BreadcrumbList\",\"@id\":\"https:\\\/\\\/shrimataji.org\\\/test\\\/sv\\\/familj\\\/#breadcrumb\",\"itemListElement\":[{\"@type\":\"ListItem\",\"position\":1,\"name\":\"Home\",\"item\":\"https:\\\/\\\/shrimataji.org\\\/test\\\/uk\\\/home-en\\\/\"},{\"@type\":\"ListItem\",\"position\":2,\"name\":\"Familj\"}]},{\"@type\":\"WebSite\",\"@id\":\"https:\\\/\\\/shrimataji.org\\\/test\\\/#website\",\"url\":\"https:\\\/\\\/shrimataji.org\\\/test\\\/\",\"name\":\"Shri Mataji Nirmala Devi\",\"description\":\"A Life Dedicated to Humanity\",\"publisher\":{\"@id\":\"https:\\\/\\\/shrimataji.org\\\/test\\\/#\\\/schema\\\/person\\\/a1b3419c6585f164aa96da1ff85715d1\"},\"potentialAction\":[{\"@type\":\"SearchAction\",\"target\":{\"@type\":\"EntryPoint\",\"urlTemplate\":\"https:\\\/\\\/shrimataji.org\\\/test\\\/?s={search_term_string}\"},\"query-input\":{\"@type\":\"PropertyValueSpecification\",\"valueRequired\":true,\"valueName\":\"search_term_string\"}}],\"inLanguage\":\"en-US\"},{\"@type\":[\"Person\",\"Organization\"],\"@id\":\"https:\\\/\\\/shrimataji.org\\\/test\\\/#\\\/schema\\\/person\\\/a1b3419c6585f164aa96da1ff85715d1\",\"name\":\"Nirmala Shrivastava\",\"image\":{\"@type\":\"ImageObject\",\"inLanguage\":\"en-US\",\"@id\":\"https:\\\/\\\/shrimataji.org\\\/test\\\/wp-content\\\/uploads\\\/2023\\\/02\\\/SMO_LOGO-03.svg\",\"url\":\"https:\\\/\\\/shrimataji.org\\\/test\\\/wp-content\\\/uploads\\\/2023\\\/02\\\/SMO_LOGO-03.svg\",\"contentUrl\":\"https:\\\/\\\/shrimataji.org\\\/test\\\/wp-content\\\/uploads\\\/2023\\\/02\\\/SMO_LOGO-03.svg\",\"width\":\"1024\",\"height\":\"1024\",\"caption\":\"Nirmala Shrivastava\"},\"logo\":{\"@id\":\"https:\\\/\\\/shrimataji.org\\\/test\\\/wp-content\\\/uploads\\\/2023\\\/02\\\/SMO_LOGO-03.svg\"},\"sameAs\":[\"https:\\\/\\\/shrimataji.org\\\/test\",\"https:\\\/\\\/www.facebook.com\\\/shrimataji\",\"https:\\\/\\\/x.com\\\/shrimataji\",\"https:\\\/\\\/www.youtube.com\\\/@Shri_Mataji_Nirmala_Devi\\\/featured\"]}]}<\/script>\n<!-- \/ Yoast SEO plugin. -->","yoast_head_json":{"title":"Familj - TEST - SMND","robots":{"index":"noindex","follow":"follow","max-snippet":"max-snippet:-1","max-image-preview":"max-image-preview:large","max-video-preview":"max-video-preview:-1"},"og_locale":"en_US","og_type":"article","og_title":"Familj - TEST - SMND","og_description":"Familj Att v\u00e4xa upp som upplyst Shri Mataji, f\u00f6dd Nirmala Salve, kom fr\u00e5n en framst\u00e5ende familj med r\u00f6tter i den kungliga Shalivahana-dynastin i Indien. Hennes fsl\u00e4kt har genom generationerna haft h\u00f6ga etiska v\u00e4rderingar. Shri Matajis f\u00f6rf\u00e4der valde att konvertera till kristendomen n\u00e4r de s\u00e5g hur illa hinduiska \u00e4nkor behandlades vid den tiden. Hennes bror H.P.&hellip; Read more","og_url":"https:\/\/shrimataji.org\/test\/sv\/familj\/","og_site_name":"TEST - SMND","article_publisher":"https:\/\/www.facebook.com\/shrimataji","article_modified_time":"2026-01-06T13:29:38+00:00","og_image":[{"width":2560,"height":905,"url":"https:\/\/shrimataji.org\/test\/wp-content\/uploads\/2023\/03\/6_Banner-Family-scaled.jpg","type":"image\/jpeg"}],"twitter_card":"summary_large_image","twitter_site":"@shrimataji","twitter_misc":{"Est. reading time":"2 minutes"},"schema":{"@context":"https:\/\/schema.org","@graph":[{"@type":"WebPage","@id":"https:\/\/shrimataji.org\/test\/sv\/familj\/","url":"https:\/\/shrimataji.org\/test\/sv\/familj\/","name":"Familj - TEST - SMND","isPartOf":{"@id":"https:\/\/shrimataji.org\/test\/#website"},"primaryImageOfPage":{"@id":"https:\/\/shrimataji.org\/test\/sv\/familj\/#primaryimage"},"image":{"@id":"https:\/\/shrimataji.org\/test\/sv\/familj\/#primaryimage"},"thumbnailUrl":"https:\/\/shrimataji.org\/test\/wp-content\/uploads\/2023\/03\/6_Banner-Family-scaled.jpg","datePublished":"2018-07-10T06:54:42+00:00","dateModified":"2026-01-06T13:29:38+00:00","breadcrumb":{"@id":"https:\/\/shrimataji.org\/test\/sv\/familj\/#breadcrumb"},"inLanguage":"en-US","potentialAction":[{"@type":"ReadAction","target":["https:\/\/shrimataji.org\/test\/sv\/familj\/"]}]},{"@type":"ImageObject","inLanguage":"en-US","@id":"https:\/\/shrimataji.org\/test\/sv\/familj\/#primaryimage","url":"https:\/\/shrimataji.org\/test\/wp-content\/uploads\/2023\/03\/6_Banner-Family-scaled.jpg","contentUrl":"https:\/\/shrimataji.org\/test\/wp-content\/uploads\/2023\/03\/6_Banner-Family-scaled.jpg","width":2560,"height":905},{"@type":"BreadcrumbList","@id":"https:\/\/shrimataji.org\/test\/sv\/familj\/#breadcrumb","itemListElement":[{"@type":"ListItem","position":1,"name":"Home","item":"https:\/\/shrimataji.org\/test\/uk\/home-en\/"},{"@type":"ListItem","position":2,"name":"Familj"}]},{"@type":"WebSite","@id":"https:\/\/shrimataji.org\/test\/#website","url":"https:\/\/shrimataji.org\/test\/","name":"Shri Mataji Nirmala Devi","description":"A Life Dedicated to Humanity","publisher":{"@id":"https:\/\/shrimataji.org\/test\/#\/schema\/person\/a1b3419c6585f164aa96da1ff85715d1"},"potentialAction":[{"@type":"SearchAction","target":{"@type":"EntryPoint","urlTemplate":"https:\/\/shrimataji.org\/test\/?s={search_term_string}"},"query-input":{"@type":"PropertyValueSpecification","valueRequired":true,"valueName":"search_term_string"}}],"inLanguage":"en-US"},{"@type":["Person","Organization"],"@id":"https:\/\/shrimataji.org\/test\/#\/schema\/person\/a1b3419c6585f164aa96da1ff85715d1","name":"Nirmala Shrivastava","image":{"@type":"ImageObject","inLanguage":"en-US","@id":"https:\/\/shrimataji.org\/test\/wp-content\/uploads\/2023\/02\/SMO_LOGO-03.svg","url":"https:\/\/shrimataji.org\/test\/wp-content\/uploads\/2023\/02\/SMO_LOGO-03.svg","contentUrl":"https:\/\/shrimataji.org\/test\/wp-content\/uploads\/2023\/02\/SMO_LOGO-03.svg","width":"1024","height":"1024","caption":"Nirmala Shrivastava"},"logo":{"@id":"https:\/\/shrimataji.org\/test\/wp-content\/uploads\/2023\/02\/SMO_LOGO-03.svg"},"sameAs":["https:\/\/shrimataji.org\/test","https:\/\/www.facebook.com\/shrimataji","https:\/\/x.com\/shrimataji","https:\/\/www.youtube.com\/@Shri_Mataji_Nirmala_Devi\/featured"]}]}},"lang":"sv","translations":{"sv":22986,"ur":37426,"en":408,"ta":22713,"fil":29432,"da":37740,"pl":37957,"nn":38292},"pll_sync_post":[],"_links":{"self":[{"href":"https:\/\/shrimataji.org\/test\/wp-json\/wp\/v2\/pages\/22986","targetHints":{"allow":["GET"]}}],"collection":[{"href":"https:\/\/shrimataji.org\/test\/wp-json\/wp\/v2\/pages"}],"about":[{"href":"https:\/\/shrimataji.org\/test\/wp-json\/wp\/v2\/types\/page"}],"author":[{"embeddable":true,"href":"https:\/\/shrimataji.org\/test\/wp-json\/wp\/v2\/users\/58"}],"replies":[{"embeddable":true,"href":"https:\/\/shrimataji.org\/test\/wp-json\/wp\/v2\/comments?post=22986"}],"version-history":[{"count":0,"href":"https:\/\/shrimataji.org\/test\/wp-json\/wp\/v2\/pages\/22986\/revisions"}],"wp:featuredmedia":[{"embeddable":true,"href":"https:\/\/shrimataji.org\/test\/wp-json\/wp\/v2\/media\/22988"}],"wp:attachment":[{"href":"https:\/\/shrimataji.org\/test\/wp-json\/wp\/v2\/media?parent=22986"}],"curies":[{"name":"wp","href":"https:\/\/api.w.org\/{rel}","templated":true}]}}