{"id":22996,"date":"2018-07-10T06:54:50","date_gmt":"2018-07-10T06:54:50","guid":{"rendered":"http:\/\/testwordpress.nirmalnagari.org\/smnd\/index.php\/glossary\/"},"modified":"2025-04-25T12:21:49","modified_gmt":"2025-04-25T12:21:49","slug":"ordlista","status":"publish","type":"page","link":"https:\/\/shrimataji.org\/test\/sv\/ordlista\/","title":{"rendered":"Ordlista"},"content":{"rendered":"\n\n\t<h1>Ordlista<\/h1>\n\t<p><a href=\"#Dharma\">Dharma<\/a><\/p>\n<p><a href=\"#Kundalini\">Kundalini<\/a><\/p>\n<p><a href=\"#SahajaYoga\"> Sahaja Yoga<\/a><\/p>\n<p><a href=\"#SahajaYogaMeditation\">Sahaja Yoga Meditation<\/a><\/p>\n<p><a href=\"#Sahasrara\">Sahasrara<\/a><\/p>\n<p><a href=\"#Self\">Jaget<\/a><\/p>\n<p><a href=\"#Self-Realization\"> Sj\u00e4lvupplysning<\/a><\/p>\n<p><a href=\"#Spirit\">Anden<\/a><\/p>\n<p><a href=\"#SubtleSystem\"> Subtila Systemet<\/a><\/p>\n<p><a href=\"#ThoughtlessAwareness\"> Tankefri Medvetenhet<\/a><\/p>\n<p><a href=\"#Vibrations\">Vibrationer<\/a><\/p>\n<p><a href=\"#Yoga\">Yoga<\/a><\/p>\n\t<p><strong>Dharma<\/strong><\/p>\n<p>R\u00e4tt uppf\u00f6randekod eller r\u00e4ttf\u00e4rdighet som den uppr\u00e4tth\u00e5llande och balanserande faktorn f\u00f6r ekologi och evolution.<\/p>\n<p><a name=\"Kundalini\"><\/a><\/p>\n<p><strong>Kundalini<\/strong><\/p>\n<p>En latent energi som ligger ihoprullad vid basen av ryggraden. N\u00e4r den v\u00e4cks passerar denna n\u00e4rande energi upp\u00e5t genom kroppens nervplexus och kommer ut fr\u00e5n toppen av huvudet vid fontanellen. Man kan k\u00e4nna denna energi som en sval bris ovanf\u00f6r huvudet och \u00e4ven i handflatorna.<\/p>\n<p><a name=\"SahajaYoga\"><\/a><\/p>\n<p><strong>Sahaja Yoga<\/strong><\/p>\n<p>Sahaja betyder &#8220;medf\u00f6dd&#8221; &#8211; saha \u00e4r &#8220;med&#8221; och ja \u00e4r &#8220;f\u00f6dd&#8221;. Shri Mataji f\u00f6rklarar det s\u00e5h\u00e4r: &#8220;Sahaja betyder ocks\u00e5 &#8220;spontan&#8221;, eftersom det \u00e4r \u00e4r den levande kraften som g\u00f6r allt jobbet. Det finns en levande kraft inom oss som har gjort oss fr\u00e5n am\u00f6bor till m\u00e4nniskor. Och nu finns det en annan kvarvarande kraft som ger oss kontakt med det Gudomliga. Det h\u00e4r \u00e4r den verkliga inneb\u00f6rden av ordet &#8220;Yoga&#8221;. Och alla m\u00e4nniskor har r\u00e4tt att f\u00f6renas med denna allomfattande kraft. S\u00e5 detta \u00e4r det senaste genombrottet i v\u00e5r evolution.&#8221;<\/p>\n<p><a name=\"SahajaYogaMeditation\"><\/a><\/p>\n<p><strong>Sahaja Yoga Meditation<\/strong><\/p>\n<p>En teknik som uppr\u00e4tth\u00e5ller upplevelsen av sj\u00e4lvupplysning (uppvaknandet av Kundalini). Genom Sahaja Yoga-meditation kan man komma i kontakt med sitt sanna jag och \u00e4ven n\u00e5 ett tillst\u00e5nd utan tankar &#8211; b\u00e5da dessa \u00e4r f\u00f6rverkligandet av &#8220;Yoga&#8221; eller &#8220;F\u00f6rening&#8221;. Med regelbunden tr\u00e4ning kan man etablera detta tillst\u00e5nd utan tankar och uppn\u00e5 andlig utveckling.<\/p>\n<p><a name=\"Sahasrara\"><\/a><\/p>\n<p><strong>Sahasrara<\/strong><\/p>\n<p>Det sjunde energicentret ligger p\u00e5 fontanellen, mitt p\u00e5 huvudet. Det \u00e4r n\u00e4r Kundalini-energin passerar denna punkt som vi uppn\u00e5r tillst\u00e5ndet av medvetenhet utan tankar.<\/p>\n<p><a name=\"Self\"><\/a><\/p>\n<p><strong>Jaget<\/strong><\/p>\n<p>I den andliga traditionen s\u00e4gs det att det finns en kraft inom oss som ger oss v\u00e5r sj\u00e4lvupplysning, som tar oss till v\u00e5rt sanna Jag. Shri Mataji f\u00f6rklarar att sanningen \u00e4r att vi \u00e4r inte den h\u00e4r kroppen, vi \u00e4r inte v\u00e5ra tankar, vi \u00e4r inte v\u00e5rt ego, vi \u00e4r ingenting av detta. V\u00e5r sanna identitet \u00e4r den rena anden som finns inom oss alla. Det \u00e4r anden som str\u00e5lar och som ger oss salighet. Det \u00e4r det sanna jaget som ger oss alla sina v\u00e4lsingnelser av ren k\u00e4rlek, trygghet och hj\u00e4lp som varje person f\u00f6rtj\u00e4nar.<\/p>\n<p><a name=\"Self-Realization\"><\/a><\/p>\n<p><strong>Sj\u00e4lvupplysning<\/strong><\/p>\n<p>F\u00f6reningen av v\u00e5rt individuella medvetande med den rena och den direkta medvetenheten om Jagets och det Gudomligas natur. Det \u00e4r inte det slutgiltiga m\u00e5let f\u00f6r v\u00e5r andliga evolution, utan snarare den sanna b\u00f6rjan. Sj\u00e4lvupplysning \u00f6ppnar v\u00e4gen f\u00f6r utveckling genom att eliminera all identifiering med falskhet och l\u00e5ter Kundalini fl\u00f6da fritt s\u00e5 vi kan etablera en sann anknytning med den Gudomliga kraften och p\u00e5 s\u00e5 s\u00e4tt v\u00e4cka upp alla medf\u00f6dda sj\u00e4lvkorrigerande krafter inom oss.<\/p>\n<p><a name=\"Spirit\"><\/a><\/p>\n<p><b>Anden<\/b><\/p>\n<p>Reflektionen av det Gudomliga inom oss alla, det sanna, rena Jaget. Efter sj\u00e4lvupplysningen kan Anden uppfattas och k\u00e4nnas i v\u00e5r uppm\u00e4rksamhet.<\/p>\n<p><a name=\"SubtleSystem\"><\/a><\/p>\n<p><strong>Subtila systemet<\/strong><\/p>\n<p>Det subtila systemet \u00e4r ett n\u00e4tverk av energicenter och kanaler som v\u00e5r inre energi fl\u00f6dar genom. Meditation med Sahaja Yoga hj\u00e4lper dig att l\u00e4ra k\u00e4nna, f\u00f6rst\u00e5 och i slut\u00e4ndan anv\u00e4nda det subtila systemet f\u00f6r att f\u00f6rb\u00e4ttra h\u00e4lsa, balans och v\u00e4lbefinnande. Denna process startas genom att v\u00e4cka din inre energi, som kallas Kundalini.<\/p>\n<p><a name=\"ThoughtlessAwareness\"><\/a><\/p>\n<p><strong>Tankefri medvetenhet<\/strong><\/p>\n<p>Ett tillst\u00e5nd av \u00f6kad medvetenhet n\u00e4r sinnet \u00e4r avslappnat men \u00e4nd\u00e5 alert. O\u00f6nskad mental aktivitet upph\u00f6r, vilket g\u00f6r att uppm\u00e4rksamheten kan fokusera p\u00e5 nuet. Stress och tr\u00f6tthet kommer ofta fr\u00e5n att vi t\u00e4nker p\u00e5 det f\u00f6rflutna eller p\u00e5 framtiden. N\u00e4r tankarna tystnar utl\u00f6ses den naturliga helande kraften som finns i v\u00e5rt nervsystem, vilket \u00e5terst\u00e4ller energi, balans och h\u00e4lsa.<\/p>\n<p><a name=\"Vibrations\"><\/a><\/p>\n<p><strong>Vibrationer<\/strong><\/p>\nAlla levande varelser \u00e4r en kombination av partiklar och v\u00e5gor som avger n\u00e5gon form av vibrationer, vare sig de \u00e4r positiva eller negativa. Positiva vibrationer \u00e4r v\u00e4lvilliga och n\u00e4rande. Efter sj\u00e4lvupplysningen kan vi k\u00e4nna de positiva vibratinoerna i v\u00e5rt centrala nervsystem som en sval bris i handflatorna och ovanf\u00f6r fontanellen. &#8220;Vibrationer \u00e4r ingenting annat \u00e4n Gudomlig k\u00e4rlek&#8221; Shri Mataji.<br \/>\n<a name=\"Yoga\"><\/a>\n<p><strong>Yoga<\/strong><\/p>\n<p>Tv\u00e4rtemot vad m\u00e5nga tror s\u00e5 avser inte begreppet Yoga en serie \u00f6vningar eller st\u00e4llningar, utan betyder i sj\u00e4lva verket &#8220;f\u00f6rening&#8221;. En tidig referens till yoga finns i Patanjalis Yoga Sutras, en sammanst\u00e4llning av aforismer fr\u00e5n 200-talet f.Kr. i Indien.<\/p>\n\n","protected":false},"excerpt":{"rendered":"<p>Ordlista Dharma Kundalini Sahaja Yoga Sahaja Yoga Meditation Sahasrara Jaget Sj\u00e4lvupplysning Anden Subtila Systemet Tankefri Medvetenhet Vibrationer Yoga Dharma R\u00e4tt uppf\u00f6randekod eller r\u00e4ttf\u00e4rdighet som den uppr\u00e4tth\u00e5llande och balanserande faktorn f\u00f6r ekologi och evolution. Kundalini En latent energi som ligger ihoprullad vid basen av ryggraden. N\u00e4r den v\u00e4cks passerar denna n\u00e4rande energi upp\u00e5t genom kroppens nervplexus&hellip; <br \/> <a class=\"read-more\" href=\"https:\/\/shrimataji.org\/test\/sv\/ordlista\/\">Read more<\/a><\/p>\n","protected":false},"author":58,"featured_media":22993,"parent":0,"menu_order":0,"comment_status":"closed","ping_status":"closed","template":"","meta":{"inline_featured_image":false,"footnotes":""},"class_list":["post-22996","page","type-page","status-publish","has-post-thumbnail","hentry"],"yoast_head":"<!-- This site is optimized with the Yoast SEO plugin v27.4 - https:\/\/yoast.com\/product\/yoast-seo-wordpress\/ -->\n<title>Ordlista - TEST - SMND<\/title>\n<meta name=\"robots\" content=\"noindex, follow, max-snippet:-1, max-image-preview:large, max-video-preview:-1\" \/>\n<meta property=\"og:locale\" content=\"en_US\" \/>\n<meta property=\"og:type\" content=\"article\" \/>\n<meta property=\"og:title\" content=\"Ordlista - TEST - SMND\" \/>\n<meta property=\"og:description\" content=\"Ordlista Dharma Kundalini Sahaja Yoga Sahaja Yoga Meditation Sahasrara Jaget Sj\u00e4lvupplysning Anden Subtila Systemet Tankefri Medvetenhet Vibrationer Yoga Dharma R\u00e4tt uppf\u00f6randekod eller r\u00e4ttf\u00e4rdighet som den uppr\u00e4tth\u00e5llande och balanserande faktorn f\u00f6r ekologi och evolution. Kundalini En latent energi som ligger ihoprullad vid basen av ryggraden. N\u00e4r den v\u00e4cks passerar denna n\u00e4rande energi upp\u00e5t genom kroppens nervplexus&hellip; Read more\" \/>\n<meta property=\"og:url\" content=\"https:\/\/shrimataji.org\/test\/sv\/ordlista\/\" \/>\n<meta property=\"og:site_name\" content=\"TEST - SMND\" \/>\n<meta property=\"article:publisher\" content=\"https:\/\/www.facebook.com\/shrimataji\" \/>\n<meta property=\"article:modified_time\" content=\"2025-04-25T12:21:49+00:00\" \/>\n<meta property=\"og:image\" content=\"https:\/\/shrimataji.org\/test\/wp-content\/uploads\/2023\/03\/Banner-Footer-Castle-1-scaled.jpg\" \/>\n\t<meta property=\"og:image:width\" content=\"2560\" \/>\n\t<meta property=\"og:image:height\" content=\"905\" \/>\n\t<meta property=\"og:image:type\" content=\"image\/jpeg\" \/>\n<meta name=\"twitter:card\" content=\"summary_large_image\" \/>\n<meta name=\"twitter:site\" content=\"@shrimataji\" \/>\n<script type=\"application\/ld+json\" class=\"yoast-schema-graph\">{\"@context\":\"https:\\\/\\\/schema.org\",\"@graph\":[{\"@type\":\"WebPage\",\"@id\":\"https:\\\/\\\/shrimataji.org\\\/test\\\/sv\\\/ordlista\\\/\",\"url\":\"https:\\\/\\\/shrimataji.org\\\/test\\\/sv\\\/ordlista\\\/\",\"name\":\"Ordlista - TEST - SMND\",\"isPartOf\":{\"@id\":\"https:\\\/\\\/shrimataji.org\\\/test\\\/#website\"},\"primaryImageOfPage\":{\"@id\":\"https:\\\/\\\/shrimataji.org\\\/test\\\/sv\\\/ordlista\\\/#primaryimage\"},\"image\":{\"@id\":\"https:\\\/\\\/shrimataji.org\\\/test\\\/sv\\\/ordlista\\\/#primaryimage\"},\"thumbnailUrl\":\"https:\\\/\\\/shrimataji.org\\\/test\\\/wp-content\\\/uploads\\\/2023\\\/03\\\/Banner-Footer-Castle-1-scaled.jpg\",\"datePublished\":\"2018-07-10T06:54:50+00:00\",\"dateModified\":\"2025-04-25T12:21:49+00:00\",\"breadcrumb\":{\"@id\":\"https:\\\/\\\/shrimataji.org\\\/test\\\/sv\\\/ordlista\\\/#breadcrumb\"},\"inLanguage\":\"en-US\",\"potentialAction\":[{\"@type\":\"ReadAction\",\"target\":[\"https:\\\/\\\/shrimataji.org\\\/test\\\/sv\\\/ordlista\\\/\"]}]},{\"@type\":\"ImageObject\",\"inLanguage\":\"en-US\",\"@id\":\"https:\\\/\\\/shrimataji.org\\\/test\\\/sv\\\/ordlista\\\/#primaryimage\",\"url\":\"https:\\\/\\\/shrimataji.org\\\/test\\\/wp-content\\\/uploads\\\/2023\\\/03\\\/Banner-Footer-Castle-1-scaled.jpg\",\"contentUrl\":\"https:\\\/\\\/shrimataji.org\\\/test\\\/wp-content\\\/uploads\\\/2023\\\/03\\\/Banner-Footer-Castle-1-scaled.jpg\",\"width\":2560,\"height\":905},{\"@type\":\"BreadcrumbList\",\"@id\":\"https:\\\/\\\/shrimataji.org\\\/test\\\/sv\\\/ordlista\\\/#breadcrumb\",\"itemListElement\":[{\"@type\":\"ListItem\",\"position\":1,\"name\":\"Home\",\"item\":\"https:\\\/\\\/shrimataji.org\\\/test\\\/uk\\\/home-en\\\/\"},{\"@type\":\"ListItem\",\"position\":2,\"name\":\"Ordlista\"}]},{\"@type\":\"WebSite\",\"@id\":\"https:\\\/\\\/shrimataji.org\\\/test\\\/#website\",\"url\":\"https:\\\/\\\/shrimataji.org\\\/test\\\/\",\"name\":\"Shri Mataji Nirmala Devi\",\"description\":\"A Life Dedicated to Humanity\",\"publisher\":{\"@id\":\"https:\\\/\\\/shrimataji.org\\\/test\\\/#\\\/schema\\\/person\\\/a1b3419c6585f164aa96da1ff85715d1\"},\"potentialAction\":[{\"@type\":\"SearchAction\",\"target\":{\"@type\":\"EntryPoint\",\"urlTemplate\":\"https:\\\/\\\/shrimataji.org\\\/test\\\/?s={search_term_string}\"},\"query-input\":{\"@type\":\"PropertyValueSpecification\",\"valueRequired\":true,\"valueName\":\"search_term_string\"}}],\"inLanguage\":\"en-US\"},{\"@type\":[\"Person\",\"Organization\"],\"@id\":\"https:\\\/\\\/shrimataji.org\\\/test\\\/#\\\/schema\\\/person\\\/a1b3419c6585f164aa96da1ff85715d1\",\"name\":\"Nirmala Shrivastava\",\"image\":{\"@type\":\"ImageObject\",\"inLanguage\":\"en-US\",\"@id\":\"https:\\\/\\\/shrimataji.org\\\/test\\\/wp-content\\\/uploads\\\/2023\\\/02\\\/SMO_LOGO-03.svg\",\"url\":\"https:\\\/\\\/shrimataji.org\\\/test\\\/wp-content\\\/uploads\\\/2023\\\/02\\\/SMO_LOGO-03.svg\",\"contentUrl\":\"https:\\\/\\\/shrimataji.org\\\/test\\\/wp-content\\\/uploads\\\/2023\\\/02\\\/SMO_LOGO-03.svg\",\"width\":\"1024\",\"height\":\"1024\",\"caption\":\"Nirmala Shrivastava\"},\"logo\":{\"@id\":\"https:\\\/\\\/shrimataji.org\\\/test\\\/wp-content\\\/uploads\\\/2023\\\/02\\\/SMO_LOGO-03.svg\"},\"sameAs\":[\"https:\\\/\\\/shrimataji.org\\\/test\",\"https:\\\/\\\/www.facebook.com\\\/shrimataji\",\"https:\\\/\\\/x.com\\\/shrimataji\",\"https:\\\/\\\/www.youtube.com\\\/@Shri_Mataji_Nirmala_Devi\\\/featured\"]}]}<\/script>\n<!-- \/ Yoast SEO plugin. -->","yoast_head_json":{"title":"Ordlista - TEST - SMND","robots":{"index":"noindex","follow":"follow","max-snippet":"max-snippet:-1","max-image-preview":"max-image-preview:large","max-video-preview":"max-video-preview:-1"},"og_locale":"en_US","og_type":"article","og_title":"Ordlista - TEST - SMND","og_description":"Ordlista Dharma Kundalini Sahaja Yoga Sahaja Yoga Meditation Sahasrara Jaget Sj\u00e4lvupplysning Anden Subtila Systemet Tankefri Medvetenhet Vibrationer Yoga Dharma R\u00e4tt uppf\u00f6randekod eller r\u00e4ttf\u00e4rdighet som den uppr\u00e4tth\u00e5llande och balanserande faktorn f\u00f6r ekologi och evolution. Kundalini En latent energi som ligger ihoprullad vid basen av ryggraden. N\u00e4r den v\u00e4cks passerar denna n\u00e4rande energi upp\u00e5t genom kroppens nervplexus&hellip; Read more","og_url":"https:\/\/shrimataji.org\/test\/sv\/ordlista\/","og_site_name":"TEST - SMND","article_publisher":"https:\/\/www.facebook.com\/shrimataji","article_modified_time":"2025-04-25T12:21:49+00:00","og_image":[{"width":2560,"height":905,"url":"https:\/\/shrimataji.org\/test\/wp-content\/uploads\/2023\/03\/Banner-Footer-Castle-1-scaled.jpg","type":"image\/jpeg"}],"twitter_card":"summary_large_image","twitter_site":"@shrimataji","schema":{"@context":"https:\/\/schema.org","@graph":[{"@type":"WebPage","@id":"https:\/\/shrimataji.org\/test\/sv\/ordlista\/","url":"https:\/\/shrimataji.org\/test\/sv\/ordlista\/","name":"Ordlista - TEST - SMND","isPartOf":{"@id":"https:\/\/shrimataji.org\/test\/#website"},"primaryImageOfPage":{"@id":"https:\/\/shrimataji.org\/test\/sv\/ordlista\/#primaryimage"},"image":{"@id":"https:\/\/shrimataji.org\/test\/sv\/ordlista\/#primaryimage"},"thumbnailUrl":"https:\/\/shrimataji.org\/test\/wp-content\/uploads\/2023\/03\/Banner-Footer-Castle-1-scaled.jpg","datePublished":"2018-07-10T06:54:50+00:00","dateModified":"2025-04-25T12:21:49+00:00","breadcrumb":{"@id":"https:\/\/shrimataji.org\/test\/sv\/ordlista\/#breadcrumb"},"inLanguage":"en-US","potentialAction":[{"@type":"ReadAction","target":["https:\/\/shrimataji.org\/test\/sv\/ordlista\/"]}]},{"@type":"ImageObject","inLanguage":"en-US","@id":"https:\/\/shrimataji.org\/test\/sv\/ordlista\/#primaryimage","url":"https:\/\/shrimataji.org\/test\/wp-content\/uploads\/2023\/03\/Banner-Footer-Castle-1-scaled.jpg","contentUrl":"https:\/\/shrimataji.org\/test\/wp-content\/uploads\/2023\/03\/Banner-Footer-Castle-1-scaled.jpg","width":2560,"height":905},{"@type":"BreadcrumbList","@id":"https:\/\/shrimataji.org\/test\/sv\/ordlista\/#breadcrumb","itemListElement":[{"@type":"ListItem","position":1,"name":"Home","item":"https:\/\/shrimataji.org\/test\/uk\/home-en\/"},{"@type":"ListItem","position":2,"name":"Ordlista"}]},{"@type":"WebSite","@id":"https:\/\/shrimataji.org\/test\/#website","url":"https:\/\/shrimataji.org\/test\/","name":"Shri Mataji Nirmala Devi","description":"A Life Dedicated to Humanity","publisher":{"@id":"https:\/\/shrimataji.org\/test\/#\/schema\/person\/a1b3419c6585f164aa96da1ff85715d1"},"potentialAction":[{"@type":"SearchAction","target":{"@type":"EntryPoint","urlTemplate":"https:\/\/shrimataji.org\/test\/?s={search_term_string}"},"query-input":{"@type":"PropertyValueSpecification","valueRequired":true,"valueName":"search_term_string"}}],"inLanguage":"en-US"},{"@type":["Person","Organization"],"@id":"https:\/\/shrimataji.org\/test\/#\/schema\/person\/a1b3419c6585f164aa96da1ff85715d1","name":"Nirmala Shrivastava","image":{"@type":"ImageObject","inLanguage":"en-US","@id":"https:\/\/shrimataji.org\/test\/wp-content\/uploads\/2023\/02\/SMO_LOGO-03.svg","url":"https:\/\/shrimataji.org\/test\/wp-content\/uploads\/2023\/02\/SMO_LOGO-03.svg","contentUrl":"https:\/\/shrimataji.org\/test\/wp-content\/uploads\/2023\/02\/SMO_LOGO-03.svg","width":"1024","height":"1024","caption":"Nirmala Shrivastava"},"logo":{"@id":"https:\/\/shrimataji.org\/test\/wp-content\/uploads\/2023\/02\/SMO_LOGO-03.svg"},"sameAs":["https:\/\/shrimataji.org\/test","https:\/\/www.facebook.com\/shrimataji","https:\/\/x.com\/shrimataji","https:\/\/www.youtube.com\/@Shri_Mataji_Nirmala_Devi\/featured"]}]}},"lang":"sv","translations":{"sv":22996,"ur":38951,"en":448,"am":18007,"th":19953,"hu":19483,"sq":18408,"zh":17305,"tr":10164,"pt":10376,"de":10650,"fr":10748,"it":10846,"es":10943,"ja":11240,"ru":11428,"bn":11620,"te":11728,"sw":11851,"he":11999,"el":12290,"sk":12388,"fa":12486,"fi":12584,"bg":13451,"ro":14525,"cs":14718,"nl":16568,"ku":16728,"ar":16904,"be":18615,"kn":18889,"mr":20317,"uk":20609,"ml":20905,"ta":22723,"gu":28842,"pa":29000,"fil":29442,"da":38947,"nn":38949,"pl":39854},"pll_sync_post":[],"_links":{"self":[{"href":"https:\/\/shrimataji.org\/test\/wp-json\/wp\/v2\/pages\/22996","targetHints":{"allow":["GET"]}}],"collection":[{"href":"https:\/\/shrimataji.org\/test\/wp-json\/wp\/v2\/pages"}],"about":[{"href":"https:\/\/shrimataji.org\/test\/wp-json\/wp\/v2\/types\/page"}],"author":[{"embeddable":true,"href":"https:\/\/shrimataji.org\/test\/wp-json\/wp\/v2\/users\/58"}],"replies":[{"embeddable":true,"href":"https:\/\/shrimataji.org\/test\/wp-json\/wp\/v2\/comments?post=22996"}],"version-history":[{"count":0,"href":"https:\/\/shrimataji.org\/test\/wp-json\/wp\/v2\/pages\/22996\/revisions"}],"wp:featuredmedia":[{"embeddable":true,"href":"https:\/\/shrimataji.org\/test\/wp-json\/wp\/v2\/media\/22993"}],"wp:attachment":[{"href":"https:\/\/shrimataji.org\/test\/wp-json\/wp\/v2\/media?parent=22996"}],"curies":[{"name":"wp","href":"https:\/\/api.w.org\/{rel}","templated":true}]}}