{"id":22997,"date":"2018-07-10T06:54:42","date_gmt":"2018-07-10T06:54:42","guid":{"rendered":"http:\/\/testwordpress.nirmalnagari.org\/smnd\/index.php\/holistic-health\/"},"modified":"2026-01-06T18:58:11","modified_gmt":"2026-01-06T18:58:11","slug":"holistisk-halsa","status":"publish","type":"page","link":"https:\/\/shrimataji.org\/test\/sv\/holistisk-halsa\/","title":{"rendered":"Holistisk h\u00e4lsa"},"content":{"rendered":"\n\n\t<h1>Holistisk h\u00e4lsa<\/h1>\n<h2>Den subtila vetenskapen om inre helande<\/h2>\n\t<h4>\u00c4ven om den \u00e4r f\u00f6rdelaktig p\u00e5 m\u00e5nga s\u00e4tt s\u00e5 misslyckas ofta vanlig v\u00e4sterl\u00e4ndsk medicin med djupg\u00e5ende och l\u00e5ngvarig behandling av psykosomatiska och psykiatriska problem eftersom den behandlar symtom snarare \u00e4n orsaker och behandlar varje symtom separat snarare \u00e4n i sammanhanget av hela v\u00e5r organism.<\/h4>\n\t<p>Shri Mataji studerade medicin i flera \u00e5r tills politiska h\u00e4ndelser efter uppdelningen av Indien tvingade henne att \u00f6verge det. Hon kommer fr\u00e5n en holistisk tradition som erk\u00e4nde sambandet mellan andlighet och h\u00e4lsa, hon \u00e4gnade tid \u00e5t meditation och att observera meditationens inverkan p\u00e5 sinnet och kroppen.<\/p>\n\t<p>I denna process \u00e5teruppt\u00e4ckte hon inte bara ett subtilt energisystem av kanaler och nervplexus som styr m\u00e4nniskokroppen, utan ins\u00e5g ocks\u00e5 vad som \u00e4r nyckeln till detta system: en n\u00e4rande, feminin energi som i de ur\u00e5ldriga indiska skrifterna kallas Kundalini. Shri Mataji studerade det m\u00e4nskliga beteendet och dess effekter p\u00e5 denna energi och det subtila systemet. Hon s\u00e5g hur ett obalanserat beteende kunde leda till fysiska, mentala eller k\u00e4nslom\u00e4ssiga extremer, vilket resulterade i oh\u00e4lsa.<\/p>\n<p>Shri Mataji betonade att \u00e4ven om Sahaja Yoga kan bota oss m\u00e4nniskor s\u00e5 \u00e4r syftet inte i f\u00f6rsta hand att bota utan att v\u00e4cka denna energi och medvetenhet hos oss m\u00e4nniskor genom sj\u00e4lvupplysning.<\/p>\n\t<div class=\"su-quote su-quote-style-default\"><div class=\"su-quote-inner su-u-clearfix su-u-trim\">&#8230;Denna Kundalini, n\u00e4r hon passerar genom dessa sex centra s\u00e5 upplyser hon dem och ger n\u00e4ring \u00e5t dessa centra och integrerar dem &#8211; s\u00e5 att hela du blir okej. Det \u00e4r inte som att en del av kroppen behandlas och en annan del f\u00f6rsummas &#8211; utan helheten, i hela balansen. Och hon s\u00e4tter dig i mitten, helt i balans.<\/div><\/div>\n\t\t<iframe loading=\"lazy\" title=\"Holistic Health\" width=\"1920\" height=\"1080\" src=\"https:\/\/www.youtube.com\/embed\/7g9itxwuKiU?feature=oembed\" frameborder=\"0\" allow=\"accelerometer; autoplay; clipboard-write; encrypted-media; gyroscope; picture-in-picture; web-share\" allowfullscreen><\/iframe>\t\n\t<p>P\u00e5 sina konferenser presenterade Shri Mataji detta inre energisystem som en hypotes och uppmanade allm\u00e4nheten att inte bara blint acceptera det utan testa det med ett \u00f6ppet sinne. Ett v\u00e4xande antal l\u00e4kare och forskare som ut\u00f6var Sahaja Yoga och upplevt viktiga f\u00f6rb\u00e4ttringar i sitt personliga h\u00e4lsotillst\u00e5nd har som ett resultat av detta genomf\u00f6rt studier i olika l\u00e4nder och vetenskapliga sammanhang, alla publicerade i vetenskapligt granskade medicinska tidskrifter.<\/p>\n\t<p>Dr. Ramesh Manocha, en australiensisk allm\u00e4nl\u00e4kare och forskare vid enheten f\u00f6r naturterapi vid Royal Hospital for Women i Sydney, har <a href=\"https:\/\/researchingmeditation.org\/meditation-research-summary\/\" target=\"_blank\" rel=\"noopener\">rapporterat \u00f6vertygande resultat om effekterna av Sahaja Yoga-meditation<\/a> vid behandling och f\u00f6rebyggande av problem som h\u00f6gt blodtryck, menopausrelaterade st\u00f6rningar<a name=\"citation-ref-1\" href=\"#citation-note-1\"><sup>[1]<\/sup><\/a>, stressrelaterade symtom<a name=\"citation-ref-2\" href=\"#citation-note-2\"><sup>[2]<\/sup><\/a>, ADHD<a name=\"citation-ref-3\" href=\"#citation-note-3\"><sup>[3]<\/sup><\/a> och astma<a name=\"citation-ref-4\" href=\"#citation-note-4\"><sup>[4]<\/sup><\/a>. Den mentala tystnaden som etablerades under Sahaja Yoga-meditation \u00e4r enligt Dr. Manocha &#8220;associerad med ett unikt m\u00f6nster av fysiologisk aktivitet.&#8221;<\/p>\n<p>Han specificerar att bland ett flertal meditations- och avslappningstekniker s\u00e5 var det bara Sahaja Yoga-meditation som visade sig ge resultat n\u00e4r det g\u00e4ller terapeutiska effekter.<\/p>\n\t<div class=\"epyt-video-wrapper\"><div  data-ep-a=\"fadeIn\"  style=\"display: block; margin: 0px auto;\"  id=\"_ytid_87883\"  width=\"3840\" height=\"2160\"  data-origwidth=\"3840\" data-origheight=\"2160\" data-facadesrc=\"https:\/\/www.youtube.com\/embed\/itvKZ5WxrFs?enablejsapi=1&autoplay=0&cc_load_policy=0&cc_lang_pref=&iv_load_policy=1&loop=0&rel=0&fs=1&playsinline=1&autohide=2&theme=dark&color=red&controls=1&disablekb=0&\" class=\"__youtube_prefs__ epyt-facade  no-lazyload\" data-epautoplay=\"1\" ><img decoding=\"async\" data-spai-excluded=\"true\" class=\"epyt-facade-poster skip-lazy\" loading=\"lazy\"  alt=\"YouTube player\"  src=\"https:\/\/i.ytimg.com\/vi\/itvKZ5WxrFs\/maxresdefault.jpg\"  \/><button class=\"epyt-facade-play\" aria-label=\"Play\"><svg data-no-lazy=\"1\" height=\"100%\" version=\"1.1\" viewBox=\"0 0 68 48\" width=\"100%\"><path class=\"ytp-large-play-button-bg\" d=\"M66.52,7.74c-0.78-2.93-2.49-5.41-5.42-6.19C55.79,.13,34,0,34,0S12.21,.13,6.9,1.55 C3.97,2.33,2.27,4.81,1.48,7.74C0.06,13.05,0,24,0,24s0.06,10.95,1.48,16.26c0.78,2.93,2.49,5.41,5.42,6.19 C12.21,47.87,34,48,34,48s21.79-0.13,27.1-1.55c2.93-0.78,4.64-3.26,5.42-6.19C67.94,34.95,68,24,68,24S67.94,13.05,66.52,7.74z\" fill=\"#f00\"><\/path><path d=\"M 45,24 27,14 27,34\" fill=\"#fff\"><\/path><\/svg><\/button><\/div><\/div><span itemprop=\"video\" itemscope itemtype=\"http:\/\/schema.org\/VideoObject\"><meta itemprop=\"embedUrl\" content=\"https:\/\/www.youtube.com\/embed\/itvKZ5WxrFs\"><meta itemprop=\"name\" content=\"Meditation Study Finds Improvement\"><meta itemprop=\"description\" content=\"In an Australian television news report, a quality-of-life study finds that short periods of daily meditation can significantly improve a person&#039;s mental health. Meditation appears to give people a protective effect. Those who have been meditating for two years are more than ten percent better off than non-meditators. Those who do not drink or smoke had even better mental health. More videos at: http:\/\/ShriMataji.org ~ A Life Dedicated to Humanity ~\"><meta itemprop=\"thumbnailUrl\" content=\"https:\/\/i.ytimg.com\/vi\/itvKZ5WxrFs\/0.jpg\"><meta itemprop=\"duration\" content=\"PT1M43S\"><meta itemprop=\"uploadDate\" content=\"2020-07-20T00:07:33Z\"><\/span>\n\t<p>1996 grundade Shri Mataji The International Sahaja Yoga Research and Health Center i Belapur, i n\u00e4rheten av Mumbai, Indien. Kliniken forts\u00e4tter att hj\u00e4lpa b\u00e5de lokala och internationella patienter som f\u00e5r sin diagnos och behandling med Sahaja Yoga-tekniker som till\u00e4gg till traditionell ayurvedisk och allopatisk medicinsk v\u00e5rd. Meditationsbehandling i h\u00e4lsocentret associerades med betydande f\u00f6rb\u00e4ttringar av livskvalitet, \u00e5ngestminskning och blodtryckskontroll j\u00e4mf\u00f6rt med konventionell v\u00e4sterl\u00e4ndsk medicin<a href=\"#citation-note-5\"><sup>[5]<\/sup><\/a>.<\/p>\n<p>Shri Mataji beskrev det m\u00e4nskliga subtila systemet som ett uppochnerv\u00e4nt tr\u00e4d som har sina r\u00f6tter i hj\u00e4rnan och grenarna och frukterna i kroppen. R\u00f6tterna till energisystemet i kroppen ligger i hj\u00e4rnan och absorberar den kosmiska andliga energin f\u00f6r att ge n\u00e4ring \u00e5t tr\u00e4dets grenar. Dessa st\u00e4ndiga \u00e5terkopplingsprocesser mellan det subtila systemet i hj\u00e4rnan och energicentra i kroppen under meditationen kulminerar i progressiv balans och integration av kropp och sj\u00e4l. F\u00f6r att h\u00e5lla detta tr\u00e4d friskt och starkt m\u00e5ste vi rikta v\u00e5r uppm\u00e4rksamhet mot r\u00f6tterna, som finns i hj\u00e4rnan, och detta kan vi uppn\u00e5 genom Sahaja Yoga meditation.<\/p>\n\t<div class=\"su-quote su-quote-style-default\"><div class=\"su-quote-inner su-u-clearfix su-u-trim\">Om du beh\u00f6ver behandla ett tr\u00e4d och b\u00f6rjar ge medicin till l\u00f6ven kommer det aldrig botas. Du m\u00e5ste g\u00e5 till r\u00f6tterna.<\/div><\/div>\n\t<hr \/>\n<h3>1. <a href=\"#citation-ref-1\">^<\/a> <a name=\"citation-note-1\"><\/a>Dr Ramesh Manocha, Dr Semmar B. Black, en pilotstudie av en form av Mental Tystnad-meditation f\u00f6r kvinnor i Perimenopause. Journal of Clinical Psychology in Medical Settings. 2007 sep ; 14(3):266-273; E-bok: <a href=\"https:\/\/www.beyondthemind.com\" target=\"_blank\" rel=\"noopener\" data-cp-link=\"1\">Silence Your Mind<\/a> publicerad av Hachette Australia 2013.<br \/>\n2. <a href=\"#citation-ref-1\">^<\/a> <a name=\"citation-note-2\"><\/a> Dr Ramesh Manocha, Black D, Sarris J, Stough C. Ett randomiserat, kontrollerat f\u00f6rs\u00f6k med meditation f\u00f6r arbetsstress, \u00e5ngest och depression hos heltidsarbetande. Evidens-baserat komplement Alternat Med. 2011;2011:960583. Epub 2011 7 juni.<br \/>\n3. <a href=\"#citation-ref-1\">^<\/a> <a name=\"citation-note-3\"><\/a>Dr Linda J.Harrison, Dr Ramesh Manocha, Dr Katya Rubia, &#8216;Sahaja Yoga Meditation as a Family Treatment Program for Children with Attention Deficit-Hyperactivity Disorder&#8217;, Clinical Child Psychology and Psychiatry 9 (4) (2004).<br \/>\n4. <a href=\"#citation-ref-1\">^<\/a> <a name=\"citation-note-4\"><\/a>Dr Ramesh Manocha, Marks GB, Kenchington P, Peters D, et al. Sahaja yoga i behandling av m\u00e5ttlig till sv\u00e5r astma: en randomiserad kontrollerad studie. Thorax. 2002 feb; 57(2): 110-5.<br \/>\n5. <a href=\"#citation-ref-1\">^<\/a> <a name=\"citation-note-5\"><\/a>Sheng-Chia Chung PhD, Maria M. Brooks PhD, Madhur Rai MD, Judith L. Balk MD MPH, Sandeep Rai MD: &#8216;Effekt av Sahaja Yoga Meditation p\u00e5 livskvalitet, \u00e5ngest och blodtryckskontroll&#8217; (THE JOURNAL OF ALTERNATIVE AND COMPLEMENTARY MEDICINE Band 18, nummer 6, 2012)<\/h3>\n\n","protected":false},"excerpt":{"rendered":"<p>Holistisk h\u00e4lsa Den subtila vetenskapen om inre helande \u00c4ven om den \u00e4r f\u00f6rdelaktig p\u00e5 m\u00e5nga s\u00e4tt s\u00e5 misslyckas ofta vanlig v\u00e4sterl\u00e4ndsk medicin med djupg\u00e5ende och l\u00e5ngvarig behandling av psykosomatiska och psykiatriska problem eftersom den behandlar symtom snarare \u00e4n orsaker och behandlar varje symtom separat snarare \u00e4n i sammanhanget av hela v\u00e5r organism. Shri Mataji studerade&hellip; <br \/> <a class=\"read-more\" href=\"https:\/\/shrimataji.org\/test\/sv\/holistisk-halsa\/\">Read more<\/a><\/p>\n","protected":false},"author":58,"featured_media":22999,"parent":0,"menu_order":0,"comment_status":"closed","ping_status":"closed","template":"pro\/page-templates\/full-width-page.php","meta":{"inline_featured_image":false,"footnotes":""},"class_list":["post-22997","page","type-page","status-publish","has-post-thumbnail","hentry"],"yoast_head":"<!-- This site is optimized with the Yoast SEO plugin v27.4 - https:\/\/yoast.com\/product\/yoast-seo-wordpress\/ -->\n<title>Holistisk h\u00e4lsa - TEST - SMND<\/title>\n<meta name=\"robots\" content=\"noindex, follow, max-snippet:-1, max-image-preview:large, max-video-preview:-1\" \/>\n<meta property=\"og:locale\" content=\"en_US\" \/>\n<meta property=\"og:type\" content=\"article\" \/>\n<meta property=\"og:title\" content=\"Holistisk h\u00e4lsa - TEST - SMND\" \/>\n<meta property=\"og:description\" content=\"Holistisk h\u00e4lsa Den subtila vetenskapen om inre helande \u00c4ven om den \u00e4r f\u00f6rdelaktig p\u00e5 m\u00e5nga s\u00e4tt s\u00e5 misslyckas ofta vanlig v\u00e4sterl\u00e4ndsk medicin med djupg\u00e5ende och l\u00e5ngvarig behandling av psykosomatiska och psykiatriska problem eftersom den behandlar symtom snarare \u00e4n orsaker och behandlar varje symtom separat snarare \u00e4n i sammanhanget av hela v\u00e5r organism. Shri Mataji studerade&hellip; Read more\" \/>\n<meta property=\"og:url\" content=\"https:\/\/shrimataji.org\/test\/sv\/holistisk-halsa\/\" \/>\n<meta property=\"og:site_name\" content=\"TEST - SMND\" \/>\n<meta property=\"article:publisher\" content=\"https:\/\/www.facebook.com\/shrimataji\" \/>\n<meta property=\"article:modified_time\" content=\"2026-01-06T18:58:11+00:00\" \/>\n<meta property=\"og:image\" content=\"https:\/\/shrimataji.org\/test\/wp-content\/uploads\/2018\/07\/media_originals\/images\/headers-general\/holistic-health-foot-soaking-in-the-ocean.jpg\" \/>\n\t<meta property=\"og:image:width\" content=\"990\" \/>\n\t<meta property=\"og:image:height\" content=\"350\" \/>\n\t<meta property=\"og:image:type\" content=\"image\/jpeg\" \/>\n<meta name=\"twitter:card\" content=\"summary_large_image\" \/>\n<meta name=\"twitter:site\" content=\"@shrimataji\" \/>\n<script type=\"application\/ld+json\" class=\"yoast-schema-graph\">{\"@context\":\"https:\\\/\\\/schema.org\",\"@graph\":[{\"@type\":\"WebPage\",\"@id\":\"https:\\\/\\\/shrimataji.org\\\/test\\\/sv\\\/holistisk-halsa\\\/\",\"url\":\"https:\\\/\\\/shrimataji.org\\\/test\\\/sv\\\/holistisk-halsa\\\/\",\"name\":\"Holistisk h\u00e4lsa - TEST - SMND\",\"isPartOf\":{\"@id\":\"https:\\\/\\\/shrimataji.org\\\/test\\\/#website\"},\"primaryImageOfPage\":{\"@id\":\"https:\\\/\\\/shrimataji.org\\\/test\\\/sv\\\/holistisk-halsa\\\/#primaryimage\"},\"image\":{\"@id\":\"https:\\\/\\\/shrimataji.org\\\/test\\\/sv\\\/holistisk-halsa\\\/#primaryimage\"},\"thumbnailUrl\":\"https:\\\/\\\/shrimataji.org\\\/test\\\/wp-content\\\/uploads\\\/2018\\\/07\\\/media_originals\\\/images\\\/headers-general\\\/holistic-health-foot-soaking-in-the-ocean.jpg\",\"datePublished\":\"2018-07-10T06:54:42+00:00\",\"dateModified\":\"2026-01-06T18:58:11+00:00\",\"breadcrumb\":{\"@id\":\"https:\\\/\\\/shrimataji.org\\\/test\\\/sv\\\/holistisk-halsa\\\/#breadcrumb\"},\"inLanguage\":\"en-US\",\"potentialAction\":[{\"@type\":\"ReadAction\",\"target\":[\"https:\\\/\\\/shrimataji.org\\\/test\\\/sv\\\/holistisk-halsa\\\/\"]}]},{\"@type\":\"ImageObject\",\"inLanguage\":\"en-US\",\"@id\":\"https:\\\/\\\/shrimataji.org\\\/test\\\/sv\\\/holistisk-halsa\\\/#primaryimage\",\"url\":\"https:\\\/\\\/shrimataji.org\\\/test\\\/wp-content\\\/uploads\\\/2018\\\/07\\\/media_originals\\\/images\\\/headers-general\\\/holistic-health-foot-soaking-in-the-ocean.jpg\",\"contentUrl\":\"https:\\\/\\\/shrimataji.org\\\/test\\\/wp-content\\\/uploads\\\/2018\\\/07\\\/media_originals\\\/images\\\/headers-general\\\/holistic-health-foot-soaking-in-the-ocean.jpg\",\"width\":990,\"height\":350},{\"@type\":\"BreadcrumbList\",\"@id\":\"https:\\\/\\\/shrimataji.org\\\/test\\\/sv\\\/holistisk-halsa\\\/#breadcrumb\",\"itemListElement\":[{\"@type\":\"ListItem\",\"position\":1,\"name\":\"Home\",\"item\":\"https:\\\/\\\/shrimataji.org\\\/test\\\/uk\\\/home-en\\\/\"},{\"@type\":\"ListItem\",\"position\":2,\"name\":\"Holistisk h\u00e4lsa\"}]},{\"@type\":\"WebSite\",\"@id\":\"https:\\\/\\\/shrimataji.org\\\/test\\\/#website\",\"url\":\"https:\\\/\\\/shrimataji.org\\\/test\\\/\",\"name\":\"Shri Mataji Nirmala Devi\",\"description\":\"A Life Dedicated to Humanity\",\"publisher\":{\"@id\":\"https:\\\/\\\/shrimataji.org\\\/test\\\/#\\\/schema\\\/person\\\/a1b3419c6585f164aa96da1ff85715d1\"},\"potentialAction\":[{\"@type\":\"SearchAction\",\"target\":{\"@type\":\"EntryPoint\",\"urlTemplate\":\"https:\\\/\\\/shrimataji.org\\\/test\\\/?s={search_term_string}\"},\"query-input\":{\"@type\":\"PropertyValueSpecification\",\"valueRequired\":true,\"valueName\":\"search_term_string\"}}],\"inLanguage\":\"en-US\"},{\"@type\":[\"Person\",\"Organization\"],\"@id\":\"https:\\\/\\\/shrimataji.org\\\/test\\\/#\\\/schema\\\/person\\\/a1b3419c6585f164aa96da1ff85715d1\",\"name\":\"Nirmala Shrivastava\",\"image\":{\"@type\":\"ImageObject\",\"inLanguage\":\"en-US\",\"@id\":\"https:\\\/\\\/shrimataji.org\\\/test\\\/wp-content\\\/uploads\\\/2023\\\/02\\\/SMO_LOGO-03.svg\",\"url\":\"https:\\\/\\\/shrimataji.org\\\/test\\\/wp-content\\\/uploads\\\/2023\\\/02\\\/SMO_LOGO-03.svg\",\"contentUrl\":\"https:\\\/\\\/shrimataji.org\\\/test\\\/wp-content\\\/uploads\\\/2023\\\/02\\\/SMO_LOGO-03.svg\",\"width\":\"1024\",\"height\":\"1024\",\"caption\":\"Nirmala Shrivastava\"},\"logo\":{\"@id\":\"https:\\\/\\\/shrimataji.org\\\/test\\\/wp-content\\\/uploads\\\/2023\\\/02\\\/SMO_LOGO-03.svg\"},\"sameAs\":[\"https:\\\/\\\/shrimataji.org\\\/test\",\"https:\\\/\\\/www.facebook.com\\\/shrimataji\",\"https:\\\/\\\/x.com\\\/shrimataji\",\"https:\\\/\\\/www.youtube.com\\\/@Shri_Mataji_Nirmala_Devi\\\/featured\"]}]}<\/script>\n<!-- \/ Yoast SEO plugin. -->","yoast_head_json":{"title":"Holistisk h\u00e4lsa - TEST - SMND","robots":{"index":"noindex","follow":"follow","max-snippet":"max-snippet:-1","max-image-preview":"max-image-preview:large","max-video-preview":"max-video-preview:-1"},"og_locale":"en_US","og_type":"article","og_title":"Holistisk h\u00e4lsa - TEST - SMND","og_description":"Holistisk h\u00e4lsa Den subtila vetenskapen om inre helande \u00c4ven om den \u00e4r f\u00f6rdelaktig p\u00e5 m\u00e5nga s\u00e4tt s\u00e5 misslyckas ofta vanlig v\u00e4sterl\u00e4ndsk medicin med djupg\u00e5ende och l\u00e5ngvarig behandling av psykosomatiska och psykiatriska problem eftersom den behandlar symtom snarare \u00e4n orsaker och behandlar varje symtom separat snarare \u00e4n i sammanhanget av hela v\u00e5r organism. Shri Mataji studerade&hellip; Read more","og_url":"https:\/\/shrimataji.org\/test\/sv\/holistisk-halsa\/","og_site_name":"TEST - SMND","article_publisher":"https:\/\/www.facebook.com\/shrimataji","article_modified_time":"2026-01-06T18:58:11+00:00","og_image":[{"width":990,"height":350,"url":"https:\/\/shrimataji.org\/test\/wp-content\/uploads\/2018\/07\/media_originals\/images\/headers-general\/holistic-health-foot-soaking-in-the-ocean.jpg","type":"image\/jpeg"}],"twitter_card":"summary_large_image","twitter_site":"@shrimataji","schema":{"@context":"https:\/\/schema.org","@graph":[{"@type":"WebPage","@id":"https:\/\/shrimataji.org\/test\/sv\/holistisk-halsa\/","url":"https:\/\/shrimataji.org\/test\/sv\/holistisk-halsa\/","name":"Holistisk h\u00e4lsa - TEST - SMND","isPartOf":{"@id":"https:\/\/shrimataji.org\/test\/#website"},"primaryImageOfPage":{"@id":"https:\/\/shrimataji.org\/test\/sv\/holistisk-halsa\/#primaryimage"},"image":{"@id":"https:\/\/shrimataji.org\/test\/sv\/holistisk-halsa\/#primaryimage"},"thumbnailUrl":"https:\/\/shrimataji.org\/test\/wp-content\/uploads\/2018\/07\/media_originals\/images\/headers-general\/holistic-health-foot-soaking-in-the-ocean.jpg","datePublished":"2018-07-10T06:54:42+00:00","dateModified":"2026-01-06T18:58:11+00:00","breadcrumb":{"@id":"https:\/\/shrimataji.org\/test\/sv\/holistisk-halsa\/#breadcrumb"},"inLanguage":"en-US","potentialAction":[{"@type":"ReadAction","target":["https:\/\/shrimataji.org\/test\/sv\/holistisk-halsa\/"]}]},{"@type":"ImageObject","inLanguage":"en-US","@id":"https:\/\/shrimataji.org\/test\/sv\/holistisk-halsa\/#primaryimage","url":"https:\/\/shrimataji.org\/test\/wp-content\/uploads\/2018\/07\/media_originals\/images\/headers-general\/holistic-health-foot-soaking-in-the-ocean.jpg","contentUrl":"https:\/\/shrimataji.org\/test\/wp-content\/uploads\/2018\/07\/media_originals\/images\/headers-general\/holistic-health-foot-soaking-in-the-ocean.jpg","width":990,"height":350},{"@type":"BreadcrumbList","@id":"https:\/\/shrimataji.org\/test\/sv\/holistisk-halsa\/#breadcrumb","itemListElement":[{"@type":"ListItem","position":1,"name":"Home","item":"https:\/\/shrimataji.org\/test\/uk\/home-en\/"},{"@type":"ListItem","position":2,"name":"Holistisk h\u00e4lsa"}]},{"@type":"WebSite","@id":"https:\/\/shrimataji.org\/test\/#website","url":"https:\/\/shrimataji.org\/test\/","name":"Shri Mataji Nirmala Devi","description":"A Life Dedicated to Humanity","publisher":{"@id":"https:\/\/shrimataji.org\/test\/#\/schema\/person\/a1b3419c6585f164aa96da1ff85715d1"},"potentialAction":[{"@type":"SearchAction","target":{"@type":"EntryPoint","urlTemplate":"https:\/\/shrimataji.org\/test\/?s={search_term_string}"},"query-input":{"@type":"PropertyValueSpecification","valueRequired":true,"valueName":"search_term_string"}}],"inLanguage":"en-US"},{"@type":["Person","Organization"],"@id":"https:\/\/shrimataji.org\/test\/#\/schema\/person\/a1b3419c6585f164aa96da1ff85715d1","name":"Nirmala Shrivastava","image":{"@type":"ImageObject","inLanguage":"en-US","@id":"https:\/\/shrimataji.org\/test\/wp-content\/uploads\/2023\/02\/SMO_LOGO-03.svg","url":"https:\/\/shrimataji.org\/test\/wp-content\/uploads\/2023\/02\/SMO_LOGO-03.svg","contentUrl":"https:\/\/shrimataji.org\/test\/wp-content\/uploads\/2023\/02\/SMO_LOGO-03.svg","width":"1024","height":"1024","caption":"Nirmala Shrivastava"},"logo":{"@id":"https:\/\/shrimataji.org\/test\/wp-content\/uploads\/2023\/02\/SMO_LOGO-03.svg"},"sameAs":["https:\/\/shrimataji.org\/test","https:\/\/www.facebook.com\/shrimataji","https:\/\/x.com\/shrimataji","https:\/\/www.youtube.com\/@Shri_Mataji_Nirmala_Devi\/featured"]}]}},"lang":"sv","translations":{"sv":22997,"ur":37436,"en":403,"am":18008,"th":19955,"hu":19485,"sq":18409,"zh":17306,"hi":8491,"tr":10165,"pt":10377,"de":10651,"fr":10749,"it":10847,"es":10944,"ja":11241,"ru":11429,"bn":11621,"te":11729,"sw":11852,"he":12000,"el":12291,"sk":12389,"fa":12487,"fi":12585,"bg":13478,"ro":14550,"cs":14743,"nl":16569,"ku":16729,"ar":16905,"be":18616,"kn":18890,"mr":20319,"uk":20611,"ml":20908,"ta":22724,"gu":28843,"pa":29001,"fil":29443,"da":37748,"pl":37963,"nn":38300},"pll_sync_post":[],"_links":{"self":[{"href":"https:\/\/shrimataji.org\/test\/wp-json\/wp\/v2\/pages\/22997","targetHints":{"allow":["GET"]}}],"collection":[{"href":"https:\/\/shrimataji.org\/test\/wp-json\/wp\/v2\/pages"}],"about":[{"href":"https:\/\/shrimataji.org\/test\/wp-json\/wp\/v2\/types\/page"}],"author":[{"embeddable":true,"href":"https:\/\/shrimataji.org\/test\/wp-json\/wp\/v2\/users\/58"}],"replies":[{"embeddable":true,"href":"https:\/\/shrimataji.org\/test\/wp-json\/wp\/v2\/comments?post=22997"}],"version-history":[{"count":0,"href":"https:\/\/shrimataji.org\/test\/wp-json\/wp\/v2\/pages\/22997\/revisions"}],"wp:featuredmedia":[{"embeddable":true,"href":"https:\/\/shrimataji.org\/test\/wp-json\/wp\/v2\/media\/22999"}],"wp:attachment":[{"href":"https:\/\/shrimataji.org\/test\/wp-json\/wp\/v2\/media?parent=22997"}],"curies":[{"name":"wp","href":"https:\/\/api.w.org\/{rel}","templated":true}]}}