{"id":23000,"date":"2018-07-06T01:24:02","date_gmt":"2018-07-06T01:24:02","guid":{"rendered":"http:\/\/testwordpress.nirmalnagari.org\/smnd\/index.php\/mesmerize\/"},"modified":"2026-01-08T08:17:08","modified_gmt":"2026-01-08T08:17:08","slug":"home-en","status":"publish","type":"page","link":"https:\/\/shrimataji.org\/test\/sv\/home-en\/","title":{"rendered":"Home EN"},"content":{"rendered":"\n\n\t<h1>Shri Mataji Nirmala Devi<\/h1>\n<h3>Ett liv till\u00e4gnat m\u00e4nskligheten<\/h3>\n\t<p>Shri Mataji Nirmala Devi f\u00f6r\u00e4ndrade liv p\u00e5 ett lugnt och stillsamt s\u00e4tt. I mer \u00e4n fyrtio \u00e5r reste hon runt i v\u00e4rlden och erbj\u00f6d gratis offentliga f\u00f6rel\u00e4sningar och gav upplevelsen av sj\u00e4lvupplysning till alla, oavsett ras, religion eller omst\u00e4ndigheter. Hon gjorde det inte bara m\u00f6jligt f\u00f6r m\u00e4nniskor att f\u00f6rmedla denna v\u00e4rdefulla erfarenhet till andra, utan hon l\u00e4rde dem den meditationsteknik som kr\u00e4vs f\u00f6r att uppr\u00e4tth\u00e5lla den, k\u00e4nd som Sahaja Yoga.<\/p>\n\t<div id=\"attachment_282\" style=\"width: 310px\" class=\"wp-caption aligncenter\"><img loading=\"lazy\" decoding=\"async\" aria-describedby=\"caption-attachment-282\" src=\"https:\/\/shrimataji.org\/test\/wp-content\/uploads\/2018\/07\/media_originals\/images\/shri-mataji-teaching-sahaja-yoga\/shri-mataji-teching-sahaja-yoga-meditation-and-self-realization-300x201.jpg\" alt=\"\" width=\"300\" height=\"201\" \/><p id=\"caption-attachment-282\" class=\"wp-caption-text\"><a href=\"https:\/\/www.youtube.com\/user\/ShriMatajiVideos\" target=\"_blank\" rel=\"noopener\">Videoarkiv<\/a><\/p><\/div>\n\t<p>Shri Mataji h\u00e4vdade att det finns en medf\u00f6dd andlig potential inom varje m\u00e4nniska, och den g\u00e5r att v\u00e4cka p\u00e5 ett spontant s\u00e4tt. Hon betonade att detta uppvaknande, som beskrivs som sj\u00e4lvupplysning, inte g\u00e5r att k\u00f6pa. Det har aldrig kostat pengar, och kommer aldrig g\u00f6ra det, att f\u00e5 upplevelsen av sj\u00e4lvupplysning eller att delta i kurser i Sahaja Yoga-meditation.<\/p>\n<p>Den inre balansen och stressminskningen som man f\u00e5r av Sahaja Yoga-meditation har redan gynnat hundratusentals \u00f6ver hela v\u00e4rlden. F\u00f6rm\u00e5gan att snabbt och enkelt aktivera v\u00e5r medf\u00f6dda, andliga energi &#8211; och uppleva dess f\u00f6rdelar &#8211; skiljer Sahaja Yoga fr\u00e5n andra former av meditation. Med \u00f6vning kan vi som individer rikta v\u00e5r egen energi och \u00e5tg\u00e4rda mentala, fysiska och k\u00e4nslom\u00e4ssiga obalanser f\u00f6r att uppn\u00e5 ett tillst\u00e5nd av v\u00e4lbefinnande, lugn och tillfredsst\u00e4llelse.<\/p>\n<p>F\u00f6rutom Sahaja Yoga, som nu \u00e4r etablerat i mer \u00e4n 100 l\u00e4nder, grundade Shri Mataji en icke-statlig organisation f\u00f6r fattiga kvinnor och barn, flera internationella skolor som f\u00f6ljer en holistisk l\u00e4roplan, h\u00e4lsokliniker som erbjuder behandling genom Sahaja Yoga-meditationstekniker och en konsth\u00f6gskola f\u00f6r att \u00e5teruppliva de klassiska konstformerna dans, musik och m\u00e5lning.<\/p>\n\t\t\t\t<img loading=\"lazy\" decoding=\"async\" src=\"https:\/\/shrimataji.org\/test\/wp-content\/uploads\/2018\/07\/media_originals\/images\/shri-mataji-portraits\/shri-mataji-explaining-742x1024.jpg\" alt=\"shri-mataji-explaining\" itemprop=\"image\" height=\"1024\" width=\"742\" title=\"shri-mataji-explaining\" onerror=\"this.style.display='none'\"  \/>\n\t<div class=\"su-quote su-quote-style-default\"><div class=\"su-quote-inner su-u-clearfix su-u-trim\">\n<p>Min fader k\u00e4nde att jag skulle g\u00f6ra n\u00e5got stort i detta liv. Jag vet inte om han dr\u00f6mde det eller helt enkelt f\u00f6rstod det, men han brukade alltid s\u00e4ga: &#8220;Du m\u00e5ste hitta v\u00e4gen f\u00f6r att ge ett andligt uppvaknande till folkmassorna.&#8221;<\/p>\n<p>Han gav mig en bred utbildning i olika religioner och ocks\u00e5 en god f\u00f6rst\u00e5else f\u00f6r m\u00e4nniskor: vilka deras problem \u00e4r, varf\u00f6r de agerar som de g\u00f6r, varf\u00f6r de inte v\u00e4nder sig till Gud, varf\u00f6r de \u00e4r hycklare. Han ber\u00e4ttade alla m\u00f6jliga saker f\u00f6r mig&#8230;<\/p>\n<\/div><\/div>\n\t<h2>Feature<\/h2>\n\t<p><img decoding=\"async\" title=\"shri-mataji-nirmala-devi-clearing-technique-in-england-2\" src=\"https:\/\/shrimataji.org\/test\/wp-content\/uploads\/2018\/11\/shri-mataji-nirmala-devi-clearing-technique-in-england-2.jpg\" alt=\"\" \/><\/p>\n<h4>Work<\/h4>\nOften personal and hands-on, Shri Mataji&#8217;s programs were events conducted on both a global and local level. She taught universal truths,<br \/>\nbut also took the time to discuss individual needs. She spoke of creation and seeking and the purpose of life, as well as taking the time to answer everyone wanting to discuss their own obstacles on the road of life. Her programs were a town hall for the world where everyone could speak to her.\n<a href=\"\/work\/\" target=\"_blank\" rel=\"noopener noreferrer\" data-cp-link=\"1\">learn more<\/a>\n\t<p><img decoding=\"async\" title=\"shri-mataji-greeting-the-queen-2\" src=\"https:\/\/shrimataji.org\/test\/wp-content\/uploads\/2018\/11\/shri-mataji-greeting-the-queen-2.jpg\" alt=\"\" \/><\/p>\n<h4>Life<\/h4>\n<p>Throughout her life, Shri Mataji found herself face to face with a wide range of people from different countries, circumstances and cultures, and she related to them all with genuine regard. Whether discussing matters of state with world leaders or family issues with a taxi driver, Shri Mataji was sensitive to what is essential to human beings and her concern was always for their benevolence.<\/p>\n<a href=\"\/life\/\" target=\"_blank\" rel=\"noopener noreferrer\" data-cp-link=\"1\">learn more<\/a>\n\t<p><img decoding=\"async\" title=\"shri-mataji-meeting-with-village-people-in-india-2\" src=\"https:\/\/shrimataji.org\/test\/wp-content\/uploads\/2018\/11\/shri-mataji-meeting-with-village-people-in-india-2.jpg\" alt=\"\" \/><\/p>\n<h4>Sahaja Yoga<\/h4>\n<p>&#8220;It was then I realized that there was no harm in starting the work. The confusion was over. At last the time had come. There was nothing to fear. This ultimately had to be done. I had come to this world for this purpose only, to awaken the collective consciousness in human beings.&#8221;<\/p>\n<a href=\"\/people\/\" target=\"_blank\" rel=\"noopener noreferrer\" data-cp-link=\"1\">learn more<\/a>\n\n","protected":false},"excerpt":{"rendered":"<p>Shri Mataji Nirmala Devi Ett liv till\u00e4gnat m\u00e4nskligheten Shri Mataji Nirmala Devi f\u00f6r\u00e4ndrade liv p\u00e5 ett lugnt och stillsamt s\u00e4tt. I mer \u00e4n fyrtio \u00e5r reste hon runt i v\u00e4rlden och erbj\u00f6d gratis offentliga f\u00f6rel\u00e4sningar och gav upplevelsen av sj\u00e4lvupplysning till alla, oavsett ras, religion eller omst\u00e4ndigheter. Hon gjorde det inte bara m\u00f6jligt f\u00f6r m\u00e4nniskor&hellip; <br \/> <a class=\"read-more\" href=\"https:\/\/shrimataji.org\/test\/sv\/home-en\/\">Read more<\/a><\/p>\n","protected":false},"author":1,"featured_media":23001,"parent":0,"menu_order":0,"comment_status":"closed","ping_status":"closed","template":"page-templates\/homepage.php","meta":{"inline_featured_image":false,"footnotes":""},"class_list":["post-23000","page","type-page","status-publish","has-post-thumbnail","hentry"],"yoast_head":"<!-- This site is optimized with the Yoast SEO plugin v27.4 - https:\/\/yoast.com\/product\/yoast-seo-wordpress\/ -->\n<title>TEST - SMND<\/title>\n<meta name=\"description\" content=\"A Life Dedicated to Humanity\" \/>\n<meta name=\"robots\" content=\"noindex, follow, max-snippet:-1, max-image-preview:large, max-video-preview:-1\" \/>\n<meta property=\"og:locale\" content=\"en_US\" \/>\n<meta property=\"og:type\" content=\"article\" \/>\n<meta property=\"og:title\" content=\"Shri Mataji Nirmala Devi\" \/>\n<meta property=\"og:description\" content=\"A Life Dedicated to Humanity\" \/>\n<meta property=\"og:url\" content=\"https:\/\/shrimataji.org\/test\/sv\/home-en\/\" \/>\n<meta property=\"og:site_name\" content=\"TEST - SMND\" \/>\n<meta property=\"article:publisher\" content=\"https:\/\/www.facebook.com\/shrimataji\" \/>\n<meta property=\"article:modified_time\" content=\"2026-01-08T08:17:08+00:00\" \/>\n<meta property=\"og:image\" content=\"https:\/\/shrimataji.org\/test\/wp-content\/uploads\/2018\/07\/fp11-e1588597806347.jpg\" \/>\n\t<meta property=\"og:image:width\" content=\"707\" \/>\n\t<meta property=\"og:image:height\" content=\"700\" \/>\n\t<meta property=\"og:image:type\" content=\"image\/jpeg\" \/>\n<meta name=\"twitter:card\" content=\"summary_large_image\" \/>\n<meta name=\"twitter:title\" content=\"Shri Mataji Nirmala Devi\" \/>\n<meta name=\"twitter:description\" content=\"A Life Dedicated to Humanity\" \/>\n<meta name=\"twitter:image\" content=\"https:\/\/shrimataji.org\/test\/wp-content\/uploads\/2018\/07\/fp11-e1588597806347.jpg\" \/>\n<meta name=\"twitter:site\" content=\"@shrimataji\" \/>\n<meta name=\"twitter:label1\" content=\"Est. reading time\" \/>\n\t<meta name=\"twitter:data1\" content=\"3 minutes\" \/>\n<script type=\"application\/ld+json\" class=\"yoast-schema-graph\">{\"@context\":\"https:\\\/\\\/schema.org\",\"@graph\":[{\"@type\":\"WebPage\",\"@id\":\"https:\\\/\\\/shrimataji.org\\\/test\\\/sv\\\/home-en\\\/\",\"url\":\"https:\\\/\\\/shrimataji.org\\\/test\\\/sv\\\/home-en\\\/\",\"name\":\"TEST - SMND\",\"isPartOf\":{\"@id\":\"https:\\\/\\\/shrimataji.org\\\/test\\\/#website\"},\"primaryImageOfPage\":{\"@id\":\"https:\\\/\\\/shrimataji.org\\\/test\\\/sv\\\/home-en\\\/#primaryimage\"},\"image\":{\"@id\":\"https:\\\/\\\/shrimataji.org\\\/test\\\/sv\\\/home-en\\\/#primaryimage\"},\"thumbnailUrl\":\"https:\\\/\\\/shrimataji.org\\\/test\\\/wp-content\\\/uploads\\\/2018\\\/07\\\/media_originals\\\/images\\\/shri-mataji-portraits\\\/shri-mataji-in-belgium-1984.jpg\",\"datePublished\":\"2018-07-06T01:24:02+00:00\",\"dateModified\":\"2026-01-08T08:17:08+00:00\",\"description\":\"A Life Dedicated to Humanity\",\"breadcrumb\":{\"@id\":\"https:\\\/\\\/shrimataji.org\\\/test\\\/sv\\\/home-en\\\/#breadcrumb\"},\"inLanguage\":\"en-US\",\"potentialAction\":[{\"@type\":\"ReadAction\",\"target\":[\"https:\\\/\\\/shrimataji.org\\\/test\\\/sv\\\/home-en\\\/\"]}]},{\"@type\":\"ImageObject\",\"inLanguage\":\"en-US\",\"@id\":\"https:\\\/\\\/shrimataji.org\\\/test\\\/sv\\\/home-en\\\/#primaryimage\",\"url\":\"https:\\\/\\\/shrimataji.org\\\/test\\\/wp-content\\\/uploads\\\/2018\\\/07\\\/media_originals\\\/images\\\/shri-mataji-portraits\\\/shri-mataji-in-belgium-1984.jpg\",\"contentUrl\":\"https:\\\/\\\/shrimataji.org\\\/test\\\/wp-content\\\/uploads\\\/2018\\\/07\\\/media_originals\\\/images\\\/shri-mataji-portraits\\\/shri-mataji-in-belgium-1984.jpg\",\"width\":1500,\"height\":975},{\"@type\":\"BreadcrumbList\",\"@id\":\"https:\\\/\\\/shrimataji.org\\\/test\\\/sv\\\/home-en\\\/#breadcrumb\",\"itemListElement\":[{\"@type\":\"ListItem\",\"position\":1,\"name\":\"Home\",\"item\":\"https:\\\/\\\/shrimataji.org\\\/test\\\/uk\\\/home-en\\\/\"},{\"@type\":\"ListItem\",\"position\":2,\"name\":\"Home EN\"}]},{\"@type\":\"WebSite\",\"@id\":\"https:\\\/\\\/shrimataji.org\\\/test\\\/#website\",\"url\":\"https:\\\/\\\/shrimataji.org\\\/test\\\/\",\"name\":\"Shri Mataji Nirmala Devi\",\"description\":\"A Life Dedicated to Humanity\",\"publisher\":{\"@id\":\"https:\\\/\\\/shrimataji.org\\\/test\\\/#\\\/schema\\\/person\\\/a1b3419c6585f164aa96da1ff85715d1\"},\"potentialAction\":[{\"@type\":\"SearchAction\",\"target\":{\"@type\":\"EntryPoint\",\"urlTemplate\":\"https:\\\/\\\/shrimataji.org\\\/test\\\/?s={search_term_string}\"},\"query-input\":{\"@type\":\"PropertyValueSpecification\",\"valueRequired\":true,\"valueName\":\"search_term_string\"}}],\"inLanguage\":\"en-US\"},{\"@type\":[\"Person\",\"Organization\"],\"@id\":\"https:\\\/\\\/shrimataji.org\\\/test\\\/#\\\/schema\\\/person\\\/a1b3419c6585f164aa96da1ff85715d1\",\"name\":\"Nirmala Shrivastava\",\"image\":{\"@type\":\"ImageObject\",\"inLanguage\":\"en-US\",\"@id\":\"https:\\\/\\\/shrimataji.org\\\/test\\\/wp-content\\\/uploads\\\/2023\\\/02\\\/SMO_LOGO-03.svg\",\"url\":\"https:\\\/\\\/shrimataji.org\\\/test\\\/wp-content\\\/uploads\\\/2023\\\/02\\\/SMO_LOGO-03.svg\",\"contentUrl\":\"https:\\\/\\\/shrimataji.org\\\/test\\\/wp-content\\\/uploads\\\/2023\\\/02\\\/SMO_LOGO-03.svg\",\"width\":\"1024\",\"height\":\"1024\",\"caption\":\"Nirmala Shrivastava\"},\"logo\":{\"@id\":\"https:\\\/\\\/shrimataji.org\\\/test\\\/wp-content\\\/uploads\\\/2023\\\/02\\\/SMO_LOGO-03.svg\"},\"sameAs\":[\"https:\\\/\\\/shrimataji.org\\\/test\",\"https:\\\/\\\/www.facebook.com\\\/shrimataji\",\"https:\\\/\\\/x.com\\\/shrimataji\",\"https:\\\/\\\/www.youtube.com\\\/@Shri_Mataji_Nirmala_Devi\\\/featured\"]}]}<\/script>\n<!-- \/ Yoast SEO plugin. -->","yoast_head_json":{"title":"TEST - SMND","description":"A Life Dedicated to Humanity","robots":{"index":"noindex","follow":"follow","max-snippet":"max-snippet:-1","max-image-preview":"max-image-preview:large","max-video-preview":"max-video-preview:-1"},"og_locale":"en_US","og_type":"article","og_title":"Shri Mataji Nirmala Devi","og_description":"A Life Dedicated to Humanity","og_url":"https:\/\/shrimataji.org\/test\/sv\/home-en\/","og_site_name":"TEST - SMND","article_publisher":"https:\/\/www.facebook.com\/shrimataji","article_modified_time":"2026-01-08T08:17:08+00:00","og_image":[{"width":707,"height":700,"url":"https:\/\/shrimataji.org\/test\/wp-content\/uploads\/2018\/07\/fp11-e1588597806347.jpg","type":"image\/jpeg"}],"twitter_card":"summary_large_image","twitter_title":"Shri Mataji Nirmala Devi","twitter_description":"A Life Dedicated to Humanity","twitter_image":"https:\/\/shrimataji.org\/test\/wp-content\/uploads\/2018\/07\/fp11-e1588597806347.jpg","twitter_site":"@shrimataji","twitter_misc":{"Est. reading time":"3 minutes"},"schema":{"@context":"https:\/\/schema.org","@graph":[{"@type":"WebPage","@id":"https:\/\/shrimataji.org\/test\/sv\/home-en\/","url":"https:\/\/shrimataji.org\/test\/sv\/home-en\/","name":"TEST - SMND","isPartOf":{"@id":"https:\/\/shrimataji.org\/test\/#website"},"primaryImageOfPage":{"@id":"https:\/\/shrimataji.org\/test\/sv\/home-en\/#primaryimage"},"image":{"@id":"https:\/\/shrimataji.org\/test\/sv\/home-en\/#primaryimage"},"thumbnailUrl":"https:\/\/shrimataji.org\/test\/wp-content\/uploads\/2018\/07\/media_originals\/images\/shri-mataji-portraits\/shri-mataji-in-belgium-1984.jpg","datePublished":"2018-07-06T01:24:02+00:00","dateModified":"2026-01-08T08:17:08+00:00","description":"A Life Dedicated to Humanity","breadcrumb":{"@id":"https:\/\/shrimataji.org\/test\/sv\/home-en\/#breadcrumb"},"inLanguage":"en-US","potentialAction":[{"@type":"ReadAction","target":["https:\/\/shrimataji.org\/test\/sv\/home-en\/"]}]},{"@type":"ImageObject","inLanguage":"en-US","@id":"https:\/\/shrimataji.org\/test\/sv\/home-en\/#primaryimage","url":"https:\/\/shrimataji.org\/test\/wp-content\/uploads\/2018\/07\/media_originals\/images\/shri-mataji-portraits\/shri-mataji-in-belgium-1984.jpg","contentUrl":"https:\/\/shrimataji.org\/test\/wp-content\/uploads\/2018\/07\/media_originals\/images\/shri-mataji-portraits\/shri-mataji-in-belgium-1984.jpg","width":1500,"height":975},{"@type":"BreadcrumbList","@id":"https:\/\/shrimataji.org\/test\/sv\/home-en\/#breadcrumb","itemListElement":[{"@type":"ListItem","position":1,"name":"Home","item":"https:\/\/shrimataji.org\/test\/uk\/home-en\/"},{"@type":"ListItem","position":2,"name":"Home EN"}]},{"@type":"WebSite","@id":"https:\/\/shrimataji.org\/test\/#website","url":"https:\/\/shrimataji.org\/test\/","name":"Shri Mataji Nirmala Devi","description":"A Life Dedicated to Humanity","publisher":{"@id":"https:\/\/shrimataji.org\/test\/#\/schema\/person\/a1b3419c6585f164aa96da1ff85715d1"},"potentialAction":[{"@type":"SearchAction","target":{"@type":"EntryPoint","urlTemplate":"https:\/\/shrimataji.org\/test\/?s={search_term_string}"},"query-input":{"@type":"PropertyValueSpecification","valueRequired":true,"valueName":"search_term_string"}}],"inLanguage":"en-US"},{"@type":["Person","Organization"],"@id":"https:\/\/shrimataji.org\/test\/#\/schema\/person\/a1b3419c6585f164aa96da1ff85715d1","name":"Nirmala Shrivastava","image":{"@type":"ImageObject","inLanguage":"en-US","@id":"https:\/\/shrimataji.org\/test\/wp-content\/uploads\/2023\/02\/SMO_LOGO-03.svg","url":"https:\/\/shrimataji.org\/test\/wp-content\/uploads\/2023\/02\/SMO_LOGO-03.svg","contentUrl":"https:\/\/shrimataji.org\/test\/wp-content\/uploads\/2023\/02\/SMO_LOGO-03.svg","width":"1024","height":"1024","caption":"Nirmala Shrivastava"},"logo":{"@id":"https:\/\/shrimataji.org\/test\/wp-content\/uploads\/2023\/02\/SMO_LOGO-03.svg"},"sameAs":["https:\/\/shrimataji.org\/test","https:\/\/www.facebook.com\/shrimataji","https:\/\/x.com\/shrimataji","https:\/\/www.youtube.com\/@Shri_Mataji_Nirmala_Devi\/featured"]}]}},"lang":"sv","translations":{"sv":23000,"ur":28779,"en":5,"am":18011,"th":19959,"hu":19488,"sq":18412,"zh":17309,"hi":8573,"tr":10167,"pl":10244,"pt":10379,"fr":10751,"it":10849,"es":10946,"ru":11431,"bn":11623,"te":11731,"sw":11854,"he":12002,"el":12293,"sk":12391,"fa":12489,"bg":13483,"ro":14558,"cs":14751,"de":15376,"ja":16420,"nl":16572,"ku":16732,"ar":16908,"be":18619,"kn":18893,"mr":20323,"uk":20615,"ml":20912,"ta":22727,"bs":27286,"fi":28770,"gu":28935,"pa":29004,"fil":29446,"sd":31000,"da":37751,"nn":38303},"pll_sync_post":[],"_links":{"self":[{"href":"https:\/\/shrimataji.org\/test\/wp-json\/wp\/v2\/pages\/23000","targetHints":{"allow":["GET"]}}],"collection":[{"href":"https:\/\/shrimataji.org\/test\/wp-json\/wp\/v2\/pages"}],"about":[{"href":"https:\/\/shrimataji.org\/test\/wp-json\/wp\/v2\/types\/page"}],"author":[{"embeddable":true,"href":"https:\/\/shrimataji.org\/test\/wp-json\/wp\/v2\/users\/1"}],"replies":[{"embeddable":true,"href":"https:\/\/shrimataji.org\/test\/wp-json\/wp\/v2\/comments?post=23000"}],"version-history":[{"count":0,"href":"https:\/\/shrimataji.org\/test\/wp-json\/wp\/v2\/pages\/23000\/revisions"}],"wp:featuredmedia":[{"embeddable":true,"href":"https:\/\/shrimataji.org\/test\/wp-json\/wp\/v2\/media\/23001"}],"wp:attachment":[{"href":"https:\/\/shrimataji.org\/test\/wp-json\/wp\/v2\/media?parent=23000"}],"curies":[{"name":"wp","href":"https:\/\/api.w.org\/{rel}","templated":true}]}}