{"id":23002,"date":"2018-07-10T06:54:50","date_gmt":"2018-07-10T06:54:50","guid":{"rendered":"http:\/\/testwordpress.nirmalnagari.org\/smnd\/index.php\/house-and-home\/"},"modified":"2025-04-25T12:22:08","modified_gmt":"2025-04-25T12:22:08","slug":"hus-och-hem","status":"publish","type":"page","link":"https:\/\/shrimataji.org\/test\/sv\/hus-och-hem\/","title":{"rendered":"Hus och hem"},"content":{"rendered":"\n\n\t<h1>Hus och hem<\/h1>\n<h2>D\u00e4r hela v\u00e4rlden \u00e4r en familj<\/h2>\n\t\t\t\t<img loading=\"lazy\" decoding=\"async\" src=\"https:\/\/shrimataji.org\/test\/wp-content\/uploads\/2024\/12\/sv_shri-mataji-in-england.jpg\" alt=\"Shri Mataji med musiker i England\" itemprop=\"image\" height=\"1044\" width=\"1500\" title=\"sv_shri-mataji-in-england\" onerror=\"this.style.display='none'\"  \/>\n\t\tShri Mataji med musiker i England\n\t<p>Shri Matajis yngre bror Hemant Prasad Rao (&#8220;H.P.&#8221;) Salve stannade ofta hos henne n\u00e4r han f\u00f6rberedde sig f\u00f6r sina bokf\u00f6ringsprov. Herr Salve mindes den omsorg och uppm\u00e4rksamhet som hans syster gav honom vid den tiden, hon stannade till och med uppe sent f\u00f6r att f\u00f6rbereda honom sin vanliga kopp te vid midnatt. Hon skulle f\u00f6rst l\u00e4gga sina d\u00f6ttrar och sedan &#8220;&#8230;efter att ha masserat mitt huvud i ungef\u00e4r en timme eller s\u00e5 gick hon och f\u00f6rberedde en kopp varmt te och gav det till mig.&#8221;<a href=\"#citation-note-1\"><sup>[1]<\/sup><\/a><\/p>\n<p>Efter sina tentor tog Shri Mataji med sin bror till konserter av framst\u00e5ende musiker. Hon var en tidig vicepresident f\u00f6r Sur Singar Samsad, en kulturorganisation som fr\u00e4mjade musikupptr\u00e4danden (de finns nu p\u00e5 facebook), samt medlem i Music Club of Bombay, och blev ofta inbjuden till olika konserter. Mr Salve mindes det enorma privilegiet att lyssna p\u00e5 stora artister som Bismillah Khan, Amir Khan, Bhinsen Joshi, Shivkumar Sharma och Vilayat Khan. \u00c5r senare skulle m\u00e5nga k\u00e4nda musiker spela f\u00f6r Shri Mataji personligen, som Amjad Ali Khan, Hariprasad Chaurasia och Debu Chaudhari.<\/p>\n\t\t\t\t<img loading=\"lazy\" decoding=\"async\" src=\"https:\/\/shrimataji.org\/test\/wp-content\/uploads\/2024\/12\/sv_shri-mataji-with-her-brother-hp-salve-babamama.jpg\" alt=\"Shri Mataji med Babamama- HP Salve\" itemprop=\"image\" height=\"422\" width=\"640\" title=\"sv_shri-mataji-with-her-brother-hp-salve-babamama\" onerror=\"this.style.display='none'\"  \/>\n\t\tShri Mataji med Babamama- HP Salve\n\t<p>1961 lanserade Shri Mataji &#8220;Youth Society for Films&#8221; f\u00f6r att uppmuntra unga m\u00e4nniskors nationella, sociala och moraliska v\u00e4rderingar. Hon var ocks\u00e5 medlem i filmcensorstyrelsen i Mumbai.<\/p>\n\t\t\t\t<img loading=\"lazy\" decoding=\"async\" src=\"https:\/\/shrimataji.org\/test\/wp-content\/uploads\/2024\/12\/sv_shri-mataji-attending-the-film-fare-award-ceremony-in-bombay.jpg\" alt=\"Shri Mataji n\u00e4rvarade vid FilmFare Awards i Mumbai, 1970-talet\" itemprop=\"image\" height=\"446\" width=\"663\" title=\"sv_shri-mataji-attending-the-film-fare-award-ceremony-in-bombay\" onerror=\"this.style.display='none'\"  \/>\n\t\tShri Mataji n\u00e4rvarade vid FilmFare Awards i Mumbai, 1970-talet\n\t\t\t\t<img loading=\"lazy\" decoding=\"async\" src=\"https:\/\/shrimataji.org\/test\/wp-content\/uploads\/2024\/12\/sv_shri-mataji-nirmala-devi-with-indian-film-board-members-in-mumbai.jpg\" alt=\"Shri Mataji med medlemmar av Film Award Board i Mumbai\" itemprop=\"image\" height=\"512\" width=\"648\" title=\"sv_shri-mataji-nirmala-devi-with-indian-film-board-members-in-mumbai\" onerror=\"this.style.display='none'\"  \/>\n\t\tShri Mataji med medlemmar av Film Award Board i Mumbai\n\t<p>&#8220;&#8230; Shri Mataji hade b\u00f6rjat bygga ett hus i Lucknow,&#8221; mindes H.P. Salve. N\u00e4r hon reste till Jabalpur f\u00f6r att k\u00f6pa marmor i l\u00f6svikt, f\u00f6ljde han ofta med henne och lade m\u00e4rke till hennes praktiska f\u00f6rm\u00e5ga att f\u00e5 tag p\u00e5 h\u00f6gkvalitativa, estetiskt tilltalande material till ett utm\u00e4rkt pris. Denna f\u00e4rdighet f\u00f6rblev anv\u00e4ndbar genom \u00e5ren, eftersom Shri Mataji \u00f6vervakade byggandet och renoveringen av m\u00e5nga olika hus. Att ta \u00f6ver f\u00f6rfallna egendomar och reparera dem blev ett inslag i Shri Matajis senare liv, liknande hennes f\u00f6rm\u00e5ga att v\u00e4lkomna skadade individer till sitt hem och hj\u00e4lpa dem att \u00e5terst\u00e4lla dem till balans och h\u00e4lsa.<\/p>\n\t\t\t\t<img loading=\"lazy\" decoding=\"async\" src=\"https:\/\/shrimataji.org\/test\/wp-content\/uploads\/2024\/12\/sv_Prasthisthan_Outside.jpg\" alt=\"Shri Matajis hus i Prathisthan, Pune\" itemprop=\"image\" height=\"1333\" width=\"2000\" title=\"sv_Prasthisthan_Outside\" onerror=\"this.style.display='none'\"  \/>\n\t\tShri Matajis hus i Prathisthan, Pune\n\t\t\t\t<img loading=\"lazy\" decoding=\"async\" src=\"https:\/\/shrimataji.org\/test\/wp-content\/uploads\/2024\/12\/sv_Prasthisthan_Inside1.jpg\" alt=\"Shri Matajis hus i Prathisthan, Pune\" itemprop=\"image\" height=\"800\" width=\"1200\" title=\"sv_Prasthisthan_Inside1\" onerror=\"this.style.display='none'\"  \/>\n\t\tShri Matajis hus i Prathisthan, Pune\n\t<p>Herr Salve skrev i sina memoarer: &#8220;Efter att vi hade best\u00e4llt marmorn gick vi f\u00f6r att tr\u00e4ffa en kusin till oss. Hennes dotter visade sig vara en elev till en professor vid den lokala Robertson College, som h\u00f6ll andliga diskurser. Eftersom min kusin k\u00e4nde till Shri Matajis ben\u00e4genhet f\u00f6r andlighet, arrangerade min kusin ett m\u00f6te mellan Shri Mataji och professorn. N\u00e4r han s\u00e5g Nirmala sprang han med h\u00f6jda armar mot henne och utbrast: &#8216;\u00c5h moder, .. jag har sett fram emot att tr\u00e4ffa dig s\u00e5 l\u00e4nge! Och idag \u00e4r min dr\u00f6m uppfylld.&#8217; S\u00e5 sa han d\u00e4r han l\u00e5g vid Shri Matajis f\u00f6tter. Jag var ett personligt vittne till allt detta, och det var min kusin och hennes dotter ocks\u00e5.&#8221;<\/p>\n<p>Detta var 1961, fortfarande innan den tid d\u00e5 Nirmala skulle b\u00f6rja sitt andliga arbete. Som k\u00e4rleksfull och h\u00e4ngiven hustru och mor, v\u00e4ntade hon tills hennes tv\u00e5 d\u00f6ttrar hade blivit vuxna och gifta.<\/p>\n\t<h5>&#8220;F\u00f6r att f\u00e5 ordning p\u00e5 v\u00e4rlden m\u00e5ste vi f\u00f6rst f\u00e5 ordning p\u00e5 nationen; f\u00f6r att f\u00e5 ordning p\u00e5 nationen m\u00e5ste vi f\u00e5 ordning p\u00e5 familjen; f\u00f6r att f\u00e5 ordning p\u00e5 familjen m\u00e5ste vi kultivera v\u00e5rt personliga liv; och f\u00f6r att kultivera v\u00e5rt personliga liv, m\u00e5ste vi f\u00f6rst st\u00e4lla v\u00e5ra hj\u00e4rtan r\u00e4tt.&#8221;<\/h5>\n<h5>Konfucius<\/h5>\n\t<hr \/>\n<h3>1. <a href=\"#citation-ref-1\">^<\/a> <a name=\"citation-note-1\"><\/a>H. P. Salve, &#8216;My Memoirs&#8217; New Delhi: Life Eternal Trust, 2000.<\/h3>\n\n","protected":false},"excerpt":{"rendered":"<p>Hus och hem D\u00e4r hela v\u00e4rlden \u00e4r en familj Shri Mataji med musiker i England Shri Matajis yngre bror Hemant Prasad Rao (&#8220;H.P.&#8221;) Salve stannade ofta hos henne n\u00e4r han f\u00f6rberedde sig f\u00f6r sina bokf\u00f6ringsprov. Herr Salve mindes den omsorg och uppm\u00e4rksamhet som hans syster gav honom vid den tiden, hon stannade till och med&hellip; <br \/> <a class=\"read-more\" href=\"https:\/\/shrimataji.org\/test\/sv\/hus-och-hem\/\">Read more<\/a><\/p>\n","protected":false},"author":58,"featured_media":23003,"parent":0,"menu_order":0,"comment_status":"closed","ping_status":"closed","template":"","meta":{"inline_featured_image":false,"footnotes":""},"class_list":["post-23002","page","type-page","status-publish","has-post-thumbnail","hentry"],"yoast_head":"<!-- This site is optimized with the Yoast SEO plugin v27.4 - https:\/\/yoast.com\/product\/yoast-seo-wordpress\/ -->\n<title>Hus och hem - TEST - SMND<\/title>\n<meta name=\"robots\" content=\"noindex, follow, max-snippet:-1, max-image-preview:large, max-video-preview:-1\" \/>\n<meta property=\"og:locale\" content=\"en_US\" \/>\n<meta property=\"og:type\" content=\"article\" \/>\n<meta property=\"og:title\" content=\"Hus och hem - TEST - SMND\" \/>\n<meta property=\"og:description\" content=\"Hus och hem D\u00e4r hela v\u00e4rlden \u00e4r en familj Shri Mataji med musiker i England Shri Matajis yngre bror Hemant Prasad Rao (&#8220;H.P.&#8221;) Salve stannade ofta hos henne n\u00e4r han f\u00f6rberedde sig f\u00f6r sina bokf\u00f6ringsprov. Herr Salve mindes den omsorg och uppm\u00e4rksamhet som hans syster gav honom vid den tiden, hon stannade till och med&hellip; Read more\" \/>\n<meta property=\"og:url\" content=\"https:\/\/shrimataji.org\/test\/sv\/hus-och-hem\/\" \/>\n<meta property=\"og:site_name\" content=\"TEST - SMND\" \/>\n<meta property=\"article:publisher\" content=\"https:\/\/www.facebook.com\/shrimataji\" \/>\n<meta property=\"article:modified_time\" content=\"2025-04-25T12:22:08+00:00\" \/>\n<meta property=\"og:image\" content=\"https:\/\/shrimataji.org\/test\/wp-content\/uploads\/2023\/03\/3_Banner_EarlyLife-House-scaled.jpg\" \/>\n\t<meta property=\"og:image:width\" content=\"2560\" \/>\n\t<meta property=\"og:image:height\" content=\"905\" \/>\n\t<meta property=\"og:image:type\" content=\"image\/jpeg\" \/>\n<meta name=\"twitter:card\" content=\"summary_large_image\" \/>\n<meta name=\"twitter:site\" content=\"@shrimataji\" \/>\n<meta name=\"twitter:label1\" content=\"Est. reading time\" \/>\n\t<meta name=\"twitter:data1\" content=\"4 minutes\" \/>\n<script type=\"application\/ld+json\" class=\"yoast-schema-graph\">{\"@context\":\"https:\\\/\\\/schema.org\",\"@graph\":[{\"@type\":\"WebPage\",\"@id\":\"https:\\\/\\\/shrimataji.org\\\/test\\\/sv\\\/hus-och-hem\\\/\",\"url\":\"https:\\\/\\\/shrimataji.org\\\/test\\\/sv\\\/hus-och-hem\\\/\",\"name\":\"Hus och hem - TEST - SMND\",\"isPartOf\":{\"@id\":\"https:\\\/\\\/shrimataji.org\\\/test\\\/#website\"},\"primaryImageOfPage\":{\"@id\":\"https:\\\/\\\/shrimataji.org\\\/test\\\/sv\\\/hus-och-hem\\\/#primaryimage\"},\"image\":{\"@id\":\"https:\\\/\\\/shrimataji.org\\\/test\\\/sv\\\/hus-och-hem\\\/#primaryimage\"},\"thumbnailUrl\":\"https:\\\/\\\/shrimataji.org\\\/test\\\/wp-content\\\/uploads\\\/2023\\\/03\\\/3_Banner_EarlyLife-House-scaled.jpg\",\"datePublished\":\"2018-07-10T06:54:50+00:00\",\"dateModified\":\"2025-04-25T12:22:08+00:00\",\"breadcrumb\":{\"@id\":\"https:\\\/\\\/shrimataji.org\\\/test\\\/sv\\\/hus-och-hem\\\/#breadcrumb\"},\"inLanguage\":\"en-US\",\"potentialAction\":[{\"@type\":\"ReadAction\",\"target\":[\"https:\\\/\\\/shrimataji.org\\\/test\\\/sv\\\/hus-och-hem\\\/\"]}]},{\"@type\":\"ImageObject\",\"inLanguage\":\"en-US\",\"@id\":\"https:\\\/\\\/shrimataji.org\\\/test\\\/sv\\\/hus-och-hem\\\/#primaryimage\",\"url\":\"https:\\\/\\\/shrimataji.org\\\/test\\\/wp-content\\\/uploads\\\/2023\\\/03\\\/3_Banner_EarlyLife-House-scaled.jpg\",\"contentUrl\":\"https:\\\/\\\/shrimataji.org\\\/test\\\/wp-content\\\/uploads\\\/2023\\\/03\\\/3_Banner_EarlyLife-House-scaled.jpg\",\"width\":2560,\"height\":905},{\"@type\":\"BreadcrumbList\",\"@id\":\"https:\\\/\\\/shrimataji.org\\\/test\\\/sv\\\/hus-och-hem\\\/#breadcrumb\",\"itemListElement\":[{\"@type\":\"ListItem\",\"position\":1,\"name\":\"Home\",\"item\":\"https:\\\/\\\/shrimataji.org\\\/test\\\/uk\\\/home-en\\\/\"},{\"@type\":\"ListItem\",\"position\":2,\"name\":\"Hus och hem\"}]},{\"@type\":\"WebSite\",\"@id\":\"https:\\\/\\\/shrimataji.org\\\/test\\\/#website\",\"url\":\"https:\\\/\\\/shrimataji.org\\\/test\\\/\",\"name\":\"Shri Mataji Nirmala Devi\",\"description\":\"A Life Dedicated to Humanity\",\"publisher\":{\"@id\":\"https:\\\/\\\/shrimataji.org\\\/test\\\/#\\\/schema\\\/person\\\/a1b3419c6585f164aa96da1ff85715d1\"},\"potentialAction\":[{\"@type\":\"SearchAction\",\"target\":{\"@type\":\"EntryPoint\",\"urlTemplate\":\"https:\\\/\\\/shrimataji.org\\\/test\\\/?s={search_term_string}\"},\"query-input\":{\"@type\":\"PropertyValueSpecification\",\"valueRequired\":true,\"valueName\":\"search_term_string\"}}],\"inLanguage\":\"en-US\"},{\"@type\":[\"Person\",\"Organization\"],\"@id\":\"https:\\\/\\\/shrimataji.org\\\/test\\\/#\\\/schema\\\/person\\\/a1b3419c6585f164aa96da1ff85715d1\",\"name\":\"Nirmala Shrivastava\",\"image\":{\"@type\":\"ImageObject\",\"inLanguage\":\"en-US\",\"@id\":\"https:\\\/\\\/shrimataji.org\\\/test\\\/wp-content\\\/uploads\\\/2023\\\/02\\\/SMO_LOGO-03.svg\",\"url\":\"https:\\\/\\\/shrimataji.org\\\/test\\\/wp-content\\\/uploads\\\/2023\\\/02\\\/SMO_LOGO-03.svg\",\"contentUrl\":\"https:\\\/\\\/shrimataji.org\\\/test\\\/wp-content\\\/uploads\\\/2023\\\/02\\\/SMO_LOGO-03.svg\",\"width\":\"1024\",\"height\":\"1024\",\"caption\":\"Nirmala Shrivastava\"},\"logo\":{\"@id\":\"https:\\\/\\\/shrimataji.org\\\/test\\\/wp-content\\\/uploads\\\/2023\\\/02\\\/SMO_LOGO-03.svg\"},\"sameAs\":[\"https:\\\/\\\/shrimataji.org\\\/test\",\"https:\\\/\\\/www.facebook.com\\\/shrimataji\",\"https:\\\/\\\/x.com\\\/shrimataji\",\"https:\\\/\\\/www.youtube.com\\\/@Shri_Mataji_Nirmala_Devi\\\/featured\"]}]}<\/script>\n<!-- \/ Yoast SEO plugin. -->","yoast_head_json":{"title":"Hus och hem - TEST - SMND","robots":{"index":"noindex","follow":"follow","max-snippet":"max-snippet:-1","max-image-preview":"max-image-preview:large","max-video-preview":"max-video-preview:-1"},"og_locale":"en_US","og_type":"article","og_title":"Hus och hem - TEST - SMND","og_description":"Hus och hem D\u00e4r hela v\u00e4rlden \u00e4r en familj Shri Mataji med musiker i England Shri Matajis yngre bror Hemant Prasad Rao (&#8220;H.P.&#8221;) Salve stannade ofta hos henne n\u00e4r han f\u00f6rberedde sig f\u00f6r sina bokf\u00f6ringsprov. Herr Salve mindes den omsorg och uppm\u00e4rksamhet som hans syster gav honom vid den tiden, hon stannade till och med&hellip; Read more","og_url":"https:\/\/shrimataji.org\/test\/sv\/hus-och-hem\/","og_site_name":"TEST - SMND","article_publisher":"https:\/\/www.facebook.com\/shrimataji","article_modified_time":"2025-04-25T12:22:08+00:00","og_image":[{"width":2560,"height":905,"url":"https:\/\/shrimataji.org\/test\/wp-content\/uploads\/2023\/03\/3_Banner_EarlyLife-House-scaled.jpg","type":"image\/jpeg"}],"twitter_card":"summary_large_image","twitter_site":"@shrimataji","twitter_misc":{"Est. reading time":"4 minutes"},"schema":{"@context":"https:\/\/schema.org","@graph":[{"@type":"WebPage","@id":"https:\/\/shrimataji.org\/test\/sv\/hus-och-hem\/","url":"https:\/\/shrimataji.org\/test\/sv\/hus-och-hem\/","name":"Hus och hem - TEST - SMND","isPartOf":{"@id":"https:\/\/shrimataji.org\/test\/#website"},"primaryImageOfPage":{"@id":"https:\/\/shrimataji.org\/test\/sv\/hus-och-hem\/#primaryimage"},"image":{"@id":"https:\/\/shrimataji.org\/test\/sv\/hus-och-hem\/#primaryimage"},"thumbnailUrl":"https:\/\/shrimataji.org\/test\/wp-content\/uploads\/2023\/03\/3_Banner_EarlyLife-House-scaled.jpg","datePublished":"2018-07-10T06:54:50+00:00","dateModified":"2025-04-25T12:22:08+00:00","breadcrumb":{"@id":"https:\/\/shrimataji.org\/test\/sv\/hus-och-hem\/#breadcrumb"},"inLanguage":"en-US","potentialAction":[{"@type":"ReadAction","target":["https:\/\/shrimataji.org\/test\/sv\/hus-och-hem\/"]}]},{"@type":"ImageObject","inLanguage":"en-US","@id":"https:\/\/shrimataji.org\/test\/sv\/hus-och-hem\/#primaryimage","url":"https:\/\/shrimataji.org\/test\/wp-content\/uploads\/2023\/03\/3_Banner_EarlyLife-House-scaled.jpg","contentUrl":"https:\/\/shrimataji.org\/test\/wp-content\/uploads\/2023\/03\/3_Banner_EarlyLife-House-scaled.jpg","width":2560,"height":905},{"@type":"BreadcrumbList","@id":"https:\/\/shrimataji.org\/test\/sv\/hus-och-hem\/#breadcrumb","itemListElement":[{"@type":"ListItem","position":1,"name":"Home","item":"https:\/\/shrimataji.org\/test\/uk\/home-en\/"},{"@type":"ListItem","position":2,"name":"Hus och hem"}]},{"@type":"WebSite","@id":"https:\/\/shrimataji.org\/test\/#website","url":"https:\/\/shrimataji.org\/test\/","name":"Shri Mataji Nirmala Devi","description":"A Life Dedicated to Humanity","publisher":{"@id":"https:\/\/shrimataji.org\/test\/#\/schema\/person\/a1b3419c6585f164aa96da1ff85715d1"},"potentialAction":[{"@type":"SearchAction","target":{"@type":"EntryPoint","urlTemplate":"https:\/\/shrimataji.org\/test\/?s={search_term_string}"},"query-input":{"@type":"PropertyValueSpecification","valueRequired":true,"valueName":"search_term_string"}}],"inLanguage":"en-US"},{"@type":["Person","Organization"],"@id":"https:\/\/shrimataji.org\/test\/#\/schema\/person\/a1b3419c6585f164aa96da1ff85715d1","name":"Nirmala Shrivastava","image":{"@type":"ImageObject","inLanguage":"en-US","@id":"https:\/\/shrimataji.org\/test\/wp-content\/uploads\/2023\/02\/SMO_LOGO-03.svg","url":"https:\/\/shrimataji.org\/test\/wp-content\/uploads\/2023\/02\/SMO_LOGO-03.svg","contentUrl":"https:\/\/shrimataji.org\/test\/wp-content\/uploads\/2023\/02\/SMO_LOGO-03.svg","width":"1024","height":"1024","caption":"Nirmala Shrivastava"},"logo":{"@id":"https:\/\/shrimataji.org\/test\/wp-content\/uploads\/2023\/02\/SMO_LOGO-03.svg"},"sameAs":["https:\/\/shrimataji.org\/test","https:\/\/www.facebook.com\/shrimataji","https:\/\/x.com\/shrimataji","https:\/\/www.youtube.com\/@Shri_Mataji_Nirmala_Devi\/featured"]}]}},"lang":"sv","translations":{"sv":23002,"ur":37439,"en":440,"am":18013,"th":19962,"hu":19490,"sq":18414,"zh":17311,"tr":10168,"pt":10380,"de":10654,"fr":10752,"es":10947,"ja":11244,"ru":11432,"bn":11624,"te":11732,"sw":11855,"he":12003,"el":12294,"sk":12392,"fa":12490,"fi":12588,"bg":13445,"it":13527,"ro":14519,"cs":14712,"nl":16574,"ku":16734,"ar":16910,"be":18621,"kn":18895,"mr":20326,"uk":20618,"ml":20915,"ta":22729,"gu":28846,"pa":29006,"fil":29448,"da":37753,"pl":37966,"nn":38305},"pll_sync_post":[],"_links":{"self":[{"href":"https:\/\/shrimataji.org\/test\/wp-json\/wp\/v2\/pages\/23002","targetHints":{"allow":["GET"]}}],"collection":[{"href":"https:\/\/shrimataji.org\/test\/wp-json\/wp\/v2\/pages"}],"about":[{"href":"https:\/\/shrimataji.org\/test\/wp-json\/wp\/v2\/types\/page"}],"author":[{"embeddable":true,"href":"https:\/\/shrimataji.org\/test\/wp-json\/wp\/v2\/users\/58"}],"replies":[{"embeddable":true,"href":"https:\/\/shrimataji.org\/test\/wp-json\/wp\/v2\/comments?post=23002"}],"version-history":[{"count":0,"href":"https:\/\/shrimataji.org\/test\/wp-json\/wp\/v2\/pages\/23002\/revisions"}],"wp:featuredmedia":[{"embeddable":true,"href":"https:\/\/shrimataji.org\/test\/wp-json\/wp\/v2\/media\/23003"}],"wp:attachment":[{"href":"https:\/\/shrimataji.org\/test\/wp-json\/wp\/v2\/media?parent=23002"}],"curies":[{"name":"wp","href":"https:\/\/api.w.org\/{rel}","templated":true}]}}