{"id":23004,"date":"2022-01-23T03:18:48","date_gmt":"2022-01-23T03:18:48","guid":{"rendered":"https:\/\/test.shrimataji.org\/?page_id=6279"},"modified":"2026-01-06T14:03:01","modified_gmt":"2026-01-06T14:03:01","slug":"hur-man-mediterar","status":"publish","type":"page","link":"https:\/\/shrimataji.org\/test\/sv\/hur-man-mediterar\/","title":{"rendered":"Hur man mediterar"},"content":{"rendered":"\n\n\t<h1>Hur man mediterar<\/h1>\n<h2>Uppr\u00e4tta en daglig rutin<\/h2>\n<div class=\"su-quote su-quote-style-default\"><div class=\"su-quote-inner su-u-clearfix su-u-trim\"> I Sahaja Yoga kan du inte utf\u00f6ra meditation. Du \u00e4r i meditation. Du blir meditativ.<\/div><\/div>\n<h4>N\u00e4r du v\u00e4l har f\u00e5tt din <a href=\"https:\/\/shrimataji.org\/test\/sv\/sjalvupplysning-och-meditation\/\">sj\u00e4lvupplysning<\/a> genom uppvaknandet av din <a href=\"https:\/\/shrimataji.org\/test\/sv\/kundalini\/\">Kundalini<\/a> beh\u00f6ver du v\u00e5rda denna upplevelse f\u00f6r att h\u00e5lla den uppe och f\u00f6rdjupa den, precis som du skulle v\u00e5rda ett spirande fr\u00f6 med hj\u00e4lp av sol och vatten. Det enskilt viktigaste s\u00e4ttet att g\u00f6ra detta \u00e4r att meditera regelbundet. Meditation \u00e4r mer ett tillst\u00e5nd \u00e4n en aktivitet, men det finns n\u00e5gra enkla steg vi kan ta f\u00f6r att skapa en milj\u00f6 och en rutin som bidrar till att f\u00f6rdjupa det meditativa tillst\u00e5ndet.<\/h4>\n<p>F\u00f6rst och fr\u00e4mst, hitta en plats d\u00e4r du k\u00e4nner dig bekv\u00e4m och \u00e4r ost\u00f6rd. Du kan sitta p\u00e5 golvet eller p\u00e5 en stol, vad som \u00e4r l\u00e4ttast f\u00f6r dig. Placera h\u00e4nderna i kn\u00e4t med handflatorna upp\u00e5t. Lugna ner dig, slappna av och f\u00f6r uppm\u00e4rksamheten in\u00e5t, f\u00f6rs\u00f6k observera vad som p\u00e5g\u00e5r inombords. Observera dina tankar och l\u00e5t dem sakta ner. \u00d6nska sedan det tillst\u00e5nd av tystnad och lycka som meditation kan ge och som du k\u00e4nde under den f\u00f6rsta praktiska meditations\u00f6vningen n\u00e4r du fick din sj\u00e4lvupplysning. \u00d6nskan \u00e4r den f\u00f6rsta tekniken i <a href=\"https:\/\/shrimataji.org\/test\/sv\/sahaja-yoga-meditation\/\">Sahaja Yoga<\/a> och \u00e4r det som kommer att ta dig ett steg djupare i ditt meditativa tillst\u00e5nd varje g\u00e5ng du f\u00f6r din uppm\u00e4rksamhet in\u00e5t.<\/p>\n\t<p>En andra teknik, n\u00e4r du v\u00e4l \u00e4r lugn, \u00e4r att f\u00f6rsiktigt f\u00e4sta din uppm\u00e4rksamhet p\u00e5 fontanellen, \u00f6verst p\u00e5 huvudet. Detta \u00e4r <a href=\"https:\/\/shrimataji.org\/test\/sv\/sahasrara-chakra\/\">Sahasrara Chakra<\/a> d\u00e4r Kundalini l\u00e4mnar huvudet efter att ha upplyst det limbiska systemet. Detta \u00e4r riket som ligger ovanf\u00f6r v\u00e5r tankeprocess och d\u00e4r vi \u00e4r kopplade till det kollektiva omedvetna. Du kan ocks\u00e5 placera mitten av handflatan p\u00e5 din fontanell, trycka tillbaka fingrarna och trycka ner h\u00e5rbotten lite samtidigt som du g\u00f6r cirkul\u00e4ra r\u00f6relser. Detta liknar det sista steget du tog under \u00f6vningen f\u00f6r att f\u00e5 din upplysning. Detta hj\u00e4lper till att f\u00f6ra uppm\u00e4rksamheten in i det sista chakrat och uppr\u00e4tta f\u00f6rbindelsen.<\/p>\n<p>Ge dig sj\u00e4lv lite tid f\u00f6r det meditativa tillst\u00e5ndet att etablera sig. Observera dig sj\u00e4lv, Kundalinis r\u00f6relser, f\u00f6rdjupningen av din uppm\u00e4rksamhet, friden och lugnet som infinner sig n\u00e4r tankarna minskar och den v\u00e4xande k\u00e4nslan av gl\u00e4dje. Som en levande process tar meditationen sin egen v\u00e4g och Kundalini kommer att ge ljus \u00f6ver nya och vackra aspekter av dig sj\u00e4lv. \u00c4ven om det subtila systemet av <a href=\"https:\/\/shrimataji.org\/test\/sv\/chakran-och-egenskaper\/\">Chakran<\/a> och <a href=\"https:\/\/shrimataji.org\/test\/sv\/kanalerna-och-de-tre-humoren\/\">Nadis<\/a> \u00e4r detsamma i var och en av oss, har varje person sin egen personliga erfarenhet och andliga v\u00e4g &#8211; f\u00f6lj den v\u00e4gen som en resa f\u00f6r sj\u00e4lvuppt\u00e4ckt.<\/p>\n<p>Mot slutet av din meditation kan du h\u00e5lla handen n\u00e5gra centimeter ovanf\u00f6r huvudet f\u00f6r att se om du k\u00e4nner en sval eller varm bris. N\u00e4r du har tr\u00e4nat mer kan du beh\u00e5lla uppm\u00e4rksamheten p\u00e5 ditt Sahasrara Chakra under dagen ocks\u00e5. Energin som v\u00e4cker Kundalini kommer fr\u00e5n Shri Mataji, s\u00e5 att placera en bild av Shri Mataji framf\u00f6r dig n\u00e4r du mediterar kommer att hj\u00e4lpa till att st\u00e4rka ditt Kundalini-uppvaknande och f\u00f6rdjupa din meditation. Du kan ladda ner och skriva ut bilden under denna <a href=\"https:\/\/shrimataji.org\/test\/sv\/upplev-din-sjalvupplysning\/\">l\u00e4nk<\/a> om du vill.<\/p>\n<p>Det hj\u00e4lper ocks\u00e5 att anv\u00e4nda elementen: Du kan placera ett ljus framf\u00f6r Shri Matajis bild f\u00f6r elementet eld och ljus. Doften av r\u00f6kelse representerar jordelementet. Musik som \u00e4r balanserad och lugnande (de flesta former av klassisk musik, b\u00e5de \u00f6sterl\u00e4ndsk och v\u00e4sterl\u00e4ndsk) kan hj\u00e4lpa dig att bli lugn, men se till att spendera lite tid i tysthet med uppm\u00e4rksamheten inom dig.<\/p>\n<div class=\"su-quote su-quote-style-default\"><div class=\"su-quote-inner su-u-clearfix su-u-trim\">I meditation uppn\u00e5r du ett tillst\u00e5nd av medvetenhet utan tankar. I denna medvetenhet utan tankar b\u00f6rjar du v\u00e4xa. Det \u00e4r ett tillst\u00e5nd som m\u00e5ste uppn\u00e5s.<\/div><\/div>\n<p>Som med alla levande processer kommer din meditativa upplevelse att ta sin naturliga g\u00e5ng n\u00e4r du ut\u00f6var Sahaja Yoga. Rutinen vi beskriver h\u00e4r kommer ge f\u00f6ruts\u00e4ttningar f\u00f6r att den processen ska fungera. Regelbunden meditation hj\u00e4lper dig att st\u00e4rka din Kundalini, f\u00f6rdjupa ditt meditativa tillst\u00e5nd och uppleva gl\u00e4djen i ditt inre.<\/p>\n<p>Helst b\u00f6r du ta dig tid att meditera p\u00e5 morgonen och kv\u00e4llen. Efter n\u00e5gra veckor b\u00f6r du k\u00e4nna av resultaten och f\u00f6rdelarna. Det finns ingen tydlig regel f\u00f6r hur l\u00e4nge du ska meditera &#8211; vissa ut\u00f6vare mediterar i 10 minuter, andra i \u00f6ver en timme, och detta kan skilja sig fr\u00e5n en dag till en annan. Det som \u00e4r viktigt \u00e4r att du upplever det meditativa tillst\u00e5ndet. Som en bra startrutin skulle vi rekommendera minst 10-15 minuter f\u00f6r att l\u00e5ta Kundalini st\u00e4rka ditt subtila system och f\u00f6r att l\u00e5ta det meditativa tillst\u00e5ndet etablera sig.<\/p>\n<p>Du kan anv\u00e4nda <a href=\"https:\/\/shrimataji.org\/test\/wp-content\/uploads\/2025\/11\/sahaja-yoga-meditation-och-balanseringsguide.pdf\">guiden Meditation &amp; Balansering<\/a> f\u00f6r att komma in i rutinen f\u00f6r daglig meditation.<\/p>\n<p>Att f\u00e5 din sj\u00e4lvupplysning \u00e4r f\u00f6rsta steget p\u00e5 en andlig resa och varje meditation \u00e4r ett steg p\u00e5 v\u00e4gen &#8211; vi \u00f6nskar dig lycka till n\u00e4r du ger dig ut p\u00e5 din v\u00e4g f\u00f6r att finna dig sj\u00e4lv.<\/p>\n\n","protected":false},"excerpt":{"rendered":"<p>Hur man mediterar Uppr\u00e4tta en daglig rutin N\u00e4r du v\u00e4l har f\u00e5tt din sj\u00e4lvupplysning genom uppvaknandet av din Kundalini beh\u00f6ver du v\u00e5rda denna upplevelse f\u00f6r att h\u00e5lla den uppe och f\u00f6rdjupa den, precis som du skulle v\u00e5rda ett spirande fr\u00f6 med hj\u00e4lp av sol och vatten. Det enskilt viktigaste s\u00e4ttet att g\u00f6ra detta \u00e4r att&hellip; <br \/> <a class=\"read-more\" href=\"https:\/\/shrimataji.org\/test\/sv\/hur-man-mediterar\/\">Read more<\/a><\/p>\n","protected":false},"author":58,"featured_media":23005,"parent":0,"menu_order":0,"comment_status":"closed","ping_status":"closed","template":"","meta":{"inline_featured_image":false,"footnotes":""},"class_list":["post-23004","page","type-page","status-publish","has-post-thumbnail","hentry"],"yoast_head":"<!-- This site is optimized with the Yoast SEO plugin v27.4 - https:\/\/yoast.com\/product\/yoast-seo-wordpress\/ -->\n<title>Hur man mediterar - TEST - SMND<\/title>\n<meta name=\"robots\" content=\"noindex, follow, max-snippet:-1, max-image-preview:large, max-video-preview:-1\" \/>\n<meta property=\"og:locale\" content=\"en_US\" \/>\n<meta property=\"og:type\" content=\"article\" \/>\n<meta property=\"og:title\" content=\"Hur man mediterar - TEST - SMND\" \/>\n<meta property=\"og:description\" content=\"Hur man mediterar Uppr\u00e4tta en daglig rutin N\u00e4r du v\u00e4l har f\u00e5tt din sj\u00e4lvupplysning genom uppvaknandet av din Kundalini beh\u00f6ver du v\u00e5rda denna upplevelse f\u00f6r att h\u00e5lla den uppe och f\u00f6rdjupa den, precis som du skulle v\u00e5rda ett spirande fr\u00f6 med hj\u00e4lp av sol och vatten. Det enskilt viktigaste s\u00e4ttet att g\u00f6ra detta \u00e4r att&hellip; Read more\" \/>\n<meta property=\"og:url\" content=\"https:\/\/shrimataji.org\/test\/sv\/hur-man-mediterar\/\" \/>\n<meta property=\"og:site_name\" content=\"TEST - SMND\" \/>\n<meta property=\"article:publisher\" content=\"https:\/\/www.facebook.com\/shrimataji\" \/>\n<meta property=\"article:modified_time\" content=\"2026-01-06T14:03:01+00:00\" \/>\n<meta property=\"og:image\" content=\"https:\/\/shrimataji.org\/test\/wp-content\/uploads\/2023\/03\/5_Banner-SY-HowtoMeditate-scaled.jpg\" \/>\n\t<meta property=\"og:image:width\" content=\"2560\" \/>\n\t<meta property=\"og:image:height\" content=\"905\" \/>\n\t<meta property=\"og:image:type\" content=\"image\/jpeg\" \/>\n<meta name=\"twitter:card\" content=\"summary_large_image\" \/>\n<meta name=\"twitter:site\" content=\"@shrimataji\" \/>\n<script type=\"application\/ld+json\" class=\"yoast-schema-graph\">{\"@context\":\"https:\\\/\\\/schema.org\",\"@graph\":[{\"@type\":\"WebPage\",\"@id\":\"https:\\\/\\\/shrimataji.org\\\/test\\\/sv\\\/hur-man-mediterar\\\/\",\"url\":\"https:\\\/\\\/shrimataji.org\\\/test\\\/sv\\\/hur-man-mediterar\\\/\",\"name\":\"Hur man mediterar - TEST - SMND\",\"isPartOf\":{\"@id\":\"https:\\\/\\\/shrimataji.org\\\/test\\\/#website\"},\"primaryImageOfPage\":{\"@id\":\"https:\\\/\\\/shrimataji.org\\\/test\\\/sv\\\/hur-man-mediterar\\\/#primaryimage\"},\"image\":{\"@id\":\"https:\\\/\\\/shrimataji.org\\\/test\\\/sv\\\/hur-man-mediterar\\\/#primaryimage\"},\"thumbnailUrl\":\"https:\\\/\\\/shrimataji.org\\\/test\\\/wp-content\\\/uploads\\\/2023\\\/03\\\/5_Banner-SY-HowtoMeditate-scaled.jpg\",\"datePublished\":\"2022-01-23T03:18:48+00:00\",\"dateModified\":\"2026-01-06T14:03:01+00:00\",\"breadcrumb\":{\"@id\":\"https:\\\/\\\/shrimataji.org\\\/test\\\/sv\\\/hur-man-mediterar\\\/#breadcrumb\"},\"inLanguage\":\"en-US\",\"potentialAction\":[{\"@type\":\"ReadAction\",\"target\":[\"https:\\\/\\\/shrimataji.org\\\/test\\\/sv\\\/hur-man-mediterar\\\/\"]}]},{\"@type\":\"ImageObject\",\"inLanguage\":\"en-US\",\"@id\":\"https:\\\/\\\/shrimataji.org\\\/test\\\/sv\\\/hur-man-mediterar\\\/#primaryimage\",\"url\":\"https:\\\/\\\/shrimataji.org\\\/test\\\/wp-content\\\/uploads\\\/2023\\\/03\\\/5_Banner-SY-HowtoMeditate-scaled.jpg\",\"contentUrl\":\"https:\\\/\\\/shrimataji.org\\\/test\\\/wp-content\\\/uploads\\\/2023\\\/03\\\/5_Banner-SY-HowtoMeditate-scaled.jpg\",\"width\":2560,\"height\":905},{\"@type\":\"BreadcrumbList\",\"@id\":\"https:\\\/\\\/shrimataji.org\\\/test\\\/sv\\\/hur-man-mediterar\\\/#breadcrumb\",\"itemListElement\":[{\"@type\":\"ListItem\",\"position\":1,\"name\":\"Home\",\"item\":\"https:\\\/\\\/shrimataji.org\\\/test\\\/uk\\\/home-en\\\/\"},{\"@type\":\"ListItem\",\"position\":2,\"name\":\"Hur man mediterar\"}]},{\"@type\":\"WebSite\",\"@id\":\"https:\\\/\\\/shrimataji.org\\\/test\\\/#website\",\"url\":\"https:\\\/\\\/shrimataji.org\\\/test\\\/\",\"name\":\"Shri Mataji Nirmala Devi\",\"description\":\"A Life Dedicated to Humanity\",\"publisher\":{\"@id\":\"https:\\\/\\\/shrimataji.org\\\/test\\\/#\\\/schema\\\/person\\\/a1b3419c6585f164aa96da1ff85715d1\"},\"potentialAction\":[{\"@type\":\"SearchAction\",\"target\":{\"@type\":\"EntryPoint\",\"urlTemplate\":\"https:\\\/\\\/shrimataji.org\\\/test\\\/?s={search_term_string}\"},\"query-input\":{\"@type\":\"PropertyValueSpecification\",\"valueRequired\":true,\"valueName\":\"search_term_string\"}}],\"inLanguage\":\"en-US\"},{\"@type\":[\"Person\",\"Organization\"],\"@id\":\"https:\\\/\\\/shrimataji.org\\\/test\\\/#\\\/schema\\\/person\\\/a1b3419c6585f164aa96da1ff85715d1\",\"name\":\"Nirmala Shrivastava\",\"image\":{\"@type\":\"ImageObject\",\"inLanguage\":\"en-US\",\"@id\":\"https:\\\/\\\/shrimataji.org\\\/test\\\/wp-content\\\/uploads\\\/2023\\\/02\\\/SMO_LOGO-03.svg\",\"url\":\"https:\\\/\\\/shrimataji.org\\\/test\\\/wp-content\\\/uploads\\\/2023\\\/02\\\/SMO_LOGO-03.svg\",\"contentUrl\":\"https:\\\/\\\/shrimataji.org\\\/test\\\/wp-content\\\/uploads\\\/2023\\\/02\\\/SMO_LOGO-03.svg\",\"width\":\"1024\",\"height\":\"1024\",\"caption\":\"Nirmala Shrivastava\"},\"logo\":{\"@id\":\"https:\\\/\\\/shrimataji.org\\\/test\\\/wp-content\\\/uploads\\\/2023\\\/02\\\/SMO_LOGO-03.svg\"},\"sameAs\":[\"https:\\\/\\\/shrimataji.org\\\/test\",\"https:\\\/\\\/www.facebook.com\\\/shrimataji\",\"https:\\\/\\\/x.com\\\/shrimataji\",\"https:\\\/\\\/www.youtube.com\\\/@Shri_Mataji_Nirmala_Devi\\\/featured\"]}]}<\/script>\n<!-- \/ Yoast SEO plugin. -->","yoast_head_json":{"title":"Hur man mediterar - TEST - SMND","robots":{"index":"noindex","follow":"follow","max-snippet":"max-snippet:-1","max-image-preview":"max-image-preview:large","max-video-preview":"max-video-preview:-1"},"og_locale":"en_US","og_type":"article","og_title":"Hur man mediterar - TEST - SMND","og_description":"Hur man mediterar Uppr\u00e4tta en daglig rutin N\u00e4r du v\u00e4l har f\u00e5tt din sj\u00e4lvupplysning genom uppvaknandet av din Kundalini beh\u00f6ver du v\u00e5rda denna upplevelse f\u00f6r att h\u00e5lla den uppe och f\u00f6rdjupa den, precis som du skulle v\u00e5rda ett spirande fr\u00f6 med hj\u00e4lp av sol och vatten. Det enskilt viktigaste s\u00e4ttet att g\u00f6ra detta \u00e4r att&hellip; Read more","og_url":"https:\/\/shrimataji.org\/test\/sv\/hur-man-mediterar\/","og_site_name":"TEST - SMND","article_publisher":"https:\/\/www.facebook.com\/shrimataji","article_modified_time":"2026-01-06T14:03:01+00:00","og_image":[{"width":2560,"height":905,"url":"https:\/\/shrimataji.org\/test\/wp-content\/uploads\/2023\/03\/5_Banner-SY-HowtoMeditate-scaled.jpg","type":"image\/jpeg"}],"twitter_card":"summary_large_image","twitter_site":"@shrimataji","schema":{"@context":"https:\/\/schema.org","@graph":[{"@type":"WebPage","@id":"https:\/\/shrimataji.org\/test\/sv\/hur-man-mediterar\/","url":"https:\/\/shrimataji.org\/test\/sv\/hur-man-mediterar\/","name":"Hur man mediterar - TEST - SMND","isPartOf":{"@id":"https:\/\/shrimataji.org\/test\/#website"},"primaryImageOfPage":{"@id":"https:\/\/shrimataji.org\/test\/sv\/hur-man-mediterar\/#primaryimage"},"image":{"@id":"https:\/\/shrimataji.org\/test\/sv\/hur-man-mediterar\/#primaryimage"},"thumbnailUrl":"https:\/\/shrimataji.org\/test\/wp-content\/uploads\/2023\/03\/5_Banner-SY-HowtoMeditate-scaled.jpg","datePublished":"2022-01-23T03:18:48+00:00","dateModified":"2026-01-06T14:03:01+00:00","breadcrumb":{"@id":"https:\/\/shrimataji.org\/test\/sv\/hur-man-mediterar\/#breadcrumb"},"inLanguage":"en-US","potentialAction":[{"@type":"ReadAction","target":["https:\/\/shrimataji.org\/test\/sv\/hur-man-mediterar\/"]}]},{"@type":"ImageObject","inLanguage":"en-US","@id":"https:\/\/shrimataji.org\/test\/sv\/hur-man-mediterar\/#primaryimage","url":"https:\/\/shrimataji.org\/test\/wp-content\/uploads\/2023\/03\/5_Banner-SY-HowtoMeditate-scaled.jpg","contentUrl":"https:\/\/shrimataji.org\/test\/wp-content\/uploads\/2023\/03\/5_Banner-SY-HowtoMeditate-scaled.jpg","width":2560,"height":905},{"@type":"BreadcrumbList","@id":"https:\/\/shrimataji.org\/test\/sv\/hur-man-mediterar\/#breadcrumb","itemListElement":[{"@type":"ListItem","position":1,"name":"Home","item":"https:\/\/shrimataji.org\/test\/uk\/home-en\/"},{"@type":"ListItem","position":2,"name":"Hur man mediterar"}]},{"@type":"WebSite","@id":"https:\/\/shrimataji.org\/test\/#website","url":"https:\/\/shrimataji.org\/test\/","name":"Shri Mataji Nirmala Devi","description":"A Life Dedicated to Humanity","publisher":{"@id":"https:\/\/shrimataji.org\/test\/#\/schema\/person\/a1b3419c6585f164aa96da1ff85715d1"},"potentialAction":[{"@type":"SearchAction","target":{"@type":"EntryPoint","urlTemplate":"https:\/\/shrimataji.org\/test\/?s={search_term_string}"},"query-input":{"@type":"PropertyValueSpecification","valueRequired":true,"valueName":"search_term_string"}}],"inLanguage":"en-US"},{"@type":["Person","Organization"],"@id":"https:\/\/shrimataji.org\/test\/#\/schema\/person\/a1b3419c6585f164aa96da1ff85715d1","name":"Nirmala Shrivastava","image":{"@type":"ImageObject","inLanguage":"en-US","@id":"https:\/\/shrimataji.org\/test\/wp-content\/uploads\/2023\/02\/SMO_LOGO-03.svg","url":"https:\/\/shrimataji.org\/test\/wp-content\/uploads\/2023\/02\/SMO_LOGO-03.svg","contentUrl":"https:\/\/shrimataji.org\/test\/wp-content\/uploads\/2023\/02\/SMO_LOGO-03.svg","width":"1024","height":"1024","caption":"Nirmala Shrivastava"},"logo":{"@id":"https:\/\/shrimataji.org\/test\/wp-content\/uploads\/2023\/02\/SMO_LOGO-03.svg"},"sameAs":["https:\/\/shrimataji.org\/test","https:\/\/www.facebook.com\/shrimataji","https:\/\/x.com\/shrimataji","https:\/\/www.youtube.com\/@Shri_Mataji_Nirmala_Devi\/featured"]}]}},"lang":"sv","translations":{"sv":23004,"ur":37441,"en":7045,"am":18015,"th":19965,"hu":19492,"sq":18416,"zh":17313,"hi":8283,"tr":10169,"pt":10381,"de":10655,"fr":10753,"it":10851,"es":10948,"ja":11245,"ru":11433,"bn":11625,"te":11733,"sw":11856,"he":12004,"el":12295,"sk":12393,"fa":12491,"fi":12589,"bg":13409,"ro":14483,"cs":14676,"nl":16576,"ku":16736,"ar":16912,"be":18623,"kn":18897,"mr":20329,"uk":20621,"ml":20918,"ta":22731,"gu":28848,"pa":29008,"fil":29450,"da":37755,"pl":37968,"nn":38307},"pll_sync_post":[],"_links":{"self":[{"href":"https:\/\/shrimataji.org\/test\/wp-json\/wp\/v2\/pages\/23004","targetHints":{"allow":["GET"]}}],"collection":[{"href":"https:\/\/shrimataji.org\/test\/wp-json\/wp\/v2\/pages"}],"about":[{"href":"https:\/\/shrimataji.org\/test\/wp-json\/wp\/v2\/types\/page"}],"author":[{"embeddable":true,"href":"https:\/\/shrimataji.org\/test\/wp-json\/wp\/v2\/users\/58"}],"replies":[{"embeddable":true,"href":"https:\/\/shrimataji.org\/test\/wp-json\/wp\/v2\/comments?post=23004"}],"version-history":[{"count":0,"href":"https:\/\/shrimataji.org\/test\/wp-json\/wp\/v2\/pages\/23004\/revisions"}],"wp:featuredmedia":[{"embeddable":true,"href":"https:\/\/shrimataji.org\/test\/wp-json\/wp\/v2\/media\/23005"}],"wp:attachment":[{"href":"https:\/\/shrimataji.org\/test\/wp-json\/wp\/v2\/media?parent=23004"}],"curies":[{"name":"wp","href":"https:\/\/api.w.org\/{rel}","templated":true}]}}