{"id":23006,"date":"2022-01-29T10:31:30","date_gmt":"2022-01-29T10:31:30","guid":{"rendered":"https:\/\/test.shrimataji.org\/?page_id=6410"},"modified":"2026-01-08T19:45:55","modified_gmt":"2026-01-08T19:45:55","slug":"ida-nadi-sv","status":"publish","type":"page","link":"https:\/\/shrimataji.org\/test\/sv\/ida-nadi-sv\/","title":{"rendered":"Ida Nadi SV"},"content":{"rendered":"\n\n\t<h1>Ida Nadi<\/h1>\n<h2>\u00d6nskningar &amp; K\u00e4nslor<\/h2>\n\t<h4>V\u00e5r v\u00e4nstra energikanal (kallad Ida Nadi p\u00e5 sanskrit), \u00e4ven k\u00e4nd som m\u00e5nkanalen, kommer ut ur det f\u00f6rsta centret, Mooladhara Chakra, och f\u00e4rdas upp p\u00e5 den v\u00e4nstra sidan av v\u00e5r kropp, och kulminerar i den h\u00f6gra sidan av v\u00e5r hj\u00e4rna, som en ballong.<\/h4>\n<p>Shri Mataji beskriver denna ballong som superego som fungerar som ett f\u00f6rr\u00e5d f\u00f6r alla v\u00e5ra minnen, vanor och f\u00f6ruts\u00e4ttningar. Det styr ocks\u00e5 v\u00e5rt moraliska beteende som vi f\u00f6rv\u00e4rvar genom v\u00e5ra kulturella traditioner, f\u00f6r\u00e4ldrars uppfostran och kamrat-p\u00e5verkan.<\/p>\n<p>Innan sj\u00e4lvupplysningen utl\u00f6ser v\u00e5rt superego h\u00e4mningar som en kamp mot v\u00e5ra egoistiska, njutningss\u00f6kande drifter.<\/p>\n\t\t\t\t<a href=\"https:\/\/shrimataji.org\/test\/wp-content\/uploads\/2023\/02\/2_Ida-Nadi-01.png\" target=\"_blank\" rel=\"noopener\"  itemprop=\"url\">\n\t\t\t\t<img loading=\"lazy\" decoding=\"async\" src=\"https:\/\/shrimataji.org\/test\/wp-content\/uploads\/2023\/02\/2_Ida-Nadi-01.png\" alt=\"2_Ida Nadi-01\" itemprop=\"image\" height=\"3409\" width=\"3214\" title=\"2_Ida Nadi-01\" onerror=\"this.style.display='none'\"  \/>\n\t\t\t\t<\/a>\n\t<iframe loading=\"lazy\" title=\"Ida Nadi\" width=\"1920\" height=\"1080\" src=\"https:\/\/www.youtube.com\/embed\/8xQf2bxSHIk?feature=oembed\" frameborder=\"0\" allow=\"accelerometer; autoplay; clipboard-write; encrypted-media; gyroscope; picture-in-picture; web-share\" allowfullscreen><\/iframe>\n\t<p>Gl\u00e4dje \u00e4r en v\u00e4ldigt viktig egenskap som f\u00f6rknippas med den v\u00e4nstra energikanalen. Men denna gl\u00e4dje \u00e4r inte i betydelsen att vara glad eller upphetsad \u00f6ver n\u00e5got; detta tenderar att vara \u00f6verg\u00e5ende till sin natur och har baksidan av att vara olycklig eller besviken n\u00e4r saker och ting inte fungerar som de f\u00f6rv\u00e4ntades. Det h\u00e4r \u00e4r snarare en renare form av gl\u00e4dje. Shri Mataji beskriver egenskapen ren gl\u00e4dje hos v\u00e5r Ande som n\u00e5got som uttrycker sig som en naturlig spontan k\u00e4nsla som inte \u00e4r relaterad till v\u00e5ra uppfattningar eller f\u00f6rv\u00e4ntningar. Det \u00e4r av evig natur och ingenting kan l\u00e4gga till eller ta bort denna rena k\u00e4nsla av gl\u00e4dje. Denna rena gl\u00e4dje av v\u00e5r Ande kommer spontant till v\u00e5r medvetenhet efter sj\u00e4lvupplysningen och kan l\u00e4tt uppr\u00e4tth\u00e5llas genom regelbunden meditation.<\/p>\n<p>Shri Mataji identifierade ett antal problem som kan dyka upp i v\u00e5rt liv n\u00e4r v\u00e5r v\u00e4nstra energikanal blockeras. En s\u00e5dan person kan uppleva k\u00e4nslom\u00e4ssiga extremer. Detta inkluderar st\u00e4mningar som snabbt skiftar fr\u00e5n upprymdhet till depression och tillbaka igen. Man kan ocks\u00e5 uppleva sl\u00f6het och extrem passivitet, ofta f\u00f6rknippad med &#8220;soffpotatis&#8221;-syndromet.<\/p>\n<p>Sammanfattningsvis p\u00e5verkar den v\u00e4nstra energikanalen v\u00e5ra k\u00e4nslor och \u00f6nskningar. Det \u00e4r ocks\u00e5 kopplat till v\u00e5ra minnen och tidigare erfarenheter. S\u00e5 l\u00e4nge v\u00e5ra k\u00e4nslor h\u00e5ller sig p\u00e5 normala niv\u00e5er upplever vi ett h\u00e4lsosamt och balanserat liv. Men n\u00e4r vi upplever extrema k\u00e4nslor som depression, dysterhet och grubblande m\u00e5ste vi vidta \u00e5tg\u00e4rder, och h\u00e4r har Sahaja Yoga-meditation visat goda resultat, varav m\u00e5nga har unders\u00f6kts framg\u00e5ngsrikt i kliniska studier.<\/p>\n<p>Shri Mataji har rekommenderat mycket enkla tekniker som \u00e4r l\u00e4tta och s\u00e4kra och som kan hj\u00e4lpa oss att f\u00e5 v\u00e5r v\u00e4nstra sida i balans och ta bort v\u00e5ra k\u00e4nslom\u00e4ssiga och mentala problem. Genom regelbunden meditation, introspektion av tillst\u00e5ndet i v\u00e5r vibratoriska medvetenhet och anv\u00e4ndning av de tekniker som Shri Mataji visat oss f\u00f6r att rensa v\u00e5r v\u00e4nstra sida, kan vi utl\u00f6sa nya k\u00e4nslor av gl\u00e4dje och en levande, positiv attityd mot livet.<\/p>\n\n","protected":false},"excerpt":{"rendered":"<p>Ida Nadi \u00d6nskningar &amp; K\u00e4nslor V\u00e5r v\u00e4nstra energikanal (kallad Ida Nadi p\u00e5 sanskrit), \u00e4ven k\u00e4nd som m\u00e5nkanalen, kommer ut ur det f\u00f6rsta centret, Mooladhara Chakra, och f\u00e4rdas upp p\u00e5 den v\u00e4nstra sidan av v\u00e5r kropp, och kulminerar i den h\u00f6gra sidan av v\u00e5r hj\u00e4rna, som en ballong. Shri Mataji beskriver denna ballong som superego som&hellip; <br \/> <a class=\"read-more\" href=\"https:\/\/shrimataji.org\/test\/sv\/ida-nadi-sv\/\">Read more<\/a><\/p>\n","protected":false},"author":1,"featured_media":23007,"parent":0,"menu_order":0,"comment_status":"closed","ping_status":"closed","template":"","meta":{"inline_featured_image":false,"footnotes":""},"class_list":["post-23006","page","type-page","status-publish","has-post-thumbnail","hentry"],"yoast_head":"<!-- This site is optimized with the Yoast SEO plugin v27.4 - https:\/\/yoast.com\/product\/yoast-seo-wordpress\/ -->\n<title>Ida Nadi SV - TEST - SMND<\/title>\n<meta name=\"robots\" content=\"noindex, follow, max-snippet:-1, max-image-preview:large, max-video-preview:-1\" \/>\n<meta property=\"og:locale\" content=\"en_US\" \/>\n<meta property=\"og:type\" content=\"article\" \/>\n<meta property=\"og:title\" content=\"Ida Nadi SV - TEST - SMND\" \/>\n<meta property=\"og:description\" content=\"Ida Nadi \u00d6nskningar &amp; K\u00e4nslor V\u00e5r v\u00e4nstra energikanal (kallad Ida Nadi p\u00e5 sanskrit), \u00e4ven k\u00e4nd som m\u00e5nkanalen, kommer ut ur det f\u00f6rsta centret, Mooladhara Chakra, och f\u00e4rdas upp p\u00e5 den v\u00e4nstra sidan av v\u00e5r kropp, och kulminerar i den h\u00f6gra sidan av v\u00e5r hj\u00e4rna, som en ballong. Shri Mataji beskriver denna ballong som superego som&hellip; Read more\" \/>\n<meta property=\"og:url\" content=\"https:\/\/shrimataji.org\/test\/sv\/ida-nadi-sv\/\" \/>\n<meta property=\"og:site_name\" content=\"TEST - SMND\" \/>\n<meta property=\"article:publisher\" content=\"https:\/\/www.facebook.com\/shrimataji\" \/>\n<meta property=\"article:modified_time\" content=\"2026-01-08T19:45:55+00:00\" \/>\n<meta property=\"og:image\" content=\"https:\/\/shrimataji.org\/test\/wp-content\/uploads\/2023\/03\/12_Banner-SY-Ida-scaled.jpg\" \/>\n\t<meta property=\"og:image:width\" content=\"2560\" \/>\n\t<meta property=\"og:image:height\" content=\"905\" \/>\n\t<meta property=\"og:image:type\" content=\"image\/jpeg\" \/>\n<meta name=\"twitter:card\" content=\"summary_large_image\" \/>\n<meta name=\"twitter:site\" content=\"@shrimataji\" \/>\n<script type=\"application\/ld+json\" class=\"yoast-schema-graph\">{\"@context\":\"https:\\\/\\\/schema.org\",\"@graph\":[{\"@type\":\"WebPage\",\"@id\":\"https:\\\/\\\/shrimataji.org\\\/test\\\/sv\\\/ida-nadi-sv\\\/\",\"url\":\"https:\\\/\\\/shrimataji.org\\\/test\\\/sv\\\/ida-nadi-sv\\\/\",\"name\":\"Ida Nadi SV - TEST - SMND\",\"isPartOf\":{\"@id\":\"https:\\\/\\\/shrimataji.org\\\/test\\\/#website\"},\"primaryImageOfPage\":{\"@id\":\"https:\\\/\\\/shrimataji.org\\\/test\\\/sv\\\/ida-nadi-sv\\\/#primaryimage\"},\"image\":{\"@id\":\"https:\\\/\\\/shrimataji.org\\\/test\\\/sv\\\/ida-nadi-sv\\\/#primaryimage\"},\"thumbnailUrl\":\"https:\\\/\\\/shrimataji.org\\\/test\\\/wp-content\\\/uploads\\\/2023\\\/03\\\/12_Banner-SY-Ida-scaled.jpg\",\"datePublished\":\"2022-01-29T10:31:30+00:00\",\"dateModified\":\"2026-01-08T19:45:55+00:00\",\"breadcrumb\":{\"@id\":\"https:\\\/\\\/shrimataji.org\\\/test\\\/sv\\\/ida-nadi-sv\\\/#breadcrumb\"},\"inLanguage\":\"en-US\",\"potentialAction\":[{\"@type\":\"ReadAction\",\"target\":[\"https:\\\/\\\/shrimataji.org\\\/test\\\/sv\\\/ida-nadi-sv\\\/\"]}]},{\"@type\":\"ImageObject\",\"inLanguage\":\"en-US\",\"@id\":\"https:\\\/\\\/shrimataji.org\\\/test\\\/sv\\\/ida-nadi-sv\\\/#primaryimage\",\"url\":\"https:\\\/\\\/shrimataji.org\\\/test\\\/wp-content\\\/uploads\\\/2023\\\/03\\\/12_Banner-SY-Ida-scaled.jpg\",\"contentUrl\":\"https:\\\/\\\/shrimataji.org\\\/test\\\/wp-content\\\/uploads\\\/2023\\\/03\\\/12_Banner-SY-Ida-scaled.jpg\",\"width\":2560,\"height\":905},{\"@type\":\"BreadcrumbList\",\"@id\":\"https:\\\/\\\/shrimataji.org\\\/test\\\/sv\\\/ida-nadi-sv\\\/#breadcrumb\",\"itemListElement\":[{\"@type\":\"ListItem\",\"position\":1,\"name\":\"Home\",\"item\":\"https:\\\/\\\/shrimataji.org\\\/test\\\/uk\\\/home-en\\\/\"},{\"@type\":\"ListItem\",\"position\":2,\"name\":\"Ida Nadi SV\"}]},{\"@type\":\"WebSite\",\"@id\":\"https:\\\/\\\/shrimataji.org\\\/test\\\/#website\",\"url\":\"https:\\\/\\\/shrimataji.org\\\/test\\\/\",\"name\":\"Shri Mataji Nirmala Devi\",\"description\":\"A Life Dedicated to Humanity\",\"publisher\":{\"@id\":\"https:\\\/\\\/shrimataji.org\\\/test\\\/#\\\/schema\\\/person\\\/a1b3419c6585f164aa96da1ff85715d1\"},\"potentialAction\":[{\"@type\":\"SearchAction\",\"target\":{\"@type\":\"EntryPoint\",\"urlTemplate\":\"https:\\\/\\\/shrimataji.org\\\/test\\\/?s={search_term_string}\"},\"query-input\":{\"@type\":\"PropertyValueSpecification\",\"valueRequired\":true,\"valueName\":\"search_term_string\"}}],\"inLanguage\":\"en-US\"},{\"@type\":[\"Person\",\"Organization\"],\"@id\":\"https:\\\/\\\/shrimataji.org\\\/test\\\/#\\\/schema\\\/person\\\/a1b3419c6585f164aa96da1ff85715d1\",\"name\":\"Nirmala Shrivastava\",\"image\":{\"@type\":\"ImageObject\",\"inLanguage\":\"en-US\",\"@id\":\"https:\\\/\\\/shrimataji.org\\\/test\\\/wp-content\\\/uploads\\\/2023\\\/02\\\/SMO_LOGO-03.svg\",\"url\":\"https:\\\/\\\/shrimataji.org\\\/test\\\/wp-content\\\/uploads\\\/2023\\\/02\\\/SMO_LOGO-03.svg\",\"contentUrl\":\"https:\\\/\\\/shrimataji.org\\\/test\\\/wp-content\\\/uploads\\\/2023\\\/02\\\/SMO_LOGO-03.svg\",\"width\":\"1024\",\"height\":\"1024\",\"caption\":\"Nirmala Shrivastava\"},\"logo\":{\"@id\":\"https:\\\/\\\/shrimataji.org\\\/test\\\/wp-content\\\/uploads\\\/2023\\\/02\\\/SMO_LOGO-03.svg\"},\"sameAs\":[\"https:\\\/\\\/shrimataji.org\\\/test\",\"https:\\\/\\\/www.facebook.com\\\/shrimataji\",\"https:\\\/\\\/x.com\\\/shrimataji\",\"https:\\\/\\\/www.youtube.com\\\/@Shri_Mataji_Nirmala_Devi\\\/featured\"]}]}<\/script>\n<!-- \/ Yoast SEO plugin. -->","yoast_head_json":{"title":"Ida Nadi SV - TEST - SMND","robots":{"index":"noindex","follow":"follow","max-snippet":"max-snippet:-1","max-image-preview":"max-image-preview:large","max-video-preview":"max-video-preview:-1"},"og_locale":"en_US","og_type":"article","og_title":"Ida Nadi SV - TEST - SMND","og_description":"Ida Nadi \u00d6nskningar &amp; K\u00e4nslor V\u00e5r v\u00e4nstra energikanal (kallad Ida Nadi p\u00e5 sanskrit), \u00e4ven k\u00e4nd som m\u00e5nkanalen, kommer ut ur det f\u00f6rsta centret, Mooladhara Chakra, och f\u00e4rdas upp p\u00e5 den v\u00e4nstra sidan av v\u00e5r kropp, och kulminerar i den h\u00f6gra sidan av v\u00e5r hj\u00e4rna, som en ballong. Shri Mataji beskriver denna ballong som superego som&hellip; Read more","og_url":"https:\/\/shrimataji.org\/test\/sv\/ida-nadi-sv\/","og_site_name":"TEST - SMND","article_publisher":"https:\/\/www.facebook.com\/shrimataji","article_modified_time":"2026-01-08T19:45:55+00:00","og_image":[{"width":2560,"height":905,"url":"https:\/\/shrimataji.org\/test\/wp-content\/uploads\/2023\/03\/12_Banner-SY-Ida-scaled.jpg","type":"image\/jpeg"}],"twitter_card":"summary_large_image","twitter_site":"@shrimataji","schema":{"@context":"https:\/\/schema.org","@graph":[{"@type":"WebPage","@id":"https:\/\/shrimataji.org\/test\/sv\/ida-nadi-sv\/","url":"https:\/\/shrimataji.org\/test\/sv\/ida-nadi-sv\/","name":"Ida Nadi SV - TEST - SMND","isPartOf":{"@id":"https:\/\/shrimataji.org\/test\/#website"},"primaryImageOfPage":{"@id":"https:\/\/shrimataji.org\/test\/sv\/ida-nadi-sv\/#primaryimage"},"image":{"@id":"https:\/\/shrimataji.org\/test\/sv\/ida-nadi-sv\/#primaryimage"},"thumbnailUrl":"https:\/\/shrimataji.org\/test\/wp-content\/uploads\/2023\/03\/12_Banner-SY-Ida-scaled.jpg","datePublished":"2022-01-29T10:31:30+00:00","dateModified":"2026-01-08T19:45:55+00:00","breadcrumb":{"@id":"https:\/\/shrimataji.org\/test\/sv\/ida-nadi-sv\/#breadcrumb"},"inLanguage":"en-US","potentialAction":[{"@type":"ReadAction","target":["https:\/\/shrimataji.org\/test\/sv\/ida-nadi-sv\/"]}]},{"@type":"ImageObject","inLanguage":"en-US","@id":"https:\/\/shrimataji.org\/test\/sv\/ida-nadi-sv\/#primaryimage","url":"https:\/\/shrimataji.org\/test\/wp-content\/uploads\/2023\/03\/12_Banner-SY-Ida-scaled.jpg","contentUrl":"https:\/\/shrimataji.org\/test\/wp-content\/uploads\/2023\/03\/12_Banner-SY-Ida-scaled.jpg","width":2560,"height":905},{"@type":"BreadcrumbList","@id":"https:\/\/shrimataji.org\/test\/sv\/ida-nadi-sv\/#breadcrumb","itemListElement":[{"@type":"ListItem","position":1,"name":"Home","item":"https:\/\/shrimataji.org\/test\/uk\/home-en\/"},{"@type":"ListItem","position":2,"name":"Ida Nadi SV"}]},{"@type":"WebSite","@id":"https:\/\/shrimataji.org\/test\/#website","url":"https:\/\/shrimataji.org\/test\/","name":"Shri Mataji Nirmala Devi","description":"A Life Dedicated to Humanity","publisher":{"@id":"https:\/\/shrimataji.org\/test\/#\/schema\/person\/a1b3419c6585f164aa96da1ff85715d1"},"potentialAction":[{"@type":"SearchAction","target":{"@type":"EntryPoint","urlTemplate":"https:\/\/shrimataji.org\/test\/?s={search_term_string}"},"query-input":{"@type":"PropertyValueSpecification","valueRequired":true,"valueName":"search_term_string"}}],"inLanguage":"en-US"},{"@type":["Person","Organization"],"@id":"https:\/\/shrimataji.org\/test\/#\/schema\/person\/a1b3419c6585f164aa96da1ff85715d1","name":"Nirmala Shrivastava","image":{"@type":"ImageObject","inLanguage":"en-US","@id":"https:\/\/shrimataji.org\/test\/wp-content\/uploads\/2023\/02\/SMO_LOGO-03.svg","url":"https:\/\/shrimataji.org\/test\/wp-content\/uploads\/2023\/02\/SMO_LOGO-03.svg","contentUrl":"https:\/\/shrimataji.org\/test\/wp-content\/uploads\/2023\/02\/SMO_LOGO-03.svg","width":"1024","height":"1024","caption":"Nirmala Shrivastava"},"logo":{"@id":"https:\/\/shrimataji.org\/test\/wp-content\/uploads\/2023\/02\/SMO_LOGO-03.svg"},"sameAs":["https:\/\/shrimataji.org\/test","https:\/\/www.facebook.com\/shrimataji","https:\/\/x.com\/shrimataji","https:\/\/www.youtube.com\/@Shri_Mataji_Nirmala_Devi\/featured"]}]}},"lang":"sv","translations":{"sv":23006,"ur":37443,"en":6410,"am":18017,"th":19968,"hu":19494,"sq":18418,"zh":17315,"hi":8307,"tr":10170,"pt":10382,"de":10656,"fr":10754,"it":10852,"es":10949,"ja":11246,"ru":11434,"bn":11626,"te":11734,"sw":11857,"he":12005,"el":12296,"sk":12394,"fa":12492,"fi":12590,"bg":13384,"ro":14458,"cs":14651,"nl":16578,"ku":16738,"ar":16914,"be":18625,"kn":18899,"mr":20332,"uk":20624,"ml":20921,"ta":22733,"gu":28850,"pa":29010,"fil":29452,"da":37757,"pl":37970,"nn":38309},"pll_sync_post":[],"_links":{"self":[{"href":"https:\/\/shrimataji.org\/test\/wp-json\/wp\/v2\/pages\/23006","targetHints":{"allow":["GET"]}}],"collection":[{"href":"https:\/\/shrimataji.org\/test\/wp-json\/wp\/v2\/pages"}],"about":[{"href":"https:\/\/shrimataji.org\/test\/wp-json\/wp\/v2\/types\/page"}],"author":[{"embeddable":true,"href":"https:\/\/shrimataji.org\/test\/wp-json\/wp\/v2\/users\/1"}],"replies":[{"embeddable":true,"href":"https:\/\/shrimataji.org\/test\/wp-json\/wp\/v2\/comments?post=23006"}],"version-history":[{"count":0,"href":"https:\/\/shrimataji.org\/test\/wp-json\/wp\/v2\/pages\/23006\/revisions"}],"wp:featuredmedia":[{"embeddable":true,"href":"https:\/\/shrimataji.org\/test\/wp-json\/wp\/v2\/media\/23007"}],"wp:attachment":[{"href":"https:\/\/shrimataji.org\/test\/wp-json\/wp\/v2\/media?parent=23006"}],"curies":[{"name":"wp","href":"https:\/\/api.w.org\/{rel}","templated":true}]}}